{"id":48274,"date":"2025-12-12T19:26:53","date_gmt":"2025-12-12T18:26:53","guid":{"rendered":"https:\/\/test.ecbeaute.com\/?post_type=product&#038;p=48274"},"modified":"2025-12-12T19:26:55","modified_gmt":"2025-12-12T18:26:55","slug":"acm-duolys-pack-creme-solaire-anti-age-50-ml-soin-intensif-anti-taches-40-ml","status":"publish","type":"product","link":"https:\/\/paracherkaoui.ma\/index.php\/produit\/acm-duolys-pack-creme-solaire-anti-age-50-ml-soin-intensif-anti-taches-40-ml\/","title":{"rendered":"ACM DUOLYS PACK CREME SOLAIRE ANTI AGE 50 ML + SOIN INTENSIF ANTI TACHES 40 ML"},"content":{"rendered":"<p>Cr\u00e8me solaire anti-\u00e2ge<br \/>\nCe soin de jour fluide est sp\u00e9cialement con\u00e7u pour offrir une protection optimale contre les UVA et les UVB, tout en pr\u00e9venant le vieillissement cutan\u00e9. Destin\u00e9e aux peaux fragiles et sensibles au soleil, elle est particuli\u00e8rement adapt\u00e9e aux peaux claires, sujettes aux intol\u00e9rances solaires. Sa protection tr\u00e8s haute UVA\/UVB pr\u00e9vient efficacement les dommages cutan\u00e9s caus\u00e9s par le soleil, tout en hydratant et en nourrissant la peau gr\u00e2ce \u00e0 un complexe antioxydant unique. Sa texture fluide permet une application facile sur le visage, le cou et le d\u00e9collet\u00e9, offrant une sensation de confort et de fra\u00eecheur. R\u00e9sistante \u00e0 l\u2019eau, cette cr\u00e8me est id\u00e9ale pour les expositions prolong\u00e9es ou les conditions extr\u00eames d&rsquo;ensoleillement.<br \/>\nSoin intensif anti-taches<br \/>\nLe soin intensif anti-taches est formul\u00e9 pour att\u00e9nuer les taches brunes li\u00e9es aux troubles de la pigmentation et pr\u00e9venir leur r\u00e9apparition. Ce soin combine 4 actifs d\u00e9pigmentants performants et le complexe brevet\u00e9 Whitederm, qui favorise le processus naturel de d\u00e9gradation de la m\u00e9lanine, unifiant ainsi le teint. Il hydrate en profondeur la peau du visage, du cou et du d\u00e9collet\u00e9, tout en ciblant pr\u00e9cis\u00e9ment les taches pigmentaires pour un teint plus uniforme et \u00e9clatant.<br \/>\nConseils d&rsquo;utilisation<br \/>\nPour la cr\u00e8me solaire anti-\u00e2ge, appliquez g\u00e9n\u00e9reusement sur la peau 30 minutes avant l\u2019exposition solaire. Renouvelez l\u2019application toutes les 2 heures, surtout apr\u00e8s avoir transpir\u00e9, nag\u00e9 ou essuy\u00e9 la peau.<br \/>\nLe soin intensif anti-taches s\u2019applique une fois par jour sur les zones concern\u00e9es (visage, cou, d\u00e9collet\u00e9) pendant 2 \u00e0 6 mois. N\u2019utilisez que sur de petites surfaces pour un soin cibl\u00e9 et optimal.<\/p>\n","protected":false},"excerpt":{"rendered":"<p>Cr\u00e8me solaire anti-\u00e2ge Ce soin de jour fluide est sp\u00e9cialement con\u00e7u pour offrir une protection optimale contre les UVA et<\/p>\n","protected":false},"featured_media":48308,"comment_status":"open","ping_status":"closed","template":"","meta":[],"product_brand":[142],"product_cat":[858],"product_tag":[],"class_list":{"0":"post-48274","1":"product","2":"type-product","3":"status-publish","4":"has-post-thumbnail","6":"product_brand-acm","7":"product_cat-les-bons-deals","9":"first","10":"instock","11":"sale","12":"shipping-taxable","13":"purchasable","14":"product-type-simple"},"yoast_head":"<!-- This site is optimized with the Yoast SEO plugin v26.6 - https:\/\/yoast.com\/wordpress\/plugins\/seo\/ -->\r\n<title>ACM DUOLYS PACK CREME SOLAIRE ANTI AGE 50 ML + SOIN INTENSIF ANTI TACHES 40 ML - Paracherkaoui.ma<\/title>\r\n<meta name=\"robots\" content=\"index, follow, max-snippet:-1, max-image-preview:large, max-video-preview:-1\" \/>\r\n<link rel=\"canonical\" href=\"https:\/\/paracherkaoui.ma\/index.php\/produit\/acm-duolys-pack-creme-solaire-anti-age-50-ml-soin-intensif-anti-taches-40-ml\/\" \/>\r\n<meta property=\"og:locale\" content=\"fr_FR\" \/>\r\n<meta property=\"og:type\" content=\"article\" \/>\r\n<meta property=\"og:title\" content=\"ACM DUOLYS PACK CREME SOLAIRE ANTI AGE 50 ML + SOIN INTENSIF ANTI TACHES 40 ML - Paracherkaoui.ma\" \/>\r\n<meta property=\"og:description\" content=\"Cr\u00e8me solaire anti-\u00e2ge Ce soin de jour fluide est sp\u00e9cialement con\u00e7u pour offrir une protection optimale contre les UVA et\" \/>\r\n<meta property=\"og:url\" content=\"https:\/\/paracherkaoui.ma\/index.php\/produit\/acm-duolys-pack-creme-solaire-anti-age-50-ml-soin-intensif-anti-taches-40-ml\/\" \/>\r\n<meta property=\"og:site_name\" content=\"Paracherkaoui.ma\" \/>\r\n<meta property=\"article:modified_time\" content=\"2025-12-12T18:26:55+00:00\" \/>\r\n<meta property=\"og:image\" content=\"https:\/\/paracherkaoui.ma\/wp-content\/uploads\/2025\/12\/acm-acm-duolys-pack-creme-solaire-anti-age-50-ml-soin-intensif-anti-taches-40-ml-visage.jpg\" \/>\r\n\t<meta property=\"og:image:width\" content=\"700\" \/>\r\n\t<meta property=\"og:image:height\" content=\"700\" \/>\r\n\t<meta property=\"og:image:type\" content=\"image\/jpeg\" \/>\r\n<meta name=\"twitter:card\" content=\"summary_large_image\" \/>\r\n<meta name=\"twitter:label1\" content=\"Dur\u00e9e de lecture estim\u00e9e\" \/>\n\t<meta name=\"twitter:data1\" content=\"1 minute\" \/>\r\n<script type=\"application\/ld+json\" class=\"yoast-schema-graph\">{\"@context\":\"https:\/\/schema.org\",\"@graph\":[{\"@type\":\"WebPage\",\"@id\":\"https:\/\/paracherkaoui.ma\/index.php\/produit\/acm-duolys-pack-creme-solaire-anti-age-50-ml-soin-intensif-anti-taches-40-ml\/\",\"url\":\"https:\/\/paracherkaoui.ma\/index.php\/produit\/acm-duolys-pack-creme-solaire-anti-age-50-ml-soin-intensif-anti-taches-40-ml\/\",\"name\":\"ACM DUOLYS PACK CREME SOLAIRE ANTI AGE 50 ML + SOIN INTENSIF ANTI TACHES 40 ML - Paracherkaoui.ma\",\"isPartOf\":{\"@id\":\"https:\/\/paracherkaoui.ma\/#website\"},\"primaryImageOfPage\":{\"@id\":\"https:\/\/paracherkaoui.ma\/index.php\/produit\/acm-duolys-pack-creme-solaire-anti-age-50-ml-soin-intensif-anti-taches-40-ml\/#primaryimage\"},\"image\":{\"@id\":\"https:\/\/paracherkaoui.ma\/index.php\/produit\/acm-duolys-pack-creme-solaire-anti-age-50-ml-soin-intensif-anti-taches-40-ml\/#primaryimage\"},\"thumbnailUrl\":\"https:\/\/paracherkaoui.ma\/wp-content\/uploads\/2025\/12\/acm-acm-duolys-pack-creme-solaire-anti-age-50-ml-soin-intensif-anti-taches-40-ml-visage.jpg\",\"datePublished\":\"2025-12-12T18:26:53+00:00\",\"dateModified\":\"2025-12-12T18:26:55+00:00\",\"breadcrumb\":{\"@id\":\"https:\/\/paracherkaoui.ma\/index.php\/produit\/acm-duolys-pack-creme-solaire-anti-age-50-ml-soin-intensif-anti-taches-40-ml\/#breadcrumb\"},\"inLanguage\":\"fr-FR\",\"potentialAction\":[{\"@type\":\"ReadAction\",\"target\":[\"https:\/\/paracherkaoui.ma\/index.php\/produit\/acm-duolys-pack-creme-solaire-anti-age-50-ml-soin-intensif-anti-taches-40-ml\/\"]}]},{\"@type\":\"ImageObject\",\"inLanguage\":\"fr-FR\",\"@id\":\"https:\/\/paracherkaoui.ma\/index.php\/produit\/acm-duolys-pack-creme-solaire-anti-age-50-ml-soin-intensif-anti-taches-40-ml\/#primaryimage\",\"url\":\"https:\/\/paracherkaoui.ma\/wp-content\/uploads\/2025\/12\/acm-acm-duolys-pack-creme-solaire-anti-age-50-ml-soin-intensif-anti-taches-40-ml-visage.jpg\",\"contentUrl\":\"https:\/\/paracherkaoui.ma\/wp-content\/uploads\/2025\/12\/acm-acm-duolys-pack-creme-solaire-anti-age-50-ml-soin-intensif-anti-taches-40-ml-visage.jpg\",\"width\":700,\"height\":700},{\"@type\":\"BreadcrumbList\",\"@id\":\"https:\/\/paracherkaoui.ma\/index.php\/produit\/acm-duolys-pack-creme-solaire-anti-age-50-ml-soin-intensif-anti-taches-40-ml\/#breadcrumb\",\"itemListElement\":[{\"@type\":\"ListItem\",\"position\":1,\"name\":\"Accueil\",\"item\":\"https:\/\/paracherkaoui.ma\/\"},{\"@type\":\"ListItem\",\"position\":2,\"name\":\"Boutique\",\"item\":\"https:\/\/paracherkaoui.ma\/index.php\/boutique\/\"},{\"@type\":\"ListItem\",\"position\":3,\"name\":\"ACM DUOLYS PACK CREME SOLAIRE ANTI AGE 50 ML + SOIN INTENSIF ANTI TACHES 40 ML\"}]},{\"@type\":\"WebSite\",\"@id\":\"https:\/\/paracherkaoui.ma\/#website\",\"url\":\"https:\/\/paracherkaoui.ma\/\",\"name\":\"Paracherkaoui.ma\",\"description\":\"Achetez en ligne sur Paracherkaoui.ma\",\"potentialAction\":[{\"@type\":\"SearchAction\",\"target\":{\"@type\":\"EntryPoint\",\"urlTemplate\":\"https:\/\/paracherkaoui.ma\/?s={search_term_string}\"},\"query-input\":{\"@type\":\"PropertyValueSpecification\",\"valueRequired\":true,\"valueName\":\"search_term_string\"}}],\"inLanguage\":\"fr-FR\"}]}<\/script>\r\n<!-- \/ Yoast SEO plugin. -->","yoast_head_json":{"title":"ACM DUOLYS PACK CREME SOLAIRE ANTI AGE 50 ML + SOIN INTENSIF ANTI TACHES 40 ML - Paracherkaoui.ma","robots":{"index":"index","follow":"follow","max-snippet":"max-snippet:-1","max-image-preview":"max-image-preview:large","max-video-preview":"max-video-preview:-1"},"canonical":"https:\/\/paracherkaoui.ma\/index.php\/produit\/acm-duolys-pack-creme-solaire-anti-age-50-ml-soin-intensif-anti-taches-40-ml\/","og_locale":"fr_FR","og_type":"article","og_title":"ACM DUOLYS PACK CREME SOLAIRE ANTI AGE 50 ML + SOIN INTENSIF ANTI TACHES 40 ML - Paracherkaoui.ma","og_description":"Cr\u00e8me solaire anti-\u00e2ge Ce soin de jour fluide est sp\u00e9cialement con\u00e7u pour offrir une protection optimale contre les UVA et","og_url":"https:\/\/paracherkaoui.ma\/index.php\/produit\/acm-duolys-pack-creme-solaire-anti-age-50-ml-soin-intensif-anti-taches-40-ml\/","og_site_name":"Paracherkaoui.ma","article_modified_time":"2025-12-12T18:26:55+00:00","og_image":[{"width":700,"height":700,"url":"https:\/\/paracherkaoui.ma\/wp-content\/uploads\/2025\/12\/acm-acm-duolys-pack-creme-solaire-anti-age-50-ml-soin-intensif-anti-taches-40-ml-visage.jpg","type":"image\/jpeg"}],"twitter_card":"summary_large_image","twitter_misc":{"Dur\u00e9e de lecture estim\u00e9e":"1 minute"},"schema":{"@context":"https:\/\/schema.org","@graph":[{"@type":"WebPage","@id":"https:\/\/paracherkaoui.ma\/index.php\/produit\/acm-duolys-pack-creme-solaire-anti-age-50-ml-soin-intensif-anti-taches-40-ml\/","url":"https:\/\/paracherkaoui.ma\/index.php\/produit\/acm-duolys-pack-creme-solaire-anti-age-50-ml-soin-intensif-anti-taches-40-ml\/","name":"ACM DUOLYS PACK CREME SOLAIRE ANTI AGE 50 ML + SOIN INTENSIF ANTI TACHES 40 ML - Paracherkaoui.ma","isPartOf":{"@id":"https:\/\/paracherkaoui.ma\/#website"},"primaryImageOfPage":{"@id":"https:\/\/paracherkaoui.ma\/index.php\/produit\/acm-duolys-pack-creme-solaire-anti-age-50-ml-soin-intensif-anti-taches-40-ml\/#primaryimage"},"image":{"@id":"https:\/\/paracherkaoui.ma\/index.php\/produit\/acm-duolys-pack-creme-solaire-anti-age-50-ml-soin-intensif-anti-taches-40-ml\/#primaryimage"},"thumbnailUrl":"https:\/\/paracherkaoui.ma\/wp-content\/uploads\/2025\/12\/acm-acm-duolys-pack-creme-solaire-anti-age-50-ml-soin-intensif-anti-taches-40-ml-visage.jpg","datePublished":"2025-12-12T18:26:53+00:00","dateModified":"2025-12-12T18:26:55+00:00","breadcrumb":{"@id":"https:\/\/paracherkaoui.ma\/index.php\/produit\/acm-duolys-pack-creme-solaire-anti-age-50-ml-soin-intensif-anti-taches-40-ml\/#breadcrumb"},"inLanguage":"fr-FR","potentialAction":[{"@type":"ReadAction","target":["https:\/\/paracherkaoui.ma\/index.php\/produit\/acm-duolys-pack-creme-solaire-anti-age-50-ml-soin-intensif-anti-taches-40-ml\/"]}]},{"@type":"ImageObject","inLanguage":"fr-FR","@id":"https:\/\/paracherkaoui.ma\/index.php\/produit\/acm-duolys-pack-creme-solaire-anti-age-50-ml-soin-intensif-anti-taches-40-ml\/#primaryimage","url":"https:\/\/paracherkaoui.ma\/wp-content\/uploads\/2025\/12\/acm-acm-duolys-pack-creme-solaire-anti-age-50-ml-soin-intensif-anti-taches-40-ml-visage.jpg","contentUrl":"https:\/\/paracherkaoui.ma\/wp-content\/uploads\/2025\/12\/acm-acm-duolys-pack-creme-solaire-anti-age-50-ml-soin-intensif-anti-taches-40-ml-visage.jpg","width":700,"height":700},{"@type":"BreadcrumbList","@id":"https:\/\/paracherkaoui.ma\/index.php\/produit\/acm-duolys-pack-creme-solaire-anti-age-50-ml-soin-intensif-anti-taches-40-ml\/#breadcrumb","itemListElement":[{"@type":"ListItem","position":1,"name":"Accueil","item":"https:\/\/paracherkaoui.ma\/"},{"@type":"ListItem","position":2,"name":"Boutique","item":"https:\/\/paracherkaoui.ma\/index.php\/boutique\/"},{"@type":"ListItem","position":3,"name":"ACM DUOLYS PACK CREME SOLAIRE ANTI AGE 50 ML + SOIN INTENSIF ANTI TACHES 40 ML"}]},{"@type":"WebSite","@id":"https:\/\/paracherkaoui.ma\/#website","url":"https:\/\/paracherkaoui.ma\/","name":"Paracherkaoui.ma","description":"Achetez en ligne sur Paracherkaoui.ma","potentialAction":[{"@type":"SearchAction","target":{"@type":"EntryPoint","urlTemplate":"https:\/\/paracherkaoui.ma\/?s={search_term_string}"},"query-input":{"@type":"PropertyValueSpecification","valueRequired":true,"valueName":"search_term_string"}}],"inLanguage":"fr-FR"}]}},"_links":{"self":[{"href":"https:\/\/paracherkaoui.ma\/index.php\/wp-json\/wp\/v2\/product\/48274","targetHints":{"allow":["GET"]}}],"collection":[{"href":"https:\/\/paracherkaoui.ma\/index.php\/wp-json\/wp\/v2\/product"}],"about":[{"href":"https:\/\/paracherkaoui.ma\/index.php\/wp-json\/wp\/v2\/types\/product"}],"replies":[{"embeddable":true,"href":"https:\/\/paracherkaoui.ma\/index.php\/wp-json\/wp\/v2\/comments?post=48274"}],"version-history":[{"count":1,"href":"https:\/\/paracherkaoui.ma\/index.php\/wp-json\/wp\/v2\/product\/48274\/revisions"}],"predecessor-version":[{"id":48309,"href":"https:\/\/paracherkaoui.ma\/index.php\/wp-json\/wp\/v2\/product\/48274\/revisions\/48309"}],"wp:featuredmedia":[{"embeddable":true,"href":"https:\/\/paracherkaoui.ma\/index.php\/wp-json\/wp\/v2\/media\/48308"}],"wp:attachment":[{"href":"https:\/\/paracherkaoui.ma\/index.php\/wp-json\/wp\/v2\/media?parent=48274"}],"wp:term":[{"taxonomy":"product_brand","embeddable":true,"href":"https:\/\/paracherkaoui.ma\/index.php\/wp-json\/wp\/v2\/product_brand?post=48274"},{"taxonomy":"product_cat","embeddable":true,"href":"https:\/\/paracherkaoui.ma\/index.php\/wp-json\/wp\/v2\/product_cat?post=48274"},{"taxonomy":"product_tag","embeddable":true,"href":"https:\/\/paracherkaoui.ma\/index.php\/wp-json\/wp\/v2\/product_tag?post=48274"}],"curies":[{"name":"wp","href":"https:\/\/api.w.org\/{rel}","templated":true}]}}