{"id":48212,"date":"2025-12-12T19:26:44","date_gmt":"2025-12-12T18:26:44","guid":{"rendered":"https:\/\/test.ecbeaute.com\/?post_type=product&#038;p=48212"},"modified":"2025-12-12T19:26:51","modified_gmt":"2025-12-12T18:26:51","slug":"gum-trousse-junior-6-ans","status":"publish","type":"product","link":"https:\/\/paracherkaoui.ma\/index.php\/produit\/gum-trousse-junior-6-ans\/","title":{"rendered":"GUM TROUSSE JUNIOR 6 ANS +"},"content":{"rendered":"<p>Le pack contient :<br \/>\nDentifrice Gum junior 6 ans +:<br \/>\nCon\u00e7u pour les enfants de 2 \u00e0 6 ans, ce dentifrice contient une combinaison de deux ingr\u00e9dients (fluor et isomalt) qui contribuent \u00e0 renforcer l\u2019\u00e9mail, \u00e0 pr\u00e9venir la carie dentaire, accompagnant les tout-petits sur le chemin vers des gencives saine et une vie saine.<br \/>\nBrosse a dents junior<br \/>\nSp\u00e9cialement con\u00e7ue pour les enfants de 6 ans, elle permet aux enfants d\u2019apprendre \u00e0 se brosser les dents correctement, \u00e9vitant ainsi l\u2019apparition de caries dentaires \u00e0 ce stade crucial de leur d\u00e9veloppement.<br \/>\nUn sablier + Trousse offerte<\/p>\n","protected":false},"excerpt":{"rendered":"<p>Le pack contient : Dentifrice Gum junior 6 ans +: Con\u00e7u pour les enfants de 2 \u00e0 6 ans, ce<\/p>\n","protected":false},"featured_media":48263,"comment_status":"open","ping_status":"closed","template":"","meta":[],"product_brand":[800],"product_cat":[858],"product_tag":[],"class_list":{"0":"post-48212","1":"product","2":"type-product","3":"status-publish","4":"has-post-thumbnail","6":"product_brand-gum","7":"product_cat-les-bons-deals","9":"first","10":"instock","11":"sale","12":"shipping-taxable","13":"purchasable","14":"product-type-simple"},"yoast_head":"<!-- This site is optimized with the Yoast SEO plugin v26.6 - https:\/\/yoast.com\/wordpress\/plugins\/seo\/ -->\r\n<title>GUM TROUSSE JUNIOR 6 ANS + - Paracherkaoui.ma<\/title>\r\n<meta name=\"robots\" content=\"index, follow, max-snippet:-1, max-image-preview:large, max-video-preview:-1\" \/>\r\n<link rel=\"canonical\" href=\"https:\/\/paracherkaoui.ma\/index.php\/produit\/gum-trousse-junior-6-ans\/\" \/>\r\n<meta property=\"og:locale\" content=\"fr_FR\" \/>\r\n<meta property=\"og:type\" content=\"article\" \/>\r\n<meta property=\"og:title\" content=\"GUM TROUSSE JUNIOR 6 ANS + - Paracherkaoui.ma\" \/>\r\n<meta property=\"og:description\" content=\"Le pack contient : Dentifrice Gum junior 6 ans +: Con\u00e7u pour les enfants de 2 \u00e0 6 ans, ce\" \/>\r\n<meta property=\"og:url\" content=\"https:\/\/paracherkaoui.ma\/index.php\/produit\/gum-trousse-junior-6-ans\/\" \/>\r\n<meta property=\"og:site_name\" content=\"Paracherkaoui.ma\" \/>\r\n<meta property=\"article:modified_time\" content=\"2025-12-12T18:26:51+00:00\" \/>\r\n<meta property=\"og:image\" content=\"https:\/\/paracherkaoui.ma\/wp-content\/uploads\/2025\/12\/gum-trousse-junior-6-ans-.jpg\" \/>\r\n\t<meta property=\"og:image:width\" content=\"700\" \/>\r\n\t<meta property=\"og:image:height\" content=\"700\" \/>\r\n\t<meta property=\"og:image:type\" content=\"image\/jpeg\" \/>\r\n<meta name=\"twitter:card\" content=\"summary_large_image\" \/>\r\n<script type=\"application\/ld+json\" class=\"yoast-schema-graph\">{\"@context\":\"https:\/\/schema.org\",\"@graph\":[{\"@type\":\"WebPage\",\"@id\":\"https:\/\/paracherkaoui.ma\/index.php\/produit\/gum-trousse-junior-6-ans\/\",\"url\":\"https:\/\/paracherkaoui.ma\/index.php\/produit\/gum-trousse-junior-6-ans\/\",\"name\":\"GUM TROUSSE JUNIOR 6 ANS + - Paracherkaoui.ma\",\"isPartOf\":{\"@id\":\"https:\/\/paracherkaoui.ma\/#website\"},\"primaryImageOfPage\":{\"@id\":\"https:\/\/paracherkaoui.ma\/index.php\/produit\/gum-trousse-junior-6-ans\/#primaryimage\"},\"image\":{\"@id\":\"https:\/\/paracherkaoui.ma\/index.php\/produit\/gum-trousse-junior-6-ans\/#primaryimage\"},\"thumbnailUrl\":\"https:\/\/paracherkaoui.ma\/wp-content\/uploads\/2025\/12\/gum-trousse-junior-6-ans-.jpg\",\"datePublished\":\"2025-12-12T18:26:44+00:00\",\"dateModified\":\"2025-12-12T18:26:51+00:00\",\"breadcrumb\":{\"@id\":\"https:\/\/paracherkaoui.ma\/index.php\/produit\/gum-trousse-junior-6-ans\/#breadcrumb\"},\"inLanguage\":\"fr-FR\",\"potentialAction\":[{\"@type\":\"ReadAction\",\"target\":[\"https:\/\/paracherkaoui.ma\/index.php\/produit\/gum-trousse-junior-6-ans\/\"]}]},{\"@type\":\"ImageObject\",\"inLanguage\":\"fr-FR\",\"@id\":\"https:\/\/paracherkaoui.ma\/index.php\/produit\/gum-trousse-junior-6-ans\/#primaryimage\",\"url\":\"https:\/\/paracherkaoui.ma\/wp-content\/uploads\/2025\/12\/gum-trousse-junior-6-ans-.jpg\",\"contentUrl\":\"https:\/\/paracherkaoui.ma\/wp-content\/uploads\/2025\/12\/gum-trousse-junior-6-ans-.jpg\",\"width\":700,\"height\":700},{\"@type\":\"BreadcrumbList\",\"@id\":\"https:\/\/paracherkaoui.ma\/index.php\/produit\/gum-trousse-junior-6-ans\/#breadcrumb\",\"itemListElement\":[{\"@type\":\"ListItem\",\"position\":1,\"name\":\"Accueil\",\"item\":\"https:\/\/paracherkaoui.ma\/\"},{\"@type\":\"ListItem\",\"position\":2,\"name\":\"Boutique\",\"item\":\"https:\/\/paracherkaoui.ma\/index.php\/boutique\/\"},{\"@type\":\"ListItem\",\"position\":3,\"name\":\"GUM TROUSSE JUNIOR 6 ANS +\"}]},{\"@type\":\"WebSite\",\"@id\":\"https:\/\/paracherkaoui.ma\/#website\",\"url\":\"https:\/\/paracherkaoui.ma\/\",\"name\":\"Paracherkaoui.ma\",\"description\":\"Achetez en ligne sur Paracherkaoui.ma\",\"potentialAction\":[{\"@type\":\"SearchAction\",\"target\":{\"@type\":\"EntryPoint\",\"urlTemplate\":\"https:\/\/paracherkaoui.ma\/?s={search_term_string}\"},\"query-input\":{\"@type\":\"PropertyValueSpecification\",\"valueRequired\":true,\"valueName\":\"search_term_string\"}}],\"inLanguage\":\"fr-FR\"}]}<\/script>\r\n<!-- \/ Yoast SEO plugin. -->","yoast_head_json":{"title":"GUM TROUSSE JUNIOR 6 ANS + - Paracherkaoui.ma","robots":{"index":"index","follow":"follow","max-snippet":"max-snippet:-1","max-image-preview":"max-image-preview:large","max-video-preview":"max-video-preview:-1"},"canonical":"https:\/\/paracherkaoui.ma\/index.php\/produit\/gum-trousse-junior-6-ans\/","og_locale":"fr_FR","og_type":"article","og_title":"GUM TROUSSE JUNIOR 6 ANS + - Paracherkaoui.ma","og_description":"Le pack contient : Dentifrice Gum junior 6 ans +: Con\u00e7u pour les enfants de 2 \u00e0 6 ans, ce","og_url":"https:\/\/paracherkaoui.ma\/index.php\/produit\/gum-trousse-junior-6-ans\/","og_site_name":"Paracherkaoui.ma","article_modified_time":"2025-12-12T18:26:51+00:00","og_image":[{"width":700,"height":700,"url":"https:\/\/paracherkaoui.ma\/wp-content\/uploads\/2025\/12\/gum-trousse-junior-6-ans-.jpg","type":"image\/jpeg"}],"twitter_card":"summary_large_image","schema":{"@context":"https:\/\/schema.org","@graph":[{"@type":"WebPage","@id":"https:\/\/paracherkaoui.ma\/index.php\/produit\/gum-trousse-junior-6-ans\/","url":"https:\/\/paracherkaoui.ma\/index.php\/produit\/gum-trousse-junior-6-ans\/","name":"GUM TROUSSE JUNIOR 6 ANS + - Paracherkaoui.ma","isPartOf":{"@id":"https:\/\/paracherkaoui.ma\/#website"},"primaryImageOfPage":{"@id":"https:\/\/paracherkaoui.ma\/index.php\/produit\/gum-trousse-junior-6-ans\/#primaryimage"},"image":{"@id":"https:\/\/paracherkaoui.ma\/index.php\/produit\/gum-trousse-junior-6-ans\/#primaryimage"},"thumbnailUrl":"https:\/\/paracherkaoui.ma\/wp-content\/uploads\/2025\/12\/gum-trousse-junior-6-ans-.jpg","datePublished":"2025-12-12T18:26:44+00:00","dateModified":"2025-12-12T18:26:51+00:00","breadcrumb":{"@id":"https:\/\/paracherkaoui.ma\/index.php\/produit\/gum-trousse-junior-6-ans\/#breadcrumb"},"inLanguage":"fr-FR","potentialAction":[{"@type":"ReadAction","target":["https:\/\/paracherkaoui.ma\/index.php\/produit\/gum-trousse-junior-6-ans\/"]}]},{"@type":"ImageObject","inLanguage":"fr-FR","@id":"https:\/\/paracherkaoui.ma\/index.php\/produit\/gum-trousse-junior-6-ans\/#primaryimage","url":"https:\/\/paracherkaoui.ma\/wp-content\/uploads\/2025\/12\/gum-trousse-junior-6-ans-.jpg","contentUrl":"https:\/\/paracherkaoui.ma\/wp-content\/uploads\/2025\/12\/gum-trousse-junior-6-ans-.jpg","width":700,"height":700},{"@type":"BreadcrumbList","@id":"https:\/\/paracherkaoui.ma\/index.php\/produit\/gum-trousse-junior-6-ans\/#breadcrumb","itemListElement":[{"@type":"ListItem","position":1,"name":"Accueil","item":"https:\/\/paracherkaoui.ma\/"},{"@type":"ListItem","position":2,"name":"Boutique","item":"https:\/\/paracherkaoui.ma\/index.php\/boutique\/"},{"@type":"ListItem","position":3,"name":"GUM TROUSSE JUNIOR 6 ANS +"}]},{"@type":"WebSite","@id":"https:\/\/paracherkaoui.ma\/#website","url":"https:\/\/paracherkaoui.ma\/","name":"Paracherkaoui.ma","description":"Achetez en ligne sur Paracherkaoui.ma","potentialAction":[{"@type":"SearchAction","target":{"@type":"EntryPoint","urlTemplate":"https:\/\/paracherkaoui.ma\/?s={search_term_string}"},"query-input":{"@type":"PropertyValueSpecification","valueRequired":true,"valueName":"search_term_string"}}],"inLanguage":"fr-FR"}]}},"_links":{"self":[{"href":"https:\/\/paracherkaoui.ma\/index.php\/wp-json\/wp\/v2\/product\/48212","targetHints":{"allow":["GET"]}}],"collection":[{"href":"https:\/\/paracherkaoui.ma\/index.php\/wp-json\/wp\/v2\/product"}],"about":[{"href":"https:\/\/paracherkaoui.ma\/index.php\/wp-json\/wp\/v2\/types\/product"}],"replies":[{"embeddable":true,"href":"https:\/\/paracherkaoui.ma\/index.php\/wp-json\/wp\/v2\/comments?post=48212"}],"version-history":[{"count":1,"href":"https:\/\/paracherkaoui.ma\/index.php\/wp-json\/wp\/v2\/product\/48212\/revisions"}],"predecessor-version":[{"id":48264,"href":"https:\/\/paracherkaoui.ma\/index.php\/wp-json\/wp\/v2\/product\/48212\/revisions\/48264"}],"wp:featuredmedia":[{"embeddable":true,"href":"https:\/\/paracherkaoui.ma\/index.php\/wp-json\/wp\/v2\/media\/48263"}],"wp:attachment":[{"href":"https:\/\/paracherkaoui.ma\/index.php\/wp-json\/wp\/v2\/media?parent=48212"}],"wp:term":[{"taxonomy":"product_brand","embeddable":true,"href":"https:\/\/paracherkaoui.ma\/index.php\/wp-json\/wp\/v2\/product_brand?post=48212"},{"taxonomy":"product_cat","embeddable":true,"href":"https:\/\/paracherkaoui.ma\/index.php\/wp-json\/wp\/v2\/product_cat?post=48212"},{"taxonomy":"product_tag","embeddable":true,"href":"https:\/\/paracherkaoui.ma\/index.php\/wp-json\/wp\/v2\/product_tag?post=48212"}],"curies":[{"name":"wp","href":"https:\/\/api.w.org\/{rel}","templated":true}]}}