{"id":48200,"date":"2025-12-12T19:26:43","date_gmt":"2025-12-12T18:26:43","guid":{"rendered":"https:\/\/test.ecbeaute.com\/?post_type=product&#038;p=48200"},"modified":"2025-12-12T19:26:47","modified_gmt":"2025-12-12T18:26:47","slug":"somebymi-beta-panthenol-repair-starter-kit","status":"publish","type":"product","link":"https:\/\/paracherkaoui.ma\/index.php\/produit\/somebymi-beta-panthenol-repair-starter-kit\/","title":{"rendered":"SOMEBYMI BETA PANTHENOL REPAIR STARTER KIT"},"content":{"rendered":"<p>Mini routine faciale de la gamme Betapanth\u00e9nol de Some By Mi qui r\u00e9pare la peau endommag\u00e9e, hydrate et renforce la peau. Contient de l&rsquo;extrait de pin, du panth\u00e9nol et des probiotiques. Convient \u00e0 tous les types de peau. Recommand\u00e9 pour les peaux sensibles ou pr\u00e9sentant des rougeurs.<br \/>\nContient 4 produits mini size:<br \/>\nGEL NETTOYANT R\u00c9PARATEUR BETA PANTHENOL &#8211; 30ml<br \/>\nNettoyant pour le visage v\u00e9g\u00e9talien \u00e0 faible pH, avec formule hypoallerg\u00e9nique, contenant 17 types d&rsquo;acides amin\u00e9s, du panth\u00e9nol, des probiotiques et du PHA pour \u00e9quilibrer la peau.<br \/>\nTONIQUE R\u00c9PARATEUR B\u00caTA PANTH\u00c9NOL &#8211; 30 ml<br \/>\nTonique v\u00e9g\u00e9talien puissant formul\u00e9 avec de l&rsquo;acide hyaluronique pour hydrater instantan\u00e9ment la peau et de la niacinamide pour am\u00e9liorer la texture de la peau.<br \/>\nS\u00c9RUM R\u00c9PARATEUR BETA PANTH\u00c9NOL &#8211; 10ml<br \/>\nS\u00e9rum visage vegan hydratant et apaisant qui r\u00e9pare la peau, avec des r\u00e9sultats visibles en deux semaines. Contient de l&rsquo;extrait de pin, du panth\u00e9nol et des probiotiques.<br \/>\nCR\u00c8ME R\u00c9PARATRICE BETA PANTH\u00c9NOL &#8211; 20ml<br \/>\nCr\u00e8me visage soin r\u00e9parateur vegan qui apaise les peaux sensibles et renforce la barri\u00e8re cutan\u00e9e. Contient de l&rsquo;extrait de pin, du panth\u00e9nol et des probiotiques.<\/p>\n","protected":false},"excerpt":{"rendered":"<p>Mini routine faciale de la gamme Betapanth\u00e9nol de Some By Mi qui r\u00e9pare la peau endommag\u00e9e, hydrate et renforce la<\/p>\n","protected":false},"featured_media":48239,"comment_status":"open","ping_status":"closed","template":"","meta":[],"product_brand":[],"product_cat":[858],"product_tag":[],"class_list":{"0":"post-48200","1":"product","2":"type-product","3":"status-publish","4":"has-post-thumbnail","6":"product_cat-les-bons-deals","8":"first","9":"instock","10":"shipping-taxable","11":"purchasable","12":"product-type-simple"},"yoast_head":"<!-- This site is optimized with the Yoast SEO plugin v26.6 - https:\/\/yoast.com\/wordpress\/plugins\/seo\/ -->\r\n<title>SOMEBYMI BETA PANTHENOL REPAIR STARTER KIT - Paracherkaoui.ma<\/title>\r\n<meta name=\"robots\" content=\"index, follow, max-snippet:-1, max-image-preview:large, max-video-preview:-1\" \/>\r\n<link rel=\"canonical\" href=\"https:\/\/paracherkaoui.ma\/index.php\/produit\/somebymi-beta-panthenol-repair-starter-kit\/\" \/>\r\n<meta property=\"og:locale\" content=\"fr_FR\" \/>\r\n<meta property=\"og:type\" content=\"article\" \/>\r\n<meta property=\"og:title\" content=\"SOMEBYMI BETA PANTHENOL REPAIR STARTER KIT - Paracherkaoui.ma\" \/>\r\n<meta property=\"og:description\" content=\"Mini routine faciale de la gamme Betapanth\u00e9nol de Some By Mi qui r\u00e9pare la peau endommag\u00e9e, hydrate et renforce la\" \/>\r\n<meta property=\"og:url\" content=\"https:\/\/paracherkaoui.ma\/index.php\/produit\/somebymi-beta-panthenol-repair-starter-kit\/\" \/>\r\n<meta property=\"og:site_name\" content=\"Paracherkaoui.ma\" \/>\r\n<meta property=\"article:modified_time\" content=\"2025-12-12T18:26:47+00:00\" \/>\r\n<meta property=\"og:image\" content=\"https:\/\/paracherkaoui.ma\/wp-content\/uploads\/2025\/12\/somebymi-somebymi-beta-panthenol-repair-starter-kit-produits-coreens.jpg\" \/>\r\n\t<meta property=\"og:image:width\" content=\"700\" \/>\r\n\t<meta property=\"og:image:height\" content=\"700\" \/>\r\n\t<meta property=\"og:image:type\" content=\"image\/jpeg\" \/>\r\n<meta name=\"twitter:card\" content=\"summary_large_image\" \/>\r\n<meta name=\"twitter:label1\" content=\"Dur\u00e9e de lecture estim\u00e9e\" \/>\n\t<meta name=\"twitter:data1\" content=\"1 minute\" \/>\r\n<script type=\"application\/ld+json\" class=\"yoast-schema-graph\">{\"@context\":\"https:\/\/schema.org\",\"@graph\":[{\"@type\":\"WebPage\",\"@id\":\"https:\/\/paracherkaoui.ma\/index.php\/produit\/somebymi-beta-panthenol-repair-starter-kit\/\",\"url\":\"https:\/\/paracherkaoui.ma\/index.php\/produit\/somebymi-beta-panthenol-repair-starter-kit\/\",\"name\":\"SOMEBYMI BETA PANTHENOL REPAIR STARTER KIT - Paracherkaoui.ma\",\"isPartOf\":{\"@id\":\"https:\/\/paracherkaoui.ma\/#website\"},\"primaryImageOfPage\":{\"@id\":\"https:\/\/paracherkaoui.ma\/index.php\/produit\/somebymi-beta-panthenol-repair-starter-kit\/#primaryimage\"},\"image\":{\"@id\":\"https:\/\/paracherkaoui.ma\/index.php\/produit\/somebymi-beta-panthenol-repair-starter-kit\/#primaryimage\"},\"thumbnailUrl\":\"https:\/\/paracherkaoui.ma\/wp-content\/uploads\/2025\/12\/somebymi-somebymi-beta-panthenol-repair-starter-kit-produits-coreens.jpg\",\"datePublished\":\"2025-12-12T18:26:43+00:00\",\"dateModified\":\"2025-12-12T18:26:47+00:00\",\"breadcrumb\":{\"@id\":\"https:\/\/paracherkaoui.ma\/index.php\/produit\/somebymi-beta-panthenol-repair-starter-kit\/#breadcrumb\"},\"inLanguage\":\"fr-FR\",\"potentialAction\":[{\"@type\":\"ReadAction\",\"target\":[\"https:\/\/paracherkaoui.ma\/index.php\/produit\/somebymi-beta-panthenol-repair-starter-kit\/\"]}]},{\"@type\":\"ImageObject\",\"inLanguage\":\"fr-FR\",\"@id\":\"https:\/\/paracherkaoui.ma\/index.php\/produit\/somebymi-beta-panthenol-repair-starter-kit\/#primaryimage\",\"url\":\"https:\/\/paracherkaoui.ma\/wp-content\/uploads\/2025\/12\/somebymi-somebymi-beta-panthenol-repair-starter-kit-produits-coreens.jpg\",\"contentUrl\":\"https:\/\/paracherkaoui.ma\/wp-content\/uploads\/2025\/12\/somebymi-somebymi-beta-panthenol-repair-starter-kit-produits-coreens.jpg\",\"width\":700,\"height\":700},{\"@type\":\"BreadcrumbList\",\"@id\":\"https:\/\/paracherkaoui.ma\/index.php\/produit\/somebymi-beta-panthenol-repair-starter-kit\/#breadcrumb\",\"itemListElement\":[{\"@type\":\"ListItem\",\"position\":1,\"name\":\"Accueil\",\"item\":\"https:\/\/paracherkaoui.ma\/\"},{\"@type\":\"ListItem\",\"position\":2,\"name\":\"Boutique\",\"item\":\"https:\/\/paracherkaoui.ma\/index.php\/boutique\/\"},{\"@type\":\"ListItem\",\"position\":3,\"name\":\"SOMEBYMI BETA PANTHENOL REPAIR STARTER KIT\"}]},{\"@type\":\"WebSite\",\"@id\":\"https:\/\/paracherkaoui.ma\/#website\",\"url\":\"https:\/\/paracherkaoui.ma\/\",\"name\":\"Paracherkaoui.ma\",\"description\":\"Achetez en ligne sur Paracherkaoui.ma\",\"potentialAction\":[{\"@type\":\"SearchAction\",\"target\":{\"@type\":\"EntryPoint\",\"urlTemplate\":\"https:\/\/paracherkaoui.ma\/?s={search_term_string}\"},\"query-input\":{\"@type\":\"PropertyValueSpecification\",\"valueRequired\":true,\"valueName\":\"search_term_string\"}}],\"inLanguage\":\"fr-FR\"}]}<\/script>\r\n<!-- \/ Yoast SEO plugin. -->","yoast_head_json":{"title":"SOMEBYMI BETA PANTHENOL REPAIR STARTER KIT - Paracherkaoui.ma","robots":{"index":"index","follow":"follow","max-snippet":"max-snippet:-1","max-image-preview":"max-image-preview:large","max-video-preview":"max-video-preview:-1"},"canonical":"https:\/\/paracherkaoui.ma\/index.php\/produit\/somebymi-beta-panthenol-repair-starter-kit\/","og_locale":"fr_FR","og_type":"article","og_title":"SOMEBYMI BETA PANTHENOL REPAIR STARTER KIT - Paracherkaoui.ma","og_description":"Mini routine faciale de la gamme Betapanth\u00e9nol de Some By Mi qui r\u00e9pare la peau endommag\u00e9e, hydrate et renforce la","og_url":"https:\/\/paracherkaoui.ma\/index.php\/produit\/somebymi-beta-panthenol-repair-starter-kit\/","og_site_name":"Paracherkaoui.ma","article_modified_time":"2025-12-12T18:26:47+00:00","og_image":[{"width":700,"height":700,"url":"https:\/\/paracherkaoui.ma\/wp-content\/uploads\/2025\/12\/somebymi-somebymi-beta-panthenol-repair-starter-kit-produits-coreens.jpg","type":"image\/jpeg"}],"twitter_card":"summary_large_image","twitter_misc":{"Dur\u00e9e de lecture estim\u00e9e":"1 minute"},"schema":{"@context":"https:\/\/schema.org","@graph":[{"@type":"WebPage","@id":"https:\/\/paracherkaoui.ma\/index.php\/produit\/somebymi-beta-panthenol-repair-starter-kit\/","url":"https:\/\/paracherkaoui.ma\/index.php\/produit\/somebymi-beta-panthenol-repair-starter-kit\/","name":"SOMEBYMI BETA PANTHENOL REPAIR STARTER KIT - Paracherkaoui.ma","isPartOf":{"@id":"https:\/\/paracherkaoui.ma\/#website"},"primaryImageOfPage":{"@id":"https:\/\/paracherkaoui.ma\/index.php\/produit\/somebymi-beta-panthenol-repair-starter-kit\/#primaryimage"},"image":{"@id":"https:\/\/paracherkaoui.ma\/index.php\/produit\/somebymi-beta-panthenol-repair-starter-kit\/#primaryimage"},"thumbnailUrl":"https:\/\/paracherkaoui.ma\/wp-content\/uploads\/2025\/12\/somebymi-somebymi-beta-panthenol-repair-starter-kit-produits-coreens.jpg","datePublished":"2025-12-12T18:26:43+00:00","dateModified":"2025-12-12T18:26:47+00:00","breadcrumb":{"@id":"https:\/\/paracherkaoui.ma\/index.php\/produit\/somebymi-beta-panthenol-repair-starter-kit\/#breadcrumb"},"inLanguage":"fr-FR","potentialAction":[{"@type":"ReadAction","target":["https:\/\/paracherkaoui.ma\/index.php\/produit\/somebymi-beta-panthenol-repair-starter-kit\/"]}]},{"@type":"ImageObject","inLanguage":"fr-FR","@id":"https:\/\/paracherkaoui.ma\/index.php\/produit\/somebymi-beta-panthenol-repair-starter-kit\/#primaryimage","url":"https:\/\/paracherkaoui.ma\/wp-content\/uploads\/2025\/12\/somebymi-somebymi-beta-panthenol-repair-starter-kit-produits-coreens.jpg","contentUrl":"https:\/\/paracherkaoui.ma\/wp-content\/uploads\/2025\/12\/somebymi-somebymi-beta-panthenol-repair-starter-kit-produits-coreens.jpg","width":700,"height":700},{"@type":"BreadcrumbList","@id":"https:\/\/paracherkaoui.ma\/index.php\/produit\/somebymi-beta-panthenol-repair-starter-kit\/#breadcrumb","itemListElement":[{"@type":"ListItem","position":1,"name":"Accueil","item":"https:\/\/paracherkaoui.ma\/"},{"@type":"ListItem","position":2,"name":"Boutique","item":"https:\/\/paracherkaoui.ma\/index.php\/boutique\/"},{"@type":"ListItem","position":3,"name":"SOMEBYMI BETA PANTHENOL REPAIR STARTER KIT"}]},{"@type":"WebSite","@id":"https:\/\/paracherkaoui.ma\/#website","url":"https:\/\/paracherkaoui.ma\/","name":"Paracherkaoui.ma","description":"Achetez en ligne sur Paracherkaoui.ma","potentialAction":[{"@type":"SearchAction","target":{"@type":"EntryPoint","urlTemplate":"https:\/\/paracherkaoui.ma\/?s={search_term_string}"},"query-input":{"@type":"PropertyValueSpecification","valueRequired":true,"valueName":"search_term_string"}}],"inLanguage":"fr-FR"}]}},"_links":{"self":[{"href":"https:\/\/paracherkaoui.ma\/index.php\/wp-json\/wp\/v2\/product\/48200","targetHints":{"allow":["GET"]}}],"collection":[{"href":"https:\/\/paracherkaoui.ma\/index.php\/wp-json\/wp\/v2\/product"}],"about":[{"href":"https:\/\/paracherkaoui.ma\/index.php\/wp-json\/wp\/v2\/types\/product"}],"replies":[{"embeddable":true,"href":"https:\/\/paracherkaoui.ma\/index.php\/wp-json\/wp\/v2\/comments?post=48200"}],"version-history":[{"count":1,"href":"https:\/\/paracherkaoui.ma\/index.php\/wp-json\/wp\/v2\/product\/48200\/revisions"}],"predecessor-version":[{"id":48240,"href":"https:\/\/paracherkaoui.ma\/index.php\/wp-json\/wp\/v2\/product\/48200\/revisions\/48240"}],"wp:featuredmedia":[{"embeddable":true,"href":"https:\/\/paracherkaoui.ma\/index.php\/wp-json\/wp\/v2\/media\/48239"}],"wp:attachment":[{"href":"https:\/\/paracherkaoui.ma\/index.php\/wp-json\/wp\/v2\/media?parent=48200"}],"wp:term":[{"taxonomy":"product_brand","embeddable":true,"href":"https:\/\/paracherkaoui.ma\/index.php\/wp-json\/wp\/v2\/product_brand?post=48200"},{"taxonomy":"product_cat","embeddable":true,"href":"https:\/\/paracherkaoui.ma\/index.php\/wp-json\/wp\/v2\/product_cat?post=48200"},{"taxonomy":"product_tag","embeddable":true,"href":"https:\/\/paracherkaoui.ma\/index.php\/wp-json\/wp\/v2\/product_tag?post=48200"}],"curies":[{"name":"wp","href":"https:\/\/api.w.org\/{rel}","templated":true}]}}