{"id":48193,"date":"2025-12-12T19:26:43","date_gmt":"2025-12-12T18:26:43","guid":{"rendered":"https:\/\/test.ecbeaute.com\/?post_type=product&#038;p=48193"},"modified":"2025-12-12T19:26:45","modified_gmt":"2025-12-12T18:26:45","slug":"caudalie-coffret-ange-des-vignes-parfum-light-fragrance-et-gel-douche-sans-savons-2","status":"publish","type":"product","link":"https:\/\/paracherkaoui.ma\/index.php\/produit\/caudalie-coffret-ange-des-vignes-parfum-light-fragrance-et-gel-douche-sans-savons-2\/","title":{"rendered":"CAUDALIE COFFRET ANGE DES VIGNES PARFUM LIGHT FRAGRANCE ET GEL DOUCHE SANS SAVONS"},"content":{"rendered":"<p>Le gel douche sans savon Ange des Vignes compl\u00e8te parfaitement ce rituel sensoriel. Formul\u00e9 pour respecter la peau, ce gel douche nettoie en douceur tout en pr\u00e9servant l&rsquo;\u00e9quilibre cutan\u00e9. Sa texture douce et l\u00e9g\u00e8re se transforme en une mousse onctueuse qui enveloppe la peau d&rsquo;un voile parfum\u00e9 et rafra\u00eechissant. Ce soin nettoyant, enrichi en ingr\u00e9dients naturels, prolonge le plaisir de l\u2019Eau de Parfum en laissant la peau d\u00e9licatement parfum\u00e9e de notes fruit\u00e9es et florales.<br \/>\nComposition<br \/>\nEau de Parfum Ange des Vignes<br \/>\nALCOHOL DENAT., AQUA\/WATER\/EAU, PARFUM (FRAGRANCE), LIMONENE, CITRONELLOL, COUMARIN, LINALOOL, GERANIOL, BENZYL ALCOHOL.(368\/002)<br \/>\nConseils d\u2019utilisation<br \/>\nEau de Parfum : Vaporisez sur les points de pulsation (poignets, cou, derri\u00e8re les oreilles) pour une diffusion optimale de la fragrance. Appliquez apr\u00e8s la douche pour prolonger l&rsquo;effet du gel douche.<br \/>\nGel douche : Utilisez sous la douche ou dans le bain. Appliquez une petite quantit\u00e9 sur peau mouill\u00e9e, faites mousser puis rincez abondamment. Convient \u00e0 un usage quotidien et \u00e0 tous les types de peau.<\/p>\n","protected":false},"excerpt":{"rendered":"<p>Le gel douche sans savon Ange des Vignes compl\u00e8te parfaitement ce rituel sensoriel. Formul\u00e9 pour respecter la peau, ce gel<\/p>\n","protected":false},"featured_media":31475,"comment_status":"open","ping_status":"closed","template":"","meta":[],"product_brand":[358],"product_cat":[858],"product_tag":[],"class_list":{"0":"post-48193","1":"product","2":"type-product","3":"status-publish","4":"has-post-thumbnail","6":"product_brand-caudalie","7":"product_cat-les-bons-deals","9":"first","10":"instock","11":"shipping-taxable","12":"purchasable","13":"product-type-simple"},"yoast_head":"<!-- This site is optimized with the Yoast SEO plugin v26.6 - https:\/\/yoast.com\/wordpress\/plugins\/seo\/ -->\r\n<title>CAUDALIE COFFRET ANGE DES VIGNES PARFUM LIGHT FRAGRANCE ET GEL DOUCHE SANS SAVONS - Paracherkaoui.ma<\/title>\r\n<meta name=\"robots\" content=\"index, follow, max-snippet:-1, max-image-preview:large, max-video-preview:-1\" \/>\r\n<link rel=\"canonical\" href=\"https:\/\/paracherkaoui.ma\/index.php\/produit\/caudalie-coffret-ange-des-vignes-parfum-light-fragrance-et-gel-douche-sans-savons-2\/\" \/>\r\n<meta property=\"og:locale\" content=\"fr_FR\" \/>\r\n<meta property=\"og:type\" content=\"article\" \/>\r\n<meta property=\"og:title\" content=\"CAUDALIE COFFRET ANGE DES VIGNES PARFUM LIGHT FRAGRANCE ET GEL DOUCHE SANS SAVONS - Paracherkaoui.ma\" \/>\r\n<meta property=\"og:description\" content=\"Le gel douche sans savon Ange des Vignes compl\u00e8te parfaitement ce rituel sensoriel. Formul\u00e9 pour respecter la peau, ce gel\" \/>\r\n<meta property=\"og:url\" content=\"https:\/\/paracherkaoui.ma\/index.php\/produit\/caudalie-coffret-ange-des-vignes-parfum-light-fragrance-et-gel-douche-sans-savons-2\/\" \/>\r\n<meta property=\"og:site_name\" content=\"Paracherkaoui.ma\" \/>\r\n<meta property=\"article:modified_time\" content=\"2025-12-12T18:26:45+00:00\" \/>\r\n<meta property=\"og:image\" content=\"https:\/\/paracherkaoui.ma\/wp-content\/uploads\/2025\/12\/caudalie-caudalie-coffret-ange-des-vignes-parfum-light-fragrance-et-gel-douche-sans-savons-hygiene.jpg\" \/>\r\n\t<meta property=\"og:image:width\" content=\"700\" \/>\r\n\t<meta property=\"og:image:height\" content=\"700\" \/>\r\n\t<meta property=\"og:image:type\" content=\"image\/jpeg\" \/>\r\n<meta name=\"twitter:card\" content=\"summary_large_image\" \/>\r\n<meta name=\"twitter:label1\" content=\"Dur\u00e9e de lecture estim\u00e9e\" \/>\n\t<meta name=\"twitter:data1\" content=\"1 minute\" \/>\r\n<script type=\"application\/ld+json\" class=\"yoast-schema-graph\">{\"@context\":\"https:\/\/schema.org\",\"@graph\":[{\"@type\":\"WebPage\",\"@id\":\"https:\/\/paracherkaoui.ma\/index.php\/produit\/caudalie-coffret-ange-des-vignes-parfum-light-fragrance-et-gel-douche-sans-savons-2\/\",\"url\":\"https:\/\/paracherkaoui.ma\/index.php\/produit\/caudalie-coffret-ange-des-vignes-parfum-light-fragrance-et-gel-douche-sans-savons-2\/\",\"name\":\"CAUDALIE COFFRET ANGE DES VIGNES PARFUM LIGHT FRAGRANCE ET GEL DOUCHE SANS SAVONS - Paracherkaoui.ma\",\"isPartOf\":{\"@id\":\"https:\/\/paracherkaoui.ma\/#website\"},\"primaryImageOfPage\":{\"@id\":\"https:\/\/paracherkaoui.ma\/index.php\/produit\/caudalie-coffret-ange-des-vignes-parfum-light-fragrance-et-gel-douche-sans-savons-2\/#primaryimage\"},\"image\":{\"@id\":\"https:\/\/paracherkaoui.ma\/index.php\/produit\/caudalie-coffret-ange-des-vignes-parfum-light-fragrance-et-gel-douche-sans-savons-2\/#primaryimage\"},\"thumbnailUrl\":\"https:\/\/paracherkaoui.ma\/wp-content\/uploads\/2025\/12\/caudalie-caudalie-coffret-ange-des-vignes-parfum-light-fragrance-et-gel-douche-sans-savons-hygiene.jpg\",\"datePublished\":\"2025-12-12T18:26:43+00:00\",\"dateModified\":\"2025-12-12T18:26:45+00:00\",\"breadcrumb\":{\"@id\":\"https:\/\/paracherkaoui.ma\/index.php\/produit\/caudalie-coffret-ange-des-vignes-parfum-light-fragrance-et-gel-douche-sans-savons-2\/#breadcrumb\"},\"inLanguage\":\"fr-FR\",\"potentialAction\":[{\"@type\":\"ReadAction\",\"target\":[\"https:\/\/paracherkaoui.ma\/index.php\/produit\/caudalie-coffret-ange-des-vignes-parfum-light-fragrance-et-gel-douche-sans-savons-2\/\"]}]},{\"@type\":\"ImageObject\",\"inLanguage\":\"fr-FR\",\"@id\":\"https:\/\/paracherkaoui.ma\/index.php\/produit\/caudalie-coffret-ange-des-vignes-parfum-light-fragrance-et-gel-douche-sans-savons-2\/#primaryimage\",\"url\":\"https:\/\/paracherkaoui.ma\/wp-content\/uploads\/2025\/12\/caudalie-caudalie-coffret-ange-des-vignes-parfum-light-fragrance-et-gel-douche-sans-savons-hygiene.jpg\",\"contentUrl\":\"https:\/\/paracherkaoui.ma\/wp-content\/uploads\/2025\/12\/caudalie-caudalie-coffret-ange-des-vignes-parfum-light-fragrance-et-gel-douche-sans-savons-hygiene.jpg\",\"width\":700,\"height\":700},{\"@type\":\"BreadcrumbList\",\"@id\":\"https:\/\/paracherkaoui.ma\/index.php\/produit\/caudalie-coffret-ange-des-vignes-parfum-light-fragrance-et-gel-douche-sans-savons-2\/#breadcrumb\",\"itemListElement\":[{\"@type\":\"ListItem\",\"position\":1,\"name\":\"Accueil\",\"item\":\"https:\/\/paracherkaoui.ma\/\"},{\"@type\":\"ListItem\",\"position\":2,\"name\":\"Boutique\",\"item\":\"https:\/\/paracherkaoui.ma\/index.php\/boutique\/\"},{\"@type\":\"ListItem\",\"position\":3,\"name\":\"CAUDALIE COFFRET ANGE DES VIGNES PARFUM LIGHT FRAGRANCE ET GEL DOUCHE SANS SAVONS\"}]},{\"@type\":\"WebSite\",\"@id\":\"https:\/\/paracherkaoui.ma\/#website\",\"url\":\"https:\/\/paracherkaoui.ma\/\",\"name\":\"Paracherkaoui.ma\",\"description\":\"Achetez en ligne sur Paracherkaoui.ma\",\"potentialAction\":[{\"@type\":\"SearchAction\",\"target\":{\"@type\":\"EntryPoint\",\"urlTemplate\":\"https:\/\/paracherkaoui.ma\/?s={search_term_string}\"},\"query-input\":{\"@type\":\"PropertyValueSpecification\",\"valueRequired\":true,\"valueName\":\"search_term_string\"}}],\"inLanguage\":\"fr-FR\"}]}<\/script>\r\n<!-- \/ Yoast SEO plugin. -->","yoast_head_json":{"title":"CAUDALIE COFFRET ANGE DES VIGNES PARFUM LIGHT FRAGRANCE ET GEL DOUCHE SANS SAVONS - Paracherkaoui.ma","robots":{"index":"index","follow":"follow","max-snippet":"max-snippet:-1","max-image-preview":"max-image-preview:large","max-video-preview":"max-video-preview:-1"},"canonical":"https:\/\/paracherkaoui.ma\/index.php\/produit\/caudalie-coffret-ange-des-vignes-parfum-light-fragrance-et-gel-douche-sans-savons-2\/","og_locale":"fr_FR","og_type":"article","og_title":"CAUDALIE COFFRET ANGE DES VIGNES PARFUM LIGHT FRAGRANCE ET GEL DOUCHE SANS SAVONS - Paracherkaoui.ma","og_description":"Le gel douche sans savon Ange des Vignes compl\u00e8te parfaitement ce rituel sensoriel. Formul\u00e9 pour respecter la peau, ce gel","og_url":"https:\/\/paracherkaoui.ma\/index.php\/produit\/caudalie-coffret-ange-des-vignes-parfum-light-fragrance-et-gel-douche-sans-savons-2\/","og_site_name":"Paracherkaoui.ma","article_modified_time":"2025-12-12T18:26:45+00:00","og_image":[{"width":700,"height":700,"url":"https:\/\/paracherkaoui.ma\/wp-content\/uploads\/2025\/12\/caudalie-caudalie-coffret-ange-des-vignes-parfum-light-fragrance-et-gel-douche-sans-savons-hygiene.jpg","type":"image\/jpeg"}],"twitter_card":"summary_large_image","twitter_misc":{"Dur\u00e9e de lecture estim\u00e9e":"1 minute"},"schema":{"@context":"https:\/\/schema.org","@graph":[{"@type":"WebPage","@id":"https:\/\/paracherkaoui.ma\/index.php\/produit\/caudalie-coffret-ange-des-vignes-parfum-light-fragrance-et-gel-douche-sans-savons-2\/","url":"https:\/\/paracherkaoui.ma\/index.php\/produit\/caudalie-coffret-ange-des-vignes-parfum-light-fragrance-et-gel-douche-sans-savons-2\/","name":"CAUDALIE COFFRET ANGE DES VIGNES PARFUM LIGHT FRAGRANCE ET GEL DOUCHE SANS SAVONS - Paracherkaoui.ma","isPartOf":{"@id":"https:\/\/paracherkaoui.ma\/#website"},"primaryImageOfPage":{"@id":"https:\/\/paracherkaoui.ma\/index.php\/produit\/caudalie-coffret-ange-des-vignes-parfum-light-fragrance-et-gel-douche-sans-savons-2\/#primaryimage"},"image":{"@id":"https:\/\/paracherkaoui.ma\/index.php\/produit\/caudalie-coffret-ange-des-vignes-parfum-light-fragrance-et-gel-douche-sans-savons-2\/#primaryimage"},"thumbnailUrl":"https:\/\/paracherkaoui.ma\/wp-content\/uploads\/2025\/12\/caudalie-caudalie-coffret-ange-des-vignes-parfum-light-fragrance-et-gel-douche-sans-savons-hygiene.jpg","datePublished":"2025-12-12T18:26:43+00:00","dateModified":"2025-12-12T18:26:45+00:00","breadcrumb":{"@id":"https:\/\/paracherkaoui.ma\/index.php\/produit\/caudalie-coffret-ange-des-vignes-parfum-light-fragrance-et-gel-douche-sans-savons-2\/#breadcrumb"},"inLanguage":"fr-FR","potentialAction":[{"@type":"ReadAction","target":["https:\/\/paracherkaoui.ma\/index.php\/produit\/caudalie-coffret-ange-des-vignes-parfum-light-fragrance-et-gel-douche-sans-savons-2\/"]}]},{"@type":"ImageObject","inLanguage":"fr-FR","@id":"https:\/\/paracherkaoui.ma\/index.php\/produit\/caudalie-coffret-ange-des-vignes-parfum-light-fragrance-et-gel-douche-sans-savons-2\/#primaryimage","url":"https:\/\/paracherkaoui.ma\/wp-content\/uploads\/2025\/12\/caudalie-caudalie-coffret-ange-des-vignes-parfum-light-fragrance-et-gel-douche-sans-savons-hygiene.jpg","contentUrl":"https:\/\/paracherkaoui.ma\/wp-content\/uploads\/2025\/12\/caudalie-caudalie-coffret-ange-des-vignes-parfum-light-fragrance-et-gel-douche-sans-savons-hygiene.jpg","width":700,"height":700},{"@type":"BreadcrumbList","@id":"https:\/\/paracherkaoui.ma\/index.php\/produit\/caudalie-coffret-ange-des-vignes-parfum-light-fragrance-et-gel-douche-sans-savons-2\/#breadcrumb","itemListElement":[{"@type":"ListItem","position":1,"name":"Accueil","item":"https:\/\/paracherkaoui.ma\/"},{"@type":"ListItem","position":2,"name":"Boutique","item":"https:\/\/paracherkaoui.ma\/index.php\/boutique\/"},{"@type":"ListItem","position":3,"name":"CAUDALIE COFFRET ANGE DES VIGNES PARFUM LIGHT FRAGRANCE ET GEL DOUCHE SANS SAVONS"}]},{"@type":"WebSite","@id":"https:\/\/paracherkaoui.ma\/#website","url":"https:\/\/paracherkaoui.ma\/","name":"Paracherkaoui.ma","description":"Achetez en ligne sur Paracherkaoui.ma","potentialAction":[{"@type":"SearchAction","target":{"@type":"EntryPoint","urlTemplate":"https:\/\/paracherkaoui.ma\/?s={search_term_string}"},"query-input":{"@type":"PropertyValueSpecification","valueRequired":true,"valueName":"search_term_string"}}],"inLanguage":"fr-FR"}]}},"_links":{"self":[{"href":"https:\/\/paracherkaoui.ma\/index.php\/wp-json\/wp\/v2\/product\/48193","targetHints":{"allow":["GET"]}}],"collection":[{"href":"https:\/\/paracherkaoui.ma\/index.php\/wp-json\/wp\/v2\/product"}],"about":[{"href":"https:\/\/paracherkaoui.ma\/index.php\/wp-json\/wp\/v2\/types\/product"}],"replies":[{"embeddable":true,"href":"https:\/\/paracherkaoui.ma\/index.php\/wp-json\/wp\/v2\/comments?post=48193"}],"version-history":[{"count":1,"href":"https:\/\/paracherkaoui.ma\/index.php\/wp-json\/wp\/v2\/product\/48193\/revisions"}],"predecessor-version":[{"id":48228,"href":"https:\/\/paracherkaoui.ma\/index.php\/wp-json\/wp\/v2\/product\/48193\/revisions\/48228"}],"wp:featuredmedia":[{"embeddable":true,"href":"https:\/\/paracherkaoui.ma\/index.php\/wp-json\/wp\/v2\/media\/31475"}],"wp:attachment":[{"href":"https:\/\/paracherkaoui.ma\/index.php\/wp-json\/wp\/v2\/media?parent=48193"}],"wp:term":[{"taxonomy":"product_brand","embeddable":true,"href":"https:\/\/paracherkaoui.ma\/index.php\/wp-json\/wp\/v2\/product_brand?post=48193"},{"taxonomy":"product_cat","embeddable":true,"href":"https:\/\/paracherkaoui.ma\/index.php\/wp-json\/wp\/v2\/product_cat?post=48193"},{"taxonomy":"product_tag","embeddable":true,"href":"https:\/\/paracherkaoui.ma\/index.php\/wp-json\/wp\/v2\/product_tag?post=48193"}],"curies":[{"name":"wp","href":"https:\/\/api.w.org\/{rel}","templated":true}]}}