{"id":48141,"date":"2025-12-12T19:26:27","date_gmt":"2025-12-12T18:26:27","guid":{"rendered":"https:\/\/test.ecbeaute.com\/?post_type=product&#038;p=48141"},"modified":"2025-12-12T19:26:31","modified_gmt":"2025-12-12T18:26:31","slug":"algologie-coffret-tresor-des-vagues","status":"publish","type":"product","link":"https:\/\/paracherkaoui.ma\/index.php\/produit\/algologie-coffret-tresor-des-vagues\/","title":{"rendered":"ALGOLOGIE COFFRET TRESOR DES VAGUES"},"content":{"rendered":"<p>Le coffret contient :<br \/>\n-La Cr\u00e8me des Vagues (50ml) :\u00a0l\u00e9g\u00e8re et fondante, est enrichie en acide hyaluronique et actifs marins pour hydrater et d\u00e9salt\u00e9rer la peau durablement.<br \/>\n-Le Masque Nuit des Vagues (50ml) :\u00a0ressource la peau en agissant tout au long de la nuit pour une peau souple et infiniment douce d\u00e8s le r\u00e9veil.<br \/>\nConseils d\u2019utilisation :<br \/>\nCr\u00e8me des Vagues (50ml):<br \/>\nAppliquer matin et soir sur le visage et le cou parfaitement d\u00e9maquill\u00e9s.<br \/>\nNuit des Vagues (50ml):<br \/>\nAppliquer le soir sur le visage, le cou et le d\u00e9collet\u00e9, en couche moyenne et laisser agir toute la nuit. Peut \u00e9galement s\u2019utiliser dans la journ\u00e9e. Appliquer alors en couche \u00e9paisse et laisser poser 15 minutes, puis rincer.<\/p>\n","protected":false},"excerpt":{"rendered":"<p>Le coffret contient : -La Cr\u00e8me des Vagues (50ml) :\u00a0l\u00e9g\u00e8re et fondante, est enrichie en acide hyaluronique et actifs marins<\/p>\n","protected":false},"featured_media":48174,"comment_status":"open","ping_status":"closed","template":"","meta":[],"product_brand":[384],"product_cat":[858],"product_tag":[],"class_list":{"0":"post-48141","1":"product","2":"type-product","3":"status-publish","4":"has-post-thumbnail","6":"product_brand-algologie","7":"product_cat-les-bons-deals","9":"first","10":"instock","11":"sale","12":"shipping-taxable","13":"purchasable","14":"product-type-simple"},"yoast_head":"<!-- This site is optimized with the Yoast SEO plugin v26.6 - https:\/\/yoast.com\/wordpress\/plugins\/seo\/ -->\r\n<title>ALGOLOGIE COFFRET TRESOR DES VAGUES - Paracherkaoui.ma<\/title>\r\n<meta name=\"robots\" content=\"index, follow, max-snippet:-1, max-image-preview:large, max-video-preview:-1\" \/>\r\n<link rel=\"canonical\" href=\"https:\/\/paracherkaoui.ma\/index.php\/produit\/algologie-coffret-tresor-des-vagues\/\" \/>\r\n<meta property=\"og:locale\" content=\"fr_FR\" \/>\r\n<meta property=\"og:type\" content=\"article\" \/>\r\n<meta property=\"og:title\" content=\"ALGOLOGIE COFFRET TRESOR DES VAGUES - Paracherkaoui.ma\" \/>\r\n<meta property=\"og:description\" content=\"Le coffret contient : -La Cr\u00e8me des Vagues (50ml) :\u00a0l\u00e9g\u00e8re et fondante, est enrichie en acide hyaluronique et actifs marins\" \/>\r\n<meta property=\"og:url\" content=\"https:\/\/paracherkaoui.ma\/index.php\/produit\/algologie-coffret-tresor-des-vagues\/\" \/>\r\n<meta property=\"og:site_name\" content=\"Paracherkaoui.ma\" \/>\r\n<meta property=\"article:modified_time\" content=\"2025-12-12T18:26:31+00:00\" \/>\r\n<meta property=\"og:image\" content=\"https:\/\/paracherkaoui.ma\/wp-content\/uploads\/2025\/12\/algologie-algologie-coffret-tresor-des-vagues-promotions-diverses.jpg\" \/>\r\n\t<meta property=\"og:image:width\" content=\"700\" \/>\r\n\t<meta property=\"og:image:height\" content=\"700\" \/>\r\n\t<meta property=\"og:image:type\" content=\"image\/jpeg\" \/>\r\n<meta name=\"twitter:card\" content=\"summary_large_image\" \/>\r\n<meta name=\"twitter:label1\" content=\"Dur\u00e9e de lecture estim\u00e9e\" \/>\n\t<meta name=\"twitter:data1\" content=\"1 minute\" \/>\r\n<script type=\"application\/ld+json\" class=\"yoast-schema-graph\">{\"@context\":\"https:\/\/schema.org\",\"@graph\":[{\"@type\":\"WebPage\",\"@id\":\"https:\/\/paracherkaoui.ma\/index.php\/produit\/algologie-coffret-tresor-des-vagues\/\",\"url\":\"https:\/\/paracherkaoui.ma\/index.php\/produit\/algologie-coffret-tresor-des-vagues\/\",\"name\":\"ALGOLOGIE COFFRET TRESOR DES VAGUES - Paracherkaoui.ma\",\"isPartOf\":{\"@id\":\"https:\/\/paracherkaoui.ma\/#website\"},\"primaryImageOfPage\":{\"@id\":\"https:\/\/paracherkaoui.ma\/index.php\/produit\/algologie-coffret-tresor-des-vagues\/#primaryimage\"},\"image\":{\"@id\":\"https:\/\/paracherkaoui.ma\/index.php\/produit\/algologie-coffret-tresor-des-vagues\/#primaryimage\"},\"thumbnailUrl\":\"https:\/\/paracherkaoui.ma\/wp-content\/uploads\/2025\/12\/algologie-algologie-coffret-tresor-des-vagues-promotions-diverses.jpg\",\"datePublished\":\"2025-12-12T18:26:27+00:00\",\"dateModified\":\"2025-12-12T18:26:31+00:00\",\"breadcrumb\":{\"@id\":\"https:\/\/paracherkaoui.ma\/index.php\/produit\/algologie-coffret-tresor-des-vagues\/#breadcrumb\"},\"inLanguage\":\"fr-FR\",\"potentialAction\":[{\"@type\":\"ReadAction\",\"target\":[\"https:\/\/paracherkaoui.ma\/index.php\/produit\/algologie-coffret-tresor-des-vagues\/\"]}]},{\"@type\":\"ImageObject\",\"inLanguage\":\"fr-FR\",\"@id\":\"https:\/\/paracherkaoui.ma\/index.php\/produit\/algologie-coffret-tresor-des-vagues\/#primaryimage\",\"url\":\"https:\/\/paracherkaoui.ma\/wp-content\/uploads\/2025\/12\/algologie-algologie-coffret-tresor-des-vagues-promotions-diverses.jpg\",\"contentUrl\":\"https:\/\/paracherkaoui.ma\/wp-content\/uploads\/2025\/12\/algologie-algologie-coffret-tresor-des-vagues-promotions-diverses.jpg\",\"width\":700,\"height\":700},{\"@type\":\"BreadcrumbList\",\"@id\":\"https:\/\/paracherkaoui.ma\/index.php\/produit\/algologie-coffret-tresor-des-vagues\/#breadcrumb\",\"itemListElement\":[{\"@type\":\"ListItem\",\"position\":1,\"name\":\"Accueil\",\"item\":\"https:\/\/paracherkaoui.ma\/\"},{\"@type\":\"ListItem\",\"position\":2,\"name\":\"Boutique\",\"item\":\"https:\/\/paracherkaoui.ma\/index.php\/boutique\/\"},{\"@type\":\"ListItem\",\"position\":3,\"name\":\"ALGOLOGIE COFFRET TRESOR DES VAGUES\"}]},{\"@type\":\"WebSite\",\"@id\":\"https:\/\/paracherkaoui.ma\/#website\",\"url\":\"https:\/\/paracherkaoui.ma\/\",\"name\":\"Paracherkaoui.ma\",\"description\":\"Achetez en ligne sur Paracherkaoui.ma\",\"potentialAction\":[{\"@type\":\"SearchAction\",\"target\":{\"@type\":\"EntryPoint\",\"urlTemplate\":\"https:\/\/paracherkaoui.ma\/?s={search_term_string}\"},\"query-input\":{\"@type\":\"PropertyValueSpecification\",\"valueRequired\":true,\"valueName\":\"search_term_string\"}}],\"inLanguage\":\"fr-FR\"}]}<\/script>\r\n<!-- \/ Yoast SEO plugin. -->","yoast_head_json":{"title":"ALGOLOGIE COFFRET TRESOR DES VAGUES - Paracherkaoui.ma","robots":{"index":"index","follow":"follow","max-snippet":"max-snippet:-1","max-image-preview":"max-image-preview:large","max-video-preview":"max-video-preview:-1"},"canonical":"https:\/\/paracherkaoui.ma\/index.php\/produit\/algologie-coffret-tresor-des-vagues\/","og_locale":"fr_FR","og_type":"article","og_title":"ALGOLOGIE COFFRET TRESOR DES VAGUES - Paracherkaoui.ma","og_description":"Le coffret contient : -La Cr\u00e8me des Vagues (50ml) :\u00a0l\u00e9g\u00e8re et fondante, est enrichie en acide hyaluronique et actifs marins","og_url":"https:\/\/paracherkaoui.ma\/index.php\/produit\/algologie-coffret-tresor-des-vagues\/","og_site_name":"Paracherkaoui.ma","article_modified_time":"2025-12-12T18:26:31+00:00","og_image":[{"width":700,"height":700,"url":"https:\/\/paracherkaoui.ma\/wp-content\/uploads\/2025\/12\/algologie-algologie-coffret-tresor-des-vagues-promotions-diverses.jpg","type":"image\/jpeg"}],"twitter_card":"summary_large_image","twitter_misc":{"Dur\u00e9e de lecture estim\u00e9e":"1 minute"},"schema":{"@context":"https:\/\/schema.org","@graph":[{"@type":"WebPage","@id":"https:\/\/paracherkaoui.ma\/index.php\/produit\/algologie-coffret-tresor-des-vagues\/","url":"https:\/\/paracherkaoui.ma\/index.php\/produit\/algologie-coffret-tresor-des-vagues\/","name":"ALGOLOGIE COFFRET TRESOR DES VAGUES - Paracherkaoui.ma","isPartOf":{"@id":"https:\/\/paracherkaoui.ma\/#website"},"primaryImageOfPage":{"@id":"https:\/\/paracherkaoui.ma\/index.php\/produit\/algologie-coffret-tresor-des-vagues\/#primaryimage"},"image":{"@id":"https:\/\/paracherkaoui.ma\/index.php\/produit\/algologie-coffret-tresor-des-vagues\/#primaryimage"},"thumbnailUrl":"https:\/\/paracherkaoui.ma\/wp-content\/uploads\/2025\/12\/algologie-algologie-coffret-tresor-des-vagues-promotions-diverses.jpg","datePublished":"2025-12-12T18:26:27+00:00","dateModified":"2025-12-12T18:26:31+00:00","breadcrumb":{"@id":"https:\/\/paracherkaoui.ma\/index.php\/produit\/algologie-coffret-tresor-des-vagues\/#breadcrumb"},"inLanguage":"fr-FR","potentialAction":[{"@type":"ReadAction","target":["https:\/\/paracherkaoui.ma\/index.php\/produit\/algologie-coffret-tresor-des-vagues\/"]}]},{"@type":"ImageObject","inLanguage":"fr-FR","@id":"https:\/\/paracherkaoui.ma\/index.php\/produit\/algologie-coffret-tresor-des-vagues\/#primaryimage","url":"https:\/\/paracherkaoui.ma\/wp-content\/uploads\/2025\/12\/algologie-algologie-coffret-tresor-des-vagues-promotions-diverses.jpg","contentUrl":"https:\/\/paracherkaoui.ma\/wp-content\/uploads\/2025\/12\/algologie-algologie-coffret-tresor-des-vagues-promotions-diverses.jpg","width":700,"height":700},{"@type":"BreadcrumbList","@id":"https:\/\/paracherkaoui.ma\/index.php\/produit\/algologie-coffret-tresor-des-vagues\/#breadcrumb","itemListElement":[{"@type":"ListItem","position":1,"name":"Accueil","item":"https:\/\/paracherkaoui.ma\/"},{"@type":"ListItem","position":2,"name":"Boutique","item":"https:\/\/paracherkaoui.ma\/index.php\/boutique\/"},{"@type":"ListItem","position":3,"name":"ALGOLOGIE COFFRET TRESOR DES VAGUES"}]},{"@type":"WebSite","@id":"https:\/\/paracherkaoui.ma\/#website","url":"https:\/\/paracherkaoui.ma\/","name":"Paracherkaoui.ma","description":"Achetez en ligne sur Paracherkaoui.ma","potentialAction":[{"@type":"SearchAction","target":{"@type":"EntryPoint","urlTemplate":"https:\/\/paracherkaoui.ma\/?s={search_term_string}"},"query-input":{"@type":"PropertyValueSpecification","valueRequired":true,"valueName":"search_term_string"}}],"inLanguage":"fr-FR"}]}},"_links":{"self":[{"href":"https:\/\/paracherkaoui.ma\/index.php\/wp-json\/wp\/v2\/product\/48141","targetHints":{"allow":["GET"]}}],"collection":[{"href":"https:\/\/paracherkaoui.ma\/index.php\/wp-json\/wp\/v2\/product"}],"about":[{"href":"https:\/\/paracherkaoui.ma\/index.php\/wp-json\/wp\/v2\/types\/product"}],"replies":[{"embeddable":true,"href":"https:\/\/paracherkaoui.ma\/index.php\/wp-json\/wp\/v2\/comments?post=48141"}],"version-history":[{"count":1,"href":"https:\/\/paracherkaoui.ma\/index.php\/wp-json\/wp\/v2\/product\/48141\/revisions"}],"predecessor-version":[{"id":48175,"href":"https:\/\/paracherkaoui.ma\/index.php\/wp-json\/wp\/v2\/product\/48141\/revisions\/48175"}],"wp:featuredmedia":[{"embeddable":true,"href":"https:\/\/paracherkaoui.ma\/index.php\/wp-json\/wp\/v2\/media\/48174"}],"wp:attachment":[{"href":"https:\/\/paracherkaoui.ma\/index.php\/wp-json\/wp\/v2\/media?parent=48141"}],"wp:term":[{"taxonomy":"product_brand","embeddable":true,"href":"https:\/\/paracherkaoui.ma\/index.php\/wp-json\/wp\/v2\/product_brand?post=48141"},{"taxonomy":"product_cat","embeddable":true,"href":"https:\/\/paracherkaoui.ma\/index.php\/wp-json\/wp\/v2\/product_cat?post=48141"},{"taxonomy":"product_tag","embeddable":true,"href":"https:\/\/paracherkaoui.ma\/index.php\/wp-json\/wp\/v2\/product_tag?post=48141"}],"curies":[{"name":"wp","href":"https:\/\/api.w.org\/{rel}","templated":true}]}}