{"id":48056,"date":"2025-12-12T19:26:20","date_gmt":"2025-12-12T18:26:20","guid":{"rendered":"https:\/\/test.ecbeaute.com\/?post_type=product&#038;p=48056"},"modified":"2025-12-12T19:26:22","modified_gmt":"2025-12-12T18:26:22","slug":"elancyl-offre-my-coach-creme-goumage-moussant","status":"publish","type":"product","link":"https:\/\/paracherkaoui.ma\/index.php\/produit\/elancyl-offre-my-coach-creme-goumage-moussant\/","title":{"rendered":"ELANCYL OFFRE MY COACH CREME + GOUMAGE MOUSSANT"},"content":{"rendered":"<p>Le pack comprend :<br \/>\nELANCYL MY COACH CREME ANTI CELLULITE200 ML :<br \/>\nMY COACH est le premier produit ELANCYL avec 89% d&rsquo;ingr\u00e9dients d&rsquo;origine naturelle qui va multiplier les effets de vos petits efforts physiques du quotidien<br \/>\nELANCYL GOMMAGE MINCEUR 150 ML<br \/>\nLe gommage moussant \u00e9nergisant\u00a0des Laboratoires Elancyl s\u2019utilise plusieurs fois par semaine sur les peaux normales, afin de les nettoyer et de les exfolier, tout en tonifiant la peau.En effet, une fois votre peau parfaitement exfoli\u00e9e et les peaux mortes envol\u00e9es, celle-ci sera parfaitement pr\u00eate \u00e0 recevoir son soin minceur Elancyl afin que ce dernier p\u00e9n\u00e8tre mieux au c\u0153ur des cellules graisseuses.<\/p>\n","protected":false},"excerpt":{"rendered":"<p>Le pack comprend : ELANCYL MY COACH CREME ANTI CELLULITE200 ML : MY COACH est le premier produit ELANCYL avec<\/p>\n","protected":false},"featured_media":48087,"comment_status":"open","ping_status":"closed","template":"","meta":[],"product_brand":[597],"product_cat":[858],"product_tag":[],"class_list":{"0":"post-48056","1":"product","2":"type-product","3":"status-publish","4":"has-post-thumbnail","6":"product_brand-elancyl","7":"product_cat-les-bons-deals","9":"first","10":"instock","11":"sale","12":"shipping-taxable","13":"purchasable","14":"product-type-simple"},"yoast_head":"<!-- This site is optimized with the Yoast SEO plugin v26.6 - https:\/\/yoast.com\/wordpress\/plugins\/seo\/ -->\r\n<title>ELANCYL OFFRE MY COACH CREME + GOUMAGE MOUSSANT - Paracherkaoui.ma<\/title>\r\n<meta name=\"robots\" content=\"index, follow, max-snippet:-1, max-image-preview:large, max-video-preview:-1\" \/>\r\n<link rel=\"canonical\" href=\"https:\/\/paracherkaoui.ma\/index.php\/produit\/elancyl-offre-my-coach-creme-goumage-moussant\/\" \/>\r\n<meta property=\"og:locale\" content=\"fr_FR\" \/>\r\n<meta property=\"og:type\" content=\"article\" \/>\r\n<meta property=\"og:title\" content=\"ELANCYL OFFRE MY COACH CREME + GOUMAGE MOUSSANT - Paracherkaoui.ma\" \/>\r\n<meta property=\"og:description\" content=\"Le pack comprend : ELANCYL MY COACH CREME ANTI CELLULITE200 ML : MY COACH est le premier produit ELANCYL avec\" \/>\r\n<meta property=\"og:url\" content=\"https:\/\/paracherkaoui.ma\/index.php\/produit\/elancyl-offre-my-coach-creme-goumage-moussant\/\" \/>\r\n<meta property=\"og:site_name\" content=\"Paracherkaoui.ma\" \/>\r\n<meta property=\"article:modified_time\" content=\"2025-12-12T18:26:22+00:00\" \/>\r\n<meta property=\"og:image\" content=\"https:\/\/paracherkaoui.ma\/wp-content\/uploads\/2025\/12\/elancyl-elancyl-offre-my-coach-creme-goumage-moussant-promotions-diverses.jpg\" \/>\r\n\t<meta property=\"og:image:width\" content=\"700\" \/>\r\n\t<meta property=\"og:image:height\" content=\"700\" \/>\r\n\t<meta property=\"og:image:type\" content=\"image\/jpeg\" \/>\r\n<meta name=\"twitter:card\" content=\"summary_large_image\" \/>\r\n<meta name=\"twitter:label1\" content=\"Dur\u00e9e de lecture estim\u00e9e\" \/>\n\t<meta name=\"twitter:data1\" content=\"1 minute\" \/>\r\n<script type=\"application\/ld+json\" class=\"yoast-schema-graph\">{\"@context\":\"https:\/\/schema.org\",\"@graph\":[{\"@type\":\"WebPage\",\"@id\":\"https:\/\/paracherkaoui.ma\/index.php\/produit\/elancyl-offre-my-coach-creme-goumage-moussant\/\",\"url\":\"https:\/\/paracherkaoui.ma\/index.php\/produit\/elancyl-offre-my-coach-creme-goumage-moussant\/\",\"name\":\"ELANCYL OFFRE MY COACH CREME + GOUMAGE MOUSSANT - Paracherkaoui.ma\",\"isPartOf\":{\"@id\":\"https:\/\/paracherkaoui.ma\/#website\"},\"primaryImageOfPage\":{\"@id\":\"https:\/\/paracherkaoui.ma\/index.php\/produit\/elancyl-offre-my-coach-creme-goumage-moussant\/#primaryimage\"},\"image\":{\"@id\":\"https:\/\/paracherkaoui.ma\/index.php\/produit\/elancyl-offre-my-coach-creme-goumage-moussant\/#primaryimage\"},\"thumbnailUrl\":\"https:\/\/paracherkaoui.ma\/wp-content\/uploads\/2025\/12\/elancyl-elancyl-offre-my-coach-creme-goumage-moussant-promotions-diverses.jpg\",\"datePublished\":\"2025-12-12T18:26:20+00:00\",\"dateModified\":\"2025-12-12T18:26:22+00:00\",\"breadcrumb\":{\"@id\":\"https:\/\/paracherkaoui.ma\/index.php\/produit\/elancyl-offre-my-coach-creme-goumage-moussant\/#breadcrumb\"},\"inLanguage\":\"fr-FR\",\"potentialAction\":[{\"@type\":\"ReadAction\",\"target\":[\"https:\/\/paracherkaoui.ma\/index.php\/produit\/elancyl-offre-my-coach-creme-goumage-moussant\/\"]}]},{\"@type\":\"ImageObject\",\"inLanguage\":\"fr-FR\",\"@id\":\"https:\/\/paracherkaoui.ma\/index.php\/produit\/elancyl-offre-my-coach-creme-goumage-moussant\/#primaryimage\",\"url\":\"https:\/\/paracherkaoui.ma\/wp-content\/uploads\/2025\/12\/elancyl-elancyl-offre-my-coach-creme-goumage-moussant-promotions-diverses.jpg\",\"contentUrl\":\"https:\/\/paracherkaoui.ma\/wp-content\/uploads\/2025\/12\/elancyl-elancyl-offre-my-coach-creme-goumage-moussant-promotions-diverses.jpg\",\"width\":700,\"height\":700},{\"@type\":\"BreadcrumbList\",\"@id\":\"https:\/\/paracherkaoui.ma\/index.php\/produit\/elancyl-offre-my-coach-creme-goumage-moussant\/#breadcrumb\",\"itemListElement\":[{\"@type\":\"ListItem\",\"position\":1,\"name\":\"Accueil\",\"item\":\"https:\/\/paracherkaoui.ma\/\"},{\"@type\":\"ListItem\",\"position\":2,\"name\":\"Boutique\",\"item\":\"https:\/\/paracherkaoui.ma\/index.php\/boutique\/\"},{\"@type\":\"ListItem\",\"position\":3,\"name\":\"ELANCYL OFFRE MY COACH CREME + GOUMAGE MOUSSANT\"}]},{\"@type\":\"WebSite\",\"@id\":\"https:\/\/paracherkaoui.ma\/#website\",\"url\":\"https:\/\/paracherkaoui.ma\/\",\"name\":\"Paracherkaoui.ma\",\"description\":\"Achetez en ligne sur Paracherkaoui.ma\",\"potentialAction\":[{\"@type\":\"SearchAction\",\"target\":{\"@type\":\"EntryPoint\",\"urlTemplate\":\"https:\/\/paracherkaoui.ma\/?s={search_term_string}\"},\"query-input\":{\"@type\":\"PropertyValueSpecification\",\"valueRequired\":true,\"valueName\":\"search_term_string\"}}],\"inLanguage\":\"fr-FR\"}]}<\/script>\r\n<!-- \/ Yoast SEO plugin. -->","yoast_head_json":{"title":"ELANCYL OFFRE MY COACH CREME + GOUMAGE MOUSSANT - Paracherkaoui.ma","robots":{"index":"index","follow":"follow","max-snippet":"max-snippet:-1","max-image-preview":"max-image-preview:large","max-video-preview":"max-video-preview:-1"},"canonical":"https:\/\/paracherkaoui.ma\/index.php\/produit\/elancyl-offre-my-coach-creme-goumage-moussant\/","og_locale":"fr_FR","og_type":"article","og_title":"ELANCYL OFFRE MY COACH CREME + GOUMAGE MOUSSANT - Paracherkaoui.ma","og_description":"Le pack comprend : ELANCYL MY COACH CREME ANTI CELLULITE200 ML : MY COACH est le premier produit ELANCYL avec","og_url":"https:\/\/paracherkaoui.ma\/index.php\/produit\/elancyl-offre-my-coach-creme-goumage-moussant\/","og_site_name":"Paracherkaoui.ma","article_modified_time":"2025-12-12T18:26:22+00:00","og_image":[{"width":700,"height":700,"url":"https:\/\/paracherkaoui.ma\/wp-content\/uploads\/2025\/12\/elancyl-elancyl-offre-my-coach-creme-goumage-moussant-promotions-diverses.jpg","type":"image\/jpeg"}],"twitter_card":"summary_large_image","twitter_misc":{"Dur\u00e9e de lecture estim\u00e9e":"1 minute"},"schema":{"@context":"https:\/\/schema.org","@graph":[{"@type":"WebPage","@id":"https:\/\/paracherkaoui.ma\/index.php\/produit\/elancyl-offre-my-coach-creme-goumage-moussant\/","url":"https:\/\/paracherkaoui.ma\/index.php\/produit\/elancyl-offre-my-coach-creme-goumage-moussant\/","name":"ELANCYL OFFRE MY COACH CREME + GOUMAGE MOUSSANT - Paracherkaoui.ma","isPartOf":{"@id":"https:\/\/paracherkaoui.ma\/#website"},"primaryImageOfPage":{"@id":"https:\/\/paracherkaoui.ma\/index.php\/produit\/elancyl-offre-my-coach-creme-goumage-moussant\/#primaryimage"},"image":{"@id":"https:\/\/paracherkaoui.ma\/index.php\/produit\/elancyl-offre-my-coach-creme-goumage-moussant\/#primaryimage"},"thumbnailUrl":"https:\/\/paracherkaoui.ma\/wp-content\/uploads\/2025\/12\/elancyl-elancyl-offre-my-coach-creme-goumage-moussant-promotions-diverses.jpg","datePublished":"2025-12-12T18:26:20+00:00","dateModified":"2025-12-12T18:26:22+00:00","breadcrumb":{"@id":"https:\/\/paracherkaoui.ma\/index.php\/produit\/elancyl-offre-my-coach-creme-goumage-moussant\/#breadcrumb"},"inLanguage":"fr-FR","potentialAction":[{"@type":"ReadAction","target":["https:\/\/paracherkaoui.ma\/index.php\/produit\/elancyl-offre-my-coach-creme-goumage-moussant\/"]}]},{"@type":"ImageObject","inLanguage":"fr-FR","@id":"https:\/\/paracherkaoui.ma\/index.php\/produit\/elancyl-offre-my-coach-creme-goumage-moussant\/#primaryimage","url":"https:\/\/paracherkaoui.ma\/wp-content\/uploads\/2025\/12\/elancyl-elancyl-offre-my-coach-creme-goumage-moussant-promotions-diverses.jpg","contentUrl":"https:\/\/paracherkaoui.ma\/wp-content\/uploads\/2025\/12\/elancyl-elancyl-offre-my-coach-creme-goumage-moussant-promotions-diverses.jpg","width":700,"height":700},{"@type":"BreadcrumbList","@id":"https:\/\/paracherkaoui.ma\/index.php\/produit\/elancyl-offre-my-coach-creme-goumage-moussant\/#breadcrumb","itemListElement":[{"@type":"ListItem","position":1,"name":"Accueil","item":"https:\/\/paracherkaoui.ma\/"},{"@type":"ListItem","position":2,"name":"Boutique","item":"https:\/\/paracherkaoui.ma\/index.php\/boutique\/"},{"@type":"ListItem","position":3,"name":"ELANCYL OFFRE MY COACH CREME + GOUMAGE MOUSSANT"}]},{"@type":"WebSite","@id":"https:\/\/paracherkaoui.ma\/#website","url":"https:\/\/paracherkaoui.ma\/","name":"Paracherkaoui.ma","description":"Achetez en ligne sur Paracherkaoui.ma","potentialAction":[{"@type":"SearchAction","target":{"@type":"EntryPoint","urlTemplate":"https:\/\/paracherkaoui.ma\/?s={search_term_string}"},"query-input":{"@type":"PropertyValueSpecification","valueRequired":true,"valueName":"search_term_string"}}],"inLanguage":"fr-FR"}]}},"_links":{"self":[{"href":"https:\/\/paracherkaoui.ma\/index.php\/wp-json\/wp\/v2\/product\/48056","targetHints":{"allow":["GET"]}}],"collection":[{"href":"https:\/\/paracherkaoui.ma\/index.php\/wp-json\/wp\/v2\/product"}],"about":[{"href":"https:\/\/paracherkaoui.ma\/index.php\/wp-json\/wp\/v2\/types\/product"}],"replies":[{"embeddable":true,"href":"https:\/\/paracherkaoui.ma\/index.php\/wp-json\/wp\/v2\/comments?post=48056"}],"version-history":[{"count":1,"href":"https:\/\/paracherkaoui.ma\/index.php\/wp-json\/wp\/v2\/product\/48056\/revisions"}],"predecessor-version":[{"id":48088,"href":"https:\/\/paracherkaoui.ma\/index.php\/wp-json\/wp\/v2\/product\/48056\/revisions\/48088"}],"wp:featuredmedia":[{"embeddable":true,"href":"https:\/\/paracherkaoui.ma\/index.php\/wp-json\/wp\/v2\/media\/48087"}],"wp:attachment":[{"href":"https:\/\/paracherkaoui.ma\/index.php\/wp-json\/wp\/v2\/media?parent=48056"}],"wp:term":[{"taxonomy":"product_brand","embeddable":true,"href":"https:\/\/paracherkaoui.ma\/index.php\/wp-json\/wp\/v2\/product_brand?post=48056"},{"taxonomy":"product_cat","embeddable":true,"href":"https:\/\/paracherkaoui.ma\/index.php\/wp-json\/wp\/v2\/product_cat?post=48056"},{"taxonomy":"product_tag","embeddable":true,"href":"https:\/\/paracherkaoui.ma\/index.php\/wp-json\/wp\/v2\/product_tag?post=48056"}],"curies":[{"name":"wp","href":"https:\/\/api.w.org\/{rel}","templated":true}]}}