{"id":48053,"date":"2025-12-12T19:26:20","date_gmt":"2025-12-12T18:26:20","guid":{"rendered":"https:\/\/test.ecbeaute.com\/?post_type=product&#038;p=48053"},"modified":"2025-12-12T19:26:21","modified_gmt":"2025-12-12T18:26:21","slug":"puressentiel-offre-speciale-anti-pique-duo-repulsif-apaisant-enfant","status":"publish","type":"product","link":"https:\/\/paracherkaoui.ma\/index.php\/produit\/puressentiel-offre-speciale-anti-pique-duo-repulsif-apaisant-enfant\/","title":{"rendered":"PURESSENTIEL OFFRE SPECIALE ANTI PIQUE DUO REPULSIF APAISANT ENFANT"},"content":{"rendered":"<p>Apr\u00e8s de nombreuses exp\u00e9riences, et gr\u00e2ce \u00e0 l&rsquo;ing\u00e9niosit\u00e9 des experts Puressentiel, cette \u00e9dition limit\u00e9e Schtroumpfs est une v\u00e9ritable trouvaille pour les enfants d\u00e8s 3 ans. \u00c0 l&rsquo;int\u00e9rieur de ce coffret, d\u00e9couvrez deux produits d&rsquo;origine naturelle, pratiques et redoutablement efficaces, pens\u00e9s pour accompagner toutes leurs aventures estivales, du jardin au parc, en passant par la plage.<br \/>\nLe premier tr\u00e9sor de ce duo est le Spray R\u00e9pulsif + Apaisant Anti-Pique 75 ml. D&rsquo;origine v\u00e9g\u00e9tale, ce spray polyvalent est un v\u00e9ritable bouclier anti-insectes. Il repousse efficacement jusqu\u2019\u00e0 7 heures\u00b9 les ind\u00e9sirables piqueurs comme les moustiques tigres, les moustiques tropicaux, les tiques, et m\u00eame les phl\u00e9botomes. Sa formule est un concentr\u00e9 de nature, compos\u00e9e d&rsquo;huiles essentielles soigneusement s\u00e9lectionn\u00e9es : citronnelle de java, niaouli, tea tree, menthe poivr\u00e9e et lavandin grosse. Son actif, d\u00e9riv\u00e9 de l&rsquo;huile essentielle d&rsquo;eucalyptus citronn\u00e9, assure cette protection redoutable. Et le bonus, aussi malin que le Schtroumpf \u00e0 lunettes ? Il apaise la peau en cas de piq\u00fbre, offrant un effet 2-en-1 ultra-pratique. Sans gaz propulseur et test\u00e9 sous contr\u00f4le dermatologique, il respecte la peau sensible de vos enfants.<br \/>\nLe second indispensable est le Roller Multi-Apaisant Anti-Pique 5 ml. Ce petit format nomade est une baguette magique contre les d\u00e9mangeaisons. \u00c0 base de 11 huiles essentielles, il soulage instantan\u00e9ment les irritations apr\u00e8s une piq\u00fbre, qu&rsquo;elle provienne d&rsquo;un moustique, d&rsquo;une abeille, ou m\u00eame d&rsquo;une plante urticante comme les orties. Un simple et rapide coup de roll-on procure un effet frais et calmant d\u00e8s l\u2019application, aidant les enfants \u00e0 oublier les petits bobos en un clin d&rsquo;\u0153il.<br \/>\nConseils d&rsquo;utilisation :<br \/>\nSpray R\u00e9pulsif + Apaisant Anti-Pique<br \/>\nCommencez par agiter le Spray R\u00e9pulsif + Apaisant Anti-Pique avant emploi, puis, vaporiser et appliquer le produit uniform\u00e9ment sur le corps (6 pulv\u00e9risations).<br \/>\nA noter : pour les enfants (> 30 mois), ne pas d\u00e9passer plus de 7 pulv\u00e9risations par jour (1 pulv\u00e9risation = 0,12 ml).<br \/>\nPour le visage, vaporisez le produit sur les mains (1 pulv\u00e9risation), puis appliquez sur les joues et le front. Renouvelez l\u2019application si n\u00e9cessaire sans d\u00e9passer 3 applications par jour.<br \/>\nPensez \u00e0 vous laver soigneusement les mains apr\u00e8s chaque utilisation et \u00e0 r\u00e9appliquer ce r\u00e9pulsif moustique en cas de baignade ou de transpiration.<br \/>\nRoller Multi-Apaisant Anti-Pique<br \/>\nBien agiter avant emploi. Appliquer le roller directement sur la zone concern\u00e9e. Sur le visage, ne pas appliquer sur le contour de l&rsquo;\u0153il ni sur la bouche. Bien se laver les mains apr\u00e8s utilisation.<br \/>\nAdultes : jusqu\u2019\u00e0 3 fois\/jour.<br \/>\nEnfants (> 3 ans) : 2 fois\/jour, pendant 3 jours maximum si besoin.<\/p>\n","protected":false},"excerpt":{"rendered":"<p>Apr\u00e8s de nombreuses exp\u00e9riences, et gr\u00e2ce \u00e0 l&rsquo;ing\u00e9niosit\u00e9 des experts Puressentiel, cette \u00e9dition limit\u00e9e Schtroumpfs est une v\u00e9ritable trouvaille pour<\/p>\n","protected":false},"featured_media":48083,"comment_status":"open","ping_status":"closed","template":"","meta":[],"product_brand":[204],"product_cat":[858],"product_tag":[],"class_list":{"0":"post-48053","1":"product","2":"type-product","3":"status-publish","4":"has-post-thumbnail","6":"product_brand-puressentiel","7":"product_cat-les-bons-deals","9":"first","10":"instock","11":"sale","12":"shipping-taxable","13":"purchasable","14":"product-type-simple"},"yoast_head":"<!-- This site is optimized with the Yoast SEO plugin v26.6 - https:\/\/yoast.com\/wordpress\/plugins\/seo\/ -->\r\n<title>PURESSENTIEL OFFRE SPECIALE ANTI PIQUE DUO REPULSIF APAISANT ENFANT - Paracherkaoui.ma<\/title>\r\n<meta name=\"robots\" content=\"index, follow, max-snippet:-1, max-image-preview:large, max-video-preview:-1\" \/>\r\n<link rel=\"canonical\" href=\"https:\/\/paracherkaoui.ma\/index.php\/produit\/puressentiel-offre-speciale-anti-pique-duo-repulsif-apaisant-enfant\/\" \/>\r\n<meta property=\"og:locale\" content=\"fr_FR\" \/>\r\n<meta property=\"og:type\" content=\"article\" \/>\r\n<meta property=\"og:title\" content=\"PURESSENTIEL OFFRE SPECIALE ANTI PIQUE DUO REPULSIF APAISANT ENFANT - Paracherkaoui.ma\" \/>\r\n<meta property=\"og:description\" content=\"Apr\u00e8s de nombreuses exp\u00e9riences, et gr\u00e2ce \u00e0 l&rsquo;ing\u00e9niosit\u00e9 des experts Puressentiel, cette \u00e9dition limit\u00e9e Schtroumpfs est une v\u00e9ritable trouvaille pour\" \/>\r\n<meta property=\"og:url\" content=\"https:\/\/paracherkaoui.ma\/index.php\/produit\/puressentiel-offre-speciale-anti-pique-duo-repulsif-apaisant-enfant\/\" \/>\r\n<meta property=\"og:site_name\" content=\"Paracherkaoui.ma\" \/>\r\n<meta property=\"article:modified_time\" content=\"2025-12-12T18:26:21+00:00\" \/>\r\n<meta property=\"og:image\" content=\"https:\/\/paracherkaoui.ma\/wp-content\/uploads\/2025\/12\/puressentiel-offre-speciale-anti-pique-duo-repulsif-apaisant-enfant.jpg\" \/>\r\n\t<meta property=\"og:image:width\" content=\"700\" \/>\r\n\t<meta property=\"og:image:height\" content=\"700\" \/>\r\n\t<meta property=\"og:image:type\" content=\"image\/jpeg\" \/>\r\n<meta name=\"twitter:card\" content=\"summary_large_image\" \/>\r\n<meta name=\"twitter:label1\" content=\"Dur\u00e9e de lecture estim\u00e9e\" \/>\n\t<meta name=\"twitter:data1\" content=\"2 minutes\" \/>\r\n<script type=\"application\/ld+json\" class=\"yoast-schema-graph\">{\"@context\":\"https:\/\/schema.org\",\"@graph\":[{\"@type\":\"WebPage\",\"@id\":\"https:\/\/paracherkaoui.ma\/index.php\/produit\/puressentiel-offre-speciale-anti-pique-duo-repulsif-apaisant-enfant\/\",\"url\":\"https:\/\/paracherkaoui.ma\/index.php\/produit\/puressentiel-offre-speciale-anti-pique-duo-repulsif-apaisant-enfant\/\",\"name\":\"PURESSENTIEL OFFRE SPECIALE ANTI PIQUE DUO REPULSIF APAISANT ENFANT - Paracherkaoui.ma\",\"isPartOf\":{\"@id\":\"https:\/\/paracherkaoui.ma\/#website\"},\"primaryImageOfPage\":{\"@id\":\"https:\/\/paracherkaoui.ma\/index.php\/produit\/puressentiel-offre-speciale-anti-pique-duo-repulsif-apaisant-enfant\/#primaryimage\"},\"image\":{\"@id\":\"https:\/\/paracherkaoui.ma\/index.php\/produit\/puressentiel-offre-speciale-anti-pique-duo-repulsif-apaisant-enfant\/#primaryimage\"},\"thumbnailUrl\":\"https:\/\/paracherkaoui.ma\/wp-content\/uploads\/2025\/12\/puressentiel-offre-speciale-anti-pique-duo-repulsif-apaisant-enfant.jpg\",\"datePublished\":\"2025-12-12T18:26:20+00:00\",\"dateModified\":\"2025-12-12T18:26:21+00:00\",\"breadcrumb\":{\"@id\":\"https:\/\/paracherkaoui.ma\/index.php\/produit\/puressentiel-offre-speciale-anti-pique-duo-repulsif-apaisant-enfant\/#breadcrumb\"},\"inLanguage\":\"fr-FR\",\"potentialAction\":[{\"@type\":\"ReadAction\",\"target\":[\"https:\/\/paracherkaoui.ma\/index.php\/produit\/puressentiel-offre-speciale-anti-pique-duo-repulsif-apaisant-enfant\/\"]}]},{\"@type\":\"ImageObject\",\"inLanguage\":\"fr-FR\",\"@id\":\"https:\/\/paracherkaoui.ma\/index.php\/produit\/puressentiel-offre-speciale-anti-pique-duo-repulsif-apaisant-enfant\/#primaryimage\",\"url\":\"https:\/\/paracherkaoui.ma\/wp-content\/uploads\/2025\/12\/puressentiel-offre-speciale-anti-pique-duo-repulsif-apaisant-enfant.jpg\",\"contentUrl\":\"https:\/\/paracherkaoui.ma\/wp-content\/uploads\/2025\/12\/puressentiel-offre-speciale-anti-pique-duo-repulsif-apaisant-enfant.jpg\",\"width\":700,\"height\":700},{\"@type\":\"BreadcrumbList\",\"@id\":\"https:\/\/paracherkaoui.ma\/index.php\/produit\/puressentiel-offre-speciale-anti-pique-duo-repulsif-apaisant-enfant\/#breadcrumb\",\"itemListElement\":[{\"@type\":\"ListItem\",\"position\":1,\"name\":\"Accueil\",\"item\":\"https:\/\/paracherkaoui.ma\/\"},{\"@type\":\"ListItem\",\"position\":2,\"name\":\"Boutique\",\"item\":\"https:\/\/paracherkaoui.ma\/index.php\/boutique\/\"},{\"@type\":\"ListItem\",\"position\":3,\"name\":\"PURESSENTIEL OFFRE SPECIALE ANTI PIQUE DUO REPULSIF APAISANT ENFANT\"}]},{\"@type\":\"WebSite\",\"@id\":\"https:\/\/paracherkaoui.ma\/#website\",\"url\":\"https:\/\/paracherkaoui.ma\/\",\"name\":\"Paracherkaoui.ma\",\"description\":\"Achetez en ligne sur Paracherkaoui.ma\",\"potentialAction\":[{\"@type\":\"SearchAction\",\"target\":{\"@type\":\"EntryPoint\",\"urlTemplate\":\"https:\/\/paracherkaoui.ma\/?s={search_term_string}\"},\"query-input\":{\"@type\":\"PropertyValueSpecification\",\"valueRequired\":true,\"valueName\":\"search_term_string\"}}],\"inLanguage\":\"fr-FR\"}]}<\/script>\r\n<!-- \/ Yoast SEO plugin. -->","yoast_head_json":{"title":"PURESSENTIEL OFFRE SPECIALE ANTI PIQUE DUO REPULSIF APAISANT ENFANT - Paracherkaoui.ma","robots":{"index":"index","follow":"follow","max-snippet":"max-snippet:-1","max-image-preview":"max-image-preview:large","max-video-preview":"max-video-preview:-1"},"canonical":"https:\/\/paracherkaoui.ma\/index.php\/produit\/puressentiel-offre-speciale-anti-pique-duo-repulsif-apaisant-enfant\/","og_locale":"fr_FR","og_type":"article","og_title":"PURESSENTIEL OFFRE SPECIALE ANTI PIQUE DUO REPULSIF APAISANT ENFANT - Paracherkaoui.ma","og_description":"Apr\u00e8s de nombreuses exp\u00e9riences, et gr\u00e2ce \u00e0 l&rsquo;ing\u00e9niosit\u00e9 des experts Puressentiel, cette \u00e9dition limit\u00e9e Schtroumpfs est une v\u00e9ritable trouvaille pour","og_url":"https:\/\/paracherkaoui.ma\/index.php\/produit\/puressentiel-offre-speciale-anti-pique-duo-repulsif-apaisant-enfant\/","og_site_name":"Paracherkaoui.ma","article_modified_time":"2025-12-12T18:26:21+00:00","og_image":[{"width":700,"height":700,"url":"https:\/\/paracherkaoui.ma\/wp-content\/uploads\/2025\/12\/puressentiel-offre-speciale-anti-pique-duo-repulsif-apaisant-enfant.jpg","type":"image\/jpeg"}],"twitter_card":"summary_large_image","twitter_misc":{"Dur\u00e9e de lecture estim\u00e9e":"2 minutes"},"schema":{"@context":"https:\/\/schema.org","@graph":[{"@type":"WebPage","@id":"https:\/\/paracherkaoui.ma\/index.php\/produit\/puressentiel-offre-speciale-anti-pique-duo-repulsif-apaisant-enfant\/","url":"https:\/\/paracherkaoui.ma\/index.php\/produit\/puressentiel-offre-speciale-anti-pique-duo-repulsif-apaisant-enfant\/","name":"PURESSENTIEL OFFRE SPECIALE ANTI PIQUE DUO REPULSIF APAISANT ENFANT - Paracherkaoui.ma","isPartOf":{"@id":"https:\/\/paracherkaoui.ma\/#website"},"primaryImageOfPage":{"@id":"https:\/\/paracherkaoui.ma\/index.php\/produit\/puressentiel-offre-speciale-anti-pique-duo-repulsif-apaisant-enfant\/#primaryimage"},"image":{"@id":"https:\/\/paracherkaoui.ma\/index.php\/produit\/puressentiel-offre-speciale-anti-pique-duo-repulsif-apaisant-enfant\/#primaryimage"},"thumbnailUrl":"https:\/\/paracherkaoui.ma\/wp-content\/uploads\/2025\/12\/puressentiel-offre-speciale-anti-pique-duo-repulsif-apaisant-enfant.jpg","datePublished":"2025-12-12T18:26:20+00:00","dateModified":"2025-12-12T18:26:21+00:00","breadcrumb":{"@id":"https:\/\/paracherkaoui.ma\/index.php\/produit\/puressentiel-offre-speciale-anti-pique-duo-repulsif-apaisant-enfant\/#breadcrumb"},"inLanguage":"fr-FR","potentialAction":[{"@type":"ReadAction","target":["https:\/\/paracherkaoui.ma\/index.php\/produit\/puressentiel-offre-speciale-anti-pique-duo-repulsif-apaisant-enfant\/"]}]},{"@type":"ImageObject","inLanguage":"fr-FR","@id":"https:\/\/paracherkaoui.ma\/index.php\/produit\/puressentiel-offre-speciale-anti-pique-duo-repulsif-apaisant-enfant\/#primaryimage","url":"https:\/\/paracherkaoui.ma\/wp-content\/uploads\/2025\/12\/puressentiel-offre-speciale-anti-pique-duo-repulsif-apaisant-enfant.jpg","contentUrl":"https:\/\/paracherkaoui.ma\/wp-content\/uploads\/2025\/12\/puressentiel-offre-speciale-anti-pique-duo-repulsif-apaisant-enfant.jpg","width":700,"height":700},{"@type":"BreadcrumbList","@id":"https:\/\/paracherkaoui.ma\/index.php\/produit\/puressentiel-offre-speciale-anti-pique-duo-repulsif-apaisant-enfant\/#breadcrumb","itemListElement":[{"@type":"ListItem","position":1,"name":"Accueil","item":"https:\/\/paracherkaoui.ma\/"},{"@type":"ListItem","position":2,"name":"Boutique","item":"https:\/\/paracherkaoui.ma\/index.php\/boutique\/"},{"@type":"ListItem","position":3,"name":"PURESSENTIEL OFFRE SPECIALE ANTI PIQUE DUO REPULSIF APAISANT ENFANT"}]},{"@type":"WebSite","@id":"https:\/\/paracherkaoui.ma\/#website","url":"https:\/\/paracherkaoui.ma\/","name":"Paracherkaoui.ma","description":"Achetez en ligne sur Paracherkaoui.ma","potentialAction":[{"@type":"SearchAction","target":{"@type":"EntryPoint","urlTemplate":"https:\/\/paracherkaoui.ma\/?s={search_term_string}"},"query-input":{"@type":"PropertyValueSpecification","valueRequired":true,"valueName":"search_term_string"}}],"inLanguage":"fr-FR"}]}},"_links":{"self":[{"href":"https:\/\/paracherkaoui.ma\/index.php\/wp-json\/wp\/v2\/product\/48053","targetHints":{"allow":["GET"]}}],"collection":[{"href":"https:\/\/paracherkaoui.ma\/index.php\/wp-json\/wp\/v2\/product"}],"about":[{"href":"https:\/\/paracherkaoui.ma\/index.php\/wp-json\/wp\/v2\/types\/product"}],"replies":[{"embeddable":true,"href":"https:\/\/paracherkaoui.ma\/index.php\/wp-json\/wp\/v2\/comments?post=48053"}],"version-history":[{"count":1,"href":"https:\/\/paracherkaoui.ma\/index.php\/wp-json\/wp\/v2\/product\/48053\/revisions"}],"predecessor-version":[{"id":48084,"href":"https:\/\/paracherkaoui.ma\/index.php\/wp-json\/wp\/v2\/product\/48053\/revisions\/48084"}],"wp:featuredmedia":[{"embeddable":true,"href":"https:\/\/paracherkaoui.ma\/index.php\/wp-json\/wp\/v2\/media\/48083"}],"wp:attachment":[{"href":"https:\/\/paracherkaoui.ma\/index.php\/wp-json\/wp\/v2\/media?parent=48053"}],"wp:term":[{"taxonomy":"product_brand","embeddable":true,"href":"https:\/\/paracherkaoui.ma\/index.php\/wp-json\/wp\/v2\/product_brand?post=48053"},{"taxonomy":"product_cat","embeddable":true,"href":"https:\/\/paracherkaoui.ma\/index.php\/wp-json\/wp\/v2\/product_cat?post=48053"},{"taxonomy":"product_tag","embeddable":true,"href":"https:\/\/paracherkaoui.ma\/index.php\/wp-json\/wp\/v2\/product_tag?post=48053"}],"curies":[{"name":"wp","href":"https:\/\/api.w.org\/{rel}","templated":true}]}}