{"id":48011,"date":"2025-12-12T19:26:15","date_gmt":"2025-12-12T18:26:15","guid":{"rendered":"https:\/\/test.ecbeaute.com\/?post_type=product&#038;p=48011"},"modified":"2025-12-12T19:26:19","modified_gmt":"2025-12-12T18:26:19","slug":"mesoestetic-coffre-dermamelan-home-pack","status":"publish","type":"product","link":"https:\/\/paracherkaoui.ma\/index.php\/produit\/mesoestetic-coffre-dermamelan-home-pack\/","title":{"rendered":"MESOESTETIC COFFRE DERMAMELAN HOME PACK"},"content":{"rendered":"<p>Mesoestetic Dermamelan Home Pack combine les 3 produits essentiels pour traiter les taches hyperpigment\u00e9es. Le traitement comprend :<br \/>\nTraitement Dermamelan 30g:\u00a0Est une cr\u00e8me d\u00e9pigmentante intensive, indiqu\u00e9e pour la correction des taches hyperpigment\u00e9es et la r\u00e9gulation de la production de m\u00e9lanine. Il convient \u00e0 tous les phototypes cutan\u00e9s et est tr\u00e8s efficace dans le traitement de divers types de pigmentation tels que le m\u00e9lasma, le chloasma, les taches de vieillesse ou s\u00e9niles, lentigos, induits par la contraception orale ou post-inflammatoires.<br \/>\nMelan Recovery 50 ml:\u00a0C\u2019est un baume apaisant qui r\u00e9duit la sensibilit\u00e9 des peaux soumises \u00e0 des traitements m\u00e9dico-esth\u00e9tiques intensifs. Ce baume est recommand\u00e9 pour adoucir et r\u00e9conforter la peau apr\u00e8s des traitements tels que Dermamelan Pack et Dermamelan treatment. C\u2019est, en d\u2019autres termes, un traitement hautement apaisant qui procure une sensation imm\u00e9diate de soulagement cutan\u00e9. Il est donc indispensable dans les traitements d\u00e9pigmentants.<br \/>\nMelan 130 Pigment Control:\u00a0C\u2019est un \u00e9cran solaire teint\u00e9 qui prot\u00e8ge la peau des rayons UVA, UVB, IR et de la lumi\u00e8re visible (HEV). D\u00e9velopp\u00e9 avec une combinaison unique de filtres physiques et chimiques, il offre par cons\u00e9quent une protection de 131 UVB et 67 UVA. De plus, Melan 130 offre \u00e9galement une protection biologique qui permet la neutralisation des radicaux libres. M\u00eame les radicaux libres produits par le rayonnement infrarouge (IR) et la lumi\u00e8re visible (HEV). Mais l\u2019ingr\u00e9dient actif qui rend cette formulation tr\u00e8s particuli\u00e8re est l\u2019actif d\u00e9pigmentant. Cet \u00e9cran solaire aide \u00e0 r\u00e9guler le processus de formation de m\u00e9lanine d\u00e9clench\u00e9 par le soleil. En d\u2019autres termes, parfait pour les peaux sujettes aux taches brunes!<\/p>\n","protected":false},"excerpt":{"rendered":"<p>Mesoestetic Dermamelan Home Pack combine les 3 produits essentiels pour traiter les taches hyperpigment\u00e9es. Le traitement comprend : Traitement Dermamelan<\/p>\n","protected":false},"featured_media":48047,"comment_status":"open","ping_status":"closed","template":"","meta":[],"product_brand":[399],"product_cat":[858],"product_tag":[],"class_list":{"0":"post-48011","1":"product","2":"type-product","3":"status-publish","4":"has-post-thumbnail","6":"product_brand-mesoestetic","7":"product_cat-les-bons-deals","9":"first","10":"instock","11":"sale","12":"shipping-taxable","13":"purchasable","14":"product-type-simple"},"yoast_head":"<!-- This site is optimized with the Yoast SEO plugin v26.6 - https:\/\/yoast.com\/wordpress\/plugins\/seo\/ -->\r\n<title>MESOESTETIC COFFRE DERMAMELAN HOME PACK - Paracherkaoui.ma<\/title>\r\n<meta name=\"robots\" content=\"index, follow, max-snippet:-1, max-image-preview:large, max-video-preview:-1\" \/>\r\n<link rel=\"canonical\" href=\"https:\/\/paracherkaoui.ma\/index.php\/produit\/mesoestetic-coffre-dermamelan-home-pack\/\" \/>\r\n<meta property=\"og:locale\" content=\"fr_FR\" \/>\r\n<meta property=\"og:type\" content=\"article\" \/>\r\n<meta property=\"og:title\" content=\"MESOESTETIC COFFRE DERMAMELAN HOME PACK - Paracherkaoui.ma\" \/>\r\n<meta property=\"og:description\" content=\"Mesoestetic Dermamelan Home Pack combine les 3 produits essentiels pour traiter les taches hyperpigment\u00e9es. Le traitement comprend : Traitement Dermamelan\" \/>\r\n<meta property=\"og:url\" content=\"https:\/\/paracherkaoui.ma\/index.php\/produit\/mesoestetic-coffre-dermamelan-home-pack\/\" \/>\r\n<meta property=\"og:site_name\" content=\"Paracherkaoui.ma\" \/>\r\n<meta property=\"article:modified_time\" content=\"2025-12-12T18:26:19+00:00\" \/>\r\n<meta property=\"og:image\" content=\"https:\/\/paracherkaoui.ma\/wp-content\/uploads\/2025\/12\/mesoestetic-mesoestetic-coffre-dermamelan-home-pack-promotions-diverses.jpg\" \/>\r\n\t<meta property=\"og:image:width\" content=\"700\" \/>\r\n\t<meta property=\"og:image:height\" content=\"700\" \/>\r\n\t<meta property=\"og:image:type\" content=\"image\/jpeg\" \/>\r\n<meta name=\"twitter:card\" content=\"summary_large_image\" \/>\r\n<meta name=\"twitter:label1\" content=\"Dur\u00e9e de lecture estim\u00e9e\" \/>\n\t<meta name=\"twitter:data1\" content=\"1 minute\" \/>\r\n<script type=\"application\/ld+json\" class=\"yoast-schema-graph\">{\"@context\":\"https:\/\/schema.org\",\"@graph\":[{\"@type\":\"WebPage\",\"@id\":\"https:\/\/paracherkaoui.ma\/index.php\/produit\/mesoestetic-coffre-dermamelan-home-pack\/\",\"url\":\"https:\/\/paracherkaoui.ma\/index.php\/produit\/mesoestetic-coffre-dermamelan-home-pack\/\",\"name\":\"MESOESTETIC COFFRE DERMAMELAN HOME PACK - Paracherkaoui.ma\",\"isPartOf\":{\"@id\":\"https:\/\/paracherkaoui.ma\/#website\"},\"primaryImageOfPage\":{\"@id\":\"https:\/\/paracherkaoui.ma\/index.php\/produit\/mesoestetic-coffre-dermamelan-home-pack\/#primaryimage\"},\"image\":{\"@id\":\"https:\/\/paracherkaoui.ma\/index.php\/produit\/mesoestetic-coffre-dermamelan-home-pack\/#primaryimage\"},\"thumbnailUrl\":\"https:\/\/paracherkaoui.ma\/wp-content\/uploads\/2025\/12\/mesoestetic-mesoestetic-coffre-dermamelan-home-pack-promotions-diverses.jpg\",\"datePublished\":\"2025-12-12T18:26:15+00:00\",\"dateModified\":\"2025-12-12T18:26:19+00:00\",\"breadcrumb\":{\"@id\":\"https:\/\/paracherkaoui.ma\/index.php\/produit\/mesoestetic-coffre-dermamelan-home-pack\/#breadcrumb\"},\"inLanguage\":\"fr-FR\",\"potentialAction\":[{\"@type\":\"ReadAction\",\"target\":[\"https:\/\/paracherkaoui.ma\/index.php\/produit\/mesoestetic-coffre-dermamelan-home-pack\/\"]}]},{\"@type\":\"ImageObject\",\"inLanguage\":\"fr-FR\",\"@id\":\"https:\/\/paracherkaoui.ma\/index.php\/produit\/mesoestetic-coffre-dermamelan-home-pack\/#primaryimage\",\"url\":\"https:\/\/paracherkaoui.ma\/wp-content\/uploads\/2025\/12\/mesoestetic-mesoestetic-coffre-dermamelan-home-pack-promotions-diverses.jpg\",\"contentUrl\":\"https:\/\/paracherkaoui.ma\/wp-content\/uploads\/2025\/12\/mesoestetic-mesoestetic-coffre-dermamelan-home-pack-promotions-diverses.jpg\",\"width\":700,\"height\":700},{\"@type\":\"BreadcrumbList\",\"@id\":\"https:\/\/paracherkaoui.ma\/index.php\/produit\/mesoestetic-coffre-dermamelan-home-pack\/#breadcrumb\",\"itemListElement\":[{\"@type\":\"ListItem\",\"position\":1,\"name\":\"Accueil\",\"item\":\"https:\/\/paracherkaoui.ma\/\"},{\"@type\":\"ListItem\",\"position\":2,\"name\":\"Boutique\",\"item\":\"https:\/\/paracherkaoui.ma\/index.php\/boutique\/\"},{\"@type\":\"ListItem\",\"position\":3,\"name\":\"MESOESTETIC COFFRE DERMAMELAN HOME PACK\"}]},{\"@type\":\"WebSite\",\"@id\":\"https:\/\/paracherkaoui.ma\/#website\",\"url\":\"https:\/\/paracherkaoui.ma\/\",\"name\":\"Paracherkaoui.ma\",\"description\":\"Achetez en ligne sur Paracherkaoui.ma\",\"potentialAction\":[{\"@type\":\"SearchAction\",\"target\":{\"@type\":\"EntryPoint\",\"urlTemplate\":\"https:\/\/paracherkaoui.ma\/?s={search_term_string}\"},\"query-input\":{\"@type\":\"PropertyValueSpecification\",\"valueRequired\":true,\"valueName\":\"search_term_string\"}}],\"inLanguage\":\"fr-FR\"}]}<\/script>\r\n<!-- \/ Yoast SEO plugin. -->","yoast_head_json":{"title":"MESOESTETIC COFFRE DERMAMELAN HOME PACK - Paracherkaoui.ma","robots":{"index":"index","follow":"follow","max-snippet":"max-snippet:-1","max-image-preview":"max-image-preview:large","max-video-preview":"max-video-preview:-1"},"canonical":"https:\/\/paracherkaoui.ma\/index.php\/produit\/mesoestetic-coffre-dermamelan-home-pack\/","og_locale":"fr_FR","og_type":"article","og_title":"MESOESTETIC COFFRE DERMAMELAN HOME PACK - Paracherkaoui.ma","og_description":"Mesoestetic Dermamelan Home Pack combine les 3 produits essentiels pour traiter les taches hyperpigment\u00e9es. Le traitement comprend : Traitement Dermamelan","og_url":"https:\/\/paracherkaoui.ma\/index.php\/produit\/mesoestetic-coffre-dermamelan-home-pack\/","og_site_name":"Paracherkaoui.ma","article_modified_time":"2025-12-12T18:26:19+00:00","og_image":[{"width":700,"height":700,"url":"https:\/\/paracherkaoui.ma\/wp-content\/uploads\/2025\/12\/mesoestetic-mesoestetic-coffre-dermamelan-home-pack-promotions-diverses.jpg","type":"image\/jpeg"}],"twitter_card":"summary_large_image","twitter_misc":{"Dur\u00e9e de lecture estim\u00e9e":"1 minute"},"schema":{"@context":"https:\/\/schema.org","@graph":[{"@type":"WebPage","@id":"https:\/\/paracherkaoui.ma\/index.php\/produit\/mesoestetic-coffre-dermamelan-home-pack\/","url":"https:\/\/paracherkaoui.ma\/index.php\/produit\/mesoestetic-coffre-dermamelan-home-pack\/","name":"MESOESTETIC COFFRE DERMAMELAN HOME PACK - Paracherkaoui.ma","isPartOf":{"@id":"https:\/\/paracherkaoui.ma\/#website"},"primaryImageOfPage":{"@id":"https:\/\/paracherkaoui.ma\/index.php\/produit\/mesoestetic-coffre-dermamelan-home-pack\/#primaryimage"},"image":{"@id":"https:\/\/paracherkaoui.ma\/index.php\/produit\/mesoestetic-coffre-dermamelan-home-pack\/#primaryimage"},"thumbnailUrl":"https:\/\/paracherkaoui.ma\/wp-content\/uploads\/2025\/12\/mesoestetic-mesoestetic-coffre-dermamelan-home-pack-promotions-diverses.jpg","datePublished":"2025-12-12T18:26:15+00:00","dateModified":"2025-12-12T18:26:19+00:00","breadcrumb":{"@id":"https:\/\/paracherkaoui.ma\/index.php\/produit\/mesoestetic-coffre-dermamelan-home-pack\/#breadcrumb"},"inLanguage":"fr-FR","potentialAction":[{"@type":"ReadAction","target":["https:\/\/paracherkaoui.ma\/index.php\/produit\/mesoestetic-coffre-dermamelan-home-pack\/"]}]},{"@type":"ImageObject","inLanguage":"fr-FR","@id":"https:\/\/paracherkaoui.ma\/index.php\/produit\/mesoestetic-coffre-dermamelan-home-pack\/#primaryimage","url":"https:\/\/paracherkaoui.ma\/wp-content\/uploads\/2025\/12\/mesoestetic-mesoestetic-coffre-dermamelan-home-pack-promotions-diverses.jpg","contentUrl":"https:\/\/paracherkaoui.ma\/wp-content\/uploads\/2025\/12\/mesoestetic-mesoestetic-coffre-dermamelan-home-pack-promotions-diverses.jpg","width":700,"height":700},{"@type":"BreadcrumbList","@id":"https:\/\/paracherkaoui.ma\/index.php\/produit\/mesoestetic-coffre-dermamelan-home-pack\/#breadcrumb","itemListElement":[{"@type":"ListItem","position":1,"name":"Accueil","item":"https:\/\/paracherkaoui.ma\/"},{"@type":"ListItem","position":2,"name":"Boutique","item":"https:\/\/paracherkaoui.ma\/index.php\/boutique\/"},{"@type":"ListItem","position":3,"name":"MESOESTETIC COFFRE DERMAMELAN HOME PACK"}]},{"@type":"WebSite","@id":"https:\/\/paracherkaoui.ma\/#website","url":"https:\/\/paracherkaoui.ma\/","name":"Paracherkaoui.ma","description":"Achetez en ligne sur Paracherkaoui.ma","potentialAction":[{"@type":"SearchAction","target":{"@type":"EntryPoint","urlTemplate":"https:\/\/paracherkaoui.ma\/?s={search_term_string}"},"query-input":{"@type":"PropertyValueSpecification","valueRequired":true,"valueName":"search_term_string"}}],"inLanguage":"fr-FR"}]}},"_links":{"self":[{"href":"https:\/\/paracherkaoui.ma\/index.php\/wp-json\/wp\/v2\/product\/48011","targetHints":{"allow":["GET"]}}],"collection":[{"href":"https:\/\/paracherkaoui.ma\/index.php\/wp-json\/wp\/v2\/product"}],"about":[{"href":"https:\/\/paracherkaoui.ma\/index.php\/wp-json\/wp\/v2\/types\/product"}],"replies":[{"embeddable":true,"href":"https:\/\/paracherkaoui.ma\/index.php\/wp-json\/wp\/v2\/comments?post=48011"}],"version-history":[{"count":1,"href":"https:\/\/paracherkaoui.ma\/index.php\/wp-json\/wp\/v2\/product\/48011\/revisions"}],"predecessor-version":[{"id":48048,"href":"https:\/\/paracherkaoui.ma\/index.php\/wp-json\/wp\/v2\/product\/48011\/revisions\/48048"}],"wp:featuredmedia":[{"embeddable":true,"href":"https:\/\/paracherkaoui.ma\/index.php\/wp-json\/wp\/v2\/media\/48047"}],"wp:attachment":[{"href":"https:\/\/paracherkaoui.ma\/index.php\/wp-json\/wp\/v2\/media?parent=48011"}],"wp:term":[{"taxonomy":"product_brand","embeddable":true,"href":"https:\/\/paracherkaoui.ma\/index.php\/wp-json\/wp\/v2\/product_brand?post=48011"},{"taxonomy":"product_cat","embeddable":true,"href":"https:\/\/paracherkaoui.ma\/index.php\/wp-json\/wp\/v2\/product_cat?post=48011"},{"taxonomy":"product_tag","embeddable":true,"href":"https:\/\/paracherkaoui.ma\/index.php\/wp-json\/wp\/v2\/product_tag?post=48011"}],"curies":[{"name":"wp","href":"https:\/\/api.w.org\/{rel}","templated":true}]}}