{"id":48010,"date":"2025-12-12T19:26:15","date_gmt":"2025-12-12T18:26:15","guid":{"rendered":"https:\/\/test.ecbeaute.com\/?post_type=product&#038;p=48010"},"modified":"2025-12-12T19:26:19","modified_gmt":"2025-12-12T18:26:19","slug":"mam-offre-sac-bebe-speciale-fille","status":"publish","type":"product","link":"https:\/\/paracherkaoui.ma\/index.php\/produit\/mam-offre-sac-bebe-speciale-fille\/","title":{"rendered":"MAM OFFRE SAC BEBE SPECIALE FILLE"},"content":{"rendered":"<p>LE SAC CONTIENT :<br \/>\nMAM BIBERON EN VERRE FEEL GOOD 170 ML 0 MOIS +<br \/>\nVerre tr\u00e8s r\u00e9sistant \u00e0 la chaleur.<br \/>\nIl peut \u00eatre chauff\u00e9 ou refroidi rapidement, nettoy\u00e9 au lave-vaisselle et st\u00e9rilis\u00e9 \u00e0 des temp\u00e9ratures \u00e9lev\u00e9es.<br \/>\nMAM BIBERON ANTI COLIQUE EASY START 260 ML 2 MOIS + :<br \/>\nL&rsquo;ouverture large du col du biberon Easy Active de MAM facilite le remplissage et le nettoyage du biberon.<br \/>\nMAM BIBERON BABY BOTTLE EASY ACTIVE 330ML 4 MOIS+<\/p>\n<p>MAM STARTER CUP 150 ML 4 MOIS +<br \/>\n150 ml \u2013 Ultral\u00e9g\u00e8re et cintr\u00e9e pour une pr\u00e9hension facile par les b\u00e9b\u00e9s<br \/>\nPoign\u00e9es antid\u00e9rapantes adaptables \u00e0 tous les r\u00e9cipients MAM<br \/>\nBec \u00e9tanche et ultra doux<br \/>\nMAM SUCETTES NUIT 2-6 MOIS<br \/>\nMAM Sucette Silicone Oiseau Vert Brille dans la Nuit 0-6 mois + Boite de St\u00e9rilisation est une sucette id\u00e9ale pour votre enfant en bas-\u00e2ge de sa naissance \u00e0 ses 6 mois,<br \/>\nMAM ANNEAU REFRIGERANT 4 MOIS+<br \/>\nLes premi\u00e8res dents de b\u00e9b\u00e9 \u2013 une nouvelle aventure. Les designers de MAM ont mis au point un anneau de dentition \u00e0 la fois cool et rafra\u00eechissant. Entre mordillements, effets rafra\u00eechissant et apaisant, l&rsquo;anneau Cooler fait oublier aux b\u00e9b\u00e9s les d\u00e9sagr\u00e9ments de la pouss\u00e9e dentaire<br \/>\n+ SAC MAM<\/p>\n","protected":false},"excerpt":{"rendered":"<p>LE SAC CONTIENT : MAM BIBERON EN VERRE FEEL GOOD 170 ML 0 MOIS + Verre tr\u00e8s r\u00e9sistant \u00e0 la<\/p>\n","protected":false},"featured_media":48045,"comment_status":"open","ping_status":"closed","template":"","meta":[],"product_brand":[727],"product_cat":[858],"product_tag":[],"class_list":{"0":"post-48010","1":"product","2":"type-product","3":"status-publish","4":"has-post-thumbnail","6":"product_brand-mam","7":"product_cat-les-bons-deals","9":"first","10":"instock","11":"sale","12":"shipping-taxable","13":"purchasable","14":"product-type-simple"},"yoast_head":"<!-- This site is optimized with the Yoast SEO plugin v26.6 - https:\/\/yoast.com\/wordpress\/plugins\/seo\/ -->\r\n<title>MAM OFFRE SAC BEBE SPECIALE FILLE - Paracherkaoui.ma<\/title>\r\n<meta name=\"robots\" content=\"index, follow, max-snippet:-1, max-image-preview:large, max-video-preview:-1\" \/>\r\n<link rel=\"canonical\" href=\"https:\/\/paracherkaoui.ma\/index.php\/produit\/mam-offre-sac-bebe-speciale-fille\/\" \/>\r\n<meta property=\"og:locale\" content=\"fr_FR\" \/>\r\n<meta property=\"og:type\" content=\"article\" \/>\r\n<meta property=\"og:title\" content=\"MAM OFFRE SAC BEBE SPECIALE FILLE - Paracherkaoui.ma\" \/>\r\n<meta property=\"og:description\" content=\"LE SAC CONTIENT : MAM BIBERON EN VERRE FEEL GOOD 170 ML 0 MOIS + Verre tr\u00e8s r\u00e9sistant \u00e0 la\" \/>\r\n<meta property=\"og:url\" content=\"https:\/\/paracherkaoui.ma\/index.php\/produit\/mam-offre-sac-bebe-speciale-fille\/\" \/>\r\n<meta property=\"og:site_name\" content=\"Paracherkaoui.ma\" \/>\r\n<meta property=\"article:modified_time\" content=\"2025-12-12T18:26:19+00:00\" \/>\r\n<meta property=\"og:image\" content=\"https:\/\/paracherkaoui.ma\/wp-content\/uploads\/2025\/12\/mam-mam-offre-sac-bebe-speciale-fille-promotions-diverses.jpg\" \/>\r\n\t<meta property=\"og:image:width\" content=\"700\" \/>\r\n\t<meta property=\"og:image:height\" content=\"700\" \/>\r\n\t<meta property=\"og:image:type\" content=\"image\/jpeg\" \/>\r\n<meta name=\"twitter:card\" content=\"summary_large_image\" \/>\r\n<meta name=\"twitter:label1\" content=\"Dur\u00e9e de lecture estim\u00e9e\" \/>\n\t<meta name=\"twitter:data1\" content=\"1 minute\" \/>\r\n<script type=\"application\/ld+json\" class=\"yoast-schema-graph\">{\"@context\":\"https:\/\/schema.org\",\"@graph\":[{\"@type\":\"WebPage\",\"@id\":\"https:\/\/paracherkaoui.ma\/index.php\/produit\/mam-offre-sac-bebe-speciale-fille\/\",\"url\":\"https:\/\/paracherkaoui.ma\/index.php\/produit\/mam-offre-sac-bebe-speciale-fille\/\",\"name\":\"MAM OFFRE SAC BEBE SPECIALE FILLE - Paracherkaoui.ma\",\"isPartOf\":{\"@id\":\"https:\/\/paracherkaoui.ma\/#website\"},\"primaryImageOfPage\":{\"@id\":\"https:\/\/paracherkaoui.ma\/index.php\/produit\/mam-offre-sac-bebe-speciale-fille\/#primaryimage\"},\"image\":{\"@id\":\"https:\/\/paracherkaoui.ma\/index.php\/produit\/mam-offre-sac-bebe-speciale-fille\/#primaryimage\"},\"thumbnailUrl\":\"https:\/\/paracherkaoui.ma\/wp-content\/uploads\/2025\/12\/mam-mam-offre-sac-bebe-speciale-fille-promotions-diverses.jpg\",\"datePublished\":\"2025-12-12T18:26:15+00:00\",\"dateModified\":\"2025-12-12T18:26:19+00:00\",\"breadcrumb\":{\"@id\":\"https:\/\/paracherkaoui.ma\/index.php\/produit\/mam-offre-sac-bebe-speciale-fille\/#breadcrumb\"},\"inLanguage\":\"fr-FR\",\"potentialAction\":[{\"@type\":\"ReadAction\",\"target\":[\"https:\/\/paracherkaoui.ma\/index.php\/produit\/mam-offre-sac-bebe-speciale-fille\/\"]}]},{\"@type\":\"ImageObject\",\"inLanguage\":\"fr-FR\",\"@id\":\"https:\/\/paracherkaoui.ma\/index.php\/produit\/mam-offre-sac-bebe-speciale-fille\/#primaryimage\",\"url\":\"https:\/\/paracherkaoui.ma\/wp-content\/uploads\/2025\/12\/mam-mam-offre-sac-bebe-speciale-fille-promotions-diverses.jpg\",\"contentUrl\":\"https:\/\/paracherkaoui.ma\/wp-content\/uploads\/2025\/12\/mam-mam-offre-sac-bebe-speciale-fille-promotions-diverses.jpg\",\"width\":700,\"height\":700},{\"@type\":\"BreadcrumbList\",\"@id\":\"https:\/\/paracherkaoui.ma\/index.php\/produit\/mam-offre-sac-bebe-speciale-fille\/#breadcrumb\",\"itemListElement\":[{\"@type\":\"ListItem\",\"position\":1,\"name\":\"Accueil\",\"item\":\"https:\/\/paracherkaoui.ma\/\"},{\"@type\":\"ListItem\",\"position\":2,\"name\":\"Boutique\",\"item\":\"https:\/\/paracherkaoui.ma\/index.php\/boutique\/\"},{\"@type\":\"ListItem\",\"position\":3,\"name\":\"MAM OFFRE SAC BEBE SPECIALE FILLE\"}]},{\"@type\":\"WebSite\",\"@id\":\"https:\/\/paracherkaoui.ma\/#website\",\"url\":\"https:\/\/paracherkaoui.ma\/\",\"name\":\"Paracherkaoui.ma\",\"description\":\"Achetez en ligne sur Paracherkaoui.ma\",\"potentialAction\":[{\"@type\":\"SearchAction\",\"target\":{\"@type\":\"EntryPoint\",\"urlTemplate\":\"https:\/\/paracherkaoui.ma\/?s={search_term_string}\"},\"query-input\":{\"@type\":\"PropertyValueSpecification\",\"valueRequired\":true,\"valueName\":\"search_term_string\"}}],\"inLanguage\":\"fr-FR\"}]}<\/script>\r\n<!-- \/ Yoast SEO plugin. -->","yoast_head_json":{"title":"MAM OFFRE SAC BEBE SPECIALE FILLE - Paracherkaoui.ma","robots":{"index":"index","follow":"follow","max-snippet":"max-snippet:-1","max-image-preview":"max-image-preview:large","max-video-preview":"max-video-preview:-1"},"canonical":"https:\/\/paracherkaoui.ma\/index.php\/produit\/mam-offre-sac-bebe-speciale-fille\/","og_locale":"fr_FR","og_type":"article","og_title":"MAM OFFRE SAC BEBE SPECIALE FILLE - Paracherkaoui.ma","og_description":"LE SAC CONTIENT : MAM BIBERON EN VERRE FEEL GOOD 170 ML 0 MOIS + Verre tr\u00e8s r\u00e9sistant \u00e0 la","og_url":"https:\/\/paracherkaoui.ma\/index.php\/produit\/mam-offre-sac-bebe-speciale-fille\/","og_site_name":"Paracherkaoui.ma","article_modified_time":"2025-12-12T18:26:19+00:00","og_image":[{"width":700,"height":700,"url":"https:\/\/paracherkaoui.ma\/wp-content\/uploads\/2025\/12\/mam-mam-offre-sac-bebe-speciale-fille-promotions-diverses.jpg","type":"image\/jpeg"}],"twitter_card":"summary_large_image","twitter_misc":{"Dur\u00e9e de lecture estim\u00e9e":"1 minute"},"schema":{"@context":"https:\/\/schema.org","@graph":[{"@type":"WebPage","@id":"https:\/\/paracherkaoui.ma\/index.php\/produit\/mam-offre-sac-bebe-speciale-fille\/","url":"https:\/\/paracherkaoui.ma\/index.php\/produit\/mam-offre-sac-bebe-speciale-fille\/","name":"MAM OFFRE SAC BEBE SPECIALE FILLE - Paracherkaoui.ma","isPartOf":{"@id":"https:\/\/paracherkaoui.ma\/#website"},"primaryImageOfPage":{"@id":"https:\/\/paracherkaoui.ma\/index.php\/produit\/mam-offre-sac-bebe-speciale-fille\/#primaryimage"},"image":{"@id":"https:\/\/paracherkaoui.ma\/index.php\/produit\/mam-offre-sac-bebe-speciale-fille\/#primaryimage"},"thumbnailUrl":"https:\/\/paracherkaoui.ma\/wp-content\/uploads\/2025\/12\/mam-mam-offre-sac-bebe-speciale-fille-promotions-diverses.jpg","datePublished":"2025-12-12T18:26:15+00:00","dateModified":"2025-12-12T18:26:19+00:00","breadcrumb":{"@id":"https:\/\/paracherkaoui.ma\/index.php\/produit\/mam-offre-sac-bebe-speciale-fille\/#breadcrumb"},"inLanguage":"fr-FR","potentialAction":[{"@type":"ReadAction","target":["https:\/\/paracherkaoui.ma\/index.php\/produit\/mam-offre-sac-bebe-speciale-fille\/"]}]},{"@type":"ImageObject","inLanguage":"fr-FR","@id":"https:\/\/paracherkaoui.ma\/index.php\/produit\/mam-offre-sac-bebe-speciale-fille\/#primaryimage","url":"https:\/\/paracherkaoui.ma\/wp-content\/uploads\/2025\/12\/mam-mam-offre-sac-bebe-speciale-fille-promotions-diverses.jpg","contentUrl":"https:\/\/paracherkaoui.ma\/wp-content\/uploads\/2025\/12\/mam-mam-offre-sac-bebe-speciale-fille-promotions-diverses.jpg","width":700,"height":700},{"@type":"BreadcrumbList","@id":"https:\/\/paracherkaoui.ma\/index.php\/produit\/mam-offre-sac-bebe-speciale-fille\/#breadcrumb","itemListElement":[{"@type":"ListItem","position":1,"name":"Accueil","item":"https:\/\/paracherkaoui.ma\/"},{"@type":"ListItem","position":2,"name":"Boutique","item":"https:\/\/paracherkaoui.ma\/index.php\/boutique\/"},{"@type":"ListItem","position":3,"name":"MAM OFFRE SAC BEBE SPECIALE FILLE"}]},{"@type":"WebSite","@id":"https:\/\/paracherkaoui.ma\/#website","url":"https:\/\/paracherkaoui.ma\/","name":"Paracherkaoui.ma","description":"Achetez en ligne sur Paracherkaoui.ma","potentialAction":[{"@type":"SearchAction","target":{"@type":"EntryPoint","urlTemplate":"https:\/\/paracherkaoui.ma\/?s={search_term_string}"},"query-input":{"@type":"PropertyValueSpecification","valueRequired":true,"valueName":"search_term_string"}}],"inLanguage":"fr-FR"}]}},"_links":{"self":[{"href":"https:\/\/paracherkaoui.ma\/index.php\/wp-json\/wp\/v2\/product\/48010","targetHints":{"allow":["GET"]}}],"collection":[{"href":"https:\/\/paracherkaoui.ma\/index.php\/wp-json\/wp\/v2\/product"}],"about":[{"href":"https:\/\/paracherkaoui.ma\/index.php\/wp-json\/wp\/v2\/types\/product"}],"replies":[{"embeddable":true,"href":"https:\/\/paracherkaoui.ma\/index.php\/wp-json\/wp\/v2\/comments?post=48010"}],"version-history":[{"count":1,"href":"https:\/\/paracherkaoui.ma\/index.php\/wp-json\/wp\/v2\/product\/48010\/revisions"}],"predecessor-version":[{"id":48046,"href":"https:\/\/paracherkaoui.ma\/index.php\/wp-json\/wp\/v2\/product\/48010\/revisions\/48046"}],"wp:featuredmedia":[{"embeddable":true,"href":"https:\/\/paracherkaoui.ma\/index.php\/wp-json\/wp\/v2\/media\/48045"}],"wp:attachment":[{"href":"https:\/\/paracherkaoui.ma\/index.php\/wp-json\/wp\/v2\/media?parent=48010"}],"wp:term":[{"taxonomy":"product_brand","embeddable":true,"href":"https:\/\/paracherkaoui.ma\/index.php\/wp-json\/wp\/v2\/product_brand?post=48010"},{"taxonomy":"product_cat","embeddable":true,"href":"https:\/\/paracherkaoui.ma\/index.php\/wp-json\/wp\/v2\/product_cat?post=48010"},{"taxonomy":"product_tag","embeddable":true,"href":"https:\/\/paracherkaoui.ma\/index.php\/wp-json\/wp\/v2\/product_tag?post=48010"}],"curies":[{"name":"wp","href":"https:\/\/api.w.org\/{rel}","templated":true}]}}