{"id":48006,"date":"2025-12-12T19:26:15","date_gmt":"2025-12-12T18:26:15","guid":{"rendered":"https:\/\/test.ecbeaute.com\/?post_type=product&#038;p=48006"},"modified":"2025-12-12T19:26:18","modified_gmt":"2025-12-12T18:26:18","slug":"mdc-tone-corrector-offre-special-duo-anti-taches-trousse-et-masseur-offert","status":"publish","type":"product","link":"https:\/\/paracherkaoui.ma\/index.php\/produit\/mdc-tone-corrector-offre-special-duo-anti-taches-trousse-et-masseur-offert\/","title":{"rendered":"MDC TONE CORRECTOR OFFRE SPECIAL DUO ANTI TACHES + TROUSSE ET MASSEUR OFFERT"},"content":{"rendered":"<p>Action cibl\u00e9e : L&rsquo;arbutine et la vitamine C, deux actifs reconnus pour leurs propri\u00e9t\u00e9s \u00e9claircissantes, agissent en synergie pour r\u00e9duire visiblement les taches brunes et les imperfections.<br \/>\nR\u00e9sultats visibles : Utilis\u00e9 r\u00e9guli\u00e8rement, ce duo vous aide \u00e0 retrouver un teint uniforme et lumineux.<br \/>\nOffre exceptionnelle : En achetant ce duo, vous b\u00e9n\u00e9ficiez d&rsquo;un appareil de soin offert, pour une routine beaut\u00e9 compl\u00e8te et personnalis\u00e9e.<br \/>\nPeau \u00e9clatante : Gr\u00e2ce \u00e0 cette routine anti-taches, votre peau retrouve son \u00e9clat naturel et un teint plus uniforme.<br \/>\nLes produits inclus dans le duo<br \/>\nCr\u00e8me anti-taches : Enrichie en 5% d&rsquo;arbutine, cette cr\u00e8me agit en profondeur pour r\u00e9duire l&rsquo;apparence des taches brunes et pr\u00e9venir leur r\u00e9apparition.<br \/>\nSerum anti-taches : Le S\u00e9rum Blanchissant Tone Corrector soutient la r\u00e9gulation des in\u00e9galit\u00e9s de teint et l\u2019\u00e9limination des imperfections. Il aide la peau \u00e0 avoir une apparence plus dynamique et lumineuse tout en maintenant l\u2019\u00e9quilibre hydrique.<br \/>\nMDC TONE CORRECTOR Duo AntiTaches<br \/>\nUtilisez l&rsquo;appareil de soin offert selon les instructions du fabricant pour optimiser les r\u00e9sultats.<\/p>\n","protected":false},"excerpt":{"rendered":"<p>Action cibl\u00e9e : L&rsquo;arbutine et la vitamine C, deux actifs reconnus pour leurs propri\u00e9t\u00e9s \u00e9claircissantes, agissent en synergie pour r\u00e9duire<\/p>\n","protected":false},"featured_media":48039,"comment_status":"open","ping_status":"closed","template":"","meta":[],"product_brand":[277],"product_cat":[858],"product_tag":[],"class_list":{"0":"post-48006","1":"product","2":"type-product","3":"status-publish","4":"has-post-thumbnail","6":"product_brand-mdc","7":"product_cat-les-bons-deals","9":"first","10":"instock","11":"sale","12":"shipping-taxable","13":"purchasable","14":"product-type-simple"},"yoast_head":"<!-- This site is optimized with the Yoast SEO plugin v26.6 - https:\/\/yoast.com\/wordpress\/plugins\/seo\/ -->\r\n<title>MDC TONE CORRECTOR OFFRE SPECIAL DUO ANTI TACHES + TROUSSE ET MASSEUR OFFERT - Paracherkaoui.ma<\/title>\r\n<meta name=\"robots\" content=\"index, follow, max-snippet:-1, max-image-preview:large, max-video-preview:-1\" \/>\r\n<link rel=\"canonical\" href=\"https:\/\/paracherkaoui.ma\/index.php\/produit\/mdc-tone-corrector-offre-special-duo-anti-taches-trousse-et-masseur-offert\/\" \/>\r\n<meta property=\"og:locale\" content=\"fr_FR\" \/>\r\n<meta property=\"og:type\" content=\"article\" \/>\r\n<meta property=\"og:title\" content=\"MDC TONE CORRECTOR OFFRE SPECIAL DUO ANTI TACHES + TROUSSE ET MASSEUR OFFERT - Paracherkaoui.ma\" \/>\r\n<meta property=\"og:description\" content=\"Action cibl\u00e9e : L&rsquo;arbutine et la vitamine C, deux actifs reconnus pour leurs propri\u00e9t\u00e9s \u00e9claircissantes, agissent en synergie pour r\u00e9duire\" \/>\r\n<meta property=\"og:url\" content=\"https:\/\/paracherkaoui.ma\/index.php\/produit\/mdc-tone-corrector-offre-special-duo-anti-taches-trousse-et-masseur-offert\/\" \/>\r\n<meta property=\"og:site_name\" content=\"Paracherkaoui.ma\" \/>\r\n<meta property=\"article:modified_time\" content=\"2025-12-12T18:26:18+00:00\" \/>\r\n<meta property=\"og:image\" content=\"https:\/\/paracherkaoui.ma\/wp-content\/uploads\/2025\/12\/mdc-tone-corrector-offre-special-duo-anti-taches-trousse-et-masseur-offert.jpg\" \/>\r\n\t<meta property=\"og:image:width\" content=\"700\" \/>\r\n\t<meta property=\"og:image:height\" content=\"700\" \/>\r\n\t<meta property=\"og:image:type\" content=\"image\/jpeg\" \/>\r\n<meta name=\"twitter:card\" content=\"summary_large_image\" \/>\r\n<meta name=\"twitter:label1\" content=\"Dur\u00e9e de lecture estim\u00e9e\" \/>\n\t<meta name=\"twitter:data1\" content=\"1 minute\" \/>\r\n<script type=\"application\/ld+json\" class=\"yoast-schema-graph\">{\"@context\":\"https:\/\/schema.org\",\"@graph\":[{\"@type\":\"WebPage\",\"@id\":\"https:\/\/paracherkaoui.ma\/index.php\/produit\/mdc-tone-corrector-offre-special-duo-anti-taches-trousse-et-masseur-offert\/\",\"url\":\"https:\/\/paracherkaoui.ma\/index.php\/produit\/mdc-tone-corrector-offre-special-duo-anti-taches-trousse-et-masseur-offert\/\",\"name\":\"MDC TONE CORRECTOR OFFRE SPECIAL DUO ANTI TACHES + TROUSSE ET MASSEUR OFFERT - Paracherkaoui.ma\",\"isPartOf\":{\"@id\":\"https:\/\/paracherkaoui.ma\/#website\"},\"primaryImageOfPage\":{\"@id\":\"https:\/\/paracherkaoui.ma\/index.php\/produit\/mdc-tone-corrector-offre-special-duo-anti-taches-trousse-et-masseur-offert\/#primaryimage\"},\"image\":{\"@id\":\"https:\/\/paracherkaoui.ma\/index.php\/produit\/mdc-tone-corrector-offre-special-duo-anti-taches-trousse-et-masseur-offert\/#primaryimage\"},\"thumbnailUrl\":\"https:\/\/paracherkaoui.ma\/wp-content\/uploads\/2025\/12\/mdc-tone-corrector-offre-special-duo-anti-taches-trousse-et-masseur-offert.jpg\",\"datePublished\":\"2025-12-12T18:26:15+00:00\",\"dateModified\":\"2025-12-12T18:26:18+00:00\",\"breadcrumb\":{\"@id\":\"https:\/\/paracherkaoui.ma\/index.php\/produit\/mdc-tone-corrector-offre-special-duo-anti-taches-trousse-et-masseur-offert\/#breadcrumb\"},\"inLanguage\":\"fr-FR\",\"potentialAction\":[{\"@type\":\"ReadAction\",\"target\":[\"https:\/\/paracherkaoui.ma\/index.php\/produit\/mdc-tone-corrector-offre-special-duo-anti-taches-trousse-et-masseur-offert\/\"]}]},{\"@type\":\"ImageObject\",\"inLanguage\":\"fr-FR\",\"@id\":\"https:\/\/paracherkaoui.ma\/index.php\/produit\/mdc-tone-corrector-offre-special-duo-anti-taches-trousse-et-masseur-offert\/#primaryimage\",\"url\":\"https:\/\/paracherkaoui.ma\/wp-content\/uploads\/2025\/12\/mdc-tone-corrector-offre-special-duo-anti-taches-trousse-et-masseur-offert.jpg\",\"contentUrl\":\"https:\/\/paracherkaoui.ma\/wp-content\/uploads\/2025\/12\/mdc-tone-corrector-offre-special-duo-anti-taches-trousse-et-masseur-offert.jpg\",\"width\":700,\"height\":700},{\"@type\":\"BreadcrumbList\",\"@id\":\"https:\/\/paracherkaoui.ma\/index.php\/produit\/mdc-tone-corrector-offre-special-duo-anti-taches-trousse-et-masseur-offert\/#breadcrumb\",\"itemListElement\":[{\"@type\":\"ListItem\",\"position\":1,\"name\":\"Accueil\",\"item\":\"https:\/\/paracherkaoui.ma\/\"},{\"@type\":\"ListItem\",\"position\":2,\"name\":\"Boutique\",\"item\":\"https:\/\/paracherkaoui.ma\/index.php\/boutique\/\"},{\"@type\":\"ListItem\",\"position\":3,\"name\":\"MDC TONE CORRECTOR OFFRE SPECIAL DUO ANTI TACHES + TROUSSE ET MASSEUR OFFERT\"}]},{\"@type\":\"WebSite\",\"@id\":\"https:\/\/paracherkaoui.ma\/#website\",\"url\":\"https:\/\/paracherkaoui.ma\/\",\"name\":\"Paracherkaoui.ma\",\"description\":\"Achetez en ligne sur Paracherkaoui.ma\",\"potentialAction\":[{\"@type\":\"SearchAction\",\"target\":{\"@type\":\"EntryPoint\",\"urlTemplate\":\"https:\/\/paracherkaoui.ma\/?s={search_term_string}\"},\"query-input\":{\"@type\":\"PropertyValueSpecification\",\"valueRequired\":true,\"valueName\":\"search_term_string\"}}],\"inLanguage\":\"fr-FR\"}]}<\/script>\r\n<!-- \/ Yoast SEO plugin. -->","yoast_head_json":{"title":"MDC TONE CORRECTOR OFFRE SPECIAL DUO ANTI TACHES + TROUSSE ET MASSEUR OFFERT - Paracherkaoui.ma","robots":{"index":"index","follow":"follow","max-snippet":"max-snippet:-1","max-image-preview":"max-image-preview:large","max-video-preview":"max-video-preview:-1"},"canonical":"https:\/\/paracherkaoui.ma\/index.php\/produit\/mdc-tone-corrector-offre-special-duo-anti-taches-trousse-et-masseur-offert\/","og_locale":"fr_FR","og_type":"article","og_title":"MDC TONE CORRECTOR OFFRE SPECIAL DUO ANTI TACHES + TROUSSE ET MASSEUR OFFERT - Paracherkaoui.ma","og_description":"Action cibl\u00e9e : L&rsquo;arbutine et la vitamine C, deux actifs reconnus pour leurs propri\u00e9t\u00e9s \u00e9claircissantes, agissent en synergie pour r\u00e9duire","og_url":"https:\/\/paracherkaoui.ma\/index.php\/produit\/mdc-tone-corrector-offre-special-duo-anti-taches-trousse-et-masseur-offert\/","og_site_name":"Paracherkaoui.ma","article_modified_time":"2025-12-12T18:26:18+00:00","og_image":[{"width":700,"height":700,"url":"https:\/\/paracherkaoui.ma\/wp-content\/uploads\/2025\/12\/mdc-tone-corrector-offre-special-duo-anti-taches-trousse-et-masseur-offert.jpg","type":"image\/jpeg"}],"twitter_card":"summary_large_image","twitter_misc":{"Dur\u00e9e de lecture estim\u00e9e":"1 minute"},"schema":{"@context":"https:\/\/schema.org","@graph":[{"@type":"WebPage","@id":"https:\/\/paracherkaoui.ma\/index.php\/produit\/mdc-tone-corrector-offre-special-duo-anti-taches-trousse-et-masseur-offert\/","url":"https:\/\/paracherkaoui.ma\/index.php\/produit\/mdc-tone-corrector-offre-special-duo-anti-taches-trousse-et-masseur-offert\/","name":"MDC TONE CORRECTOR OFFRE SPECIAL DUO ANTI TACHES + TROUSSE ET MASSEUR OFFERT - Paracherkaoui.ma","isPartOf":{"@id":"https:\/\/paracherkaoui.ma\/#website"},"primaryImageOfPage":{"@id":"https:\/\/paracherkaoui.ma\/index.php\/produit\/mdc-tone-corrector-offre-special-duo-anti-taches-trousse-et-masseur-offert\/#primaryimage"},"image":{"@id":"https:\/\/paracherkaoui.ma\/index.php\/produit\/mdc-tone-corrector-offre-special-duo-anti-taches-trousse-et-masseur-offert\/#primaryimage"},"thumbnailUrl":"https:\/\/paracherkaoui.ma\/wp-content\/uploads\/2025\/12\/mdc-tone-corrector-offre-special-duo-anti-taches-trousse-et-masseur-offert.jpg","datePublished":"2025-12-12T18:26:15+00:00","dateModified":"2025-12-12T18:26:18+00:00","breadcrumb":{"@id":"https:\/\/paracherkaoui.ma\/index.php\/produit\/mdc-tone-corrector-offre-special-duo-anti-taches-trousse-et-masseur-offert\/#breadcrumb"},"inLanguage":"fr-FR","potentialAction":[{"@type":"ReadAction","target":["https:\/\/paracherkaoui.ma\/index.php\/produit\/mdc-tone-corrector-offre-special-duo-anti-taches-trousse-et-masseur-offert\/"]}]},{"@type":"ImageObject","inLanguage":"fr-FR","@id":"https:\/\/paracherkaoui.ma\/index.php\/produit\/mdc-tone-corrector-offre-special-duo-anti-taches-trousse-et-masseur-offert\/#primaryimage","url":"https:\/\/paracherkaoui.ma\/wp-content\/uploads\/2025\/12\/mdc-tone-corrector-offre-special-duo-anti-taches-trousse-et-masseur-offert.jpg","contentUrl":"https:\/\/paracherkaoui.ma\/wp-content\/uploads\/2025\/12\/mdc-tone-corrector-offre-special-duo-anti-taches-trousse-et-masseur-offert.jpg","width":700,"height":700},{"@type":"BreadcrumbList","@id":"https:\/\/paracherkaoui.ma\/index.php\/produit\/mdc-tone-corrector-offre-special-duo-anti-taches-trousse-et-masseur-offert\/#breadcrumb","itemListElement":[{"@type":"ListItem","position":1,"name":"Accueil","item":"https:\/\/paracherkaoui.ma\/"},{"@type":"ListItem","position":2,"name":"Boutique","item":"https:\/\/paracherkaoui.ma\/index.php\/boutique\/"},{"@type":"ListItem","position":3,"name":"MDC TONE CORRECTOR OFFRE SPECIAL DUO ANTI TACHES + TROUSSE ET MASSEUR OFFERT"}]},{"@type":"WebSite","@id":"https:\/\/paracherkaoui.ma\/#website","url":"https:\/\/paracherkaoui.ma\/","name":"Paracherkaoui.ma","description":"Achetez en ligne sur Paracherkaoui.ma","potentialAction":[{"@type":"SearchAction","target":{"@type":"EntryPoint","urlTemplate":"https:\/\/paracherkaoui.ma\/?s={search_term_string}"},"query-input":{"@type":"PropertyValueSpecification","valueRequired":true,"valueName":"search_term_string"}}],"inLanguage":"fr-FR"}]}},"_links":{"self":[{"href":"https:\/\/paracherkaoui.ma\/index.php\/wp-json\/wp\/v2\/product\/48006","targetHints":{"allow":["GET"]}}],"collection":[{"href":"https:\/\/paracherkaoui.ma\/index.php\/wp-json\/wp\/v2\/product"}],"about":[{"href":"https:\/\/paracherkaoui.ma\/index.php\/wp-json\/wp\/v2\/types\/product"}],"replies":[{"embeddable":true,"href":"https:\/\/paracherkaoui.ma\/index.php\/wp-json\/wp\/v2\/comments?post=48006"}],"version-history":[{"count":1,"href":"https:\/\/paracherkaoui.ma\/index.php\/wp-json\/wp\/v2\/product\/48006\/revisions"}],"predecessor-version":[{"id":48040,"href":"https:\/\/paracherkaoui.ma\/index.php\/wp-json\/wp\/v2\/product\/48006\/revisions\/48040"}],"wp:featuredmedia":[{"embeddable":true,"href":"https:\/\/paracherkaoui.ma\/index.php\/wp-json\/wp\/v2\/media\/48039"}],"wp:attachment":[{"href":"https:\/\/paracherkaoui.ma\/index.php\/wp-json\/wp\/v2\/media?parent=48006"}],"wp:term":[{"taxonomy":"product_brand","embeddable":true,"href":"https:\/\/paracherkaoui.ma\/index.php\/wp-json\/wp\/v2\/product_brand?post=48006"},{"taxonomy":"product_cat","embeddable":true,"href":"https:\/\/paracherkaoui.ma\/index.php\/wp-json\/wp\/v2\/product_cat?post=48006"},{"taxonomy":"product_tag","embeddable":true,"href":"https:\/\/paracherkaoui.ma\/index.php\/wp-json\/wp\/v2\/product_tag?post=48006"}],"curies":[{"name":"wp","href":"https:\/\/api.w.org\/{rel}","templated":true}]}}