{"id":47994,"date":"2025-12-12T19:26:14","date_gmt":"2025-12-12T18:26:14","guid":{"rendered":"https:\/\/test.ecbeaute.com\/?post_type=product&#038;p=47994"},"modified":"2025-12-12T19:26:16","modified_gmt":"2025-12-12T18:26:16","slug":"forte-pharma-offre-magnesium-300-marin-56-comprimes-forte-nuit-15-comprimes","status":"publish","type":"product","link":"https:\/\/paracherkaoui.ma\/index.php\/produit\/forte-pharma-offre-magnesium-300-marin-56-comprimes-forte-nuit-15-comprimes\/","title":{"rendered":"FORTE PHARMA OFFRE MAGNESIUM 300 MARIN 56 COMPRIMES + FORTE NUIT 15 COMPRIMES"},"content":{"rendered":"<p>Magn\u00e9sium 300 Marin : Un concentr\u00e9 de bienfaits naturels pour votre \u00e9quilibre<br \/>\nLe magn\u00e9sium est un min\u00e9ral essentiel au bon fonctionnement de l&rsquo;organisme. Il contribue \u00e0 r\u00e9duire la fatigue, le stress et les tensions musculaires. FORTE PHARMA MAGN\u00c9SIUM 300 MARIN est un extrait d&rsquo;origine naturelle purifi\u00e9 d&rsquo;eau de mer, vous apportant 300 mg de magn\u00e9sium marin. Son extraction sans solvant pr\u00e9serve toutes les propri\u00e9t\u00e9s du magn\u00e9sium tout en r\u00e9duisant la quantit\u00e9 de sodium.<br \/>\nFort\u00e9 Nuit : Un sommeil r\u00e9parateur pour des nuits paisibles<br \/>\nUn sommeil de qualit\u00e9 est essentiel pour se sentir bien dans sa peau et affronter les d\u00e9fis du quotidien. FORTE PHARMA FORT\u00c9 NUIT est un compl\u00e9ment alimentaire \u00e0 base de m\u00e9latonine, une hormone naturellement produite par l&rsquo;organisme qui favorise l&rsquo;endormissement. Sa formule compl\u00e8te, \u00e0 base d&rsquo;ingr\u00e9dients naturels, vous aide \u00e0 vous endormir rapidement et \u00e0 profiter d&rsquo;un sommeil r\u00e9parateur, sans cr\u00e9er de d\u00e9pendance.<br \/>\nUne offre duo pour un bien-\u00eatre complet<br \/>\nCette offre exceptionnelle vous permet de combiner les bienfaits du magn\u00e9sium marin pour l&rsquo;\u00e9quilibre et ceux de la m\u00e9latonine pour un sommeil r\u00e9parateur. Profitez d&rsquo;une remise de 50% sur le deuxi\u00e8me produit Fort\u00e9 Nuit et offrez-vous un bien-\u00eatre complet \u00e0 prix r\u00e9duit.<br \/>\nConseils d&rsquo;utilisation :<br \/>\nMagn\u00e9sium 300 Marin : Prendre 1 comprim\u00e9 par jour, de pr\u00e9f\u00e9rence le matin avec un verre d&rsquo;eau.<br \/>\nFort\u00e9 Nuit : Prendre 1 comprim\u00e9 par jour, 30 minutes avant le coucher avec un verre d&rsquo;eau.<\/p>\n","protected":false},"excerpt":{"rendered":"<p>Magn\u00e9sium 300 Marin : Un concentr\u00e9 de bienfaits naturels pour votre \u00e9quilibre Le magn\u00e9sium est un min\u00e9ral essentiel au bon<\/p>\n","protected":false},"featured_media":48025,"comment_status":"open","ping_status":"closed","template":"","meta":[],"product_brand":[684],"product_cat":[858],"product_tag":[],"class_list":{"0":"post-47994","1":"product","2":"type-product","3":"status-publish","4":"has-post-thumbnail","6":"product_brand-forte-pharma","7":"product_cat-les-bons-deals","9":"first","10":"instock","11":"sale","12":"shipping-taxable","13":"purchasable","14":"product-type-simple"},"yoast_head":"<!-- This site is optimized with the Yoast SEO plugin v26.6 - https:\/\/yoast.com\/wordpress\/plugins\/seo\/ -->\r\n<title>FORTE PHARMA OFFRE MAGNESIUM 300 MARIN 56 COMPRIMES + FORTE NUIT 15 COMPRIMES - Paracherkaoui.ma<\/title>\r\n<meta name=\"robots\" content=\"index, follow, max-snippet:-1, max-image-preview:large, max-video-preview:-1\" \/>\r\n<link rel=\"canonical\" href=\"https:\/\/paracherkaoui.ma\/index.php\/produit\/forte-pharma-offre-magnesium-300-marin-56-comprimes-forte-nuit-15-comprimes\/\" \/>\r\n<meta property=\"og:locale\" content=\"fr_FR\" \/>\r\n<meta property=\"og:type\" content=\"article\" \/>\r\n<meta property=\"og:title\" content=\"FORTE PHARMA OFFRE MAGNESIUM 300 MARIN 56 COMPRIMES + FORTE NUIT 15 COMPRIMES - Paracherkaoui.ma\" \/>\r\n<meta property=\"og:description\" content=\"Magn\u00e9sium 300 Marin : Un concentr\u00e9 de bienfaits naturels pour votre \u00e9quilibre Le magn\u00e9sium est un min\u00e9ral essentiel au bon\" \/>\r\n<meta property=\"og:url\" content=\"https:\/\/paracherkaoui.ma\/index.php\/produit\/forte-pharma-offre-magnesium-300-marin-56-comprimes-forte-nuit-15-comprimes\/\" \/>\r\n<meta property=\"og:site_name\" content=\"Paracherkaoui.ma\" \/>\r\n<meta property=\"article:modified_time\" content=\"2025-12-12T18:26:16+00:00\" \/>\r\n<meta property=\"og:image\" content=\"https:\/\/paracherkaoui.ma\/wp-content\/uploads\/2025\/12\/forte-pharma-forte-pharma-offre-magnesium-300-marin-56-comprimes-forte-nuit-15-comprimes-detox-coup-faim-ventre-plat.jpg\" \/>\r\n\t<meta property=\"og:image:width\" content=\"700\" \/>\r\n\t<meta property=\"og:image:height\" content=\"700\" \/>\r\n\t<meta property=\"og:image:type\" content=\"image\/jpeg\" \/>\r\n<meta name=\"twitter:card\" content=\"summary_large_image\" \/>\r\n<meta name=\"twitter:label1\" content=\"Dur\u00e9e de lecture estim\u00e9e\" \/>\n\t<meta name=\"twitter:data1\" content=\"1 minute\" \/>\r\n<script type=\"application\/ld+json\" class=\"yoast-schema-graph\">{\"@context\":\"https:\/\/schema.org\",\"@graph\":[{\"@type\":\"WebPage\",\"@id\":\"https:\/\/paracherkaoui.ma\/index.php\/produit\/forte-pharma-offre-magnesium-300-marin-56-comprimes-forte-nuit-15-comprimes\/\",\"url\":\"https:\/\/paracherkaoui.ma\/index.php\/produit\/forte-pharma-offre-magnesium-300-marin-56-comprimes-forte-nuit-15-comprimes\/\",\"name\":\"FORTE PHARMA OFFRE MAGNESIUM 300 MARIN 56 COMPRIMES + FORTE NUIT 15 COMPRIMES - Paracherkaoui.ma\",\"isPartOf\":{\"@id\":\"https:\/\/paracherkaoui.ma\/#website\"},\"primaryImageOfPage\":{\"@id\":\"https:\/\/paracherkaoui.ma\/index.php\/produit\/forte-pharma-offre-magnesium-300-marin-56-comprimes-forte-nuit-15-comprimes\/#primaryimage\"},\"image\":{\"@id\":\"https:\/\/paracherkaoui.ma\/index.php\/produit\/forte-pharma-offre-magnesium-300-marin-56-comprimes-forte-nuit-15-comprimes\/#primaryimage\"},\"thumbnailUrl\":\"https:\/\/paracherkaoui.ma\/wp-content\/uploads\/2025\/12\/forte-pharma-forte-pharma-offre-magnesium-300-marin-56-comprimes-forte-nuit-15-comprimes-detox-coup-faim-ventre-plat.jpg\",\"datePublished\":\"2025-12-12T18:26:14+00:00\",\"dateModified\":\"2025-12-12T18:26:16+00:00\",\"breadcrumb\":{\"@id\":\"https:\/\/paracherkaoui.ma\/index.php\/produit\/forte-pharma-offre-magnesium-300-marin-56-comprimes-forte-nuit-15-comprimes\/#breadcrumb\"},\"inLanguage\":\"fr-FR\",\"potentialAction\":[{\"@type\":\"ReadAction\",\"target\":[\"https:\/\/paracherkaoui.ma\/index.php\/produit\/forte-pharma-offre-magnesium-300-marin-56-comprimes-forte-nuit-15-comprimes\/\"]}]},{\"@type\":\"ImageObject\",\"inLanguage\":\"fr-FR\",\"@id\":\"https:\/\/paracherkaoui.ma\/index.php\/produit\/forte-pharma-offre-magnesium-300-marin-56-comprimes-forte-nuit-15-comprimes\/#primaryimage\",\"url\":\"https:\/\/paracherkaoui.ma\/wp-content\/uploads\/2025\/12\/forte-pharma-forte-pharma-offre-magnesium-300-marin-56-comprimes-forte-nuit-15-comprimes-detox-coup-faim-ventre-plat.jpg\",\"contentUrl\":\"https:\/\/paracherkaoui.ma\/wp-content\/uploads\/2025\/12\/forte-pharma-forte-pharma-offre-magnesium-300-marin-56-comprimes-forte-nuit-15-comprimes-detox-coup-faim-ventre-plat.jpg\",\"width\":700,\"height\":700},{\"@type\":\"BreadcrumbList\",\"@id\":\"https:\/\/paracherkaoui.ma\/index.php\/produit\/forte-pharma-offre-magnesium-300-marin-56-comprimes-forte-nuit-15-comprimes\/#breadcrumb\",\"itemListElement\":[{\"@type\":\"ListItem\",\"position\":1,\"name\":\"Accueil\",\"item\":\"https:\/\/paracherkaoui.ma\/\"},{\"@type\":\"ListItem\",\"position\":2,\"name\":\"Boutique\",\"item\":\"https:\/\/paracherkaoui.ma\/index.php\/boutique\/\"},{\"@type\":\"ListItem\",\"position\":3,\"name\":\"FORTE PHARMA OFFRE MAGNESIUM 300 MARIN 56 COMPRIMES + FORTE NUIT 15 COMPRIMES\"}]},{\"@type\":\"WebSite\",\"@id\":\"https:\/\/paracherkaoui.ma\/#website\",\"url\":\"https:\/\/paracherkaoui.ma\/\",\"name\":\"Paracherkaoui.ma\",\"description\":\"Achetez en ligne sur Paracherkaoui.ma\",\"potentialAction\":[{\"@type\":\"SearchAction\",\"target\":{\"@type\":\"EntryPoint\",\"urlTemplate\":\"https:\/\/paracherkaoui.ma\/?s={search_term_string}\"},\"query-input\":{\"@type\":\"PropertyValueSpecification\",\"valueRequired\":true,\"valueName\":\"search_term_string\"}}],\"inLanguage\":\"fr-FR\"}]}<\/script>\r\n<!-- \/ Yoast SEO plugin. -->","yoast_head_json":{"title":"FORTE PHARMA OFFRE MAGNESIUM 300 MARIN 56 COMPRIMES + FORTE NUIT 15 COMPRIMES - Paracherkaoui.ma","robots":{"index":"index","follow":"follow","max-snippet":"max-snippet:-1","max-image-preview":"max-image-preview:large","max-video-preview":"max-video-preview:-1"},"canonical":"https:\/\/paracherkaoui.ma\/index.php\/produit\/forte-pharma-offre-magnesium-300-marin-56-comprimes-forte-nuit-15-comprimes\/","og_locale":"fr_FR","og_type":"article","og_title":"FORTE PHARMA OFFRE MAGNESIUM 300 MARIN 56 COMPRIMES + FORTE NUIT 15 COMPRIMES - Paracherkaoui.ma","og_description":"Magn\u00e9sium 300 Marin : Un concentr\u00e9 de bienfaits naturels pour votre \u00e9quilibre Le magn\u00e9sium est un min\u00e9ral essentiel au bon","og_url":"https:\/\/paracherkaoui.ma\/index.php\/produit\/forte-pharma-offre-magnesium-300-marin-56-comprimes-forte-nuit-15-comprimes\/","og_site_name":"Paracherkaoui.ma","article_modified_time":"2025-12-12T18:26:16+00:00","og_image":[{"width":700,"height":700,"url":"https:\/\/paracherkaoui.ma\/wp-content\/uploads\/2025\/12\/forte-pharma-forte-pharma-offre-magnesium-300-marin-56-comprimes-forte-nuit-15-comprimes-detox-coup-faim-ventre-plat.jpg","type":"image\/jpeg"}],"twitter_card":"summary_large_image","twitter_misc":{"Dur\u00e9e de lecture estim\u00e9e":"1 minute"},"schema":{"@context":"https:\/\/schema.org","@graph":[{"@type":"WebPage","@id":"https:\/\/paracherkaoui.ma\/index.php\/produit\/forte-pharma-offre-magnesium-300-marin-56-comprimes-forte-nuit-15-comprimes\/","url":"https:\/\/paracherkaoui.ma\/index.php\/produit\/forte-pharma-offre-magnesium-300-marin-56-comprimes-forte-nuit-15-comprimes\/","name":"FORTE PHARMA OFFRE MAGNESIUM 300 MARIN 56 COMPRIMES + FORTE NUIT 15 COMPRIMES - Paracherkaoui.ma","isPartOf":{"@id":"https:\/\/paracherkaoui.ma\/#website"},"primaryImageOfPage":{"@id":"https:\/\/paracherkaoui.ma\/index.php\/produit\/forte-pharma-offre-magnesium-300-marin-56-comprimes-forte-nuit-15-comprimes\/#primaryimage"},"image":{"@id":"https:\/\/paracherkaoui.ma\/index.php\/produit\/forte-pharma-offre-magnesium-300-marin-56-comprimes-forte-nuit-15-comprimes\/#primaryimage"},"thumbnailUrl":"https:\/\/paracherkaoui.ma\/wp-content\/uploads\/2025\/12\/forte-pharma-forte-pharma-offre-magnesium-300-marin-56-comprimes-forte-nuit-15-comprimes-detox-coup-faim-ventre-plat.jpg","datePublished":"2025-12-12T18:26:14+00:00","dateModified":"2025-12-12T18:26:16+00:00","breadcrumb":{"@id":"https:\/\/paracherkaoui.ma\/index.php\/produit\/forte-pharma-offre-magnesium-300-marin-56-comprimes-forte-nuit-15-comprimes\/#breadcrumb"},"inLanguage":"fr-FR","potentialAction":[{"@type":"ReadAction","target":["https:\/\/paracherkaoui.ma\/index.php\/produit\/forte-pharma-offre-magnesium-300-marin-56-comprimes-forte-nuit-15-comprimes\/"]}]},{"@type":"ImageObject","inLanguage":"fr-FR","@id":"https:\/\/paracherkaoui.ma\/index.php\/produit\/forte-pharma-offre-magnesium-300-marin-56-comprimes-forte-nuit-15-comprimes\/#primaryimage","url":"https:\/\/paracherkaoui.ma\/wp-content\/uploads\/2025\/12\/forte-pharma-forte-pharma-offre-magnesium-300-marin-56-comprimes-forte-nuit-15-comprimes-detox-coup-faim-ventre-plat.jpg","contentUrl":"https:\/\/paracherkaoui.ma\/wp-content\/uploads\/2025\/12\/forte-pharma-forte-pharma-offre-magnesium-300-marin-56-comprimes-forte-nuit-15-comprimes-detox-coup-faim-ventre-plat.jpg","width":700,"height":700},{"@type":"BreadcrumbList","@id":"https:\/\/paracherkaoui.ma\/index.php\/produit\/forte-pharma-offre-magnesium-300-marin-56-comprimes-forte-nuit-15-comprimes\/#breadcrumb","itemListElement":[{"@type":"ListItem","position":1,"name":"Accueil","item":"https:\/\/paracherkaoui.ma\/"},{"@type":"ListItem","position":2,"name":"Boutique","item":"https:\/\/paracherkaoui.ma\/index.php\/boutique\/"},{"@type":"ListItem","position":3,"name":"FORTE PHARMA OFFRE MAGNESIUM 300 MARIN 56 COMPRIMES + FORTE NUIT 15 COMPRIMES"}]},{"@type":"WebSite","@id":"https:\/\/paracherkaoui.ma\/#website","url":"https:\/\/paracherkaoui.ma\/","name":"Paracherkaoui.ma","description":"Achetez en ligne sur Paracherkaoui.ma","potentialAction":[{"@type":"SearchAction","target":{"@type":"EntryPoint","urlTemplate":"https:\/\/paracherkaoui.ma\/?s={search_term_string}"},"query-input":{"@type":"PropertyValueSpecification","valueRequired":true,"valueName":"search_term_string"}}],"inLanguage":"fr-FR"}]}},"_links":{"self":[{"href":"https:\/\/paracherkaoui.ma\/index.php\/wp-json\/wp\/v2\/product\/47994","targetHints":{"allow":["GET"]}}],"collection":[{"href":"https:\/\/paracherkaoui.ma\/index.php\/wp-json\/wp\/v2\/product"}],"about":[{"href":"https:\/\/paracherkaoui.ma\/index.php\/wp-json\/wp\/v2\/types\/product"}],"replies":[{"embeddable":true,"href":"https:\/\/paracherkaoui.ma\/index.php\/wp-json\/wp\/v2\/comments?post=47994"}],"version-history":[{"count":1,"href":"https:\/\/paracherkaoui.ma\/index.php\/wp-json\/wp\/v2\/product\/47994\/revisions"}],"predecessor-version":[{"id":48026,"href":"https:\/\/paracherkaoui.ma\/index.php\/wp-json\/wp\/v2\/product\/47994\/revisions\/48026"}],"wp:featuredmedia":[{"embeddable":true,"href":"https:\/\/paracherkaoui.ma\/index.php\/wp-json\/wp\/v2\/media\/48025"}],"wp:attachment":[{"href":"https:\/\/paracherkaoui.ma\/index.php\/wp-json\/wp\/v2\/media?parent=47994"}],"wp:term":[{"taxonomy":"product_brand","embeddable":true,"href":"https:\/\/paracherkaoui.ma\/index.php\/wp-json\/wp\/v2\/product_brand?post=47994"},{"taxonomy":"product_cat","embeddable":true,"href":"https:\/\/paracherkaoui.ma\/index.php\/wp-json\/wp\/v2\/product_cat?post=47994"},{"taxonomy":"product_tag","embeddable":true,"href":"https:\/\/paracherkaoui.ma\/index.php\/wp-json\/wp\/v2\/product_tag?post=47994"}],"curies":[{"name":"wp","href":"https:\/\/api.w.org\/{rel}","templated":true}]}}