{"id":47990,"date":"2025-12-12T19:26:14","date_gmt":"2025-12-12T18:26:14","guid":{"rendered":"https:\/\/test.ecbeaute.com\/?post_type=product&#038;p=47990"},"modified":"2025-12-12T19:26:16","modified_gmt":"2025-12-12T18:26:16","slug":"bioderma-offre-pigmentbio-soin-de-jour-eclaircissant-40-ml-spf-50-pigmentbio-nettoyant-200ml-offert-6","status":"publish","type":"product","link":"https:\/\/paracherkaoui.ma\/index.php\/produit\/bioderma-offre-pigmentbio-soin-de-jour-eclaircissant-40-ml-spf-50-pigmentbio-nettoyant-200ml-offert-6\/","title":{"rendered":"BIODERMA OFFRE PIGMENTBIO SOIN DE JOUR ECLAIRCISSANT 40 ML SPF 50+ PIGMENTBIO NETTOYANT 200ML OFFERT"},"content":{"rendered":"<p>Description:<br \/>\nPigmentbio Daily care IP50+ (Soin de jour IP50+) int\u00e8gre la technologie LumiReveal, inspir\u00e9e des traitements de r\u00e9f\u00e9rence des dermatologues, qui r\u00e9v\u00e8le la luminosit\u00e9 du teint originel.Les filtres anti-UVA\/ UVB assurent une haute protection contre les UV, bloquant ainsi ces rayonnements largement impliqu\u00e9s dans l\u2019apparition des d\u00e9sordres pigmentaires.Les vitamines C\u00a0et E anti-oxydantes agissent en synergie pour renforcer l\u2019action \u00e9claircissante et prot\u00e9ger la peau des signes visibles du vieillissement pr\u00e9matur\u00e9. Ascorbyl glucoside La technologie LumiReveal aide \u00e0 r\u00e9duire la production de m\u00e9lanine et booste le renouvellement cellulaire pour un effet \u00e9claircissant correctif et pr\u00e9ventif.<\/p>\n","protected":false},"excerpt":{"rendered":"<p>Description: Pigmentbio Daily care IP50+ (Soin de jour IP50+) int\u00e8gre la technologie LumiReveal, inspir\u00e9e des traitements de r\u00e9f\u00e9rence des dermatologues,<\/p>\n","protected":false},"featured_media":11809,"comment_status":"open","ping_status":"closed","template":"","meta":[],"product_brand":[137],"product_cat":[858],"product_tag":[],"class_list":{"0":"post-47990","1":"product","2":"type-product","3":"status-publish","4":"has-post-thumbnail","6":"product_brand-bioderma","7":"product_cat-les-bons-deals","9":"first","10":"instock","11":"sale","12":"shipping-taxable","13":"purchasable","14":"product-type-simple"},"yoast_head":"<!-- This site is optimized with the Yoast SEO plugin v26.6 - https:\/\/yoast.com\/wordpress\/plugins\/seo\/ -->\r\n<title>BIODERMA OFFRE PIGMENTBIO SOIN DE JOUR ECLAIRCISSANT 40 ML SPF 50+ PIGMENTBIO NETTOYANT 200ML OFFERT - Paracherkaoui.ma<\/title>\r\n<meta name=\"robots\" content=\"index, follow, max-snippet:-1, max-image-preview:large, max-video-preview:-1\" \/>\r\n<link rel=\"canonical\" href=\"https:\/\/paracherkaoui.ma\/index.php\/produit\/bioderma-offre-pigmentbio-soin-de-jour-eclaircissant-40-ml-spf-50-pigmentbio-nettoyant-200ml-offert-6\/\" \/>\r\n<meta property=\"og:locale\" content=\"fr_FR\" \/>\r\n<meta property=\"og:type\" content=\"article\" \/>\r\n<meta property=\"og:title\" content=\"BIODERMA OFFRE PIGMENTBIO SOIN DE JOUR ECLAIRCISSANT 40 ML SPF 50+ PIGMENTBIO NETTOYANT 200ML OFFERT - Paracherkaoui.ma\" \/>\r\n<meta property=\"og:description\" content=\"Description: Pigmentbio Daily care IP50+ (Soin de jour IP50+) int\u00e8gre la technologie LumiReveal, inspir\u00e9e des traitements de r\u00e9f\u00e9rence des dermatologues,\" \/>\r\n<meta property=\"og:url\" content=\"https:\/\/paracherkaoui.ma\/index.php\/produit\/bioderma-offre-pigmentbio-soin-de-jour-eclaircissant-40-ml-spf-50-pigmentbio-nettoyant-200ml-offert-6\/\" \/>\r\n<meta property=\"og:site_name\" content=\"Paracherkaoui.ma\" \/>\r\n<meta property=\"article:modified_time\" content=\"2025-12-12T18:26:16+00:00\" \/>\r\n<meta property=\"og:image\" content=\"https:\/\/paracherkaoui.ma\/wp-content\/uploads\/2025\/12\/bioderma-offre-pigmentbio-soin-de-jour-eclaircissant-40-ml-spf-50-pigmentbio-nettoyant-200ml-offert.jpg\" \/>\r\n\t<meta property=\"og:image:width\" content=\"700\" \/>\r\n\t<meta property=\"og:image:height\" content=\"700\" \/>\r\n\t<meta property=\"og:image:type\" content=\"image\/jpeg\" \/>\r\n<meta name=\"twitter:card\" content=\"summary_large_image\" \/>\r\n<meta name=\"twitter:label1\" content=\"Dur\u00e9e de lecture estim\u00e9e\" \/>\n\t<meta name=\"twitter:data1\" content=\"1 minute\" \/>\r\n<script type=\"application\/ld+json\" class=\"yoast-schema-graph\">{\"@context\":\"https:\/\/schema.org\",\"@graph\":[{\"@type\":\"WebPage\",\"@id\":\"https:\/\/paracherkaoui.ma\/index.php\/produit\/bioderma-offre-pigmentbio-soin-de-jour-eclaircissant-40-ml-spf-50-pigmentbio-nettoyant-200ml-offert-6\/\",\"url\":\"https:\/\/paracherkaoui.ma\/index.php\/produit\/bioderma-offre-pigmentbio-soin-de-jour-eclaircissant-40-ml-spf-50-pigmentbio-nettoyant-200ml-offert-6\/\",\"name\":\"BIODERMA OFFRE PIGMENTBIO SOIN DE JOUR ECLAIRCISSANT 40 ML SPF 50+ PIGMENTBIO NETTOYANT 200ML OFFERT - Paracherkaoui.ma\",\"isPartOf\":{\"@id\":\"https:\/\/paracherkaoui.ma\/#website\"},\"primaryImageOfPage\":{\"@id\":\"https:\/\/paracherkaoui.ma\/index.php\/produit\/bioderma-offre-pigmentbio-soin-de-jour-eclaircissant-40-ml-spf-50-pigmentbio-nettoyant-200ml-offert-6\/#primaryimage\"},\"image\":{\"@id\":\"https:\/\/paracherkaoui.ma\/index.php\/produit\/bioderma-offre-pigmentbio-soin-de-jour-eclaircissant-40-ml-spf-50-pigmentbio-nettoyant-200ml-offert-6\/#primaryimage\"},\"thumbnailUrl\":\"https:\/\/paracherkaoui.ma\/wp-content\/uploads\/2025\/12\/bioderma-offre-pigmentbio-soin-de-jour-eclaircissant-40-ml-spf-50-pigmentbio-nettoyant-200ml-offert.jpg\",\"datePublished\":\"2025-12-12T18:26:14+00:00\",\"dateModified\":\"2025-12-12T18:26:16+00:00\",\"breadcrumb\":{\"@id\":\"https:\/\/paracherkaoui.ma\/index.php\/produit\/bioderma-offre-pigmentbio-soin-de-jour-eclaircissant-40-ml-spf-50-pigmentbio-nettoyant-200ml-offert-6\/#breadcrumb\"},\"inLanguage\":\"fr-FR\",\"potentialAction\":[{\"@type\":\"ReadAction\",\"target\":[\"https:\/\/paracherkaoui.ma\/index.php\/produit\/bioderma-offre-pigmentbio-soin-de-jour-eclaircissant-40-ml-spf-50-pigmentbio-nettoyant-200ml-offert-6\/\"]}]},{\"@type\":\"ImageObject\",\"inLanguage\":\"fr-FR\",\"@id\":\"https:\/\/paracherkaoui.ma\/index.php\/produit\/bioderma-offre-pigmentbio-soin-de-jour-eclaircissant-40-ml-spf-50-pigmentbio-nettoyant-200ml-offert-6\/#primaryimage\",\"url\":\"https:\/\/paracherkaoui.ma\/wp-content\/uploads\/2025\/12\/bioderma-offre-pigmentbio-soin-de-jour-eclaircissant-40-ml-spf-50-pigmentbio-nettoyant-200ml-offert.jpg\",\"contentUrl\":\"https:\/\/paracherkaoui.ma\/wp-content\/uploads\/2025\/12\/bioderma-offre-pigmentbio-soin-de-jour-eclaircissant-40-ml-spf-50-pigmentbio-nettoyant-200ml-offert.jpg\",\"width\":700,\"height\":700},{\"@type\":\"BreadcrumbList\",\"@id\":\"https:\/\/paracherkaoui.ma\/index.php\/produit\/bioderma-offre-pigmentbio-soin-de-jour-eclaircissant-40-ml-spf-50-pigmentbio-nettoyant-200ml-offert-6\/#breadcrumb\",\"itemListElement\":[{\"@type\":\"ListItem\",\"position\":1,\"name\":\"Accueil\",\"item\":\"https:\/\/paracherkaoui.ma\/\"},{\"@type\":\"ListItem\",\"position\":2,\"name\":\"Boutique\",\"item\":\"https:\/\/paracherkaoui.ma\/index.php\/boutique\/\"},{\"@type\":\"ListItem\",\"position\":3,\"name\":\"BIODERMA OFFRE PIGMENTBIO SOIN DE JOUR ECLAIRCISSANT 40 ML SPF 50+ PIGMENTBIO NETTOYANT 200ML OFFERT\"}]},{\"@type\":\"WebSite\",\"@id\":\"https:\/\/paracherkaoui.ma\/#website\",\"url\":\"https:\/\/paracherkaoui.ma\/\",\"name\":\"Paracherkaoui.ma\",\"description\":\"Achetez en ligne sur Paracherkaoui.ma\",\"potentialAction\":[{\"@type\":\"SearchAction\",\"target\":{\"@type\":\"EntryPoint\",\"urlTemplate\":\"https:\/\/paracherkaoui.ma\/?s={search_term_string}\"},\"query-input\":{\"@type\":\"PropertyValueSpecification\",\"valueRequired\":true,\"valueName\":\"search_term_string\"}}],\"inLanguage\":\"fr-FR\"}]}<\/script>\r\n<!-- \/ Yoast SEO plugin. -->","yoast_head_json":{"title":"BIODERMA OFFRE PIGMENTBIO SOIN DE JOUR ECLAIRCISSANT 40 ML SPF 50+ PIGMENTBIO NETTOYANT 200ML OFFERT - Paracherkaoui.ma","robots":{"index":"index","follow":"follow","max-snippet":"max-snippet:-1","max-image-preview":"max-image-preview:large","max-video-preview":"max-video-preview:-1"},"canonical":"https:\/\/paracherkaoui.ma\/index.php\/produit\/bioderma-offre-pigmentbio-soin-de-jour-eclaircissant-40-ml-spf-50-pigmentbio-nettoyant-200ml-offert-6\/","og_locale":"fr_FR","og_type":"article","og_title":"BIODERMA OFFRE PIGMENTBIO SOIN DE JOUR ECLAIRCISSANT 40 ML SPF 50+ PIGMENTBIO NETTOYANT 200ML OFFERT - Paracherkaoui.ma","og_description":"Description: Pigmentbio Daily care IP50+ (Soin de jour IP50+) int\u00e8gre la technologie LumiReveal, inspir\u00e9e des traitements de r\u00e9f\u00e9rence des dermatologues,","og_url":"https:\/\/paracherkaoui.ma\/index.php\/produit\/bioderma-offre-pigmentbio-soin-de-jour-eclaircissant-40-ml-spf-50-pigmentbio-nettoyant-200ml-offert-6\/","og_site_name":"Paracherkaoui.ma","article_modified_time":"2025-12-12T18:26:16+00:00","og_image":[{"width":700,"height":700,"url":"https:\/\/paracherkaoui.ma\/wp-content\/uploads\/2025\/12\/bioderma-offre-pigmentbio-soin-de-jour-eclaircissant-40-ml-spf-50-pigmentbio-nettoyant-200ml-offert.jpg","type":"image\/jpeg"}],"twitter_card":"summary_large_image","twitter_misc":{"Dur\u00e9e de lecture estim\u00e9e":"1 minute"},"schema":{"@context":"https:\/\/schema.org","@graph":[{"@type":"WebPage","@id":"https:\/\/paracherkaoui.ma\/index.php\/produit\/bioderma-offre-pigmentbio-soin-de-jour-eclaircissant-40-ml-spf-50-pigmentbio-nettoyant-200ml-offert-6\/","url":"https:\/\/paracherkaoui.ma\/index.php\/produit\/bioderma-offre-pigmentbio-soin-de-jour-eclaircissant-40-ml-spf-50-pigmentbio-nettoyant-200ml-offert-6\/","name":"BIODERMA OFFRE PIGMENTBIO SOIN DE JOUR ECLAIRCISSANT 40 ML SPF 50+ PIGMENTBIO NETTOYANT 200ML OFFERT - Paracherkaoui.ma","isPartOf":{"@id":"https:\/\/paracherkaoui.ma\/#website"},"primaryImageOfPage":{"@id":"https:\/\/paracherkaoui.ma\/index.php\/produit\/bioderma-offre-pigmentbio-soin-de-jour-eclaircissant-40-ml-spf-50-pigmentbio-nettoyant-200ml-offert-6\/#primaryimage"},"image":{"@id":"https:\/\/paracherkaoui.ma\/index.php\/produit\/bioderma-offre-pigmentbio-soin-de-jour-eclaircissant-40-ml-spf-50-pigmentbio-nettoyant-200ml-offert-6\/#primaryimage"},"thumbnailUrl":"https:\/\/paracherkaoui.ma\/wp-content\/uploads\/2025\/12\/bioderma-offre-pigmentbio-soin-de-jour-eclaircissant-40-ml-spf-50-pigmentbio-nettoyant-200ml-offert.jpg","datePublished":"2025-12-12T18:26:14+00:00","dateModified":"2025-12-12T18:26:16+00:00","breadcrumb":{"@id":"https:\/\/paracherkaoui.ma\/index.php\/produit\/bioderma-offre-pigmentbio-soin-de-jour-eclaircissant-40-ml-spf-50-pigmentbio-nettoyant-200ml-offert-6\/#breadcrumb"},"inLanguage":"fr-FR","potentialAction":[{"@type":"ReadAction","target":["https:\/\/paracherkaoui.ma\/index.php\/produit\/bioderma-offre-pigmentbio-soin-de-jour-eclaircissant-40-ml-spf-50-pigmentbio-nettoyant-200ml-offert-6\/"]}]},{"@type":"ImageObject","inLanguage":"fr-FR","@id":"https:\/\/paracherkaoui.ma\/index.php\/produit\/bioderma-offre-pigmentbio-soin-de-jour-eclaircissant-40-ml-spf-50-pigmentbio-nettoyant-200ml-offert-6\/#primaryimage","url":"https:\/\/paracherkaoui.ma\/wp-content\/uploads\/2025\/12\/bioderma-offre-pigmentbio-soin-de-jour-eclaircissant-40-ml-spf-50-pigmentbio-nettoyant-200ml-offert.jpg","contentUrl":"https:\/\/paracherkaoui.ma\/wp-content\/uploads\/2025\/12\/bioderma-offre-pigmentbio-soin-de-jour-eclaircissant-40-ml-spf-50-pigmentbio-nettoyant-200ml-offert.jpg","width":700,"height":700},{"@type":"BreadcrumbList","@id":"https:\/\/paracherkaoui.ma\/index.php\/produit\/bioderma-offre-pigmentbio-soin-de-jour-eclaircissant-40-ml-spf-50-pigmentbio-nettoyant-200ml-offert-6\/#breadcrumb","itemListElement":[{"@type":"ListItem","position":1,"name":"Accueil","item":"https:\/\/paracherkaoui.ma\/"},{"@type":"ListItem","position":2,"name":"Boutique","item":"https:\/\/paracherkaoui.ma\/index.php\/boutique\/"},{"@type":"ListItem","position":3,"name":"BIODERMA OFFRE PIGMENTBIO SOIN DE JOUR ECLAIRCISSANT 40 ML SPF 50+ PIGMENTBIO NETTOYANT 200ML OFFERT"}]},{"@type":"WebSite","@id":"https:\/\/paracherkaoui.ma\/#website","url":"https:\/\/paracherkaoui.ma\/","name":"Paracherkaoui.ma","description":"Achetez en ligne sur Paracherkaoui.ma","potentialAction":[{"@type":"SearchAction","target":{"@type":"EntryPoint","urlTemplate":"https:\/\/paracherkaoui.ma\/?s={search_term_string}"},"query-input":{"@type":"PropertyValueSpecification","valueRequired":true,"valueName":"search_term_string"}}],"inLanguage":"fr-FR"}]}},"_links":{"self":[{"href":"https:\/\/paracherkaoui.ma\/index.php\/wp-json\/wp\/v2\/product\/47990","targetHints":{"allow":["GET"]}}],"collection":[{"href":"https:\/\/paracherkaoui.ma\/index.php\/wp-json\/wp\/v2\/product"}],"about":[{"href":"https:\/\/paracherkaoui.ma\/index.php\/wp-json\/wp\/v2\/types\/product"}],"replies":[{"embeddable":true,"href":"https:\/\/paracherkaoui.ma\/index.php\/wp-json\/wp\/v2\/comments?post=47990"}],"version-history":[{"count":1,"href":"https:\/\/paracherkaoui.ma\/index.php\/wp-json\/wp\/v2\/product\/47990\/revisions"}],"predecessor-version":[{"id":48021,"href":"https:\/\/paracherkaoui.ma\/index.php\/wp-json\/wp\/v2\/product\/47990\/revisions\/48021"}],"wp:featuredmedia":[{"embeddable":true,"href":"https:\/\/paracherkaoui.ma\/index.php\/wp-json\/wp\/v2\/media\/11809"}],"wp:attachment":[{"href":"https:\/\/paracherkaoui.ma\/index.php\/wp-json\/wp\/v2\/media?parent=47990"}],"wp:term":[{"taxonomy":"product_brand","embeddable":true,"href":"https:\/\/paracherkaoui.ma\/index.php\/wp-json\/wp\/v2\/product_brand?post=47990"},{"taxonomy":"product_cat","embeddable":true,"href":"https:\/\/paracherkaoui.ma\/index.php\/wp-json\/wp\/v2\/product_cat?post=47990"},{"taxonomy":"product_tag","embeddable":true,"href":"https:\/\/paracherkaoui.ma\/index.php\/wp-json\/wp\/v2\/product_tag?post=47990"}],"curies":[{"name":"wp","href":"https:\/\/api.w.org\/{rel}","templated":true}]}}