{"id":47986,"date":"2025-12-12T19:26:14","date_gmt":"2025-12-12T18:26:14","guid":{"rendered":"https:\/\/test.ecbeaute.com\/?post_type=product&#038;p=47986"},"modified":"2025-12-12T19:26:16","modified_gmt":"2025-12-12T18:26:16","slug":"nuxe-offre-sun-huile-solaire-bronzante-150-ml-spf-50-lait-fraicheur-apres-soleil-100ml-offert-2","status":"publish","type":"product","link":"https:\/\/paracherkaoui.ma\/index.php\/produit\/nuxe-offre-sun-huile-solaire-bronzante-150-ml-spf-50-lait-fraicheur-apres-soleil-100ml-offert-2\/","title":{"rendered":"NUXE OFFRE SUN HUILE SOLAIRE BRONZANTE 150 ML SPF 50 + LAIT FRAICHEUR APRES SOLEIL 100ML OFFERT"},"content":{"rendered":"<p>Cette huile solaire bronzante SPF50 prot\u00e8ge visage et corps des rayons du soleil tout en contribuant au respect du milieu marin. Son complexe filtrant brevet\u00e9 offre une protection large spectre UVA\/UVB, pr\u00e9vient le photo-vieillissement cutan\u00e9 pr\u00e9matur\u00e9 et limite l\u2019apparition des taches. Sa texture irr\u00e9sistible nourrit et p\u00e9n\u00e8tre rapidement sans laisser de film gras pour sublimer le bronzage d\u2019un incroyable fini satin\u00e9. La peau est envelopp\u00e9e d\u2019un parfum d\u2019\u00e9vasion aux notes d\u2019Orange douce, de Fleur de Tiar\u00e9 et de Vanille. Une v\u00e9ritable invitation \u00e0 profiter de l\u2019\u00e9t\u00e9.<br \/>\nConseil d&rsquo;utilisation:<br \/>\nAppliquez g\u00e9n\u00e9reusement votre soin avant de vous exposer.<\/p>\n","protected":false},"excerpt":{"rendered":"<p>Cette huile solaire bronzante SPF50 prot\u00e8ge visage et corps des rayons du soleil tout en contribuant au respect du milieu<\/p>\n","protected":false},"featured_media":38864,"comment_status":"open","ping_status":"closed","template":"","meta":[],"product_brand":[230],"product_cat":[858],"product_tag":[],"class_list":{"0":"post-47986","1":"product","2":"type-product","3":"status-publish","4":"has-post-thumbnail","6":"product_brand-nuxe","7":"product_cat-les-bons-deals","9":"first","10":"instock","11":"sale","12":"shipping-taxable","13":"purchasable","14":"product-type-simple"},"yoast_head":"<!-- This site is optimized with the Yoast SEO plugin v26.6 - https:\/\/yoast.com\/wordpress\/plugins\/seo\/ -->\r\n<title>NUXE OFFRE SUN HUILE SOLAIRE BRONZANTE 150 ML SPF 50 + LAIT FRAICHEUR APRES SOLEIL 100ML OFFERT - Paracherkaoui.ma<\/title>\r\n<meta name=\"robots\" content=\"index, follow, max-snippet:-1, max-image-preview:large, max-video-preview:-1\" \/>\r\n<link rel=\"canonical\" href=\"https:\/\/paracherkaoui.ma\/index.php\/produit\/nuxe-offre-sun-huile-solaire-bronzante-150-ml-spf-50-lait-fraicheur-apres-soleil-100ml-offert-2\/\" \/>\r\n<meta property=\"og:locale\" content=\"fr_FR\" \/>\r\n<meta property=\"og:type\" content=\"article\" \/>\r\n<meta property=\"og:title\" content=\"NUXE OFFRE SUN HUILE SOLAIRE BRONZANTE 150 ML SPF 50 + LAIT FRAICHEUR APRES SOLEIL 100ML OFFERT - Paracherkaoui.ma\" \/>\r\n<meta property=\"og:description\" content=\"Cette huile solaire bronzante SPF50 prot\u00e8ge visage et corps des rayons du soleil tout en contribuant au respect du milieu\" \/>\r\n<meta property=\"og:url\" content=\"https:\/\/paracherkaoui.ma\/index.php\/produit\/nuxe-offre-sun-huile-solaire-bronzante-150-ml-spf-50-lait-fraicheur-apres-soleil-100ml-offert-2\/\" \/>\r\n<meta property=\"og:site_name\" content=\"Paracherkaoui.ma\" \/>\r\n<meta property=\"article:modified_time\" content=\"2025-12-12T18:26:16+00:00\" \/>\r\n<meta property=\"og:image\" content=\"https:\/\/paracherkaoui.ma\/wp-content\/uploads\/2025\/12\/nuxe-offre-sun-huile-solaire-bronzante-150-ml-spf-50-lait-fraicheur-apres-soleil-100ml-offert.jpg\" \/>\r\n\t<meta property=\"og:image:width\" content=\"700\" \/>\r\n\t<meta property=\"og:image:height\" content=\"700\" \/>\r\n\t<meta property=\"og:image:type\" content=\"image\/jpeg\" \/>\r\n<meta name=\"twitter:card\" content=\"summary_large_image\" \/>\r\n<meta name=\"twitter:label1\" content=\"Dur\u00e9e de lecture estim\u00e9e\" \/>\n\t<meta name=\"twitter:data1\" content=\"1 minute\" \/>\r\n<script type=\"application\/ld+json\" class=\"yoast-schema-graph\">{\"@context\":\"https:\/\/schema.org\",\"@graph\":[{\"@type\":\"WebPage\",\"@id\":\"https:\/\/paracherkaoui.ma\/index.php\/produit\/nuxe-offre-sun-huile-solaire-bronzante-150-ml-spf-50-lait-fraicheur-apres-soleil-100ml-offert-2\/\",\"url\":\"https:\/\/paracherkaoui.ma\/index.php\/produit\/nuxe-offre-sun-huile-solaire-bronzante-150-ml-spf-50-lait-fraicheur-apres-soleil-100ml-offert-2\/\",\"name\":\"NUXE OFFRE SUN HUILE SOLAIRE BRONZANTE 150 ML SPF 50 + LAIT FRAICHEUR APRES SOLEIL 100ML OFFERT - Paracherkaoui.ma\",\"isPartOf\":{\"@id\":\"https:\/\/paracherkaoui.ma\/#website\"},\"primaryImageOfPage\":{\"@id\":\"https:\/\/paracherkaoui.ma\/index.php\/produit\/nuxe-offre-sun-huile-solaire-bronzante-150-ml-spf-50-lait-fraicheur-apres-soleil-100ml-offert-2\/#primaryimage\"},\"image\":{\"@id\":\"https:\/\/paracherkaoui.ma\/index.php\/produit\/nuxe-offre-sun-huile-solaire-bronzante-150-ml-spf-50-lait-fraicheur-apres-soleil-100ml-offert-2\/#primaryimage\"},\"thumbnailUrl\":\"https:\/\/paracherkaoui.ma\/wp-content\/uploads\/2025\/12\/nuxe-offre-sun-huile-solaire-bronzante-150-ml-spf-50-lait-fraicheur-apres-soleil-100ml-offert.jpg\",\"datePublished\":\"2025-12-12T18:26:14+00:00\",\"dateModified\":\"2025-12-12T18:26:16+00:00\",\"breadcrumb\":{\"@id\":\"https:\/\/paracherkaoui.ma\/index.php\/produit\/nuxe-offre-sun-huile-solaire-bronzante-150-ml-spf-50-lait-fraicheur-apres-soleil-100ml-offert-2\/#breadcrumb\"},\"inLanguage\":\"fr-FR\",\"potentialAction\":[{\"@type\":\"ReadAction\",\"target\":[\"https:\/\/paracherkaoui.ma\/index.php\/produit\/nuxe-offre-sun-huile-solaire-bronzante-150-ml-spf-50-lait-fraicheur-apres-soleil-100ml-offert-2\/\"]}]},{\"@type\":\"ImageObject\",\"inLanguage\":\"fr-FR\",\"@id\":\"https:\/\/paracherkaoui.ma\/index.php\/produit\/nuxe-offre-sun-huile-solaire-bronzante-150-ml-spf-50-lait-fraicheur-apres-soleil-100ml-offert-2\/#primaryimage\",\"url\":\"https:\/\/paracherkaoui.ma\/wp-content\/uploads\/2025\/12\/nuxe-offre-sun-huile-solaire-bronzante-150-ml-spf-50-lait-fraicheur-apres-soleil-100ml-offert.jpg\",\"contentUrl\":\"https:\/\/paracherkaoui.ma\/wp-content\/uploads\/2025\/12\/nuxe-offre-sun-huile-solaire-bronzante-150-ml-spf-50-lait-fraicheur-apres-soleil-100ml-offert.jpg\",\"width\":700,\"height\":700},{\"@type\":\"BreadcrumbList\",\"@id\":\"https:\/\/paracherkaoui.ma\/index.php\/produit\/nuxe-offre-sun-huile-solaire-bronzante-150-ml-spf-50-lait-fraicheur-apres-soleil-100ml-offert-2\/#breadcrumb\",\"itemListElement\":[{\"@type\":\"ListItem\",\"position\":1,\"name\":\"Accueil\",\"item\":\"https:\/\/paracherkaoui.ma\/\"},{\"@type\":\"ListItem\",\"position\":2,\"name\":\"Boutique\",\"item\":\"https:\/\/paracherkaoui.ma\/index.php\/boutique\/\"},{\"@type\":\"ListItem\",\"position\":3,\"name\":\"NUXE OFFRE SUN HUILE SOLAIRE BRONZANTE 150 ML SPF 50 + LAIT FRAICHEUR APRES SOLEIL 100ML OFFERT\"}]},{\"@type\":\"WebSite\",\"@id\":\"https:\/\/paracherkaoui.ma\/#website\",\"url\":\"https:\/\/paracherkaoui.ma\/\",\"name\":\"Paracherkaoui.ma\",\"description\":\"Achetez en ligne sur Paracherkaoui.ma\",\"potentialAction\":[{\"@type\":\"SearchAction\",\"target\":{\"@type\":\"EntryPoint\",\"urlTemplate\":\"https:\/\/paracherkaoui.ma\/?s={search_term_string}\"},\"query-input\":{\"@type\":\"PropertyValueSpecification\",\"valueRequired\":true,\"valueName\":\"search_term_string\"}}],\"inLanguage\":\"fr-FR\"}]}<\/script>\r\n<!-- \/ Yoast SEO plugin. -->","yoast_head_json":{"title":"NUXE OFFRE SUN HUILE SOLAIRE BRONZANTE 150 ML SPF 50 + LAIT FRAICHEUR APRES SOLEIL 100ML OFFERT - Paracherkaoui.ma","robots":{"index":"index","follow":"follow","max-snippet":"max-snippet:-1","max-image-preview":"max-image-preview:large","max-video-preview":"max-video-preview:-1"},"canonical":"https:\/\/paracherkaoui.ma\/index.php\/produit\/nuxe-offre-sun-huile-solaire-bronzante-150-ml-spf-50-lait-fraicheur-apres-soleil-100ml-offert-2\/","og_locale":"fr_FR","og_type":"article","og_title":"NUXE OFFRE SUN HUILE SOLAIRE BRONZANTE 150 ML SPF 50 + LAIT FRAICHEUR APRES SOLEIL 100ML OFFERT - Paracherkaoui.ma","og_description":"Cette huile solaire bronzante SPF50 prot\u00e8ge visage et corps des rayons du soleil tout en contribuant au respect du milieu","og_url":"https:\/\/paracherkaoui.ma\/index.php\/produit\/nuxe-offre-sun-huile-solaire-bronzante-150-ml-spf-50-lait-fraicheur-apres-soleil-100ml-offert-2\/","og_site_name":"Paracherkaoui.ma","article_modified_time":"2025-12-12T18:26:16+00:00","og_image":[{"width":700,"height":700,"url":"https:\/\/paracherkaoui.ma\/wp-content\/uploads\/2025\/12\/nuxe-offre-sun-huile-solaire-bronzante-150-ml-spf-50-lait-fraicheur-apres-soleil-100ml-offert.jpg","type":"image\/jpeg"}],"twitter_card":"summary_large_image","twitter_misc":{"Dur\u00e9e de lecture estim\u00e9e":"1 minute"},"schema":{"@context":"https:\/\/schema.org","@graph":[{"@type":"WebPage","@id":"https:\/\/paracherkaoui.ma\/index.php\/produit\/nuxe-offre-sun-huile-solaire-bronzante-150-ml-spf-50-lait-fraicheur-apres-soleil-100ml-offert-2\/","url":"https:\/\/paracherkaoui.ma\/index.php\/produit\/nuxe-offre-sun-huile-solaire-bronzante-150-ml-spf-50-lait-fraicheur-apres-soleil-100ml-offert-2\/","name":"NUXE OFFRE SUN HUILE SOLAIRE BRONZANTE 150 ML SPF 50 + LAIT FRAICHEUR APRES SOLEIL 100ML OFFERT - Paracherkaoui.ma","isPartOf":{"@id":"https:\/\/paracherkaoui.ma\/#website"},"primaryImageOfPage":{"@id":"https:\/\/paracherkaoui.ma\/index.php\/produit\/nuxe-offre-sun-huile-solaire-bronzante-150-ml-spf-50-lait-fraicheur-apres-soleil-100ml-offert-2\/#primaryimage"},"image":{"@id":"https:\/\/paracherkaoui.ma\/index.php\/produit\/nuxe-offre-sun-huile-solaire-bronzante-150-ml-spf-50-lait-fraicheur-apres-soleil-100ml-offert-2\/#primaryimage"},"thumbnailUrl":"https:\/\/paracherkaoui.ma\/wp-content\/uploads\/2025\/12\/nuxe-offre-sun-huile-solaire-bronzante-150-ml-spf-50-lait-fraicheur-apres-soleil-100ml-offert.jpg","datePublished":"2025-12-12T18:26:14+00:00","dateModified":"2025-12-12T18:26:16+00:00","breadcrumb":{"@id":"https:\/\/paracherkaoui.ma\/index.php\/produit\/nuxe-offre-sun-huile-solaire-bronzante-150-ml-spf-50-lait-fraicheur-apres-soleil-100ml-offert-2\/#breadcrumb"},"inLanguage":"fr-FR","potentialAction":[{"@type":"ReadAction","target":["https:\/\/paracherkaoui.ma\/index.php\/produit\/nuxe-offre-sun-huile-solaire-bronzante-150-ml-spf-50-lait-fraicheur-apres-soleil-100ml-offert-2\/"]}]},{"@type":"ImageObject","inLanguage":"fr-FR","@id":"https:\/\/paracherkaoui.ma\/index.php\/produit\/nuxe-offre-sun-huile-solaire-bronzante-150-ml-spf-50-lait-fraicheur-apres-soleil-100ml-offert-2\/#primaryimage","url":"https:\/\/paracherkaoui.ma\/wp-content\/uploads\/2025\/12\/nuxe-offre-sun-huile-solaire-bronzante-150-ml-spf-50-lait-fraicheur-apres-soleil-100ml-offert.jpg","contentUrl":"https:\/\/paracherkaoui.ma\/wp-content\/uploads\/2025\/12\/nuxe-offre-sun-huile-solaire-bronzante-150-ml-spf-50-lait-fraicheur-apres-soleil-100ml-offert.jpg","width":700,"height":700},{"@type":"BreadcrumbList","@id":"https:\/\/paracherkaoui.ma\/index.php\/produit\/nuxe-offre-sun-huile-solaire-bronzante-150-ml-spf-50-lait-fraicheur-apres-soleil-100ml-offert-2\/#breadcrumb","itemListElement":[{"@type":"ListItem","position":1,"name":"Accueil","item":"https:\/\/paracherkaoui.ma\/"},{"@type":"ListItem","position":2,"name":"Boutique","item":"https:\/\/paracherkaoui.ma\/index.php\/boutique\/"},{"@type":"ListItem","position":3,"name":"NUXE OFFRE SUN HUILE SOLAIRE BRONZANTE 150 ML SPF 50 + LAIT FRAICHEUR APRES SOLEIL 100ML OFFERT"}]},{"@type":"WebSite","@id":"https:\/\/paracherkaoui.ma\/#website","url":"https:\/\/paracherkaoui.ma\/","name":"Paracherkaoui.ma","description":"Achetez en ligne sur Paracherkaoui.ma","potentialAction":[{"@type":"SearchAction","target":{"@type":"EntryPoint","urlTemplate":"https:\/\/paracherkaoui.ma\/?s={search_term_string}"},"query-input":{"@type":"PropertyValueSpecification","valueRequired":true,"valueName":"search_term_string"}}],"inLanguage":"fr-FR"}]}},"_links":{"self":[{"href":"https:\/\/paracherkaoui.ma\/index.php\/wp-json\/wp\/v2\/product\/47986","targetHints":{"allow":["GET"]}}],"collection":[{"href":"https:\/\/paracherkaoui.ma\/index.php\/wp-json\/wp\/v2\/product"}],"about":[{"href":"https:\/\/paracherkaoui.ma\/index.php\/wp-json\/wp\/v2\/types\/product"}],"replies":[{"embeddable":true,"href":"https:\/\/paracherkaoui.ma\/index.php\/wp-json\/wp\/v2\/comments?post=47986"}],"version-history":[{"count":1,"href":"https:\/\/paracherkaoui.ma\/index.php\/wp-json\/wp\/v2\/product\/47986\/revisions"}],"predecessor-version":[{"id":48016,"href":"https:\/\/paracherkaoui.ma\/index.php\/wp-json\/wp\/v2\/product\/47986\/revisions\/48016"}],"wp:featuredmedia":[{"embeddable":true,"href":"https:\/\/paracherkaoui.ma\/index.php\/wp-json\/wp\/v2\/media\/38864"}],"wp:attachment":[{"href":"https:\/\/paracherkaoui.ma\/index.php\/wp-json\/wp\/v2\/media?parent=47986"}],"wp:term":[{"taxonomy":"product_brand","embeddable":true,"href":"https:\/\/paracherkaoui.ma\/index.php\/wp-json\/wp\/v2\/product_brand?post=47986"},{"taxonomy":"product_cat","embeddable":true,"href":"https:\/\/paracherkaoui.ma\/index.php\/wp-json\/wp\/v2\/product_cat?post=47986"},{"taxonomy":"product_tag","embeddable":true,"href":"https:\/\/paracherkaoui.ma\/index.php\/wp-json\/wp\/v2\/product_tag?post=47986"}],"curies":[{"name":"wp","href":"https:\/\/api.w.org\/{rel}","templated":true}]}}