{"id":47927,"date":"2025-12-12T19:26:08","date_gmt":"2025-12-12T18:26:08","guid":{"rendered":"https:\/\/test.ecbeaute.com\/?post_type=product&#038;p=47927"},"modified":"2025-12-12T19:26:11","modified_gmt":"2025-12-12T18:26:11","slug":"vichy-offre-web-liftactiv-specialist-b3-serum-30-ml-liftactiv-collagen-15ml-trousse-offerts-3","status":"publish","type":"product","link":"https:\/\/paracherkaoui.ma\/index.php\/produit\/vichy-offre-web-liftactiv-specialist-b3-serum-30-ml-liftactiv-collagen-15ml-trousse-offerts-3\/","title":{"rendered":"VICHY OFFRE WEB LIFTACTIV SPECIALIST B3 SERUM 30 ML+ LIFTACTIV COLLAGEN 15ML+ TROUSSE OFFERTS"},"content":{"rendered":"<p>.elementor-225 .elementor-element.elementor-element-c6fecb9 .elementor-tab-title, .elementor-225 .elementor-element.elementor-element-c6fecb9 .elementor-tab-title:before, .elementor-225 .elementor-element.elementor-element-c6fecb9 .elementor-tab-title:after, .elementor-225 .elementor-element.elementor-element-c6fecb9 .elementor-tab-content, .elementor-225 .elementor-element.elementor-element-c6fecb9 .elementor-tabs-content-wrapper{border-width:0.5px;}.elementor-225 .elementor-element.elementor-element-c6fecb9 .elementor-tab-title{color:#000000;}.elementor-225 .elementor-element.elementor-element-c6fecb9 .elementor-tab-title.elementor-active{color:#00a28d;}.elementor-225 .elementor-element.elementor-element-c6fecb9 .elementor-tab-content{color:#000000;}.elementor-225 .elementor-element.elementor-element-1cf97bdb .axps-swiper-slider .swiper-slide img{width:auto;}.elementor-225 .elementor-element.elementor-element-1cf97bdb .wrapper-items:not(.swiper-container-initialized) .item{-ms-flex:0 0 calc(100%\/2);flex:0 0 calc(100%\/2);max-width:calc(100%\/2);}.elementor-225 .elementor-element.elementor-element-1cf97bdb .wrapper-items .swiper-slide{padding-left:calc(30px\/2);padding-right:calc(30px\/2);}.elementor-225 .elementor-element.elementor-element-1cf97bdb .wrapper-items .swiper-slide .item-inner{margin-bottom:30px;}.elementor-225 .elementor-element.elementor-element-1cf97bdb .wrapper-items{margin-left:calc(-30px\/2);margin-right:calc(-30px\/2);}.elementor-225 .elementor-element.elementor-element-1cf97bdb .swiper-wrapper .item-inner{text-align:center;}.elementor-225 .elementor-element.elementor-element-63c33604{margin-top:-16px;margin-bottom:0px;}.elementor-225 .elementor-element.elementor-element-407cb75c > .elementor-widget-container{margin:-46px 0px 0px 0px;}.elementor-225 .elementor-element.elementor-element-3fd0227 > .elementor-widget-container{margin:-46px 0px 0px 0px;}.elementor-225 .elementor-element.elementor-element-6bd7e727 > .elementor-widget-container{margin:-46px 0px 0px 0px;}.elementor-225 .elementor-element.elementor-element-19275845 > .elementor-widget-container{margin:-46px 0px 0px 0px;}.elementor-225 .elementor-element.elementor-element-b090f72{margin-top:-16px;margin-bottom:0px;}.elementor-225 .elementor-element.elementor-element-18b9f02 > .elementor-widget-container{margin:-46px 0px 0px 0px;}.elementor-225 .elementor-element.elementor-element-b141567 > .elementor-widget-container{margin:-46px 0px 0px 0px;}.elementor-225 .elementor-element.elementor-element-2e292e6 > .elementor-widget-container{margin:-46px 0px 0px 0px;}.elementor-225 .elementor-element.elementor-element-34aa37f > .elementor-widget-container{margin:-46px 0px 0px 0px;}@media(max-width:1024px){.elementor-225 .elementor-element.elementor-element-1cf97bdb .wrapper-items:not(.swiper-container-initialized) .item{-ms-flex:0 0 calc(100%\/4);flex:0 0 calc(100%\/4);max-width:calc(100%\/4);}.elementor-225 .elementor-element.elementor-element-1cf97bdb .wrapper-items .swiper-slide{padding-left:calc(20px\/2);padding-right:calc(20px\/2);}.elementor-225 .elementor-element.elementor-element-1cf97bdb .wrapper-items .swiper-slide .item-inner{margin-bottom:20px;}.elementor-225 .elementor-element.elementor-element-1cf97bdb .wrapper-items{margin-left:calc(-20px\/2);margin-right:calc(-20px\/2);}.elementor-225 .elementor-element.elementor-element-407cb75c > .elementor-widget-container{margin:-33px 0px 0px 0px;}.elementor-225 .elementor-element.elementor-element-3fd0227 > .elementor-widget-container{margin:-33px 0px 0px 0px;}.elementor-225 .elementor-element.elementor-element-6bd7e727 > .elementor-widget-container{margin:-33px 0px 0px 0px;}.elementor-225 .elementor-element.elementor-element-19275845 > .elementor-widget-container{margin:-33px 0px 0px 0px;}.elementor-225 .elementor-element.elementor-element-18b9f02 > .elementor-widget-container{margin:-33px 0px 0px 0px;}.elementor-225 .elementor-element.elementor-element-b141567 > .elementor-widget-container{margin:-33px 0px 0px 0px;}.elementor-225 .elementor-element.elementor-element-2e292e6 > .elementor-widget-container{margin:-33px 0px 0px 0px;}.elementor-225 .elementor-element.elementor-element-34aa37f > .elementor-widget-container{margin:-33px 0px 0px 0px;}}@media(max-width:767px){.elementor-225 .elementor-element.elementor-element-1cf97bdb .wrapper-items:not(.swiper-container-initialized) .item{-ms-flex:0 0 calc(100%\/4);flex:0 0 calc(100%\/4);max-width:calc(100%\/4);}.elementor-225 .elementor-element.elementor-element-1cf97bdb .wrapper-items .swiper-slide{padding-left:calc(10px\/2);padding-right:calc(10px\/2);}.elementor-225 .elementor-element.elementor-element-1cf97bdb .wrapper-items .swiper-slide .item-inner{margin-bottom:10px;}.elementor-225 .elementor-element.elementor-element-1cf97bdb .wrapper-items{margin-left:calc(-10px\/2);margin-right:calc(-10px\/2);}.elementor-225 .elementor-element.elementor-element-6abca80c{width:50%;}.elementor-225 .elementor-element.elementor-element-407cb75c > .elementor-widget-container{margin:-26px 0px 0px 0px;}.elementor-225 .elementor-element.elementor-element-b46b15c{width:50%;}.elementor-225 .elementor-element.elementor-element-3fd0227 > .elementor-widget-container{margin:-26px 0px 0px 0px;}.elementor-225 .elementor-element.elementor-element-6bd511c1{width:50%;}.elementor-225 .elementor-element.elementor-element-6bd7e727 > .elementor-widget-container{margin:-26px 0px 0px 0px;}.elementor-225 .elementor-element.elementor-element-74ce42ad{width:50%;}.elementor-225 .elementor-element.elementor-element-19275845 > .elementor-widget-container{margin:-26px 0px 0px 0px;}.elementor-225 .elementor-element.elementor-element-2468b89{width:50%;}.elementor-225 .elementor-element.elementor-element-18b9f02 > .elementor-widget-container{margin:-26px 0px 0px 0px;}.elementor-225 .elementor-element.elementor-element-64fd0aa{width:50%;}.elementor-225 .elementor-element.elementor-element-b141567 > .elementor-widget-container{margin:-26px 0px 0px 0px;}.elementor-225 .elementor-element.elementor-element-111f8a9{width:50%;}.elementor-225 .elementor-element.elementor-element-2e292e6 > .elementor-widget-container{margin:-26px 0px 0px 0px;}.elementor-225 .elementor-element.elementor-element-8186574{width:50%;}.elementor-225 .elementor-element.elementor-element-34aa37f > .elementor-widget-container{margin:-26px 0px 0px 0px;}}<br \/>\nDescription<br \/>\nConseils d&rsquo;utilisation<br \/>\nComposition<br \/>\nDescription<br \/>\nSa formule avanc\u00e9e combine des actifs puissants pour corriger, lisser et illuminer visiblement le teint jour apr\u00e8s jour :<br \/>\nNiacinamide (Vitamine B3)\u00a0: cet ingr\u00e9dient phare poss\u00e8de des propri\u00e9t\u00e9s antioxydantes et anti-inflammatoires. Il agit sur les taches pigmentaires, les pores dilat\u00e9s et am\u00e9liore la barri\u00e8re cutan\u00e9e.<br \/>\nAcide glycolique\u00a0: exfoliant doux issu des AHA (acides de fruits), il \u00e9limine les cellules mortes, affine le grain de peau et att\u00e9nue les irr\u00e9gularit\u00e9s pigmentaires.<br \/>\nVitamine Cg\u00a0: d\u00e9riv\u00e9 stable de la vitamine C, elle apporte \u00e9clat et lumi\u00e8re au teint tout en r\u00e9duisant les taches brunes.<br \/>\nPeptides\u00a0: ces mol\u00e9cules anti-\u00e2ge relancent la production de collag\u00e8ne et d\u2019\u00e9lastine pour une peau plus ferme et liss\u00e9e.<br \/>\nAvec sa\u00a0texture aqueuse l\u00e9g\u00e8re, ce s\u00e9rum p\u00e9n\u00e8tre instantan\u00e9ment sans laisser de film gras, facilitant l\u2019int\u00e9gration dans toutes les routines de soins.<br \/>\nCliniquement prouv\u00e9\u00a0:<br \/>\n-29 % de taches brunes d\u00e8s 2 mois*<br \/>\n-71 % de r\u00e9duction chez 33 % des femmes**<br \/>\nTol\u00e9rance optimale\u00a0: sans parfum, sans alcool, sans silicone, ce soin est\u00a0hypoallerg\u00e9nique.<br \/>\nConseils d&rsquo;utilisation<br \/>\nAppliquer matin et soir sur peau propre et s\u00e8che.<br \/>\nD\u00e9poser quelques gouttes dans le creux de la main, puis \u00e9taler sur l\u2019ensemble du visage.<br \/>\nFaire suivre, si besoin, de votre cr\u00e8me anti-\u00e2ge habituelle comme la\u00a0LIFTACTIV Collagen Specialist.<br \/>\nUtiliser une protection solaire en journ\u00e9e.<br \/>\nComposition<br \/>\nAqua \/ Water \/ Eau, Butylene Glycol, Niacinamide, Hydroxyethylpiperazine Ethane Sulfonic Acid, Glycerin, Hydroxyethyl Urea, Propylene Glycol, Glycolic Acid, Tranexamic Acid, Allantoin, Sodium Hydroxide, Phenoxyethanol, Chlorphenesin, Ascorbyl Glucoside, Caprylyl Glycol, Hydrolyzed Rice Protein, Vitreoscilla Ferment, Trisodium Ethylenediamine Disuccinate, Xanthan Gum, Pentylene Glycol<br \/>\nAjouter au Panier<br \/>\nAjouter au Panier<br \/>\nAjouter au Panier<br \/>\nAjouter au Panier<br \/>\nAjouter au Panier<br \/>\nAjouter au Panier<br \/>\nAjouter au Panier<br \/>\nAjouter au Panier<\/p>\n","protected":false},"excerpt":{"rendered":"<p>.elementor-225 .elementor-element.elementor-element-c6fecb9 .elementor-tab-title, .elementor-225 .elementor-element.elementor-element-c6fecb9 .elementor-tab-title:before, .elementor-225 .elementor-element.elementor-element-c6fecb9 .elementor-tab-title:after, .elementor-225 .elementor-element.elementor-element-c6fecb9 .elementor-tab-content, .elementor-225 .elementor-element.elementor-element-c6fecb9 .elementor-tabs-content-wrapper{border-width:0.5px;}.elementor-225 .elementor-element.elementor-element-c6fecb9 .elementor-tab-title{color:#000000;}.elementor-225 .elementor-element.elementor-element-c6fecb9 .elementor-tab-title.elementor-active{color:#00a28d;}.elementor-225 .elementor-element.elementor-element-c6fecb9<\/p>\n","protected":false},"featured_media":13256,"comment_status":"open","ping_status":"closed","template":"","meta":[],"product_brand":[139],"product_cat":[858],"product_tag":[],"class_list":{"0":"post-47927","1":"product","2":"type-product","3":"status-publish","4":"has-post-thumbnail","6":"product_brand-vichy","7":"product_cat-les-bons-deals","9":"first","10":"instock","11":"sale","12":"shipping-taxable","13":"purchasable","14":"product-type-simple"},"yoast_head":"<!-- This site is optimized with the Yoast SEO plugin v26.6 - https:\/\/yoast.com\/wordpress\/plugins\/seo\/ -->\r\n<title>VICHY OFFRE WEB LIFTACTIV SPECIALIST B3 SERUM 30 ML+ LIFTACTIV COLLAGEN 15ML+ TROUSSE OFFERTS - Paracherkaoui.ma<\/title>\r\n<meta name=\"robots\" content=\"index, follow, max-snippet:-1, max-image-preview:large, max-video-preview:-1\" \/>\r\n<link rel=\"canonical\" href=\"https:\/\/paracherkaoui.ma\/index.php\/produit\/vichy-offre-web-liftactiv-specialist-b3-serum-30-ml-liftactiv-collagen-15ml-trousse-offerts-3\/\" \/>\r\n<meta property=\"og:locale\" content=\"fr_FR\" \/>\r\n<meta property=\"og:type\" content=\"article\" \/>\r\n<meta property=\"og:title\" content=\"VICHY OFFRE WEB LIFTACTIV SPECIALIST B3 SERUM 30 ML+ LIFTACTIV COLLAGEN 15ML+ TROUSSE OFFERTS - Paracherkaoui.ma\" \/>\r\n<meta property=\"og:description\" content=\".elementor-225 .elementor-element.elementor-element-c6fecb9 .elementor-tab-title, .elementor-225 .elementor-element.elementor-element-c6fecb9 .elementor-tab-title:before, .elementor-225 .elementor-element.elementor-element-c6fecb9 .elementor-tab-title:after, .elementor-225 .elementor-element.elementor-element-c6fecb9 .elementor-tab-content, .elementor-225 .elementor-element.elementor-element-c6fecb9 .elementor-tabs-content-wrapper{border-width:0.5px;}.elementor-225 .elementor-element.elementor-element-c6fecb9 .elementor-tab-title{color:#000000;}.elementor-225 .elementor-element.elementor-element-c6fecb9 .elementor-tab-title.elementor-active{color:#00a28d;}.elementor-225 .elementor-element.elementor-element-c6fecb9\" \/>\r\n<meta property=\"og:url\" content=\"https:\/\/paracherkaoui.ma\/index.php\/produit\/vichy-offre-web-liftactiv-specialist-b3-serum-30-ml-liftactiv-collagen-15ml-trousse-offerts-3\/\" \/>\r\n<meta property=\"og:site_name\" content=\"Paracherkaoui.ma\" \/>\r\n<meta property=\"article:modified_time\" content=\"2025-12-12T18:26:11+00:00\" \/>\r\n<meta property=\"og:image\" content=\"https:\/\/paracherkaoui.ma\/wp-content\/uploads\/2025\/12\/vichy-vichy-offre-web-liftactiv-specialist-b3-serum-30-ml-liftactiv-collagen-15ml-trousse-offerts-premieres-rides.jpg\" \/>\r\n\t<meta property=\"og:image:width\" content=\"700\" \/>\r\n\t<meta property=\"og:image:height\" content=\"700\" \/>\r\n\t<meta property=\"og:image:type\" content=\"image\/jpeg\" \/>\r\n<meta name=\"twitter:card\" content=\"summary_large_image\" \/>\r\n<meta name=\"twitter:label1\" content=\"Dur\u00e9e de lecture estim\u00e9e\" \/>\n\t<meta name=\"twitter:data1\" content=\"4 minutes\" \/>\r\n<script type=\"application\/ld+json\" class=\"yoast-schema-graph\">{\"@context\":\"https:\/\/schema.org\",\"@graph\":[{\"@type\":\"WebPage\",\"@id\":\"https:\/\/paracherkaoui.ma\/index.php\/produit\/vichy-offre-web-liftactiv-specialist-b3-serum-30-ml-liftactiv-collagen-15ml-trousse-offerts-3\/\",\"url\":\"https:\/\/paracherkaoui.ma\/index.php\/produit\/vichy-offre-web-liftactiv-specialist-b3-serum-30-ml-liftactiv-collagen-15ml-trousse-offerts-3\/\",\"name\":\"VICHY OFFRE WEB LIFTACTIV SPECIALIST B3 SERUM 30 ML+ LIFTACTIV COLLAGEN 15ML+ TROUSSE OFFERTS - Paracherkaoui.ma\",\"isPartOf\":{\"@id\":\"https:\/\/paracherkaoui.ma\/#website\"},\"primaryImageOfPage\":{\"@id\":\"https:\/\/paracherkaoui.ma\/index.php\/produit\/vichy-offre-web-liftactiv-specialist-b3-serum-30-ml-liftactiv-collagen-15ml-trousse-offerts-3\/#primaryimage\"},\"image\":{\"@id\":\"https:\/\/paracherkaoui.ma\/index.php\/produit\/vichy-offre-web-liftactiv-specialist-b3-serum-30-ml-liftactiv-collagen-15ml-trousse-offerts-3\/#primaryimage\"},\"thumbnailUrl\":\"https:\/\/paracherkaoui.ma\/wp-content\/uploads\/2025\/12\/vichy-vichy-offre-web-liftactiv-specialist-b3-serum-30-ml-liftactiv-collagen-15ml-trousse-offerts-premieres-rides.jpg\",\"datePublished\":\"2025-12-12T18:26:08+00:00\",\"dateModified\":\"2025-12-12T18:26:11+00:00\",\"breadcrumb\":{\"@id\":\"https:\/\/paracherkaoui.ma\/index.php\/produit\/vichy-offre-web-liftactiv-specialist-b3-serum-30-ml-liftactiv-collagen-15ml-trousse-offerts-3\/#breadcrumb\"},\"inLanguage\":\"fr-FR\",\"potentialAction\":[{\"@type\":\"ReadAction\",\"target\":[\"https:\/\/paracherkaoui.ma\/index.php\/produit\/vichy-offre-web-liftactiv-specialist-b3-serum-30-ml-liftactiv-collagen-15ml-trousse-offerts-3\/\"]}]},{\"@type\":\"ImageObject\",\"inLanguage\":\"fr-FR\",\"@id\":\"https:\/\/paracherkaoui.ma\/index.php\/produit\/vichy-offre-web-liftactiv-specialist-b3-serum-30-ml-liftactiv-collagen-15ml-trousse-offerts-3\/#primaryimage\",\"url\":\"https:\/\/paracherkaoui.ma\/wp-content\/uploads\/2025\/12\/vichy-vichy-offre-web-liftactiv-specialist-b3-serum-30-ml-liftactiv-collagen-15ml-trousse-offerts-premieres-rides.jpg\",\"contentUrl\":\"https:\/\/paracherkaoui.ma\/wp-content\/uploads\/2025\/12\/vichy-vichy-offre-web-liftactiv-specialist-b3-serum-30-ml-liftactiv-collagen-15ml-trousse-offerts-premieres-rides.jpg\",\"width\":700,\"height\":700},{\"@type\":\"BreadcrumbList\",\"@id\":\"https:\/\/paracherkaoui.ma\/index.php\/produit\/vichy-offre-web-liftactiv-specialist-b3-serum-30-ml-liftactiv-collagen-15ml-trousse-offerts-3\/#breadcrumb\",\"itemListElement\":[{\"@type\":\"ListItem\",\"position\":1,\"name\":\"Accueil\",\"item\":\"https:\/\/paracherkaoui.ma\/\"},{\"@type\":\"ListItem\",\"position\":2,\"name\":\"Boutique\",\"item\":\"https:\/\/paracherkaoui.ma\/index.php\/boutique\/\"},{\"@type\":\"ListItem\",\"position\":3,\"name\":\"VICHY OFFRE WEB LIFTACTIV SPECIALIST B3 SERUM 30 ML+ LIFTACTIV COLLAGEN 15ML+ TROUSSE OFFERTS\"}]},{\"@type\":\"WebSite\",\"@id\":\"https:\/\/paracherkaoui.ma\/#website\",\"url\":\"https:\/\/paracherkaoui.ma\/\",\"name\":\"Paracherkaoui.ma\",\"description\":\"Achetez en ligne sur Paracherkaoui.ma\",\"potentialAction\":[{\"@type\":\"SearchAction\",\"target\":{\"@type\":\"EntryPoint\",\"urlTemplate\":\"https:\/\/paracherkaoui.ma\/?s={search_term_string}\"},\"query-input\":{\"@type\":\"PropertyValueSpecification\",\"valueRequired\":true,\"valueName\":\"search_term_string\"}}],\"inLanguage\":\"fr-FR\"}]}<\/script>\r\n<!-- \/ Yoast SEO plugin. -->","yoast_head_json":{"title":"VICHY OFFRE WEB LIFTACTIV SPECIALIST B3 SERUM 30 ML+ LIFTACTIV COLLAGEN 15ML+ TROUSSE OFFERTS - Paracherkaoui.ma","robots":{"index":"index","follow":"follow","max-snippet":"max-snippet:-1","max-image-preview":"max-image-preview:large","max-video-preview":"max-video-preview:-1"},"canonical":"https:\/\/paracherkaoui.ma\/index.php\/produit\/vichy-offre-web-liftactiv-specialist-b3-serum-30-ml-liftactiv-collagen-15ml-trousse-offerts-3\/","og_locale":"fr_FR","og_type":"article","og_title":"VICHY OFFRE WEB LIFTACTIV SPECIALIST B3 SERUM 30 ML+ LIFTACTIV COLLAGEN 15ML+ TROUSSE OFFERTS - Paracherkaoui.ma","og_description":".elementor-225 .elementor-element.elementor-element-c6fecb9 .elementor-tab-title, .elementor-225 .elementor-element.elementor-element-c6fecb9 .elementor-tab-title:before, .elementor-225 .elementor-element.elementor-element-c6fecb9 .elementor-tab-title:after, .elementor-225 .elementor-element.elementor-element-c6fecb9 .elementor-tab-content, .elementor-225 .elementor-element.elementor-element-c6fecb9 .elementor-tabs-content-wrapper{border-width:0.5px;}.elementor-225 .elementor-element.elementor-element-c6fecb9 .elementor-tab-title{color:#000000;}.elementor-225 .elementor-element.elementor-element-c6fecb9 .elementor-tab-title.elementor-active{color:#00a28d;}.elementor-225 .elementor-element.elementor-element-c6fecb9","og_url":"https:\/\/paracherkaoui.ma\/index.php\/produit\/vichy-offre-web-liftactiv-specialist-b3-serum-30-ml-liftactiv-collagen-15ml-trousse-offerts-3\/","og_site_name":"Paracherkaoui.ma","article_modified_time":"2025-12-12T18:26:11+00:00","og_image":[{"width":700,"height":700,"url":"https:\/\/paracherkaoui.ma\/wp-content\/uploads\/2025\/12\/vichy-vichy-offre-web-liftactiv-specialist-b3-serum-30-ml-liftactiv-collagen-15ml-trousse-offerts-premieres-rides.jpg","type":"image\/jpeg"}],"twitter_card":"summary_large_image","twitter_misc":{"Dur\u00e9e de lecture estim\u00e9e":"4 minutes"},"schema":{"@context":"https:\/\/schema.org","@graph":[{"@type":"WebPage","@id":"https:\/\/paracherkaoui.ma\/index.php\/produit\/vichy-offre-web-liftactiv-specialist-b3-serum-30-ml-liftactiv-collagen-15ml-trousse-offerts-3\/","url":"https:\/\/paracherkaoui.ma\/index.php\/produit\/vichy-offre-web-liftactiv-specialist-b3-serum-30-ml-liftactiv-collagen-15ml-trousse-offerts-3\/","name":"VICHY OFFRE WEB LIFTACTIV SPECIALIST B3 SERUM 30 ML+ LIFTACTIV COLLAGEN 15ML+ TROUSSE OFFERTS - Paracherkaoui.ma","isPartOf":{"@id":"https:\/\/paracherkaoui.ma\/#website"},"primaryImageOfPage":{"@id":"https:\/\/paracherkaoui.ma\/index.php\/produit\/vichy-offre-web-liftactiv-specialist-b3-serum-30-ml-liftactiv-collagen-15ml-trousse-offerts-3\/#primaryimage"},"image":{"@id":"https:\/\/paracherkaoui.ma\/index.php\/produit\/vichy-offre-web-liftactiv-specialist-b3-serum-30-ml-liftactiv-collagen-15ml-trousse-offerts-3\/#primaryimage"},"thumbnailUrl":"https:\/\/paracherkaoui.ma\/wp-content\/uploads\/2025\/12\/vichy-vichy-offre-web-liftactiv-specialist-b3-serum-30-ml-liftactiv-collagen-15ml-trousse-offerts-premieres-rides.jpg","datePublished":"2025-12-12T18:26:08+00:00","dateModified":"2025-12-12T18:26:11+00:00","breadcrumb":{"@id":"https:\/\/paracherkaoui.ma\/index.php\/produit\/vichy-offre-web-liftactiv-specialist-b3-serum-30-ml-liftactiv-collagen-15ml-trousse-offerts-3\/#breadcrumb"},"inLanguage":"fr-FR","potentialAction":[{"@type":"ReadAction","target":["https:\/\/paracherkaoui.ma\/index.php\/produit\/vichy-offre-web-liftactiv-specialist-b3-serum-30-ml-liftactiv-collagen-15ml-trousse-offerts-3\/"]}]},{"@type":"ImageObject","inLanguage":"fr-FR","@id":"https:\/\/paracherkaoui.ma\/index.php\/produit\/vichy-offre-web-liftactiv-specialist-b3-serum-30-ml-liftactiv-collagen-15ml-trousse-offerts-3\/#primaryimage","url":"https:\/\/paracherkaoui.ma\/wp-content\/uploads\/2025\/12\/vichy-vichy-offre-web-liftactiv-specialist-b3-serum-30-ml-liftactiv-collagen-15ml-trousse-offerts-premieres-rides.jpg","contentUrl":"https:\/\/paracherkaoui.ma\/wp-content\/uploads\/2025\/12\/vichy-vichy-offre-web-liftactiv-specialist-b3-serum-30-ml-liftactiv-collagen-15ml-trousse-offerts-premieres-rides.jpg","width":700,"height":700},{"@type":"BreadcrumbList","@id":"https:\/\/paracherkaoui.ma\/index.php\/produit\/vichy-offre-web-liftactiv-specialist-b3-serum-30-ml-liftactiv-collagen-15ml-trousse-offerts-3\/#breadcrumb","itemListElement":[{"@type":"ListItem","position":1,"name":"Accueil","item":"https:\/\/paracherkaoui.ma\/"},{"@type":"ListItem","position":2,"name":"Boutique","item":"https:\/\/paracherkaoui.ma\/index.php\/boutique\/"},{"@type":"ListItem","position":3,"name":"VICHY OFFRE WEB LIFTACTIV SPECIALIST B3 SERUM 30 ML+ LIFTACTIV COLLAGEN 15ML+ TROUSSE OFFERTS"}]},{"@type":"WebSite","@id":"https:\/\/paracherkaoui.ma\/#website","url":"https:\/\/paracherkaoui.ma\/","name":"Paracherkaoui.ma","description":"Achetez en ligne sur Paracherkaoui.ma","potentialAction":[{"@type":"SearchAction","target":{"@type":"EntryPoint","urlTemplate":"https:\/\/paracherkaoui.ma\/?s={search_term_string}"},"query-input":{"@type":"PropertyValueSpecification","valueRequired":true,"valueName":"search_term_string"}}],"inLanguage":"fr-FR"}]}},"_links":{"self":[{"href":"https:\/\/paracherkaoui.ma\/index.php\/wp-json\/wp\/v2\/product\/47927","targetHints":{"allow":["GET"]}}],"collection":[{"href":"https:\/\/paracherkaoui.ma\/index.php\/wp-json\/wp\/v2\/product"}],"about":[{"href":"https:\/\/paracherkaoui.ma\/index.php\/wp-json\/wp\/v2\/types\/product"}],"replies":[{"embeddable":true,"href":"https:\/\/paracherkaoui.ma\/index.php\/wp-json\/wp\/v2\/comments?post=47927"}],"version-history":[{"count":1,"href":"https:\/\/paracherkaoui.ma\/index.php\/wp-json\/wp\/v2\/product\/47927\/revisions"}],"predecessor-version":[{"id":47958,"href":"https:\/\/paracherkaoui.ma\/index.php\/wp-json\/wp\/v2\/product\/47927\/revisions\/47958"}],"wp:featuredmedia":[{"embeddable":true,"href":"https:\/\/paracherkaoui.ma\/index.php\/wp-json\/wp\/v2\/media\/13256"}],"wp:attachment":[{"href":"https:\/\/paracherkaoui.ma\/index.php\/wp-json\/wp\/v2\/media?parent=47927"}],"wp:term":[{"taxonomy":"product_brand","embeddable":true,"href":"https:\/\/paracherkaoui.ma\/index.php\/wp-json\/wp\/v2\/product_brand?post=47927"},{"taxonomy":"product_cat","embeddable":true,"href":"https:\/\/paracherkaoui.ma\/index.php\/wp-json\/wp\/v2\/product_cat?post=47927"},{"taxonomy":"product_tag","embeddable":true,"href":"https:\/\/paracherkaoui.ma\/index.php\/wp-json\/wp\/v2\/product_tag?post=47927"}],"curies":[{"name":"wp","href":"https:\/\/api.w.org\/{rel}","templated":true}]}}