{"id":47862,"date":"2025-12-12T19:26:02","date_gmt":"2025-12-12T18:26:02","guid":{"rendered":"https:\/\/test.ecbeaute.com\/?post_type=product&#038;p=47862"},"modified":"2026-04-21T14:24:18","modified_gmt":"2026-04-21T12:24:18","slug":"la-roche-posay-offre-anthelios-uvmune400-oil-control-invisible-spf50-50ml","status":"publish","type":"product","link":"https:\/\/paracherkaoui.ma\/index.php\/produit\/la-roche-posay-offre-anthelios-uvmune400-oil-control-invisible-spf50-50ml\/","title":{"rendered":"LA ROCHE POSAY OFFRE ANTHELIOS UVMUNE400 OIL CONTROL INVISIBLE SPF50+ 50ML"},"content":{"rendered":"<p>Enrichie en Airlicium, un actif d\u00e9riv\u00e9 de la silice ultra-l\u00e9ger, elle matifie imm\u00e9diatement la peau et contr\u00f4le la brillance li\u00e9e au s\u00e9bum et \u00e0 l\u2019humidit\u00e9 pendant plusieurs heures. L\u2019eau thermale de La Roche-Posay et le s\u00e9l\u00e9nium apaisent la peau et apportent une action antioxydante pour lutter contre le vieillissement pr\u00e9matur\u00e9 caus\u00e9 par le soleil.<br \/>\nSa\u00a0texture gel-cr\u00e8me a\u00e9rienne, non grasse et\u00a0invisible, p\u00e9n\u00e8tre rapidement sans laisser de film blanc. Elle est \u00e9galement\u00a0r\u00e9sistante \u00e0 l\u2019eau,\u00a0sans parfum,\u00a0sans parab\u00e8ne,\u00a0non-com\u00e9dog\u00e8ne\u00a0et\u00a0photostable, ce qui la rend id\u00e9ale pour les peaux sensibles ou sujettes aux r\u00e9actions solaires.<br \/>\nAdopt\u00e9e par les dermatologues, cette\u00a0cr\u00e8me solaire matifiante invisible\u00a0permet de prot\u00e9ger efficacement votre peau tout en limitant les imperfections et brillances. Un indispensable dans votre routine quotidienne, que ce soit en ville ou \u00e0 la plage.<br \/>\nConseils d&rsquo;utilisation<br \/>\nAppliquer g\u00e9n\u00e9reusement sur le visage et le cou\u00a030 minutes avant l\u2019exposition.<br \/>\nRenouveler l&rsquo;application\u00a0toutes les 2 heures\u00a0et apr\u00e8s la baignade ou une transpiration excessive.<br \/>\n\u00c9viter le contact avec les yeux.\u00a0En cas de contact, rincer abondamment.<br \/>\nComposition<br \/>\nAQUA \/ WATER, HOMOSALATE, ETHYLHEXYL SALICYLATE, SILICA, ETHYLHEXYL TRIAZONE, STYRENE\/ACRYLATES COPOLYMER, BIS-ETHYLHEXYLOXYPHENOL METHOXYPHENYL TRIAZINE, DROMETRIZOLE TRISILOXANE, BUTYL METHOXYDIBENZOYLMETHANE, ALUMINUM STARCH OCTENYLSUCCINATE, OCTOCRYLENE, C12-15 ALKYL BENZOATE, GLYCERIN, PENTYLENE GLYCOL, POTASSIUM CETYL PHOSPHATE, DIMETHICONE, PERLITE, PROPYLENE GLYCOL, ACRYLATES\/C10-30 ALKYL ACRYLATE CROSSPOLYMER, ALUMINUM HYDROXIDE, CAPRYLYL GLYCOL, DISODIUM EDTA, INULIN LAURYL CARBAMATE, ISOPROPYL LAUROYL SARCOSINATE, PEG-8 LAURATE, PHENOXYETHANOL, STEARIC ACID, STEARYL ALCOHOL, TEREPHTHALYLIDENE DICAMPHOR SULFONIC ACID, TITANIUM DIOXIDE [NANO] \/ TITANIUM DIOXIDE, TOCOPHEROL, TRIETHANOLAMINE, XANTHAN GUM, ZINC GLUCONATE<\/p>\n","protected":false},"excerpt":{"rendered":"<p>Enrichie en Airlicium, un actif d\u00e9riv\u00e9 de la silice ultra-l\u00e9ger, elle matifie imm\u00e9diatement la peau et contr\u00f4le la brillance li\u00e9e<\/p>\n","protected":false},"featured_media":59257,"comment_status":"open","ping_status":"closed","template":"","meta":[],"product_brand":[132],"product_cat":[858,1103],"product_tag":[],"class_list":{"0":"post-47862","1":"product","2":"type-product","3":"status-publish","4":"has-post-thumbnail","6":"product_brand-la-roche-posay","7":"product_cat-les-bons-deals","8":"product_cat-promotion","10":"first","11":"instock","12":"sale","13":"shipping-taxable","14":"purchasable","15":"product-type-simple"},"yoast_head":"<!-- This site is optimized with the Yoast SEO plugin v26.6 - https:\/\/yoast.com\/wordpress\/plugins\/seo\/ -->\r\n<title>LA ROCHE POSAY OFFRE ANTHELIOS UVMUNE400 OIL CONTROL INVISIBLE SPF50+ 50ML - Paracherkaoui.ma<\/title>\r\n<meta name=\"robots\" content=\"index, follow, max-snippet:-1, max-image-preview:large, max-video-preview:-1\" \/>\r\n<link rel=\"canonical\" href=\"https:\/\/paracherkaoui.ma\/index.php\/produit\/la-roche-posay-offre-anthelios-uvmune400-oil-control-invisible-spf50-50ml\/\" \/>\r\n<meta property=\"og:locale\" content=\"fr_FR\" \/>\r\n<meta property=\"og:type\" content=\"article\" \/>\r\n<meta property=\"og:title\" content=\"LA ROCHE POSAY OFFRE ANTHELIOS UVMUNE400 OIL CONTROL INVISIBLE SPF50+ 50ML - Paracherkaoui.ma\" \/>\r\n<meta property=\"og:description\" content=\"Enrichie en Airlicium, un actif d\u00e9riv\u00e9 de la silice ultra-l\u00e9ger, elle matifie imm\u00e9diatement la peau et contr\u00f4le la brillance li\u00e9e\" \/>\r\n<meta property=\"og:url\" content=\"https:\/\/paracherkaoui.ma\/index.php\/produit\/la-roche-posay-offre-anthelios-uvmune400-oil-control-invisible-spf50-50ml\/\" \/>\r\n<meta property=\"og:site_name\" content=\"Paracherkaoui.ma\" \/>\r\n<meta property=\"article:modified_time\" content=\"2026-04-21T12:24:18+00:00\" \/>\r\n<meta property=\"og:image\" content=\"https:\/\/paracherkaoui.ma\/wp-content\/uploads\/2025\/12\/la-roche-posay-offre-anthelios-uvmune400-oil-control-invisible-spf50-50ml-effaclar-gel-moussant-50ml-offert.jpg\" \/>\r\n\t<meta property=\"og:image:width\" content=\"700\" \/>\r\n\t<meta property=\"og:image:height\" content=\"700\" \/>\r\n\t<meta property=\"og:image:type\" content=\"image\/jpeg\" \/>\r\n<meta name=\"twitter:card\" content=\"summary_large_image\" \/>\r\n<meta name=\"twitter:label1\" content=\"Dur\u00e9e de lecture estim\u00e9e\" \/>\n\t<meta name=\"twitter:data1\" content=\"2 minutes\" \/>\r\n<script type=\"application\/ld+json\" class=\"yoast-schema-graph\">{\"@context\":\"https:\/\/schema.org\",\"@graph\":[{\"@type\":\"WebPage\",\"@id\":\"https:\/\/paracherkaoui.ma\/index.php\/produit\/la-roche-posay-offre-anthelios-uvmune400-oil-control-invisible-spf50-50ml\/\",\"url\":\"https:\/\/paracherkaoui.ma\/index.php\/produit\/la-roche-posay-offre-anthelios-uvmune400-oil-control-invisible-spf50-50ml\/\",\"name\":\"LA ROCHE POSAY OFFRE ANTHELIOS UVMUNE400 OIL CONTROL INVISIBLE SPF50+ 50ML - Paracherkaoui.ma\",\"isPartOf\":{\"@id\":\"https:\/\/paracherkaoui.ma\/#website\"},\"primaryImageOfPage\":{\"@id\":\"https:\/\/paracherkaoui.ma\/index.php\/produit\/la-roche-posay-offre-anthelios-uvmune400-oil-control-invisible-spf50-50ml\/#primaryimage\"},\"image\":{\"@id\":\"https:\/\/paracherkaoui.ma\/index.php\/produit\/la-roche-posay-offre-anthelios-uvmune400-oil-control-invisible-spf50-50ml\/#primaryimage\"},\"thumbnailUrl\":\"https:\/\/paracherkaoui.ma\/wp-content\/uploads\/2025\/12\/la-roche-posay-offre-anthelios-uvmune400-oil-control-invisible-spf50-50ml-effaclar-gel-moussant-50ml-offert.jpg\",\"datePublished\":\"2025-12-12T18:26:02+00:00\",\"dateModified\":\"2026-04-21T12:24:18+00:00\",\"breadcrumb\":{\"@id\":\"https:\/\/paracherkaoui.ma\/index.php\/produit\/la-roche-posay-offre-anthelios-uvmune400-oil-control-invisible-spf50-50ml\/#breadcrumb\"},\"inLanguage\":\"fr-FR\",\"potentialAction\":[{\"@type\":\"ReadAction\",\"target\":[\"https:\/\/paracherkaoui.ma\/index.php\/produit\/la-roche-posay-offre-anthelios-uvmune400-oil-control-invisible-spf50-50ml\/\"]}]},{\"@type\":\"ImageObject\",\"inLanguage\":\"fr-FR\",\"@id\":\"https:\/\/paracherkaoui.ma\/index.php\/produit\/la-roche-posay-offre-anthelios-uvmune400-oil-control-invisible-spf50-50ml\/#primaryimage\",\"url\":\"https:\/\/paracherkaoui.ma\/wp-content\/uploads\/2025\/12\/la-roche-posay-offre-anthelios-uvmune400-oil-control-invisible-spf50-50ml-effaclar-gel-moussant-50ml-offert.jpg\",\"contentUrl\":\"https:\/\/paracherkaoui.ma\/wp-content\/uploads\/2025\/12\/la-roche-posay-offre-anthelios-uvmune400-oil-control-invisible-spf50-50ml-effaclar-gel-moussant-50ml-offert.jpg\",\"width\":700,\"height\":700},{\"@type\":\"BreadcrumbList\",\"@id\":\"https:\/\/paracherkaoui.ma\/index.php\/produit\/la-roche-posay-offre-anthelios-uvmune400-oil-control-invisible-spf50-50ml\/#breadcrumb\",\"itemListElement\":[{\"@type\":\"ListItem\",\"position\":1,\"name\":\"Accueil\",\"item\":\"https:\/\/paracherkaoui.ma\/\"},{\"@type\":\"ListItem\",\"position\":2,\"name\":\"Boutique\",\"item\":\"https:\/\/paracherkaoui.ma\/index.php\/boutique\/\"},{\"@type\":\"ListItem\",\"position\":3,\"name\":\"LA ROCHE POSAY OFFRE ANTHELIOS UVMUNE400 OIL CONTROL INVISIBLE SPF50+ 50ML\"}]},{\"@type\":\"WebSite\",\"@id\":\"https:\/\/paracherkaoui.ma\/#website\",\"url\":\"https:\/\/paracherkaoui.ma\/\",\"name\":\"Paracherkaoui.ma\",\"description\":\"Achetez en ligne sur Paracherkaoui.ma\",\"potentialAction\":[{\"@type\":\"SearchAction\",\"target\":{\"@type\":\"EntryPoint\",\"urlTemplate\":\"https:\/\/paracherkaoui.ma\/?s={search_term_string}\"},\"query-input\":{\"@type\":\"PropertyValueSpecification\",\"valueRequired\":true,\"valueName\":\"search_term_string\"}}],\"inLanguage\":\"fr-FR\"}]}<\/script>\r\n<!-- \/ Yoast SEO plugin. -->","yoast_head_json":{"title":"LA ROCHE POSAY OFFRE ANTHELIOS UVMUNE400 OIL CONTROL INVISIBLE SPF50+ 50ML - Paracherkaoui.ma","robots":{"index":"index","follow":"follow","max-snippet":"max-snippet:-1","max-image-preview":"max-image-preview:large","max-video-preview":"max-video-preview:-1"},"canonical":"https:\/\/paracherkaoui.ma\/index.php\/produit\/la-roche-posay-offre-anthelios-uvmune400-oil-control-invisible-spf50-50ml\/","og_locale":"fr_FR","og_type":"article","og_title":"LA ROCHE POSAY OFFRE ANTHELIOS UVMUNE400 OIL CONTROL INVISIBLE SPF50+ 50ML - Paracherkaoui.ma","og_description":"Enrichie en Airlicium, un actif d\u00e9riv\u00e9 de la silice ultra-l\u00e9ger, elle matifie imm\u00e9diatement la peau et contr\u00f4le la brillance li\u00e9e","og_url":"https:\/\/paracherkaoui.ma\/index.php\/produit\/la-roche-posay-offre-anthelios-uvmune400-oil-control-invisible-spf50-50ml\/","og_site_name":"Paracherkaoui.ma","article_modified_time":"2026-04-21T12:24:18+00:00","og_image":[{"width":700,"height":700,"url":"https:\/\/paracherkaoui.ma\/wp-content\/uploads\/2025\/12\/la-roche-posay-offre-anthelios-uvmune400-oil-control-invisible-spf50-50ml-effaclar-gel-moussant-50ml-offert.jpg","type":"image\/jpeg"}],"twitter_card":"summary_large_image","twitter_misc":{"Dur\u00e9e de lecture estim\u00e9e":"2 minutes"},"schema":{"@context":"https:\/\/schema.org","@graph":[{"@type":"WebPage","@id":"https:\/\/paracherkaoui.ma\/index.php\/produit\/la-roche-posay-offre-anthelios-uvmune400-oil-control-invisible-spf50-50ml\/","url":"https:\/\/paracherkaoui.ma\/index.php\/produit\/la-roche-posay-offre-anthelios-uvmune400-oil-control-invisible-spf50-50ml\/","name":"LA ROCHE POSAY OFFRE ANTHELIOS UVMUNE400 OIL CONTROL INVISIBLE SPF50+ 50ML - Paracherkaoui.ma","isPartOf":{"@id":"https:\/\/paracherkaoui.ma\/#website"},"primaryImageOfPage":{"@id":"https:\/\/paracherkaoui.ma\/index.php\/produit\/la-roche-posay-offre-anthelios-uvmune400-oil-control-invisible-spf50-50ml\/#primaryimage"},"image":{"@id":"https:\/\/paracherkaoui.ma\/index.php\/produit\/la-roche-posay-offre-anthelios-uvmune400-oil-control-invisible-spf50-50ml\/#primaryimage"},"thumbnailUrl":"https:\/\/paracherkaoui.ma\/wp-content\/uploads\/2025\/12\/la-roche-posay-offre-anthelios-uvmune400-oil-control-invisible-spf50-50ml-effaclar-gel-moussant-50ml-offert.jpg","datePublished":"2025-12-12T18:26:02+00:00","dateModified":"2026-04-21T12:24:18+00:00","breadcrumb":{"@id":"https:\/\/paracherkaoui.ma\/index.php\/produit\/la-roche-posay-offre-anthelios-uvmune400-oil-control-invisible-spf50-50ml\/#breadcrumb"},"inLanguage":"fr-FR","potentialAction":[{"@type":"ReadAction","target":["https:\/\/paracherkaoui.ma\/index.php\/produit\/la-roche-posay-offre-anthelios-uvmune400-oil-control-invisible-spf50-50ml\/"]}]},{"@type":"ImageObject","inLanguage":"fr-FR","@id":"https:\/\/paracherkaoui.ma\/index.php\/produit\/la-roche-posay-offre-anthelios-uvmune400-oil-control-invisible-spf50-50ml\/#primaryimage","url":"https:\/\/paracherkaoui.ma\/wp-content\/uploads\/2025\/12\/la-roche-posay-offre-anthelios-uvmune400-oil-control-invisible-spf50-50ml-effaclar-gel-moussant-50ml-offert.jpg","contentUrl":"https:\/\/paracherkaoui.ma\/wp-content\/uploads\/2025\/12\/la-roche-posay-offre-anthelios-uvmune400-oil-control-invisible-spf50-50ml-effaclar-gel-moussant-50ml-offert.jpg","width":700,"height":700},{"@type":"BreadcrumbList","@id":"https:\/\/paracherkaoui.ma\/index.php\/produit\/la-roche-posay-offre-anthelios-uvmune400-oil-control-invisible-spf50-50ml\/#breadcrumb","itemListElement":[{"@type":"ListItem","position":1,"name":"Accueil","item":"https:\/\/paracherkaoui.ma\/"},{"@type":"ListItem","position":2,"name":"Boutique","item":"https:\/\/paracherkaoui.ma\/index.php\/boutique\/"},{"@type":"ListItem","position":3,"name":"LA ROCHE POSAY OFFRE ANTHELIOS UVMUNE400 OIL CONTROL INVISIBLE SPF50+ 50ML"}]},{"@type":"WebSite","@id":"https:\/\/paracherkaoui.ma\/#website","url":"https:\/\/paracherkaoui.ma\/","name":"Paracherkaoui.ma","description":"Achetez en ligne sur Paracherkaoui.ma","potentialAction":[{"@type":"SearchAction","target":{"@type":"EntryPoint","urlTemplate":"https:\/\/paracherkaoui.ma\/?s={search_term_string}"},"query-input":{"@type":"PropertyValueSpecification","valueRequired":true,"valueName":"search_term_string"}}],"inLanguage":"fr-FR"}]}},"_links":{"self":[{"href":"https:\/\/paracherkaoui.ma\/index.php\/wp-json\/wp\/v2\/product\/47862","targetHints":{"allow":["GET"]}}],"collection":[{"href":"https:\/\/paracherkaoui.ma\/index.php\/wp-json\/wp\/v2\/product"}],"about":[{"href":"https:\/\/paracherkaoui.ma\/index.php\/wp-json\/wp\/v2\/types\/product"}],"replies":[{"embeddable":true,"href":"https:\/\/paracherkaoui.ma\/index.php\/wp-json\/wp\/v2\/comments?post=47862"}],"version-history":[{"count":4,"href":"https:\/\/paracherkaoui.ma\/index.php\/wp-json\/wp\/v2\/product\/47862\/revisions"}],"predecessor-version":[{"id":59258,"href":"https:\/\/paracherkaoui.ma\/index.php\/wp-json\/wp\/v2\/product\/47862\/revisions\/59258"}],"wp:featuredmedia":[{"embeddable":true,"href":"https:\/\/paracherkaoui.ma\/index.php\/wp-json\/wp\/v2\/media\/59257"}],"wp:attachment":[{"href":"https:\/\/paracherkaoui.ma\/index.php\/wp-json\/wp\/v2\/media?parent=47862"}],"wp:term":[{"taxonomy":"product_brand","embeddable":true,"href":"https:\/\/paracherkaoui.ma\/index.php\/wp-json\/wp\/v2\/product_brand?post=47862"},{"taxonomy":"product_cat","embeddable":true,"href":"https:\/\/paracherkaoui.ma\/index.php\/wp-json\/wp\/v2\/product_cat?post=47862"},{"taxonomy":"product_tag","embeddable":true,"href":"https:\/\/paracherkaoui.ma\/index.php\/wp-json\/wp\/v2\/product_tag?post=47862"}],"curies":[{"name":"wp","href":"https:\/\/api.w.org\/{rel}","templated":true}]}}