{"id":47861,"date":"2025-12-12T19:26:02","date_gmt":"2025-12-12T18:26:02","guid":{"rendered":"https:\/\/test.ecbeaute.com\/?post_type=product&#038;p=47861"},"modified":"2026-01-17T17:48:21","modified_gmt":"2026-01-17T16:48:21","slug":"la-roche-posay-offre-anthelios-uvmune-400-fluide-solaire-invisible-spf-50-50-ml-hyalu-b5-10ml-offert-3","status":"publish","type":"product","link":"https:\/\/paracherkaoui.ma\/index.php\/produit\/la-roche-posay-offre-anthelios-uvmune-400-fluide-solaire-invisible-spf-50-50-ml-hyalu-b5-10ml-offert-3\/","title":{"rendered":"LA ROCHE POSAY OFFRE ANTHELIOS UVMUNE 400 FLUIDE SOLAIRE INVISIBLE SPF 50+ 50 ML"},"content":{"rendered":"<p>.elementor-235 .elementor-element.elementor-element-37c99e0f .elementor-tab-title, .elementor-235 .elementor-element.elementor-element-37c99e0f .elementor-tab-title:before, .elementor-235 .elementor-element.elementor-element-37c99e0f .elementor-tab-title:after, .elementor-235 .elementor-element.elementor-element-37c99e0f .elementor-tab-content, .elementor-235 .elementor-element.elementor-element-37c99e0f .elementor-tabs-content-wrapper{border-width:0.5px;}.elementor-235 .elementor-element.elementor-element-37c99e0f .elementor-tab-title{color:#000000;}.elementor-235 .elementor-element.elementor-element-37c99e0f .elementor-tab-title.elementor-active{color:#00a28d;}.elementor-235 .elementor-element.elementor-element-37c99e0f .elementor-tab-content{color:#000000;}.elementor-235 .elementor-element.elementor-element-49bdeaed .axps-swiper-slider .swiper-slide img{width:auto;}.elementor-235 .elementor-element.elementor-element-49bdeaed .wrapper-items:not(.swiper-container-initialized) .item{-ms-flex:0 0 calc(100%\/2);flex:0 0 calc(100%\/2);max-width:calc(100%\/2);}.elementor-235 .elementor-element.elementor-element-49bdeaed .wrapper-items .swiper-slide{padding-left:calc(30px\/2);padding-right:calc(30px\/2);}.elementor-235 .elementor-element.elementor-element-49bdeaed .wrapper-items .swiper-slide .item-inner{margin-bottom:30px;}.elementor-235 .elementor-element.elementor-element-49bdeaed .wrapper-items{margin-left:calc(-30px\/2);margin-right:calc(-30px\/2);}.elementor-235 .elementor-element.elementor-element-49bdeaed .swiper-wrapper .item-inner{text-align:center;}.elementor-235 .elementor-element.elementor-element-778b8111{margin-top:-16px;margin-bottom:0px;}.elementor-235 .elementor-element.elementor-element-2d04d22 &gt; .elementor-widget-container{margin:-46px 0px 0px 0px;}.elementor-235 .elementor-element.elementor-element-1e8fd61f &gt; .elementor-widget-container{margin:-46px 0px 0px 0px;}.elementor-235 .elementor-element.elementor-element-65c3644 &gt; .elementor-widget-container{margin:-46px 0px 0px 0px;}.elementor-235 .elementor-element.elementor-element-485500d6 &gt; .elementor-widget-container{margin:-46px 0px 0px 0px;}.elementor-235 .elementor-element.elementor-element-7d099eed &gt; .elementor-widget-container{margin:-46px 0px 0px 0px;}.elementor-235 .elementor-element.elementor-element-35a78a9c{margin-top:-16px;margin-bottom:0px;}.elementor-235 .elementor-element.elementor-element-2e2966b7 &gt; .elementor-widget-container{margin:-46px 0px 0px 0px;}.elementor-235 .elementor-element.elementor-element-1d2e93e0 &gt; .elementor-widget-container{margin:-46px 0px 0px 0px;}.elementor-235 .elementor-element.elementor-element-3f526f0 &gt; .elementor-widget-container{margin:-46px 0px 0px 0px;}@media(max-width:1024px){.elementor-235 .elementor-element.elementor-element-49bdeaed .wrapper-items:not(.swiper-container-initialized) .item{-ms-flex:0 0 calc(100%\/4);flex:0 0 calc(100%\/4);max-width:calc(100%\/4);}.elementor-235 .elementor-element.elementor-element-49bdeaed .wrapper-items .swiper-slide{padding-left:calc(20px\/2);padding-right:calc(20px\/2);}.elementor-235 .elementor-element.elementor-element-49bdeaed .wrapper-items .swiper-slide .item-inner{margin-bottom:20px;}.elementor-235 .elementor-element.elementor-element-49bdeaed .wrapper-items{margin-left:calc(-20px\/2);margin-right:calc(-20px\/2);}.elementor-235 .elementor-element.elementor-element-2d04d22 &gt; .elementor-widget-container{margin:-33px 0px 0px 0px;}.elementor-235 .elementor-element.elementor-element-1e8fd61f &gt; .elementor-widget-container{margin:-33px 0px 0px 0px;}.elementor-235 .elementor-element.elementor-element-65c3644 &gt; .elementor-widget-container{margin:-33px 0px 0px 0px;}.elementor-235 .elementor-element.elementor-element-485500d6 &gt; .elementor-widget-container{margin:-33px 0px 0px 0px;}.elementor-235 .elementor-element.elementor-element-7d099eed &gt; .elementor-widget-container{margin:-33px 0px 0px 0px;}.elementor-235 .elementor-element.elementor-element-2e2966b7 &gt; .elementor-widget-container{margin:-33px 0px 0px 0px;}.elementor-235 .elementor-element.elementor-element-1d2e93e0 &gt; .elementor-widget-container{margin:-33px 0px 0px 0px;}.elementor-235 .elementor-element.elementor-element-3f526f0 &gt; .elementor-widget-container{margin:-33px 0px 0px 0px;}}@media(max-width:767px){.elementor-235 .elementor-element.elementor-element-49bdeaed .wrapper-items:not(.swiper-container-initialized) .item{-ms-flex:0 0 calc(100%\/4);flex:0 0 calc(100%\/4);max-width:calc(100%\/4);}.elementor-235 .elementor-element.elementor-element-49bdeaed .wrapper-items .swiper-slide{padding-left:calc(10px\/2);padding-right:calc(10px\/2);}.elementor-235 .elementor-element.elementor-element-49bdeaed .wrapper-items .swiper-slide .item-inner{margin-bottom:10px;}.elementor-235 .elementor-element.elementor-element-49bdeaed .wrapper-items{margin-left:calc(-10px\/2);margin-right:calc(-10px\/2);}.elementor-235 .elementor-element.elementor-element-313b4a38{width:50%;}.elementor-235 .elementor-element.elementor-element-2d04d22 &gt; .elementor-widget-container{margin:-26px 0px 0px 0px;}.elementor-235 .elementor-element.elementor-element-1cedfef9{width:50%;}.elementor-235 .elementor-element.elementor-element-1e8fd61f &gt; .elementor-widget-container{margin:-26px 0px 0px 0px;}.elementor-235 .elementor-element.elementor-element-38afa266{width:50%;}.elementor-235 .elementor-element.elementor-element-65c3644 &gt; .elementor-widget-container{margin:-26px 0px 0px 0px;}.elementor-235 .elementor-element.elementor-element-aa53f66{width:50%;}.elementor-235 .elementor-element.elementor-element-485500d6 &gt; .elementor-widget-container{margin:-26px 0px 0px 0px;}.elementor-235 .elementor-element.elementor-element-773cfcba{width:50%;}.elementor-235 .elementor-element.elementor-element-7d099eed &gt; .elementor-widget-container{margin:-26px 0px 0px 0px;}.elementor-235 .elementor-element.elementor-element-55660d81{width:50%;}.elementor-235 .elementor-element.elementor-element-2e2966b7 &gt; .elementor-widget-container{margin:-26px 0px 0px 0px;}.elementor-235 .elementor-element.elementor-element-1f0c37fb{width:50%;}.elementor-235 .elementor-element.elementor-element-1d2e93e0 &gt; .elementor-widget-container{margin:-26px 0px 0px 0px;}.elementor-235 .elementor-element.elementor-element-2857e59{width:50%;}.elementor-235 .elementor-element.elementor-element-3f526f0 &gt; .elementor-widget-container{margin:-26px 0px 0px 0px;}}<br \/>\nDescription<br \/>\nConseils d&rsquo;utilisation<br \/>\nComposition<br \/>\nDescription<br \/>\nCon\u00e7ue pour les\u00a0peaux sensibles, sujettes aux imperfections ou allergiques au soleil, cette cr\u00e8me solaire fluide et invisible s\u2019applique facilement,\u00a0ne laisse aucune trace blanche\u00a0et\u00a0matifie instantan\u00e9ment la peau, pour un fini propre et non gras. Elle est\u00a0non com\u00e9dog\u00e8ne,\u00a0sans parfum,\u00a0sans allerg\u00e8nes, et\u00a0test\u00e9e dermatologiquement et ophtalmologiquement, y compris sur porteurs de lentilles et contours des yeux sensibles.<br \/>\nSa formule int\u00e8gre \u00e9galement de\u00a0l\u2019Eau Thermale de La Roche-Posay, reconnue pour ses\u00a0propri\u00e9t\u00e9s apaisantes et hydratantes, ainsi que de la\u00a0perlite\u00a0et de la\u00a0silice\u00a0pour contr\u00f4ler la brillance et l\u2019exc\u00e8s de s\u00e9bum tout au long de la journ\u00e9e.<br \/>\nR\u00e9sistante \u00e0 l\u2019eau, \u00e0 la transpiration, et anti-picotements oculaires, cette protection solaire est\u00a0id\u00e9ale pour un usage quotidien, en ville comme \u00e0 la plage. Elle aide \u00e0 pr\u00e9venir le stress oxydatif induit par la pollution et les infrarouges, contribuant ainsi \u00e0 pr\u00e9server la jeunesse de votre peau.<br \/>\nConseils d&rsquo;utilisation<br \/>\nAppliquez g\u00e9n\u00e9reusement la cr\u00e8me sur l\u2019ensemble du visage\u00a030 minutes avant l\u2019exposition au soleil.<br \/>\nRenouvelez l\u2019application\u00a0toutes les 2 heures, ou apr\u00e8s la baignade, une transpiration excessive ou un s\u00e9chage \u00e0 la serviette.<br \/>\n\u00c9vitez l\u2019application sur une peau irrit\u00e9e ou l\u00e9s\u00e9e.<br \/>\nComposition<br \/>\nAqua\/Water\/Eau, Alcohol Denat., Triethyl Citrate, Diisopropyl Sebacate, Silica, Ethylhexyl Salicylate, Bis-Ethylhexyloxyphenol Methoxyphenyl Triazine, Ethylhexyl Triazone, Butyl Methoxydibenzoylmethane, Glycerin, Propanediol, C12-22 Alkyl Acrylate\/Hydroxyethylacrylate Copolymer, Methoxypropylamino Cyclohexenylidene Ethoxyethylcyanoacetate, Perlite, Tocopherol, Caprylic\/Capric Triglyceride, Acrylates\/C10-30 Alkyl Acrylate Crosspolymer, Caprylyl Glycol, Diethylamino Hydroxybenzoyl Hexyl Benzoate, Drometrizole Trisiloxane, Hydroxyethylcellulose, Terephthalylidene Dicamphor Sulfonic Acid, Triethanolamine, Trisodium Ethylenediamine Disuccinate<br \/>\nAjouter au Panier<br \/>\nAjouter au Panier<br \/>\nAjouter au Panier<br \/>\nAjouter au Panier<br \/>\nAjouter au Panier<br \/>\nAjouter au Panier<br \/>\nAjouter au Panier<br \/>\nAjouter au Panier<\/p>\n","protected":false},"excerpt":{"rendered":"<p>.elementor-235 .elementor-element.elementor-element-37c99e0f .elementor-tab-title, .elementor-235 .elementor-element.elementor-element-37c99e0f .elementor-tab-title:before, .elementor-235 .elementor-element.elementor-element-37c99e0f .elementor-tab-title:after, .elementor-235 .elementor-element.elementor-element-37c99e0f .elementor-tab-content, .elementor-235 .elementor-element.elementor-element-37c99e0f .elementor-tabs-content-wrapper{border-width:0.5px;}.elementor-235 .elementor-element.elementor-element-37c99e0f .elementor-tab-title{color:#000000;}.elementor-235 .elementor-element.elementor-element-37c99e0f .elementor-tab-title.elementor-active{color:#00a28d;}.elementor-235 .elementor-element.elementor-element-37c99e0f<\/p>\n","protected":false},"featured_media":59265,"comment_status":"open","ping_status":"closed","template":"","meta":[],"product_brand":[132],"product_cat":[858],"product_tag":[],"class_list":{"0":"post-47861","1":"product","2":"type-product","3":"status-publish","4":"has-post-thumbnail","6":"product_brand-la-roche-posay","7":"product_cat-les-bons-deals","9":"first","10":"instock","11":"sale","12":"shipping-taxable","13":"purchasable","14":"product-type-simple"},"yoast_head":"<!-- This site is optimized with the Yoast SEO plugin v26.6 - https:\/\/yoast.com\/wordpress\/plugins\/seo\/ -->\r\n<title>LA ROCHE POSAY OFFRE ANTHELIOS UVMUNE 400 FLUIDE SOLAIRE INVISIBLE SPF 50+ 50 ML - Paracherkaoui.ma<\/title>\r\n<meta name=\"robots\" content=\"index, follow, max-snippet:-1, max-image-preview:large, max-video-preview:-1\" \/>\r\n<link rel=\"canonical\" href=\"https:\/\/paracherkaoui.ma\/index.php\/produit\/la-roche-posay-offre-anthelios-uvmune-400-fluide-solaire-invisible-spf-50-50-ml-hyalu-b5-10ml-offert-3\/\" \/>\r\n<meta property=\"og:locale\" content=\"fr_FR\" \/>\r\n<meta property=\"og:type\" content=\"article\" \/>\r\n<meta property=\"og:title\" content=\"LA ROCHE POSAY OFFRE ANTHELIOS UVMUNE 400 FLUIDE SOLAIRE INVISIBLE SPF 50+ 50 ML - Paracherkaoui.ma\" \/>\r\n<meta property=\"og:description\" content=\".elementor-235 .elementor-element.elementor-element-37c99e0f .elementor-tab-title, .elementor-235 .elementor-element.elementor-element-37c99e0f .elementor-tab-title:before, .elementor-235 .elementor-element.elementor-element-37c99e0f .elementor-tab-title:after, .elementor-235 .elementor-element.elementor-element-37c99e0f .elementor-tab-content, .elementor-235 .elementor-element.elementor-element-37c99e0f .elementor-tabs-content-wrapper{border-width:0.5px;}.elementor-235 .elementor-element.elementor-element-37c99e0f .elementor-tab-title{color:#000000;}.elementor-235 .elementor-element.elementor-element-37c99e0f .elementor-tab-title.elementor-active{color:#00a28d;}.elementor-235 .elementor-element.elementor-element-37c99e0f\" \/>\r\n<meta property=\"og:url\" content=\"https:\/\/paracherkaoui.ma\/index.php\/produit\/la-roche-posay-offre-anthelios-uvmune-400-fluide-solaire-invisible-spf-50-50-ml-hyalu-b5-10ml-offert-3\/\" \/>\r\n<meta property=\"og:site_name\" content=\"Paracherkaoui.ma\" \/>\r\n<meta property=\"article:modified_time\" content=\"2026-01-17T16:48:21+00:00\" \/>\r\n<meta property=\"og:image\" content=\"https:\/\/paracherkaoui.ma\/wp-content\/uploads\/2025\/12\/la-roche-posay-anthelios-uvmune-400-fluide-solaire-invisible-spf-50-50-ml.jpg\" \/>\r\n\t<meta property=\"og:image:width\" content=\"700\" \/>\r\n\t<meta property=\"og:image:height\" content=\"700\" \/>\r\n\t<meta property=\"og:image:type\" content=\"image\/jpeg\" \/>\r\n<meta name=\"twitter:card\" content=\"summary_large_image\" \/>\r\n<meta name=\"twitter:label1\" content=\"Dur\u00e9e de lecture estim\u00e9e\" \/>\n\t<meta name=\"twitter:data1\" content=\"3 minutes\" \/>\r\n<script type=\"application\/ld+json\" class=\"yoast-schema-graph\">{\"@context\":\"https:\/\/schema.org\",\"@graph\":[{\"@type\":\"WebPage\",\"@id\":\"https:\/\/paracherkaoui.ma\/index.php\/produit\/la-roche-posay-offre-anthelios-uvmune-400-fluide-solaire-invisible-spf-50-50-ml-hyalu-b5-10ml-offert-3\/\",\"url\":\"https:\/\/paracherkaoui.ma\/index.php\/produit\/la-roche-posay-offre-anthelios-uvmune-400-fluide-solaire-invisible-spf-50-50-ml-hyalu-b5-10ml-offert-3\/\",\"name\":\"LA ROCHE POSAY OFFRE ANTHELIOS UVMUNE 400 FLUIDE SOLAIRE INVISIBLE SPF 50+ 50 ML - Paracherkaoui.ma\",\"isPartOf\":{\"@id\":\"https:\/\/paracherkaoui.ma\/#website\"},\"primaryImageOfPage\":{\"@id\":\"https:\/\/paracherkaoui.ma\/index.php\/produit\/la-roche-posay-offre-anthelios-uvmune-400-fluide-solaire-invisible-spf-50-50-ml-hyalu-b5-10ml-offert-3\/#primaryimage\"},\"image\":{\"@id\":\"https:\/\/paracherkaoui.ma\/index.php\/produit\/la-roche-posay-offre-anthelios-uvmune-400-fluide-solaire-invisible-spf-50-50-ml-hyalu-b5-10ml-offert-3\/#primaryimage\"},\"thumbnailUrl\":\"https:\/\/paracherkaoui.ma\/wp-content\/uploads\/2025\/12\/la-roche-posay-anthelios-uvmune-400-fluide-solaire-invisible-spf-50-50-ml.jpg\",\"datePublished\":\"2025-12-12T18:26:02+00:00\",\"dateModified\":\"2026-01-17T16:48:21+00:00\",\"breadcrumb\":{\"@id\":\"https:\/\/paracherkaoui.ma\/index.php\/produit\/la-roche-posay-offre-anthelios-uvmune-400-fluide-solaire-invisible-spf-50-50-ml-hyalu-b5-10ml-offert-3\/#breadcrumb\"},\"inLanguage\":\"fr-FR\",\"potentialAction\":[{\"@type\":\"ReadAction\",\"target\":[\"https:\/\/paracherkaoui.ma\/index.php\/produit\/la-roche-posay-offre-anthelios-uvmune-400-fluide-solaire-invisible-spf-50-50-ml-hyalu-b5-10ml-offert-3\/\"]}]},{\"@type\":\"ImageObject\",\"inLanguage\":\"fr-FR\",\"@id\":\"https:\/\/paracherkaoui.ma\/index.php\/produit\/la-roche-posay-offre-anthelios-uvmune-400-fluide-solaire-invisible-spf-50-50-ml-hyalu-b5-10ml-offert-3\/#primaryimage\",\"url\":\"https:\/\/paracherkaoui.ma\/wp-content\/uploads\/2025\/12\/la-roche-posay-anthelios-uvmune-400-fluide-solaire-invisible-spf-50-50-ml.jpg\",\"contentUrl\":\"https:\/\/paracherkaoui.ma\/wp-content\/uploads\/2025\/12\/la-roche-posay-anthelios-uvmune-400-fluide-solaire-invisible-spf-50-50-ml.jpg\",\"width\":700,\"height\":700},{\"@type\":\"BreadcrumbList\",\"@id\":\"https:\/\/paracherkaoui.ma\/index.php\/produit\/la-roche-posay-offre-anthelios-uvmune-400-fluide-solaire-invisible-spf-50-50-ml-hyalu-b5-10ml-offert-3\/#breadcrumb\",\"itemListElement\":[{\"@type\":\"ListItem\",\"position\":1,\"name\":\"Accueil\",\"item\":\"https:\/\/paracherkaoui.ma\/\"},{\"@type\":\"ListItem\",\"position\":2,\"name\":\"Boutique\",\"item\":\"https:\/\/paracherkaoui.ma\/index.php\/boutique\/\"},{\"@type\":\"ListItem\",\"position\":3,\"name\":\"LA ROCHE POSAY OFFRE ANTHELIOS UVMUNE 400 FLUIDE SOLAIRE INVISIBLE SPF 50+ 50 ML\"}]},{\"@type\":\"WebSite\",\"@id\":\"https:\/\/paracherkaoui.ma\/#website\",\"url\":\"https:\/\/paracherkaoui.ma\/\",\"name\":\"Paracherkaoui.ma\",\"description\":\"Achetez en ligne sur Paracherkaoui.ma\",\"potentialAction\":[{\"@type\":\"SearchAction\",\"target\":{\"@type\":\"EntryPoint\",\"urlTemplate\":\"https:\/\/paracherkaoui.ma\/?s={search_term_string}\"},\"query-input\":{\"@type\":\"PropertyValueSpecification\",\"valueRequired\":true,\"valueName\":\"search_term_string\"}}],\"inLanguage\":\"fr-FR\"}]}<\/script>\r\n<!-- \/ Yoast SEO plugin. -->","yoast_head_json":{"title":"LA ROCHE POSAY OFFRE ANTHELIOS UVMUNE 400 FLUIDE SOLAIRE INVISIBLE SPF 50+ 50 ML - Paracherkaoui.ma","robots":{"index":"index","follow":"follow","max-snippet":"max-snippet:-1","max-image-preview":"max-image-preview:large","max-video-preview":"max-video-preview:-1"},"canonical":"https:\/\/paracherkaoui.ma\/index.php\/produit\/la-roche-posay-offre-anthelios-uvmune-400-fluide-solaire-invisible-spf-50-50-ml-hyalu-b5-10ml-offert-3\/","og_locale":"fr_FR","og_type":"article","og_title":"LA ROCHE POSAY OFFRE ANTHELIOS UVMUNE 400 FLUIDE SOLAIRE INVISIBLE SPF 50+ 50 ML - Paracherkaoui.ma","og_description":".elementor-235 .elementor-element.elementor-element-37c99e0f .elementor-tab-title, .elementor-235 .elementor-element.elementor-element-37c99e0f .elementor-tab-title:before, .elementor-235 .elementor-element.elementor-element-37c99e0f .elementor-tab-title:after, .elementor-235 .elementor-element.elementor-element-37c99e0f .elementor-tab-content, .elementor-235 .elementor-element.elementor-element-37c99e0f .elementor-tabs-content-wrapper{border-width:0.5px;}.elementor-235 .elementor-element.elementor-element-37c99e0f .elementor-tab-title{color:#000000;}.elementor-235 .elementor-element.elementor-element-37c99e0f .elementor-tab-title.elementor-active{color:#00a28d;}.elementor-235 .elementor-element.elementor-element-37c99e0f","og_url":"https:\/\/paracherkaoui.ma\/index.php\/produit\/la-roche-posay-offre-anthelios-uvmune-400-fluide-solaire-invisible-spf-50-50-ml-hyalu-b5-10ml-offert-3\/","og_site_name":"Paracherkaoui.ma","article_modified_time":"2026-01-17T16:48:21+00:00","og_image":[{"width":700,"height":700,"url":"https:\/\/paracherkaoui.ma\/wp-content\/uploads\/2025\/12\/la-roche-posay-anthelios-uvmune-400-fluide-solaire-invisible-spf-50-50-ml.jpg","type":"image\/jpeg"}],"twitter_card":"summary_large_image","twitter_misc":{"Dur\u00e9e de lecture estim\u00e9e":"3 minutes"},"schema":{"@context":"https:\/\/schema.org","@graph":[{"@type":"WebPage","@id":"https:\/\/paracherkaoui.ma\/index.php\/produit\/la-roche-posay-offre-anthelios-uvmune-400-fluide-solaire-invisible-spf-50-50-ml-hyalu-b5-10ml-offert-3\/","url":"https:\/\/paracherkaoui.ma\/index.php\/produit\/la-roche-posay-offre-anthelios-uvmune-400-fluide-solaire-invisible-spf-50-50-ml-hyalu-b5-10ml-offert-3\/","name":"LA ROCHE POSAY OFFRE ANTHELIOS UVMUNE 400 FLUIDE SOLAIRE INVISIBLE SPF 50+ 50 ML - Paracherkaoui.ma","isPartOf":{"@id":"https:\/\/paracherkaoui.ma\/#website"},"primaryImageOfPage":{"@id":"https:\/\/paracherkaoui.ma\/index.php\/produit\/la-roche-posay-offre-anthelios-uvmune-400-fluide-solaire-invisible-spf-50-50-ml-hyalu-b5-10ml-offert-3\/#primaryimage"},"image":{"@id":"https:\/\/paracherkaoui.ma\/index.php\/produit\/la-roche-posay-offre-anthelios-uvmune-400-fluide-solaire-invisible-spf-50-50-ml-hyalu-b5-10ml-offert-3\/#primaryimage"},"thumbnailUrl":"https:\/\/paracherkaoui.ma\/wp-content\/uploads\/2025\/12\/la-roche-posay-anthelios-uvmune-400-fluide-solaire-invisible-spf-50-50-ml.jpg","datePublished":"2025-12-12T18:26:02+00:00","dateModified":"2026-01-17T16:48:21+00:00","breadcrumb":{"@id":"https:\/\/paracherkaoui.ma\/index.php\/produit\/la-roche-posay-offre-anthelios-uvmune-400-fluide-solaire-invisible-spf-50-50-ml-hyalu-b5-10ml-offert-3\/#breadcrumb"},"inLanguage":"fr-FR","potentialAction":[{"@type":"ReadAction","target":["https:\/\/paracherkaoui.ma\/index.php\/produit\/la-roche-posay-offre-anthelios-uvmune-400-fluide-solaire-invisible-spf-50-50-ml-hyalu-b5-10ml-offert-3\/"]}]},{"@type":"ImageObject","inLanguage":"fr-FR","@id":"https:\/\/paracherkaoui.ma\/index.php\/produit\/la-roche-posay-offre-anthelios-uvmune-400-fluide-solaire-invisible-spf-50-50-ml-hyalu-b5-10ml-offert-3\/#primaryimage","url":"https:\/\/paracherkaoui.ma\/wp-content\/uploads\/2025\/12\/la-roche-posay-anthelios-uvmune-400-fluide-solaire-invisible-spf-50-50-ml.jpg","contentUrl":"https:\/\/paracherkaoui.ma\/wp-content\/uploads\/2025\/12\/la-roche-posay-anthelios-uvmune-400-fluide-solaire-invisible-spf-50-50-ml.jpg","width":700,"height":700},{"@type":"BreadcrumbList","@id":"https:\/\/paracherkaoui.ma\/index.php\/produit\/la-roche-posay-offre-anthelios-uvmune-400-fluide-solaire-invisible-spf-50-50-ml-hyalu-b5-10ml-offert-3\/#breadcrumb","itemListElement":[{"@type":"ListItem","position":1,"name":"Accueil","item":"https:\/\/paracherkaoui.ma\/"},{"@type":"ListItem","position":2,"name":"Boutique","item":"https:\/\/paracherkaoui.ma\/index.php\/boutique\/"},{"@type":"ListItem","position":3,"name":"LA ROCHE POSAY OFFRE ANTHELIOS UVMUNE 400 FLUIDE SOLAIRE INVISIBLE SPF 50+ 50 ML"}]},{"@type":"WebSite","@id":"https:\/\/paracherkaoui.ma\/#website","url":"https:\/\/paracherkaoui.ma\/","name":"Paracherkaoui.ma","description":"Achetez en ligne sur Paracherkaoui.ma","potentialAction":[{"@type":"SearchAction","target":{"@type":"EntryPoint","urlTemplate":"https:\/\/paracherkaoui.ma\/?s={search_term_string}"},"query-input":{"@type":"PropertyValueSpecification","valueRequired":true,"valueName":"search_term_string"}}],"inLanguage":"fr-FR"}]}},"_links":{"self":[{"href":"https:\/\/paracherkaoui.ma\/index.php\/wp-json\/wp\/v2\/product\/47861","targetHints":{"allow":["GET"]}}],"collection":[{"href":"https:\/\/paracherkaoui.ma\/index.php\/wp-json\/wp\/v2\/product"}],"about":[{"href":"https:\/\/paracherkaoui.ma\/index.php\/wp-json\/wp\/v2\/types\/product"}],"replies":[{"embeddable":true,"href":"https:\/\/paracherkaoui.ma\/index.php\/wp-json\/wp\/v2\/comments?post=47861"}],"version-history":[{"count":2,"href":"https:\/\/paracherkaoui.ma\/index.php\/wp-json\/wp\/v2\/product\/47861\/revisions"}],"predecessor-version":[{"id":59266,"href":"https:\/\/paracherkaoui.ma\/index.php\/wp-json\/wp\/v2\/product\/47861\/revisions\/59266"}],"wp:featuredmedia":[{"embeddable":true,"href":"https:\/\/paracherkaoui.ma\/index.php\/wp-json\/wp\/v2\/media\/59265"}],"wp:attachment":[{"href":"https:\/\/paracherkaoui.ma\/index.php\/wp-json\/wp\/v2\/media?parent=47861"}],"wp:term":[{"taxonomy":"product_brand","embeddable":true,"href":"https:\/\/paracherkaoui.ma\/index.php\/wp-json\/wp\/v2\/product_brand?post=47861"},{"taxonomy":"product_cat","embeddable":true,"href":"https:\/\/paracherkaoui.ma\/index.php\/wp-json\/wp\/v2\/product_cat?post=47861"},{"taxonomy":"product_tag","embeddable":true,"href":"https:\/\/paracherkaoui.ma\/index.php\/wp-json\/wp\/v2\/product_tag?post=47861"}],"curies":[{"name":"wp","href":"https:\/\/api.w.org\/{rel}","templated":true}]}}