{"id":47858,"date":"2025-12-12T19:26:02","date_gmt":"2025-12-12T18:26:02","guid":{"rendered":"https:\/\/test.ecbeaute.com\/?post_type=product&#038;p=47858"},"modified":"2025-12-12T19:26:06","modified_gmt":"2025-12-12T18:26:06","slug":"nuxe-hair-le-duo-brillance-miroir-2","status":"publish","type":"product","link":"https:\/\/paracherkaoui.ma\/index.php\/produit\/nuxe-hair-le-duo-brillance-miroir-2\/","title":{"rendered":"NUXE HAIR LE DUO BRILLANCE MIROIR"},"content":{"rendered":"<p>Nos cheveux sont quotidiennement agress\u00e9s par la pollution, les produits coiffants et les appareils chauffants, ce qui peut les rendre ternes, secs et difficiles \u00e0 coiffer. Retrouver une chevelure pleine de vitalit\u00e9, de brillance et de douceur est une aspiration partag\u00e9e. Le NUXE HAIR Le Duo Brillance Miroir a \u00e9t\u00e9 con\u00e7u pour offrir une solution compl\u00e8te et luxueuse, en puisant dans le savoir-faire de NUXE pour cr\u00e9er des formules respectueuses et ultra-efficaces.<br \/>\nCe duo est une v\u00e9ritable ode \u00e0 la beaut\u00e9 capillaire, gr\u00e2ce \u00e0 des produits aux propri\u00e9t\u00e9s exceptionnelles :<br \/>\n1. NUXE HAIR Shampooing Brillance Miroir :<br \/>\nNettoyage Doux et Parfum\u00e9 : Ce shampooing est une caresse pour vos cheveux. Il lave d\u00e9licatement la fibre capillaire, \u00e9liminant les impuret\u00e9s sans agresser. Sa particularit\u00e9 ? Il parfume d\u00e9licatement les cheveux de la fragrance mythique de l&rsquo;Huile Prodigieuse, transformant votre douche en un moment de pur plaisir sensoriel.<br \/>\nFormule Clean et Nourrissante : Sa formule est un gage de respect : sans silicone et sans sulfate*, il nourrit les cheveux en profondeur sans les alourdir. C&rsquo;est l&rsquo;assurance d&rsquo;une propret\u00e9 impeccable sans r\u00e9sidus ind\u00e9sirables qui pourraient \u00e9touffer la chevelure.<br \/>\nEfficacit\u00e9 Prouv\u00e9e D\u00e8s la 1\u00e8re Application\u00b9 :<br \/>\nLes cheveux sont lav\u00e9s en douceur pour 95 % des utilisatrices.<br \/>\nLes cheveux sont souples pour 91 % des utilisatrices.<br \/>\nLes cheveux ne sont pas alourdis pour 95 % des utilisatrices. Ces chiffres t\u00e9moignent de son efficacit\u00e9 imm\u00e9diate : vos cheveux retrouvent souplesse, l\u00e9g\u00e8ret\u00e9 et un \u00e9clat naturel d\u00e8s le premier lavage.<br \/>\nBrillance \u00c9clatante et Toucher Soyeux : Apr\u00e8s chaque shampooing, vos cheveux sont \u00e9clatants de brillance, et leur toucher soyeux, addictif. C&rsquo;est une invitation \u00e0 passer la main dans une chevelure incroyablement douce et lumineuse.<br \/>\n2. NUXE HAIR D\u00e9m\u00ealant Brillance Miroir :<br \/>\nD\u00e9m\u00ealage Instantan\u00e9 et Nourrissant : Ce d\u00e9m\u00ealant est le compl\u00e9ment parfait du shampooing. Il d\u00e9m\u00eale instantan\u00e9ment les cheveux, facilitant grandement le coiffage, m\u00eame des chevelures les plus rebelles. Sa formule sans silicone nourrit intens\u00e9ment la fibre capillaire, lui apportant tous les \u00e9l\u00e9ments essentiels pour sa sant\u00e9 et sa beaut\u00e9.<br \/>\nParfum Envo\u00fbtant et Rituel Sensoriel : Comme le shampooing, sa texture baume est impr\u00e9gn\u00e9e de la fragrance mythique de l&rsquo;Huile Prodigieuse\u00ae, enveloppant vos cheveux d&rsquo;un parfum envo\u00fbtant pour un rituel sensoriel inou\u00ef. Le d\u00e9m\u00ealage devient un moment de pur bonheur olfactif.<br \/>\nR\u00e9sultats Visibles et Durables :<br \/>\nD\u00e8s la 1\u00e8re application\u00b2, les cheveux sont faciles \u00e0 d\u00e9m\u00ealer pour 90 % des utilisatrices.<br \/>\nIls sont hydrat\u00e9s, soyeux et doux pour 90 % des utilisatrices.<br \/>\nApr\u00e8s 12 applications, leur brillance est plus intense (+ 40 %) : c&rsquo;est une preuve concr\u00e8te de l&rsquo;action cumul\u00e9e et durable du duo sur l&rsquo;\u00e9clat de vos cheveux.<br \/>\nConseils d&rsquo;utilisation :<br \/>\nUtilisez le shampooing aussi souvent que n\u00e9cessaire, selon votre routine capillaire.<br \/>\nUtilisez le d\u00e9m\u00ealant apr\u00e8s chaque shampooing.<\/p>\n","protected":false},"excerpt":{"rendered":"<p>Nos cheveux sont quotidiennement agress\u00e9s par la pollution, les produits coiffants et les appareils chauffants, ce qui peut les rendre<\/p>\n","protected":false},"featured_media":18556,"comment_status":"open","ping_status":"closed","template":"","meta":[],"product_brand":[230],"product_cat":[858],"product_tag":[],"class_list":{"0":"post-47858","1":"product","2":"type-product","3":"status-publish","4":"has-post-thumbnail","6":"product_brand-nuxe","7":"product_cat-les-bons-deals","9":"first","10":"instock","11":"sale","12":"shipping-taxable","13":"purchasable","14":"product-type-simple"},"yoast_head":"<!-- This site is optimized with the Yoast SEO plugin v26.6 - https:\/\/yoast.com\/wordpress\/plugins\/seo\/ -->\r\n<title>NUXE HAIR LE DUO BRILLANCE MIROIR - Paracherkaoui.ma<\/title>\r\n<meta name=\"robots\" content=\"index, follow, max-snippet:-1, max-image-preview:large, max-video-preview:-1\" \/>\r\n<link rel=\"canonical\" href=\"https:\/\/paracherkaoui.ma\/index.php\/produit\/nuxe-hair-le-duo-brillance-miroir-2\/\" \/>\r\n<meta property=\"og:locale\" content=\"fr_FR\" \/>\r\n<meta property=\"og:type\" content=\"article\" \/>\r\n<meta property=\"og:title\" content=\"NUXE HAIR LE DUO BRILLANCE MIROIR - Paracherkaoui.ma\" \/>\r\n<meta property=\"og:description\" content=\"Nos cheveux sont quotidiennement agress\u00e9s par la pollution, les produits coiffants et les appareils chauffants, ce qui peut les rendre\" \/>\r\n<meta property=\"og:url\" content=\"https:\/\/paracherkaoui.ma\/index.php\/produit\/nuxe-hair-le-duo-brillance-miroir-2\/\" \/>\r\n<meta property=\"og:site_name\" content=\"Paracherkaoui.ma\" \/>\r\n<meta property=\"article:modified_time\" content=\"2025-12-12T18:26:06+00:00\" \/>\r\n<meta property=\"og:image\" content=\"https:\/\/paracherkaoui.ma\/wp-content\/uploads\/2025\/12\/nuxe-hair-le-duo-brillance-miroir.jpg\" \/>\r\n\t<meta property=\"og:image:width\" content=\"700\" \/>\r\n\t<meta property=\"og:image:height\" content=\"700\" \/>\r\n\t<meta property=\"og:image:type\" content=\"image\/jpeg\" \/>\r\n<meta name=\"twitter:card\" content=\"summary_large_image\" \/>\r\n<meta name=\"twitter:label1\" content=\"Dur\u00e9e de lecture estim\u00e9e\" \/>\n\t<meta name=\"twitter:data1\" content=\"2 minutes\" \/>\r\n<script type=\"application\/ld+json\" class=\"yoast-schema-graph\">{\"@context\":\"https:\/\/schema.org\",\"@graph\":[{\"@type\":\"WebPage\",\"@id\":\"https:\/\/paracherkaoui.ma\/index.php\/produit\/nuxe-hair-le-duo-brillance-miroir-2\/\",\"url\":\"https:\/\/paracherkaoui.ma\/index.php\/produit\/nuxe-hair-le-duo-brillance-miroir-2\/\",\"name\":\"NUXE HAIR LE DUO BRILLANCE MIROIR - Paracherkaoui.ma\",\"isPartOf\":{\"@id\":\"https:\/\/paracherkaoui.ma\/#website\"},\"primaryImageOfPage\":{\"@id\":\"https:\/\/paracherkaoui.ma\/index.php\/produit\/nuxe-hair-le-duo-brillance-miroir-2\/#primaryimage\"},\"image\":{\"@id\":\"https:\/\/paracherkaoui.ma\/index.php\/produit\/nuxe-hair-le-duo-brillance-miroir-2\/#primaryimage\"},\"thumbnailUrl\":\"https:\/\/paracherkaoui.ma\/wp-content\/uploads\/2025\/12\/nuxe-hair-le-duo-brillance-miroir.jpg\",\"datePublished\":\"2025-12-12T18:26:02+00:00\",\"dateModified\":\"2025-12-12T18:26:06+00:00\",\"breadcrumb\":{\"@id\":\"https:\/\/paracherkaoui.ma\/index.php\/produit\/nuxe-hair-le-duo-brillance-miroir-2\/#breadcrumb\"},\"inLanguage\":\"fr-FR\",\"potentialAction\":[{\"@type\":\"ReadAction\",\"target\":[\"https:\/\/paracherkaoui.ma\/index.php\/produit\/nuxe-hair-le-duo-brillance-miroir-2\/\"]}]},{\"@type\":\"ImageObject\",\"inLanguage\":\"fr-FR\",\"@id\":\"https:\/\/paracherkaoui.ma\/index.php\/produit\/nuxe-hair-le-duo-brillance-miroir-2\/#primaryimage\",\"url\":\"https:\/\/paracherkaoui.ma\/wp-content\/uploads\/2025\/12\/nuxe-hair-le-duo-brillance-miroir.jpg\",\"contentUrl\":\"https:\/\/paracherkaoui.ma\/wp-content\/uploads\/2025\/12\/nuxe-hair-le-duo-brillance-miroir.jpg\",\"width\":700,\"height\":700},{\"@type\":\"BreadcrumbList\",\"@id\":\"https:\/\/paracherkaoui.ma\/index.php\/produit\/nuxe-hair-le-duo-brillance-miroir-2\/#breadcrumb\",\"itemListElement\":[{\"@type\":\"ListItem\",\"position\":1,\"name\":\"Accueil\",\"item\":\"https:\/\/paracherkaoui.ma\/\"},{\"@type\":\"ListItem\",\"position\":2,\"name\":\"Boutique\",\"item\":\"https:\/\/paracherkaoui.ma\/index.php\/boutique\/\"},{\"@type\":\"ListItem\",\"position\":3,\"name\":\"NUXE HAIR LE DUO BRILLANCE MIROIR\"}]},{\"@type\":\"WebSite\",\"@id\":\"https:\/\/paracherkaoui.ma\/#website\",\"url\":\"https:\/\/paracherkaoui.ma\/\",\"name\":\"Paracherkaoui.ma\",\"description\":\"Achetez en ligne sur Paracherkaoui.ma\",\"potentialAction\":[{\"@type\":\"SearchAction\",\"target\":{\"@type\":\"EntryPoint\",\"urlTemplate\":\"https:\/\/paracherkaoui.ma\/?s={search_term_string}\"},\"query-input\":{\"@type\":\"PropertyValueSpecification\",\"valueRequired\":true,\"valueName\":\"search_term_string\"}}],\"inLanguage\":\"fr-FR\"}]}<\/script>\r\n<!-- \/ Yoast SEO plugin. -->","yoast_head_json":{"title":"NUXE HAIR LE DUO BRILLANCE MIROIR - Paracherkaoui.ma","robots":{"index":"index","follow":"follow","max-snippet":"max-snippet:-1","max-image-preview":"max-image-preview:large","max-video-preview":"max-video-preview:-1"},"canonical":"https:\/\/paracherkaoui.ma\/index.php\/produit\/nuxe-hair-le-duo-brillance-miroir-2\/","og_locale":"fr_FR","og_type":"article","og_title":"NUXE HAIR LE DUO BRILLANCE MIROIR - Paracherkaoui.ma","og_description":"Nos cheveux sont quotidiennement agress\u00e9s par la pollution, les produits coiffants et les appareils chauffants, ce qui peut les rendre","og_url":"https:\/\/paracherkaoui.ma\/index.php\/produit\/nuxe-hair-le-duo-brillance-miroir-2\/","og_site_name":"Paracherkaoui.ma","article_modified_time":"2025-12-12T18:26:06+00:00","og_image":[{"width":700,"height":700,"url":"https:\/\/paracherkaoui.ma\/wp-content\/uploads\/2025\/12\/nuxe-hair-le-duo-brillance-miroir.jpg","type":"image\/jpeg"}],"twitter_card":"summary_large_image","twitter_misc":{"Dur\u00e9e de lecture estim\u00e9e":"2 minutes"},"schema":{"@context":"https:\/\/schema.org","@graph":[{"@type":"WebPage","@id":"https:\/\/paracherkaoui.ma\/index.php\/produit\/nuxe-hair-le-duo-brillance-miroir-2\/","url":"https:\/\/paracherkaoui.ma\/index.php\/produit\/nuxe-hair-le-duo-brillance-miroir-2\/","name":"NUXE HAIR LE DUO BRILLANCE MIROIR - Paracherkaoui.ma","isPartOf":{"@id":"https:\/\/paracherkaoui.ma\/#website"},"primaryImageOfPage":{"@id":"https:\/\/paracherkaoui.ma\/index.php\/produit\/nuxe-hair-le-duo-brillance-miroir-2\/#primaryimage"},"image":{"@id":"https:\/\/paracherkaoui.ma\/index.php\/produit\/nuxe-hair-le-duo-brillance-miroir-2\/#primaryimage"},"thumbnailUrl":"https:\/\/paracherkaoui.ma\/wp-content\/uploads\/2025\/12\/nuxe-hair-le-duo-brillance-miroir.jpg","datePublished":"2025-12-12T18:26:02+00:00","dateModified":"2025-12-12T18:26:06+00:00","breadcrumb":{"@id":"https:\/\/paracherkaoui.ma\/index.php\/produit\/nuxe-hair-le-duo-brillance-miroir-2\/#breadcrumb"},"inLanguage":"fr-FR","potentialAction":[{"@type":"ReadAction","target":["https:\/\/paracherkaoui.ma\/index.php\/produit\/nuxe-hair-le-duo-brillance-miroir-2\/"]}]},{"@type":"ImageObject","inLanguage":"fr-FR","@id":"https:\/\/paracherkaoui.ma\/index.php\/produit\/nuxe-hair-le-duo-brillance-miroir-2\/#primaryimage","url":"https:\/\/paracherkaoui.ma\/wp-content\/uploads\/2025\/12\/nuxe-hair-le-duo-brillance-miroir.jpg","contentUrl":"https:\/\/paracherkaoui.ma\/wp-content\/uploads\/2025\/12\/nuxe-hair-le-duo-brillance-miroir.jpg","width":700,"height":700},{"@type":"BreadcrumbList","@id":"https:\/\/paracherkaoui.ma\/index.php\/produit\/nuxe-hair-le-duo-brillance-miroir-2\/#breadcrumb","itemListElement":[{"@type":"ListItem","position":1,"name":"Accueil","item":"https:\/\/paracherkaoui.ma\/"},{"@type":"ListItem","position":2,"name":"Boutique","item":"https:\/\/paracherkaoui.ma\/index.php\/boutique\/"},{"@type":"ListItem","position":3,"name":"NUXE HAIR LE DUO BRILLANCE MIROIR"}]},{"@type":"WebSite","@id":"https:\/\/paracherkaoui.ma\/#website","url":"https:\/\/paracherkaoui.ma\/","name":"Paracherkaoui.ma","description":"Achetez en ligne sur Paracherkaoui.ma","potentialAction":[{"@type":"SearchAction","target":{"@type":"EntryPoint","urlTemplate":"https:\/\/paracherkaoui.ma\/?s={search_term_string}"},"query-input":{"@type":"PropertyValueSpecification","valueRequired":true,"valueName":"search_term_string"}}],"inLanguage":"fr-FR"}]}},"_links":{"self":[{"href":"https:\/\/paracherkaoui.ma\/index.php\/wp-json\/wp\/v2\/product\/47858","targetHints":{"allow":["GET"]}}],"collection":[{"href":"https:\/\/paracherkaoui.ma\/index.php\/wp-json\/wp\/v2\/product"}],"about":[{"href":"https:\/\/paracherkaoui.ma\/index.php\/wp-json\/wp\/v2\/types\/product"}],"replies":[{"embeddable":true,"href":"https:\/\/paracherkaoui.ma\/index.php\/wp-json\/wp\/v2\/comments?post=47858"}],"version-history":[{"count":1,"href":"https:\/\/paracherkaoui.ma\/index.php\/wp-json\/wp\/v2\/product\/47858\/revisions"}],"predecessor-version":[{"id":47904,"href":"https:\/\/paracherkaoui.ma\/index.php\/wp-json\/wp\/v2\/product\/47858\/revisions\/47904"}],"wp:featuredmedia":[{"embeddable":true,"href":"https:\/\/paracherkaoui.ma\/index.php\/wp-json\/wp\/v2\/media\/18556"}],"wp:attachment":[{"href":"https:\/\/paracherkaoui.ma\/index.php\/wp-json\/wp\/v2\/media?parent=47858"}],"wp:term":[{"taxonomy":"product_brand","embeddable":true,"href":"https:\/\/paracherkaoui.ma\/index.php\/wp-json\/wp\/v2\/product_brand?post=47858"},{"taxonomy":"product_cat","embeddable":true,"href":"https:\/\/paracherkaoui.ma\/index.php\/wp-json\/wp\/v2\/product_cat?post=47858"},{"taxonomy":"product_tag","embeddable":true,"href":"https:\/\/paracherkaoui.ma\/index.php\/wp-json\/wp\/v2\/product_tag?post=47858"}],"curies":[{"name":"wp","href":"https:\/\/api.w.org\/{rel}","templated":true}]}}