{"id":47768,"date":"2025-12-12T19:25:51","date_gmt":"2025-12-12T18:25:51","guid":{"rendered":"https:\/\/test.ecbeaute.com\/?post_type=product&#038;p=47768"},"modified":"2025-12-12T19:25:54","modified_gmt":"2025-12-12T18:25:54","slug":"erayba-always-beautiful-hair-detox-refresh-gift-box","status":"publish","type":"product","link":"https:\/\/paracherkaoui.ma\/index.php\/produit\/erayba-always-beautiful-hair-detox-refresh-gift-box\/","title":{"rendered":"ERAYBA ALWAYS BEAUTIFUL HAIR DETOX REFRESH GIFT BOX"},"content":{"rendered":"<p>Le shampooing et le masque contenus dans ce coffret sont enrichis en ingr\u00e9dients actifs aux bienfaits puissants. L&rsquo;aloe vera hydrate en profondeur tout en calmant le cuir chevelu, la menthe poivr\u00e9e apporte une sensation de fra\u00eecheur et stimule le cuir chevelu, et le th\u00e9 vert et l&rsquo;extrait d&rsquo;artichaut jouent un r\u00f4le anti-oxydant en luttant contre les radicaux libres et en \u00e9liminant les toxines. Cette combinaison d&rsquo;ingr\u00e9dients naturels favorise la sant\u00e9 des cheveux et leur donne un aspect \u00e9clatant et revitalis\u00e9.<br \/>\nTotalement exempt de sulfates, parab\u00e8nes, sels, huiles min\u00e9rales et silicones, ce coffret est une option s\u00fbre et douce pour ceux qui recherchent des produits sans substances chimiques agressives. Son parfum hypoallerg\u00e9nique aux notes de kiwi, concombre et essence de jasmin frais apporte une touche de fra\u00eecheur d\u00e9licate qui enveloppe les cheveux d&rsquo;un doux parfum agr\u00e9able, sans irriter les cuirs chevelus sensibles.<br \/>\nAvec ERAYBA ALWAYS BEAUTIFUL HAIR DETOX REFRESH, vos cheveux sont non seulement purifi\u00e9s et r\u00e9hydrat\u00e9s, mais aussi plus doux, brillants et visiblement plus sains. Ce coffret est id\u00e9al pour int\u00e9grer un rituel de soin bienfaisant et naturel \u00e0 votre routine capillaire quotidienne.<br \/>\nConseils d&rsquo;utilisation<br \/>\nAppliquez le shampooing sur cheveux mouill\u00e9s et massez d\u00e9licatement le cuir chevelu et les cheveux pour faire mousser. Rincez abondamment.<br \/>\nEnsuite, appliquez le masque sur cheveux essor\u00e9s, en r\u00e9partissant uniform\u00e9ment sur les longueurs et les pointes. Laissez agir 5 \u00e0 10 minutes pour une hydratation intense, puis rincez soigneusement.<br \/>\nUtilisez ce rituel 2 \u00e0 3 fois par semaine pour maintenir des cheveux sains et revitalis\u00e9s.<\/p>\n","protected":false},"excerpt":{"rendered":"<p>Le shampooing et le masque contenus dans ce coffret sont enrichis en ingr\u00e9dients actifs aux bienfaits puissants. L&rsquo;aloe vera hydrate<\/p>\n","protected":false},"featured_media":47801,"comment_status":"open","ping_status":"closed","template":"","meta":[],"product_brand":[193],"product_cat":[858],"product_tag":[],"class_list":{"0":"post-47768","1":"product","2":"type-product","3":"status-publish","4":"has-post-thumbnail","6":"product_brand-erayba","7":"product_cat-les-bons-deals","9":"first","10":"instock","11":"sale","12":"shipping-taxable","13":"purchasable","14":"product-type-simple"},"yoast_head":"<!-- This site is optimized with the Yoast SEO plugin v26.6 - https:\/\/yoast.com\/wordpress\/plugins\/seo\/ -->\r\n<title>ERAYBA ALWAYS BEAUTIFUL HAIR DETOX REFRESH GIFT BOX - Paracherkaoui.ma<\/title>\r\n<meta name=\"robots\" content=\"index, follow, max-snippet:-1, max-image-preview:large, max-video-preview:-1\" \/>\r\n<link rel=\"canonical\" href=\"https:\/\/paracherkaoui.ma\/index.php\/produit\/erayba-always-beautiful-hair-detox-refresh-gift-box\/\" \/>\r\n<meta property=\"og:locale\" content=\"fr_FR\" \/>\r\n<meta property=\"og:type\" content=\"article\" \/>\r\n<meta property=\"og:title\" content=\"ERAYBA ALWAYS BEAUTIFUL HAIR DETOX REFRESH GIFT BOX - Paracherkaoui.ma\" \/>\r\n<meta property=\"og:description\" content=\"Le shampooing et le masque contenus dans ce coffret sont enrichis en ingr\u00e9dients actifs aux bienfaits puissants. L&rsquo;aloe vera hydrate\" \/>\r\n<meta property=\"og:url\" content=\"https:\/\/paracherkaoui.ma\/index.php\/produit\/erayba-always-beautiful-hair-detox-refresh-gift-box\/\" \/>\r\n<meta property=\"og:site_name\" content=\"Paracherkaoui.ma\" \/>\r\n<meta property=\"article:modified_time\" content=\"2025-12-12T18:25:54+00:00\" \/>\r\n<meta property=\"og:image\" content=\"https:\/\/paracherkaoui.ma\/wp-content\/uploads\/2025\/12\/erayba-erayba-always-beautiful-hair-detox-refresh-gift-box-soins-des-cheveux.jpg\" \/>\r\n\t<meta property=\"og:image:width\" content=\"700\" \/>\r\n\t<meta property=\"og:image:height\" content=\"700\" \/>\r\n\t<meta property=\"og:image:type\" content=\"image\/jpeg\" \/>\r\n<meta name=\"twitter:card\" content=\"summary_large_image\" \/>\r\n<meta name=\"twitter:label1\" content=\"Dur\u00e9e de lecture estim\u00e9e\" \/>\n\t<meta name=\"twitter:data1\" content=\"1 minute\" \/>\r\n<script type=\"application\/ld+json\" class=\"yoast-schema-graph\">{\"@context\":\"https:\/\/schema.org\",\"@graph\":[{\"@type\":\"WebPage\",\"@id\":\"https:\/\/paracherkaoui.ma\/index.php\/produit\/erayba-always-beautiful-hair-detox-refresh-gift-box\/\",\"url\":\"https:\/\/paracherkaoui.ma\/index.php\/produit\/erayba-always-beautiful-hair-detox-refresh-gift-box\/\",\"name\":\"ERAYBA ALWAYS BEAUTIFUL HAIR DETOX REFRESH GIFT BOX - Paracherkaoui.ma\",\"isPartOf\":{\"@id\":\"https:\/\/paracherkaoui.ma\/#website\"},\"primaryImageOfPage\":{\"@id\":\"https:\/\/paracherkaoui.ma\/index.php\/produit\/erayba-always-beautiful-hair-detox-refresh-gift-box\/#primaryimage\"},\"image\":{\"@id\":\"https:\/\/paracherkaoui.ma\/index.php\/produit\/erayba-always-beautiful-hair-detox-refresh-gift-box\/#primaryimage\"},\"thumbnailUrl\":\"https:\/\/paracherkaoui.ma\/wp-content\/uploads\/2025\/12\/erayba-erayba-always-beautiful-hair-detox-refresh-gift-box-soins-des-cheveux.jpg\",\"datePublished\":\"2025-12-12T18:25:51+00:00\",\"dateModified\":\"2025-12-12T18:25:54+00:00\",\"breadcrumb\":{\"@id\":\"https:\/\/paracherkaoui.ma\/index.php\/produit\/erayba-always-beautiful-hair-detox-refresh-gift-box\/#breadcrumb\"},\"inLanguage\":\"fr-FR\",\"potentialAction\":[{\"@type\":\"ReadAction\",\"target\":[\"https:\/\/paracherkaoui.ma\/index.php\/produit\/erayba-always-beautiful-hair-detox-refresh-gift-box\/\"]}]},{\"@type\":\"ImageObject\",\"inLanguage\":\"fr-FR\",\"@id\":\"https:\/\/paracherkaoui.ma\/index.php\/produit\/erayba-always-beautiful-hair-detox-refresh-gift-box\/#primaryimage\",\"url\":\"https:\/\/paracherkaoui.ma\/wp-content\/uploads\/2025\/12\/erayba-erayba-always-beautiful-hair-detox-refresh-gift-box-soins-des-cheveux.jpg\",\"contentUrl\":\"https:\/\/paracherkaoui.ma\/wp-content\/uploads\/2025\/12\/erayba-erayba-always-beautiful-hair-detox-refresh-gift-box-soins-des-cheveux.jpg\",\"width\":700,\"height\":700},{\"@type\":\"BreadcrumbList\",\"@id\":\"https:\/\/paracherkaoui.ma\/index.php\/produit\/erayba-always-beautiful-hair-detox-refresh-gift-box\/#breadcrumb\",\"itemListElement\":[{\"@type\":\"ListItem\",\"position\":1,\"name\":\"Accueil\",\"item\":\"https:\/\/paracherkaoui.ma\/\"},{\"@type\":\"ListItem\",\"position\":2,\"name\":\"Boutique\",\"item\":\"https:\/\/paracherkaoui.ma\/index.php\/boutique\/\"},{\"@type\":\"ListItem\",\"position\":3,\"name\":\"ERAYBA ALWAYS BEAUTIFUL HAIR DETOX REFRESH GIFT BOX\"}]},{\"@type\":\"WebSite\",\"@id\":\"https:\/\/paracherkaoui.ma\/#website\",\"url\":\"https:\/\/paracherkaoui.ma\/\",\"name\":\"Paracherkaoui.ma\",\"description\":\"Achetez en ligne sur Paracherkaoui.ma\",\"potentialAction\":[{\"@type\":\"SearchAction\",\"target\":{\"@type\":\"EntryPoint\",\"urlTemplate\":\"https:\/\/paracherkaoui.ma\/?s={search_term_string}\"},\"query-input\":{\"@type\":\"PropertyValueSpecification\",\"valueRequired\":true,\"valueName\":\"search_term_string\"}}],\"inLanguage\":\"fr-FR\"}]}<\/script>\r\n<!-- \/ Yoast SEO plugin. -->","yoast_head_json":{"title":"ERAYBA ALWAYS BEAUTIFUL HAIR DETOX REFRESH GIFT BOX - Paracherkaoui.ma","robots":{"index":"index","follow":"follow","max-snippet":"max-snippet:-1","max-image-preview":"max-image-preview:large","max-video-preview":"max-video-preview:-1"},"canonical":"https:\/\/paracherkaoui.ma\/index.php\/produit\/erayba-always-beautiful-hair-detox-refresh-gift-box\/","og_locale":"fr_FR","og_type":"article","og_title":"ERAYBA ALWAYS BEAUTIFUL HAIR DETOX REFRESH GIFT BOX - Paracherkaoui.ma","og_description":"Le shampooing et le masque contenus dans ce coffret sont enrichis en ingr\u00e9dients actifs aux bienfaits puissants. L&rsquo;aloe vera hydrate","og_url":"https:\/\/paracherkaoui.ma\/index.php\/produit\/erayba-always-beautiful-hair-detox-refresh-gift-box\/","og_site_name":"Paracherkaoui.ma","article_modified_time":"2025-12-12T18:25:54+00:00","og_image":[{"width":700,"height":700,"url":"https:\/\/paracherkaoui.ma\/wp-content\/uploads\/2025\/12\/erayba-erayba-always-beautiful-hair-detox-refresh-gift-box-soins-des-cheveux.jpg","type":"image\/jpeg"}],"twitter_card":"summary_large_image","twitter_misc":{"Dur\u00e9e de lecture estim\u00e9e":"1 minute"},"schema":{"@context":"https:\/\/schema.org","@graph":[{"@type":"WebPage","@id":"https:\/\/paracherkaoui.ma\/index.php\/produit\/erayba-always-beautiful-hair-detox-refresh-gift-box\/","url":"https:\/\/paracherkaoui.ma\/index.php\/produit\/erayba-always-beautiful-hair-detox-refresh-gift-box\/","name":"ERAYBA ALWAYS BEAUTIFUL HAIR DETOX REFRESH GIFT BOX - Paracherkaoui.ma","isPartOf":{"@id":"https:\/\/paracherkaoui.ma\/#website"},"primaryImageOfPage":{"@id":"https:\/\/paracherkaoui.ma\/index.php\/produit\/erayba-always-beautiful-hair-detox-refresh-gift-box\/#primaryimage"},"image":{"@id":"https:\/\/paracherkaoui.ma\/index.php\/produit\/erayba-always-beautiful-hair-detox-refresh-gift-box\/#primaryimage"},"thumbnailUrl":"https:\/\/paracherkaoui.ma\/wp-content\/uploads\/2025\/12\/erayba-erayba-always-beautiful-hair-detox-refresh-gift-box-soins-des-cheveux.jpg","datePublished":"2025-12-12T18:25:51+00:00","dateModified":"2025-12-12T18:25:54+00:00","breadcrumb":{"@id":"https:\/\/paracherkaoui.ma\/index.php\/produit\/erayba-always-beautiful-hair-detox-refresh-gift-box\/#breadcrumb"},"inLanguage":"fr-FR","potentialAction":[{"@type":"ReadAction","target":["https:\/\/paracherkaoui.ma\/index.php\/produit\/erayba-always-beautiful-hair-detox-refresh-gift-box\/"]}]},{"@type":"ImageObject","inLanguage":"fr-FR","@id":"https:\/\/paracherkaoui.ma\/index.php\/produit\/erayba-always-beautiful-hair-detox-refresh-gift-box\/#primaryimage","url":"https:\/\/paracherkaoui.ma\/wp-content\/uploads\/2025\/12\/erayba-erayba-always-beautiful-hair-detox-refresh-gift-box-soins-des-cheveux.jpg","contentUrl":"https:\/\/paracherkaoui.ma\/wp-content\/uploads\/2025\/12\/erayba-erayba-always-beautiful-hair-detox-refresh-gift-box-soins-des-cheveux.jpg","width":700,"height":700},{"@type":"BreadcrumbList","@id":"https:\/\/paracherkaoui.ma\/index.php\/produit\/erayba-always-beautiful-hair-detox-refresh-gift-box\/#breadcrumb","itemListElement":[{"@type":"ListItem","position":1,"name":"Accueil","item":"https:\/\/paracherkaoui.ma\/"},{"@type":"ListItem","position":2,"name":"Boutique","item":"https:\/\/paracherkaoui.ma\/index.php\/boutique\/"},{"@type":"ListItem","position":3,"name":"ERAYBA ALWAYS BEAUTIFUL HAIR DETOX REFRESH GIFT BOX"}]},{"@type":"WebSite","@id":"https:\/\/paracherkaoui.ma\/#website","url":"https:\/\/paracherkaoui.ma\/","name":"Paracherkaoui.ma","description":"Achetez en ligne sur Paracherkaoui.ma","potentialAction":[{"@type":"SearchAction","target":{"@type":"EntryPoint","urlTemplate":"https:\/\/paracherkaoui.ma\/?s={search_term_string}"},"query-input":{"@type":"PropertyValueSpecification","valueRequired":true,"valueName":"search_term_string"}}],"inLanguage":"fr-FR"}]}},"_links":{"self":[{"href":"https:\/\/paracherkaoui.ma\/index.php\/wp-json\/wp\/v2\/product\/47768","targetHints":{"allow":["GET"]}}],"collection":[{"href":"https:\/\/paracherkaoui.ma\/index.php\/wp-json\/wp\/v2\/product"}],"about":[{"href":"https:\/\/paracherkaoui.ma\/index.php\/wp-json\/wp\/v2\/types\/product"}],"replies":[{"embeddable":true,"href":"https:\/\/paracherkaoui.ma\/index.php\/wp-json\/wp\/v2\/comments?post=47768"}],"version-history":[{"count":1,"href":"https:\/\/paracherkaoui.ma\/index.php\/wp-json\/wp\/v2\/product\/47768\/revisions"}],"predecessor-version":[{"id":47802,"href":"https:\/\/paracherkaoui.ma\/index.php\/wp-json\/wp\/v2\/product\/47768\/revisions\/47802"}],"wp:featuredmedia":[{"embeddable":true,"href":"https:\/\/paracherkaoui.ma\/index.php\/wp-json\/wp\/v2\/media\/47801"}],"wp:attachment":[{"href":"https:\/\/paracherkaoui.ma\/index.php\/wp-json\/wp\/v2\/media?parent=47768"}],"wp:term":[{"taxonomy":"product_brand","embeddable":true,"href":"https:\/\/paracherkaoui.ma\/index.php\/wp-json\/wp\/v2\/product_brand?post=47768"},{"taxonomy":"product_cat","embeddable":true,"href":"https:\/\/paracherkaoui.ma\/index.php\/wp-json\/wp\/v2\/product_cat?post=47768"},{"taxonomy":"product_tag","embeddable":true,"href":"https:\/\/paracherkaoui.ma\/index.php\/wp-json\/wp\/v2\/product_tag?post=47768"}],"curies":[{"name":"wp","href":"https:\/\/api.w.org\/{rel}","templated":true}]}}