{"id":47766,"date":"2025-12-12T19:25:51","date_gmt":"2025-12-12T18:25:51","guid":{"rendered":"https:\/\/test.ecbeaute.com\/?post_type=product&#038;p=47766"},"modified":"2025-12-12T19:25:54","modified_gmt":"2025-12-12T18:25:54","slug":"erayba-bio-smooth-smoothing-after-care-gift-box","status":"publish","type":"product","link":"https:\/\/paracherkaoui.ma\/index.php\/produit\/erayba-bio-smooth-smoothing-after-care-gift-box\/","title":{"rendered":"ERAYBA BIO SMOOTH SMOOTHING AFTER CARE GIFT BOX"},"content":{"rendered":"<p>Le BIOsmooth BS12 shampooing 250ml est un shampooing lissant qui nettoie d\u00e9licatement tout en combattant les frisottis. Sa formule est riche en acides amin\u00e9s, en prot\u00e9ines de bl\u00e9 et en a\u00e7a\u00ef, un fruit reconnu pour ses bienfaits antioxydants et nourrissants. Ce shampooing aide \u00e0 renforcer les cheveux et \u00e0 leur donner un aspect plus lisse et plus brillant. En plus de r\u00e9duire les frisottis, il pr\u00e9pare les cheveux \u00e0 recevoir les bienfaits des autres produits de la gamme.<br \/>\nLe BIOsmooth Conditionner\u00a0250ml est un revitalisant lissant qui hydrate et revitalise les cheveux. Sa composition enrichie en acides amin\u00e9s et en extraits naturels contribue \u00e0 dompter les m\u00e8ches rebelles tout en apportant une hydratation durable. Les prot\u00e9ines de bl\u00e9 et de soja, combin\u00e9es aux bienfaits de l\u2019a\u00e7a\u00ef, du beurre d&rsquo;avocat et du karit\u00e9, nourrissent en profondeur les cheveux, leur offrant douceur, souplesse et \u00e9clat.<br \/>\nEnfin, le BS18 Smoothing 2 phase 200ml\u00a0Revitalisant lissant sans frisottis et post-soin vegan. Sans rin\u00e7age. Pour tous les types de cheveux, en particulier les cheveux secs ou ab\u00eem\u00e9s. Action anti-oxydante, nourrissante et brillance instantan\u00e9e. D\u00e9m\u00eale, am\u00e9liore la douceur et la facilit\u00e9 de peignage. Contient un filtre de protection UV.<br \/>\nConseils d&rsquo;utilisation<br \/>\nBIOsmooth BS12 Shampooing : Appliquez sur cheveux mouill\u00e9s, massez pour faire mousser, puis rincez abondamment. Utilisez quotidiennement ou selon les besoins.<br \/>\nBIOsmooth Conditionner : Apr\u00e8s le shampooing, appliquez sur les longueurs et les pointes, laissez agir 2 \u00e0 3 minutes, puis rincez.<br \/>\nBS18 Smoothing 2 phase \u00a0: Vaporiser sur cheveux mouill\u00e9s ou secs et peigner. Ne pas rincer.<\/p>\n","protected":false},"excerpt":{"rendered":"<p>Le BIOsmooth BS12 shampooing 250ml est un shampooing lissant qui nettoie d\u00e9licatement tout en combattant les frisottis. Sa formule est<\/p>\n","protected":false},"featured_media":47797,"comment_status":"open","ping_status":"closed","template":"","meta":[],"product_brand":[193],"product_cat":[858],"product_tag":[],"class_list":{"0":"post-47766","1":"product","2":"type-product","3":"status-publish","4":"has-post-thumbnail","6":"product_brand-erayba","7":"product_cat-les-bons-deals","9":"first","10":"instock","11":"sale","12":"shipping-taxable","13":"purchasable","14":"product-type-simple"},"yoast_head":"<!-- This site is optimized with the Yoast SEO plugin v26.6 - https:\/\/yoast.com\/wordpress\/plugins\/seo\/ -->\r\n<title>ERAYBA BIO SMOOTH SMOOTHING AFTER CARE GIFT BOX - Paracherkaoui.ma<\/title>\r\n<meta name=\"robots\" content=\"index, follow, max-snippet:-1, max-image-preview:large, max-video-preview:-1\" \/>\r\n<link rel=\"canonical\" href=\"https:\/\/paracherkaoui.ma\/index.php\/produit\/erayba-bio-smooth-smoothing-after-care-gift-box\/\" \/>\r\n<meta property=\"og:locale\" content=\"fr_FR\" \/>\r\n<meta property=\"og:type\" content=\"article\" \/>\r\n<meta property=\"og:title\" content=\"ERAYBA BIO SMOOTH SMOOTHING AFTER CARE GIFT BOX - Paracherkaoui.ma\" \/>\r\n<meta property=\"og:description\" content=\"Le BIOsmooth BS12 shampooing 250ml est un shampooing lissant qui nettoie d\u00e9licatement tout en combattant les frisottis. Sa formule est\" \/>\r\n<meta property=\"og:url\" content=\"https:\/\/paracherkaoui.ma\/index.php\/produit\/erayba-bio-smooth-smoothing-after-care-gift-box\/\" \/>\r\n<meta property=\"og:site_name\" content=\"Paracherkaoui.ma\" \/>\r\n<meta property=\"article:modified_time\" content=\"2025-12-12T18:25:54+00:00\" \/>\r\n<meta property=\"og:image\" content=\"https:\/\/paracherkaoui.ma\/wp-content\/uploads\/2025\/12\/erayba-erayba-bio-smooth-smoothing-after-care-gift-box-soins-des-cheveux.jpg\" \/>\r\n\t<meta property=\"og:image:width\" content=\"700\" \/>\r\n\t<meta property=\"og:image:height\" content=\"700\" \/>\r\n\t<meta property=\"og:image:type\" content=\"image\/jpeg\" \/>\r\n<meta name=\"twitter:card\" content=\"summary_large_image\" \/>\r\n<meta name=\"twitter:label1\" content=\"Dur\u00e9e de lecture estim\u00e9e\" \/>\n\t<meta name=\"twitter:data1\" content=\"1 minute\" \/>\r\n<script type=\"application\/ld+json\" class=\"yoast-schema-graph\">{\"@context\":\"https:\/\/schema.org\",\"@graph\":[{\"@type\":\"WebPage\",\"@id\":\"https:\/\/paracherkaoui.ma\/index.php\/produit\/erayba-bio-smooth-smoothing-after-care-gift-box\/\",\"url\":\"https:\/\/paracherkaoui.ma\/index.php\/produit\/erayba-bio-smooth-smoothing-after-care-gift-box\/\",\"name\":\"ERAYBA BIO SMOOTH SMOOTHING AFTER CARE GIFT BOX - Paracherkaoui.ma\",\"isPartOf\":{\"@id\":\"https:\/\/paracherkaoui.ma\/#website\"},\"primaryImageOfPage\":{\"@id\":\"https:\/\/paracherkaoui.ma\/index.php\/produit\/erayba-bio-smooth-smoothing-after-care-gift-box\/#primaryimage\"},\"image\":{\"@id\":\"https:\/\/paracherkaoui.ma\/index.php\/produit\/erayba-bio-smooth-smoothing-after-care-gift-box\/#primaryimage\"},\"thumbnailUrl\":\"https:\/\/paracherkaoui.ma\/wp-content\/uploads\/2025\/12\/erayba-erayba-bio-smooth-smoothing-after-care-gift-box-soins-des-cheveux.jpg\",\"datePublished\":\"2025-12-12T18:25:51+00:00\",\"dateModified\":\"2025-12-12T18:25:54+00:00\",\"breadcrumb\":{\"@id\":\"https:\/\/paracherkaoui.ma\/index.php\/produit\/erayba-bio-smooth-smoothing-after-care-gift-box\/#breadcrumb\"},\"inLanguage\":\"fr-FR\",\"potentialAction\":[{\"@type\":\"ReadAction\",\"target\":[\"https:\/\/paracherkaoui.ma\/index.php\/produit\/erayba-bio-smooth-smoothing-after-care-gift-box\/\"]}]},{\"@type\":\"ImageObject\",\"inLanguage\":\"fr-FR\",\"@id\":\"https:\/\/paracherkaoui.ma\/index.php\/produit\/erayba-bio-smooth-smoothing-after-care-gift-box\/#primaryimage\",\"url\":\"https:\/\/paracherkaoui.ma\/wp-content\/uploads\/2025\/12\/erayba-erayba-bio-smooth-smoothing-after-care-gift-box-soins-des-cheveux.jpg\",\"contentUrl\":\"https:\/\/paracherkaoui.ma\/wp-content\/uploads\/2025\/12\/erayba-erayba-bio-smooth-smoothing-after-care-gift-box-soins-des-cheveux.jpg\",\"width\":700,\"height\":700},{\"@type\":\"BreadcrumbList\",\"@id\":\"https:\/\/paracherkaoui.ma\/index.php\/produit\/erayba-bio-smooth-smoothing-after-care-gift-box\/#breadcrumb\",\"itemListElement\":[{\"@type\":\"ListItem\",\"position\":1,\"name\":\"Accueil\",\"item\":\"https:\/\/paracherkaoui.ma\/\"},{\"@type\":\"ListItem\",\"position\":2,\"name\":\"Boutique\",\"item\":\"https:\/\/paracherkaoui.ma\/index.php\/boutique\/\"},{\"@type\":\"ListItem\",\"position\":3,\"name\":\"ERAYBA BIO SMOOTH SMOOTHING AFTER CARE GIFT BOX\"}]},{\"@type\":\"WebSite\",\"@id\":\"https:\/\/paracherkaoui.ma\/#website\",\"url\":\"https:\/\/paracherkaoui.ma\/\",\"name\":\"Paracherkaoui.ma\",\"description\":\"Achetez en ligne sur Paracherkaoui.ma\",\"potentialAction\":[{\"@type\":\"SearchAction\",\"target\":{\"@type\":\"EntryPoint\",\"urlTemplate\":\"https:\/\/paracherkaoui.ma\/?s={search_term_string}\"},\"query-input\":{\"@type\":\"PropertyValueSpecification\",\"valueRequired\":true,\"valueName\":\"search_term_string\"}}],\"inLanguage\":\"fr-FR\"}]}<\/script>\r\n<!-- \/ Yoast SEO plugin. -->","yoast_head_json":{"title":"ERAYBA BIO SMOOTH SMOOTHING AFTER CARE GIFT BOX - Paracherkaoui.ma","robots":{"index":"index","follow":"follow","max-snippet":"max-snippet:-1","max-image-preview":"max-image-preview:large","max-video-preview":"max-video-preview:-1"},"canonical":"https:\/\/paracherkaoui.ma\/index.php\/produit\/erayba-bio-smooth-smoothing-after-care-gift-box\/","og_locale":"fr_FR","og_type":"article","og_title":"ERAYBA BIO SMOOTH SMOOTHING AFTER CARE GIFT BOX - Paracherkaoui.ma","og_description":"Le BIOsmooth BS12 shampooing 250ml est un shampooing lissant qui nettoie d\u00e9licatement tout en combattant les frisottis. Sa formule est","og_url":"https:\/\/paracherkaoui.ma\/index.php\/produit\/erayba-bio-smooth-smoothing-after-care-gift-box\/","og_site_name":"Paracherkaoui.ma","article_modified_time":"2025-12-12T18:25:54+00:00","og_image":[{"width":700,"height":700,"url":"https:\/\/paracherkaoui.ma\/wp-content\/uploads\/2025\/12\/erayba-erayba-bio-smooth-smoothing-after-care-gift-box-soins-des-cheveux.jpg","type":"image\/jpeg"}],"twitter_card":"summary_large_image","twitter_misc":{"Dur\u00e9e de lecture estim\u00e9e":"1 minute"},"schema":{"@context":"https:\/\/schema.org","@graph":[{"@type":"WebPage","@id":"https:\/\/paracherkaoui.ma\/index.php\/produit\/erayba-bio-smooth-smoothing-after-care-gift-box\/","url":"https:\/\/paracherkaoui.ma\/index.php\/produit\/erayba-bio-smooth-smoothing-after-care-gift-box\/","name":"ERAYBA BIO SMOOTH SMOOTHING AFTER CARE GIFT BOX - Paracherkaoui.ma","isPartOf":{"@id":"https:\/\/paracherkaoui.ma\/#website"},"primaryImageOfPage":{"@id":"https:\/\/paracherkaoui.ma\/index.php\/produit\/erayba-bio-smooth-smoothing-after-care-gift-box\/#primaryimage"},"image":{"@id":"https:\/\/paracherkaoui.ma\/index.php\/produit\/erayba-bio-smooth-smoothing-after-care-gift-box\/#primaryimage"},"thumbnailUrl":"https:\/\/paracherkaoui.ma\/wp-content\/uploads\/2025\/12\/erayba-erayba-bio-smooth-smoothing-after-care-gift-box-soins-des-cheveux.jpg","datePublished":"2025-12-12T18:25:51+00:00","dateModified":"2025-12-12T18:25:54+00:00","breadcrumb":{"@id":"https:\/\/paracherkaoui.ma\/index.php\/produit\/erayba-bio-smooth-smoothing-after-care-gift-box\/#breadcrumb"},"inLanguage":"fr-FR","potentialAction":[{"@type":"ReadAction","target":["https:\/\/paracherkaoui.ma\/index.php\/produit\/erayba-bio-smooth-smoothing-after-care-gift-box\/"]}]},{"@type":"ImageObject","inLanguage":"fr-FR","@id":"https:\/\/paracherkaoui.ma\/index.php\/produit\/erayba-bio-smooth-smoothing-after-care-gift-box\/#primaryimage","url":"https:\/\/paracherkaoui.ma\/wp-content\/uploads\/2025\/12\/erayba-erayba-bio-smooth-smoothing-after-care-gift-box-soins-des-cheveux.jpg","contentUrl":"https:\/\/paracherkaoui.ma\/wp-content\/uploads\/2025\/12\/erayba-erayba-bio-smooth-smoothing-after-care-gift-box-soins-des-cheveux.jpg","width":700,"height":700},{"@type":"BreadcrumbList","@id":"https:\/\/paracherkaoui.ma\/index.php\/produit\/erayba-bio-smooth-smoothing-after-care-gift-box\/#breadcrumb","itemListElement":[{"@type":"ListItem","position":1,"name":"Accueil","item":"https:\/\/paracherkaoui.ma\/"},{"@type":"ListItem","position":2,"name":"Boutique","item":"https:\/\/paracherkaoui.ma\/index.php\/boutique\/"},{"@type":"ListItem","position":3,"name":"ERAYBA BIO SMOOTH SMOOTHING AFTER CARE GIFT BOX"}]},{"@type":"WebSite","@id":"https:\/\/paracherkaoui.ma\/#website","url":"https:\/\/paracherkaoui.ma\/","name":"Paracherkaoui.ma","description":"Achetez en ligne sur Paracherkaoui.ma","potentialAction":[{"@type":"SearchAction","target":{"@type":"EntryPoint","urlTemplate":"https:\/\/paracherkaoui.ma\/?s={search_term_string}"},"query-input":{"@type":"PropertyValueSpecification","valueRequired":true,"valueName":"search_term_string"}}],"inLanguage":"fr-FR"}]}},"_links":{"self":[{"href":"https:\/\/paracherkaoui.ma\/index.php\/wp-json\/wp\/v2\/product\/47766","targetHints":{"allow":["GET"]}}],"collection":[{"href":"https:\/\/paracherkaoui.ma\/index.php\/wp-json\/wp\/v2\/product"}],"about":[{"href":"https:\/\/paracherkaoui.ma\/index.php\/wp-json\/wp\/v2\/types\/product"}],"replies":[{"embeddable":true,"href":"https:\/\/paracherkaoui.ma\/index.php\/wp-json\/wp\/v2\/comments?post=47766"}],"version-history":[{"count":1,"href":"https:\/\/paracherkaoui.ma\/index.php\/wp-json\/wp\/v2\/product\/47766\/revisions"}],"predecessor-version":[{"id":47798,"href":"https:\/\/paracherkaoui.ma\/index.php\/wp-json\/wp\/v2\/product\/47766\/revisions\/47798"}],"wp:featuredmedia":[{"embeddable":true,"href":"https:\/\/paracherkaoui.ma\/index.php\/wp-json\/wp\/v2\/media\/47797"}],"wp:attachment":[{"href":"https:\/\/paracherkaoui.ma\/index.php\/wp-json\/wp\/v2\/media?parent=47766"}],"wp:term":[{"taxonomy":"product_brand","embeddable":true,"href":"https:\/\/paracherkaoui.ma\/index.php\/wp-json\/wp\/v2\/product_brand?post=47766"},{"taxonomy":"product_cat","embeddable":true,"href":"https:\/\/paracherkaoui.ma\/index.php\/wp-json\/wp\/v2\/product_cat?post=47766"},{"taxonomy":"product_tag","embeddable":true,"href":"https:\/\/paracherkaoui.ma\/index.php\/wp-json\/wp\/v2\/product_tag?post=47766"}],"curies":[{"name":"wp","href":"https:\/\/api.w.org\/{rel}","templated":true}]}}