{"id":47693,"date":"2025-12-12T19:25:41","date_gmt":"2025-12-12T18:25:41","guid":{"rendered":"https:\/\/test.ecbeaute.com\/?post_type=product&#038;p=47693"},"modified":"2025-12-12T19:25:48","modified_gmt":"2025-12-12T18:25:48","slug":"lierac-lift-integral-rituel-de-jour","status":"publish","type":"product","link":"https:\/\/paracherkaoui.ma\/index.php\/produit\/lierac-lift-integral-rituel-de-jour\/","title":{"rendered":"LIERAC LIFT INTEGRAL RITUEL DE JOUR"},"content":{"rendered":"<p>Ce coffret contient le rituel jour et nuit Lift Integral :<br \/>\n&#8211; La Cr\u00e8me Nuit R\u00e9g\u00e9n\u00e9rante 20ml OFFERTE<br \/>\n&#8211; La Cr\u00e8me Jour Raffermissante 50ml<\/p>\n<p>La Cr\u00e8me Nuit et la Cr\u00e8me Jour Lift Integral renforcent la structure de la peau en agissant sur ses \u00e9l\u00e9ments essentiels (collag\u00e8ne, \u00e9lastine, acide hyaluronique), mais aussi sur les glycoprot\u00e9ines qui les connectent. La peau retrouve fermet\u00e9, \u00e9lasticit\u00e9 et rebond, pour un effet lift int\u00e9gral.<br \/>\nLa texture onctueuse et ultra-enveloppante de La Cr\u00e8me Nuit R\u00e9g\u00e9n\u00e9rante nourrit intens\u00e9ment la peau sans fini gras.<br \/>\nLa texture soyeuse et ultra-fondante de la Cr\u00e8me Jour Raffermissante hydrate intens\u00e9ment, tout en apportant confort et fra\u00eecheur \u00e0 la peau.<br \/>\nFormul\u00e9s avec minimum 97% d\u2019ingr\u00e9dients d\u2019origine naturelle.<\/p>\n","protected":false},"excerpt":{"rendered":"<p>Ce coffret contient le rituel jour et nuit Lift Integral : &#8211; La Cr\u00e8me Nuit R\u00e9g\u00e9n\u00e9rante 20ml OFFERTE &#8211; La<\/p>\n","protected":false},"featured_media":47738,"comment_status":"open","ping_status":"closed","template":"","meta":[],"product_brand":[371],"product_cat":[858],"product_tag":[],"class_list":{"0":"post-47693","1":"product","2":"type-product","3":"status-publish","4":"has-post-thumbnail","6":"product_brand-lierac","7":"product_cat-les-bons-deals","9":"first","10":"instock","11":"shipping-taxable","12":"purchasable","13":"product-type-simple"},"yoast_head":"<!-- This site is optimized with the Yoast SEO plugin v26.6 - https:\/\/yoast.com\/wordpress\/plugins\/seo\/ -->\r\n<title>LIERAC LIFT INTEGRAL RITUEL DE JOUR - Paracherkaoui.ma<\/title>\r\n<meta name=\"robots\" content=\"index, follow, max-snippet:-1, max-image-preview:large, max-video-preview:-1\" \/>\r\n<link rel=\"canonical\" href=\"https:\/\/paracherkaoui.ma\/index.php\/produit\/lierac-lift-integral-rituel-de-jour\/\" \/>\r\n<meta property=\"og:locale\" content=\"fr_FR\" \/>\r\n<meta property=\"og:type\" content=\"article\" \/>\r\n<meta property=\"og:title\" content=\"LIERAC LIFT INTEGRAL RITUEL DE JOUR - Paracherkaoui.ma\" \/>\r\n<meta property=\"og:description\" content=\"Ce coffret contient le rituel jour et nuit Lift Integral : &#8211; La Cr\u00e8me Nuit R\u00e9g\u00e9n\u00e9rante 20ml OFFERTE &#8211; La\" \/>\r\n<meta property=\"og:url\" content=\"https:\/\/paracherkaoui.ma\/index.php\/produit\/lierac-lift-integral-rituel-de-jour\/\" \/>\r\n<meta property=\"og:site_name\" content=\"Paracherkaoui.ma\" \/>\r\n<meta property=\"article:modified_time\" content=\"2025-12-12T18:25:48+00:00\" \/>\r\n<meta property=\"og:image\" content=\"https:\/\/paracherkaoui.ma\/wp-content\/uploads\/2025\/12\/lierac-lierac-lift-integral-rituel-de-jour-promotions-diverses.jpg\" \/>\r\n\t<meta property=\"og:image:width\" content=\"700\" \/>\r\n\t<meta property=\"og:image:height\" content=\"700\" \/>\r\n\t<meta property=\"og:image:type\" content=\"image\/jpeg\" \/>\r\n<meta name=\"twitter:card\" content=\"summary_large_image\" \/>\r\n<meta name=\"twitter:label1\" content=\"Dur\u00e9e de lecture estim\u00e9e\" \/>\n\t<meta name=\"twitter:data1\" content=\"1 minute\" \/>\r\n<script type=\"application\/ld+json\" class=\"yoast-schema-graph\">{\"@context\":\"https:\/\/schema.org\",\"@graph\":[{\"@type\":\"WebPage\",\"@id\":\"https:\/\/paracherkaoui.ma\/index.php\/produit\/lierac-lift-integral-rituel-de-jour\/\",\"url\":\"https:\/\/paracherkaoui.ma\/index.php\/produit\/lierac-lift-integral-rituel-de-jour\/\",\"name\":\"LIERAC LIFT INTEGRAL RITUEL DE JOUR - Paracherkaoui.ma\",\"isPartOf\":{\"@id\":\"https:\/\/paracherkaoui.ma\/#website\"},\"primaryImageOfPage\":{\"@id\":\"https:\/\/paracherkaoui.ma\/index.php\/produit\/lierac-lift-integral-rituel-de-jour\/#primaryimage\"},\"image\":{\"@id\":\"https:\/\/paracherkaoui.ma\/index.php\/produit\/lierac-lift-integral-rituel-de-jour\/#primaryimage\"},\"thumbnailUrl\":\"https:\/\/paracherkaoui.ma\/wp-content\/uploads\/2025\/12\/lierac-lierac-lift-integral-rituel-de-jour-promotions-diverses.jpg\",\"datePublished\":\"2025-12-12T18:25:41+00:00\",\"dateModified\":\"2025-12-12T18:25:48+00:00\",\"breadcrumb\":{\"@id\":\"https:\/\/paracherkaoui.ma\/index.php\/produit\/lierac-lift-integral-rituel-de-jour\/#breadcrumb\"},\"inLanguage\":\"fr-FR\",\"potentialAction\":[{\"@type\":\"ReadAction\",\"target\":[\"https:\/\/paracherkaoui.ma\/index.php\/produit\/lierac-lift-integral-rituel-de-jour\/\"]}]},{\"@type\":\"ImageObject\",\"inLanguage\":\"fr-FR\",\"@id\":\"https:\/\/paracherkaoui.ma\/index.php\/produit\/lierac-lift-integral-rituel-de-jour\/#primaryimage\",\"url\":\"https:\/\/paracherkaoui.ma\/wp-content\/uploads\/2025\/12\/lierac-lierac-lift-integral-rituel-de-jour-promotions-diverses.jpg\",\"contentUrl\":\"https:\/\/paracherkaoui.ma\/wp-content\/uploads\/2025\/12\/lierac-lierac-lift-integral-rituel-de-jour-promotions-diverses.jpg\",\"width\":700,\"height\":700},{\"@type\":\"BreadcrumbList\",\"@id\":\"https:\/\/paracherkaoui.ma\/index.php\/produit\/lierac-lift-integral-rituel-de-jour\/#breadcrumb\",\"itemListElement\":[{\"@type\":\"ListItem\",\"position\":1,\"name\":\"Accueil\",\"item\":\"https:\/\/paracherkaoui.ma\/\"},{\"@type\":\"ListItem\",\"position\":2,\"name\":\"Boutique\",\"item\":\"https:\/\/paracherkaoui.ma\/index.php\/boutique\/\"},{\"@type\":\"ListItem\",\"position\":3,\"name\":\"LIERAC LIFT INTEGRAL RITUEL DE JOUR\"}]},{\"@type\":\"WebSite\",\"@id\":\"https:\/\/paracherkaoui.ma\/#website\",\"url\":\"https:\/\/paracherkaoui.ma\/\",\"name\":\"Paracherkaoui.ma\",\"description\":\"Achetez en ligne sur Paracherkaoui.ma\",\"potentialAction\":[{\"@type\":\"SearchAction\",\"target\":{\"@type\":\"EntryPoint\",\"urlTemplate\":\"https:\/\/paracherkaoui.ma\/?s={search_term_string}\"},\"query-input\":{\"@type\":\"PropertyValueSpecification\",\"valueRequired\":true,\"valueName\":\"search_term_string\"}}],\"inLanguage\":\"fr-FR\"}]}<\/script>\r\n<!-- \/ Yoast SEO plugin. -->","yoast_head_json":{"title":"LIERAC LIFT INTEGRAL RITUEL DE JOUR - Paracherkaoui.ma","robots":{"index":"index","follow":"follow","max-snippet":"max-snippet:-1","max-image-preview":"max-image-preview:large","max-video-preview":"max-video-preview:-1"},"canonical":"https:\/\/paracherkaoui.ma\/index.php\/produit\/lierac-lift-integral-rituel-de-jour\/","og_locale":"fr_FR","og_type":"article","og_title":"LIERAC LIFT INTEGRAL RITUEL DE JOUR - Paracherkaoui.ma","og_description":"Ce coffret contient le rituel jour et nuit Lift Integral : &#8211; La Cr\u00e8me Nuit R\u00e9g\u00e9n\u00e9rante 20ml OFFERTE &#8211; La","og_url":"https:\/\/paracherkaoui.ma\/index.php\/produit\/lierac-lift-integral-rituel-de-jour\/","og_site_name":"Paracherkaoui.ma","article_modified_time":"2025-12-12T18:25:48+00:00","og_image":[{"width":700,"height":700,"url":"https:\/\/paracherkaoui.ma\/wp-content\/uploads\/2025\/12\/lierac-lierac-lift-integral-rituel-de-jour-promotions-diverses.jpg","type":"image\/jpeg"}],"twitter_card":"summary_large_image","twitter_misc":{"Dur\u00e9e de lecture estim\u00e9e":"1 minute"},"schema":{"@context":"https:\/\/schema.org","@graph":[{"@type":"WebPage","@id":"https:\/\/paracherkaoui.ma\/index.php\/produit\/lierac-lift-integral-rituel-de-jour\/","url":"https:\/\/paracherkaoui.ma\/index.php\/produit\/lierac-lift-integral-rituel-de-jour\/","name":"LIERAC LIFT INTEGRAL RITUEL DE JOUR - Paracherkaoui.ma","isPartOf":{"@id":"https:\/\/paracherkaoui.ma\/#website"},"primaryImageOfPage":{"@id":"https:\/\/paracherkaoui.ma\/index.php\/produit\/lierac-lift-integral-rituel-de-jour\/#primaryimage"},"image":{"@id":"https:\/\/paracherkaoui.ma\/index.php\/produit\/lierac-lift-integral-rituel-de-jour\/#primaryimage"},"thumbnailUrl":"https:\/\/paracherkaoui.ma\/wp-content\/uploads\/2025\/12\/lierac-lierac-lift-integral-rituel-de-jour-promotions-diverses.jpg","datePublished":"2025-12-12T18:25:41+00:00","dateModified":"2025-12-12T18:25:48+00:00","breadcrumb":{"@id":"https:\/\/paracherkaoui.ma\/index.php\/produit\/lierac-lift-integral-rituel-de-jour\/#breadcrumb"},"inLanguage":"fr-FR","potentialAction":[{"@type":"ReadAction","target":["https:\/\/paracherkaoui.ma\/index.php\/produit\/lierac-lift-integral-rituel-de-jour\/"]}]},{"@type":"ImageObject","inLanguage":"fr-FR","@id":"https:\/\/paracherkaoui.ma\/index.php\/produit\/lierac-lift-integral-rituel-de-jour\/#primaryimage","url":"https:\/\/paracherkaoui.ma\/wp-content\/uploads\/2025\/12\/lierac-lierac-lift-integral-rituel-de-jour-promotions-diverses.jpg","contentUrl":"https:\/\/paracherkaoui.ma\/wp-content\/uploads\/2025\/12\/lierac-lierac-lift-integral-rituel-de-jour-promotions-diverses.jpg","width":700,"height":700},{"@type":"BreadcrumbList","@id":"https:\/\/paracherkaoui.ma\/index.php\/produit\/lierac-lift-integral-rituel-de-jour\/#breadcrumb","itemListElement":[{"@type":"ListItem","position":1,"name":"Accueil","item":"https:\/\/paracherkaoui.ma\/"},{"@type":"ListItem","position":2,"name":"Boutique","item":"https:\/\/paracherkaoui.ma\/index.php\/boutique\/"},{"@type":"ListItem","position":3,"name":"LIERAC LIFT INTEGRAL RITUEL DE JOUR"}]},{"@type":"WebSite","@id":"https:\/\/paracherkaoui.ma\/#website","url":"https:\/\/paracherkaoui.ma\/","name":"Paracherkaoui.ma","description":"Achetez en ligne sur Paracherkaoui.ma","potentialAction":[{"@type":"SearchAction","target":{"@type":"EntryPoint","urlTemplate":"https:\/\/paracherkaoui.ma\/?s={search_term_string}"},"query-input":{"@type":"PropertyValueSpecification","valueRequired":true,"valueName":"search_term_string"}}],"inLanguage":"fr-FR"}]}},"_links":{"self":[{"href":"https:\/\/paracherkaoui.ma\/index.php\/wp-json\/wp\/v2\/product\/47693","targetHints":{"allow":["GET"]}}],"collection":[{"href":"https:\/\/paracherkaoui.ma\/index.php\/wp-json\/wp\/v2\/product"}],"about":[{"href":"https:\/\/paracherkaoui.ma\/index.php\/wp-json\/wp\/v2\/types\/product"}],"replies":[{"embeddable":true,"href":"https:\/\/paracherkaoui.ma\/index.php\/wp-json\/wp\/v2\/comments?post=47693"}],"version-history":[{"count":1,"href":"https:\/\/paracherkaoui.ma\/index.php\/wp-json\/wp\/v2\/product\/47693\/revisions"}],"predecessor-version":[{"id":47739,"href":"https:\/\/paracherkaoui.ma\/index.php\/wp-json\/wp\/v2\/product\/47693\/revisions\/47739"}],"wp:featuredmedia":[{"embeddable":true,"href":"https:\/\/paracherkaoui.ma\/index.php\/wp-json\/wp\/v2\/media\/47738"}],"wp:attachment":[{"href":"https:\/\/paracherkaoui.ma\/index.php\/wp-json\/wp\/v2\/media?parent=47693"}],"wp:term":[{"taxonomy":"product_brand","embeddable":true,"href":"https:\/\/paracherkaoui.ma\/index.php\/wp-json\/wp\/v2\/product_brand?post=47693"},{"taxonomy":"product_cat","embeddable":true,"href":"https:\/\/paracherkaoui.ma\/index.php\/wp-json\/wp\/v2\/product_cat?post=47693"},{"taxonomy":"product_tag","embeddable":true,"href":"https:\/\/paracherkaoui.ma\/index.php\/wp-json\/wp\/v2\/product_tag?post=47693"}],"curies":[{"name":"wp","href":"https:\/\/api.w.org\/{rel}","templated":true}]}}