{"id":47636,"date":"2025-12-12T19:25:27","date_gmt":"2025-12-12T18:25:27","guid":{"rendered":"https:\/\/test.ecbeaute.com\/?post_type=product&#038;p=47636"},"modified":"2025-12-12T19:25:32","modified_gmt":"2025-12-12T18:25:32","slug":"revitalash-ultimate-brow-collection-sourcils","status":"publish","type":"product","link":"https:\/\/paracherkaoui.ma\/index.php\/produit\/revitalash-ultimate-brow-collection-sourcils\/","title":{"rendered":"REVITALASH ULTIMATE BROW COLLECTION SOURCILS"},"content":{"rendered":"<p>Ce coffret contient :<br \/>\nRevitaBrow Advanced<br \/>\nMasque Cils et Sourcils<br \/>\nRouleau d\u00e9gonflant pour les yeux<br \/>\nTrousse revitalash \u00e9l\u00e9gante<br \/>\nLe RevitaBrow Advanced, un s\u00e9rum prim\u00e9 de 3,0 mL, est au c\u0153ur de cette collection. Formul\u00e9 avec des peptides puissants et des extraits v\u00e9g\u00e9taux, ce s\u00e9rum nourrit en profondeur les sourcils, stimule leur croissance et les fortifie. En quelques semaines, vos sourcils seront visiblement plus denses, plus \u00e9pais et plus r\u00e9sistants, sans l\u2019aide de maquillage ou de produits artificiels.<br \/>\nPour un soin complet, le Masque Cils et Sourcils agit comme un v\u00e9ritable bouclier protecteur. Enrichi en agents hydratants et r\u00e9parateurs, ce masque innovant r\u00e9pare les sourcils endommag\u00e9s par les agressions ext\u00e9rieures tout en leur apportant une hydratation intense. Ce soin cibl\u00e9 aide \u00e0 revitaliser les poils affaiblis, redonnant \u00e9clat et douceur \u00e0 vos sourcils.<br \/>\nLe Roller D\u00e9gonflant pour les Yeux, inclus dans cette collection, est l&rsquo;alli\u00e9 parfait pour un regard repos\u00e9. Gr\u00e2ce \u00e0 ses effets rafra\u00eechissants et d\u00e9congestionnants, ce roller stimule la microcirculation autour des yeux, r\u00e9duisant visiblement les poches et les cernes. Utilis\u00e9 r\u00e9guli\u00e8rement, il aide \u00e0 maintenir un regard frais et \u00e9clatant tout au long de la journ\u00e9e.<br \/>\nPour couronner cette routine de soin, la collection comprend une Trousse cosm\u00e9tique \u00e9l\u00e9gante et pratique, id\u00e9ale pour emporter vos essentiels beaut\u00e9 partout avec vous. Que vous soyez \u00e0 la maison ou en d\u00e9placement, la Revitalash Ultimate Brow Collection vous assure un soin optimal et un regard magnifi\u00e9 \u00e0 tout moment.<br \/>\nConseils d&rsquo;utilisation :<br \/>\nRevitaBrow Advanced : Appliquez une petite quantit\u00e9 de s\u00e9rum directement sur les sourcils propres et secs, une fois par jour, de pr\u00e9f\u00e9rence le soir.<br \/>\nMasque Cils et Sourcils : Appliquez une fine couche sur les sourcils propres, laissez poser 15 minutes, puis rincez \u00e0 l\u2019eau ti\u00e8de.<br \/>\nRoller D\u00e9gonflant pour les Yeux : Utilisez-le matin et soir en effectuant de l\u00e9gers massages autour des yeux pour r\u00e9duire les poches et illuminer le regard.<\/p>\n","protected":false},"excerpt":{"rendered":"<p>Ce coffret contient : RevitaBrow Advanced Masque Cils et Sourcils Rouleau d\u00e9gonflant pour les yeux Trousse revitalash \u00e9l\u00e9gante Le RevitaBrow<\/p>\n","protected":false},"featured_media":47673,"comment_status":"open","ping_status":"closed","template":"","meta":[],"product_brand":[242],"product_cat":[858],"product_tag":[],"class_list":{"0":"post-47636","1":"product","2":"type-product","3":"status-publish","4":"has-post-thumbnail","6":"product_brand-revitalash","7":"product_cat-les-bons-deals","9":"first","10":"instock","11":"shipping-taxable","12":"purchasable","13":"product-type-simple"},"yoast_head":"<!-- This site is optimized with the Yoast SEO plugin v26.6 - https:\/\/yoast.com\/wordpress\/plugins\/seo\/ -->\r\n<title>REVITALASH ULTIMATE BROW COLLECTION SOURCILS - Paracherkaoui.ma<\/title>\r\n<meta name=\"robots\" content=\"index, follow, max-snippet:-1, max-image-preview:large, max-video-preview:-1\" \/>\r\n<link rel=\"canonical\" href=\"https:\/\/paracherkaoui.ma\/index.php\/produit\/revitalash-ultimate-brow-collection-sourcils\/\" \/>\r\n<meta property=\"og:locale\" content=\"fr_FR\" \/>\r\n<meta property=\"og:type\" content=\"article\" \/>\r\n<meta property=\"og:title\" content=\"REVITALASH ULTIMATE BROW COLLECTION SOURCILS - Paracherkaoui.ma\" \/>\r\n<meta property=\"og:description\" content=\"Ce coffret contient : RevitaBrow Advanced Masque Cils et Sourcils Rouleau d\u00e9gonflant pour les yeux Trousse revitalash \u00e9l\u00e9gante Le RevitaBrow\" \/>\r\n<meta property=\"og:url\" content=\"https:\/\/paracherkaoui.ma\/index.php\/produit\/revitalash-ultimate-brow-collection-sourcils\/\" \/>\r\n<meta property=\"og:site_name\" content=\"Paracherkaoui.ma\" \/>\r\n<meta property=\"article:modified_time\" content=\"2025-12-12T18:25:32+00:00\" \/>\r\n<meta property=\"og:image\" content=\"https:\/\/paracherkaoui.ma\/wp-content\/uploads\/2025\/12\/revitalash-revitalash-ultimate-brow-collection-sourcils-promotions-diverses.jpg\" \/>\r\n\t<meta property=\"og:image:width\" content=\"700\" \/>\r\n\t<meta property=\"og:image:height\" content=\"700\" \/>\r\n\t<meta property=\"og:image:type\" content=\"image\/jpeg\" \/>\r\n<meta name=\"twitter:card\" content=\"summary_large_image\" \/>\r\n<meta name=\"twitter:label1\" content=\"Dur\u00e9e de lecture estim\u00e9e\" \/>\n\t<meta name=\"twitter:data1\" content=\"2 minutes\" \/>\r\n<script type=\"application\/ld+json\" class=\"yoast-schema-graph\">{\"@context\":\"https:\/\/schema.org\",\"@graph\":[{\"@type\":\"WebPage\",\"@id\":\"https:\/\/paracherkaoui.ma\/index.php\/produit\/revitalash-ultimate-brow-collection-sourcils\/\",\"url\":\"https:\/\/paracherkaoui.ma\/index.php\/produit\/revitalash-ultimate-brow-collection-sourcils\/\",\"name\":\"REVITALASH ULTIMATE BROW COLLECTION SOURCILS - Paracherkaoui.ma\",\"isPartOf\":{\"@id\":\"https:\/\/paracherkaoui.ma\/#website\"},\"primaryImageOfPage\":{\"@id\":\"https:\/\/paracherkaoui.ma\/index.php\/produit\/revitalash-ultimate-brow-collection-sourcils\/#primaryimage\"},\"image\":{\"@id\":\"https:\/\/paracherkaoui.ma\/index.php\/produit\/revitalash-ultimate-brow-collection-sourcils\/#primaryimage\"},\"thumbnailUrl\":\"https:\/\/paracherkaoui.ma\/wp-content\/uploads\/2025\/12\/revitalash-revitalash-ultimate-brow-collection-sourcils-promotions-diverses.jpg\",\"datePublished\":\"2025-12-12T18:25:27+00:00\",\"dateModified\":\"2025-12-12T18:25:32+00:00\",\"breadcrumb\":{\"@id\":\"https:\/\/paracherkaoui.ma\/index.php\/produit\/revitalash-ultimate-brow-collection-sourcils\/#breadcrumb\"},\"inLanguage\":\"fr-FR\",\"potentialAction\":[{\"@type\":\"ReadAction\",\"target\":[\"https:\/\/paracherkaoui.ma\/index.php\/produit\/revitalash-ultimate-brow-collection-sourcils\/\"]}]},{\"@type\":\"ImageObject\",\"inLanguage\":\"fr-FR\",\"@id\":\"https:\/\/paracherkaoui.ma\/index.php\/produit\/revitalash-ultimate-brow-collection-sourcils\/#primaryimage\",\"url\":\"https:\/\/paracherkaoui.ma\/wp-content\/uploads\/2025\/12\/revitalash-revitalash-ultimate-brow-collection-sourcils-promotions-diverses.jpg\",\"contentUrl\":\"https:\/\/paracherkaoui.ma\/wp-content\/uploads\/2025\/12\/revitalash-revitalash-ultimate-brow-collection-sourcils-promotions-diverses.jpg\",\"width\":700,\"height\":700},{\"@type\":\"BreadcrumbList\",\"@id\":\"https:\/\/paracherkaoui.ma\/index.php\/produit\/revitalash-ultimate-brow-collection-sourcils\/#breadcrumb\",\"itemListElement\":[{\"@type\":\"ListItem\",\"position\":1,\"name\":\"Accueil\",\"item\":\"https:\/\/paracherkaoui.ma\/\"},{\"@type\":\"ListItem\",\"position\":2,\"name\":\"Boutique\",\"item\":\"https:\/\/paracherkaoui.ma\/index.php\/boutique\/\"},{\"@type\":\"ListItem\",\"position\":3,\"name\":\"REVITALASH ULTIMATE BROW COLLECTION SOURCILS\"}]},{\"@type\":\"WebSite\",\"@id\":\"https:\/\/paracherkaoui.ma\/#website\",\"url\":\"https:\/\/paracherkaoui.ma\/\",\"name\":\"Paracherkaoui.ma\",\"description\":\"Achetez en ligne sur Paracherkaoui.ma\",\"potentialAction\":[{\"@type\":\"SearchAction\",\"target\":{\"@type\":\"EntryPoint\",\"urlTemplate\":\"https:\/\/paracherkaoui.ma\/?s={search_term_string}\"},\"query-input\":{\"@type\":\"PropertyValueSpecification\",\"valueRequired\":true,\"valueName\":\"search_term_string\"}}],\"inLanguage\":\"fr-FR\"}]}<\/script>\r\n<!-- \/ Yoast SEO plugin. -->","yoast_head_json":{"title":"REVITALASH ULTIMATE BROW COLLECTION SOURCILS - Paracherkaoui.ma","robots":{"index":"index","follow":"follow","max-snippet":"max-snippet:-1","max-image-preview":"max-image-preview:large","max-video-preview":"max-video-preview:-1"},"canonical":"https:\/\/paracherkaoui.ma\/index.php\/produit\/revitalash-ultimate-brow-collection-sourcils\/","og_locale":"fr_FR","og_type":"article","og_title":"REVITALASH ULTIMATE BROW COLLECTION SOURCILS - Paracherkaoui.ma","og_description":"Ce coffret contient : RevitaBrow Advanced Masque Cils et Sourcils Rouleau d\u00e9gonflant pour les yeux Trousse revitalash \u00e9l\u00e9gante Le RevitaBrow","og_url":"https:\/\/paracherkaoui.ma\/index.php\/produit\/revitalash-ultimate-brow-collection-sourcils\/","og_site_name":"Paracherkaoui.ma","article_modified_time":"2025-12-12T18:25:32+00:00","og_image":[{"width":700,"height":700,"url":"https:\/\/paracherkaoui.ma\/wp-content\/uploads\/2025\/12\/revitalash-revitalash-ultimate-brow-collection-sourcils-promotions-diverses.jpg","type":"image\/jpeg"}],"twitter_card":"summary_large_image","twitter_misc":{"Dur\u00e9e de lecture estim\u00e9e":"2 minutes"},"schema":{"@context":"https:\/\/schema.org","@graph":[{"@type":"WebPage","@id":"https:\/\/paracherkaoui.ma\/index.php\/produit\/revitalash-ultimate-brow-collection-sourcils\/","url":"https:\/\/paracherkaoui.ma\/index.php\/produit\/revitalash-ultimate-brow-collection-sourcils\/","name":"REVITALASH ULTIMATE BROW COLLECTION SOURCILS - Paracherkaoui.ma","isPartOf":{"@id":"https:\/\/paracherkaoui.ma\/#website"},"primaryImageOfPage":{"@id":"https:\/\/paracherkaoui.ma\/index.php\/produit\/revitalash-ultimate-brow-collection-sourcils\/#primaryimage"},"image":{"@id":"https:\/\/paracherkaoui.ma\/index.php\/produit\/revitalash-ultimate-brow-collection-sourcils\/#primaryimage"},"thumbnailUrl":"https:\/\/paracherkaoui.ma\/wp-content\/uploads\/2025\/12\/revitalash-revitalash-ultimate-brow-collection-sourcils-promotions-diverses.jpg","datePublished":"2025-12-12T18:25:27+00:00","dateModified":"2025-12-12T18:25:32+00:00","breadcrumb":{"@id":"https:\/\/paracherkaoui.ma\/index.php\/produit\/revitalash-ultimate-brow-collection-sourcils\/#breadcrumb"},"inLanguage":"fr-FR","potentialAction":[{"@type":"ReadAction","target":["https:\/\/paracherkaoui.ma\/index.php\/produit\/revitalash-ultimate-brow-collection-sourcils\/"]}]},{"@type":"ImageObject","inLanguage":"fr-FR","@id":"https:\/\/paracherkaoui.ma\/index.php\/produit\/revitalash-ultimate-brow-collection-sourcils\/#primaryimage","url":"https:\/\/paracherkaoui.ma\/wp-content\/uploads\/2025\/12\/revitalash-revitalash-ultimate-brow-collection-sourcils-promotions-diverses.jpg","contentUrl":"https:\/\/paracherkaoui.ma\/wp-content\/uploads\/2025\/12\/revitalash-revitalash-ultimate-brow-collection-sourcils-promotions-diverses.jpg","width":700,"height":700},{"@type":"BreadcrumbList","@id":"https:\/\/paracherkaoui.ma\/index.php\/produit\/revitalash-ultimate-brow-collection-sourcils\/#breadcrumb","itemListElement":[{"@type":"ListItem","position":1,"name":"Accueil","item":"https:\/\/paracherkaoui.ma\/"},{"@type":"ListItem","position":2,"name":"Boutique","item":"https:\/\/paracherkaoui.ma\/index.php\/boutique\/"},{"@type":"ListItem","position":3,"name":"REVITALASH ULTIMATE BROW COLLECTION SOURCILS"}]},{"@type":"WebSite","@id":"https:\/\/paracherkaoui.ma\/#website","url":"https:\/\/paracherkaoui.ma\/","name":"Paracherkaoui.ma","description":"Achetez en ligne sur Paracherkaoui.ma","potentialAction":[{"@type":"SearchAction","target":{"@type":"EntryPoint","urlTemplate":"https:\/\/paracherkaoui.ma\/?s={search_term_string}"},"query-input":{"@type":"PropertyValueSpecification","valueRequired":true,"valueName":"search_term_string"}}],"inLanguage":"fr-FR"}]}},"_links":{"self":[{"href":"https:\/\/paracherkaoui.ma\/index.php\/wp-json\/wp\/v2\/product\/47636","targetHints":{"allow":["GET"]}}],"collection":[{"href":"https:\/\/paracherkaoui.ma\/index.php\/wp-json\/wp\/v2\/product"}],"about":[{"href":"https:\/\/paracherkaoui.ma\/index.php\/wp-json\/wp\/v2\/types\/product"}],"replies":[{"embeddable":true,"href":"https:\/\/paracherkaoui.ma\/index.php\/wp-json\/wp\/v2\/comments?post=47636"}],"version-history":[{"count":1,"href":"https:\/\/paracherkaoui.ma\/index.php\/wp-json\/wp\/v2\/product\/47636\/revisions"}],"predecessor-version":[{"id":47674,"href":"https:\/\/paracherkaoui.ma\/index.php\/wp-json\/wp\/v2\/product\/47636\/revisions\/47674"}],"wp:featuredmedia":[{"embeddable":true,"href":"https:\/\/paracherkaoui.ma\/index.php\/wp-json\/wp\/v2\/media\/47673"}],"wp:attachment":[{"href":"https:\/\/paracherkaoui.ma\/index.php\/wp-json\/wp\/v2\/media?parent=47636"}],"wp:term":[{"taxonomy":"product_brand","embeddable":true,"href":"https:\/\/paracherkaoui.ma\/index.php\/wp-json\/wp\/v2\/product_brand?post=47636"},{"taxonomy":"product_cat","embeddable":true,"href":"https:\/\/paracherkaoui.ma\/index.php\/wp-json\/wp\/v2\/product_cat?post=47636"},{"taxonomy":"product_tag","embeddable":true,"href":"https:\/\/paracherkaoui.ma\/index.php\/wp-json\/wp\/v2\/product_tag?post=47636"}],"curies":[{"name":"wp","href":"https:\/\/api.w.org\/{rel}","templated":true}]}}