{"id":47634,"date":"2025-12-12T19:25:27","date_gmt":"2025-12-12T18:25:27","guid":{"rendered":"https:\/\/test.ecbeaute.com\/?post_type=product&#038;p=47634"},"modified":"2025-12-12T19:25:31","modified_gmt":"2025-12-12T18:25:31","slug":"roge-cavailles-ma-routine-nourrissante","status":"publish","type":"product","link":"https:\/\/paracherkaoui.ma\/index.php\/produit\/roge-cavailles-ma-routine-nourrissante\/","title":{"rendered":"ROGE CAVAILLES MA ROUTINE NOURRISSANTE"},"content":{"rendered":"<p>Le coffret Ma Routine Nourrissante de Rog\u00e9 Cavaill\u00e8s vous invite \u00e0 vivre une exp\u00e9rience sensorielle unique, sp\u00e9cialement con\u00e7u pour r\u00e9pondre aux besoins des peaux s\u00e8ches. Ce trio de soins professionnels vous aide \u00e0 retrouver une peau douce, apais\u00e9e et intens\u00e9ment nourrie.<br \/>\nCe coffret comprend trois produits incontournables :<br \/>\nCr\u00e8me de Douche Nourrissante : Sa formule enrichie en agents hydratants et nourrissants nettoie en douceur sans agresser la peau. Elle laisse un voile soyeux sur la peau, apportant confort et souplesse.<br \/>\nSavon Cr\u00e8me Nourrissant : Ce savon au pH doux nettoie d\u00e9licatement tout en nourrissant la peau. Il offre une mousse g\u00e9n\u00e9reuse et une sensation de bien-\u00eatre incomparable.<br \/>\nHuile Universelle de Surgras : Cette huile multi-usages nourrit intens\u00e9ment la peau tout en renfor\u00e7ant sa barri\u00e8re cutan\u00e9e. Elle apporte une hydratation longue dur\u00e9e et une peau plus lisse et radieuse.<br \/>\nConseils d\u2019utilisation :<br \/>\nAppliquez la Cr\u00e8me de Douche Nourrissante sur peau humide, faites mousser et rincez abondamment.<br \/>\nUtilisez le Savon Cr\u00e8me Nourrissant sous la douche ou pour le lavage des mains, en massant d\u00e9licatement pour cr\u00e9er une mousse g\u00e9n\u00e9reuse.<br \/>\nAppliquez l\u2019Huile Universelle de Surgras sur peau s\u00e8che ou humide, en massant l\u00e9g\u00e8rement pour faire p\u00e9n\u00e9trer et offrir \u00e0 votre peau une hydratation optimale.<\/p>\n","protected":false},"excerpt":{"rendered":"<p>Le coffret Ma Routine Nourrissante de Rog\u00e9 Cavaill\u00e8s vous invite \u00e0 vivre une exp\u00e9rience sensorielle unique, sp\u00e9cialement con\u00e7u pour r\u00e9pondre<\/p>\n","protected":false},"featured_media":47669,"comment_status":"open","ping_status":"closed","template":"","meta":[],"product_brand":[411],"product_cat":[858],"product_tag":[],"class_list":{"0":"post-47634","1":"product","2":"type-product","3":"status-publish","4":"has-post-thumbnail","6":"product_brand-roge-cavailles","7":"product_cat-les-bons-deals","9":"first","10":"instock","11":"sale","12":"shipping-taxable","13":"purchasable","14":"product-type-simple"},"yoast_head":"<!-- This site is optimized with the Yoast SEO plugin v26.6 - https:\/\/yoast.com\/wordpress\/plugins\/seo\/ -->\r\n<title>ROGE CAVAILLES MA ROUTINE NOURRISSANTE - Paracherkaoui.ma<\/title>\r\n<meta name=\"robots\" content=\"index, follow, max-snippet:-1, max-image-preview:large, max-video-preview:-1\" \/>\r\n<link rel=\"canonical\" href=\"https:\/\/paracherkaoui.ma\/index.php\/produit\/roge-cavailles-ma-routine-nourrissante\/\" \/>\r\n<meta property=\"og:locale\" content=\"fr_FR\" \/>\r\n<meta property=\"og:type\" content=\"article\" \/>\r\n<meta property=\"og:title\" content=\"ROGE CAVAILLES MA ROUTINE NOURRISSANTE - Paracherkaoui.ma\" \/>\r\n<meta property=\"og:description\" content=\"Le coffret Ma Routine Nourrissante de Rog\u00e9 Cavaill\u00e8s vous invite \u00e0 vivre une exp\u00e9rience sensorielle unique, sp\u00e9cialement con\u00e7u pour r\u00e9pondre\" \/>\r\n<meta property=\"og:url\" content=\"https:\/\/paracherkaoui.ma\/index.php\/produit\/roge-cavailles-ma-routine-nourrissante\/\" \/>\r\n<meta property=\"og:site_name\" content=\"Paracherkaoui.ma\" \/>\r\n<meta property=\"article:modified_time\" content=\"2025-12-12T18:25:31+00:00\" \/>\r\n<meta property=\"og:image\" content=\"https:\/\/paracherkaoui.ma\/wp-content\/uploads\/2025\/12\/roge-cavailles-ma-routine-nourrissante.jpg\" \/>\r\n\t<meta property=\"og:image:width\" content=\"700\" \/>\r\n\t<meta property=\"og:image:height\" content=\"700\" \/>\r\n\t<meta property=\"og:image:type\" content=\"image\/jpeg\" \/>\r\n<meta name=\"twitter:card\" content=\"summary_large_image\" \/>\r\n<meta name=\"twitter:label1\" content=\"Dur\u00e9e de lecture estim\u00e9e\" \/>\n\t<meta name=\"twitter:data1\" content=\"1 minute\" \/>\r\n<script type=\"application\/ld+json\" class=\"yoast-schema-graph\">{\"@context\":\"https:\/\/schema.org\",\"@graph\":[{\"@type\":\"WebPage\",\"@id\":\"https:\/\/paracherkaoui.ma\/index.php\/produit\/roge-cavailles-ma-routine-nourrissante\/\",\"url\":\"https:\/\/paracherkaoui.ma\/index.php\/produit\/roge-cavailles-ma-routine-nourrissante\/\",\"name\":\"ROGE CAVAILLES MA ROUTINE NOURRISSANTE - Paracherkaoui.ma\",\"isPartOf\":{\"@id\":\"https:\/\/paracherkaoui.ma\/#website\"},\"primaryImageOfPage\":{\"@id\":\"https:\/\/paracherkaoui.ma\/index.php\/produit\/roge-cavailles-ma-routine-nourrissante\/#primaryimage\"},\"image\":{\"@id\":\"https:\/\/paracherkaoui.ma\/index.php\/produit\/roge-cavailles-ma-routine-nourrissante\/#primaryimage\"},\"thumbnailUrl\":\"https:\/\/paracherkaoui.ma\/wp-content\/uploads\/2025\/12\/roge-cavailles-ma-routine-nourrissante.jpg\",\"datePublished\":\"2025-12-12T18:25:27+00:00\",\"dateModified\":\"2025-12-12T18:25:31+00:00\",\"breadcrumb\":{\"@id\":\"https:\/\/paracherkaoui.ma\/index.php\/produit\/roge-cavailles-ma-routine-nourrissante\/#breadcrumb\"},\"inLanguage\":\"fr-FR\",\"potentialAction\":[{\"@type\":\"ReadAction\",\"target\":[\"https:\/\/paracherkaoui.ma\/index.php\/produit\/roge-cavailles-ma-routine-nourrissante\/\"]}]},{\"@type\":\"ImageObject\",\"inLanguage\":\"fr-FR\",\"@id\":\"https:\/\/paracherkaoui.ma\/index.php\/produit\/roge-cavailles-ma-routine-nourrissante\/#primaryimage\",\"url\":\"https:\/\/paracherkaoui.ma\/wp-content\/uploads\/2025\/12\/roge-cavailles-ma-routine-nourrissante.jpg\",\"contentUrl\":\"https:\/\/paracherkaoui.ma\/wp-content\/uploads\/2025\/12\/roge-cavailles-ma-routine-nourrissante.jpg\",\"width\":700,\"height\":700},{\"@type\":\"BreadcrumbList\",\"@id\":\"https:\/\/paracherkaoui.ma\/index.php\/produit\/roge-cavailles-ma-routine-nourrissante\/#breadcrumb\",\"itemListElement\":[{\"@type\":\"ListItem\",\"position\":1,\"name\":\"Accueil\",\"item\":\"https:\/\/paracherkaoui.ma\/\"},{\"@type\":\"ListItem\",\"position\":2,\"name\":\"Boutique\",\"item\":\"https:\/\/paracherkaoui.ma\/index.php\/boutique\/\"},{\"@type\":\"ListItem\",\"position\":3,\"name\":\"ROGE CAVAILLES MA ROUTINE NOURRISSANTE\"}]},{\"@type\":\"WebSite\",\"@id\":\"https:\/\/paracherkaoui.ma\/#website\",\"url\":\"https:\/\/paracherkaoui.ma\/\",\"name\":\"Paracherkaoui.ma\",\"description\":\"Achetez en ligne sur Paracherkaoui.ma\",\"potentialAction\":[{\"@type\":\"SearchAction\",\"target\":{\"@type\":\"EntryPoint\",\"urlTemplate\":\"https:\/\/paracherkaoui.ma\/?s={search_term_string}\"},\"query-input\":{\"@type\":\"PropertyValueSpecification\",\"valueRequired\":true,\"valueName\":\"search_term_string\"}}],\"inLanguage\":\"fr-FR\"}]}<\/script>\r\n<!-- \/ Yoast SEO plugin. -->","yoast_head_json":{"title":"ROGE CAVAILLES MA ROUTINE NOURRISSANTE - Paracherkaoui.ma","robots":{"index":"index","follow":"follow","max-snippet":"max-snippet:-1","max-image-preview":"max-image-preview:large","max-video-preview":"max-video-preview:-1"},"canonical":"https:\/\/paracherkaoui.ma\/index.php\/produit\/roge-cavailles-ma-routine-nourrissante\/","og_locale":"fr_FR","og_type":"article","og_title":"ROGE CAVAILLES MA ROUTINE NOURRISSANTE - Paracherkaoui.ma","og_description":"Le coffret Ma Routine Nourrissante de Rog\u00e9 Cavaill\u00e8s vous invite \u00e0 vivre une exp\u00e9rience sensorielle unique, sp\u00e9cialement con\u00e7u pour r\u00e9pondre","og_url":"https:\/\/paracherkaoui.ma\/index.php\/produit\/roge-cavailles-ma-routine-nourrissante\/","og_site_name":"Paracherkaoui.ma","article_modified_time":"2025-12-12T18:25:31+00:00","og_image":[{"width":700,"height":700,"url":"https:\/\/paracherkaoui.ma\/wp-content\/uploads\/2025\/12\/roge-cavailles-ma-routine-nourrissante.jpg","type":"image\/jpeg"}],"twitter_card":"summary_large_image","twitter_misc":{"Dur\u00e9e de lecture estim\u00e9e":"1 minute"},"schema":{"@context":"https:\/\/schema.org","@graph":[{"@type":"WebPage","@id":"https:\/\/paracherkaoui.ma\/index.php\/produit\/roge-cavailles-ma-routine-nourrissante\/","url":"https:\/\/paracherkaoui.ma\/index.php\/produit\/roge-cavailles-ma-routine-nourrissante\/","name":"ROGE CAVAILLES MA ROUTINE NOURRISSANTE - Paracherkaoui.ma","isPartOf":{"@id":"https:\/\/paracherkaoui.ma\/#website"},"primaryImageOfPage":{"@id":"https:\/\/paracherkaoui.ma\/index.php\/produit\/roge-cavailles-ma-routine-nourrissante\/#primaryimage"},"image":{"@id":"https:\/\/paracherkaoui.ma\/index.php\/produit\/roge-cavailles-ma-routine-nourrissante\/#primaryimage"},"thumbnailUrl":"https:\/\/paracherkaoui.ma\/wp-content\/uploads\/2025\/12\/roge-cavailles-ma-routine-nourrissante.jpg","datePublished":"2025-12-12T18:25:27+00:00","dateModified":"2025-12-12T18:25:31+00:00","breadcrumb":{"@id":"https:\/\/paracherkaoui.ma\/index.php\/produit\/roge-cavailles-ma-routine-nourrissante\/#breadcrumb"},"inLanguage":"fr-FR","potentialAction":[{"@type":"ReadAction","target":["https:\/\/paracherkaoui.ma\/index.php\/produit\/roge-cavailles-ma-routine-nourrissante\/"]}]},{"@type":"ImageObject","inLanguage":"fr-FR","@id":"https:\/\/paracherkaoui.ma\/index.php\/produit\/roge-cavailles-ma-routine-nourrissante\/#primaryimage","url":"https:\/\/paracherkaoui.ma\/wp-content\/uploads\/2025\/12\/roge-cavailles-ma-routine-nourrissante.jpg","contentUrl":"https:\/\/paracherkaoui.ma\/wp-content\/uploads\/2025\/12\/roge-cavailles-ma-routine-nourrissante.jpg","width":700,"height":700},{"@type":"BreadcrumbList","@id":"https:\/\/paracherkaoui.ma\/index.php\/produit\/roge-cavailles-ma-routine-nourrissante\/#breadcrumb","itemListElement":[{"@type":"ListItem","position":1,"name":"Accueil","item":"https:\/\/paracherkaoui.ma\/"},{"@type":"ListItem","position":2,"name":"Boutique","item":"https:\/\/paracherkaoui.ma\/index.php\/boutique\/"},{"@type":"ListItem","position":3,"name":"ROGE CAVAILLES MA ROUTINE NOURRISSANTE"}]},{"@type":"WebSite","@id":"https:\/\/paracherkaoui.ma\/#website","url":"https:\/\/paracherkaoui.ma\/","name":"Paracherkaoui.ma","description":"Achetez en ligne sur Paracherkaoui.ma","potentialAction":[{"@type":"SearchAction","target":{"@type":"EntryPoint","urlTemplate":"https:\/\/paracherkaoui.ma\/?s={search_term_string}"},"query-input":{"@type":"PropertyValueSpecification","valueRequired":true,"valueName":"search_term_string"}}],"inLanguage":"fr-FR"}]}},"_links":{"self":[{"href":"https:\/\/paracherkaoui.ma\/index.php\/wp-json\/wp\/v2\/product\/47634","targetHints":{"allow":["GET"]}}],"collection":[{"href":"https:\/\/paracherkaoui.ma\/index.php\/wp-json\/wp\/v2\/product"}],"about":[{"href":"https:\/\/paracherkaoui.ma\/index.php\/wp-json\/wp\/v2\/types\/product"}],"replies":[{"embeddable":true,"href":"https:\/\/paracherkaoui.ma\/index.php\/wp-json\/wp\/v2\/comments?post=47634"}],"version-history":[{"count":1,"href":"https:\/\/paracherkaoui.ma\/index.php\/wp-json\/wp\/v2\/product\/47634\/revisions"}],"predecessor-version":[{"id":47670,"href":"https:\/\/paracherkaoui.ma\/index.php\/wp-json\/wp\/v2\/product\/47634\/revisions\/47670"}],"wp:featuredmedia":[{"embeddable":true,"href":"https:\/\/paracherkaoui.ma\/index.php\/wp-json\/wp\/v2\/media\/47669"}],"wp:attachment":[{"href":"https:\/\/paracherkaoui.ma\/index.php\/wp-json\/wp\/v2\/media?parent=47634"}],"wp:term":[{"taxonomy":"product_brand","embeddable":true,"href":"https:\/\/paracherkaoui.ma\/index.php\/wp-json\/wp\/v2\/product_brand?post=47634"},{"taxonomy":"product_cat","embeddable":true,"href":"https:\/\/paracherkaoui.ma\/index.php\/wp-json\/wp\/v2\/product_cat?post=47634"},{"taxonomy":"product_tag","embeddable":true,"href":"https:\/\/paracherkaoui.ma\/index.php\/wp-json\/wp\/v2\/product_tag?post=47634"}],"curies":[{"name":"wp","href":"https:\/\/api.w.org\/{rel}","templated":true}]}}