{"id":47633,"date":"2025-12-12T19:25:27","date_gmt":"2025-12-12T18:25:27","guid":{"rendered":"https:\/\/test.ecbeaute.com\/?post_type=product&#038;p=47633"},"modified":"2025-12-12T19:25:31","modified_gmt":"2025-12-12T18:25:31","slug":"roge-cavailles-ma-routine-solide-visage","status":"publish","type":"product","link":"https:\/\/paracherkaoui.ma\/index.php\/produit\/roge-cavailles-ma-routine-solide-visage\/","title":{"rendered":"ROGE CAVAILLES MA ROUTINE SOLIDE VISAGE"},"content":{"rendered":"<p>La Mousse Apaisante Rog\u00e9 Cavaill\u00e8s nettoie la peau en douceur et l\u2019apaise.<br \/>\nEnrichie en huile d\u2019Olive Bio de Provence et en Surgras v\u00e9g\u00e9tal pro-r\u00e9g\u00e9n\u00e9rant, cette mousse nettoyante \u00e9limine les impuret\u00e9s et les r\u00e9sidus de maquillage.<br \/>\nFormul\u00e9e avec 92% d\u2019ingr\u00e9dients d\u2019origine naturelle, cette mousse nettoyante et apaisante redonne \u00e0 la peau toute sa fra\u00eecheur et son \u00e9clat.<br \/>\nSans savon, ce soin respecte le pH physiologique de la peau.<br \/>\nLe Gommant Doux de Rog\u00e9 Cavaill\u00e8s nettoie la peau et l\u2019exfolie tout en douceur.<br \/>\nEnrichi en poudre de Riz Bio de Camargue et en Surgras v\u00e9g\u00e9tale pro-r\u00e9g\u00e9n\u00e9rant, ce soin \u00e9limine les cellules mortes tout en r\u00e9g\u00e9n\u00e9rant la peau.<br \/>\nLa peau est plus lisse, plus douce et \u00e9clatante.<br \/>\nSa formule sans savon respecte le pH physiologique de tous les types de peaux et des peaux sensibles.<br \/>\n92% d\u2019ingr\u00e9dients d\u2019origine naturelle.<br \/>\nLe Masque Eclat Solide Rog\u00e9 Cavaill\u00e8s est un soin pour tous les types de peaux et est id\u00e9al pour les peaux sensibles.<br \/>\nEnrichi en Concombre Bio de Provence et en Surgras v\u00e9g\u00e9tal pro-r\u00e9g\u00e9n\u00e9rant, ce masque purifie la peau en profondeur, aide \u00e0 resserrer les pores et r\u00e9gule l\u2019exc\u00e8s de s\u00e9bum.<br \/>\nFormul\u00e9 avec 92% d\u2019ingr\u00e9dients d\u2019origine naturelle, ce soin rend la peau douce et \u00e9clatante.<br \/>\nConseils d\u2019utilisation :<br \/>\nMousse apaisante : Mouillez le nettoyant solide et frottez le dans le creux de la main jusqu\u2019\u00e0 obtenir une belle mousse. Massez d\u00e9licatement votre visage puis rincez. Utilisez matin et\/ou soir.<br \/>\nGommant doux : Mouillez le nettoyant solide et massez le directement sur l\u2019ensemble du visage de fa\u00e7on circulaire, en \u00e9vitant le contour des yeux puis rincez. Utilisez-le 2 fois par semaine.<br \/>\nMasque : Utilisation nettoyant : mouillez le nettoyant solide et frottez le dans le creux de la main jusqu\u2019\u00e0 obtenir une belle mousse. Massez d\u00e9licatement votre visage en \u00e9vitant le contour des yeux puis rincez. Utilisez matin et\/ou soir. Utilisation masque : apr\u00e8s massage, laissez poser une fine couche pendant 10 min. Rincez abondamment. Utilisez 2 fois par semaine.<\/p>\n","protected":false},"excerpt":{"rendered":"<p>La Mousse Apaisante Rog\u00e9 Cavaill\u00e8s nettoie la peau en douceur et l\u2019apaise. Enrichie en huile d\u2019Olive Bio de Provence et<\/p>\n","protected":false},"featured_media":47667,"comment_status":"open","ping_status":"closed","template":"","meta":[],"product_brand":[411],"product_cat":[858],"product_tag":[],"class_list":{"0":"post-47633","1":"product","2":"type-product","3":"status-publish","4":"has-post-thumbnail","6":"product_brand-roge-cavailles","7":"product_cat-les-bons-deals","9":"first","10":"instock","11":"sale","12":"shipping-taxable","13":"purchasable","14":"product-type-simple"},"yoast_head":"<!-- This site is optimized with the Yoast SEO plugin v26.6 - https:\/\/yoast.com\/wordpress\/plugins\/seo\/ -->\r\n<title>ROGE CAVAILLES MA ROUTINE SOLIDE VISAGE - Paracherkaoui.ma<\/title>\r\n<meta name=\"robots\" content=\"index, follow, max-snippet:-1, max-image-preview:large, max-video-preview:-1\" \/>\r\n<link rel=\"canonical\" href=\"https:\/\/paracherkaoui.ma\/index.php\/produit\/roge-cavailles-ma-routine-solide-visage\/\" \/>\r\n<meta property=\"og:locale\" content=\"fr_FR\" \/>\r\n<meta property=\"og:type\" content=\"article\" \/>\r\n<meta property=\"og:title\" content=\"ROGE CAVAILLES MA ROUTINE SOLIDE VISAGE - Paracherkaoui.ma\" \/>\r\n<meta property=\"og:description\" content=\"La Mousse Apaisante Rog\u00e9 Cavaill\u00e8s nettoie la peau en douceur et l\u2019apaise. Enrichie en huile d\u2019Olive Bio de Provence et\" \/>\r\n<meta property=\"og:url\" content=\"https:\/\/paracherkaoui.ma\/index.php\/produit\/roge-cavailles-ma-routine-solide-visage\/\" \/>\r\n<meta property=\"og:site_name\" content=\"Paracherkaoui.ma\" \/>\r\n<meta property=\"article:modified_time\" content=\"2025-12-12T18:25:31+00:00\" \/>\r\n<meta property=\"og:image\" content=\"https:\/\/paracherkaoui.ma\/wp-content\/uploads\/2025\/12\/roge-cavailles-roge-cavailles-ma-routine-solide-visage-promotions-diverses.jpg\" \/>\r\n\t<meta property=\"og:image:width\" content=\"700\" \/>\r\n\t<meta property=\"og:image:height\" content=\"700\" \/>\r\n\t<meta property=\"og:image:type\" content=\"image\/jpeg\" \/>\r\n<meta name=\"twitter:card\" content=\"summary_large_image\" \/>\r\n<meta name=\"twitter:label1\" content=\"Dur\u00e9e de lecture estim\u00e9e\" \/>\n\t<meta name=\"twitter:data1\" content=\"2 minutes\" \/>\r\n<script type=\"application\/ld+json\" class=\"yoast-schema-graph\">{\"@context\":\"https:\/\/schema.org\",\"@graph\":[{\"@type\":\"WebPage\",\"@id\":\"https:\/\/paracherkaoui.ma\/index.php\/produit\/roge-cavailles-ma-routine-solide-visage\/\",\"url\":\"https:\/\/paracherkaoui.ma\/index.php\/produit\/roge-cavailles-ma-routine-solide-visage\/\",\"name\":\"ROGE CAVAILLES MA ROUTINE SOLIDE VISAGE - Paracherkaoui.ma\",\"isPartOf\":{\"@id\":\"https:\/\/paracherkaoui.ma\/#website\"},\"primaryImageOfPage\":{\"@id\":\"https:\/\/paracherkaoui.ma\/index.php\/produit\/roge-cavailles-ma-routine-solide-visage\/#primaryimage\"},\"image\":{\"@id\":\"https:\/\/paracherkaoui.ma\/index.php\/produit\/roge-cavailles-ma-routine-solide-visage\/#primaryimage\"},\"thumbnailUrl\":\"https:\/\/paracherkaoui.ma\/wp-content\/uploads\/2025\/12\/roge-cavailles-roge-cavailles-ma-routine-solide-visage-promotions-diverses.jpg\",\"datePublished\":\"2025-12-12T18:25:27+00:00\",\"dateModified\":\"2025-12-12T18:25:31+00:00\",\"breadcrumb\":{\"@id\":\"https:\/\/paracherkaoui.ma\/index.php\/produit\/roge-cavailles-ma-routine-solide-visage\/#breadcrumb\"},\"inLanguage\":\"fr-FR\",\"potentialAction\":[{\"@type\":\"ReadAction\",\"target\":[\"https:\/\/paracherkaoui.ma\/index.php\/produit\/roge-cavailles-ma-routine-solide-visage\/\"]}]},{\"@type\":\"ImageObject\",\"inLanguage\":\"fr-FR\",\"@id\":\"https:\/\/paracherkaoui.ma\/index.php\/produit\/roge-cavailles-ma-routine-solide-visage\/#primaryimage\",\"url\":\"https:\/\/paracherkaoui.ma\/wp-content\/uploads\/2025\/12\/roge-cavailles-roge-cavailles-ma-routine-solide-visage-promotions-diverses.jpg\",\"contentUrl\":\"https:\/\/paracherkaoui.ma\/wp-content\/uploads\/2025\/12\/roge-cavailles-roge-cavailles-ma-routine-solide-visage-promotions-diverses.jpg\",\"width\":700,\"height\":700},{\"@type\":\"BreadcrumbList\",\"@id\":\"https:\/\/paracherkaoui.ma\/index.php\/produit\/roge-cavailles-ma-routine-solide-visage\/#breadcrumb\",\"itemListElement\":[{\"@type\":\"ListItem\",\"position\":1,\"name\":\"Accueil\",\"item\":\"https:\/\/paracherkaoui.ma\/\"},{\"@type\":\"ListItem\",\"position\":2,\"name\":\"Boutique\",\"item\":\"https:\/\/paracherkaoui.ma\/index.php\/boutique\/\"},{\"@type\":\"ListItem\",\"position\":3,\"name\":\"ROGE CAVAILLES MA ROUTINE SOLIDE VISAGE\"}]},{\"@type\":\"WebSite\",\"@id\":\"https:\/\/paracherkaoui.ma\/#website\",\"url\":\"https:\/\/paracherkaoui.ma\/\",\"name\":\"Paracherkaoui.ma\",\"description\":\"Achetez en ligne sur Paracherkaoui.ma\",\"potentialAction\":[{\"@type\":\"SearchAction\",\"target\":{\"@type\":\"EntryPoint\",\"urlTemplate\":\"https:\/\/paracherkaoui.ma\/?s={search_term_string}\"},\"query-input\":{\"@type\":\"PropertyValueSpecification\",\"valueRequired\":true,\"valueName\":\"search_term_string\"}}],\"inLanguage\":\"fr-FR\"}]}<\/script>\r\n<!-- \/ Yoast SEO plugin. -->","yoast_head_json":{"title":"ROGE CAVAILLES MA ROUTINE SOLIDE VISAGE - Paracherkaoui.ma","robots":{"index":"index","follow":"follow","max-snippet":"max-snippet:-1","max-image-preview":"max-image-preview:large","max-video-preview":"max-video-preview:-1"},"canonical":"https:\/\/paracherkaoui.ma\/index.php\/produit\/roge-cavailles-ma-routine-solide-visage\/","og_locale":"fr_FR","og_type":"article","og_title":"ROGE CAVAILLES MA ROUTINE SOLIDE VISAGE - Paracherkaoui.ma","og_description":"La Mousse Apaisante Rog\u00e9 Cavaill\u00e8s nettoie la peau en douceur et l\u2019apaise. Enrichie en huile d\u2019Olive Bio de Provence et","og_url":"https:\/\/paracherkaoui.ma\/index.php\/produit\/roge-cavailles-ma-routine-solide-visage\/","og_site_name":"Paracherkaoui.ma","article_modified_time":"2025-12-12T18:25:31+00:00","og_image":[{"width":700,"height":700,"url":"https:\/\/paracherkaoui.ma\/wp-content\/uploads\/2025\/12\/roge-cavailles-roge-cavailles-ma-routine-solide-visage-promotions-diverses.jpg","type":"image\/jpeg"}],"twitter_card":"summary_large_image","twitter_misc":{"Dur\u00e9e de lecture estim\u00e9e":"2 minutes"},"schema":{"@context":"https:\/\/schema.org","@graph":[{"@type":"WebPage","@id":"https:\/\/paracherkaoui.ma\/index.php\/produit\/roge-cavailles-ma-routine-solide-visage\/","url":"https:\/\/paracherkaoui.ma\/index.php\/produit\/roge-cavailles-ma-routine-solide-visage\/","name":"ROGE CAVAILLES MA ROUTINE SOLIDE VISAGE - Paracherkaoui.ma","isPartOf":{"@id":"https:\/\/paracherkaoui.ma\/#website"},"primaryImageOfPage":{"@id":"https:\/\/paracherkaoui.ma\/index.php\/produit\/roge-cavailles-ma-routine-solide-visage\/#primaryimage"},"image":{"@id":"https:\/\/paracherkaoui.ma\/index.php\/produit\/roge-cavailles-ma-routine-solide-visage\/#primaryimage"},"thumbnailUrl":"https:\/\/paracherkaoui.ma\/wp-content\/uploads\/2025\/12\/roge-cavailles-roge-cavailles-ma-routine-solide-visage-promotions-diverses.jpg","datePublished":"2025-12-12T18:25:27+00:00","dateModified":"2025-12-12T18:25:31+00:00","breadcrumb":{"@id":"https:\/\/paracherkaoui.ma\/index.php\/produit\/roge-cavailles-ma-routine-solide-visage\/#breadcrumb"},"inLanguage":"fr-FR","potentialAction":[{"@type":"ReadAction","target":["https:\/\/paracherkaoui.ma\/index.php\/produit\/roge-cavailles-ma-routine-solide-visage\/"]}]},{"@type":"ImageObject","inLanguage":"fr-FR","@id":"https:\/\/paracherkaoui.ma\/index.php\/produit\/roge-cavailles-ma-routine-solide-visage\/#primaryimage","url":"https:\/\/paracherkaoui.ma\/wp-content\/uploads\/2025\/12\/roge-cavailles-roge-cavailles-ma-routine-solide-visage-promotions-diverses.jpg","contentUrl":"https:\/\/paracherkaoui.ma\/wp-content\/uploads\/2025\/12\/roge-cavailles-roge-cavailles-ma-routine-solide-visage-promotions-diverses.jpg","width":700,"height":700},{"@type":"BreadcrumbList","@id":"https:\/\/paracherkaoui.ma\/index.php\/produit\/roge-cavailles-ma-routine-solide-visage\/#breadcrumb","itemListElement":[{"@type":"ListItem","position":1,"name":"Accueil","item":"https:\/\/paracherkaoui.ma\/"},{"@type":"ListItem","position":2,"name":"Boutique","item":"https:\/\/paracherkaoui.ma\/index.php\/boutique\/"},{"@type":"ListItem","position":3,"name":"ROGE CAVAILLES MA ROUTINE SOLIDE VISAGE"}]},{"@type":"WebSite","@id":"https:\/\/paracherkaoui.ma\/#website","url":"https:\/\/paracherkaoui.ma\/","name":"Paracherkaoui.ma","description":"Achetez en ligne sur Paracherkaoui.ma","potentialAction":[{"@type":"SearchAction","target":{"@type":"EntryPoint","urlTemplate":"https:\/\/paracherkaoui.ma\/?s={search_term_string}"},"query-input":{"@type":"PropertyValueSpecification","valueRequired":true,"valueName":"search_term_string"}}],"inLanguage":"fr-FR"}]}},"_links":{"self":[{"href":"https:\/\/paracherkaoui.ma\/index.php\/wp-json\/wp\/v2\/product\/47633","targetHints":{"allow":["GET"]}}],"collection":[{"href":"https:\/\/paracherkaoui.ma\/index.php\/wp-json\/wp\/v2\/product"}],"about":[{"href":"https:\/\/paracherkaoui.ma\/index.php\/wp-json\/wp\/v2\/types\/product"}],"replies":[{"embeddable":true,"href":"https:\/\/paracherkaoui.ma\/index.php\/wp-json\/wp\/v2\/comments?post=47633"}],"version-history":[{"count":1,"href":"https:\/\/paracherkaoui.ma\/index.php\/wp-json\/wp\/v2\/product\/47633\/revisions"}],"predecessor-version":[{"id":47668,"href":"https:\/\/paracherkaoui.ma\/index.php\/wp-json\/wp\/v2\/product\/47633\/revisions\/47668"}],"wp:featuredmedia":[{"embeddable":true,"href":"https:\/\/paracherkaoui.ma\/index.php\/wp-json\/wp\/v2\/media\/47667"}],"wp:attachment":[{"href":"https:\/\/paracherkaoui.ma\/index.php\/wp-json\/wp\/v2\/media?parent=47633"}],"wp:term":[{"taxonomy":"product_brand","embeddable":true,"href":"https:\/\/paracherkaoui.ma\/index.php\/wp-json\/wp\/v2\/product_brand?post=47633"},{"taxonomy":"product_cat","embeddable":true,"href":"https:\/\/paracherkaoui.ma\/index.php\/wp-json\/wp\/v2\/product_cat?post=47633"},{"taxonomy":"product_tag","embeddable":true,"href":"https:\/\/paracherkaoui.ma\/index.php\/wp-json\/wp\/v2\/product_tag?post=47633"}],"curies":[{"name":"wp","href":"https:\/\/api.w.org\/{rel}","templated":true}]}}