{"id":47628,"date":"2025-12-12T19:25:27","date_gmt":"2025-12-12T18:25:27","guid":{"rendered":"https:\/\/test.ecbeaute.com\/?post_type=product&#038;p=47628"},"modified":"2025-12-12T19:25:29","modified_gmt":"2025-12-12T18:25:29","slug":"roge-cavailles-creme-mains-veloutante-50ml","status":"publish","type":"product","link":"https:\/\/paracherkaoui.ma\/index.php\/produit\/roge-cavailles-creme-mains-veloutante-50ml\/","title":{"rendered":"ROGE CAVAILLES CREME MAINS VELOUTANTE 50ML"},"content":{"rendered":"<p>Cette cr\u00e8me veloutante allie le beurre de Karit\u00e9, reconnu pour ses propri\u00e9t\u00e9s nourrissantes et r\u00e9paratrices, \u00e0 l\u2019huile d\u2019Amande douce, riche en acides gras essentiels et en vitamines, qui apporte souplesse et douceur \u00e0 la peau. Gr\u00e2ce \u00e0 cette combinaison d\u2019actifs naturels, la cr\u00e8me nourrit en profondeur, r\u00e9pare les zones dess\u00e9ch\u00e9es et prot\u00e8ge durablement l\u2019\u00e9piderme.<br \/>\nSa texture onctueuse et non grasse p\u00e9n\u00e8tre rapidement sans laisser de film collant, ce qui permet une utilisation \u00e0 tout moment de la journ\u00e9e. D\u00e8s les premi\u00e8res applications, la peau retrouve son confort, elle est plus souple, plus douce et visiblement apais\u00e9e. Utilis\u00e9e r\u00e9guli\u00e8rement, elle pr\u00e9vient le dess\u00e8chement cutan\u00e9 et laisse un voile protecteur qui agit comme une seconde peau.<br \/>\nAdapt\u00e9e aux peaux sensibles, cette cr\u00e8me allie efficacit\u00e9 et tol\u00e9rance. Elle peut s\u2019utiliser en toutes saisons, aussi bien en hiver pour contrer le froid qu\u2019en \u00e9t\u00e9 pour apaiser les tiraillements li\u00e9s au soleil et \u00e0 la d\u00e9shydratation.<br \/>\nUn soin incontournable pour celles et ceux qui recherchent une cr\u00e8me mains veloutante, pratique et efficace au quotidien.<br \/>\nConseils d\u2019utilisation<br \/>\nPr\u00e9levez une noisette de cr\u00e8me.<br \/>\nMassez d\u00e9licatement vos mains jusqu\u2019\u00e0 absorption compl\u00e8te.<br \/>\n\u00c0 appliquer aussi souvent que n\u00e9cessaire, notamment apr\u00e8s le lavage des mains ou en cas de s\u00e9cheresse.<br \/>\nComposition<br \/>\nAqua, Glycerin, Butyrospermum Parkii Butter, Prunus Amygdalus Dulcis Oil, Cetearyl Olivate, Octyldodecanol, Glyceryl Stearate, Cetearyl Alcohol, Sorbitan Olivate, Parfum, Oryza Sativa Starch, Sapindus Mukurossi Fruit Extract, Tocopheryl Acetate, Panthenol, Niacinamide, Trehalose, Sodium PCA, Magnesium PCA, Zinc PCA, Caesalpinia Spinosa Gum, Manganese PCA, Acrylates\/C10-30 Alkyl Acrylate Crosspolymer, Sodium Hydroxide, Disodium EDTA, BHT, Sodium Benzoate, DMDM Hydantoin<\/p>\n","protected":false},"excerpt":{"rendered":"<p>Cette cr\u00e8me veloutante allie le beurre de Karit\u00e9, reconnu pour ses propri\u00e9t\u00e9s nourrissantes et r\u00e9paratrices, \u00e0 l\u2019huile d\u2019Amande douce, riche<\/p>\n","protected":false},"featured_media":47657,"comment_status":"open","ping_status":"closed","template":"","meta":[],"product_brand":[411],"product_cat":[858],"product_tag":[],"class_list":{"0":"post-47628","1":"product","2":"type-product","3":"status-publish","4":"has-post-thumbnail","6":"product_brand-roge-cavailles","7":"product_cat-les-bons-deals","9":"first","10":"instock","11":"sale","12":"shipping-taxable","13":"purchasable","14":"product-type-simple"},"yoast_head":"<!-- This site is optimized with the Yoast SEO plugin v26.6 - https:\/\/yoast.com\/wordpress\/plugins\/seo\/ -->\r\n<title>ROGE CAVAILLES CREME MAINS VELOUTANTE 50ML - Paracherkaoui.ma<\/title>\r\n<meta name=\"robots\" content=\"index, follow, max-snippet:-1, max-image-preview:large, max-video-preview:-1\" \/>\r\n<link rel=\"canonical\" href=\"https:\/\/paracherkaoui.ma\/index.php\/produit\/roge-cavailles-creme-mains-veloutante-50ml\/\" \/>\r\n<meta property=\"og:locale\" content=\"fr_FR\" \/>\r\n<meta property=\"og:type\" content=\"article\" \/>\r\n<meta property=\"og:title\" content=\"ROGE CAVAILLES CREME MAINS VELOUTANTE 50ML - Paracherkaoui.ma\" \/>\r\n<meta property=\"og:description\" content=\"Cette cr\u00e8me veloutante allie le beurre de Karit\u00e9, reconnu pour ses propri\u00e9t\u00e9s nourrissantes et r\u00e9paratrices, \u00e0 l\u2019huile d\u2019Amande douce, riche\" \/>\r\n<meta property=\"og:url\" content=\"https:\/\/paracherkaoui.ma\/index.php\/produit\/roge-cavailles-creme-mains-veloutante-50ml\/\" \/>\r\n<meta property=\"og:site_name\" content=\"Paracherkaoui.ma\" \/>\r\n<meta property=\"article:modified_time\" content=\"2025-12-12T18:25:29+00:00\" \/>\r\n<meta property=\"og:image\" content=\"https:\/\/paracherkaoui.ma\/wp-content\/uploads\/2025\/12\/roge-cavailles-roge-cavailles-creme-mains-veloutante-50ml-coffrets.jpg\" \/>\r\n\t<meta property=\"og:image:width\" content=\"700\" \/>\r\n\t<meta property=\"og:image:height\" content=\"700\" \/>\r\n\t<meta property=\"og:image:type\" content=\"image\/jpeg\" \/>\r\n<meta name=\"twitter:card\" content=\"summary_large_image\" \/>\r\n<meta name=\"twitter:label1\" content=\"Dur\u00e9e de lecture estim\u00e9e\" \/>\n\t<meta name=\"twitter:data1\" content=\"1 minute\" \/>\r\n<script type=\"application\/ld+json\" class=\"yoast-schema-graph\">{\"@context\":\"https:\/\/schema.org\",\"@graph\":[{\"@type\":\"WebPage\",\"@id\":\"https:\/\/paracherkaoui.ma\/index.php\/produit\/roge-cavailles-creme-mains-veloutante-50ml\/\",\"url\":\"https:\/\/paracherkaoui.ma\/index.php\/produit\/roge-cavailles-creme-mains-veloutante-50ml\/\",\"name\":\"ROGE CAVAILLES CREME MAINS VELOUTANTE 50ML - Paracherkaoui.ma\",\"isPartOf\":{\"@id\":\"https:\/\/paracherkaoui.ma\/#website\"},\"primaryImageOfPage\":{\"@id\":\"https:\/\/paracherkaoui.ma\/index.php\/produit\/roge-cavailles-creme-mains-veloutante-50ml\/#primaryimage\"},\"image\":{\"@id\":\"https:\/\/paracherkaoui.ma\/index.php\/produit\/roge-cavailles-creme-mains-veloutante-50ml\/#primaryimage\"},\"thumbnailUrl\":\"https:\/\/paracherkaoui.ma\/wp-content\/uploads\/2025\/12\/roge-cavailles-roge-cavailles-creme-mains-veloutante-50ml-coffrets.jpg\",\"datePublished\":\"2025-12-12T18:25:27+00:00\",\"dateModified\":\"2025-12-12T18:25:29+00:00\",\"breadcrumb\":{\"@id\":\"https:\/\/paracherkaoui.ma\/index.php\/produit\/roge-cavailles-creme-mains-veloutante-50ml\/#breadcrumb\"},\"inLanguage\":\"fr-FR\",\"potentialAction\":[{\"@type\":\"ReadAction\",\"target\":[\"https:\/\/paracherkaoui.ma\/index.php\/produit\/roge-cavailles-creme-mains-veloutante-50ml\/\"]}]},{\"@type\":\"ImageObject\",\"inLanguage\":\"fr-FR\",\"@id\":\"https:\/\/paracherkaoui.ma\/index.php\/produit\/roge-cavailles-creme-mains-veloutante-50ml\/#primaryimage\",\"url\":\"https:\/\/paracherkaoui.ma\/wp-content\/uploads\/2025\/12\/roge-cavailles-roge-cavailles-creme-mains-veloutante-50ml-coffrets.jpg\",\"contentUrl\":\"https:\/\/paracherkaoui.ma\/wp-content\/uploads\/2025\/12\/roge-cavailles-roge-cavailles-creme-mains-veloutante-50ml-coffrets.jpg\",\"width\":700,\"height\":700},{\"@type\":\"BreadcrumbList\",\"@id\":\"https:\/\/paracherkaoui.ma\/index.php\/produit\/roge-cavailles-creme-mains-veloutante-50ml\/#breadcrumb\",\"itemListElement\":[{\"@type\":\"ListItem\",\"position\":1,\"name\":\"Accueil\",\"item\":\"https:\/\/paracherkaoui.ma\/\"},{\"@type\":\"ListItem\",\"position\":2,\"name\":\"Boutique\",\"item\":\"https:\/\/paracherkaoui.ma\/index.php\/boutique\/\"},{\"@type\":\"ListItem\",\"position\":3,\"name\":\"ROGE CAVAILLES CREME MAINS VELOUTANTE 50ML\"}]},{\"@type\":\"WebSite\",\"@id\":\"https:\/\/paracherkaoui.ma\/#website\",\"url\":\"https:\/\/paracherkaoui.ma\/\",\"name\":\"Paracherkaoui.ma\",\"description\":\"Achetez en ligne sur Paracherkaoui.ma\",\"potentialAction\":[{\"@type\":\"SearchAction\",\"target\":{\"@type\":\"EntryPoint\",\"urlTemplate\":\"https:\/\/paracherkaoui.ma\/?s={search_term_string}\"},\"query-input\":{\"@type\":\"PropertyValueSpecification\",\"valueRequired\":true,\"valueName\":\"search_term_string\"}}],\"inLanguage\":\"fr-FR\"}]}<\/script>\r\n<!-- \/ Yoast SEO plugin. -->","yoast_head_json":{"title":"ROGE CAVAILLES CREME MAINS VELOUTANTE 50ML - Paracherkaoui.ma","robots":{"index":"index","follow":"follow","max-snippet":"max-snippet:-1","max-image-preview":"max-image-preview:large","max-video-preview":"max-video-preview:-1"},"canonical":"https:\/\/paracherkaoui.ma\/index.php\/produit\/roge-cavailles-creme-mains-veloutante-50ml\/","og_locale":"fr_FR","og_type":"article","og_title":"ROGE CAVAILLES CREME MAINS VELOUTANTE 50ML - Paracherkaoui.ma","og_description":"Cette cr\u00e8me veloutante allie le beurre de Karit\u00e9, reconnu pour ses propri\u00e9t\u00e9s nourrissantes et r\u00e9paratrices, \u00e0 l\u2019huile d\u2019Amande douce, riche","og_url":"https:\/\/paracherkaoui.ma\/index.php\/produit\/roge-cavailles-creme-mains-veloutante-50ml\/","og_site_name":"Paracherkaoui.ma","article_modified_time":"2025-12-12T18:25:29+00:00","og_image":[{"width":700,"height":700,"url":"https:\/\/paracherkaoui.ma\/wp-content\/uploads\/2025\/12\/roge-cavailles-roge-cavailles-creme-mains-veloutante-50ml-coffrets.jpg","type":"image\/jpeg"}],"twitter_card":"summary_large_image","twitter_misc":{"Dur\u00e9e de lecture estim\u00e9e":"1 minute"},"schema":{"@context":"https:\/\/schema.org","@graph":[{"@type":"WebPage","@id":"https:\/\/paracherkaoui.ma\/index.php\/produit\/roge-cavailles-creme-mains-veloutante-50ml\/","url":"https:\/\/paracherkaoui.ma\/index.php\/produit\/roge-cavailles-creme-mains-veloutante-50ml\/","name":"ROGE CAVAILLES CREME MAINS VELOUTANTE 50ML - Paracherkaoui.ma","isPartOf":{"@id":"https:\/\/paracherkaoui.ma\/#website"},"primaryImageOfPage":{"@id":"https:\/\/paracherkaoui.ma\/index.php\/produit\/roge-cavailles-creme-mains-veloutante-50ml\/#primaryimage"},"image":{"@id":"https:\/\/paracherkaoui.ma\/index.php\/produit\/roge-cavailles-creme-mains-veloutante-50ml\/#primaryimage"},"thumbnailUrl":"https:\/\/paracherkaoui.ma\/wp-content\/uploads\/2025\/12\/roge-cavailles-roge-cavailles-creme-mains-veloutante-50ml-coffrets.jpg","datePublished":"2025-12-12T18:25:27+00:00","dateModified":"2025-12-12T18:25:29+00:00","breadcrumb":{"@id":"https:\/\/paracherkaoui.ma\/index.php\/produit\/roge-cavailles-creme-mains-veloutante-50ml\/#breadcrumb"},"inLanguage":"fr-FR","potentialAction":[{"@type":"ReadAction","target":["https:\/\/paracherkaoui.ma\/index.php\/produit\/roge-cavailles-creme-mains-veloutante-50ml\/"]}]},{"@type":"ImageObject","inLanguage":"fr-FR","@id":"https:\/\/paracherkaoui.ma\/index.php\/produit\/roge-cavailles-creme-mains-veloutante-50ml\/#primaryimage","url":"https:\/\/paracherkaoui.ma\/wp-content\/uploads\/2025\/12\/roge-cavailles-roge-cavailles-creme-mains-veloutante-50ml-coffrets.jpg","contentUrl":"https:\/\/paracherkaoui.ma\/wp-content\/uploads\/2025\/12\/roge-cavailles-roge-cavailles-creme-mains-veloutante-50ml-coffrets.jpg","width":700,"height":700},{"@type":"BreadcrumbList","@id":"https:\/\/paracherkaoui.ma\/index.php\/produit\/roge-cavailles-creme-mains-veloutante-50ml\/#breadcrumb","itemListElement":[{"@type":"ListItem","position":1,"name":"Accueil","item":"https:\/\/paracherkaoui.ma\/"},{"@type":"ListItem","position":2,"name":"Boutique","item":"https:\/\/paracherkaoui.ma\/index.php\/boutique\/"},{"@type":"ListItem","position":3,"name":"ROGE CAVAILLES CREME MAINS VELOUTANTE 50ML"}]},{"@type":"WebSite","@id":"https:\/\/paracherkaoui.ma\/#website","url":"https:\/\/paracherkaoui.ma\/","name":"Paracherkaoui.ma","description":"Achetez en ligne sur Paracherkaoui.ma","potentialAction":[{"@type":"SearchAction","target":{"@type":"EntryPoint","urlTemplate":"https:\/\/paracherkaoui.ma\/?s={search_term_string}"},"query-input":{"@type":"PropertyValueSpecification","valueRequired":true,"valueName":"search_term_string"}}],"inLanguage":"fr-FR"}]}},"_links":{"self":[{"href":"https:\/\/paracherkaoui.ma\/index.php\/wp-json\/wp\/v2\/product\/47628","targetHints":{"allow":["GET"]}}],"collection":[{"href":"https:\/\/paracherkaoui.ma\/index.php\/wp-json\/wp\/v2\/product"}],"about":[{"href":"https:\/\/paracherkaoui.ma\/index.php\/wp-json\/wp\/v2\/types\/product"}],"replies":[{"embeddable":true,"href":"https:\/\/paracherkaoui.ma\/index.php\/wp-json\/wp\/v2\/comments?post=47628"}],"version-history":[{"count":1,"href":"https:\/\/paracherkaoui.ma\/index.php\/wp-json\/wp\/v2\/product\/47628\/revisions"}],"predecessor-version":[{"id":47658,"href":"https:\/\/paracherkaoui.ma\/index.php\/wp-json\/wp\/v2\/product\/47628\/revisions\/47658"}],"wp:featuredmedia":[{"embeddable":true,"href":"https:\/\/paracherkaoui.ma\/index.php\/wp-json\/wp\/v2\/media\/47657"}],"wp:attachment":[{"href":"https:\/\/paracherkaoui.ma\/index.php\/wp-json\/wp\/v2\/media?parent=47628"}],"wp:term":[{"taxonomy":"product_brand","embeddable":true,"href":"https:\/\/paracherkaoui.ma\/index.php\/wp-json\/wp\/v2\/product_brand?post=47628"},{"taxonomy":"product_cat","embeddable":true,"href":"https:\/\/paracherkaoui.ma\/index.php\/wp-json\/wp\/v2\/product_cat?post=47628"},{"taxonomy":"product_tag","embeddable":true,"href":"https:\/\/paracherkaoui.ma\/index.php\/wp-json\/wp\/v2\/product_tag?post=47628"}],"curies":[{"name":"wp","href":"https:\/\/api.w.org\/{rel}","templated":true}]}}