{"id":47621,"date":"2025-12-12T19:25:26","date_gmt":"2025-12-12T18:25:26","guid":{"rendered":"https:\/\/test.ecbeaute.com\/?post_type=product&#038;p=47621"},"modified":"2025-12-12T19:25:28","modified_gmt":"2025-12-12T18:25:28","slug":"somebymi-aha-bha-pha-30-days-miracle-ac-sos-kit","status":"publish","type":"product","link":"https:\/\/paracherkaoui.ma\/index.php\/produit\/somebymi-aha-bha-pha-30-days-miracle-ac-sos-kit\/","title":{"rendered":"SOMEBYMI AHA BHA PHA 30 DAYS MIRACLE AC SOS KIT"},"content":{"rendered":"<p>Ce kit SOS anti-acn\u00e9 30 jours aux AHA, BHA et PHA comprend:<br \/>\n1 Miracle Acne Foam de 30 ml<br \/>\n1 Miracle Toner de 30 ml<br \/>\n1 Miracle Serum de 10 ml<br \/>\n1 Miracle Cream de 20 g<br \/>\nBienfaits et avantages :<br \/>\nA fait l\u2019objet d\u2019un test d\u2019irritation cutan\u00e9e.<br \/>\nUne routine de soin d\u2019urgence en 4 \u00e9tapes, compos\u00e9e de produits anti-acn\u00e9.<br \/>\nL\u2019AHA\u00a0exfolie et \u00e9limine les impuret\u00e9s et les cellules mortes de la peau.<br \/>\nLe BHA\u00a0\u00e9limine les impuret\u00e9s et l\u2019exc\u00e8s de s\u00e9bum \u00e0 l\u2019int\u00e9rieur des pores.<br \/>\nLe PHA\u00a0\u00e9limine les cellules mortes de la peau gr\u00e2ce \u00e0 son exfoliation non irritante.<br \/>\n20 ingr\u00e9dients nocifs sont exclus de sa composition. Formul\u00e9 \u00e0 base d\u2019ingr\u00e9dients d\u2019origine naturelle.<br \/>\nMiracle Acne Foam :<br \/>\n\u00c9limine les impuret\u00e9s et l\u2019exc\u00e8s de s\u00e9bum \u00e0 l\u2019int\u00e9rieur des pores.<br \/>\nEfficacit\u00e9 prouv\u00e9e sur peaux \u00e0 tendance acn\u00e9ique.<br \/>\nMiracle Toner :<br \/>\nApaise les peaux irrit\u00e9es en \u00e9liminant en douceur les cellules mortes de la peau.<br \/>\nTest\u00e9 et efficacit\u00e9 prouv\u00e9e sur peaux \u00e0 tendance acn\u00e9ique.<br \/>\nMiracle Serum :<br \/>\nApaise les peaux \u00e0 probl\u00e8mes et irrit\u00e9es.<br \/>\nRestaure l\u2019\u00e9quilibre hydrolipidique de la peau.<br \/>\nMiracle Cream :<br \/>\nHydrate la peau et renforce la barri\u00e8re cutan\u00e9e.<br \/>\nProt\u00e8ge la peau des agressions ext\u00e9rieures gr\u00e2ce \u00e0 son soin 4-Cica.<br \/>\nUtilisation :<\/p>\n<p>1. Utilisez les produits dans l\u2019ordre suivant : Acne Foam\u2192 Toner \u2192 Serum \u2192 Cream.<\/p>\n<p>2. Faites mousser une quantit\u00e9 appropri\u00e9e de Acne Foam, puis appliquez-la sur votre visage. Proc\u00e9dez au nettoyage en massant d\u00e9licatement.<\/p>\n<p>3. Apr\u00e8s le nettoyage, appliquez une quantit\u00e9 appropri\u00e9e de Toner sur votre visage \u00e0 l\u2019aide d\u2019un coton. Tapotez d\u00e9licatement pour une meilleure absorption.<\/p>\n<p>4. Poursuivez avec le Serum et la cream\u00a0: appliquez une quantit\u00e9 appropri\u00e9e de produit sur votre visage. Tapotez d\u00e9licatement pour une meilleure absorption.<\/p>\n","protected":false},"excerpt":{"rendered":"<p>Ce kit SOS anti-acn\u00e9 30 jours aux AHA, BHA et PHA comprend: 1 Miracle Acne Foam de 30 ml 1<\/p>\n","protected":false},"featured_media":47645,"comment_status":"open","ping_status":"closed","template":"","meta":[],"product_brand":[],"product_cat":[858],"product_tag":[],"class_list":{"0":"post-47621","1":"product","2":"type-product","3":"status-publish","4":"has-post-thumbnail","6":"product_cat-les-bons-deals","8":"first","9":"instock","10":"shipping-taxable","11":"purchasable","12":"product-type-simple"},"yoast_head":"<!-- This site is optimized with the Yoast SEO plugin v26.6 - https:\/\/yoast.com\/wordpress\/plugins\/seo\/ -->\r\n<title>SOMEBYMI AHA BHA PHA 30 DAYS MIRACLE AC SOS KIT - Paracherkaoui.ma<\/title>\r\n<meta name=\"robots\" content=\"index, follow, max-snippet:-1, max-image-preview:large, max-video-preview:-1\" \/>\r\n<link rel=\"canonical\" href=\"https:\/\/paracherkaoui.ma\/index.php\/produit\/somebymi-aha-bha-pha-30-days-miracle-ac-sos-kit\/\" \/>\r\n<meta property=\"og:locale\" content=\"fr_FR\" \/>\r\n<meta property=\"og:type\" content=\"article\" \/>\r\n<meta property=\"og:title\" content=\"SOMEBYMI AHA BHA PHA 30 DAYS MIRACLE AC SOS KIT - Paracherkaoui.ma\" \/>\r\n<meta property=\"og:description\" content=\"Ce kit SOS anti-acn\u00e9 30 jours aux AHA, BHA et PHA comprend: 1 Miracle Acne Foam de 30 ml 1\" \/>\r\n<meta property=\"og:url\" content=\"https:\/\/paracherkaoui.ma\/index.php\/produit\/somebymi-aha-bha-pha-30-days-miracle-ac-sos-kit\/\" \/>\r\n<meta property=\"og:site_name\" content=\"Paracherkaoui.ma\" \/>\r\n<meta property=\"article:modified_time\" content=\"2025-12-12T18:25:28+00:00\" \/>\r\n<meta property=\"og:image\" content=\"https:\/\/paracherkaoui.ma\/wp-content\/uploads\/2025\/12\/somebymi-somebymi-aha-bha-pha-30-days-miracle-ac-sos-kit-produits-coreens.jpg\" \/>\r\n\t<meta property=\"og:image:width\" content=\"700\" \/>\r\n\t<meta property=\"og:image:height\" content=\"700\" \/>\r\n\t<meta property=\"og:image:type\" content=\"image\/jpeg\" \/>\r\n<meta name=\"twitter:card\" content=\"summary_large_image\" \/>\r\n<meta name=\"twitter:label1\" content=\"Dur\u00e9e de lecture estim\u00e9e\" \/>\n\t<meta name=\"twitter:data1\" content=\"2 minutes\" \/>\r\n<script type=\"application\/ld+json\" class=\"yoast-schema-graph\">{\"@context\":\"https:\/\/schema.org\",\"@graph\":[{\"@type\":\"WebPage\",\"@id\":\"https:\/\/paracherkaoui.ma\/index.php\/produit\/somebymi-aha-bha-pha-30-days-miracle-ac-sos-kit\/\",\"url\":\"https:\/\/paracherkaoui.ma\/index.php\/produit\/somebymi-aha-bha-pha-30-days-miracle-ac-sos-kit\/\",\"name\":\"SOMEBYMI AHA BHA PHA 30 DAYS MIRACLE AC SOS KIT - Paracherkaoui.ma\",\"isPartOf\":{\"@id\":\"https:\/\/paracherkaoui.ma\/#website\"},\"primaryImageOfPage\":{\"@id\":\"https:\/\/paracherkaoui.ma\/index.php\/produit\/somebymi-aha-bha-pha-30-days-miracle-ac-sos-kit\/#primaryimage\"},\"image\":{\"@id\":\"https:\/\/paracherkaoui.ma\/index.php\/produit\/somebymi-aha-bha-pha-30-days-miracle-ac-sos-kit\/#primaryimage\"},\"thumbnailUrl\":\"https:\/\/paracherkaoui.ma\/wp-content\/uploads\/2025\/12\/somebymi-somebymi-aha-bha-pha-30-days-miracle-ac-sos-kit-produits-coreens.jpg\",\"datePublished\":\"2025-12-12T18:25:26+00:00\",\"dateModified\":\"2025-12-12T18:25:28+00:00\",\"breadcrumb\":{\"@id\":\"https:\/\/paracherkaoui.ma\/index.php\/produit\/somebymi-aha-bha-pha-30-days-miracle-ac-sos-kit\/#breadcrumb\"},\"inLanguage\":\"fr-FR\",\"potentialAction\":[{\"@type\":\"ReadAction\",\"target\":[\"https:\/\/paracherkaoui.ma\/index.php\/produit\/somebymi-aha-bha-pha-30-days-miracle-ac-sos-kit\/\"]}]},{\"@type\":\"ImageObject\",\"inLanguage\":\"fr-FR\",\"@id\":\"https:\/\/paracherkaoui.ma\/index.php\/produit\/somebymi-aha-bha-pha-30-days-miracle-ac-sos-kit\/#primaryimage\",\"url\":\"https:\/\/paracherkaoui.ma\/wp-content\/uploads\/2025\/12\/somebymi-somebymi-aha-bha-pha-30-days-miracle-ac-sos-kit-produits-coreens.jpg\",\"contentUrl\":\"https:\/\/paracherkaoui.ma\/wp-content\/uploads\/2025\/12\/somebymi-somebymi-aha-bha-pha-30-days-miracle-ac-sos-kit-produits-coreens.jpg\",\"width\":700,\"height\":700},{\"@type\":\"BreadcrumbList\",\"@id\":\"https:\/\/paracherkaoui.ma\/index.php\/produit\/somebymi-aha-bha-pha-30-days-miracle-ac-sos-kit\/#breadcrumb\",\"itemListElement\":[{\"@type\":\"ListItem\",\"position\":1,\"name\":\"Accueil\",\"item\":\"https:\/\/paracherkaoui.ma\/\"},{\"@type\":\"ListItem\",\"position\":2,\"name\":\"Boutique\",\"item\":\"https:\/\/paracherkaoui.ma\/index.php\/boutique\/\"},{\"@type\":\"ListItem\",\"position\":3,\"name\":\"SOMEBYMI AHA BHA PHA 30 DAYS MIRACLE AC SOS KIT\"}]},{\"@type\":\"WebSite\",\"@id\":\"https:\/\/paracherkaoui.ma\/#website\",\"url\":\"https:\/\/paracherkaoui.ma\/\",\"name\":\"Paracherkaoui.ma\",\"description\":\"Achetez en ligne sur Paracherkaoui.ma\",\"potentialAction\":[{\"@type\":\"SearchAction\",\"target\":{\"@type\":\"EntryPoint\",\"urlTemplate\":\"https:\/\/paracherkaoui.ma\/?s={search_term_string}\"},\"query-input\":{\"@type\":\"PropertyValueSpecification\",\"valueRequired\":true,\"valueName\":\"search_term_string\"}}],\"inLanguage\":\"fr-FR\"}]}<\/script>\r\n<!-- \/ Yoast SEO plugin. -->","yoast_head_json":{"title":"SOMEBYMI AHA BHA PHA 30 DAYS MIRACLE AC SOS KIT - Paracherkaoui.ma","robots":{"index":"index","follow":"follow","max-snippet":"max-snippet:-1","max-image-preview":"max-image-preview:large","max-video-preview":"max-video-preview:-1"},"canonical":"https:\/\/paracherkaoui.ma\/index.php\/produit\/somebymi-aha-bha-pha-30-days-miracle-ac-sos-kit\/","og_locale":"fr_FR","og_type":"article","og_title":"SOMEBYMI AHA BHA PHA 30 DAYS MIRACLE AC SOS KIT - Paracherkaoui.ma","og_description":"Ce kit SOS anti-acn\u00e9 30 jours aux AHA, BHA et PHA comprend: 1 Miracle Acne Foam de 30 ml 1","og_url":"https:\/\/paracherkaoui.ma\/index.php\/produit\/somebymi-aha-bha-pha-30-days-miracle-ac-sos-kit\/","og_site_name":"Paracherkaoui.ma","article_modified_time":"2025-12-12T18:25:28+00:00","og_image":[{"width":700,"height":700,"url":"https:\/\/paracherkaoui.ma\/wp-content\/uploads\/2025\/12\/somebymi-somebymi-aha-bha-pha-30-days-miracle-ac-sos-kit-produits-coreens.jpg","type":"image\/jpeg"}],"twitter_card":"summary_large_image","twitter_misc":{"Dur\u00e9e de lecture estim\u00e9e":"2 minutes"},"schema":{"@context":"https:\/\/schema.org","@graph":[{"@type":"WebPage","@id":"https:\/\/paracherkaoui.ma\/index.php\/produit\/somebymi-aha-bha-pha-30-days-miracle-ac-sos-kit\/","url":"https:\/\/paracherkaoui.ma\/index.php\/produit\/somebymi-aha-bha-pha-30-days-miracle-ac-sos-kit\/","name":"SOMEBYMI AHA BHA PHA 30 DAYS MIRACLE AC SOS KIT - Paracherkaoui.ma","isPartOf":{"@id":"https:\/\/paracherkaoui.ma\/#website"},"primaryImageOfPage":{"@id":"https:\/\/paracherkaoui.ma\/index.php\/produit\/somebymi-aha-bha-pha-30-days-miracle-ac-sos-kit\/#primaryimage"},"image":{"@id":"https:\/\/paracherkaoui.ma\/index.php\/produit\/somebymi-aha-bha-pha-30-days-miracle-ac-sos-kit\/#primaryimage"},"thumbnailUrl":"https:\/\/paracherkaoui.ma\/wp-content\/uploads\/2025\/12\/somebymi-somebymi-aha-bha-pha-30-days-miracle-ac-sos-kit-produits-coreens.jpg","datePublished":"2025-12-12T18:25:26+00:00","dateModified":"2025-12-12T18:25:28+00:00","breadcrumb":{"@id":"https:\/\/paracherkaoui.ma\/index.php\/produit\/somebymi-aha-bha-pha-30-days-miracle-ac-sos-kit\/#breadcrumb"},"inLanguage":"fr-FR","potentialAction":[{"@type":"ReadAction","target":["https:\/\/paracherkaoui.ma\/index.php\/produit\/somebymi-aha-bha-pha-30-days-miracle-ac-sos-kit\/"]}]},{"@type":"ImageObject","inLanguage":"fr-FR","@id":"https:\/\/paracherkaoui.ma\/index.php\/produit\/somebymi-aha-bha-pha-30-days-miracle-ac-sos-kit\/#primaryimage","url":"https:\/\/paracherkaoui.ma\/wp-content\/uploads\/2025\/12\/somebymi-somebymi-aha-bha-pha-30-days-miracle-ac-sos-kit-produits-coreens.jpg","contentUrl":"https:\/\/paracherkaoui.ma\/wp-content\/uploads\/2025\/12\/somebymi-somebymi-aha-bha-pha-30-days-miracle-ac-sos-kit-produits-coreens.jpg","width":700,"height":700},{"@type":"BreadcrumbList","@id":"https:\/\/paracherkaoui.ma\/index.php\/produit\/somebymi-aha-bha-pha-30-days-miracle-ac-sos-kit\/#breadcrumb","itemListElement":[{"@type":"ListItem","position":1,"name":"Accueil","item":"https:\/\/paracherkaoui.ma\/"},{"@type":"ListItem","position":2,"name":"Boutique","item":"https:\/\/paracherkaoui.ma\/index.php\/boutique\/"},{"@type":"ListItem","position":3,"name":"SOMEBYMI AHA BHA PHA 30 DAYS MIRACLE AC SOS KIT"}]},{"@type":"WebSite","@id":"https:\/\/paracherkaoui.ma\/#website","url":"https:\/\/paracherkaoui.ma\/","name":"Paracherkaoui.ma","description":"Achetez en ligne sur Paracherkaoui.ma","potentialAction":[{"@type":"SearchAction","target":{"@type":"EntryPoint","urlTemplate":"https:\/\/paracherkaoui.ma\/?s={search_term_string}"},"query-input":{"@type":"PropertyValueSpecification","valueRequired":true,"valueName":"search_term_string"}}],"inLanguage":"fr-FR"}]}},"_links":{"self":[{"href":"https:\/\/paracherkaoui.ma\/index.php\/wp-json\/wp\/v2\/product\/47621","targetHints":{"allow":["GET"]}}],"collection":[{"href":"https:\/\/paracherkaoui.ma\/index.php\/wp-json\/wp\/v2\/product"}],"about":[{"href":"https:\/\/paracherkaoui.ma\/index.php\/wp-json\/wp\/v2\/types\/product"}],"replies":[{"embeddable":true,"href":"https:\/\/paracherkaoui.ma\/index.php\/wp-json\/wp\/v2\/comments?post=47621"}],"version-history":[{"count":1,"href":"https:\/\/paracherkaoui.ma\/index.php\/wp-json\/wp\/v2\/product\/47621\/revisions"}],"predecessor-version":[{"id":47646,"href":"https:\/\/paracherkaoui.ma\/index.php\/wp-json\/wp\/v2\/product\/47621\/revisions\/47646"}],"wp:featuredmedia":[{"embeddable":true,"href":"https:\/\/paracherkaoui.ma\/index.php\/wp-json\/wp\/v2\/media\/47645"}],"wp:attachment":[{"href":"https:\/\/paracherkaoui.ma\/index.php\/wp-json\/wp\/v2\/media?parent=47621"}],"wp:term":[{"taxonomy":"product_brand","embeddable":true,"href":"https:\/\/paracherkaoui.ma\/index.php\/wp-json\/wp\/v2\/product_brand?post=47621"},{"taxonomy":"product_cat","embeddable":true,"href":"https:\/\/paracherkaoui.ma\/index.php\/wp-json\/wp\/v2\/product_cat?post=47621"},{"taxonomy":"product_tag","embeddable":true,"href":"https:\/\/paracherkaoui.ma\/index.php\/wp-json\/wp\/v2\/product_tag?post=47621"}],"curies":[{"name":"wp","href":"https:\/\/api.w.org\/{rel}","templated":true}]}}