{"id":47620,"date":"2025-12-12T19:25:26","date_gmt":"2025-12-12T18:25:26","guid":{"rendered":"https:\/\/test.ecbeaute.com\/?post_type=product&#038;p=47620"},"modified":"2025-12-12T19:25:28","modified_gmt":"2025-12-12T18:25:28","slug":"somebymi-snail-truecica-miracle-repair-starter-kit","status":"publish","type":"product","link":"https:\/\/paracherkaoui.ma\/index.php\/produit\/somebymi-snail-truecica-miracle-repair-starter-kit\/","title":{"rendered":"SOMEBYMI SNAIL TRUECICA MIRACLE REPAIR STARTER KIT"},"content":{"rendered":"<p>Une routine de soins de la peau en 4 \u00e9tapes \u00e0 base d&rsquo;escargot et de Truecica.<br \/>\nFormul\u00e9 avec de l&rsquo;extrait d&rsquo;escargot noir + Truecica pour nourrir et apaiser.<br \/>\nContient 4 produits:<br \/>\nSnail Turecica Miracle Repair low pH Gel Cleanser:<br \/>\nUn nettoyant l\u00e9g\u00e8rement acide qui laisse la peau hydratante apr\u00e8s le nettoyage.<br \/>\nRenforce la barri\u00e8re cutan\u00e9e gr\u00e2ce \u00e0 5 types de c\u00e9ramides, un complexe amin\u00e9 et des peptides.<br \/>\nSnail Truecica Miracle Repair Toner:<br \/>\nContient de la niacinamide pour illuminer la peau.<br \/>\n\u00c9galise la peau avec le complexe floral blanc.<br \/>\nProt\u00e8ge et nourrit la peau avec le Botaniceutical Plus-10 brevet\u00e9.<br \/>\nSnail Truecica Miracle Repair Serum:<br \/>\nApaise la barri\u00e8re cutan\u00e9e avec l\u2019extrait de sauge.<br \/>\nHydrate et prot\u00e8ge la peau avec l\u2019allanto\u00efne.<br \/>\nDissout les cellules mortes de la peau gr\u00e2ce \u00e0 l&rsquo;extrait d&rsquo;\u00e9corce de saule.<br \/>\nSnail Turecica Miracle Repair Cream:<br \/>\nApaise rapidement la peau irrit\u00e9e avec 420,000ppm d\u2019escargot Truecica.<br \/>\nRenforce la barri\u00e8re cutan\u00e9e gr\u00e2ce aux c\u00e9ramides et aux peptides botaniques.<br \/>\nNourrit la peau avec du collag\u00e8ne marin et illumine la peau avec de la niacinamide.<br \/>\nCONSEILS D&rsquo;UTILISATION:<br \/>\n1. Utiliser dans l&rsquo;ordre : Gel Cleanser\u2192Toner\u2192Serum\u2192Cream.<br \/>\n2. Faire mousser une bonne quantit\u00e9 de nettoyant et masser tout le visage en douceur pour le nettoyage, puis rincer \u00e0 l\u2019eau ti\u00e8de.<br \/>\n3. Appliquez une quantit\u00e9 ad\u00e9quate de toner, puis le s\u00e9rum sur l\u2019ensemble du visage et tapotez doucement pour une meilleure absorption.<br \/>\n4. Appliquez une quantit\u00e9 ad\u00e9quate sur l&rsquo;ensemble du visage en suivant la texture de la cr\u00e8me et tapotez doucement pour une meilleure absorption.<\/p>\n","protected":false},"excerpt":{"rendered":"<p>Une routine de soins de la peau en 4 \u00e9tapes \u00e0 base d&rsquo;escargot et de Truecica. Formul\u00e9 avec de l&rsquo;extrait<\/p>\n","protected":false},"featured_media":47643,"comment_status":"open","ping_status":"closed","template":"","meta":[],"product_brand":[],"product_cat":[858],"product_tag":[],"class_list":{"0":"post-47620","1":"product","2":"type-product","3":"status-publish","4":"has-post-thumbnail","6":"product_cat-les-bons-deals","8":"first","9":"instock","10":"shipping-taxable","11":"purchasable","12":"product-type-simple"},"yoast_head":"<!-- This site is optimized with the Yoast SEO plugin v26.6 - https:\/\/yoast.com\/wordpress\/plugins\/seo\/ -->\r\n<title>SOMEBYMI SNAIL TRUECICA MIRACLE REPAIR STARTER KIT - Paracherkaoui.ma<\/title>\r\n<meta name=\"robots\" content=\"index, follow, max-snippet:-1, max-image-preview:large, max-video-preview:-1\" \/>\r\n<link rel=\"canonical\" href=\"https:\/\/paracherkaoui.ma\/index.php\/produit\/somebymi-snail-truecica-miracle-repair-starter-kit\/\" \/>\r\n<meta property=\"og:locale\" content=\"fr_FR\" \/>\r\n<meta property=\"og:type\" content=\"article\" \/>\r\n<meta property=\"og:title\" content=\"SOMEBYMI SNAIL TRUECICA MIRACLE REPAIR STARTER KIT - Paracherkaoui.ma\" \/>\r\n<meta property=\"og:description\" content=\"Une routine de soins de la peau en 4 \u00e9tapes \u00e0 base d&rsquo;escargot et de Truecica. Formul\u00e9 avec de l&rsquo;extrait\" \/>\r\n<meta property=\"og:url\" content=\"https:\/\/paracherkaoui.ma\/index.php\/produit\/somebymi-snail-truecica-miracle-repair-starter-kit\/\" \/>\r\n<meta property=\"og:site_name\" content=\"Paracherkaoui.ma\" \/>\r\n<meta property=\"article:modified_time\" content=\"2025-12-12T18:25:28+00:00\" \/>\r\n<meta property=\"og:image\" content=\"https:\/\/paracherkaoui.ma\/wp-content\/uploads\/2025\/12\/somebymi-somebymi-snail-truecica-miracle-repair-starter-kit-produits-coreens.jpg\" \/>\r\n\t<meta property=\"og:image:width\" content=\"700\" \/>\r\n\t<meta property=\"og:image:height\" content=\"700\" \/>\r\n\t<meta property=\"og:image:type\" content=\"image\/jpeg\" \/>\r\n<meta name=\"twitter:card\" content=\"summary_large_image\" \/>\r\n<meta name=\"twitter:label1\" content=\"Dur\u00e9e de lecture estim\u00e9e\" \/>\n\t<meta name=\"twitter:data1\" content=\"1 minute\" \/>\r\n<script type=\"application\/ld+json\" class=\"yoast-schema-graph\">{\"@context\":\"https:\/\/schema.org\",\"@graph\":[{\"@type\":\"WebPage\",\"@id\":\"https:\/\/paracherkaoui.ma\/index.php\/produit\/somebymi-snail-truecica-miracle-repair-starter-kit\/\",\"url\":\"https:\/\/paracherkaoui.ma\/index.php\/produit\/somebymi-snail-truecica-miracle-repair-starter-kit\/\",\"name\":\"SOMEBYMI SNAIL TRUECICA MIRACLE REPAIR STARTER KIT - Paracherkaoui.ma\",\"isPartOf\":{\"@id\":\"https:\/\/paracherkaoui.ma\/#website\"},\"primaryImageOfPage\":{\"@id\":\"https:\/\/paracherkaoui.ma\/index.php\/produit\/somebymi-snail-truecica-miracle-repair-starter-kit\/#primaryimage\"},\"image\":{\"@id\":\"https:\/\/paracherkaoui.ma\/index.php\/produit\/somebymi-snail-truecica-miracle-repair-starter-kit\/#primaryimage\"},\"thumbnailUrl\":\"https:\/\/paracherkaoui.ma\/wp-content\/uploads\/2025\/12\/somebymi-somebymi-snail-truecica-miracle-repair-starter-kit-produits-coreens.jpg\",\"datePublished\":\"2025-12-12T18:25:26+00:00\",\"dateModified\":\"2025-12-12T18:25:28+00:00\",\"breadcrumb\":{\"@id\":\"https:\/\/paracherkaoui.ma\/index.php\/produit\/somebymi-snail-truecica-miracle-repair-starter-kit\/#breadcrumb\"},\"inLanguage\":\"fr-FR\",\"potentialAction\":[{\"@type\":\"ReadAction\",\"target\":[\"https:\/\/paracherkaoui.ma\/index.php\/produit\/somebymi-snail-truecica-miracle-repair-starter-kit\/\"]}]},{\"@type\":\"ImageObject\",\"inLanguage\":\"fr-FR\",\"@id\":\"https:\/\/paracherkaoui.ma\/index.php\/produit\/somebymi-snail-truecica-miracle-repair-starter-kit\/#primaryimage\",\"url\":\"https:\/\/paracherkaoui.ma\/wp-content\/uploads\/2025\/12\/somebymi-somebymi-snail-truecica-miracle-repair-starter-kit-produits-coreens.jpg\",\"contentUrl\":\"https:\/\/paracherkaoui.ma\/wp-content\/uploads\/2025\/12\/somebymi-somebymi-snail-truecica-miracle-repair-starter-kit-produits-coreens.jpg\",\"width\":700,\"height\":700},{\"@type\":\"BreadcrumbList\",\"@id\":\"https:\/\/paracherkaoui.ma\/index.php\/produit\/somebymi-snail-truecica-miracle-repair-starter-kit\/#breadcrumb\",\"itemListElement\":[{\"@type\":\"ListItem\",\"position\":1,\"name\":\"Accueil\",\"item\":\"https:\/\/paracherkaoui.ma\/\"},{\"@type\":\"ListItem\",\"position\":2,\"name\":\"Boutique\",\"item\":\"https:\/\/paracherkaoui.ma\/index.php\/boutique\/\"},{\"@type\":\"ListItem\",\"position\":3,\"name\":\"SOMEBYMI SNAIL TRUECICA MIRACLE REPAIR STARTER KIT\"}]},{\"@type\":\"WebSite\",\"@id\":\"https:\/\/paracherkaoui.ma\/#website\",\"url\":\"https:\/\/paracherkaoui.ma\/\",\"name\":\"Paracherkaoui.ma\",\"description\":\"Achetez en ligne sur Paracherkaoui.ma\",\"potentialAction\":[{\"@type\":\"SearchAction\",\"target\":{\"@type\":\"EntryPoint\",\"urlTemplate\":\"https:\/\/paracherkaoui.ma\/?s={search_term_string}\"},\"query-input\":{\"@type\":\"PropertyValueSpecification\",\"valueRequired\":true,\"valueName\":\"search_term_string\"}}],\"inLanguage\":\"fr-FR\"}]}<\/script>\r\n<!-- \/ Yoast SEO plugin. -->","yoast_head_json":{"title":"SOMEBYMI SNAIL TRUECICA MIRACLE REPAIR STARTER KIT - Paracherkaoui.ma","robots":{"index":"index","follow":"follow","max-snippet":"max-snippet:-1","max-image-preview":"max-image-preview:large","max-video-preview":"max-video-preview:-1"},"canonical":"https:\/\/paracherkaoui.ma\/index.php\/produit\/somebymi-snail-truecica-miracle-repair-starter-kit\/","og_locale":"fr_FR","og_type":"article","og_title":"SOMEBYMI SNAIL TRUECICA MIRACLE REPAIR STARTER KIT - Paracherkaoui.ma","og_description":"Une routine de soins de la peau en 4 \u00e9tapes \u00e0 base d&rsquo;escargot et de Truecica. Formul\u00e9 avec de l&rsquo;extrait","og_url":"https:\/\/paracherkaoui.ma\/index.php\/produit\/somebymi-snail-truecica-miracle-repair-starter-kit\/","og_site_name":"Paracherkaoui.ma","article_modified_time":"2025-12-12T18:25:28+00:00","og_image":[{"width":700,"height":700,"url":"https:\/\/paracherkaoui.ma\/wp-content\/uploads\/2025\/12\/somebymi-somebymi-snail-truecica-miracle-repair-starter-kit-produits-coreens.jpg","type":"image\/jpeg"}],"twitter_card":"summary_large_image","twitter_misc":{"Dur\u00e9e de lecture estim\u00e9e":"1 minute"},"schema":{"@context":"https:\/\/schema.org","@graph":[{"@type":"WebPage","@id":"https:\/\/paracherkaoui.ma\/index.php\/produit\/somebymi-snail-truecica-miracle-repair-starter-kit\/","url":"https:\/\/paracherkaoui.ma\/index.php\/produit\/somebymi-snail-truecica-miracle-repair-starter-kit\/","name":"SOMEBYMI SNAIL TRUECICA MIRACLE REPAIR STARTER KIT - Paracherkaoui.ma","isPartOf":{"@id":"https:\/\/paracherkaoui.ma\/#website"},"primaryImageOfPage":{"@id":"https:\/\/paracherkaoui.ma\/index.php\/produit\/somebymi-snail-truecica-miracle-repair-starter-kit\/#primaryimage"},"image":{"@id":"https:\/\/paracherkaoui.ma\/index.php\/produit\/somebymi-snail-truecica-miracle-repair-starter-kit\/#primaryimage"},"thumbnailUrl":"https:\/\/paracherkaoui.ma\/wp-content\/uploads\/2025\/12\/somebymi-somebymi-snail-truecica-miracle-repair-starter-kit-produits-coreens.jpg","datePublished":"2025-12-12T18:25:26+00:00","dateModified":"2025-12-12T18:25:28+00:00","breadcrumb":{"@id":"https:\/\/paracherkaoui.ma\/index.php\/produit\/somebymi-snail-truecica-miracle-repair-starter-kit\/#breadcrumb"},"inLanguage":"fr-FR","potentialAction":[{"@type":"ReadAction","target":["https:\/\/paracherkaoui.ma\/index.php\/produit\/somebymi-snail-truecica-miracle-repair-starter-kit\/"]}]},{"@type":"ImageObject","inLanguage":"fr-FR","@id":"https:\/\/paracherkaoui.ma\/index.php\/produit\/somebymi-snail-truecica-miracle-repair-starter-kit\/#primaryimage","url":"https:\/\/paracherkaoui.ma\/wp-content\/uploads\/2025\/12\/somebymi-somebymi-snail-truecica-miracle-repair-starter-kit-produits-coreens.jpg","contentUrl":"https:\/\/paracherkaoui.ma\/wp-content\/uploads\/2025\/12\/somebymi-somebymi-snail-truecica-miracle-repair-starter-kit-produits-coreens.jpg","width":700,"height":700},{"@type":"BreadcrumbList","@id":"https:\/\/paracherkaoui.ma\/index.php\/produit\/somebymi-snail-truecica-miracle-repair-starter-kit\/#breadcrumb","itemListElement":[{"@type":"ListItem","position":1,"name":"Accueil","item":"https:\/\/paracherkaoui.ma\/"},{"@type":"ListItem","position":2,"name":"Boutique","item":"https:\/\/paracherkaoui.ma\/index.php\/boutique\/"},{"@type":"ListItem","position":3,"name":"SOMEBYMI SNAIL TRUECICA MIRACLE REPAIR STARTER KIT"}]},{"@type":"WebSite","@id":"https:\/\/paracherkaoui.ma\/#website","url":"https:\/\/paracherkaoui.ma\/","name":"Paracherkaoui.ma","description":"Achetez en ligne sur Paracherkaoui.ma","potentialAction":[{"@type":"SearchAction","target":{"@type":"EntryPoint","urlTemplate":"https:\/\/paracherkaoui.ma\/?s={search_term_string}"},"query-input":{"@type":"PropertyValueSpecification","valueRequired":true,"valueName":"search_term_string"}}],"inLanguage":"fr-FR"}]}},"_links":{"self":[{"href":"https:\/\/paracherkaoui.ma\/index.php\/wp-json\/wp\/v2\/product\/47620","targetHints":{"allow":["GET"]}}],"collection":[{"href":"https:\/\/paracherkaoui.ma\/index.php\/wp-json\/wp\/v2\/product"}],"about":[{"href":"https:\/\/paracherkaoui.ma\/index.php\/wp-json\/wp\/v2\/types\/product"}],"replies":[{"embeddable":true,"href":"https:\/\/paracherkaoui.ma\/index.php\/wp-json\/wp\/v2\/comments?post=47620"}],"version-history":[{"count":1,"href":"https:\/\/paracherkaoui.ma\/index.php\/wp-json\/wp\/v2\/product\/47620\/revisions"}],"predecessor-version":[{"id":47644,"href":"https:\/\/paracherkaoui.ma\/index.php\/wp-json\/wp\/v2\/product\/47620\/revisions\/47644"}],"wp:featuredmedia":[{"embeddable":true,"href":"https:\/\/paracherkaoui.ma\/index.php\/wp-json\/wp\/v2\/media\/47643"}],"wp:attachment":[{"href":"https:\/\/paracherkaoui.ma\/index.php\/wp-json\/wp\/v2\/media?parent=47620"}],"wp:term":[{"taxonomy":"product_brand","embeddable":true,"href":"https:\/\/paracherkaoui.ma\/index.php\/wp-json\/wp\/v2\/product_brand?post=47620"},{"taxonomy":"product_cat","embeddable":true,"href":"https:\/\/paracherkaoui.ma\/index.php\/wp-json\/wp\/v2\/product_cat?post=47620"},{"taxonomy":"product_tag","embeddable":true,"href":"https:\/\/paracherkaoui.ma\/index.php\/wp-json\/wp\/v2\/product_tag?post=47620"}],"curies":[{"name":"wp","href":"https:\/\/api.w.org\/{rel}","templated":true}]}}