{"id":47619,"date":"2025-12-12T19:25:26","date_gmt":"2025-12-12T18:25:26","guid":{"rendered":"https:\/\/test.ecbeaute.com\/?post_type=product&#038;p=47619"},"modified":"2025-12-12T19:25:28","modified_gmt":"2025-12-12T18:25:28","slug":"somebymi-yuja-niacin-anti-blemish-starter-kit","status":"publish","type":"product","link":"https:\/\/paracherkaoui.ma\/index.php\/produit\/somebymi-yuja-niacin-anti-blemish-starter-kit\/","title":{"rendered":"SOMEBYMI YUJA NIACIN ANTI BLEMISH STARTER KIT"},"content":{"rendered":"<p>Ce pack contient 4 produits:<br \/>\nYUJA NIACIN BRIGHTENING ALL-IN-ONE CLEANSER :<br \/>\nContient 11% d&rsquo;extrait de citron cor\u00e9en et 1 PPM Niacinamide.<br \/>\nCe gel nettoyant faiblement acide \u00e0 base de niacinamide et d&rsquo;extrait de yuja, hypoallerg\u00e9nique et tout-en-un, \u00e9claircit le teint et \u00e9limine en profondeur les impuret\u00e9s, m\u00eame le maquillage.<br \/>\nYUJA NIACIN 30 DAYS MIRACLE BRIGHTENING TONER :<br \/>\nContient 90% de l\u2019extrait de Yuja et des ingr\u00e9dients fonctionnels \u00e9claircissants (niacinamide).<br \/>\nToner aux extraits vitaminiques pour un teint clair et propre.<br \/>\nYUJA NIACIN ANTI BELMISH SERUM :<br \/>\nContient 83% d\u2019extrait de Yuja et 10% de Niacinamide<br \/>\nTraitement des taches de rousseur.<br \/>\nYUJA NIACIN ANTI BELMISH CREAM :<br \/>\nContient 70% d\u2019extrait de Yuja et 5% de Niacinamide.<br \/>\nUne cr\u00e8me contenant 5% de niacinamide et de l&rsquo;extrait de yuja qui soigne intens\u00e9ment les taches brunes apr\u00e8s les troubles et hydrate la peau. l&rsquo;hydratation de la peau.<br \/>\nCONSEILS D&rsquo;UTILISATION:<br \/>\n1. Utiliser dans l&rsquo;ordre suivant : all-in-one \u2192 toner\u2192 s\u00e9rum \u2192 cr\u00e8me.<br \/>\n2. Faire mousser d\u00e9licatement une petite quantit\u00e9 de all-in-one dans les mains humidifi\u00e9es et appliquer sur le visage humidifi\u00e9. Masser d\u00e9licatement la peau et rincer \u00e0 l&rsquo;eau ti\u00e8de.<br \/>\n3. Pr\u00e9lever une quantit\u00e9 suffisante de toner et l&rsquo;\u00e9taler uniform\u00e9ment sur la peau.<br \/>\n4. Pr\u00e9lever une quantit\u00e9 suffisante de s\u00e9rum et l&rsquo;\u00e9taler uniform\u00e9ment sur la peau.<br \/>\n5. Pr\u00e9lever une quantit\u00e9 suffisante de cr\u00e8me et l&rsquo;\u00e9taler uniform\u00e9ment sur la peau<\/p>\n","protected":false},"excerpt":{"rendered":"<p>Ce pack contient 4 produits: YUJA NIACIN BRIGHTENING ALL-IN-ONE CLEANSER : Contient 11% d&rsquo;extrait de citron cor\u00e9en et 1 PPM<\/p>\n","protected":false},"featured_media":47641,"comment_status":"open","ping_status":"closed","template":"","meta":[],"product_brand":[],"product_cat":[858],"product_tag":[],"class_list":{"0":"post-47619","1":"product","2":"type-product","3":"status-publish","4":"has-post-thumbnail","6":"product_cat-les-bons-deals","8":"first","9":"instock","10":"shipping-taxable","11":"purchasable","12":"product-type-simple"},"yoast_head":"<!-- This site is optimized with the Yoast SEO plugin v26.6 - https:\/\/yoast.com\/wordpress\/plugins\/seo\/ -->\r\n<title>SOMEBYMI YUJA NIACIN ANTI BLEMISH STARTER KIT - Paracherkaoui.ma<\/title>\r\n<meta name=\"robots\" content=\"index, follow, max-snippet:-1, max-image-preview:large, max-video-preview:-1\" \/>\r\n<link rel=\"canonical\" href=\"https:\/\/paracherkaoui.ma\/index.php\/produit\/somebymi-yuja-niacin-anti-blemish-starter-kit\/\" \/>\r\n<meta property=\"og:locale\" content=\"fr_FR\" \/>\r\n<meta property=\"og:type\" content=\"article\" \/>\r\n<meta property=\"og:title\" content=\"SOMEBYMI YUJA NIACIN ANTI BLEMISH STARTER KIT - Paracherkaoui.ma\" \/>\r\n<meta property=\"og:description\" content=\"Ce pack contient 4 produits: YUJA NIACIN BRIGHTENING ALL-IN-ONE CLEANSER : Contient 11% d&rsquo;extrait de citron cor\u00e9en et 1 PPM\" \/>\r\n<meta property=\"og:url\" content=\"https:\/\/paracherkaoui.ma\/index.php\/produit\/somebymi-yuja-niacin-anti-blemish-starter-kit\/\" \/>\r\n<meta property=\"og:site_name\" content=\"Paracherkaoui.ma\" \/>\r\n<meta property=\"article:modified_time\" content=\"2025-12-12T18:25:28+00:00\" \/>\r\n<meta property=\"og:image\" content=\"https:\/\/paracherkaoui.ma\/wp-content\/uploads\/2025\/12\/somebymi-somebymi-yuja-niacin-anti-blemish-starter-kit-produits-coreens.jpg\" \/>\r\n\t<meta property=\"og:image:width\" content=\"700\" \/>\r\n\t<meta property=\"og:image:height\" content=\"700\" \/>\r\n\t<meta property=\"og:image:type\" content=\"image\/jpeg\" \/>\r\n<meta name=\"twitter:card\" content=\"summary_large_image\" \/>\r\n<meta name=\"twitter:label1\" content=\"Dur\u00e9e de lecture estim\u00e9e\" \/>\n\t<meta name=\"twitter:data1\" content=\"1 minute\" \/>\r\n<script type=\"application\/ld+json\" class=\"yoast-schema-graph\">{\"@context\":\"https:\/\/schema.org\",\"@graph\":[{\"@type\":\"WebPage\",\"@id\":\"https:\/\/paracherkaoui.ma\/index.php\/produit\/somebymi-yuja-niacin-anti-blemish-starter-kit\/\",\"url\":\"https:\/\/paracherkaoui.ma\/index.php\/produit\/somebymi-yuja-niacin-anti-blemish-starter-kit\/\",\"name\":\"SOMEBYMI YUJA NIACIN ANTI BLEMISH STARTER KIT - Paracherkaoui.ma\",\"isPartOf\":{\"@id\":\"https:\/\/paracherkaoui.ma\/#website\"},\"primaryImageOfPage\":{\"@id\":\"https:\/\/paracherkaoui.ma\/index.php\/produit\/somebymi-yuja-niacin-anti-blemish-starter-kit\/#primaryimage\"},\"image\":{\"@id\":\"https:\/\/paracherkaoui.ma\/index.php\/produit\/somebymi-yuja-niacin-anti-blemish-starter-kit\/#primaryimage\"},\"thumbnailUrl\":\"https:\/\/paracherkaoui.ma\/wp-content\/uploads\/2025\/12\/somebymi-somebymi-yuja-niacin-anti-blemish-starter-kit-produits-coreens.jpg\",\"datePublished\":\"2025-12-12T18:25:26+00:00\",\"dateModified\":\"2025-12-12T18:25:28+00:00\",\"breadcrumb\":{\"@id\":\"https:\/\/paracherkaoui.ma\/index.php\/produit\/somebymi-yuja-niacin-anti-blemish-starter-kit\/#breadcrumb\"},\"inLanguage\":\"fr-FR\",\"potentialAction\":[{\"@type\":\"ReadAction\",\"target\":[\"https:\/\/paracherkaoui.ma\/index.php\/produit\/somebymi-yuja-niacin-anti-blemish-starter-kit\/\"]}]},{\"@type\":\"ImageObject\",\"inLanguage\":\"fr-FR\",\"@id\":\"https:\/\/paracherkaoui.ma\/index.php\/produit\/somebymi-yuja-niacin-anti-blemish-starter-kit\/#primaryimage\",\"url\":\"https:\/\/paracherkaoui.ma\/wp-content\/uploads\/2025\/12\/somebymi-somebymi-yuja-niacin-anti-blemish-starter-kit-produits-coreens.jpg\",\"contentUrl\":\"https:\/\/paracherkaoui.ma\/wp-content\/uploads\/2025\/12\/somebymi-somebymi-yuja-niacin-anti-blemish-starter-kit-produits-coreens.jpg\",\"width\":700,\"height\":700},{\"@type\":\"BreadcrumbList\",\"@id\":\"https:\/\/paracherkaoui.ma\/index.php\/produit\/somebymi-yuja-niacin-anti-blemish-starter-kit\/#breadcrumb\",\"itemListElement\":[{\"@type\":\"ListItem\",\"position\":1,\"name\":\"Accueil\",\"item\":\"https:\/\/paracherkaoui.ma\/\"},{\"@type\":\"ListItem\",\"position\":2,\"name\":\"Boutique\",\"item\":\"https:\/\/paracherkaoui.ma\/index.php\/boutique\/\"},{\"@type\":\"ListItem\",\"position\":3,\"name\":\"SOMEBYMI YUJA NIACIN ANTI BLEMISH STARTER KIT\"}]},{\"@type\":\"WebSite\",\"@id\":\"https:\/\/paracherkaoui.ma\/#website\",\"url\":\"https:\/\/paracherkaoui.ma\/\",\"name\":\"Paracherkaoui.ma\",\"description\":\"Achetez en ligne sur Paracherkaoui.ma\",\"potentialAction\":[{\"@type\":\"SearchAction\",\"target\":{\"@type\":\"EntryPoint\",\"urlTemplate\":\"https:\/\/paracherkaoui.ma\/?s={search_term_string}\"},\"query-input\":{\"@type\":\"PropertyValueSpecification\",\"valueRequired\":true,\"valueName\":\"search_term_string\"}}],\"inLanguage\":\"fr-FR\"}]}<\/script>\r\n<!-- \/ Yoast SEO plugin. -->","yoast_head_json":{"title":"SOMEBYMI YUJA NIACIN ANTI BLEMISH STARTER KIT - Paracherkaoui.ma","robots":{"index":"index","follow":"follow","max-snippet":"max-snippet:-1","max-image-preview":"max-image-preview:large","max-video-preview":"max-video-preview:-1"},"canonical":"https:\/\/paracherkaoui.ma\/index.php\/produit\/somebymi-yuja-niacin-anti-blemish-starter-kit\/","og_locale":"fr_FR","og_type":"article","og_title":"SOMEBYMI YUJA NIACIN ANTI BLEMISH STARTER KIT - Paracherkaoui.ma","og_description":"Ce pack contient 4 produits: YUJA NIACIN BRIGHTENING ALL-IN-ONE CLEANSER : Contient 11% d&rsquo;extrait de citron cor\u00e9en et 1 PPM","og_url":"https:\/\/paracherkaoui.ma\/index.php\/produit\/somebymi-yuja-niacin-anti-blemish-starter-kit\/","og_site_name":"Paracherkaoui.ma","article_modified_time":"2025-12-12T18:25:28+00:00","og_image":[{"width":700,"height":700,"url":"https:\/\/paracherkaoui.ma\/wp-content\/uploads\/2025\/12\/somebymi-somebymi-yuja-niacin-anti-blemish-starter-kit-produits-coreens.jpg","type":"image\/jpeg"}],"twitter_card":"summary_large_image","twitter_misc":{"Dur\u00e9e de lecture estim\u00e9e":"1 minute"},"schema":{"@context":"https:\/\/schema.org","@graph":[{"@type":"WebPage","@id":"https:\/\/paracherkaoui.ma\/index.php\/produit\/somebymi-yuja-niacin-anti-blemish-starter-kit\/","url":"https:\/\/paracherkaoui.ma\/index.php\/produit\/somebymi-yuja-niacin-anti-blemish-starter-kit\/","name":"SOMEBYMI YUJA NIACIN ANTI BLEMISH STARTER KIT - Paracherkaoui.ma","isPartOf":{"@id":"https:\/\/paracherkaoui.ma\/#website"},"primaryImageOfPage":{"@id":"https:\/\/paracherkaoui.ma\/index.php\/produit\/somebymi-yuja-niacin-anti-blemish-starter-kit\/#primaryimage"},"image":{"@id":"https:\/\/paracherkaoui.ma\/index.php\/produit\/somebymi-yuja-niacin-anti-blemish-starter-kit\/#primaryimage"},"thumbnailUrl":"https:\/\/paracherkaoui.ma\/wp-content\/uploads\/2025\/12\/somebymi-somebymi-yuja-niacin-anti-blemish-starter-kit-produits-coreens.jpg","datePublished":"2025-12-12T18:25:26+00:00","dateModified":"2025-12-12T18:25:28+00:00","breadcrumb":{"@id":"https:\/\/paracherkaoui.ma\/index.php\/produit\/somebymi-yuja-niacin-anti-blemish-starter-kit\/#breadcrumb"},"inLanguage":"fr-FR","potentialAction":[{"@type":"ReadAction","target":["https:\/\/paracherkaoui.ma\/index.php\/produit\/somebymi-yuja-niacin-anti-blemish-starter-kit\/"]}]},{"@type":"ImageObject","inLanguage":"fr-FR","@id":"https:\/\/paracherkaoui.ma\/index.php\/produit\/somebymi-yuja-niacin-anti-blemish-starter-kit\/#primaryimage","url":"https:\/\/paracherkaoui.ma\/wp-content\/uploads\/2025\/12\/somebymi-somebymi-yuja-niacin-anti-blemish-starter-kit-produits-coreens.jpg","contentUrl":"https:\/\/paracherkaoui.ma\/wp-content\/uploads\/2025\/12\/somebymi-somebymi-yuja-niacin-anti-blemish-starter-kit-produits-coreens.jpg","width":700,"height":700},{"@type":"BreadcrumbList","@id":"https:\/\/paracherkaoui.ma\/index.php\/produit\/somebymi-yuja-niacin-anti-blemish-starter-kit\/#breadcrumb","itemListElement":[{"@type":"ListItem","position":1,"name":"Accueil","item":"https:\/\/paracherkaoui.ma\/"},{"@type":"ListItem","position":2,"name":"Boutique","item":"https:\/\/paracherkaoui.ma\/index.php\/boutique\/"},{"@type":"ListItem","position":3,"name":"SOMEBYMI YUJA NIACIN ANTI BLEMISH STARTER KIT"}]},{"@type":"WebSite","@id":"https:\/\/paracherkaoui.ma\/#website","url":"https:\/\/paracherkaoui.ma\/","name":"Paracherkaoui.ma","description":"Achetez en ligne sur Paracherkaoui.ma","potentialAction":[{"@type":"SearchAction","target":{"@type":"EntryPoint","urlTemplate":"https:\/\/paracherkaoui.ma\/?s={search_term_string}"},"query-input":{"@type":"PropertyValueSpecification","valueRequired":true,"valueName":"search_term_string"}}],"inLanguage":"fr-FR"}]}},"_links":{"self":[{"href":"https:\/\/paracherkaoui.ma\/index.php\/wp-json\/wp\/v2\/product\/47619","targetHints":{"allow":["GET"]}}],"collection":[{"href":"https:\/\/paracherkaoui.ma\/index.php\/wp-json\/wp\/v2\/product"}],"about":[{"href":"https:\/\/paracherkaoui.ma\/index.php\/wp-json\/wp\/v2\/types\/product"}],"replies":[{"embeddable":true,"href":"https:\/\/paracherkaoui.ma\/index.php\/wp-json\/wp\/v2\/comments?post=47619"}],"version-history":[{"count":1,"href":"https:\/\/paracherkaoui.ma\/index.php\/wp-json\/wp\/v2\/product\/47619\/revisions"}],"predecessor-version":[{"id":47642,"href":"https:\/\/paracherkaoui.ma\/index.php\/wp-json\/wp\/v2\/product\/47619\/revisions\/47642"}],"wp:featuredmedia":[{"embeddable":true,"href":"https:\/\/paracherkaoui.ma\/index.php\/wp-json\/wp\/v2\/media\/47641"}],"wp:attachment":[{"href":"https:\/\/paracherkaoui.ma\/index.php\/wp-json\/wp\/v2\/media?parent=47619"}],"wp:term":[{"taxonomy":"product_brand","embeddable":true,"href":"https:\/\/paracherkaoui.ma\/index.php\/wp-json\/wp\/v2\/product_brand?post=47619"},{"taxonomy":"product_cat","embeddable":true,"href":"https:\/\/paracherkaoui.ma\/index.php\/wp-json\/wp\/v2\/product_cat?post=47619"},{"taxonomy":"product_tag","embeddable":true,"href":"https:\/\/paracherkaoui.ma\/index.php\/wp-json\/wp\/v2\/product_tag?post=47619"}],"curies":[{"name":"wp","href":"https:\/\/api.w.org\/{rel}","templated":true}]}}