{"id":47534,"date":"2025-12-12T19:25:07","date_gmt":"2025-12-12T18:25:07","guid":{"rendered":"https:\/\/test.ecbeaute.com\/?post_type=product&#038;p=47534"},"modified":"2025-12-12T19:25:10","modified_gmt":"2025-12-12T18:25:10","slug":"gilbert-coffret-essentiels-nouveau-nee","status":"publish","type":"product","link":"https:\/\/paracherkaoui.ma\/index.php\/produit\/gilbert-coffret-essentiels-nouveau-nee\/","title":{"rendered":"GILBERT COFFRET ESSENTIELS NOUVEAU NEE"},"content":{"rendered":"<p>Gilbert Essentiels nouveau-n\u00e9 Pack est con\u00e7u sp\u00e9cialement pour les nouveau-n\u00e9s avec des produits de la plus haute qualit\u00e9. Il contient des nettoyants de haute qualit\u00e9 sans paraben, sans sulfates, sans parfums ou colorants artificiels, sans huile min\u00e9rale, sans silicones ni huiles synth\u00e9tiques. Avec des ingr\u00e9dients s\u00fbrs et naturels pour la peau:<br \/>\nLe pack comprend:<br \/>\nGel nettoyant douceur 3 en 1 200 ml:<br \/>\nLe Gel Nettoyant Douceur 3-en-1 est un gel lavant b\u00e9b\u00e9 qui prot\u00e8ge la peau et le cuir chevelu d\u00e9licats des b\u00e9b\u00e9s gr\u00e2ce \u00e0 sa formule haute tol\u00e9rance1 au pH neutre. Il compense les effets dess\u00e9chants du bain pour une peau adoucie et des cheveux doux et soyeux, faciles \u00e0 d\u00e9m\u00ealer<br \/>\nEau nettoyante douceur 3en 1 200 ml :<br \/>\nEau Nettoyante Douceur 3-en-1 nettoie en un seul geste le visage, le corps &#038; le si\u00e8ge des b\u00e9b\u00e9s, sans fini collant sur la peau.<br \/>\nBaume relipidant 200 ml :<br \/>\nLe Baume Relipidant est une cr\u00e8me anti-d\u00e9mangeaison, anti-dess\u00e8chement et anti-tiraillement pour le visage et le corps. Il apaise imm\u00e9diatement la peau, la nourrit intens\u00e9ment et diminue les s\u00e9cheresses s\u00e9v\u00e8res.<br \/>\nLiniment oleo calcaire 480 ml :<br \/>\nLe Liniment Ol\u00e9o-Calcaire est un produit naturel con\u00e7u pour nettoyer la peau des fesses des b\u00e9b\u00e9s, Gr\u00e2ce \u00e0 sa formule sans conservateur, il limite les risques d&rsquo;allergie et convient pour tout type d&rsquo;\u00e9piderme, m\u00eame les plus sensibles<br \/>\nPHY s\u00e9rum physiologique 10*5 ml :<br \/>\nLe s\u00e9rum physiologique Phy b\u00e9b\u00e9 est une solution nasale et ophtalmique qui convient aussi bien pour les soin des b\u00e9b\u00e9s que des adultes. Le s\u00e9rum physiologique permet le lavage des fosses nasales et peut \u00e9galement \u00eatre utilis\u00e9 pour l&rsquo;hygi\u00e8ne des yeux<br \/>\nCarres de soin<br \/>\n+ Sac Gilbert cadeau<\/p>\n","protected":false},"excerpt":{"rendered":"<p>Gilbert Essentiels nouveau-n\u00e9 Pack est con\u00e7u sp\u00e9cialement pour les nouveau-n\u00e9s avec des produits de la plus haute qualit\u00e9. Il contient<\/p>\n","protected":false},"featured_media":47565,"comment_status":"open","ping_status":"closed","template":"","meta":[],"product_brand":[200],"product_cat":[858],"product_tag":[],"class_list":{"0":"post-47534","1":"product","2":"type-product","3":"status-publish","4":"has-post-thumbnail","6":"product_brand-gilbert","7":"product_cat-les-bons-deals","9":"first","10":"instock","11":"sale","12":"shipping-taxable","13":"purchasable","14":"product-type-simple"},"yoast_head":"<!-- This site is optimized with the Yoast SEO plugin v26.6 - https:\/\/yoast.com\/wordpress\/plugins\/seo\/ -->\r\n<title>GILBERT COFFRET ESSENTIELS NOUVEAU NEE - Paracherkaoui.ma<\/title>\r\n<meta name=\"robots\" content=\"index, follow, max-snippet:-1, max-image-preview:large, max-video-preview:-1\" \/>\r\n<link rel=\"canonical\" href=\"https:\/\/paracherkaoui.ma\/index.php\/produit\/gilbert-coffret-essentiels-nouveau-nee\/\" \/>\r\n<meta property=\"og:locale\" content=\"fr_FR\" \/>\r\n<meta property=\"og:type\" content=\"article\" \/>\r\n<meta property=\"og:title\" content=\"GILBERT COFFRET ESSENTIELS NOUVEAU NEE - Paracherkaoui.ma\" \/>\r\n<meta property=\"og:description\" content=\"Gilbert Essentiels nouveau-n\u00e9 Pack est con\u00e7u sp\u00e9cialement pour les nouveau-n\u00e9s avec des produits de la plus haute qualit\u00e9. Il contient\" \/>\r\n<meta property=\"og:url\" content=\"https:\/\/paracherkaoui.ma\/index.php\/produit\/gilbert-coffret-essentiels-nouveau-nee\/\" \/>\r\n<meta property=\"og:site_name\" content=\"Paracherkaoui.ma\" \/>\r\n<meta property=\"article:modified_time\" content=\"2025-12-12T18:25:10+00:00\" \/>\r\n<meta property=\"og:image\" content=\"https:\/\/paracherkaoui.ma\/wp-content\/uploads\/2025\/12\/gilbert-coffret-essentiels-nouveau-nee.jpg\" \/>\r\n\t<meta property=\"og:image:width\" content=\"700\" \/>\r\n\t<meta property=\"og:image:height\" content=\"700\" \/>\r\n\t<meta property=\"og:image:type\" content=\"image\/jpeg\" \/>\r\n<meta name=\"twitter:card\" content=\"summary_large_image\" \/>\r\n<meta name=\"twitter:label1\" content=\"Dur\u00e9e de lecture estim\u00e9e\" \/>\n\t<meta name=\"twitter:data1\" content=\"2 minutes\" \/>\r\n<script type=\"application\/ld+json\" class=\"yoast-schema-graph\">{\"@context\":\"https:\/\/schema.org\",\"@graph\":[{\"@type\":\"WebPage\",\"@id\":\"https:\/\/paracherkaoui.ma\/index.php\/produit\/gilbert-coffret-essentiels-nouveau-nee\/\",\"url\":\"https:\/\/paracherkaoui.ma\/index.php\/produit\/gilbert-coffret-essentiels-nouveau-nee\/\",\"name\":\"GILBERT COFFRET ESSENTIELS NOUVEAU NEE - Paracherkaoui.ma\",\"isPartOf\":{\"@id\":\"https:\/\/paracherkaoui.ma\/#website\"},\"primaryImageOfPage\":{\"@id\":\"https:\/\/paracherkaoui.ma\/index.php\/produit\/gilbert-coffret-essentiels-nouveau-nee\/#primaryimage\"},\"image\":{\"@id\":\"https:\/\/paracherkaoui.ma\/index.php\/produit\/gilbert-coffret-essentiels-nouveau-nee\/#primaryimage\"},\"thumbnailUrl\":\"https:\/\/paracherkaoui.ma\/wp-content\/uploads\/2025\/12\/gilbert-coffret-essentiels-nouveau-nee.jpg\",\"datePublished\":\"2025-12-12T18:25:07+00:00\",\"dateModified\":\"2025-12-12T18:25:10+00:00\",\"breadcrumb\":{\"@id\":\"https:\/\/paracherkaoui.ma\/index.php\/produit\/gilbert-coffret-essentiels-nouveau-nee\/#breadcrumb\"},\"inLanguage\":\"fr-FR\",\"potentialAction\":[{\"@type\":\"ReadAction\",\"target\":[\"https:\/\/paracherkaoui.ma\/index.php\/produit\/gilbert-coffret-essentiels-nouveau-nee\/\"]}]},{\"@type\":\"ImageObject\",\"inLanguage\":\"fr-FR\",\"@id\":\"https:\/\/paracherkaoui.ma\/index.php\/produit\/gilbert-coffret-essentiels-nouveau-nee\/#primaryimage\",\"url\":\"https:\/\/paracherkaoui.ma\/wp-content\/uploads\/2025\/12\/gilbert-coffret-essentiels-nouveau-nee.jpg\",\"contentUrl\":\"https:\/\/paracherkaoui.ma\/wp-content\/uploads\/2025\/12\/gilbert-coffret-essentiels-nouveau-nee.jpg\",\"width\":700,\"height\":700},{\"@type\":\"BreadcrumbList\",\"@id\":\"https:\/\/paracherkaoui.ma\/index.php\/produit\/gilbert-coffret-essentiels-nouveau-nee\/#breadcrumb\",\"itemListElement\":[{\"@type\":\"ListItem\",\"position\":1,\"name\":\"Accueil\",\"item\":\"https:\/\/paracherkaoui.ma\/\"},{\"@type\":\"ListItem\",\"position\":2,\"name\":\"Boutique\",\"item\":\"https:\/\/paracherkaoui.ma\/index.php\/boutique\/\"},{\"@type\":\"ListItem\",\"position\":3,\"name\":\"GILBERT COFFRET ESSENTIELS NOUVEAU NEE\"}]},{\"@type\":\"WebSite\",\"@id\":\"https:\/\/paracherkaoui.ma\/#website\",\"url\":\"https:\/\/paracherkaoui.ma\/\",\"name\":\"Paracherkaoui.ma\",\"description\":\"Achetez en ligne sur Paracherkaoui.ma\",\"potentialAction\":[{\"@type\":\"SearchAction\",\"target\":{\"@type\":\"EntryPoint\",\"urlTemplate\":\"https:\/\/paracherkaoui.ma\/?s={search_term_string}\"},\"query-input\":{\"@type\":\"PropertyValueSpecification\",\"valueRequired\":true,\"valueName\":\"search_term_string\"}}],\"inLanguage\":\"fr-FR\"}]}<\/script>\r\n<!-- \/ Yoast SEO plugin. -->","yoast_head_json":{"title":"GILBERT COFFRET ESSENTIELS NOUVEAU NEE - Paracherkaoui.ma","robots":{"index":"index","follow":"follow","max-snippet":"max-snippet:-1","max-image-preview":"max-image-preview:large","max-video-preview":"max-video-preview:-1"},"canonical":"https:\/\/paracherkaoui.ma\/index.php\/produit\/gilbert-coffret-essentiels-nouveau-nee\/","og_locale":"fr_FR","og_type":"article","og_title":"GILBERT COFFRET ESSENTIELS NOUVEAU NEE - Paracherkaoui.ma","og_description":"Gilbert Essentiels nouveau-n\u00e9 Pack est con\u00e7u sp\u00e9cialement pour les nouveau-n\u00e9s avec des produits de la plus haute qualit\u00e9. Il contient","og_url":"https:\/\/paracherkaoui.ma\/index.php\/produit\/gilbert-coffret-essentiels-nouveau-nee\/","og_site_name":"Paracherkaoui.ma","article_modified_time":"2025-12-12T18:25:10+00:00","og_image":[{"width":700,"height":700,"url":"https:\/\/paracherkaoui.ma\/wp-content\/uploads\/2025\/12\/gilbert-coffret-essentiels-nouveau-nee.jpg","type":"image\/jpeg"}],"twitter_card":"summary_large_image","twitter_misc":{"Dur\u00e9e de lecture estim\u00e9e":"2 minutes"},"schema":{"@context":"https:\/\/schema.org","@graph":[{"@type":"WebPage","@id":"https:\/\/paracherkaoui.ma\/index.php\/produit\/gilbert-coffret-essentiels-nouveau-nee\/","url":"https:\/\/paracherkaoui.ma\/index.php\/produit\/gilbert-coffret-essentiels-nouveau-nee\/","name":"GILBERT COFFRET ESSENTIELS NOUVEAU NEE - Paracherkaoui.ma","isPartOf":{"@id":"https:\/\/paracherkaoui.ma\/#website"},"primaryImageOfPage":{"@id":"https:\/\/paracherkaoui.ma\/index.php\/produit\/gilbert-coffret-essentiels-nouveau-nee\/#primaryimage"},"image":{"@id":"https:\/\/paracherkaoui.ma\/index.php\/produit\/gilbert-coffret-essentiels-nouveau-nee\/#primaryimage"},"thumbnailUrl":"https:\/\/paracherkaoui.ma\/wp-content\/uploads\/2025\/12\/gilbert-coffret-essentiels-nouveau-nee.jpg","datePublished":"2025-12-12T18:25:07+00:00","dateModified":"2025-12-12T18:25:10+00:00","breadcrumb":{"@id":"https:\/\/paracherkaoui.ma\/index.php\/produit\/gilbert-coffret-essentiels-nouveau-nee\/#breadcrumb"},"inLanguage":"fr-FR","potentialAction":[{"@type":"ReadAction","target":["https:\/\/paracherkaoui.ma\/index.php\/produit\/gilbert-coffret-essentiels-nouveau-nee\/"]}]},{"@type":"ImageObject","inLanguage":"fr-FR","@id":"https:\/\/paracherkaoui.ma\/index.php\/produit\/gilbert-coffret-essentiels-nouveau-nee\/#primaryimage","url":"https:\/\/paracherkaoui.ma\/wp-content\/uploads\/2025\/12\/gilbert-coffret-essentiels-nouveau-nee.jpg","contentUrl":"https:\/\/paracherkaoui.ma\/wp-content\/uploads\/2025\/12\/gilbert-coffret-essentiels-nouveau-nee.jpg","width":700,"height":700},{"@type":"BreadcrumbList","@id":"https:\/\/paracherkaoui.ma\/index.php\/produit\/gilbert-coffret-essentiels-nouveau-nee\/#breadcrumb","itemListElement":[{"@type":"ListItem","position":1,"name":"Accueil","item":"https:\/\/paracherkaoui.ma\/"},{"@type":"ListItem","position":2,"name":"Boutique","item":"https:\/\/paracherkaoui.ma\/index.php\/boutique\/"},{"@type":"ListItem","position":3,"name":"GILBERT COFFRET ESSENTIELS NOUVEAU NEE"}]},{"@type":"WebSite","@id":"https:\/\/paracherkaoui.ma\/#website","url":"https:\/\/paracherkaoui.ma\/","name":"Paracherkaoui.ma","description":"Achetez en ligne sur Paracherkaoui.ma","potentialAction":[{"@type":"SearchAction","target":{"@type":"EntryPoint","urlTemplate":"https:\/\/paracherkaoui.ma\/?s={search_term_string}"},"query-input":{"@type":"PropertyValueSpecification","valueRequired":true,"valueName":"search_term_string"}}],"inLanguage":"fr-FR"}]}},"_links":{"self":[{"href":"https:\/\/paracherkaoui.ma\/index.php\/wp-json\/wp\/v2\/product\/47534","targetHints":{"allow":["GET"]}}],"collection":[{"href":"https:\/\/paracherkaoui.ma\/index.php\/wp-json\/wp\/v2\/product"}],"about":[{"href":"https:\/\/paracherkaoui.ma\/index.php\/wp-json\/wp\/v2\/types\/product"}],"replies":[{"embeddable":true,"href":"https:\/\/paracherkaoui.ma\/index.php\/wp-json\/wp\/v2\/comments?post=47534"}],"version-history":[{"count":1,"href":"https:\/\/paracherkaoui.ma\/index.php\/wp-json\/wp\/v2\/product\/47534\/revisions"}],"predecessor-version":[{"id":47566,"href":"https:\/\/paracherkaoui.ma\/index.php\/wp-json\/wp\/v2\/product\/47534\/revisions\/47566"}],"wp:featuredmedia":[{"embeddable":true,"href":"https:\/\/paracherkaoui.ma\/index.php\/wp-json\/wp\/v2\/media\/47565"}],"wp:attachment":[{"href":"https:\/\/paracherkaoui.ma\/index.php\/wp-json\/wp\/v2\/media?parent=47534"}],"wp:term":[{"taxonomy":"product_brand","embeddable":true,"href":"https:\/\/paracherkaoui.ma\/index.php\/wp-json\/wp\/v2\/product_brand?post=47534"},{"taxonomy":"product_cat","embeddable":true,"href":"https:\/\/paracherkaoui.ma\/index.php\/wp-json\/wp\/v2\/product_cat?post=47534"},{"taxonomy":"product_tag","embeddable":true,"href":"https:\/\/paracherkaoui.ma\/index.php\/wp-json\/wp\/v2\/product_tag?post=47534"}],"curies":[{"name":"wp","href":"https:\/\/api.w.org\/{rel}","templated":true}]}}