{"id":47458,"date":"2025-12-12T19:24:58","date_gmt":"2025-12-12T18:24:58","guid":{"rendered":"https:\/\/test.ecbeaute.com\/?post_type=product&#038;p=47458"},"modified":"2025-12-12T19:25:02","modified_gmt":"2025-12-12T18:25:02","slug":"revitalash-coffret-celebrating-fan-favorites-revitabrow-2","status":"publish","type":"product","link":"https:\/\/paracherkaoui.ma\/index.php\/produit\/revitalash-coffret-celebrating-fan-favorites-revitabrow-2\/","title":{"rendered":"REVITALASH COFFRET CELEBRATING FAN FAVORITES REVITABROW"},"content":{"rendered":"<p>Offrez-vous ou offrez \u00e0 une personne ch\u00e8re le cadeau ultime pour des sourcils et des cils sublimes avec le coffret RevitaLash Celebrating Fan Favorites RevitaBrow. Cette \u00e9dition limit\u00e9e regroupe les produits phares de RevitaLash pour un regard captivant et des sourcils parfaitement d\u00e9finis.<br \/>\nImaginez des sourcils visiblement plus denses, plus \u00e9pais et plus sains, ainsi que des cils volumineux et recourb\u00e9s. Le coffret RevitaLash Celebrating Fan Favorites RevitaBrow comprend le c\u00e9l\u00e8bre s\u00e9rum revitalisant pour sourcils RevitaBrow Advanced, qui traite les signes visibles du vieillissement des sourcils et leur redonne une apparence somptueuse.<br \/>\nEn plus du s\u00e9rum RevitaBrow Advanced, le coffret contient deux minis de maquillage bonus : le Double Ended Volume Set Volumizing Primer &#038; Mascara, qui pr\u00e9pare et intensifie vos cils pour un volume spectaculaire, et le Def Brow Gel, disponible en deux teintes (Soft Brown et Dark Brown), pour d\u00e9finir et fixer vos sourcils avec pr\u00e9cision.<br \/>\nCe coffret cadeau est le cadeau parfait pour toutes les amatrices de beaut\u00e9 qui souhaitent sublimer leur regard et prendre soin de leurs sourcils et de leurs cils.<br \/>\nConseils d&rsquo;utilisation<br \/>\nRevitaBrow\u00ae Advanced Eyebrow Conditioner : Appliquez une fine ligne de s\u00e9rum directement sur la base des sourcils, une fois par jour, le soir.<br \/>\nDouble Ended Volume Set Volumizing Primer &#038; Mascara : Appliquez le primer sur les cils propres, puis appliquez le mascara pour un volume intense.<br \/>\nDef Brow Gel : Appliquez le gel sur les sourcils pour les d\u00e9finir et les fixer.<\/p>\n","protected":false},"excerpt":{"rendered":"<p>Offrez-vous ou offrez \u00e0 une personne ch\u00e8re le cadeau ultime pour des sourcils et des cils sublimes avec le coffret<\/p>\n","protected":false},"featured_media":41905,"comment_status":"open","ping_status":"closed","template":"","meta":[],"product_brand":[242],"product_cat":[858],"product_tag":[],"class_list":{"0":"post-47458","1":"product","2":"type-product","3":"status-publish","4":"has-post-thumbnail","6":"product_brand-revitalash","7":"product_cat-les-bons-deals","9":"first","10":"instock","11":"shipping-taxable","12":"purchasable","13":"product-type-simple"},"yoast_head":"<!-- This site is optimized with the Yoast SEO plugin v26.6 - https:\/\/yoast.com\/wordpress\/plugins\/seo\/ -->\r\n<title>REVITALASH COFFRET CELEBRATING FAN FAVORITES REVITABROW - Paracherkaoui.ma<\/title>\r\n<meta name=\"robots\" content=\"index, follow, max-snippet:-1, max-image-preview:large, max-video-preview:-1\" \/>\r\n<link rel=\"canonical\" href=\"https:\/\/paracherkaoui.ma\/index.php\/produit\/revitalash-coffret-celebrating-fan-favorites-revitabrow-2\/\" \/>\r\n<meta property=\"og:locale\" content=\"fr_FR\" \/>\r\n<meta property=\"og:type\" content=\"article\" \/>\r\n<meta property=\"og:title\" content=\"REVITALASH COFFRET CELEBRATING FAN FAVORITES REVITABROW - Paracherkaoui.ma\" \/>\r\n<meta property=\"og:description\" content=\"Offrez-vous ou offrez \u00e0 une personne ch\u00e8re le cadeau ultime pour des sourcils et des cils sublimes avec le coffret\" \/>\r\n<meta property=\"og:url\" content=\"https:\/\/paracherkaoui.ma\/index.php\/produit\/revitalash-coffret-celebrating-fan-favorites-revitabrow-2\/\" \/>\r\n<meta property=\"og:site_name\" content=\"Paracherkaoui.ma\" \/>\r\n<meta property=\"article:modified_time\" content=\"2025-12-12T18:25:02+00:00\" \/>\r\n<meta property=\"og:image\" content=\"https:\/\/paracherkaoui.ma\/wp-content\/uploads\/2025\/12\/revitalash-coffret-celebrating-fan-favorites-revitabrow.jpg\" \/>\r\n\t<meta property=\"og:image:width\" content=\"700\" \/>\r\n\t<meta property=\"og:image:height\" content=\"700\" \/>\r\n\t<meta property=\"og:image:type\" content=\"image\/jpeg\" \/>\r\n<meta name=\"twitter:card\" content=\"summary_large_image\" \/>\r\n<meta name=\"twitter:label1\" content=\"Dur\u00e9e de lecture estim\u00e9e\" \/>\n\t<meta name=\"twitter:data1\" content=\"1 minute\" \/>\r\n<script type=\"application\/ld+json\" class=\"yoast-schema-graph\">{\"@context\":\"https:\/\/schema.org\",\"@graph\":[{\"@type\":\"WebPage\",\"@id\":\"https:\/\/paracherkaoui.ma\/index.php\/produit\/revitalash-coffret-celebrating-fan-favorites-revitabrow-2\/\",\"url\":\"https:\/\/paracherkaoui.ma\/index.php\/produit\/revitalash-coffret-celebrating-fan-favorites-revitabrow-2\/\",\"name\":\"REVITALASH COFFRET CELEBRATING FAN FAVORITES REVITABROW - Paracherkaoui.ma\",\"isPartOf\":{\"@id\":\"https:\/\/paracherkaoui.ma\/#website\"},\"primaryImageOfPage\":{\"@id\":\"https:\/\/paracherkaoui.ma\/index.php\/produit\/revitalash-coffret-celebrating-fan-favorites-revitabrow-2\/#primaryimage\"},\"image\":{\"@id\":\"https:\/\/paracherkaoui.ma\/index.php\/produit\/revitalash-coffret-celebrating-fan-favorites-revitabrow-2\/#primaryimage\"},\"thumbnailUrl\":\"https:\/\/paracherkaoui.ma\/wp-content\/uploads\/2025\/12\/revitalash-coffret-celebrating-fan-favorites-revitabrow.jpg\",\"datePublished\":\"2025-12-12T18:24:58+00:00\",\"dateModified\":\"2025-12-12T18:25:02+00:00\",\"breadcrumb\":{\"@id\":\"https:\/\/paracherkaoui.ma\/index.php\/produit\/revitalash-coffret-celebrating-fan-favorites-revitabrow-2\/#breadcrumb\"},\"inLanguage\":\"fr-FR\",\"potentialAction\":[{\"@type\":\"ReadAction\",\"target\":[\"https:\/\/paracherkaoui.ma\/index.php\/produit\/revitalash-coffret-celebrating-fan-favorites-revitabrow-2\/\"]}]},{\"@type\":\"ImageObject\",\"inLanguage\":\"fr-FR\",\"@id\":\"https:\/\/paracherkaoui.ma\/index.php\/produit\/revitalash-coffret-celebrating-fan-favorites-revitabrow-2\/#primaryimage\",\"url\":\"https:\/\/paracherkaoui.ma\/wp-content\/uploads\/2025\/12\/revitalash-coffret-celebrating-fan-favorites-revitabrow.jpg\",\"contentUrl\":\"https:\/\/paracherkaoui.ma\/wp-content\/uploads\/2025\/12\/revitalash-coffret-celebrating-fan-favorites-revitabrow.jpg\",\"width\":700,\"height\":700},{\"@type\":\"BreadcrumbList\",\"@id\":\"https:\/\/paracherkaoui.ma\/index.php\/produit\/revitalash-coffret-celebrating-fan-favorites-revitabrow-2\/#breadcrumb\",\"itemListElement\":[{\"@type\":\"ListItem\",\"position\":1,\"name\":\"Accueil\",\"item\":\"https:\/\/paracherkaoui.ma\/\"},{\"@type\":\"ListItem\",\"position\":2,\"name\":\"Boutique\",\"item\":\"https:\/\/paracherkaoui.ma\/index.php\/boutique\/\"},{\"@type\":\"ListItem\",\"position\":3,\"name\":\"REVITALASH COFFRET CELEBRATING FAN FAVORITES REVITABROW\"}]},{\"@type\":\"WebSite\",\"@id\":\"https:\/\/paracherkaoui.ma\/#website\",\"url\":\"https:\/\/paracherkaoui.ma\/\",\"name\":\"Paracherkaoui.ma\",\"description\":\"Achetez en ligne sur Paracherkaoui.ma\",\"potentialAction\":[{\"@type\":\"SearchAction\",\"target\":{\"@type\":\"EntryPoint\",\"urlTemplate\":\"https:\/\/paracherkaoui.ma\/?s={search_term_string}\"},\"query-input\":{\"@type\":\"PropertyValueSpecification\",\"valueRequired\":true,\"valueName\":\"search_term_string\"}}],\"inLanguage\":\"fr-FR\"}]}<\/script>\r\n<!-- \/ Yoast SEO plugin. -->","yoast_head_json":{"title":"REVITALASH COFFRET CELEBRATING FAN FAVORITES REVITABROW - Paracherkaoui.ma","robots":{"index":"index","follow":"follow","max-snippet":"max-snippet:-1","max-image-preview":"max-image-preview:large","max-video-preview":"max-video-preview:-1"},"canonical":"https:\/\/paracherkaoui.ma\/index.php\/produit\/revitalash-coffret-celebrating-fan-favorites-revitabrow-2\/","og_locale":"fr_FR","og_type":"article","og_title":"REVITALASH COFFRET CELEBRATING FAN FAVORITES REVITABROW - Paracherkaoui.ma","og_description":"Offrez-vous ou offrez \u00e0 une personne ch\u00e8re le cadeau ultime pour des sourcils et des cils sublimes avec le coffret","og_url":"https:\/\/paracherkaoui.ma\/index.php\/produit\/revitalash-coffret-celebrating-fan-favorites-revitabrow-2\/","og_site_name":"Paracherkaoui.ma","article_modified_time":"2025-12-12T18:25:02+00:00","og_image":[{"width":700,"height":700,"url":"https:\/\/paracherkaoui.ma\/wp-content\/uploads\/2025\/12\/revitalash-coffret-celebrating-fan-favorites-revitabrow.jpg","type":"image\/jpeg"}],"twitter_card":"summary_large_image","twitter_misc":{"Dur\u00e9e de lecture estim\u00e9e":"1 minute"},"schema":{"@context":"https:\/\/schema.org","@graph":[{"@type":"WebPage","@id":"https:\/\/paracherkaoui.ma\/index.php\/produit\/revitalash-coffret-celebrating-fan-favorites-revitabrow-2\/","url":"https:\/\/paracherkaoui.ma\/index.php\/produit\/revitalash-coffret-celebrating-fan-favorites-revitabrow-2\/","name":"REVITALASH COFFRET CELEBRATING FAN FAVORITES REVITABROW - Paracherkaoui.ma","isPartOf":{"@id":"https:\/\/paracherkaoui.ma\/#website"},"primaryImageOfPage":{"@id":"https:\/\/paracherkaoui.ma\/index.php\/produit\/revitalash-coffret-celebrating-fan-favorites-revitabrow-2\/#primaryimage"},"image":{"@id":"https:\/\/paracherkaoui.ma\/index.php\/produit\/revitalash-coffret-celebrating-fan-favorites-revitabrow-2\/#primaryimage"},"thumbnailUrl":"https:\/\/paracherkaoui.ma\/wp-content\/uploads\/2025\/12\/revitalash-coffret-celebrating-fan-favorites-revitabrow.jpg","datePublished":"2025-12-12T18:24:58+00:00","dateModified":"2025-12-12T18:25:02+00:00","breadcrumb":{"@id":"https:\/\/paracherkaoui.ma\/index.php\/produit\/revitalash-coffret-celebrating-fan-favorites-revitabrow-2\/#breadcrumb"},"inLanguage":"fr-FR","potentialAction":[{"@type":"ReadAction","target":["https:\/\/paracherkaoui.ma\/index.php\/produit\/revitalash-coffret-celebrating-fan-favorites-revitabrow-2\/"]}]},{"@type":"ImageObject","inLanguage":"fr-FR","@id":"https:\/\/paracherkaoui.ma\/index.php\/produit\/revitalash-coffret-celebrating-fan-favorites-revitabrow-2\/#primaryimage","url":"https:\/\/paracherkaoui.ma\/wp-content\/uploads\/2025\/12\/revitalash-coffret-celebrating-fan-favorites-revitabrow.jpg","contentUrl":"https:\/\/paracherkaoui.ma\/wp-content\/uploads\/2025\/12\/revitalash-coffret-celebrating-fan-favorites-revitabrow.jpg","width":700,"height":700},{"@type":"BreadcrumbList","@id":"https:\/\/paracherkaoui.ma\/index.php\/produit\/revitalash-coffret-celebrating-fan-favorites-revitabrow-2\/#breadcrumb","itemListElement":[{"@type":"ListItem","position":1,"name":"Accueil","item":"https:\/\/paracherkaoui.ma\/"},{"@type":"ListItem","position":2,"name":"Boutique","item":"https:\/\/paracherkaoui.ma\/index.php\/boutique\/"},{"@type":"ListItem","position":3,"name":"REVITALASH COFFRET CELEBRATING FAN FAVORITES REVITABROW"}]},{"@type":"WebSite","@id":"https:\/\/paracherkaoui.ma\/#website","url":"https:\/\/paracherkaoui.ma\/","name":"Paracherkaoui.ma","description":"Achetez en ligne sur Paracherkaoui.ma","potentialAction":[{"@type":"SearchAction","target":{"@type":"EntryPoint","urlTemplate":"https:\/\/paracherkaoui.ma\/?s={search_term_string}"},"query-input":{"@type":"PropertyValueSpecification","valueRequired":true,"valueName":"search_term_string"}}],"inLanguage":"fr-FR"}]}},"_links":{"self":[{"href":"https:\/\/paracherkaoui.ma\/index.php\/wp-json\/wp\/v2\/product\/47458","targetHints":{"allow":["GET"]}}],"collection":[{"href":"https:\/\/paracherkaoui.ma\/index.php\/wp-json\/wp\/v2\/product"}],"about":[{"href":"https:\/\/paracherkaoui.ma\/index.php\/wp-json\/wp\/v2\/types\/product"}],"replies":[{"embeddable":true,"href":"https:\/\/paracherkaoui.ma\/index.php\/wp-json\/wp\/v2\/comments?post=47458"}],"version-history":[{"count":1,"href":"https:\/\/paracherkaoui.ma\/index.php\/wp-json\/wp\/v2\/product\/47458\/revisions"}],"predecessor-version":[{"id":47498,"href":"https:\/\/paracherkaoui.ma\/index.php\/wp-json\/wp\/v2\/product\/47458\/revisions\/47498"}],"wp:featuredmedia":[{"embeddable":true,"href":"https:\/\/paracherkaoui.ma\/index.php\/wp-json\/wp\/v2\/media\/41905"}],"wp:attachment":[{"href":"https:\/\/paracherkaoui.ma\/index.php\/wp-json\/wp\/v2\/media?parent=47458"}],"wp:term":[{"taxonomy":"product_brand","embeddable":true,"href":"https:\/\/paracherkaoui.ma\/index.php\/wp-json\/wp\/v2\/product_brand?post=47458"},{"taxonomy":"product_cat","embeddable":true,"href":"https:\/\/paracherkaoui.ma\/index.php\/wp-json\/wp\/v2\/product_cat?post=47458"},{"taxonomy":"product_tag","embeddable":true,"href":"https:\/\/paracherkaoui.ma\/index.php\/wp-json\/wp\/v2\/product_tag?post=47458"}],"curies":[{"name":"wp","href":"https:\/\/api.w.org\/{rel}","templated":true}]}}