{"id":47457,"date":"2025-12-12T19:24:58","date_gmt":"2025-12-12T18:24:58","guid":{"rendered":"https:\/\/test.ecbeaute.com\/?post_type=product&#038;p=47457"},"modified":"2025-12-12T19:25:02","modified_gmt":"2025-12-12T18:25:02","slug":"rituals-coffret-the-ancient-art-of-living-wisely","status":"publish","type":"product","link":"https:\/\/paracherkaoui.ma\/index.php\/produit\/rituals-coffret-the-ancient-art-of-living-wisely\/","title":{"rendered":"RITUALS COFFRET THE ANCIENT ART OF LIVING WISELY"},"content":{"rendered":"<p>Ce coffret harmonisant The Ritual of Ayurveda est le cadeau parfait pour un ou une amie, un membre de votre famille ou pour vous faire plaisir ! Il contient<br \/>\nUne mousse de douche (200 ml)<br \/>\nUne bougie parfum\u00e9e (140 g)<br \/>\nUn gommage pour le corps (125 g)<br \/>\nUne cr\u00e8me pour le corps (100 ml).<br \/>\nTrouvez l\u2019harmonie int\u00e9rieure gr\u00e2ce \u00e0 ces produits apaisants et parfum\u00e9s formul\u00e9s \u00e0 partir de rose indienne et d\u2019huile d\u2019amande douce. Le pliage en origami de nos coffrets s\u2019inspire de la tradition japonaise du cadeau.<\/p>\n","protected":false},"excerpt":{"rendered":"<p>Ce coffret harmonisant The Ritual of Ayurveda est le cadeau parfait pour un ou une amie, un membre de votre<\/p>\n","protected":false},"featured_media":47496,"comment_status":"open","ping_status":"closed","template":"","meta":[],"product_brand":[859],"product_cat":[858],"product_tag":[],"class_list":{"0":"post-47457","1":"product","2":"type-product","3":"status-publish","4":"has-post-thumbnail","6":"product_brand-rituals","7":"product_cat-les-bons-deals","9":"first","10":"instock","11":"shipping-taxable","12":"purchasable","13":"product-type-simple"},"yoast_head":"<!-- This site is optimized with the Yoast SEO plugin v26.6 - https:\/\/yoast.com\/wordpress\/plugins\/seo\/ -->\r\n<title>RITUALS COFFRET THE ANCIENT ART OF LIVING WISELY - Paracherkaoui.ma<\/title>\r\n<meta name=\"robots\" content=\"index, follow, max-snippet:-1, max-image-preview:large, max-video-preview:-1\" \/>\r\n<link rel=\"canonical\" href=\"https:\/\/paracherkaoui.ma\/index.php\/produit\/rituals-coffret-the-ancient-art-of-living-wisely\/\" \/>\r\n<meta property=\"og:locale\" content=\"fr_FR\" \/>\r\n<meta property=\"og:type\" content=\"article\" \/>\r\n<meta property=\"og:title\" content=\"RITUALS COFFRET THE ANCIENT ART OF LIVING WISELY - Paracherkaoui.ma\" \/>\r\n<meta property=\"og:description\" content=\"Ce coffret harmonisant The Ritual of Ayurveda est le cadeau parfait pour un ou une amie, un membre de votre\" \/>\r\n<meta property=\"og:url\" content=\"https:\/\/paracherkaoui.ma\/index.php\/produit\/rituals-coffret-the-ancient-art-of-living-wisely\/\" \/>\r\n<meta property=\"og:site_name\" content=\"Paracherkaoui.ma\" \/>\r\n<meta property=\"article:modified_time\" content=\"2025-12-12T18:25:02+00:00\" \/>\r\n<meta property=\"og:image\" content=\"https:\/\/paracherkaoui.ma\/wp-content\/uploads\/2025\/12\/rituals-rituals-coffret-the-ancient-art-of-living-wisely-promotions-diverses.jpg\" \/>\r\n\t<meta property=\"og:image:width\" content=\"700\" \/>\r\n\t<meta property=\"og:image:height\" content=\"700\" \/>\r\n\t<meta property=\"og:image:type\" content=\"image\/jpeg\" \/>\r\n<meta name=\"twitter:card\" content=\"summary_large_image\" \/>\r\n<script type=\"application\/ld+json\" class=\"yoast-schema-graph\">{\"@context\":\"https:\/\/schema.org\",\"@graph\":[{\"@type\":\"WebPage\",\"@id\":\"https:\/\/paracherkaoui.ma\/index.php\/produit\/rituals-coffret-the-ancient-art-of-living-wisely\/\",\"url\":\"https:\/\/paracherkaoui.ma\/index.php\/produit\/rituals-coffret-the-ancient-art-of-living-wisely\/\",\"name\":\"RITUALS COFFRET THE ANCIENT ART OF LIVING WISELY - Paracherkaoui.ma\",\"isPartOf\":{\"@id\":\"https:\/\/paracherkaoui.ma\/#website\"},\"primaryImageOfPage\":{\"@id\":\"https:\/\/paracherkaoui.ma\/index.php\/produit\/rituals-coffret-the-ancient-art-of-living-wisely\/#primaryimage\"},\"image\":{\"@id\":\"https:\/\/paracherkaoui.ma\/index.php\/produit\/rituals-coffret-the-ancient-art-of-living-wisely\/#primaryimage\"},\"thumbnailUrl\":\"https:\/\/paracherkaoui.ma\/wp-content\/uploads\/2025\/12\/rituals-rituals-coffret-the-ancient-art-of-living-wisely-promotions-diverses.jpg\",\"datePublished\":\"2025-12-12T18:24:58+00:00\",\"dateModified\":\"2025-12-12T18:25:02+00:00\",\"breadcrumb\":{\"@id\":\"https:\/\/paracherkaoui.ma\/index.php\/produit\/rituals-coffret-the-ancient-art-of-living-wisely\/#breadcrumb\"},\"inLanguage\":\"fr-FR\",\"potentialAction\":[{\"@type\":\"ReadAction\",\"target\":[\"https:\/\/paracherkaoui.ma\/index.php\/produit\/rituals-coffret-the-ancient-art-of-living-wisely\/\"]}]},{\"@type\":\"ImageObject\",\"inLanguage\":\"fr-FR\",\"@id\":\"https:\/\/paracherkaoui.ma\/index.php\/produit\/rituals-coffret-the-ancient-art-of-living-wisely\/#primaryimage\",\"url\":\"https:\/\/paracherkaoui.ma\/wp-content\/uploads\/2025\/12\/rituals-rituals-coffret-the-ancient-art-of-living-wisely-promotions-diverses.jpg\",\"contentUrl\":\"https:\/\/paracherkaoui.ma\/wp-content\/uploads\/2025\/12\/rituals-rituals-coffret-the-ancient-art-of-living-wisely-promotions-diverses.jpg\",\"width\":700,\"height\":700},{\"@type\":\"BreadcrumbList\",\"@id\":\"https:\/\/paracherkaoui.ma\/index.php\/produit\/rituals-coffret-the-ancient-art-of-living-wisely\/#breadcrumb\",\"itemListElement\":[{\"@type\":\"ListItem\",\"position\":1,\"name\":\"Accueil\",\"item\":\"https:\/\/paracherkaoui.ma\/\"},{\"@type\":\"ListItem\",\"position\":2,\"name\":\"Boutique\",\"item\":\"https:\/\/paracherkaoui.ma\/index.php\/boutique\/\"},{\"@type\":\"ListItem\",\"position\":3,\"name\":\"RITUALS COFFRET THE ANCIENT ART OF LIVING WISELY\"}]},{\"@type\":\"WebSite\",\"@id\":\"https:\/\/paracherkaoui.ma\/#website\",\"url\":\"https:\/\/paracherkaoui.ma\/\",\"name\":\"Paracherkaoui.ma\",\"description\":\"Achetez en ligne sur Paracherkaoui.ma\",\"potentialAction\":[{\"@type\":\"SearchAction\",\"target\":{\"@type\":\"EntryPoint\",\"urlTemplate\":\"https:\/\/paracherkaoui.ma\/?s={search_term_string}\"},\"query-input\":{\"@type\":\"PropertyValueSpecification\",\"valueRequired\":true,\"valueName\":\"search_term_string\"}}],\"inLanguage\":\"fr-FR\"}]}<\/script>\r\n<!-- \/ Yoast SEO plugin. -->","yoast_head_json":{"title":"RITUALS COFFRET THE ANCIENT ART OF LIVING WISELY - Paracherkaoui.ma","robots":{"index":"index","follow":"follow","max-snippet":"max-snippet:-1","max-image-preview":"max-image-preview:large","max-video-preview":"max-video-preview:-1"},"canonical":"https:\/\/paracherkaoui.ma\/index.php\/produit\/rituals-coffret-the-ancient-art-of-living-wisely\/","og_locale":"fr_FR","og_type":"article","og_title":"RITUALS COFFRET THE ANCIENT ART OF LIVING WISELY - Paracherkaoui.ma","og_description":"Ce coffret harmonisant The Ritual of Ayurveda est le cadeau parfait pour un ou une amie, un membre de votre","og_url":"https:\/\/paracherkaoui.ma\/index.php\/produit\/rituals-coffret-the-ancient-art-of-living-wisely\/","og_site_name":"Paracherkaoui.ma","article_modified_time":"2025-12-12T18:25:02+00:00","og_image":[{"width":700,"height":700,"url":"https:\/\/paracherkaoui.ma\/wp-content\/uploads\/2025\/12\/rituals-rituals-coffret-the-ancient-art-of-living-wisely-promotions-diverses.jpg","type":"image\/jpeg"}],"twitter_card":"summary_large_image","schema":{"@context":"https:\/\/schema.org","@graph":[{"@type":"WebPage","@id":"https:\/\/paracherkaoui.ma\/index.php\/produit\/rituals-coffret-the-ancient-art-of-living-wisely\/","url":"https:\/\/paracherkaoui.ma\/index.php\/produit\/rituals-coffret-the-ancient-art-of-living-wisely\/","name":"RITUALS COFFRET THE ANCIENT ART OF LIVING WISELY - Paracherkaoui.ma","isPartOf":{"@id":"https:\/\/paracherkaoui.ma\/#website"},"primaryImageOfPage":{"@id":"https:\/\/paracherkaoui.ma\/index.php\/produit\/rituals-coffret-the-ancient-art-of-living-wisely\/#primaryimage"},"image":{"@id":"https:\/\/paracherkaoui.ma\/index.php\/produit\/rituals-coffret-the-ancient-art-of-living-wisely\/#primaryimage"},"thumbnailUrl":"https:\/\/paracherkaoui.ma\/wp-content\/uploads\/2025\/12\/rituals-rituals-coffret-the-ancient-art-of-living-wisely-promotions-diverses.jpg","datePublished":"2025-12-12T18:24:58+00:00","dateModified":"2025-12-12T18:25:02+00:00","breadcrumb":{"@id":"https:\/\/paracherkaoui.ma\/index.php\/produit\/rituals-coffret-the-ancient-art-of-living-wisely\/#breadcrumb"},"inLanguage":"fr-FR","potentialAction":[{"@type":"ReadAction","target":["https:\/\/paracherkaoui.ma\/index.php\/produit\/rituals-coffret-the-ancient-art-of-living-wisely\/"]}]},{"@type":"ImageObject","inLanguage":"fr-FR","@id":"https:\/\/paracherkaoui.ma\/index.php\/produit\/rituals-coffret-the-ancient-art-of-living-wisely\/#primaryimage","url":"https:\/\/paracherkaoui.ma\/wp-content\/uploads\/2025\/12\/rituals-rituals-coffret-the-ancient-art-of-living-wisely-promotions-diverses.jpg","contentUrl":"https:\/\/paracherkaoui.ma\/wp-content\/uploads\/2025\/12\/rituals-rituals-coffret-the-ancient-art-of-living-wisely-promotions-diverses.jpg","width":700,"height":700},{"@type":"BreadcrumbList","@id":"https:\/\/paracherkaoui.ma\/index.php\/produit\/rituals-coffret-the-ancient-art-of-living-wisely\/#breadcrumb","itemListElement":[{"@type":"ListItem","position":1,"name":"Accueil","item":"https:\/\/paracherkaoui.ma\/"},{"@type":"ListItem","position":2,"name":"Boutique","item":"https:\/\/paracherkaoui.ma\/index.php\/boutique\/"},{"@type":"ListItem","position":3,"name":"RITUALS COFFRET THE ANCIENT ART OF LIVING WISELY"}]},{"@type":"WebSite","@id":"https:\/\/paracherkaoui.ma\/#website","url":"https:\/\/paracherkaoui.ma\/","name":"Paracherkaoui.ma","description":"Achetez en ligne sur Paracherkaoui.ma","potentialAction":[{"@type":"SearchAction","target":{"@type":"EntryPoint","urlTemplate":"https:\/\/paracherkaoui.ma\/?s={search_term_string}"},"query-input":{"@type":"PropertyValueSpecification","valueRequired":true,"valueName":"search_term_string"}}],"inLanguage":"fr-FR"}]}},"_links":{"self":[{"href":"https:\/\/paracherkaoui.ma\/index.php\/wp-json\/wp\/v2\/product\/47457","targetHints":{"allow":["GET"]}}],"collection":[{"href":"https:\/\/paracherkaoui.ma\/index.php\/wp-json\/wp\/v2\/product"}],"about":[{"href":"https:\/\/paracherkaoui.ma\/index.php\/wp-json\/wp\/v2\/types\/product"}],"replies":[{"embeddable":true,"href":"https:\/\/paracherkaoui.ma\/index.php\/wp-json\/wp\/v2\/comments?post=47457"}],"version-history":[{"count":1,"href":"https:\/\/paracherkaoui.ma\/index.php\/wp-json\/wp\/v2\/product\/47457\/revisions"}],"predecessor-version":[{"id":47497,"href":"https:\/\/paracherkaoui.ma\/index.php\/wp-json\/wp\/v2\/product\/47457\/revisions\/47497"}],"wp:featuredmedia":[{"embeddable":true,"href":"https:\/\/paracherkaoui.ma\/index.php\/wp-json\/wp\/v2\/media\/47496"}],"wp:attachment":[{"href":"https:\/\/paracherkaoui.ma\/index.php\/wp-json\/wp\/v2\/media?parent=47457"}],"wp:term":[{"taxonomy":"product_brand","embeddable":true,"href":"https:\/\/paracherkaoui.ma\/index.php\/wp-json\/wp\/v2\/product_brand?post=47457"},{"taxonomy":"product_cat","embeddable":true,"href":"https:\/\/paracherkaoui.ma\/index.php\/wp-json\/wp\/v2\/product_cat?post=47457"},{"taxonomy":"product_tag","embeddable":true,"href":"https:\/\/paracherkaoui.ma\/index.php\/wp-json\/wp\/v2\/product_tag?post=47457"}],"curies":[{"name":"wp","href":"https:\/\/api.w.org\/{rel}","templated":true}]}}