{"id":47455,"date":"2025-12-12T19:24:58","date_gmt":"2025-12-12T18:24:58","guid":{"rendered":"https:\/\/test.ecbeaute.com\/?post_type=product&#038;p=47455"},"modified":"2025-12-12T19:25:02","modified_gmt":"2025-12-12T18:25:02","slug":"rituals-coffret-the-ritual-of-jing","status":"publish","type":"product","link":"https:\/\/paracherkaoui.ma\/index.php\/produit\/rituals-coffret-the-ritual-of-jing\/","title":{"rendered":"RITUALS COFFRET THE RITUAL OF JING"},"content":{"rendered":"<p>D\u00e9couvrez la s\u00e9r\u00e9nit\u00e9 ultime avec le coffret-cadeau The Ritual of Jing M de Rituals. Inspir\u00e9 par la philosophie du calme et de la paix int\u00e9rieure, ce coffret est un v\u00e9ritable rituel de bien-\u00eatre. Offrez-le \u00e0 un \u00eatre cher ou faites-vous plaisir avec une exp\u00e9rience sensorielle unique enrichie en jujube apaisant et lotus sacr\u00e9, reconnus pour leurs propri\u00e9t\u00e9s relaxantes.<br \/>\nCe magnifique ensemble comprend un gel douche moussant (200 ml) qui nettoie en douceur tout en enveloppant la peau d\u2019un parfum d\u00e9licat. Apr\u00e8s le bain, sublimez votre peau avec la cr\u00e8me pour le corps (100 ml) qui hydrate intens\u00e9ment et laisse une sensation velout\u00e9e. Pour une exfoliation douce et efficace, le gommage pour le corps (125 g) \u00e9limine les cellules mortes, r\u00e9v\u00e9lant une peau douce et \u00e9clatante. Enfin, allumez la bougie parfum\u00e9e (140 g) pour cr\u00e9er une ambiance apaisante et harmonieuse, parfaite pour la m\u00e9ditation ou la relaxation avant le coucher.<br \/>\nLe design raffin\u00e9 du coffret, inspir\u00e9 de l\u2019origami japonais, ajoute une touche d\u2019\u00e9l\u00e9gance et fait de ce cadeau une exp\u00e9rience inoubliable. Chaque produit transporte vos sens dans un voyage de tranquillit\u00e9, o\u00f9 le rituel devient un art de vivre. Faites de chaque jour un moment de paix et de bien-\u00eatre avec The Ritual of Jing.<\/p>\n","protected":false},"excerpt":{"rendered":"<p>D\u00e9couvrez la s\u00e9r\u00e9nit\u00e9 ultime avec le coffret-cadeau The Ritual of Jing M de Rituals. Inspir\u00e9 par la philosophie du calme<\/p>\n","protected":false},"featured_media":47492,"comment_status":"open","ping_status":"closed","template":"","meta":[],"product_brand":[859],"product_cat":[858],"product_tag":[],"class_list":{"0":"post-47455","1":"product","2":"type-product","3":"status-publish","4":"has-post-thumbnail","6":"product_brand-rituals","7":"product_cat-les-bons-deals","9":"first","10":"instock","11":"shipping-taxable","12":"purchasable","13":"product-type-simple"},"yoast_head":"<!-- This site is optimized with the Yoast SEO plugin v26.6 - https:\/\/yoast.com\/wordpress\/plugins\/seo\/ -->\r\n<title>RITUALS COFFRET THE RITUAL OF JING - Paracherkaoui.ma<\/title>\r\n<meta name=\"robots\" content=\"index, follow, max-snippet:-1, max-image-preview:large, max-video-preview:-1\" \/>\r\n<link rel=\"canonical\" href=\"https:\/\/paracherkaoui.ma\/index.php\/produit\/rituals-coffret-the-ritual-of-jing\/\" \/>\r\n<meta property=\"og:locale\" content=\"fr_FR\" \/>\r\n<meta property=\"og:type\" content=\"article\" \/>\r\n<meta property=\"og:title\" content=\"RITUALS COFFRET THE RITUAL OF JING - Paracherkaoui.ma\" \/>\r\n<meta property=\"og:description\" content=\"D\u00e9couvrez la s\u00e9r\u00e9nit\u00e9 ultime avec le coffret-cadeau The Ritual of Jing M de Rituals. Inspir\u00e9 par la philosophie du calme\" \/>\r\n<meta property=\"og:url\" content=\"https:\/\/paracherkaoui.ma\/index.php\/produit\/rituals-coffret-the-ritual-of-jing\/\" \/>\r\n<meta property=\"og:site_name\" content=\"Paracherkaoui.ma\" \/>\r\n<meta property=\"article:modified_time\" content=\"2025-12-12T18:25:02+00:00\" \/>\r\n<meta property=\"og:image\" content=\"https:\/\/paracherkaoui.ma\/wp-content\/uploads\/2025\/12\/rituals-rituals-coffret-the-ritual-of-jing-coffrets.jpg\" \/>\r\n\t<meta property=\"og:image:width\" content=\"700\" \/>\r\n\t<meta property=\"og:image:height\" content=\"700\" \/>\r\n\t<meta property=\"og:image:type\" content=\"image\/jpeg\" \/>\r\n<meta name=\"twitter:card\" content=\"summary_large_image\" \/>\r\n<meta name=\"twitter:label1\" content=\"Dur\u00e9e de lecture estim\u00e9e\" \/>\n\t<meta name=\"twitter:data1\" content=\"1 minute\" \/>\r\n<script type=\"application\/ld+json\" class=\"yoast-schema-graph\">{\"@context\":\"https:\/\/schema.org\",\"@graph\":[{\"@type\":\"WebPage\",\"@id\":\"https:\/\/paracherkaoui.ma\/index.php\/produit\/rituals-coffret-the-ritual-of-jing\/\",\"url\":\"https:\/\/paracherkaoui.ma\/index.php\/produit\/rituals-coffret-the-ritual-of-jing\/\",\"name\":\"RITUALS COFFRET THE RITUAL OF JING - Paracherkaoui.ma\",\"isPartOf\":{\"@id\":\"https:\/\/paracherkaoui.ma\/#website\"},\"primaryImageOfPage\":{\"@id\":\"https:\/\/paracherkaoui.ma\/index.php\/produit\/rituals-coffret-the-ritual-of-jing\/#primaryimage\"},\"image\":{\"@id\":\"https:\/\/paracherkaoui.ma\/index.php\/produit\/rituals-coffret-the-ritual-of-jing\/#primaryimage\"},\"thumbnailUrl\":\"https:\/\/paracherkaoui.ma\/wp-content\/uploads\/2025\/12\/rituals-rituals-coffret-the-ritual-of-jing-coffrets.jpg\",\"datePublished\":\"2025-12-12T18:24:58+00:00\",\"dateModified\":\"2025-12-12T18:25:02+00:00\",\"breadcrumb\":{\"@id\":\"https:\/\/paracherkaoui.ma\/index.php\/produit\/rituals-coffret-the-ritual-of-jing\/#breadcrumb\"},\"inLanguage\":\"fr-FR\",\"potentialAction\":[{\"@type\":\"ReadAction\",\"target\":[\"https:\/\/paracherkaoui.ma\/index.php\/produit\/rituals-coffret-the-ritual-of-jing\/\"]}]},{\"@type\":\"ImageObject\",\"inLanguage\":\"fr-FR\",\"@id\":\"https:\/\/paracherkaoui.ma\/index.php\/produit\/rituals-coffret-the-ritual-of-jing\/#primaryimage\",\"url\":\"https:\/\/paracherkaoui.ma\/wp-content\/uploads\/2025\/12\/rituals-rituals-coffret-the-ritual-of-jing-coffrets.jpg\",\"contentUrl\":\"https:\/\/paracherkaoui.ma\/wp-content\/uploads\/2025\/12\/rituals-rituals-coffret-the-ritual-of-jing-coffrets.jpg\",\"width\":700,\"height\":700},{\"@type\":\"BreadcrumbList\",\"@id\":\"https:\/\/paracherkaoui.ma\/index.php\/produit\/rituals-coffret-the-ritual-of-jing\/#breadcrumb\",\"itemListElement\":[{\"@type\":\"ListItem\",\"position\":1,\"name\":\"Accueil\",\"item\":\"https:\/\/paracherkaoui.ma\/\"},{\"@type\":\"ListItem\",\"position\":2,\"name\":\"Boutique\",\"item\":\"https:\/\/paracherkaoui.ma\/index.php\/boutique\/\"},{\"@type\":\"ListItem\",\"position\":3,\"name\":\"RITUALS COFFRET THE RITUAL OF JING\"}]},{\"@type\":\"WebSite\",\"@id\":\"https:\/\/paracherkaoui.ma\/#website\",\"url\":\"https:\/\/paracherkaoui.ma\/\",\"name\":\"Paracherkaoui.ma\",\"description\":\"Achetez en ligne sur Paracherkaoui.ma\",\"potentialAction\":[{\"@type\":\"SearchAction\",\"target\":{\"@type\":\"EntryPoint\",\"urlTemplate\":\"https:\/\/paracherkaoui.ma\/?s={search_term_string}\"},\"query-input\":{\"@type\":\"PropertyValueSpecification\",\"valueRequired\":true,\"valueName\":\"search_term_string\"}}],\"inLanguage\":\"fr-FR\"}]}<\/script>\r\n<!-- \/ Yoast SEO plugin. -->","yoast_head_json":{"title":"RITUALS COFFRET THE RITUAL OF JING - Paracherkaoui.ma","robots":{"index":"index","follow":"follow","max-snippet":"max-snippet:-1","max-image-preview":"max-image-preview:large","max-video-preview":"max-video-preview:-1"},"canonical":"https:\/\/paracherkaoui.ma\/index.php\/produit\/rituals-coffret-the-ritual-of-jing\/","og_locale":"fr_FR","og_type":"article","og_title":"RITUALS COFFRET THE RITUAL OF JING - Paracherkaoui.ma","og_description":"D\u00e9couvrez la s\u00e9r\u00e9nit\u00e9 ultime avec le coffret-cadeau The Ritual of Jing M de Rituals. Inspir\u00e9 par la philosophie du calme","og_url":"https:\/\/paracherkaoui.ma\/index.php\/produit\/rituals-coffret-the-ritual-of-jing\/","og_site_name":"Paracherkaoui.ma","article_modified_time":"2025-12-12T18:25:02+00:00","og_image":[{"width":700,"height":700,"url":"https:\/\/paracherkaoui.ma\/wp-content\/uploads\/2025\/12\/rituals-rituals-coffret-the-ritual-of-jing-coffrets.jpg","type":"image\/jpeg"}],"twitter_card":"summary_large_image","twitter_misc":{"Dur\u00e9e de lecture estim\u00e9e":"1 minute"},"schema":{"@context":"https:\/\/schema.org","@graph":[{"@type":"WebPage","@id":"https:\/\/paracherkaoui.ma\/index.php\/produit\/rituals-coffret-the-ritual-of-jing\/","url":"https:\/\/paracherkaoui.ma\/index.php\/produit\/rituals-coffret-the-ritual-of-jing\/","name":"RITUALS COFFRET THE RITUAL OF JING - Paracherkaoui.ma","isPartOf":{"@id":"https:\/\/paracherkaoui.ma\/#website"},"primaryImageOfPage":{"@id":"https:\/\/paracherkaoui.ma\/index.php\/produit\/rituals-coffret-the-ritual-of-jing\/#primaryimage"},"image":{"@id":"https:\/\/paracherkaoui.ma\/index.php\/produit\/rituals-coffret-the-ritual-of-jing\/#primaryimage"},"thumbnailUrl":"https:\/\/paracherkaoui.ma\/wp-content\/uploads\/2025\/12\/rituals-rituals-coffret-the-ritual-of-jing-coffrets.jpg","datePublished":"2025-12-12T18:24:58+00:00","dateModified":"2025-12-12T18:25:02+00:00","breadcrumb":{"@id":"https:\/\/paracherkaoui.ma\/index.php\/produit\/rituals-coffret-the-ritual-of-jing\/#breadcrumb"},"inLanguage":"fr-FR","potentialAction":[{"@type":"ReadAction","target":["https:\/\/paracherkaoui.ma\/index.php\/produit\/rituals-coffret-the-ritual-of-jing\/"]}]},{"@type":"ImageObject","inLanguage":"fr-FR","@id":"https:\/\/paracherkaoui.ma\/index.php\/produit\/rituals-coffret-the-ritual-of-jing\/#primaryimage","url":"https:\/\/paracherkaoui.ma\/wp-content\/uploads\/2025\/12\/rituals-rituals-coffret-the-ritual-of-jing-coffrets.jpg","contentUrl":"https:\/\/paracherkaoui.ma\/wp-content\/uploads\/2025\/12\/rituals-rituals-coffret-the-ritual-of-jing-coffrets.jpg","width":700,"height":700},{"@type":"BreadcrumbList","@id":"https:\/\/paracherkaoui.ma\/index.php\/produit\/rituals-coffret-the-ritual-of-jing\/#breadcrumb","itemListElement":[{"@type":"ListItem","position":1,"name":"Accueil","item":"https:\/\/paracherkaoui.ma\/"},{"@type":"ListItem","position":2,"name":"Boutique","item":"https:\/\/paracherkaoui.ma\/index.php\/boutique\/"},{"@type":"ListItem","position":3,"name":"RITUALS COFFRET THE RITUAL OF JING"}]},{"@type":"WebSite","@id":"https:\/\/paracherkaoui.ma\/#website","url":"https:\/\/paracherkaoui.ma\/","name":"Paracherkaoui.ma","description":"Achetez en ligne sur Paracherkaoui.ma","potentialAction":[{"@type":"SearchAction","target":{"@type":"EntryPoint","urlTemplate":"https:\/\/paracherkaoui.ma\/?s={search_term_string}"},"query-input":{"@type":"PropertyValueSpecification","valueRequired":true,"valueName":"search_term_string"}}],"inLanguage":"fr-FR"}]}},"_links":{"self":[{"href":"https:\/\/paracherkaoui.ma\/index.php\/wp-json\/wp\/v2\/product\/47455","targetHints":{"allow":["GET"]}}],"collection":[{"href":"https:\/\/paracherkaoui.ma\/index.php\/wp-json\/wp\/v2\/product"}],"about":[{"href":"https:\/\/paracherkaoui.ma\/index.php\/wp-json\/wp\/v2\/types\/product"}],"replies":[{"embeddable":true,"href":"https:\/\/paracherkaoui.ma\/index.php\/wp-json\/wp\/v2\/comments?post=47455"}],"version-history":[{"count":1,"href":"https:\/\/paracherkaoui.ma\/index.php\/wp-json\/wp\/v2\/product\/47455\/revisions"}],"predecessor-version":[{"id":47493,"href":"https:\/\/paracherkaoui.ma\/index.php\/wp-json\/wp\/v2\/product\/47455\/revisions\/47493"}],"wp:featuredmedia":[{"embeddable":true,"href":"https:\/\/paracherkaoui.ma\/index.php\/wp-json\/wp\/v2\/media\/47492"}],"wp:attachment":[{"href":"https:\/\/paracherkaoui.ma\/index.php\/wp-json\/wp\/v2\/media?parent=47455"}],"wp:term":[{"taxonomy":"product_brand","embeddable":true,"href":"https:\/\/paracherkaoui.ma\/index.php\/wp-json\/wp\/v2\/product_brand?post=47455"},{"taxonomy":"product_cat","embeddable":true,"href":"https:\/\/paracherkaoui.ma\/index.php\/wp-json\/wp\/v2\/product_cat?post=47455"},{"taxonomy":"product_tag","embeddable":true,"href":"https:\/\/paracherkaoui.ma\/index.php\/wp-json\/wp\/v2\/product_tag?post=47455"}],"curies":[{"name":"wp","href":"https:\/\/api.w.org\/{rel}","templated":true}]}}