{"id":47454,"date":"2025-12-12T19:24:58","date_gmt":"2025-12-12T18:24:58","guid":{"rendered":"https:\/\/test.ecbeaute.com\/?post_type=product&#038;p=47454"},"modified":"2025-12-12T19:25:02","modified_gmt":"2025-12-12T18:25:02","slug":"rituals-coffret-the-ritual-of-karma","status":"publish","type":"product","link":"https:\/\/paracherkaoui.ma\/index.php\/produit\/rituals-coffret-the-ritual-of-karma\/","title":{"rendered":"RITUALS COFFRET THE RITUAL OF KARMA"},"content":{"rendered":"<p>D\u00e9couvrez l\u2019\u00e9l\u00e9gance intemporelle avec le coffret Rituals The Ritual of Karma, une invitation \u00e0 prolonger l&rsquo;\u00e9t\u00e9 toute l&rsquo;ann\u00e9e gr\u00e2ce \u00e0 une s\u00e9lection de produits aux parfums envo\u00fbtants de lotus sacr\u00e9 et de th\u00e9 blanc. Ce coffret bien-\u00eatre exquis est le cadeau parfait pour un proche ou un moment d\u2019auto-c\u00e9l\u00e9bration.<br \/>\nIl contient une :<br \/>\nmousse de douche (200 ml)<br \/>\nUne cr\u00e8me pour le corps (100 ml)<br \/>\nUn gommage corporel (125 g)<br \/>\nUne bougie parfum\u00e9e<br \/>\nFormul\u00e9s avec des ingr\u00e9dients naturels comme l\u2019aloe vera, le squalane et les algues, ces produits offrent une hydratation intense et durable. La mousse de douche enveloppe la peau d\u2019un voile de douceur, tandis que la cr\u00e8me pour le corps nourrit profond\u00e9ment, laissant la peau soyeuse et \u00e9clatante. Le gommage exfolie d\u00e9licatement pour une peau renouvel\u00e9e. Quant \u00e0 la bougie parfum\u00e9e, elle diffuse une atmosph\u00e8re apaisante, transformant chaque pi\u00e8ce en un sanctuaire de s\u00e9r\u00e9nit\u00e9.<br \/>\nInspir\u00e9 de la tradition japonaise de l&rsquo;origami, le coffret incarne l&rsquo;art de l&#8217;emballage cadeau, o\u00f9 chaque pli est une marque de respect et d&rsquo;attention. La bo\u00eete \u00e9l\u00e9gante peut \u00eatre r\u00e9utilis\u00e9e pour conserver vos souvenirs pr\u00e9cieux, ajoutant une touche de raffinement durable \u00e0 votre quotidien<\/p>\n","protected":false},"excerpt":{"rendered":"<p>D\u00e9couvrez l\u2019\u00e9l\u00e9gance intemporelle avec le coffret Rituals The Ritual of Karma, une invitation \u00e0 prolonger l&rsquo;\u00e9t\u00e9 toute l&rsquo;ann\u00e9e gr\u00e2ce \u00e0<\/p>\n","protected":false},"featured_media":47490,"comment_status":"open","ping_status":"closed","template":"","meta":[],"product_brand":[859],"product_cat":[858],"product_tag":[],"class_list":{"0":"post-47454","1":"product","2":"type-product","3":"status-publish","4":"has-post-thumbnail","6":"product_brand-rituals","7":"product_cat-les-bons-deals","9":"first","10":"instock","11":"shipping-taxable","12":"purchasable","13":"product-type-simple"},"yoast_head":"<!-- This site is optimized with the Yoast SEO plugin v26.6 - https:\/\/yoast.com\/wordpress\/plugins\/seo\/ -->\r\n<title>RITUALS COFFRET THE RITUAL OF KARMA - Paracherkaoui.ma<\/title>\r\n<meta name=\"robots\" content=\"index, follow, max-snippet:-1, max-image-preview:large, max-video-preview:-1\" \/>\r\n<link rel=\"canonical\" href=\"https:\/\/paracherkaoui.ma\/index.php\/produit\/rituals-coffret-the-ritual-of-karma\/\" \/>\r\n<meta property=\"og:locale\" content=\"fr_FR\" \/>\r\n<meta property=\"og:type\" content=\"article\" \/>\r\n<meta property=\"og:title\" content=\"RITUALS COFFRET THE RITUAL OF KARMA - Paracherkaoui.ma\" \/>\r\n<meta property=\"og:description\" content=\"D\u00e9couvrez l\u2019\u00e9l\u00e9gance intemporelle avec le coffret Rituals The Ritual of Karma, une invitation \u00e0 prolonger l&rsquo;\u00e9t\u00e9 toute l&rsquo;ann\u00e9e gr\u00e2ce \u00e0\" \/>\r\n<meta property=\"og:url\" content=\"https:\/\/paracherkaoui.ma\/index.php\/produit\/rituals-coffret-the-ritual-of-karma\/\" \/>\r\n<meta property=\"og:site_name\" content=\"Paracherkaoui.ma\" \/>\r\n<meta property=\"article:modified_time\" content=\"2025-12-12T18:25:02+00:00\" \/>\r\n<meta property=\"og:image\" content=\"https:\/\/paracherkaoui.ma\/wp-content\/uploads\/2025\/12\/rituals-rituals-coffret-the-ritual-of-karma-corps.jpg\" \/>\r\n\t<meta property=\"og:image:width\" content=\"700\" \/>\r\n\t<meta property=\"og:image:height\" content=\"700\" \/>\r\n\t<meta property=\"og:image:type\" content=\"image\/jpeg\" \/>\r\n<meta name=\"twitter:card\" content=\"summary_large_image\" \/>\r\n<meta name=\"twitter:label1\" content=\"Dur\u00e9e de lecture estim\u00e9e\" \/>\n\t<meta name=\"twitter:data1\" content=\"1 minute\" \/>\r\n<script type=\"application\/ld+json\" class=\"yoast-schema-graph\">{\"@context\":\"https:\/\/schema.org\",\"@graph\":[{\"@type\":\"WebPage\",\"@id\":\"https:\/\/paracherkaoui.ma\/index.php\/produit\/rituals-coffret-the-ritual-of-karma\/\",\"url\":\"https:\/\/paracherkaoui.ma\/index.php\/produit\/rituals-coffret-the-ritual-of-karma\/\",\"name\":\"RITUALS COFFRET THE RITUAL OF KARMA - Paracherkaoui.ma\",\"isPartOf\":{\"@id\":\"https:\/\/paracherkaoui.ma\/#website\"},\"primaryImageOfPage\":{\"@id\":\"https:\/\/paracherkaoui.ma\/index.php\/produit\/rituals-coffret-the-ritual-of-karma\/#primaryimage\"},\"image\":{\"@id\":\"https:\/\/paracherkaoui.ma\/index.php\/produit\/rituals-coffret-the-ritual-of-karma\/#primaryimage\"},\"thumbnailUrl\":\"https:\/\/paracherkaoui.ma\/wp-content\/uploads\/2025\/12\/rituals-rituals-coffret-the-ritual-of-karma-corps.jpg\",\"datePublished\":\"2025-12-12T18:24:58+00:00\",\"dateModified\":\"2025-12-12T18:25:02+00:00\",\"breadcrumb\":{\"@id\":\"https:\/\/paracherkaoui.ma\/index.php\/produit\/rituals-coffret-the-ritual-of-karma\/#breadcrumb\"},\"inLanguage\":\"fr-FR\",\"potentialAction\":[{\"@type\":\"ReadAction\",\"target\":[\"https:\/\/paracherkaoui.ma\/index.php\/produit\/rituals-coffret-the-ritual-of-karma\/\"]}]},{\"@type\":\"ImageObject\",\"inLanguage\":\"fr-FR\",\"@id\":\"https:\/\/paracherkaoui.ma\/index.php\/produit\/rituals-coffret-the-ritual-of-karma\/#primaryimage\",\"url\":\"https:\/\/paracherkaoui.ma\/wp-content\/uploads\/2025\/12\/rituals-rituals-coffret-the-ritual-of-karma-corps.jpg\",\"contentUrl\":\"https:\/\/paracherkaoui.ma\/wp-content\/uploads\/2025\/12\/rituals-rituals-coffret-the-ritual-of-karma-corps.jpg\",\"width\":700,\"height\":700},{\"@type\":\"BreadcrumbList\",\"@id\":\"https:\/\/paracherkaoui.ma\/index.php\/produit\/rituals-coffret-the-ritual-of-karma\/#breadcrumb\",\"itemListElement\":[{\"@type\":\"ListItem\",\"position\":1,\"name\":\"Accueil\",\"item\":\"https:\/\/paracherkaoui.ma\/\"},{\"@type\":\"ListItem\",\"position\":2,\"name\":\"Boutique\",\"item\":\"https:\/\/paracherkaoui.ma\/index.php\/boutique\/\"},{\"@type\":\"ListItem\",\"position\":3,\"name\":\"RITUALS COFFRET THE RITUAL OF KARMA\"}]},{\"@type\":\"WebSite\",\"@id\":\"https:\/\/paracherkaoui.ma\/#website\",\"url\":\"https:\/\/paracherkaoui.ma\/\",\"name\":\"Paracherkaoui.ma\",\"description\":\"Achetez en ligne sur Paracherkaoui.ma\",\"potentialAction\":[{\"@type\":\"SearchAction\",\"target\":{\"@type\":\"EntryPoint\",\"urlTemplate\":\"https:\/\/paracherkaoui.ma\/?s={search_term_string}\"},\"query-input\":{\"@type\":\"PropertyValueSpecification\",\"valueRequired\":true,\"valueName\":\"search_term_string\"}}],\"inLanguage\":\"fr-FR\"}]}<\/script>\r\n<!-- \/ Yoast SEO plugin. -->","yoast_head_json":{"title":"RITUALS COFFRET THE RITUAL OF KARMA - Paracherkaoui.ma","robots":{"index":"index","follow":"follow","max-snippet":"max-snippet:-1","max-image-preview":"max-image-preview:large","max-video-preview":"max-video-preview:-1"},"canonical":"https:\/\/paracherkaoui.ma\/index.php\/produit\/rituals-coffret-the-ritual-of-karma\/","og_locale":"fr_FR","og_type":"article","og_title":"RITUALS COFFRET THE RITUAL OF KARMA - Paracherkaoui.ma","og_description":"D\u00e9couvrez l\u2019\u00e9l\u00e9gance intemporelle avec le coffret Rituals The Ritual of Karma, une invitation \u00e0 prolonger l&rsquo;\u00e9t\u00e9 toute l&rsquo;ann\u00e9e gr\u00e2ce \u00e0","og_url":"https:\/\/paracherkaoui.ma\/index.php\/produit\/rituals-coffret-the-ritual-of-karma\/","og_site_name":"Paracherkaoui.ma","article_modified_time":"2025-12-12T18:25:02+00:00","og_image":[{"width":700,"height":700,"url":"https:\/\/paracherkaoui.ma\/wp-content\/uploads\/2025\/12\/rituals-rituals-coffret-the-ritual-of-karma-corps.jpg","type":"image\/jpeg"}],"twitter_card":"summary_large_image","twitter_misc":{"Dur\u00e9e de lecture estim\u00e9e":"1 minute"},"schema":{"@context":"https:\/\/schema.org","@graph":[{"@type":"WebPage","@id":"https:\/\/paracherkaoui.ma\/index.php\/produit\/rituals-coffret-the-ritual-of-karma\/","url":"https:\/\/paracherkaoui.ma\/index.php\/produit\/rituals-coffret-the-ritual-of-karma\/","name":"RITUALS COFFRET THE RITUAL OF KARMA - Paracherkaoui.ma","isPartOf":{"@id":"https:\/\/paracherkaoui.ma\/#website"},"primaryImageOfPage":{"@id":"https:\/\/paracherkaoui.ma\/index.php\/produit\/rituals-coffret-the-ritual-of-karma\/#primaryimage"},"image":{"@id":"https:\/\/paracherkaoui.ma\/index.php\/produit\/rituals-coffret-the-ritual-of-karma\/#primaryimage"},"thumbnailUrl":"https:\/\/paracherkaoui.ma\/wp-content\/uploads\/2025\/12\/rituals-rituals-coffret-the-ritual-of-karma-corps.jpg","datePublished":"2025-12-12T18:24:58+00:00","dateModified":"2025-12-12T18:25:02+00:00","breadcrumb":{"@id":"https:\/\/paracherkaoui.ma\/index.php\/produit\/rituals-coffret-the-ritual-of-karma\/#breadcrumb"},"inLanguage":"fr-FR","potentialAction":[{"@type":"ReadAction","target":["https:\/\/paracherkaoui.ma\/index.php\/produit\/rituals-coffret-the-ritual-of-karma\/"]}]},{"@type":"ImageObject","inLanguage":"fr-FR","@id":"https:\/\/paracherkaoui.ma\/index.php\/produit\/rituals-coffret-the-ritual-of-karma\/#primaryimage","url":"https:\/\/paracherkaoui.ma\/wp-content\/uploads\/2025\/12\/rituals-rituals-coffret-the-ritual-of-karma-corps.jpg","contentUrl":"https:\/\/paracherkaoui.ma\/wp-content\/uploads\/2025\/12\/rituals-rituals-coffret-the-ritual-of-karma-corps.jpg","width":700,"height":700},{"@type":"BreadcrumbList","@id":"https:\/\/paracherkaoui.ma\/index.php\/produit\/rituals-coffret-the-ritual-of-karma\/#breadcrumb","itemListElement":[{"@type":"ListItem","position":1,"name":"Accueil","item":"https:\/\/paracherkaoui.ma\/"},{"@type":"ListItem","position":2,"name":"Boutique","item":"https:\/\/paracherkaoui.ma\/index.php\/boutique\/"},{"@type":"ListItem","position":3,"name":"RITUALS COFFRET THE RITUAL OF KARMA"}]},{"@type":"WebSite","@id":"https:\/\/paracherkaoui.ma\/#website","url":"https:\/\/paracherkaoui.ma\/","name":"Paracherkaoui.ma","description":"Achetez en ligne sur Paracherkaoui.ma","potentialAction":[{"@type":"SearchAction","target":{"@type":"EntryPoint","urlTemplate":"https:\/\/paracherkaoui.ma\/?s={search_term_string}"},"query-input":{"@type":"PropertyValueSpecification","valueRequired":true,"valueName":"search_term_string"}}],"inLanguage":"fr-FR"}]}},"_links":{"self":[{"href":"https:\/\/paracherkaoui.ma\/index.php\/wp-json\/wp\/v2\/product\/47454","targetHints":{"allow":["GET"]}}],"collection":[{"href":"https:\/\/paracherkaoui.ma\/index.php\/wp-json\/wp\/v2\/product"}],"about":[{"href":"https:\/\/paracherkaoui.ma\/index.php\/wp-json\/wp\/v2\/types\/product"}],"replies":[{"embeddable":true,"href":"https:\/\/paracherkaoui.ma\/index.php\/wp-json\/wp\/v2\/comments?post=47454"}],"version-history":[{"count":1,"href":"https:\/\/paracherkaoui.ma\/index.php\/wp-json\/wp\/v2\/product\/47454\/revisions"}],"predecessor-version":[{"id":47491,"href":"https:\/\/paracherkaoui.ma\/index.php\/wp-json\/wp\/v2\/product\/47454\/revisions\/47491"}],"wp:featuredmedia":[{"embeddable":true,"href":"https:\/\/paracherkaoui.ma\/index.php\/wp-json\/wp\/v2\/media\/47490"}],"wp:attachment":[{"href":"https:\/\/paracherkaoui.ma\/index.php\/wp-json\/wp\/v2\/media?parent=47454"}],"wp:term":[{"taxonomy":"product_brand","embeddable":true,"href":"https:\/\/paracherkaoui.ma\/index.php\/wp-json\/wp\/v2\/product_brand?post=47454"},{"taxonomy":"product_cat","embeddable":true,"href":"https:\/\/paracherkaoui.ma\/index.php\/wp-json\/wp\/v2\/product_cat?post=47454"},{"taxonomy":"product_tag","embeddable":true,"href":"https:\/\/paracherkaoui.ma\/index.php\/wp-json\/wp\/v2\/product_tag?post=47454"}],"curies":[{"name":"wp","href":"https:\/\/api.w.org\/{rel}","templated":true}]}}