{"id":47449,"date":"2025-12-12T19:24:58","date_gmt":"2025-12-12T18:24:58","guid":{"rendered":"https:\/\/test.ecbeaute.com\/?post_type=product&#038;p=47449"},"modified":"2025-12-12T19:25:00","modified_gmt":"2025-12-12T18:25:00","slug":"algologie-coffret-beaute-rivage-2","status":"publish","type":"product","link":"https:\/\/paracherkaoui.ma\/index.php\/produit\/algologie-coffret-beaute-rivage-2\/","title":{"rendered":"ALGOLOGIE COFFRET BEAUTE RIVAGE"},"content":{"rendered":"<p>N\u00e9s de l&rsquo;inspiration du bord de mer de la Bretagne et de la richesse de sa biodiversit\u00e9, les soins Algologie sont enrichis en actifs marins pour des r\u00e9sultats visibles sur la peau.<br \/>\nLe coffret contient:<br \/>\nCr\u00e8me du Rivage 50ml :<br \/>\nCette cr\u00e8me onctueuse, particuli\u00e8rement hydratante, est concentr\u00e9e en extraits marins pour r\u00e9duire les signes de l\u2019\u00e2ge.<br \/>\nBaume du Rivage 50ml :<br \/>\nGr\u00e2ce \u00e0 des AHA, ce soin de nuit exfolie et lisse la surface cutan\u00e9e tout en am\u00e9liorant la texture de la peau pour un effet \u00ab resurfa\u00e7ant \u00bb.<\/p>\n","protected":false},"excerpt":{"rendered":"<p>N\u00e9s de l&rsquo;inspiration du bord de mer de la Bretagne et de la richesse de sa biodiversit\u00e9, les soins Algologie<\/p>\n","protected":false},"featured_media":33455,"comment_status":"open","ping_status":"closed","template":"","meta":[],"product_brand":[384],"product_cat":[858],"product_tag":[],"class_list":{"0":"post-47449","1":"product","2":"type-product","3":"status-publish","4":"has-post-thumbnail","6":"product_brand-algologie","7":"product_cat-les-bons-deals","9":"first","10":"instock","11":"sale","12":"shipping-taxable","13":"purchasable","14":"product-type-simple"},"yoast_head":"<!-- This site is optimized with the Yoast SEO plugin v26.6 - https:\/\/yoast.com\/wordpress\/plugins\/seo\/ -->\r\n<title>ALGOLOGIE COFFRET BEAUTE RIVAGE - Paracherkaoui.ma<\/title>\r\n<meta name=\"robots\" content=\"index, follow, max-snippet:-1, max-image-preview:large, max-video-preview:-1\" \/>\r\n<link rel=\"canonical\" href=\"https:\/\/paracherkaoui.ma\/index.php\/produit\/algologie-coffret-beaute-rivage-2\/\" \/>\r\n<meta property=\"og:locale\" content=\"fr_FR\" \/>\r\n<meta property=\"og:type\" content=\"article\" \/>\r\n<meta property=\"og:title\" content=\"ALGOLOGIE COFFRET BEAUTE RIVAGE - Paracherkaoui.ma\" \/>\r\n<meta property=\"og:description\" content=\"N\u00e9s de l&rsquo;inspiration du bord de mer de la Bretagne et de la richesse de sa biodiversit\u00e9, les soins Algologie\" \/>\r\n<meta property=\"og:url\" content=\"https:\/\/paracherkaoui.ma\/index.php\/produit\/algologie-coffret-beaute-rivage-2\/\" \/>\r\n<meta property=\"og:site_name\" content=\"Paracherkaoui.ma\" \/>\r\n<meta property=\"article:modified_time\" content=\"2025-12-12T18:25:00+00:00\" \/>\r\n<meta property=\"og:image\" content=\"https:\/\/paracherkaoui.ma\/wp-content\/uploads\/2025\/12\/algologie-algologie-coffret-beaute-rivage-promotions-diverses.jpg\" \/>\r\n\t<meta property=\"og:image:width\" content=\"700\" \/>\r\n\t<meta property=\"og:image:height\" content=\"700\" \/>\r\n\t<meta property=\"og:image:type\" content=\"image\/jpeg\" \/>\r\n<meta name=\"twitter:card\" content=\"summary_large_image\" \/>\r\n<script type=\"application\/ld+json\" class=\"yoast-schema-graph\">{\"@context\":\"https:\/\/schema.org\",\"@graph\":[{\"@type\":\"WebPage\",\"@id\":\"https:\/\/paracherkaoui.ma\/index.php\/produit\/algologie-coffret-beaute-rivage-2\/\",\"url\":\"https:\/\/paracherkaoui.ma\/index.php\/produit\/algologie-coffret-beaute-rivage-2\/\",\"name\":\"ALGOLOGIE COFFRET BEAUTE RIVAGE - Paracherkaoui.ma\",\"isPartOf\":{\"@id\":\"https:\/\/paracherkaoui.ma\/#website\"},\"primaryImageOfPage\":{\"@id\":\"https:\/\/paracherkaoui.ma\/index.php\/produit\/algologie-coffret-beaute-rivage-2\/#primaryimage\"},\"image\":{\"@id\":\"https:\/\/paracherkaoui.ma\/index.php\/produit\/algologie-coffret-beaute-rivage-2\/#primaryimage\"},\"thumbnailUrl\":\"https:\/\/paracherkaoui.ma\/wp-content\/uploads\/2025\/12\/algologie-algologie-coffret-beaute-rivage-promotions-diverses.jpg\",\"datePublished\":\"2025-12-12T18:24:58+00:00\",\"dateModified\":\"2025-12-12T18:25:00+00:00\",\"breadcrumb\":{\"@id\":\"https:\/\/paracherkaoui.ma\/index.php\/produit\/algologie-coffret-beaute-rivage-2\/#breadcrumb\"},\"inLanguage\":\"fr-FR\",\"potentialAction\":[{\"@type\":\"ReadAction\",\"target\":[\"https:\/\/paracherkaoui.ma\/index.php\/produit\/algologie-coffret-beaute-rivage-2\/\"]}]},{\"@type\":\"ImageObject\",\"inLanguage\":\"fr-FR\",\"@id\":\"https:\/\/paracherkaoui.ma\/index.php\/produit\/algologie-coffret-beaute-rivage-2\/#primaryimage\",\"url\":\"https:\/\/paracherkaoui.ma\/wp-content\/uploads\/2025\/12\/algologie-algologie-coffret-beaute-rivage-promotions-diverses.jpg\",\"contentUrl\":\"https:\/\/paracherkaoui.ma\/wp-content\/uploads\/2025\/12\/algologie-algologie-coffret-beaute-rivage-promotions-diverses.jpg\",\"width\":700,\"height\":700},{\"@type\":\"BreadcrumbList\",\"@id\":\"https:\/\/paracherkaoui.ma\/index.php\/produit\/algologie-coffret-beaute-rivage-2\/#breadcrumb\",\"itemListElement\":[{\"@type\":\"ListItem\",\"position\":1,\"name\":\"Accueil\",\"item\":\"https:\/\/paracherkaoui.ma\/\"},{\"@type\":\"ListItem\",\"position\":2,\"name\":\"Boutique\",\"item\":\"https:\/\/paracherkaoui.ma\/index.php\/boutique\/\"},{\"@type\":\"ListItem\",\"position\":3,\"name\":\"ALGOLOGIE COFFRET BEAUTE RIVAGE\"}]},{\"@type\":\"WebSite\",\"@id\":\"https:\/\/paracherkaoui.ma\/#website\",\"url\":\"https:\/\/paracherkaoui.ma\/\",\"name\":\"Paracherkaoui.ma\",\"description\":\"Achetez en ligne sur Paracherkaoui.ma\",\"potentialAction\":[{\"@type\":\"SearchAction\",\"target\":{\"@type\":\"EntryPoint\",\"urlTemplate\":\"https:\/\/paracherkaoui.ma\/?s={search_term_string}\"},\"query-input\":{\"@type\":\"PropertyValueSpecification\",\"valueRequired\":true,\"valueName\":\"search_term_string\"}}],\"inLanguage\":\"fr-FR\"}]}<\/script>\r\n<!-- \/ Yoast SEO plugin. -->","yoast_head_json":{"title":"ALGOLOGIE COFFRET BEAUTE RIVAGE - Paracherkaoui.ma","robots":{"index":"index","follow":"follow","max-snippet":"max-snippet:-1","max-image-preview":"max-image-preview:large","max-video-preview":"max-video-preview:-1"},"canonical":"https:\/\/paracherkaoui.ma\/index.php\/produit\/algologie-coffret-beaute-rivage-2\/","og_locale":"fr_FR","og_type":"article","og_title":"ALGOLOGIE COFFRET BEAUTE RIVAGE - Paracherkaoui.ma","og_description":"N\u00e9s de l&rsquo;inspiration du bord de mer de la Bretagne et de la richesse de sa biodiversit\u00e9, les soins Algologie","og_url":"https:\/\/paracherkaoui.ma\/index.php\/produit\/algologie-coffret-beaute-rivage-2\/","og_site_name":"Paracherkaoui.ma","article_modified_time":"2025-12-12T18:25:00+00:00","og_image":[{"width":700,"height":700,"url":"https:\/\/paracherkaoui.ma\/wp-content\/uploads\/2025\/12\/algologie-algologie-coffret-beaute-rivage-promotions-diverses.jpg","type":"image\/jpeg"}],"twitter_card":"summary_large_image","schema":{"@context":"https:\/\/schema.org","@graph":[{"@type":"WebPage","@id":"https:\/\/paracherkaoui.ma\/index.php\/produit\/algologie-coffret-beaute-rivage-2\/","url":"https:\/\/paracherkaoui.ma\/index.php\/produit\/algologie-coffret-beaute-rivage-2\/","name":"ALGOLOGIE COFFRET BEAUTE RIVAGE - Paracherkaoui.ma","isPartOf":{"@id":"https:\/\/paracherkaoui.ma\/#website"},"primaryImageOfPage":{"@id":"https:\/\/paracherkaoui.ma\/index.php\/produit\/algologie-coffret-beaute-rivage-2\/#primaryimage"},"image":{"@id":"https:\/\/paracherkaoui.ma\/index.php\/produit\/algologie-coffret-beaute-rivage-2\/#primaryimage"},"thumbnailUrl":"https:\/\/paracherkaoui.ma\/wp-content\/uploads\/2025\/12\/algologie-algologie-coffret-beaute-rivage-promotions-diverses.jpg","datePublished":"2025-12-12T18:24:58+00:00","dateModified":"2025-12-12T18:25:00+00:00","breadcrumb":{"@id":"https:\/\/paracherkaoui.ma\/index.php\/produit\/algologie-coffret-beaute-rivage-2\/#breadcrumb"},"inLanguage":"fr-FR","potentialAction":[{"@type":"ReadAction","target":["https:\/\/paracherkaoui.ma\/index.php\/produit\/algologie-coffret-beaute-rivage-2\/"]}]},{"@type":"ImageObject","inLanguage":"fr-FR","@id":"https:\/\/paracherkaoui.ma\/index.php\/produit\/algologie-coffret-beaute-rivage-2\/#primaryimage","url":"https:\/\/paracherkaoui.ma\/wp-content\/uploads\/2025\/12\/algologie-algologie-coffret-beaute-rivage-promotions-diverses.jpg","contentUrl":"https:\/\/paracherkaoui.ma\/wp-content\/uploads\/2025\/12\/algologie-algologie-coffret-beaute-rivage-promotions-diverses.jpg","width":700,"height":700},{"@type":"BreadcrumbList","@id":"https:\/\/paracherkaoui.ma\/index.php\/produit\/algologie-coffret-beaute-rivage-2\/#breadcrumb","itemListElement":[{"@type":"ListItem","position":1,"name":"Accueil","item":"https:\/\/paracherkaoui.ma\/"},{"@type":"ListItem","position":2,"name":"Boutique","item":"https:\/\/paracherkaoui.ma\/index.php\/boutique\/"},{"@type":"ListItem","position":3,"name":"ALGOLOGIE COFFRET BEAUTE RIVAGE"}]},{"@type":"WebSite","@id":"https:\/\/paracherkaoui.ma\/#website","url":"https:\/\/paracherkaoui.ma\/","name":"Paracherkaoui.ma","description":"Achetez en ligne sur Paracherkaoui.ma","potentialAction":[{"@type":"SearchAction","target":{"@type":"EntryPoint","urlTemplate":"https:\/\/paracherkaoui.ma\/?s={search_term_string}"},"query-input":{"@type":"PropertyValueSpecification","valueRequired":true,"valueName":"search_term_string"}}],"inLanguage":"fr-FR"}]}},"_links":{"self":[{"href":"https:\/\/paracherkaoui.ma\/index.php\/wp-json\/wp\/v2\/product\/47449","targetHints":{"allow":["GET"]}}],"collection":[{"href":"https:\/\/paracherkaoui.ma\/index.php\/wp-json\/wp\/v2\/product"}],"about":[{"href":"https:\/\/paracherkaoui.ma\/index.php\/wp-json\/wp\/v2\/types\/product"}],"replies":[{"embeddable":true,"href":"https:\/\/paracherkaoui.ma\/index.php\/wp-json\/wp\/v2\/comments?post=47449"}],"version-history":[{"count":1,"href":"https:\/\/paracherkaoui.ma\/index.php\/wp-json\/wp\/v2\/product\/47449\/revisions"}],"predecessor-version":[{"id":47481,"href":"https:\/\/paracherkaoui.ma\/index.php\/wp-json\/wp\/v2\/product\/47449\/revisions\/47481"}],"wp:featuredmedia":[{"embeddable":true,"href":"https:\/\/paracherkaoui.ma\/index.php\/wp-json\/wp\/v2\/media\/33455"}],"wp:attachment":[{"href":"https:\/\/paracherkaoui.ma\/index.php\/wp-json\/wp\/v2\/media?parent=47449"}],"wp:term":[{"taxonomy":"product_brand","embeddable":true,"href":"https:\/\/paracherkaoui.ma\/index.php\/wp-json\/wp\/v2\/product_brand?post=47449"},{"taxonomy":"product_cat","embeddable":true,"href":"https:\/\/paracherkaoui.ma\/index.php\/wp-json\/wp\/v2\/product_cat?post=47449"},{"taxonomy":"product_tag","embeddable":true,"href":"https:\/\/paracherkaoui.ma\/index.php\/wp-json\/wp\/v2\/product_tag?post=47449"}],"curies":[{"name":"wp","href":"https:\/\/api.w.org\/{rel}","templated":true}]}}