{"id":47388,"date":"2025-12-12T19:24:50","date_gmt":"2025-12-12T18:24:50","guid":{"rendered":"https:\/\/test.ecbeaute.com\/?post_type=product&#038;p=47388"},"modified":"2025-12-12T19:24:57","modified_gmt":"2025-12-12T18:24:57","slug":"algologie-coffret-rivage","status":"publish","type":"product","link":"https:\/\/paracherkaoui.ma\/index.php\/produit\/algologie-coffret-rivage\/","title":{"rendered":"ALGOLOGIE COFFRET RIVAGE"},"content":{"rendered":"<p>Le pack contient:<br \/>\nCr\u00e8me du rivage 50 ml:<br \/>\nCette cr\u00e8me onctueuse, particuli\u00e8rement hydratante, est concentr\u00e9e en extraits marins pour r\u00e9duire les signes de l\u2019\u00e2ge.<br \/>\nRegard du rivage 15 ml:<br \/>\nImm\u00e9diatement, le contour de l\u2019\u0153il est d\u00e9froiss\u00e9. Jour apr\u00e8s jour, le regard est rajeuni.<br \/>\nEffet combleur de rides imm\u00e9diat.<br \/>\nTexture nacr\u00e9e onctueuse qui illumine le regard.<br \/>\nSoin double : anti-\u00e2ge et anti-cernes.<\/p>\n","protected":false},"excerpt":{"rendered":"<p>Le pack contient: Cr\u00e8me du rivage 50 ml: Cette cr\u00e8me onctueuse, particuli\u00e8rement hydratante, est concentr\u00e9e en extraits marins pour r\u00e9duire<\/p>\n","protected":false},"featured_media":47445,"comment_status":"open","ping_status":"closed","template":"","meta":[],"product_brand":[384],"product_cat":[858],"product_tag":[],"class_list":{"0":"post-47388","1":"product","2":"type-product","3":"status-publish","4":"has-post-thumbnail","6":"product_brand-algologie","7":"product_cat-les-bons-deals","9":"first","10":"instock","11":"sale","12":"shipping-taxable","13":"purchasable","14":"product-type-simple"},"yoast_head":"<!-- This site is optimized with the Yoast SEO plugin v26.6 - https:\/\/yoast.com\/wordpress\/plugins\/seo\/ -->\r\n<title>ALGOLOGIE COFFRET RIVAGE - Paracherkaoui.ma<\/title>\r\n<meta name=\"robots\" content=\"index, follow, max-snippet:-1, max-image-preview:large, max-video-preview:-1\" \/>\r\n<link rel=\"canonical\" href=\"https:\/\/paracherkaoui.ma\/index.php\/produit\/algologie-coffret-rivage\/\" \/>\r\n<meta property=\"og:locale\" content=\"fr_FR\" \/>\r\n<meta property=\"og:type\" content=\"article\" \/>\r\n<meta property=\"og:title\" content=\"ALGOLOGIE COFFRET RIVAGE - Paracherkaoui.ma\" \/>\r\n<meta property=\"og:description\" content=\"Le pack contient: Cr\u00e8me du rivage 50 ml: Cette cr\u00e8me onctueuse, particuli\u00e8rement hydratante, est concentr\u00e9e en extraits marins pour r\u00e9duire\" \/>\r\n<meta property=\"og:url\" content=\"https:\/\/paracherkaoui.ma\/index.php\/produit\/algologie-coffret-rivage\/\" \/>\r\n<meta property=\"og:site_name\" content=\"Paracherkaoui.ma\" \/>\r\n<meta property=\"article:modified_time\" content=\"2025-12-12T18:24:57+00:00\" \/>\r\n<meta property=\"og:image\" content=\"https:\/\/paracherkaoui.ma\/wp-content\/uploads\/2025\/12\/algologie-algologie-coffret-rivage-promotions-diverses.jpg\" \/>\r\n\t<meta property=\"og:image:width\" content=\"700\" \/>\r\n\t<meta property=\"og:image:height\" content=\"700\" \/>\r\n\t<meta property=\"og:image:type\" content=\"image\/jpeg\" \/>\r\n<meta name=\"twitter:card\" content=\"summary_large_image\" \/>\r\n<script type=\"application\/ld+json\" class=\"yoast-schema-graph\">{\"@context\":\"https:\/\/schema.org\",\"@graph\":[{\"@type\":\"WebPage\",\"@id\":\"https:\/\/paracherkaoui.ma\/index.php\/produit\/algologie-coffret-rivage\/\",\"url\":\"https:\/\/paracherkaoui.ma\/index.php\/produit\/algologie-coffret-rivage\/\",\"name\":\"ALGOLOGIE COFFRET RIVAGE - Paracherkaoui.ma\",\"isPartOf\":{\"@id\":\"https:\/\/paracherkaoui.ma\/#website\"},\"primaryImageOfPage\":{\"@id\":\"https:\/\/paracherkaoui.ma\/index.php\/produit\/algologie-coffret-rivage\/#primaryimage\"},\"image\":{\"@id\":\"https:\/\/paracherkaoui.ma\/index.php\/produit\/algologie-coffret-rivage\/#primaryimage\"},\"thumbnailUrl\":\"https:\/\/paracherkaoui.ma\/wp-content\/uploads\/2025\/12\/algologie-algologie-coffret-rivage-promotions-diverses.jpg\",\"datePublished\":\"2025-12-12T18:24:50+00:00\",\"dateModified\":\"2025-12-12T18:24:57+00:00\",\"breadcrumb\":{\"@id\":\"https:\/\/paracherkaoui.ma\/index.php\/produit\/algologie-coffret-rivage\/#breadcrumb\"},\"inLanguage\":\"fr-FR\",\"potentialAction\":[{\"@type\":\"ReadAction\",\"target\":[\"https:\/\/paracherkaoui.ma\/index.php\/produit\/algologie-coffret-rivage\/\"]}]},{\"@type\":\"ImageObject\",\"inLanguage\":\"fr-FR\",\"@id\":\"https:\/\/paracherkaoui.ma\/index.php\/produit\/algologie-coffret-rivage\/#primaryimage\",\"url\":\"https:\/\/paracherkaoui.ma\/wp-content\/uploads\/2025\/12\/algologie-algologie-coffret-rivage-promotions-diverses.jpg\",\"contentUrl\":\"https:\/\/paracherkaoui.ma\/wp-content\/uploads\/2025\/12\/algologie-algologie-coffret-rivage-promotions-diverses.jpg\",\"width\":700,\"height\":700},{\"@type\":\"BreadcrumbList\",\"@id\":\"https:\/\/paracherkaoui.ma\/index.php\/produit\/algologie-coffret-rivage\/#breadcrumb\",\"itemListElement\":[{\"@type\":\"ListItem\",\"position\":1,\"name\":\"Accueil\",\"item\":\"https:\/\/paracherkaoui.ma\/\"},{\"@type\":\"ListItem\",\"position\":2,\"name\":\"Boutique\",\"item\":\"https:\/\/paracherkaoui.ma\/index.php\/boutique\/\"},{\"@type\":\"ListItem\",\"position\":3,\"name\":\"ALGOLOGIE COFFRET RIVAGE\"}]},{\"@type\":\"WebSite\",\"@id\":\"https:\/\/paracherkaoui.ma\/#website\",\"url\":\"https:\/\/paracherkaoui.ma\/\",\"name\":\"Paracherkaoui.ma\",\"description\":\"Achetez en ligne sur Paracherkaoui.ma\",\"potentialAction\":[{\"@type\":\"SearchAction\",\"target\":{\"@type\":\"EntryPoint\",\"urlTemplate\":\"https:\/\/paracherkaoui.ma\/?s={search_term_string}\"},\"query-input\":{\"@type\":\"PropertyValueSpecification\",\"valueRequired\":true,\"valueName\":\"search_term_string\"}}],\"inLanguage\":\"fr-FR\"}]}<\/script>\r\n<!-- \/ Yoast SEO plugin. -->","yoast_head_json":{"title":"ALGOLOGIE COFFRET RIVAGE - Paracherkaoui.ma","robots":{"index":"index","follow":"follow","max-snippet":"max-snippet:-1","max-image-preview":"max-image-preview:large","max-video-preview":"max-video-preview:-1"},"canonical":"https:\/\/paracherkaoui.ma\/index.php\/produit\/algologie-coffret-rivage\/","og_locale":"fr_FR","og_type":"article","og_title":"ALGOLOGIE COFFRET RIVAGE - Paracherkaoui.ma","og_description":"Le pack contient: Cr\u00e8me du rivage 50 ml: Cette cr\u00e8me onctueuse, particuli\u00e8rement hydratante, est concentr\u00e9e en extraits marins pour r\u00e9duire","og_url":"https:\/\/paracherkaoui.ma\/index.php\/produit\/algologie-coffret-rivage\/","og_site_name":"Paracherkaoui.ma","article_modified_time":"2025-12-12T18:24:57+00:00","og_image":[{"width":700,"height":700,"url":"https:\/\/paracherkaoui.ma\/wp-content\/uploads\/2025\/12\/algologie-algologie-coffret-rivage-promotions-diverses.jpg","type":"image\/jpeg"}],"twitter_card":"summary_large_image","schema":{"@context":"https:\/\/schema.org","@graph":[{"@type":"WebPage","@id":"https:\/\/paracherkaoui.ma\/index.php\/produit\/algologie-coffret-rivage\/","url":"https:\/\/paracherkaoui.ma\/index.php\/produit\/algologie-coffret-rivage\/","name":"ALGOLOGIE COFFRET RIVAGE - Paracherkaoui.ma","isPartOf":{"@id":"https:\/\/paracherkaoui.ma\/#website"},"primaryImageOfPage":{"@id":"https:\/\/paracherkaoui.ma\/index.php\/produit\/algologie-coffret-rivage\/#primaryimage"},"image":{"@id":"https:\/\/paracherkaoui.ma\/index.php\/produit\/algologie-coffret-rivage\/#primaryimage"},"thumbnailUrl":"https:\/\/paracherkaoui.ma\/wp-content\/uploads\/2025\/12\/algologie-algologie-coffret-rivage-promotions-diverses.jpg","datePublished":"2025-12-12T18:24:50+00:00","dateModified":"2025-12-12T18:24:57+00:00","breadcrumb":{"@id":"https:\/\/paracherkaoui.ma\/index.php\/produit\/algologie-coffret-rivage\/#breadcrumb"},"inLanguage":"fr-FR","potentialAction":[{"@type":"ReadAction","target":["https:\/\/paracherkaoui.ma\/index.php\/produit\/algologie-coffret-rivage\/"]}]},{"@type":"ImageObject","inLanguage":"fr-FR","@id":"https:\/\/paracherkaoui.ma\/index.php\/produit\/algologie-coffret-rivage\/#primaryimage","url":"https:\/\/paracherkaoui.ma\/wp-content\/uploads\/2025\/12\/algologie-algologie-coffret-rivage-promotions-diverses.jpg","contentUrl":"https:\/\/paracherkaoui.ma\/wp-content\/uploads\/2025\/12\/algologie-algologie-coffret-rivage-promotions-diverses.jpg","width":700,"height":700},{"@type":"BreadcrumbList","@id":"https:\/\/paracherkaoui.ma\/index.php\/produit\/algologie-coffret-rivage\/#breadcrumb","itemListElement":[{"@type":"ListItem","position":1,"name":"Accueil","item":"https:\/\/paracherkaoui.ma\/"},{"@type":"ListItem","position":2,"name":"Boutique","item":"https:\/\/paracherkaoui.ma\/index.php\/boutique\/"},{"@type":"ListItem","position":3,"name":"ALGOLOGIE COFFRET RIVAGE"}]},{"@type":"WebSite","@id":"https:\/\/paracherkaoui.ma\/#website","url":"https:\/\/paracherkaoui.ma\/","name":"Paracherkaoui.ma","description":"Achetez en ligne sur Paracherkaoui.ma","potentialAction":[{"@type":"SearchAction","target":{"@type":"EntryPoint","urlTemplate":"https:\/\/paracherkaoui.ma\/?s={search_term_string}"},"query-input":{"@type":"PropertyValueSpecification","valueRequired":true,"valueName":"search_term_string"}}],"inLanguage":"fr-FR"}]}},"_links":{"self":[{"href":"https:\/\/paracherkaoui.ma\/index.php\/wp-json\/wp\/v2\/product\/47388","targetHints":{"allow":["GET"]}}],"collection":[{"href":"https:\/\/paracherkaoui.ma\/index.php\/wp-json\/wp\/v2\/product"}],"about":[{"href":"https:\/\/paracherkaoui.ma\/index.php\/wp-json\/wp\/v2\/types\/product"}],"replies":[{"embeddable":true,"href":"https:\/\/paracherkaoui.ma\/index.php\/wp-json\/wp\/v2\/comments?post=47388"}],"version-history":[{"count":1,"href":"https:\/\/paracherkaoui.ma\/index.php\/wp-json\/wp\/v2\/product\/47388\/revisions"}],"predecessor-version":[{"id":47446,"href":"https:\/\/paracherkaoui.ma\/index.php\/wp-json\/wp\/v2\/product\/47388\/revisions\/47446"}],"wp:featuredmedia":[{"embeddable":true,"href":"https:\/\/paracherkaoui.ma\/index.php\/wp-json\/wp\/v2\/media\/47445"}],"wp:attachment":[{"href":"https:\/\/paracherkaoui.ma\/index.php\/wp-json\/wp\/v2\/media?parent=47388"}],"wp:term":[{"taxonomy":"product_brand","embeddable":true,"href":"https:\/\/paracherkaoui.ma\/index.php\/wp-json\/wp\/v2\/product_brand?post=47388"},{"taxonomy":"product_cat","embeddable":true,"href":"https:\/\/paracherkaoui.ma\/index.php\/wp-json\/wp\/v2\/product_cat?post=47388"},{"taxonomy":"product_tag","embeddable":true,"href":"https:\/\/paracherkaoui.ma\/index.php\/wp-json\/wp\/v2\/product_tag?post=47388"}],"curies":[{"name":"wp","href":"https:\/\/api.w.org\/{rel}","templated":true}]}}