{"id":47387,"date":"2025-12-12T19:24:50","date_gmt":"2025-12-12T18:24:50","guid":{"rendered":"https:\/\/test.ecbeaute.com\/?post_type=product&#038;p=47387"},"modified":"2025-12-12T19:24:57","modified_gmt":"2025-12-12T18:24:57","slug":"algologie-coffret-tresors-de-la-presquile-2","status":"publish","type":"product","link":"https:\/\/paracherkaoui.ma\/index.php\/produit\/algologie-coffret-tresors-de-la-presquile-2\/","title":{"rendered":"ALGOLOGIE COFFRET TRESORS DE LA PRESQUILE"},"content":{"rendered":"<p>Le coffret contient :<br \/>\nLa cr\u00e8me de la presqu\u2019ile 50 ml:<br \/>\nCette cr\u00e8me riche et onctueuse enveloppe la peau pour une sensation de confort imm\u00e9diat. De pr\u00e9cieux extraits marins vont r\u00e9duire l\u2019apparence des rides, la perte de fermet\u00e9, le manque de densit\u00e9 et d\u2019\u00e9clat.<br \/>\nBaume de la presqu\u2019ile 50 ml:<br \/>\nUn soin haute performance qui associe la puissance d\u2019ALGO 4 \u00e0 des ingr\u00e9dients cibl\u00e9s pour un regard qui rayonne de jeunesse et un contour des l\u00e8vres visiblement regalb\u00e9.<\/p>\n","protected":false},"excerpt":{"rendered":"<p>Le coffret contient : La cr\u00e8me de la presqu\u2019ile 50 ml: Cette cr\u00e8me riche et onctueuse enveloppe la peau pour<\/p>\n","protected":false},"featured_media":33552,"comment_status":"open","ping_status":"closed","template":"","meta":[],"product_brand":[384],"product_cat":[858],"product_tag":[],"class_list":{"0":"post-47387","1":"product","2":"type-product","3":"status-publish","4":"has-post-thumbnail","6":"product_brand-algologie","7":"product_cat-les-bons-deals","9":"first","10":"instock","11":"sale","12":"shipping-taxable","13":"purchasable","14":"product-type-simple"},"yoast_head":"<!-- This site is optimized with the Yoast SEO plugin v26.6 - https:\/\/yoast.com\/wordpress\/plugins\/seo\/ -->\r\n<title>ALGOLOGIE COFFRET TRESORS DE LA PRESQUILE - Paracherkaoui.ma<\/title>\r\n<meta name=\"robots\" content=\"index, follow, max-snippet:-1, max-image-preview:large, max-video-preview:-1\" \/>\r\n<link rel=\"canonical\" href=\"https:\/\/paracherkaoui.ma\/index.php\/produit\/algologie-coffret-tresors-de-la-presquile-2\/\" \/>\r\n<meta property=\"og:locale\" content=\"fr_FR\" \/>\r\n<meta property=\"og:type\" content=\"article\" \/>\r\n<meta property=\"og:title\" content=\"ALGOLOGIE COFFRET TRESORS DE LA PRESQUILE - Paracherkaoui.ma\" \/>\r\n<meta property=\"og:description\" content=\"Le coffret contient : La cr\u00e8me de la presqu\u2019ile 50 ml: Cette cr\u00e8me riche et onctueuse enveloppe la peau pour\" \/>\r\n<meta property=\"og:url\" content=\"https:\/\/paracherkaoui.ma\/index.php\/produit\/algologie-coffret-tresors-de-la-presquile-2\/\" \/>\r\n<meta property=\"og:site_name\" content=\"Paracherkaoui.ma\" \/>\r\n<meta property=\"article:modified_time\" content=\"2025-12-12T18:24:57+00:00\" \/>\r\n<meta property=\"og:image\" content=\"https:\/\/paracherkaoui.ma\/wp-content\/uploads\/2025\/12\/algologie-coffret-tresors-de-la-presquile.jpg\" \/>\r\n\t<meta property=\"og:image:width\" content=\"700\" \/>\r\n\t<meta property=\"og:image:height\" content=\"700\" \/>\r\n\t<meta property=\"og:image:type\" content=\"image\/jpeg\" \/>\r\n<meta name=\"twitter:card\" content=\"summary_large_image\" \/>\r\n<script type=\"application\/ld+json\" class=\"yoast-schema-graph\">{\"@context\":\"https:\/\/schema.org\",\"@graph\":[{\"@type\":\"WebPage\",\"@id\":\"https:\/\/paracherkaoui.ma\/index.php\/produit\/algologie-coffret-tresors-de-la-presquile-2\/\",\"url\":\"https:\/\/paracherkaoui.ma\/index.php\/produit\/algologie-coffret-tresors-de-la-presquile-2\/\",\"name\":\"ALGOLOGIE COFFRET TRESORS DE LA PRESQUILE - Paracherkaoui.ma\",\"isPartOf\":{\"@id\":\"https:\/\/paracherkaoui.ma\/#website\"},\"primaryImageOfPage\":{\"@id\":\"https:\/\/paracherkaoui.ma\/index.php\/produit\/algologie-coffret-tresors-de-la-presquile-2\/#primaryimage\"},\"image\":{\"@id\":\"https:\/\/paracherkaoui.ma\/index.php\/produit\/algologie-coffret-tresors-de-la-presquile-2\/#primaryimage\"},\"thumbnailUrl\":\"https:\/\/paracherkaoui.ma\/wp-content\/uploads\/2025\/12\/algologie-coffret-tresors-de-la-presquile.jpg\",\"datePublished\":\"2025-12-12T18:24:50+00:00\",\"dateModified\":\"2025-12-12T18:24:57+00:00\",\"breadcrumb\":{\"@id\":\"https:\/\/paracherkaoui.ma\/index.php\/produit\/algologie-coffret-tresors-de-la-presquile-2\/#breadcrumb\"},\"inLanguage\":\"fr-FR\",\"potentialAction\":[{\"@type\":\"ReadAction\",\"target\":[\"https:\/\/paracherkaoui.ma\/index.php\/produit\/algologie-coffret-tresors-de-la-presquile-2\/\"]}]},{\"@type\":\"ImageObject\",\"inLanguage\":\"fr-FR\",\"@id\":\"https:\/\/paracherkaoui.ma\/index.php\/produit\/algologie-coffret-tresors-de-la-presquile-2\/#primaryimage\",\"url\":\"https:\/\/paracherkaoui.ma\/wp-content\/uploads\/2025\/12\/algologie-coffret-tresors-de-la-presquile.jpg\",\"contentUrl\":\"https:\/\/paracherkaoui.ma\/wp-content\/uploads\/2025\/12\/algologie-coffret-tresors-de-la-presquile.jpg\",\"width\":700,\"height\":700},{\"@type\":\"BreadcrumbList\",\"@id\":\"https:\/\/paracherkaoui.ma\/index.php\/produit\/algologie-coffret-tresors-de-la-presquile-2\/#breadcrumb\",\"itemListElement\":[{\"@type\":\"ListItem\",\"position\":1,\"name\":\"Accueil\",\"item\":\"https:\/\/paracherkaoui.ma\/\"},{\"@type\":\"ListItem\",\"position\":2,\"name\":\"Boutique\",\"item\":\"https:\/\/paracherkaoui.ma\/index.php\/boutique\/\"},{\"@type\":\"ListItem\",\"position\":3,\"name\":\"ALGOLOGIE COFFRET TRESORS DE LA PRESQUILE\"}]},{\"@type\":\"WebSite\",\"@id\":\"https:\/\/paracherkaoui.ma\/#website\",\"url\":\"https:\/\/paracherkaoui.ma\/\",\"name\":\"Paracherkaoui.ma\",\"description\":\"Achetez en ligne sur Paracherkaoui.ma\",\"potentialAction\":[{\"@type\":\"SearchAction\",\"target\":{\"@type\":\"EntryPoint\",\"urlTemplate\":\"https:\/\/paracherkaoui.ma\/?s={search_term_string}\"},\"query-input\":{\"@type\":\"PropertyValueSpecification\",\"valueRequired\":true,\"valueName\":\"search_term_string\"}}],\"inLanguage\":\"fr-FR\"}]}<\/script>\r\n<!-- \/ Yoast SEO plugin. -->","yoast_head_json":{"title":"ALGOLOGIE COFFRET TRESORS DE LA PRESQUILE - Paracherkaoui.ma","robots":{"index":"index","follow":"follow","max-snippet":"max-snippet:-1","max-image-preview":"max-image-preview:large","max-video-preview":"max-video-preview:-1"},"canonical":"https:\/\/paracherkaoui.ma\/index.php\/produit\/algologie-coffret-tresors-de-la-presquile-2\/","og_locale":"fr_FR","og_type":"article","og_title":"ALGOLOGIE COFFRET TRESORS DE LA PRESQUILE - Paracherkaoui.ma","og_description":"Le coffret contient : La cr\u00e8me de la presqu\u2019ile 50 ml: Cette cr\u00e8me riche et onctueuse enveloppe la peau pour","og_url":"https:\/\/paracherkaoui.ma\/index.php\/produit\/algologie-coffret-tresors-de-la-presquile-2\/","og_site_name":"Paracherkaoui.ma","article_modified_time":"2025-12-12T18:24:57+00:00","og_image":[{"width":700,"height":700,"url":"https:\/\/paracherkaoui.ma\/wp-content\/uploads\/2025\/12\/algologie-coffret-tresors-de-la-presquile.jpg","type":"image\/jpeg"}],"twitter_card":"summary_large_image","schema":{"@context":"https:\/\/schema.org","@graph":[{"@type":"WebPage","@id":"https:\/\/paracherkaoui.ma\/index.php\/produit\/algologie-coffret-tresors-de-la-presquile-2\/","url":"https:\/\/paracherkaoui.ma\/index.php\/produit\/algologie-coffret-tresors-de-la-presquile-2\/","name":"ALGOLOGIE COFFRET TRESORS DE LA PRESQUILE - Paracherkaoui.ma","isPartOf":{"@id":"https:\/\/paracherkaoui.ma\/#website"},"primaryImageOfPage":{"@id":"https:\/\/paracherkaoui.ma\/index.php\/produit\/algologie-coffret-tresors-de-la-presquile-2\/#primaryimage"},"image":{"@id":"https:\/\/paracherkaoui.ma\/index.php\/produit\/algologie-coffret-tresors-de-la-presquile-2\/#primaryimage"},"thumbnailUrl":"https:\/\/paracherkaoui.ma\/wp-content\/uploads\/2025\/12\/algologie-coffret-tresors-de-la-presquile.jpg","datePublished":"2025-12-12T18:24:50+00:00","dateModified":"2025-12-12T18:24:57+00:00","breadcrumb":{"@id":"https:\/\/paracherkaoui.ma\/index.php\/produit\/algologie-coffret-tresors-de-la-presquile-2\/#breadcrumb"},"inLanguage":"fr-FR","potentialAction":[{"@type":"ReadAction","target":["https:\/\/paracherkaoui.ma\/index.php\/produit\/algologie-coffret-tresors-de-la-presquile-2\/"]}]},{"@type":"ImageObject","inLanguage":"fr-FR","@id":"https:\/\/paracherkaoui.ma\/index.php\/produit\/algologie-coffret-tresors-de-la-presquile-2\/#primaryimage","url":"https:\/\/paracherkaoui.ma\/wp-content\/uploads\/2025\/12\/algologie-coffret-tresors-de-la-presquile.jpg","contentUrl":"https:\/\/paracherkaoui.ma\/wp-content\/uploads\/2025\/12\/algologie-coffret-tresors-de-la-presquile.jpg","width":700,"height":700},{"@type":"BreadcrumbList","@id":"https:\/\/paracherkaoui.ma\/index.php\/produit\/algologie-coffret-tresors-de-la-presquile-2\/#breadcrumb","itemListElement":[{"@type":"ListItem","position":1,"name":"Accueil","item":"https:\/\/paracherkaoui.ma\/"},{"@type":"ListItem","position":2,"name":"Boutique","item":"https:\/\/paracherkaoui.ma\/index.php\/boutique\/"},{"@type":"ListItem","position":3,"name":"ALGOLOGIE COFFRET TRESORS DE LA PRESQUILE"}]},{"@type":"WebSite","@id":"https:\/\/paracherkaoui.ma\/#website","url":"https:\/\/paracherkaoui.ma\/","name":"Paracherkaoui.ma","description":"Achetez en ligne sur Paracherkaoui.ma","potentialAction":[{"@type":"SearchAction","target":{"@type":"EntryPoint","urlTemplate":"https:\/\/paracherkaoui.ma\/?s={search_term_string}"},"query-input":{"@type":"PropertyValueSpecification","valueRequired":true,"valueName":"search_term_string"}}],"inLanguage":"fr-FR"}]}},"_links":{"self":[{"href":"https:\/\/paracherkaoui.ma\/index.php\/wp-json\/wp\/v2\/product\/47387","targetHints":{"allow":["GET"]}}],"collection":[{"href":"https:\/\/paracherkaoui.ma\/index.php\/wp-json\/wp\/v2\/product"}],"about":[{"href":"https:\/\/paracherkaoui.ma\/index.php\/wp-json\/wp\/v2\/types\/product"}],"replies":[{"embeddable":true,"href":"https:\/\/paracherkaoui.ma\/index.php\/wp-json\/wp\/v2\/comments?post=47387"}],"version-history":[{"count":1,"href":"https:\/\/paracherkaoui.ma\/index.php\/wp-json\/wp\/v2\/product\/47387\/revisions"}],"predecessor-version":[{"id":47444,"href":"https:\/\/paracherkaoui.ma\/index.php\/wp-json\/wp\/v2\/product\/47387\/revisions\/47444"}],"wp:featuredmedia":[{"embeddable":true,"href":"https:\/\/paracherkaoui.ma\/index.php\/wp-json\/wp\/v2\/media\/33552"}],"wp:attachment":[{"href":"https:\/\/paracherkaoui.ma\/index.php\/wp-json\/wp\/v2\/media?parent=47387"}],"wp:term":[{"taxonomy":"product_brand","embeddable":true,"href":"https:\/\/paracherkaoui.ma\/index.php\/wp-json\/wp\/v2\/product_brand?post=47387"},{"taxonomy":"product_cat","embeddable":true,"href":"https:\/\/paracherkaoui.ma\/index.php\/wp-json\/wp\/v2\/product_cat?post=47387"},{"taxonomy":"product_tag","embeddable":true,"href":"https:\/\/paracherkaoui.ma\/index.php\/wp-json\/wp\/v2\/product_tag?post=47387"}],"curies":[{"name":"wp","href":"https:\/\/api.w.org\/{rel}","templated":true}]}}