{"id":47376,"date":"2025-12-12T19:24:49","date_gmt":"2025-12-12T18:24:49","guid":{"rendered":"https:\/\/test.ecbeaute.com\/?post_type=product&#038;p=47376"},"modified":"2025-12-12T19:24:54","modified_gmt":"2025-12-12T18:24:54","slug":"crest-3d-whitestrips-niveau-12-blanchissant-40-strips","status":"publish","type":"product","link":"https:\/\/paracherkaoui.ma\/index.php\/produit\/crest-3d-whitestrips-niveau-12-blanchissant-40-strips\/","title":{"rendered":"CREST 3D WHITESTRIPS NIVEAU 12 BLANCHISSANT 40 STRIPS"},"content":{"rendered":"<p>Vous voulez blanchir vos dents \u00e0 la maison ? Crest 3DWhitestrips Professional White est con\u00e7u pour blanchir comme un traitement de blanchiment des dents de niveau professionnel \u00e0 domicile. La prise en main confortable et antid\u00e9rapante de la technologie Advanced Seal signifie que les bandes restent en place jusqu&rsquo;\u00e0 ce que vous les retiriez, vous permettant de parler et m\u00eame de boire de l&rsquo;eau tout en blanchissant vos dents.<br \/>\nConseils d&rsquo;utilisation:<br \/>\n1) D\u00e9collez les bandes de blanchiment de la doublure de support.<br \/>\n2) \u00c9tirez puis appliquez les bandes pendant 30 minutes sur les dents du haut et du bas, puis retirez d\u00e9licatement.<br \/>\n3) \u00c9blouissez le monde avec votre sourire incroyablement plus blanc !<\/p>\n","protected":false},"excerpt":{"rendered":"<p>Vous voulez blanchir vos dents \u00e0 la maison ? Crest 3DWhitestrips Professional White est con\u00e7u pour blanchir comme un traitement<\/p>\n","protected":false},"featured_media":47422,"comment_status":"open","ping_status":"closed","template":"","meta":[],"product_brand":[819],"product_cat":[856],"product_tag":[],"class_list":{"0":"post-47376","1":"product","2":"type-product","3":"status-publish","4":"has-post-thumbnail","6":"product_brand-crest","7":"product_cat-produits-de-blanchiment","9":"first","10":"instock","11":"shipping-taxable","12":"purchasable","13":"product-type-simple"},"yoast_head":"<!-- This site is optimized with the Yoast SEO plugin v26.6 - https:\/\/yoast.com\/wordpress\/plugins\/seo\/ -->\r\n<title>CREST 3D WHITESTRIPS NIVEAU 12 BLANCHISSANT 40 STRIPS - Paracherkaoui.ma<\/title>\r\n<meta name=\"robots\" content=\"index, follow, max-snippet:-1, max-image-preview:large, max-video-preview:-1\" \/>\r\n<link rel=\"canonical\" href=\"https:\/\/paracherkaoui.ma\/index.php\/produit\/crest-3d-whitestrips-niveau-12-blanchissant-40-strips\/\" \/>\r\n<meta property=\"og:locale\" content=\"fr_FR\" \/>\r\n<meta property=\"og:type\" content=\"article\" \/>\r\n<meta property=\"og:title\" content=\"CREST 3D WHITESTRIPS NIVEAU 12 BLANCHISSANT 40 STRIPS - Paracherkaoui.ma\" \/>\r\n<meta property=\"og:description\" content=\"Vous voulez blanchir vos dents \u00e0 la maison ? Crest 3DWhitestrips Professional White est con\u00e7u pour blanchir comme un traitement\" \/>\r\n<meta property=\"og:url\" content=\"https:\/\/paracherkaoui.ma\/index.php\/produit\/crest-3d-whitestrips-niveau-12-blanchissant-40-strips\/\" \/>\r\n<meta property=\"og:site_name\" content=\"Paracherkaoui.ma\" \/>\r\n<meta property=\"article:modified_time\" content=\"2025-12-12T18:24:54+00:00\" \/>\r\n<meta property=\"og:image\" content=\"https:\/\/paracherkaoui.ma\/wp-content\/uploads\/2025\/12\/crest-crest-3d-whitestrips-niveau-12-blanchissant-40-strips-dentaire.jpg\" \/>\r\n\t<meta property=\"og:image:width\" content=\"700\" \/>\r\n\t<meta property=\"og:image:height\" content=\"700\" \/>\r\n\t<meta property=\"og:image:type\" content=\"image\/jpeg\" \/>\r\n<meta name=\"twitter:card\" content=\"summary_large_image\" \/>\r\n<meta name=\"twitter:label1\" content=\"Dur\u00e9e de lecture estim\u00e9e\" \/>\n\t<meta name=\"twitter:data1\" content=\"1 minute\" \/>\r\n<script type=\"application\/ld+json\" class=\"yoast-schema-graph\">{\"@context\":\"https:\/\/schema.org\",\"@graph\":[{\"@type\":\"WebPage\",\"@id\":\"https:\/\/paracherkaoui.ma\/index.php\/produit\/crest-3d-whitestrips-niveau-12-blanchissant-40-strips\/\",\"url\":\"https:\/\/paracherkaoui.ma\/index.php\/produit\/crest-3d-whitestrips-niveau-12-blanchissant-40-strips\/\",\"name\":\"CREST 3D WHITESTRIPS NIVEAU 12 BLANCHISSANT 40 STRIPS - Paracherkaoui.ma\",\"isPartOf\":{\"@id\":\"https:\/\/paracherkaoui.ma\/#website\"},\"primaryImageOfPage\":{\"@id\":\"https:\/\/paracherkaoui.ma\/index.php\/produit\/crest-3d-whitestrips-niveau-12-blanchissant-40-strips\/#primaryimage\"},\"image\":{\"@id\":\"https:\/\/paracherkaoui.ma\/index.php\/produit\/crest-3d-whitestrips-niveau-12-blanchissant-40-strips\/#primaryimage\"},\"thumbnailUrl\":\"https:\/\/paracherkaoui.ma\/wp-content\/uploads\/2025\/12\/crest-crest-3d-whitestrips-niveau-12-blanchissant-40-strips-dentaire.jpg\",\"datePublished\":\"2025-12-12T18:24:49+00:00\",\"dateModified\":\"2025-12-12T18:24:54+00:00\",\"breadcrumb\":{\"@id\":\"https:\/\/paracherkaoui.ma\/index.php\/produit\/crest-3d-whitestrips-niveau-12-blanchissant-40-strips\/#breadcrumb\"},\"inLanguage\":\"fr-FR\",\"potentialAction\":[{\"@type\":\"ReadAction\",\"target\":[\"https:\/\/paracherkaoui.ma\/index.php\/produit\/crest-3d-whitestrips-niveau-12-blanchissant-40-strips\/\"]}]},{\"@type\":\"ImageObject\",\"inLanguage\":\"fr-FR\",\"@id\":\"https:\/\/paracherkaoui.ma\/index.php\/produit\/crest-3d-whitestrips-niveau-12-blanchissant-40-strips\/#primaryimage\",\"url\":\"https:\/\/paracherkaoui.ma\/wp-content\/uploads\/2025\/12\/crest-crest-3d-whitestrips-niveau-12-blanchissant-40-strips-dentaire.jpg\",\"contentUrl\":\"https:\/\/paracherkaoui.ma\/wp-content\/uploads\/2025\/12\/crest-crest-3d-whitestrips-niveau-12-blanchissant-40-strips-dentaire.jpg\",\"width\":700,\"height\":700},{\"@type\":\"BreadcrumbList\",\"@id\":\"https:\/\/paracherkaoui.ma\/index.php\/produit\/crest-3d-whitestrips-niveau-12-blanchissant-40-strips\/#breadcrumb\",\"itemListElement\":[{\"@type\":\"ListItem\",\"position\":1,\"name\":\"Accueil\",\"item\":\"https:\/\/paracherkaoui.ma\/\"},{\"@type\":\"ListItem\",\"position\":2,\"name\":\"Boutique\",\"item\":\"https:\/\/paracherkaoui.ma\/index.php\/boutique\/\"},{\"@type\":\"ListItem\",\"position\":3,\"name\":\"CREST 3D WHITESTRIPS NIVEAU 12 BLANCHISSANT 40 STRIPS\"}]},{\"@type\":\"WebSite\",\"@id\":\"https:\/\/paracherkaoui.ma\/#website\",\"url\":\"https:\/\/paracherkaoui.ma\/\",\"name\":\"Paracherkaoui.ma\",\"description\":\"Achetez en ligne sur Paracherkaoui.ma\",\"potentialAction\":[{\"@type\":\"SearchAction\",\"target\":{\"@type\":\"EntryPoint\",\"urlTemplate\":\"https:\/\/paracherkaoui.ma\/?s={search_term_string}\"},\"query-input\":{\"@type\":\"PropertyValueSpecification\",\"valueRequired\":true,\"valueName\":\"search_term_string\"}}],\"inLanguage\":\"fr-FR\"}]}<\/script>\r\n<!-- \/ Yoast SEO plugin. -->","yoast_head_json":{"title":"CREST 3D WHITESTRIPS NIVEAU 12 BLANCHISSANT 40 STRIPS - Paracherkaoui.ma","robots":{"index":"index","follow":"follow","max-snippet":"max-snippet:-1","max-image-preview":"max-image-preview:large","max-video-preview":"max-video-preview:-1"},"canonical":"https:\/\/paracherkaoui.ma\/index.php\/produit\/crest-3d-whitestrips-niveau-12-blanchissant-40-strips\/","og_locale":"fr_FR","og_type":"article","og_title":"CREST 3D WHITESTRIPS NIVEAU 12 BLANCHISSANT 40 STRIPS - Paracherkaoui.ma","og_description":"Vous voulez blanchir vos dents \u00e0 la maison ? Crest 3DWhitestrips Professional White est con\u00e7u pour blanchir comme un traitement","og_url":"https:\/\/paracherkaoui.ma\/index.php\/produit\/crest-3d-whitestrips-niveau-12-blanchissant-40-strips\/","og_site_name":"Paracherkaoui.ma","article_modified_time":"2025-12-12T18:24:54+00:00","og_image":[{"width":700,"height":700,"url":"https:\/\/paracherkaoui.ma\/wp-content\/uploads\/2025\/12\/crest-crest-3d-whitestrips-niveau-12-blanchissant-40-strips-dentaire.jpg","type":"image\/jpeg"}],"twitter_card":"summary_large_image","twitter_misc":{"Dur\u00e9e de lecture estim\u00e9e":"1 minute"},"schema":{"@context":"https:\/\/schema.org","@graph":[{"@type":"WebPage","@id":"https:\/\/paracherkaoui.ma\/index.php\/produit\/crest-3d-whitestrips-niveau-12-blanchissant-40-strips\/","url":"https:\/\/paracherkaoui.ma\/index.php\/produit\/crest-3d-whitestrips-niveau-12-blanchissant-40-strips\/","name":"CREST 3D WHITESTRIPS NIVEAU 12 BLANCHISSANT 40 STRIPS - Paracherkaoui.ma","isPartOf":{"@id":"https:\/\/paracherkaoui.ma\/#website"},"primaryImageOfPage":{"@id":"https:\/\/paracherkaoui.ma\/index.php\/produit\/crest-3d-whitestrips-niveau-12-blanchissant-40-strips\/#primaryimage"},"image":{"@id":"https:\/\/paracherkaoui.ma\/index.php\/produit\/crest-3d-whitestrips-niveau-12-blanchissant-40-strips\/#primaryimage"},"thumbnailUrl":"https:\/\/paracherkaoui.ma\/wp-content\/uploads\/2025\/12\/crest-crest-3d-whitestrips-niveau-12-blanchissant-40-strips-dentaire.jpg","datePublished":"2025-12-12T18:24:49+00:00","dateModified":"2025-12-12T18:24:54+00:00","breadcrumb":{"@id":"https:\/\/paracherkaoui.ma\/index.php\/produit\/crest-3d-whitestrips-niveau-12-blanchissant-40-strips\/#breadcrumb"},"inLanguage":"fr-FR","potentialAction":[{"@type":"ReadAction","target":["https:\/\/paracherkaoui.ma\/index.php\/produit\/crest-3d-whitestrips-niveau-12-blanchissant-40-strips\/"]}]},{"@type":"ImageObject","inLanguage":"fr-FR","@id":"https:\/\/paracherkaoui.ma\/index.php\/produit\/crest-3d-whitestrips-niveau-12-blanchissant-40-strips\/#primaryimage","url":"https:\/\/paracherkaoui.ma\/wp-content\/uploads\/2025\/12\/crest-crest-3d-whitestrips-niveau-12-blanchissant-40-strips-dentaire.jpg","contentUrl":"https:\/\/paracherkaoui.ma\/wp-content\/uploads\/2025\/12\/crest-crest-3d-whitestrips-niveau-12-blanchissant-40-strips-dentaire.jpg","width":700,"height":700},{"@type":"BreadcrumbList","@id":"https:\/\/paracherkaoui.ma\/index.php\/produit\/crest-3d-whitestrips-niveau-12-blanchissant-40-strips\/#breadcrumb","itemListElement":[{"@type":"ListItem","position":1,"name":"Accueil","item":"https:\/\/paracherkaoui.ma\/"},{"@type":"ListItem","position":2,"name":"Boutique","item":"https:\/\/paracherkaoui.ma\/index.php\/boutique\/"},{"@type":"ListItem","position":3,"name":"CREST 3D WHITESTRIPS NIVEAU 12 BLANCHISSANT 40 STRIPS"}]},{"@type":"WebSite","@id":"https:\/\/paracherkaoui.ma\/#website","url":"https:\/\/paracherkaoui.ma\/","name":"Paracherkaoui.ma","description":"Achetez en ligne sur Paracherkaoui.ma","potentialAction":[{"@type":"SearchAction","target":{"@type":"EntryPoint","urlTemplate":"https:\/\/paracherkaoui.ma\/?s={search_term_string}"},"query-input":{"@type":"PropertyValueSpecification","valueRequired":true,"valueName":"search_term_string"}}],"inLanguage":"fr-FR"}]}},"_links":{"self":[{"href":"https:\/\/paracherkaoui.ma\/index.php\/wp-json\/wp\/v2\/product\/47376","targetHints":{"allow":["GET"]}}],"collection":[{"href":"https:\/\/paracherkaoui.ma\/index.php\/wp-json\/wp\/v2\/product"}],"about":[{"href":"https:\/\/paracherkaoui.ma\/index.php\/wp-json\/wp\/v2\/types\/product"}],"replies":[{"embeddable":true,"href":"https:\/\/paracherkaoui.ma\/index.php\/wp-json\/wp\/v2\/comments?post=47376"}],"version-history":[{"count":1,"href":"https:\/\/paracherkaoui.ma\/index.php\/wp-json\/wp\/v2\/product\/47376\/revisions"}],"predecessor-version":[{"id":47423,"href":"https:\/\/paracherkaoui.ma\/index.php\/wp-json\/wp\/v2\/product\/47376\/revisions\/47423"}],"wp:featuredmedia":[{"embeddable":true,"href":"https:\/\/paracherkaoui.ma\/index.php\/wp-json\/wp\/v2\/media\/47422"}],"wp:attachment":[{"href":"https:\/\/paracherkaoui.ma\/index.php\/wp-json\/wp\/v2\/media?parent=47376"}],"wp:term":[{"taxonomy":"product_brand","embeddable":true,"href":"https:\/\/paracherkaoui.ma\/index.php\/wp-json\/wp\/v2\/product_brand?post=47376"},{"taxonomy":"product_cat","embeddable":true,"href":"https:\/\/paracherkaoui.ma\/index.php\/wp-json\/wp\/v2\/product_cat?post=47376"},{"taxonomy":"product_tag","embeddable":true,"href":"https:\/\/paracherkaoui.ma\/index.php\/wp-json\/wp\/v2\/product_tag?post=47376"}],"curies":[{"name":"wp","href":"https:\/\/api.w.org\/{rel}","templated":true}]}}