{"id":47362,"date":"2025-12-12T19:24:49","date_gmt":"2025-12-12T18:24:49","guid":{"rendered":"https:\/\/test.ecbeaute.com\/?post_type=product&#038;p=47362"},"modified":"2025-12-12T19:24:51","modified_gmt":"2025-12-12T18:24:51","slug":"iwhite-classic-whitening-kit-10-plateaux-preremplis","status":"publish","type":"product","link":"https:\/\/paracherkaoui.ma\/index.php\/produit\/iwhite-classic-whitening-kit-10-plateaux-preremplis\/","title":{"rendered":"IWHITE CLASSIC WHITENING KIT 10 PLATEAUX PREREMPLIS"},"content":{"rendered":"<p>Envie d\u2019un sourire \u00e9clatant sans ab\u00eemer vos dents ? iWhite Classic Whitening Kit est la solution id\u00e9ale pour un blanchiment rapide, efficace et sans risque. Gr\u00e2ce \u00e0 sa technologie innovante, ce kit offre des r\u00e9sultats instantan\u00e9s sans utiliser de peroxyde d\u2019hydrog\u00e8ne, garantissant ainsi une formule 100 % s\u00fbre pour l\u2019\u00e9mail et les gencives.<br \/>\nDes dents visiblement plus blanches d\u00e8s la premi\u00e8re utilisation ! Le secret ? Un gel blanchissant r\u00e9volutionnaire, cliniquement prouv\u00e9, enrichi en bicarbonate de soude 100 % naturel. Il agit en \u00e9liminant activement les taches, tout en renfor\u00e7ant et prot\u00e9geant l\u2019\u00e9mail. Pour une exp\u00e9rience encore plus agr\u00e9able, les extraits de menthe int\u00e9gr\u00e9s au gel procurent une haleine fra\u00eeche et durable.<br \/>\nLe kit contient 10 goutti\u00e8res pr\u00e9remplies, fines et flexibles, offrant un ajustement optimal pour une application en une seule \u00e9tape. Facile d\u2019utilisation et con\u00e7u pour un confort maximal, ce kit vous permet d\u2019\u00e9claircir vos dents jusqu\u2019\u00e0 8 teintes en quelques applications seulement.<br \/>\nLes bienfaits du iWhite Classic Whitening Kit<br \/>\nBlanchiment instantan\u00e9 et s\u00fbr sans peroxyde d\u2019hydrog\u00e8ne.<br \/>\nJusqu\u2019\u00e0 8 teintes plus blanches, avec des r\u00e9sultats visibles d\u00e8s la premi\u00e8re utilisation.<br \/>\n\u00c9limine activement les taches tout en renfor\u00e7ant l\u2019\u00e9mail.<br \/>\nInfus\u00e9 au bicarbonate de soude naturel, pour un effet blanchissant renforc\u00e9.<br \/>\nGo\u00fbt menthol\u00e9 pour une haleine fra\u00eeche et durable.<br \/>\nPr\u00eat \u00e0 l\u2019emploi, avec des goutti\u00e8res pr\u00e9remplies et faciles \u00e0 utiliser.<br \/>\nConseils d\u2019utilisation :<br \/>\nBrossez-vous les dents avant chaque application.<br \/>\nIns\u00e9rez d\u00e9licatement la goutti\u00e8re pr\u00e9remplie sur vos dents.<br \/>\nLaissez agir 20 minutes, puis retirez la goutti\u00e8re.<\/p>\n","protected":false},"excerpt":{"rendered":"<p>Envie d\u2019un sourire \u00e9clatant sans ab\u00eemer vos dents ? iWhite Classic Whitening Kit est la solution id\u00e9ale pour un blanchiment<\/p>\n","protected":false},"featured_media":47394,"comment_status":"open","ping_status":"closed","template":"","meta":[],"product_brand":[857],"product_cat":[856],"product_tag":[],"class_list":{"0":"post-47362","1":"product","2":"type-product","3":"status-publish","4":"has-post-thumbnail","6":"product_brand-iwhite","7":"product_cat-produits-de-blanchiment","9":"first","10":"instock","11":"sale","12":"shipping-taxable","13":"purchasable","14":"product-type-simple"},"yoast_head":"<!-- This site is optimized with the Yoast SEO plugin v26.6 - https:\/\/yoast.com\/wordpress\/plugins\/seo\/ -->\r\n<title>IWHITE CLASSIC WHITENING KIT 10 PLATEAUX PREREMPLIS - Paracherkaoui.ma<\/title>\r\n<meta name=\"robots\" content=\"index, follow, max-snippet:-1, max-image-preview:large, max-video-preview:-1\" \/>\r\n<link rel=\"canonical\" href=\"https:\/\/paracherkaoui.ma\/index.php\/produit\/iwhite-classic-whitening-kit-10-plateaux-preremplis\/\" \/>\r\n<meta property=\"og:locale\" content=\"fr_FR\" \/>\r\n<meta property=\"og:type\" content=\"article\" \/>\r\n<meta property=\"og:title\" content=\"IWHITE CLASSIC WHITENING KIT 10 PLATEAUX PREREMPLIS - Paracherkaoui.ma\" \/>\r\n<meta property=\"og:description\" content=\"Envie d\u2019un sourire \u00e9clatant sans ab\u00eemer vos dents ? iWhite Classic Whitening Kit est la solution id\u00e9ale pour un blanchiment\" \/>\r\n<meta property=\"og:url\" content=\"https:\/\/paracherkaoui.ma\/index.php\/produit\/iwhite-classic-whitening-kit-10-plateaux-preremplis\/\" \/>\r\n<meta property=\"og:site_name\" content=\"Paracherkaoui.ma\" \/>\r\n<meta property=\"article:modified_time\" content=\"2025-12-12T18:24:51+00:00\" \/>\r\n<meta property=\"og:image\" content=\"https:\/\/paracherkaoui.ma\/wp-content\/uploads\/2025\/12\/iwhite-classic-whitening-kit-10-plateaux-preremplis-produits-de-blanchiment.jpg\" \/>\r\n\t<meta property=\"og:image:width\" content=\"700\" \/>\r\n\t<meta property=\"og:image:height\" content=\"700\" \/>\r\n\t<meta property=\"og:image:type\" content=\"image\/jpeg\" \/>\r\n<meta name=\"twitter:card\" content=\"summary_large_image\" \/>\r\n<meta name=\"twitter:label1\" content=\"Dur\u00e9e de lecture estim\u00e9e\" \/>\n\t<meta name=\"twitter:data1\" content=\"1 minute\" \/>\r\n<script type=\"application\/ld+json\" class=\"yoast-schema-graph\">{\"@context\":\"https:\/\/schema.org\",\"@graph\":[{\"@type\":\"WebPage\",\"@id\":\"https:\/\/paracherkaoui.ma\/index.php\/produit\/iwhite-classic-whitening-kit-10-plateaux-preremplis\/\",\"url\":\"https:\/\/paracherkaoui.ma\/index.php\/produit\/iwhite-classic-whitening-kit-10-plateaux-preremplis\/\",\"name\":\"IWHITE CLASSIC WHITENING KIT 10 PLATEAUX PREREMPLIS - Paracherkaoui.ma\",\"isPartOf\":{\"@id\":\"https:\/\/paracherkaoui.ma\/#website\"},\"primaryImageOfPage\":{\"@id\":\"https:\/\/paracherkaoui.ma\/index.php\/produit\/iwhite-classic-whitening-kit-10-plateaux-preremplis\/#primaryimage\"},\"image\":{\"@id\":\"https:\/\/paracherkaoui.ma\/index.php\/produit\/iwhite-classic-whitening-kit-10-plateaux-preremplis\/#primaryimage\"},\"thumbnailUrl\":\"https:\/\/paracherkaoui.ma\/wp-content\/uploads\/2025\/12\/iwhite-classic-whitening-kit-10-plateaux-preremplis-produits-de-blanchiment.jpg\",\"datePublished\":\"2025-12-12T18:24:49+00:00\",\"dateModified\":\"2025-12-12T18:24:51+00:00\",\"breadcrumb\":{\"@id\":\"https:\/\/paracherkaoui.ma\/index.php\/produit\/iwhite-classic-whitening-kit-10-plateaux-preremplis\/#breadcrumb\"},\"inLanguage\":\"fr-FR\",\"potentialAction\":[{\"@type\":\"ReadAction\",\"target\":[\"https:\/\/paracherkaoui.ma\/index.php\/produit\/iwhite-classic-whitening-kit-10-plateaux-preremplis\/\"]}]},{\"@type\":\"ImageObject\",\"inLanguage\":\"fr-FR\",\"@id\":\"https:\/\/paracherkaoui.ma\/index.php\/produit\/iwhite-classic-whitening-kit-10-plateaux-preremplis\/#primaryimage\",\"url\":\"https:\/\/paracherkaoui.ma\/wp-content\/uploads\/2025\/12\/iwhite-classic-whitening-kit-10-plateaux-preremplis-produits-de-blanchiment.jpg\",\"contentUrl\":\"https:\/\/paracherkaoui.ma\/wp-content\/uploads\/2025\/12\/iwhite-classic-whitening-kit-10-plateaux-preremplis-produits-de-blanchiment.jpg\",\"width\":700,\"height\":700},{\"@type\":\"BreadcrumbList\",\"@id\":\"https:\/\/paracherkaoui.ma\/index.php\/produit\/iwhite-classic-whitening-kit-10-plateaux-preremplis\/#breadcrumb\",\"itemListElement\":[{\"@type\":\"ListItem\",\"position\":1,\"name\":\"Accueil\",\"item\":\"https:\/\/paracherkaoui.ma\/\"},{\"@type\":\"ListItem\",\"position\":2,\"name\":\"Boutique\",\"item\":\"https:\/\/paracherkaoui.ma\/index.php\/boutique\/\"},{\"@type\":\"ListItem\",\"position\":3,\"name\":\"IWHITE CLASSIC WHITENING KIT 10 PLATEAUX PREREMPLIS\"}]},{\"@type\":\"WebSite\",\"@id\":\"https:\/\/paracherkaoui.ma\/#website\",\"url\":\"https:\/\/paracherkaoui.ma\/\",\"name\":\"Paracherkaoui.ma\",\"description\":\"Achetez en ligne sur Paracherkaoui.ma\",\"potentialAction\":[{\"@type\":\"SearchAction\",\"target\":{\"@type\":\"EntryPoint\",\"urlTemplate\":\"https:\/\/paracherkaoui.ma\/?s={search_term_string}\"},\"query-input\":{\"@type\":\"PropertyValueSpecification\",\"valueRequired\":true,\"valueName\":\"search_term_string\"}}],\"inLanguage\":\"fr-FR\"}]}<\/script>\r\n<!-- \/ Yoast SEO plugin. -->","yoast_head_json":{"title":"IWHITE CLASSIC WHITENING KIT 10 PLATEAUX PREREMPLIS - Paracherkaoui.ma","robots":{"index":"index","follow":"follow","max-snippet":"max-snippet:-1","max-image-preview":"max-image-preview:large","max-video-preview":"max-video-preview:-1"},"canonical":"https:\/\/paracherkaoui.ma\/index.php\/produit\/iwhite-classic-whitening-kit-10-plateaux-preremplis\/","og_locale":"fr_FR","og_type":"article","og_title":"IWHITE CLASSIC WHITENING KIT 10 PLATEAUX PREREMPLIS - Paracherkaoui.ma","og_description":"Envie d\u2019un sourire \u00e9clatant sans ab\u00eemer vos dents ? iWhite Classic Whitening Kit est la solution id\u00e9ale pour un blanchiment","og_url":"https:\/\/paracherkaoui.ma\/index.php\/produit\/iwhite-classic-whitening-kit-10-plateaux-preremplis\/","og_site_name":"Paracherkaoui.ma","article_modified_time":"2025-12-12T18:24:51+00:00","og_image":[{"width":700,"height":700,"url":"https:\/\/paracherkaoui.ma\/wp-content\/uploads\/2025\/12\/iwhite-classic-whitening-kit-10-plateaux-preremplis-produits-de-blanchiment.jpg","type":"image\/jpeg"}],"twitter_card":"summary_large_image","twitter_misc":{"Dur\u00e9e de lecture estim\u00e9e":"1 minute"},"schema":{"@context":"https:\/\/schema.org","@graph":[{"@type":"WebPage","@id":"https:\/\/paracherkaoui.ma\/index.php\/produit\/iwhite-classic-whitening-kit-10-plateaux-preremplis\/","url":"https:\/\/paracherkaoui.ma\/index.php\/produit\/iwhite-classic-whitening-kit-10-plateaux-preremplis\/","name":"IWHITE CLASSIC WHITENING KIT 10 PLATEAUX PREREMPLIS - Paracherkaoui.ma","isPartOf":{"@id":"https:\/\/paracherkaoui.ma\/#website"},"primaryImageOfPage":{"@id":"https:\/\/paracherkaoui.ma\/index.php\/produit\/iwhite-classic-whitening-kit-10-plateaux-preremplis\/#primaryimage"},"image":{"@id":"https:\/\/paracherkaoui.ma\/index.php\/produit\/iwhite-classic-whitening-kit-10-plateaux-preremplis\/#primaryimage"},"thumbnailUrl":"https:\/\/paracherkaoui.ma\/wp-content\/uploads\/2025\/12\/iwhite-classic-whitening-kit-10-plateaux-preremplis-produits-de-blanchiment.jpg","datePublished":"2025-12-12T18:24:49+00:00","dateModified":"2025-12-12T18:24:51+00:00","breadcrumb":{"@id":"https:\/\/paracherkaoui.ma\/index.php\/produit\/iwhite-classic-whitening-kit-10-plateaux-preremplis\/#breadcrumb"},"inLanguage":"fr-FR","potentialAction":[{"@type":"ReadAction","target":["https:\/\/paracherkaoui.ma\/index.php\/produit\/iwhite-classic-whitening-kit-10-plateaux-preremplis\/"]}]},{"@type":"ImageObject","inLanguage":"fr-FR","@id":"https:\/\/paracherkaoui.ma\/index.php\/produit\/iwhite-classic-whitening-kit-10-plateaux-preremplis\/#primaryimage","url":"https:\/\/paracherkaoui.ma\/wp-content\/uploads\/2025\/12\/iwhite-classic-whitening-kit-10-plateaux-preremplis-produits-de-blanchiment.jpg","contentUrl":"https:\/\/paracherkaoui.ma\/wp-content\/uploads\/2025\/12\/iwhite-classic-whitening-kit-10-plateaux-preremplis-produits-de-blanchiment.jpg","width":700,"height":700},{"@type":"BreadcrumbList","@id":"https:\/\/paracherkaoui.ma\/index.php\/produit\/iwhite-classic-whitening-kit-10-plateaux-preremplis\/#breadcrumb","itemListElement":[{"@type":"ListItem","position":1,"name":"Accueil","item":"https:\/\/paracherkaoui.ma\/"},{"@type":"ListItem","position":2,"name":"Boutique","item":"https:\/\/paracherkaoui.ma\/index.php\/boutique\/"},{"@type":"ListItem","position":3,"name":"IWHITE CLASSIC WHITENING KIT 10 PLATEAUX PREREMPLIS"}]},{"@type":"WebSite","@id":"https:\/\/paracherkaoui.ma\/#website","url":"https:\/\/paracherkaoui.ma\/","name":"Paracherkaoui.ma","description":"Achetez en ligne sur Paracherkaoui.ma","potentialAction":[{"@type":"SearchAction","target":{"@type":"EntryPoint","urlTemplate":"https:\/\/paracherkaoui.ma\/?s={search_term_string}"},"query-input":{"@type":"PropertyValueSpecification","valueRequired":true,"valueName":"search_term_string"}}],"inLanguage":"fr-FR"}]}},"_links":{"self":[{"href":"https:\/\/paracherkaoui.ma\/index.php\/wp-json\/wp\/v2\/product\/47362","targetHints":{"allow":["GET"]}}],"collection":[{"href":"https:\/\/paracherkaoui.ma\/index.php\/wp-json\/wp\/v2\/product"}],"about":[{"href":"https:\/\/paracherkaoui.ma\/index.php\/wp-json\/wp\/v2\/types\/product"}],"replies":[{"embeddable":true,"href":"https:\/\/paracherkaoui.ma\/index.php\/wp-json\/wp\/v2\/comments?post=47362"}],"version-history":[{"count":1,"href":"https:\/\/paracherkaoui.ma\/index.php\/wp-json\/wp\/v2\/product\/47362\/revisions"}],"predecessor-version":[{"id":47395,"href":"https:\/\/paracherkaoui.ma\/index.php\/wp-json\/wp\/v2\/product\/47362\/revisions\/47395"}],"wp:featuredmedia":[{"embeddable":true,"href":"https:\/\/paracherkaoui.ma\/index.php\/wp-json\/wp\/v2\/media\/47394"}],"wp:attachment":[{"href":"https:\/\/paracherkaoui.ma\/index.php\/wp-json\/wp\/v2\/media?parent=47362"}],"wp:term":[{"taxonomy":"product_brand","embeddable":true,"href":"https:\/\/paracherkaoui.ma\/index.php\/wp-json\/wp\/v2\/product_brand?post=47362"},{"taxonomy":"product_cat","embeddable":true,"href":"https:\/\/paracherkaoui.ma\/index.php\/wp-json\/wp\/v2\/product_cat?post=47362"},{"taxonomy":"product_tag","embeddable":true,"href":"https:\/\/paracherkaoui.ma\/index.php\/wp-json\/wp\/v2\/product_tag?post=47362"}],"curies":[{"name":"wp","href":"https:\/\/api.w.org\/{rel}","templated":true}]}}