{"id":47295,"date":"2025-12-12T19:24:41","date_gmt":"2025-12-12T18:24:41","guid":{"rendered":"https:\/\/test.ecbeaute.com\/?post_type=product&#038;p=47295"},"modified":"2025-12-12T19:24:47","modified_gmt":"2025-12-12T18:24:47","slug":"kin-bain-de-bouche-enfant-gout-fraise-500-ml","status":"publish","type":"product","link":"https:\/\/paracherkaoui.ma\/index.php\/produit\/kin-bain-de-bouche-enfant-gout-fraise-500-ml\/","title":{"rendered":"KIN BAIN DE BOUCHE ENFANT GOUT FRAISE 500 ML"},"content":{"rendered":"<p>Fluor-Kin Enfant Anti-Caries Bain de Bouche Fraise 500ml contribue \u00e0 am\u00e9liorer l\u2019hygi\u00e8ne dentaire des plus jeunes \u00e0 la maison, en leur apprenant \u00e0 garder leurs dents propres \u00e0 tout moment de la journ\u00e9e.<br \/>\nGr\u00e2ce \u00e0 sa concentration en fluor, sp\u00e9cialement indiqu\u00e9e pour les enfants \u00e0 partir de 5 ans, le bain de bouche Fluor-Kin aide \u00e0 pr\u00e9venir l\u2019apparition de caries et \u00e0 renforcer l\u2019\u00e9mail dentaire, une formule de nettoyage originale gr\u00e2ce \u00e0 son go\u00fbt attrayant de fraise.<br \/>\nCe bain de bouche est id\u00e9al pour les enfants qui portent un appareil dentaire ou qui ont les gencives sensibles car son action puissante \u00e9limine la plaque bact\u00e9rienne qui s\u2019accumule habituellement dans ce type de cas. Une mani\u00e8re simple et rapide de parfaire le brossage des dents pour assurer une bonne hygi\u00e8ne buccale.<br \/>\nCONSEILS D&rsquo;UTILISATION :<br \/>\nPour les enfants de plus de 5 ans, une fois par jour, de pr\u00e9f\u00e9rence avant le coucher.<\/p>\n","protected":false},"excerpt":{"rendered":"<p>Fluor-Kin Enfant Anti-Caries Bain de Bouche Fraise 500ml contribue \u00e0 am\u00e9liorer l\u2019hygi\u00e8ne dentaire des plus jeunes \u00e0 la maison, en<\/p>\n","protected":false},"featured_media":47351,"comment_status":"open","ping_status":"closed","template":"","meta":[],"product_brand":[799],"product_cat":[846],"product_tag":[],"class_list":{"0":"post-47295","1":"product","2":"type-product","3":"status-publish","4":"has-post-thumbnail","6":"product_brand-kin","7":"product_cat-bains-de-bouche-et-haleine-fraiche","9":"first","10":"instock","11":"sale","12":"shipping-taxable","13":"purchasable","14":"product-type-simple"},"yoast_head":"<!-- This site is optimized with the Yoast SEO plugin v26.6 - https:\/\/yoast.com\/wordpress\/plugins\/seo\/ -->\r\n<title>KIN BAIN DE BOUCHE ENFANT GOUT FRAISE 500 ML - Paracherkaoui.ma<\/title>\r\n<meta name=\"robots\" content=\"index, follow, max-snippet:-1, max-image-preview:large, max-video-preview:-1\" \/>\r\n<link rel=\"canonical\" href=\"https:\/\/paracherkaoui.ma\/index.php\/produit\/kin-bain-de-bouche-enfant-gout-fraise-500-ml\/\" \/>\r\n<meta property=\"og:locale\" content=\"fr_FR\" \/>\r\n<meta property=\"og:type\" content=\"article\" \/>\r\n<meta property=\"og:title\" content=\"KIN BAIN DE BOUCHE ENFANT GOUT FRAISE 500 ML - Paracherkaoui.ma\" \/>\r\n<meta property=\"og:description\" content=\"Fluor-Kin Enfant Anti-Caries Bain de Bouche Fraise 500ml contribue \u00e0 am\u00e9liorer l\u2019hygi\u00e8ne dentaire des plus jeunes \u00e0 la maison, en\" \/>\r\n<meta property=\"og:url\" content=\"https:\/\/paracherkaoui.ma\/index.php\/produit\/kin-bain-de-bouche-enfant-gout-fraise-500-ml\/\" \/>\r\n<meta property=\"og:site_name\" content=\"Paracherkaoui.ma\" \/>\r\n<meta property=\"article:modified_time\" content=\"2025-12-12T18:24:47+00:00\" \/>\r\n<meta property=\"og:image\" content=\"https:\/\/paracherkaoui.ma\/wp-content\/uploads\/2025\/12\/kin-kin-bain-de-bouche-enfant-gout-fraise-500-ml-bains-de-bouche.jpg\" \/>\r\n\t<meta property=\"og:image:width\" content=\"700\" \/>\r\n\t<meta property=\"og:image:height\" content=\"700\" \/>\r\n\t<meta property=\"og:image:type\" content=\"image\/jpeg\" \/>\r\n<meta name=\"twitter:card\" content=\"summary_large_image\" \/>\r\n<meta name=\"twitter:label1\" content=\"Dur\u00e9e de lecture estim\u00e9e\" \/>\n\t<meta name=\"twitter:data1\" content=\"1 minute\" \/>\r\n<script type=\"application\/ld+json\" class=\"yoast-schema-graph\">{\"@context\":\"https:\/\/schema.org\",\"@graph\":[{\"@type\":\"WebPage\",\"@id\":\"https:\/\/paracherkaoui.ma\/index.php\/produit\/kin-bain-de-bouche-enfant-gout-fraise-500-ml\/\",\"url\":\"https:\/\/paracherkaoui.ma\/index.php\/produit\/kin-bain-de-bouche-enfant-gout-fraise-500-ml\/\",\"name\":\"KIN BAIN DE BOUCHE ENFANT GOUT FRAISE 500 ML - Paracherkaoui.ma\",\"isPartOf\":{\"@id\":\"https:\/\/paracherkaoui.ma\/#website\"},\"primaryImageOfPage\":{\"@id\":\"https:\/\/paracherkaoui.ma\/index.php\/produit\/kin-bain-de-bouche-enfant-gout-fraise-500-ml\/#primaryimage\"},\"image\":{\"@id\":\"https:\/\/paracherkaoui.ma\/index.php\/produit\/kin-bain-de-bouche-enfant-gout-fraise-500-ml\/#primaryimage\"},\"thumbnailUrl\":\"https:\/\/paracherkaoui.ma\/wp-content\/uploads\/2025\/12\/kin-kin-bain-de-bouche-enfant-gout-fraise-500-ml-bains-de-bouche.jpg\",\"datePublished\":\"2025-12-12T18:24:41+00:00\",\"dateModified\":\"2025-12-12T18:24:47+00:00\",\"breadcrumb\":{\"@id\":\"https:\/\/paracherkaoui.ma\/index.php\/produit\/kin-bain-de-bouche-enfant-gout-fraise-500-ml\/#breadcrumb\"},\"inLanguage\":\"fr-FR\",\"potentialAction\":[{\"@type\":\"ReadAction\",\"target\":[\"https:\/\/paracherkaoui.ma\/index.php\/produit\/kin-bain-de-bouche-enfant-gout-fraise-500-ml\/\"]}]},{\"@type\":\"ImageObject\",\"inLanguage\":\"fr-FR\",\"@id\":\"https:\/\/paracherkaoui.ma\/index.php\/produit\/kin-bain-de-bouche-enfant-gout-fraise-500-ml\/#primaryimage\",\"url\":\"https:\/\/paracherkaoui.ma\/wp-content\/uploads\/2025\/12\/kin-kin-bain-de-bouche-enfant-gout-fraise-500-ml-bains-de-bouche.jpg\",\"contentUrl\":\"https:\/\/paracherkaoui.ma\/wp-content\/uploads\/2025\/12\/kin-kin-bain-de-bouche-enfant-gout-fraise-500-ml-bains-de-bouche.jpg\",\"width\":700,\"height\":700},{\"@type\":\"BreadcrumbList\",\"@id\":\"https:\/\/paracherkaoui.ma\/index.php\/produit\/kin-bain-de-bouche-enfant-gout-fraise-500-ml\/#breadcrumb\",\"itemListElement\":[{\"@type\":\"ListItem\",\"position\":1,\"name\":\"Accueil\",\"item\":\"https:\/\/paracherkaoui.ma\/\"},{\"@type\":\"ListItem\",\"position\":2,\"name\":\"Boutique\",\"item\":\"https:\/\/paracherkaoui.ma\/index.php\/boutique\/\"},{\"@type\":\"ListItem\",\"position\":3,\"name\":\"KIN BAIN DE BOUCHE ENFANT GOUT FRAISE 500 ML\"}]},{\"@type\":\"WebSite\",\"@id\":\"https:\/\/paracherkaoui.ma\/#website\",\"url\":\"https:\/\/paracherkaoui.ma\/\",\"name\":\"Paracherkaoui.ma\",\"description\":\"Achetez en ligne sur Paracherkaoui.ma\",\"potentialAction\":[{\"@type\":\"SearchAction\",\"target\":{\"@type\":\"EntryPoint\",\"urlTemplate\":\"https:\/\/paracherkaoui.ma\/?s={search_term_string}\"},\"query-input\":{\"@type\":\"PropertyValueSpecification\",\"valueRequired\":true,\"valueName\":\"search_term_string\"}}],\"inLanguage\":\"fr-FR\"}]}<\/script>\r\n<!-- \/ Yoast SEO plugin. -->","yoast_head_json":{"title":"KIN BAIN DE BOUCHE ENFANT GOUT FRAISE 500 ML - Paracherkaoui.ma","robots":{"index":"index","follow":"follow","max-snippet":"max-snippet:-1","max-image-preview":"max-image-preview:large","max-video-preview":"max-video-preview:-1"},"canonical":"https:\/\/paracherkaoui.ma\/index.php\/produit\/kin-bain-de-bouche-enfant-gout-fraise-500-ml\/","og_locale":"fr_FR","og_type":"article","og_title":"KIN BAIN DE BOUCHE ENFANT GOUT FRAISE 500 ML - Paracherkaoui.ma","og_description":"Fluor-Kin Enfant Anti-Caries Bain de Bouche Fraise 500ml contribue \u00e0 am\u00e9liorer l\u2019hygi\u00e8ne dentaire des plus jeunes \u00e0 la maison, en","og_url":"https:\/\/paracherkaoui.ma\/index.php\/produit\/kin-bain-de-bouche-enfant-gout-fraise-500-ml\/","og_site_name":"Paracherkaoui.ma","article_modified_time":"2025-12-12T18:24:47+00:00","og_image":[{"width":700,"height":700,"url":"https:\/\/paracherkaoui.ma\/wp-content\/uploads\/2025\/12\/kin-kin-bain-de-bouche-enfant-gout-fraise-500-ml-bains-de-bouche.jpg","type":"image\/jpeg"}],"twitter_card":"summary_large_image","twitter_misc":{"Dur\u00e9e de lecture estim\u00e9e":"1 minute"},"schema":{"@context":"https:\/\/schema.org","@graph":[{"@type":"WebPage","@id":"https:\/\/paracherkaoui.ma\/index.php\/produit\/kin-bain-de-bouche-enfant-gout-fraise-500-ml\/","url":"https:\/\/paracherkaoui.ma\/index.php\/produit\/kin-bain-de-bouche-enfant-gout-fraise-500-ml\/","name":"KIN BAIN DE BOUCHE ENFANT GOUT FRAISE 500 ML - Paracherkaoui.ma","isPartOf":{"@id":"https:\/\/paracherkaoui.ma\/#website"},"primaryImageOfPage":{"@id":"https:\/\/paracherkaoui.ma\/index.php\/produit\/kin-bain-de-bouche-enfant-gout-fraise-500-ml\/#primaryimage"},"image":{"@id":"https:\/\/paracherkaoui.ma\/index.php\/produit\/kin-bain-de-bouche-enfant-gout-fraise-500-ml\/#primaryimage"},"thumbnailUrl":"https:\/\/paracherkaoui.ma\/wp-content\/uploads\/2025\/12\/kin-kin-bain-de-bouche-enfant-gout-fraise-500-ml-bains-de-bouche.jpg","datePublished":"2025-12-12T18:24:41+00:00","dateModified":"2025-12-12T18:24:47+00:00","breadcrumb":{"@id":"https:\/\/paracherkaoui.ma\/index.php\/produit\/kin-bain-de-bouche-enfant-gout-fraise-500-ml\/#breadcrumb"},"inLanguage":"fr-FR","potentialAction":[{"@type":"ReadAction","target":["https:\/\/paracherkaoui.ma\/index.php\/produit\/kin-bain-de-bouche-enfant-gout-fraise-500-ml\/"]}]},{"@type":"ImageObject","inLanguage":"fr-FR","@id":"https:\/\/paracherkaoui.ma\/index.php\/produit\/kin-bain-de-bouche-enfant-gout-fraise-500-ml\/#primaryimage","url":"https:\/\/paracherkaoui.ma\/wp-content\/uploads\/2025\/12\/kin-kin-bain-de-bouche-enfant-gout-fraise-500-ml-bains-de-bouche.jpg","contentUrl":"https:\/\/paracherkaoui.ma\/wp-content\/uploads\/2025\/12\/kin-kin-bain-de-bouche-enfant-gout-fraise-500-ml-bains-de-bouche.jpg","width":700,"height":700},{"@type":"BreadcrumbList","@id":"https:\/\/paracherkaoui.ma\/index.php\/produit\/kin-bain-de-bouche-enfant-gout-fraise-500-ml\/#breadcrumb","itemListElement":[{"@type":"ListItem","position":1,"name":"Accueil","item":"https:\/\/paracherkaoui.ma\/"},{"@type":"ListItem","position":2,"name":"Boutique","item":"https:\/\/paracherkaoui.ma\/index.php\/boutique\/"},{"@type":"ListItem","position":3,"name":"KIN BAIN DE BOUCHE ENFANT GOUT FRAISE 500 ML"}]},{"@type":"WebSite","@id":"https:\/\/paracherkaoui.ma\/#website","url":"https:\/\/paracherkaoui.ma\/","name":"Paracherkaoui.ma","description":"Achetez en ligne sur Paracherkaoui.ma","potentialAction":[{"@type":"SearchAction","target":{"@type":"EntryPoint","urlTemplate":"https:\/\/paracherkaoui.ma\/?s={search_term_string}"},"query-input":{"@type":"PropertyValueSpecification","valueRequired":true,"valueName":"search_term_string"}}],"inLanguage":"fr-FR"}]}},"_links":{"self":[{"href":"https:\/\/paracherkaoui.ma\/index.php\/wp-json\/wp\/v2\/product\/47295","targetHints":{"allow":["GET"]}}],"collection":[{"href":"https:\/\/paracherkaoui.ma\/index.php\/wp-json\/wp\/v2\/product"}],"about":[{"href":"https:\/\/paracherkaoui.ma\/index.php\/wp-json\/wp\/v2\/types\/product"}],"replies":[{"embeddable":true,"href":"https:\/\/paracherkaoui.ma\/index.php\/wp-json\/wp\/v2\/comments?post=47295"}],"version-history":[{"count":1,"href":"https:\/\/paracherkaoui.ma\/index.php\/wp-json\/wp\/v2\/product\/47295\/revisions"}],"predecessor-version":[{"id":47352,"href":"https:\/\/paracherkaoui.ma\/index.php\/wp-json\/wp\/v2\/product\/47295\/revisions\/47352"}],"wp:featuredmedia":[{"embeddable":true,"href":"https:\/\/paracherkaoui.ma\/index.php\/wp-json\/wp\/v2\/media\/47351"}],"wp:attachment":[{"href":"https:\/\/paracherkaoui.ma\/index.php\/wp-json\/wp\/v2\/media?parent=47295"}],"wp:term":[{"taxonomy":"product_brand","embeddable":true,"href":"https:\/\/paracherkaoui.ma\/index.php\/wp-json\/wp\/v2\/product_brand?post=47295"},{"taxonomy":"product_cat","embeddable":true,"href":"https:\/\/paracherkaoui.ma\/index.php\/wp-json\/wp\/v2\/product_cat?post=47295"},{"taxonomy":"product_tag","embeddable":true,"href":"https:\/\/paracherkaoui.ma\/index.php\/wp-json\/wp\/v2\/product_tag?post=47295"}],"curies":[{"name":"wp","href":"https:\/\/api.w.org\/{rel}","templated":true}]}}