{"id":47293,"date":"2025-12-12T19:24:41","date_gmt":"2025-12-12T18:24:41","guid":{"rendered":"https:\/\/test.ecbeaute.com\/?post_type=product&#038;p=47293"},"modified":"2025-12-12T19:24:47","modified_gmt":"2025-12-12T18:24:47","slug":"stevia-gum-senses-anise-et-menthe","status":"publish","type":"product","link":"https:\/\/paracherkaoui.ma\/index.php\/produit\/stevia-gum-senses-anise-et-menthe\/","title":{"rendered":"STEVIA GUM SENSES ANISE ET MENTHE"},"content":{"rendered":"<p>La saveur de l&rsquo;anis et de la menthe rejoignent la puissance du Xylitol dans le chewing-gum sans Steviagum Sense des laboratoires Lemon Pharma. Ces gommes sans aspartame sont aussi d\u00e9licieuses que bonnes pour la bouche.<br \/>\nChewing-gum d&rsquo;hygi\u00e8ne bucco-dentaire au Xylitol et Stevia en pot de 30g<br \/>\nLe xylitol est utilis\u00e9 depuis des ann\u00e9es non seulement comme substitut du sucre, mais aussi pour la prophylaxie des caries. Le xylitol provient des fraises, des framboises, des pruneaux, des arbres ou encore du bl\u00e9. La st\u00e9via est connue depuis des milliers d&rsquo;ann\u00e9es en Am\u00e9rique du Sud pour la douceur intense de ses feuilles, elles sont 150 \u00e0 250 fois plus sucr\u00e9es que le sucre. ;voiture. Contrairement au sucre, la st\u00e9via ne contient aucune calorie.\u2022 Augmente la production de salive*\u2022 R\u00e9duit la plaque*\u2022 Augmente la valeur du PH*\u2022 Remin\u00e9ralise l&rsquo;\u00e9mail des dents** approuv\u00e9 par l&rsquo;Autorit\u00e9 europ\u00e9enne de s\u00e9curit\u00e9 des aliments EFSA &taureau; Ne contient ni calories ni glucides\u2022 Convient aux diab\u00e9tiques<\/p>\n","protected":false},"excerpt":{"rendered":"<p>La saveur de l&rsquo;anis et de la menthe rejoignent la puissance du Xylitol dans le chewing-gum sans Steviagum Sense des<\/p>\n","protected":false},"featured_media":47347,"comment_status":"open","ping_status":"closed","template":"","meta":[],"product_brand":[848],"product_cat":[846],"product_tag":[],"class_list":{"0":"post-47293","1":"product","2":"type-product","3":"status-publish","4":"has-post-thumbnail","6":"product_brand-stevia","7":"product_cat-bains-de-bouche-et-haleine-fraiche","9":"first","10":"instock","11":"shipping-taxable","12":"purchasable","13":"product-type-simple"},"yoast_head":"<!-- This site is optimized with the Yoast SEO plugin v26.6 - https:\/\/yoast.com\/wordpress\/plugins\/seo\/ -->\r\n<title>STEVIA GUM SENSES ANISE ET MENTHE - Paracherkaoui.ma<\/title>\r\n<meta name=\"robots\" content=\"index, follow, max-snippet:-1, max-image-preview:large, max-video-preview:-1\" \/>\r\n<link rel=\"canonical\" href=\"https:\/\/paracherkaoui.ma\/index.php\/produit\/stevia-gum-senses-anise-et-menthe\/\" \/>\r\n<meta property=\"og:locale\" content=\"fr_FR\" \/>\r\n<meta property=\"og:type\" content=\"article\" \/>\r\n<meta property=\"og:title\" content=\"STEVIA GUM SENSES ANISE ET MENTHE - Paracherkaoui.ma\" \/>\r\n<meta property=\"og:description\" content=\"La saveur de l&rsquo;anis et de la menthe rejoignent la puissance du Xylitol dans le chewing-gum sans Steviagum Sense des\" \/>\r\n<meta property=\"og:url\" content=\"https:\/\/paracherkaoui.ma\/index.php\/produit\/stevia-gum-senses-anise-et-menthe\/\" \/>\r\n<meta property=\"og:site_name\" content=\"Paracherkaoui.ma\" \/>\r\n<meta property=\"article:modified_time\" content=\"2025-12-12T18:24:47+00:00\" \/>\r\n<meta property=\"og:image\" content=\"https:\/\/paracherkaoui.ma\/wp-content\/uploads\/2025\/12\/stevia-stevia-gum-senses-anise-et-menthe-haleine-fraiche.jpg\" \/>\r\n\t<meta property=\"og:image:width\" content=\"700\" \/>\r\n\t<meta property=\"og:image:height\" content=\"700\" \/>\r\n\t<meta property=\"og:image:type\" content=\"image\/jpeg\" \/>\r\n<meta name=\"twitter:card\" content=\"summary_large_image\" \/>\r\n<meta name=\"twitter:label1\" content=\"Dur\u00e9e de lecture estim\u00e9e\" \/>\n\t<meta name=\"twitter:data1\" content=\"1 minute\" \/>\r\n<script type=\"application\/ld+json\" class=\"yoast-schema-graph\">{\"@context\":\"https:\/\/schema.org\",\"@graph\":[{\"@type\":\"WebPage\",\"@id\":\"https:\/\/paracherkaoui.ma\/index.php\/produit\/stevia-gum-senses-anise-et-menthe\/\",\"url\":\"https:\/\/paracherkaoui.ma\/index.php\/produit\/stevia-gum-senses-anise-et-menthe\/\",\"name\":\"STEVIA GUM SENSES ANISE ET MENTHE - Paracherkaoui.ma\",\"isPartOf\":{\"@id\":\"https:\/\/paracherkaoui.ma\/#website\"},\"primaryImageOfPage\":{\"@id\":\"https:\/\/paracherkaoui.ma\/index.php\/produit\/stevia-gum-senses-anise-et-menthe\/#primaryimage\"},\"image\":{\"@id\":\"https:\/\/paracherkaoui.ma\/index.php\/produit\/stevia-gum-senses-anise-et-menthe\/#primaryimage\"},\"thumbnailUrl\":\"https:\/\/paracherkaoui.ma\/wp-content\/uploads\/2025\/12\/stevia-stevia-gum-senses-anise-et-menthe-haleine-fraiche.jpg\",\"datePublished\":\"2025-12-12T18:24:41+00:00\",\"dateModified\":\"2025-12-12T18:24:47+00:00\",\"breadcrumb\":{\"@id\":\"https:\/\/paracherkaoui.ma\/index.php\/produit\/stevia-gum-senses-anise-et-menthe\/#breadcrumb\"},\"inLanguage\":\"fr-FR\",\"potentialAction\":[{\"@type\":\"ReadAction\",\"target\":[\"https:\/\/paracherkaoui.ma\/index.php\/produit\/stevia-gum-senses-anise-et-menthe\/\"]}]},{\"@type\":\"ImageObject\",\"inLanguage\":\"fr-FR\",\"@id\":\"https:\/\/paracherkaoui.ma\/index.php\/produit\/stevia-gum-senses-anise-et-menthe\/#primaryimage\",\"url\":\"https:\/\/paracherkaoui.ma\/wp-content\/uploads\/2025\/12\/stevia-stevia-gum-senses-anise-et-menthe-haleine-fraiche.jpg\",\"contentUrl\":\"https:\/\/paracherkaoui.ma\/wp-content\/uploads\/2025\/12\/stevia-stevia-gum-senses-anise-et-menthe-haleine-fraiche.jpg\",\"width\":700,\"height\":700},{\"@type\":\"BreadcrumbList\",\"@id\":\"https:\/\/paracherkaoui.ma\/index.php\/produit\/stevia-gum-senses-anise-et-menthe\/#breadcrumb\",\"itemListElement\":[{\"@type\":\"ListItem\",\"position\":1,\"name\":\"Accueil\",\"item\":\"https:\/\/paracherkaoui.ma\/\"},{\"@type\":\"ListItem\",\"position\":2,\"name\":\"Boutique\",\"item\":\"https:\/\/paracherkaoui.ma\/index.php\/boutique\/\"},{\"@type\":\"ListItem\",\"position\":3,\"name\":\"STEVIA GUM SENSES ANISE ET MENTHE\"}]},{\"@type\":\"WebSite\",\"@id\":\"https:\/\/paracherkaoui.ma\/#website\",\"url\":\"https:\/\/paracherkaoui.ma\/\",\"name\":\"Paracherkaoui.ma\",\"description\":\"Achetez en ligne sur Paracherkaoui.ma\",\"potentialAction\":[{\"@type\":\"SearchAction\",\"target\":{\"@type\":\"EntryPoint\",\"urlTemplate\":\"https:\/\/paracherkaoui.ma\/?s={search_term_string}\"},\"query-input\":{\"@type\":\"PropertyValueSpecification\",\"valueRequired\":true,\"valueName\":\"search_term_string\"}}],\"inLanguage\":\"fr-FR\"}]}<\/script>\r\n<!-- \/ Yoast SEO plugin. -->","yoast_head_json":{"title":"STEVIA GUM SENSES ANISE ET MENTHE - Paracherkaoui.ma","robots":{"index":"index","follow":"follow","max-snippet":"max-snippet:-1","max-image-preview":"max-image-preview:large","max-video-preview":"max-video-preview:-1"},"canonical":"https:\/\/paracherkaoui.ma\/index.php\/produit\/stevia-gum-senses-anise-et-menthe\/","og_locale":"fr_FR","og_type":"article","og_title":"STEVIA GUM SENSES ANISE ET MENTHE - Paracherkaoui.ma","og_description":"La saveur de l&rsquo;anis et de la menthe rejoignent la puissance du Xylitol dans le chewing-gum sans Steviagum Sense des","og_url":"https:\/\/paracherkaoui.ma\/index.php\/produit\/stevia-gum-senses-anise-et-menthe\/","og_site_name":"Paracherkaoui.ma","article_modified_time":"2025-12-12T18:24:47+00:00","og_image":[{"width":700,"height":700,"url":"https:\/\/paracherkaoui.ma\/wp-content\/uploads\/2025\/12\/stevia-stevia-gum-senses-anise-et-menthe-haleine-fraiche.jpg","type":"image\/jpeg"}],"twitter_card":"summary_large_image","twitter_misc":{"Dur\u00e9e de lecture estim\u00e9e":"1 minute"},"schema":{"@context":"https:\/\/schema.org","@graph":[{"@type":"WebPage","@id":"https:\/\/paracherkaoui.ma\/index.php\/produit\/stevia-gum-senses-anise-et-menthe\/","url":"https:\/\/paracherkaoui.ma\/index.php\/produit\/stevia-gum-senses-anise-et-menthe\/","name":"STEVIA GUM SENSES ANISE ET MENTHE - Paracherkaoui.ma","isPartOf":{"@id":"https:\/\/paracherkaoui.ma\/#website"},"primaryImageOfPage":{"@id":"https:\/\/paracherkaoui.ma\/index.php\/produit\/stevia-gum-senses-anise-et-menthe\/#primaryimage"},"image":{"@id":"https:\/\/paracherkaoui.ma\/index.php\/produit\/stevia-gum-senses-anise-et-menthe\/#primaryimage"},"thumbnailUrl":"https:\/\/paracherkaoui.ma\/wp-content\/uploads\/2025\/12\/stevia-stevia-gum-senses-anise-et-menthe-haleine-fraiche.jpg","datePublished":"2025-12-12T18:24:41+00:00","dateModified":"2025-12-12T18:24:47+00:00","breadcrumb":{"@id":"https:\/\/paracherkaoui.ma\/index.php\/produit\/stevia-gum-senses-anise-et-menthe\/#breadcrumb"},"inLanguage":"fr-FR","potentialAction":[{"@type":"ReadAction","target":["https:\/\/paracherkaoui.ma\/index.php\/produit\/stevia-gum-senses-anise-et-menthe\/"]}]},{"@type":"ImageObject","inLanguage":"fr-FR","@id":"https:\/\/paracherkaoui.ma\/index.php\/produit\/stevia-gum-senses-anise-et-menthe\/#primaryimage","url":"https:\/\/paracherkaoui.ma\/wp-content\/uploads\/2025\/12\/stevia-stevia-gum-senses-anise-et-menthe-haleine-fraiche.jpg","contentUrl":"https:\/\/paracherkaoui.ma\/wp-content\/uploads\/2025\/12\/stevia-stevia-gum-senses-anise-et-menthe-haleine-fraiche.jpg","width":700,"height":700},{"@type":"BreadcrumbList","@id":"https:\/\/paracherkaoui.ma\/index.php\/produit\/stevia-gum-senses-anise-et-menthe\/#breadcrumb","itemListElement":[{"@type":"ListItem","position":1,"name":"Accueil","item":"https:\/\/paracherkaoui.ma\/"},{"@type":"ListItem","position":2,"name":"Boutique","item":"https:\/\/paracherkaoui.ma\/index.php\/boutique\/"},{"@type":"ListItem","position":3,"name":"STEVIA GUM SENSES ANISE ET MENTHE"}]},{"@type":"WebSite","@id":"https:\/\/paracherkaoui.ma\/#website","url":"https:\/\/paracherkaoui.ma\/","name":"Paracherkaoui.ma","description":"Achetez en ligne sur Paracherkaoui.ma","potentialAction":[{"@type":"SearchAction","target":{"@type":"EntryPoint","urlTemplate":"https:\/\/paracherkaoui.ma\/?s={search_term_string}"},"query-input":{"@type":"PropertyValueSpecification","valueRequired":true,"valueName":"search_term_string"}}],"inLanguage":"fr-FR"}]}},"_links":{"self":[{"href":"https:\/\/paracherkaoui.ma\/index.php\/wp-json\/wp\/v2\/product\/47293","targetHints":{"allow":["GET"]}}],"collection":[{"href":"https:\/\/paracherkaoui.ma\/index.php\/wp-json\/wp\/v2\/product"}],"about":[{"href":"https:\/\/paracherkaoui.ma\/index.php\/wp-json\/wp\/v2\/types\/product"}],"replies":[{"embeddable":true,"href":"https:\/\/paracherkaoui.ma\/index.php\/wp-json\/wp\/v2\/comments?post=47293"}],"version-history":[{"count":1,"href":"https:\/\/paracherkaoui.ma\/index.php\/wp-json\/wp\/v2\/product\/47293\/revisions"}],"predecessor-version":[{"id":47348,"href":"https:\/\/paracherkaoui.ma\/index.php\/wp-json\/wp\/v2\/product\/47293\/revisions\/47348"}],"wp:featuredmedia":[{"embeddable":true,"href":"https:\/\/paracherkaoui.ma\/index.php\/wp-json\/wp\/v2\/media\/47347"}],"wp:attachment":[{"href":"https:\/\/paracherkaoui.ma\/index.php\/wp-json\/wp\/v2\/media?parent=47293"}],"wp:term":[{"taxonomy":"product_brand","embeddable":true,"href":"https:\/\/paracherkaoui.ma\/index.php\/wp-json\/wp\/v2\/product_brand?post=47293"},{"taxonomy":"product_cat","embeddable":true,"href":"https:\/\/paracherkaoui.ma\/index.php\/wp-json\/wp\/v2\/product_cat?post=47293"},{"taxonomy":"product_tag","embeddable":true,"href":"https:\/\/paracherkaoui.ma\/index.php\/wp-json\/wp\/v2\/product_tag?post=47293"}],"curies":[{"name":"wp","href":"https:\/\/api.w.org\/{rel}","templated":true}]}}