{"id":47289,"date":"2025-12-12T19:24:40","date_gmt":"2025-12-12T18:24:40","guid":{"rendered":"https:\/\/test.ecbeaute.com\/?post_type=product&#038;p=47289"},"modified":"2025-12-12T19:24:46","modified_gmt":"2025-12-12T18:24:46","slug":"vitis-orthodontic-bain-de-bouche-150-ml","status":"publish","type":"product","link":"https:\/\/paracherkaoui.ma\/index.php\/produit\/vitis-orthodontic-bain-de-bouche-150-ml\/","title":{"rendered":"VITIS ORTHODONTIC BAIN DE BOUCHE 150 ML"},"content":{"rendered":"<p>Description:<br \/>\nSa composition et ses caract\u00e9ristiques permettent d\u2019\u00e9viter les d\u00e9sagr\u00e9ments fr\u00e9quents d\u00e9coulant de l\u2019utilisation d\u2019appareils d\u2019orthodontie\u00a0et elle renforce les avantages de la brosse \u00e0 dents et du dentifrice.<br \/>\nAvec une action anti-plaque et remin\u00e9ralisante de l\u2019\u00e9mail, il fournit quotidiennement les principes actifs n\u00e9cessaires au maintien d\u2019une bouche saine.<br \/>\nIl renforce l\u2019action de la brosse \u00e0 dents et du dentifrice, car il atteint des endroits des appareils orthodontiques d\u2019acc\u00e8s\u00a0difficiles en assurant\u00a0une plus grande efficacit\u00e9 des principes actifs dans la bouche.<br \/>\nLe bain de bouche assure\u00a0un soin complet de la bouche, des dents et des gencives\u00a0pendant le traitement orthodontique.<br \/>\nUtilisation:<br \/>\nRincez-vous la bouche pendant 30 secondes avec 15 ml de Vitis puis rincez la bouche apr\u00e8s chaque utilisation des solutions Vitis orthodontique. Dentaid vous recommande de ne pas manger ou boire au moins une demi-heure apr\u00e8s le rin\u00e7age.<br \/>\nAttention:<br \/>\nNe pas avaler .Ne pas laisser aux enfants.<\/p>\n","protected":false},"excerpt":{"rendered":"<p>Description: Sa composition et ses caract\u00e9ristiques permettent d\u2019\u00e9viter les d\u00e9sagr\u00e9ments fr\u00e9quents d\u00e9coulant de l\u2019utilisation d\u2019appareils d\u2019orthodontie\u00a0et elle renforce les avantages<\/p>\n","protected":false},"featured_media":47339,"comment_status":"open","ping_status":"closed","template":"","meta":[],"product_brand":[797],"product_cat":[846],"product_tag":[],"class_list":{"0":"post-47289","1":"product","2":"type-product","3":"status-publish","4":"has-post-thumbnail","6":"product_brand-vitis","7":"product_cat-bains-de-bouche-et-haleine-fraiche","9":"first","10":"instock","11":"sale","12":"shipping-taxable","13":"purchasable","14":"product-type-simple"},"yoast_head":"<!-- This site is optimized with the Yoast SEO plugin v26.6 - https:\/\/yoast.com\/wordpress\/plugins\/seo\/ -->\r\n<title>VITIS ORTHODONTIC BAIN DE BOUCHE 150 ML - Paracherkaoui.ma<\/title>\r\n<meta name=\"robots\" content=\"index, follow, max-snippet:-1, max-image-preview:large, max-video-preview:-1\" \/>\r\n<link rel=\"canonical\" href=\"https:\/\/paracherkaoui.ma\/index.php\/produit\/vitis-orthodontic-bain-de-bouche-150-ml\/\" \/>\r\n<meta property=\"og:locale\" content=\"fr_FR\" \/>\r\n<meta property=\"og:type\" content=\"article\" \/>\r\n<meta property=\"og:title\" content=\"VITIS ORTHODONTIC BAIN DE BOUCHE 150 ML - Paracherkaoui.ma\" \/>\r\n<meta property=\"og:description\" content=\"Description: Sa composition et ses caract\u00e9ristiques permettent d\u2019\u00e9viter les d\u00e9sagr\u00e9ments fr\u00e9quents d\u00e9coulant de l\u2019utilisation d\u2019appareils d\u2019orthodontie\u00a0et elle renforce les avantages\" \/>\r\n<meta property=\"og:url\" content=\"https:\/\/paracherkaoui.ma\/index.php\/produit\/vitis-orthodontic-bain-de-bouche-150-ml\/\" \/>\r\n<meta property=\"og:site_name\" content=\"Paracherkaoui.ma\" \/>\r\n<meta property=\"article:modified_time\" content=\"2025-12-12T18:24:46+00:00\" \/>\r\n<meta property=\"og:image\" content=\"https:\/\/paracherkaoui.ma\/wp-content\/uploads\/2025\/12\/vitis-vitis-orthodontic-bain-de-bouche-150-ml-bains-de-bouche.jpg\" \/>\r\n\t<meta property=\"og:image:width\" content=\"700\" \/>\r\n\t<meta property=\"og:image:height\" content=\"700\" \/>\r\n\t<meta property=\"og:image:type\" content=\"image\/jpeg\" \/>\r\n<meta name=\"twitter:card\" content=\"summary_large_image\" \/>\r\n<meta name=\"twitter:label1\" content=\"Dur\u00e9e de lecture estim\u00e9e\" \/>\n\t<meta name=\"twitter:data1\" content=\"1 minute\" \/>\r\n<script type=\"application\/ld+json\" class=\"yoast-schema-graph\">{\"@context\":\"https:\/\/schema.org\",\"@graph\":[{\"@type\":\"WebPage\",\"@id\":\"https:\/\/paracherkaoui.ma\/index.php\/produit\/vitis-orthodontic-bain-de-bouche-150-ml\/\",\"url\":\"https:\/\/paracherkaoui.ma\/index.php\/produit\/vitis-orthodontic-bain-de-bouche-150-ml\/\",\"name\":\"VITIS ORTHODONTIC BAIN DE BOUCHE 150 ML - Paracherkaoui.ma\",\"isPartOf\":{\"@id\":\"https:\/\/paracherkaoui.ma\/#website\"},\"primaryImageOfPage\":{\"@id\":\"https:\/\/paracherkaoui.ma\/index.php\/produit\/vitis-orthodontic-bain-de-bouche-150-ml\/#primaryimage\"},\"image\":{\"@id\":\"https:\/\/paracherkaoui.ma\/index.php\/produit\/vitis-orthodontic-bain-de-bouche-150-ml\/#primaryimage\"},\"thumbnailUrl\":\"https:\/\/paracherkaoui.ma\/wp-content\/uploads\/2025\/12\/vitis-vitis-orthodontic-bain-de-bouche-150-ml-bains-de-bouche.jpg\",\"datePublished\":\"2025-12-12T18:24:40+00:00\",\"dateModified\":\"2025-12-12T18:24:46+00:00\",\"breadcrumb\":{\"@id\":\"https:\/\/paracherkaoui.ma\/index.php\/produit\/vitis-orthodontic-bain-de-bouche-150-ml\/#breadcrumb\"},\"inLanguage\":\"fr-FR\",\"potentialAction\":[{\"@type\":\"ReadAction\",\"target\":[\"https:\/\/paracherkaoui.ma\/index.php\/produit\/vitis-orthodontic-bain-de-bouche-150-ml\/\"]}]},{\"@type\":\"ImageObject\",\"inLanguage\":\"fr-FR\",\"@id\":\"https:\/\/paracherkaoui.ma\/index.php\/produit\/vitis-orthodontic-bain-de-bouche-150-ml\/#primaryimage\",\"url\":\"https:\/\/paracherkaoui.ma\/wp-content\/uploads\/2025\/12\/vitis-vitis-orthodontic-bain-de-bouche-150-ml-bains-de-bouche.jpg\",\"contentUrl\":\"https:\/\/paracherkaoui.ma\/wp-content\/uploads\/2025\/12\/vitis-vitis-orthodontic-bain-de-bouche-150-ml-bains-de-bouche.jpg\",\"width\":700,\"height\":700},{\"@type\":\"BreadcrumbList\",\"@id\":\"https:\/\/paracherkaoui.ma\/index.php\/produit\/vitis-orthodontic-bain-de-bouche-150-ml\/#breadcrumb\",\"itemListElement\":[{\"@type\":\"ListItem\",\"position\":1,\"name\":\"Accueil\",\"item\":\"https:\/\/paracherkaoui.ma\/\"},{\"@type\":\"ListItem\",\"position\":2,\"name\":\"Boutique\",\"item\":\"https:\/\/paracherkaoui.ma\/index.php\/boutique\/\"},{\"@type\":\"ListItem\",\"position\":3,\"name\":\"VITIS ORTHODONTIC BAIN DE BOUCHE 150 ML\"}]},{\"@type\":\"WebSite\",\"@id\":\"https:\/\/paracherkaoui.ma\/#website\",\"url\":\"https:\/\/paracherkaoui.ma\/\",\"name\":\"Paracherkaoui.ma\",\"description\":\"Achetez en ligne sur Paracherkaoui.ma\",\"potentialAction\":[{\"@type\":\"SearchAction\",\"target\":{\"@type\":\"EntryPoint\",\"urlTemplate\":\"https:\/\/paracherkaoui.ma\/?s={search_term_string}\"},\"query-input\":{\"@type\":\"PropertyValueSpecification\",\"valueRequired\":true,\"valueName\":\"search_term_string\"}}],\"inLanguage\":\"fr-FR\"}]}<\/script>\r\n<!-- \/ Yoast SEO plugin. -->","yoast_head_json":{"title":"VITIS ORTHODONTIC BAIN DE BOUCHE 150 ML - Paracherkaoui.ma","robots":{"index":"index","follow":"follow","max-snippet":"max-snippet:-1","max-image-preview":"max-image-preview:large","max-video-preview":"max-video-preview:-1"},"canonical":"https:\/\/paracherkaoui.ma\/index.php\/produit\/vitis-orthodontic-bain-de-bouche-150-ml\/","og_locale":"fr_FR","og_type":"article","og_title":"VITIS ORTHODONTIC BAIN DE BOUCHE 150 ML - Paracherkaoui.ma","og_description":"Description: Sa composition et ses caract\u00e9ristiques permettent d\u2019\u00e9viter les d\u00e9sagr\u00e9ments fr\u00e9quents d\u00e9coulant de l\u2019utilisation d\u2019appareils d\u2019orthodontie\u00a0et elle renforce les avantages","og_url":"https:\/\/paracherkaoui.ma\/index.php\/produit\/vitis-orthodontic-bain-de-bouche-150-ml\/","og_site_name":"Paracherkaoui.ma","article_modified_time":"2025-12-12T18:24:46+00:00","og_image":[{"width":700,"height":700,"url":"https:\/\/paracherkaoui.ma\/wp-content\/uploads\/2025\/12\/vitis-vitis-orthodontic-bain-de-bouche-150-ml-bains-de-bouche.jpg","type":"image\/jpeg"}],"twitter_card":"summary_large_image","twitter_misc":{"Dur\u00e9e de lecture estim\u00e9e":"1 minute"},"schema":{"@context":"https:\/\/schema.org","@graph":[{"@type":"WebPage","@id":"https:\/\/paracherkaoui.ma\/index.php\/produit\/vitis-orthodontic-bain-de-bouche-150-ml\/","url":"https:\/\/paracherkaoui.ma\/index.php\/produit\/vitis-orthodontic-bain-de-bouche-150-ml\/","name":"VITIS ORTHODONTIC BAIN DE BOUCHE 150 ML - Paracherkaoui.ma","isPartOf":{"@id":"https:\/\/paracherkaoui.ma\/#website"},"primaryImageOfPage":{"@id":"https:\/\/paracherkaoui.ma\/index.php\/produit\/vitis-orthodontic-bain-de-bouche-150-ml\/#primaryimage"},"image":{"@id":"https:\/\/paracherkaoui.ma\/index.php\/produit\/vitis-orthodontic-bain-de-bouche-150-ml\/#primaryimage"},"thumbnailUrl":"https:\/\/paracherkaoui.ma\/wp-content\/uploads\/2025\/12\/vitis-vitis-orthodontic-bain-de-bouche-150-ml-bains-de-bouche.jpg","datePublished":"2025-12-12T18:24:40+00:00","dateModified":"2025-12-12T18:24:46+00:00","breadcrumb":{"@id":"https:\/\/paracherkaoui.ma\/index.php\/produit\/vitis-orthodontic-bain-de-bouche-150-ml\/#breadcrumb"},"inLanguage":"fr-FR","potentialAction":[{"@type":"ReadAction","target":["https:\/\/paracherkaoui.ma\/index.php\/produit\/vitis-orthodontic-bain-de-bouche-150-ml\/"]}]},{"@type":"ImageObject","inLanguage":"fr-FR","@id":"https:\/\/paracherkaoui.ma\/index.php\/produit\/vitis-orthodontic-bain-de-bouche-150-ml\/#primaryimage","url":"https:\/\/paracherkaoui.ma\/wp-content\/uploads\/2025\/12\/vitis-vitis-orthodontic-bain-de-bouche-150-ml-bains-de-bouche.jpg","contentUrl":"https:\/\/paracherkaoui.ma\/wp-content\/uploads\/2025\/12\/vitis-vitis-orthodontic-bain-de-bouche-150-ml-bains-de-bouche.jpg","width":700,"height":700},{"@type":"BreadcrumbList","@id":"https:\/\/paracherkaoui.ma\/index.php\/produit\/vitis-orthodontic-bain-de-bouche-150-ml\/#breadcrumb","itemListElement":[{"@type":"ListItem","position":1,"name":"Accueil","item":"https:\/\/paracherkaoui.ma\/"},{"@type":"ListItem","position":2,"name":"Boutique","item":"https:\/\/paracherkaoui.ma\/index.php\/boutique\/"},{"@type":"ListItem","position":3,"name":"VITIS ORTHODONTIC BAIN DE BOUCHE 150 ML"}]},{"@type":"WebSite","@id":"https:\/\/paracherkaoui.ma\/#website","url":"https:\/\/paracherkaoui.ma\/","name":"Paracherkaoui.ma","description":"Achetez en ligne sur Paracherkaoui.ma","potentialAction":[{"@type":"SearchAction","target":{"@type":"EntryPoint","urlTemplate":"https:\/\/paracherkaoui.ma\/?s={search_term_string}"},"query-input":{"@type":"PropertyValueSpecification","valueRequired":true,"valueName":"search_term_string"}}],"inLanguage":"fr-FR"}]}},"_links":{"self":[{"href":"https:\/\/paracherkaoui.ma\/index.php\/wp-json\/wp\/v2\/product\/47289","targetHints":{"allow":["GET"]}}],"collection":[{"href":"https:\/\/paracherkaoui.ma\/index.php\/wp-json\/wp\/v2\/product"}],"about":[{"href":"https:\/\/paracherkaoui.ma\/index.php\/wp-json\/wp\/v2\/types\/product"}],"replies":[{"embeddable":true,"href":"https:\/\/paracherkaoui.ma\/index.php\/wp-json\/wp\/v2\/comments?post=47289"}],"version-history":[{"count":1,"href":"https:\/\/paracherkaoui.ma\/index.php\/wp-json\/wp\/v2\/product\/47289\/revisions"}],"predecessor-version":[{"id":47340,"href":"https:\/\/paracherkaoui.ma\/index.php\/wp-json\/wp\/v2\/product\/47289\/revisions\/47340"}],"wp:featuredmedia":[{"embeddable":true,"href":"https:\/\/paracherkaoui.ma\/index.php\/wp-json\/wp\/v2\/media\/47339"}],"wp:attachment":[{"href":"https:\/\/paracherkaoui.ma\/index.php\/wp-json\/wp\/v2\/media?parent=47289"}],"wp:term":[{"taxonomy":"product_brand","embeddable":true,"href":"https:\/\/paracherkaoui.ma\/index.php\/wp-json\/wp\/v2\/product_brand?post=47289"},{"taxonomy":"product_cat","embeddable":true,"href":"https:\/\/paracherkaoui.ma\/index.php\/wp-json\/wp\/v2\/product_cat?post=47289"},{"taxonomy":"product_tag","embeddable":true,"href":"https:\/\/paracherkaoui.ma\/index.php\/wp-json\/wp\/v2\/product_tag?post=47289"}],"curies":[{"name":"wp","href":"https:\/\/api.w.org\/{rel}","templated":true}]}}