{"id":47286,"date":"2025-12-12T19:24:40","date_gmt":"2025-12-12T18:24:40","guid":{"rendered":"https:\/\/test.ecbeaute.com\/?post_type=product&#038;p=47286"},"modified":"2025-12-12T19:24:45","modified_gmt":"2025-12-12T18:24:45","slug":"miradent-plaque-agent-500-ml","status":"publish","type":"product","link":"https:\/\/paracherkaoui.ma\/index.php\/produit\/miradent-plaque-agent-500-ml\/","title":{"rendered":"MIRADENT PLAQUE AGENT 500 ML"},"content":{"rendered":"<p>Solution de rin\u00e7age dentaire pour le contr\u00f4le de la plaque dentaire.Contr\u00f4le rapide et facile des d\u00e9p\u00f4ts de plaque chez les enfants. La solution de rin\u00e7age dentaire Plaque Agent contr\u00f4le de mani\u00e8re ludique les efforts de nettoyage quotidiens des enfants. En m\u00eame temps, cela motive des soins dentaires appropri\u00e9s et approfondis. Id\u00e9alement, il doit \u00eatre utilis\u00e9 avant de se brosser les dents. La solution de rin\u00e7age colore en bleu la plaque existante. Les zones color\u00e9es peuvent ensuite \u00eatre \u00e9limin\u00e9es par un nettoyage cibl\u00e9. Cela montre aux enfants l&rsquo;importance des soins dentaires quotidiens.<br \/>\nCONSEILS D&rsquo;UTILISATION :<br \/>\nPour utiliser l&rsquo;agent de plaque miradent, la cavit\u00e9 buccale est rinc\u00e9e avec 10 ml (un capuchon doseur) de solution de rin\u00e7age dentaire pendant 30 secondes.<\/p>\n","protected":false},"excerpt":{"rendered":"<p>Solution de rin\u00e7age dentaire pour le contr\u00f4le de la plaque dentaire.Contr\u00f4le rapide et facile des d\u00e9p\u00f4ts de plaque chez les<\/p>\n","protected":false},"featured_media":47333,"comment_status":"open","ping_status":"closed","template":"","meta":[],"product_brand":[662],"product_cat":[846],"product_tag":[],"class_list":{"0":"post-47286","1":"product","2":"type-product","3":"status-publish","4":"has-post-thumbnail","6":"product_brand-miradent","7":"product_cat-bains-de-bouche-et-haleine-fraiche","9":"first","10":"instock","11":"sale","12":"shipping-taxable","13":"purchasable","14":"product-type-simple"},"yoast_head":"<!-- This site is optimized with the Yoast SEO plugin v26.6 - https:\/\/yoast.com\/wordpress\/plugins\/seo\/ -->\r\n<title>MIRADENT PLAQUE AGENT 500 ML - Paracherkaoui.ma<\/title>\r\n<meta name=\"robots\" content=\"index, follow, max-snippet:-1, max-image-preview:large, max-video-preview:-1\" \/>\r\n<link rel=\"canonical\" href=\"https:\/\/paracherkaoui.ma\/index.php\/produit\/miradent-plaque-agent-500-ml\/\" \/>\r\n<meta property=\"og:locale\" content=\"fr_FR\" \/>\r\n<meta property=\"og:type\" content=\"article\" \/>\r\n<meta property=\"og:title\" content=\"MIRADENT PLAQUE AGENT 500 ML - Paracherkaoui.ma\" \/>\r\n<meta property=\"og:description\" content=\"Solution de rin\u00e7age dentaire pour le contr\u00f4le de la plaque dentaire.Contr\u00f4le rapide et facile des d\u00e9p\u00f4ts de plaque chez les\" \/>\r\n<meta property=\"og:url\" content=\"https:\/\/paracherkaoui.ma\/index.php\/produit\/miradent-plaque-agent-500-ml\/\" \/>\r\n<meta property=\"og:site_name\" content=\"Paracherkaoui.ma\" \/>\r\n<meta property=\"article:modified_time\" content=\"2025-12-12T18:24:45+00:00\" \/>\r\n<meta property=\"og:image\" content=\"https:\/\/paracherkaoui.ma\/wp-content\/uploads\/2025\/12\/miradent-miradent-plaque-agent-500-ml-bains-de-bouche-et-haleine-fraiche.jpg\" \/>\r\n\t<meta property=\"og:image:width\" content=\"700\" \/>\r\n\t<meta property=\"og:image:height\" content=\"700\" \/>\r\n\t<meta property=\"og:image:type\" content=\"image\/jpeg\" \/>\r\n<meta name=\"twitter:card\" content=\"summary_large_image\" \/>\r\n<meta name=\"twitter:label1\" content=\"Dur\u00e9e de lecture estim\u00e9e\" \/>\n\t<meta name=\"twitter:data1\" content=\"1 minute\" \/>\r\n<script type=\"application\/ld+json\" class=\"yoast-schema-graph\">{\"@context\":\"https:\/\/schema.org\",\"@graph\":[{\"@type\":\"WebPage\",\"@id\":\"https:\/\/paracherkaoui.ma\/index.php\/produit\/miradent-plaque-agent-500-ml\/\",\"url\":\"https:\/\/paracherkaoui.ma\/index.php\/produit\/miradent-plaque-agent-500-ml\/\",\"name\":\"MIRADENT PLAQUE AGENT 500 ML - Paracherkaoui.ma\",\"isPartOf\":{\"@id\":\"https:\/\/paracherkaoui.ma\/#website\"},\"primaryImageOfPage\":{\"@id\":\"https:\/\/paracherkaoui.ma\/index.php\/produit\/miradent-plaque-agent-500-ml\/#primaryimage\"},\"image\":{\"@id\":\"https:\/\/paracherkaoui.ma\/index.php\/produit\/miradent-plaque-agent-500-ml\/#primaryimage\"},\"thumbnailUrl\":\"https:\/\/paracherkaoui.ma\/wp-content\/uploads\/2025\/12\/miradent-miradent-plaque-agent-500-ml-bains-de-bouche-et-haleine-fraiche.jpg\",\"datePublished\":\"2025-12-12T18:24:40+00:00\",\"dateModified\":\"2025-12-12T18:24:45+00:00\",\"breadcrumb\":{\"@id\":\"https:\/\/paracherkaoui.ma\/index.php\/produit\/miradent-plaque-agent-500-ml\/#breadcrumb\"},\"inLanguage\":\"fr-FR\",\"potentialAction\":[{\"@type\":\"ReadAction\",\"target\":[\"https:\/\/paracherkaoui.ma\/index.php\/produit\/miradent-plaque-agent-500-ml\/\"]}]},{\"@type\":\"ImageObject\",\"inLanguage\":\"fr-FR\",\"@id\":\"https:\/\/paracherkaoui.ma\/index.php\/produit\/miradent-plaque-agent-500-ml\/#primaryimage\",\"url\":\"https:\/\/paracherkaoui.ma\/wp-content\/uploads\/2025\/12\/miradent-miradent-plaque-agent-500-ml-bains-de-bouche-et-haleine-fraiche.jpg\",\"contentUrl\":\"https:\/\/paracherkaoui.ma\/wp-content\/uploads\/2025\/12\/miradent-miradent-plaque-agent-500-ml-bains-de-bouche-et-haleine-fraiche.jpg\",\"width\":700,\"height\":700},{\"@type\":\"BreadcrumbList\",\"@id\":\"https:\/\/paracherkaoui.ma\/index.php\/produit\/miradent-plaque-agent-500-ml\/#breadcrumb\",\"itemListElement\":[{\"@type\":\"ListItem\",\"position\":1,\"name\":\"Accueil\",\"item\":\"https:\/\/paracherkaoui.ma\/\"},{\"@type\":\"ListItem\",\"position\":2,\"name\":\"Boutique\",\"item\":\"https:\/\/paracherkaoui.ma\/index.php\/boutique\/\"},{\"@type\":\"ListItem\",\"position\":3,\"name\":\"MIRADENT PLAQUE AGENT 500 ML\"}]},{\"@type\":\"WebSite\",\"@id\":\"https:\/\/paracherkaoui.ma\/#website\",\"url\":\"https:\/\/paracherkaoui.ma\/\",\"name\":\"Paracherkaoui.ma\",\"description\":\"Achetez en ligne sur Paracherkaoui.ma\",\"potentialAction\":[{\"@type\":\"SearchAction\",\"target\":{\"@type\":\"EntryPoint\",\"urlTemplate\":\"https:\/\/paracherkaoui.ma\/?s={search_term_string}\"},\"query-input\":{\"@type\":\"PropertyValueSpecification\",\"valueRequired\":true,\"valueName\":\"search_term_string\"}}],\"inLanguage\":\"fr-FR\"}]}<\/script>\r\n<!-- \/ Yoast SEO plugin. -->","yoast_head_json":{"title":"MIRADENT PLAQUE AGENT 500 ML - Paracherkaoui.ma","robots":{"index":"index","follow":"follow","max-snippet":"max-snippet:-1","max-image-preview":"max-image-preview:large","max-video-preview":"max-video-preview:-1"},"canonical":"https:\/\/paracherkaoui.ma\/index.php\/produit\/miradent-plaque-agent-500-ml\/","og_locale":"fr_FR","og_type":"article","og_title":"MIRADENT PLAQUE AGENT 500 ML - Paracherkaoui.ma","og_description":"Solution de rin\u00e7age dentaire pour le contr\u00f4le de la plaque dentaire.Contr\u00f4le rapide et facile des d\u00e9p\u00f4ts de plaque chez les","og_url":"https:\/\/paracherkaoui.ma\/index.php\/produit\/miradent-plaque-agent-500-ml\/","og_site_name":"Paracherkaoui.ma","article_modified_time":"2025-12-12T18:24:45+00:00","og_image":[{"width":700,"height":700,"url":"https:\/\/paracherkaoui.ma\/wp-content\/uploads\/2025\/12\/miradent-miradent-plaque-agent-500-ml-bains-de-bouche-et-haleine-fraiche.jpg","type":"image\/jpeg"}],"twitter_card":"summary_large_image","twitter_misc":{"Dur\u00e9e de lecture estim\u00e9e":"1 minute"},"schema":{"@context":"https:\/\/schema.org","@graph":[{"@type":"WebPage","@id":"https:\/\/paracherkaoui.ma\/index.php\/produit\/miradent-plaque-agent-500-ml\/","url":"https:\/\/paracherkaoui.ma\/index.php\/produit\/miradent-plaque-agent-500-ml\/","name":"MIRADENT PLAQUE AGENT 500 ML - Paracherkaoui.ma","isPartOf":{"@id":"https:\/\/paracherkaoui.ma\/#website"},"primaryImageOfPage":{"@id":"https:\/\/paracherkaoui.ma\/index.php\/produit\/miradent-plaque-agent-500-ml\/#primaryimage"},"image":{"@id":"https:\/\/paracherkaoui.ma\/index.php\/produit\/miradent-plaque-agent-500-ml\/#primaryimage"},"thumbnailUrl":"https:\/\/paracherkaoui.ma\/wp-content\/uploads\/2025\/12\/miradent-miradent-plaque-agent-500-ml-bains-de-bouche-et-haleine-fraiche.jpg","datePublished":"2025-12-12T18:24:40+00:00","dateModified":"2025-12-12T18:24:45+00:00","breadcrumb":{"@id":"https:\/\/paracherkaoui.ma\/index.php\/produit\/miradent-plaque-agent-500-ml\/#breadcrumb"},"inLanguage":"fr-FR","potentialAction":[{"@type":"ReadAction","target":["https:\/\/paracherkaoui.ma\/index.php\/produit\/miradent-plaque-agent-500-ml\/"]}]},{"@type":"ImageObject","inLanguage":"fr-FR","@id":"https:\/\/paracherkaoui.ma\/index.php\/produit\/miradent-plaque-agent-500-ml\/#primaryimage","url":"https:\/\/paracherkaoui.ma\/wp-content\/uploads\/2025\/12\/miradent-miradent-plaque-agent-500-ml-bains-de-bouche-et-haleine-fraiche.jpg","contentUrl":"https:\/\/paracherkaoui.ma\/wp-content\/uploads\/2025\/12\/miradent-miradent-plaque-agent-500-ml-bains-de-bouche-et-haleine-fraiche.jpg","width":700,"height":700},{"@type":"BreadcrumbList","@id":"https:\/\/paracherkaoui.ma\/index.php\/produit\/miradent-plaque-agent-500-ml\/#breadcrumb","itemListElement":[{"@type":"ListItem","position":1,"name":"Accueil","item":"https:\/\/paracherkaoui.ma\/"},{"@type":"ListItem","position":2,"name":"Boutique","item":"https:\/\/paracherkaoui.ma\/index.php\/boutique\/"},{"@type":"ListItem","position":3,"name":"MIRADENT PLAQUE AGENT 500 ML"}]},{"@type":"WebSite","@id":"https:\/\/paracherkaoui.ma\/#website","url":"https:\/\/paracherkaoui.ma\/","name":"Paracherkaoui.ma","description":"Achetez en ligne sur Paracherkaoui.ma","potentialAction":[{"@type":"SearchAction","target":{"@type":"EntryPoint","urlTemplate":"https:\/\/paracherkaoui.ma\/?s={search_term_string}"},"query-input":{"@type":"PropertyValueSpecification","valueRequired":true,"valueName":"search_term_string"}}],"inLanguage":"fr-FR"}]}},"_links":{"self":[{"href":"https:\/\/paracherkaoui.ma\/index.php\/wp-json\/wp\/v2\/product\/47286","targetHints":{"allow":["GET"]}}],"collection":[{"href":"https:\/\/paracherkaoui.ma\/index.php\/wp-json\/wp\/v2\/product"}],"about":[{"href":"https:\/\/paracherkaoui.ma\/index.php\/wp-json\/wp\/v2\/types\/product"}],"replies":[{"embeddable":true,"href":"https:\/\/paracherkaoui.ma\/index.php\/wp-json\/wp\/v2\/comments?post=47286"}],"version-history":[{"count":1,"href":"https:\/\/paracherkaoui.ma\/index.php\/wp-json\/wp\/v2\/product\/47286\/revisions"}],"predecessor-version":[{"id":47334,"href":"https:\/\/paracherkaoui.ma\/index.php\/wp-json\/wp\/v2\/product\/47286\/revisions\/47334"}],"wp:featuredmedia":[{"embeddable":true,"href":"https:\/\/paracherkaoui.ma\/index.php\/wp-json\/wp\/v2\/media\/47333"}],"wp:attachment":[{"href":"https:\/\/paracherkaoui.ma\/index.php\/wp-json\/wp\/v2\/media?parent=47286"}],"wp:term":[{"taxonomy":"product_brand","embeddable":true,"href":"https:\/\/paracherkaoui.ma\/index.php\/wp-json\/wp\/v2\/product_brand?post=47286"},{"taxonomy":"product_cat","embeddable":true,"href":"https:\/\/paracherkaoui.ma\/index.php\/wp-json\/wp\/v2\/product_cat?post=47286"},{"taxonomy":"product_tag","embeddable":true,"href":"https:\/\/paracherkaoui.ma\/index.php\/wp-json\/wp\/v2\/product_tag?post=47286"}],"curies":[{"name":"wp","href":"https:\/\/api.w.org\/{rel}","templated":true}]}}