{"id":47285,"date":"2025-12-12T19:24:40","date_gmt":"2025-12-12T18:24:40","guid":{"rendered":"https:\/\/test.ecbeaute.com\/?post_type=product&#038;p=47285"},"modified":"2025-12-12T19:24:45","modified_gmt":"2025-12-12T18:24:45","slug":"gum-hydral-bain-de-bouche-300-ml-ref-6030","status":"publish","type":"product","link":"https:\/\/paracherkaoui.ma\/index.php\/produit\/gum-hydral-bain-de-bouche-300-ml-ref-6030\/","title":{"rendered":"GUM HYDRAL BAIN DE BOUCHE 300 ML REF 6030"},"content":{"rendered":"<p>Description<br \/>\nGUM<br \/>\nHydral<br \/>\nBain de bouche<br \/>\nSoulagement de la bouche s\u00e8che<br \/>\nFormule douce<br \/>\n300ml<br \/>\nLa s\u00e9cheresse de la bouche peut \u00eatre ressentie lorsque la production de salive diminue.<br \/>\nCelle-ci agissant comme une sorte de barri\u00e8re contre les bact\u00e9ries, elle joue un r\u00f4le primordial dans la protection de notre sant\u00e9 orale pour notre bien-\u00eatre.<br \/>\nEn cons\u00e9quence, avoir la bouche s\u00e8che peut \u00eatre source de caries, de mauvaise haleine, d&rsquo;accumulation de plaque dentaire, d&rsquo;aphtes ou de probl\u00e8mes de gencives.<br \/>\nLe bain de bouche GUM\u00ae Hydral\u00ae offre un soulagement imm\u00e9diat et durable de la s\u00e9cheresse buccale.<br \/>\nIl peut \u00eatre utilis\u00e9 jusqu&rsquo;\u00e0 5 fois par jour (15ml \u00e0 chaque fois) pour une protection tout au long de la journ\u00e9e.<br \/>\nLes avantages du produit :<br \/>\nForme une pellicule hydratante \u00e0 la surface des tissus buccaux pour une lubrification et un confort am\u00e9lior\u00e9s<br \/>\nFavorise la remin\u00e9ralisation de l\u2019\u00e9mail et la pr\u00e9vention des caries<br \/>\nSans alcool, sans paraben, sans SLS, sans limon\u00e8ne, sans linalol<br \/>\nFormule non grasse<br \/>\nAr\u00f4me menthe douce hypoallerg\u00e9nique<br \/>\nPour adultes et enfants de 7 ans et plus<br \/>\nConseils d&rsquo;utilisation<br \/>\nEffectuer un bain de bouche avec 15ml de solution pure jusqu&rsquo;\u00e0 5 fois par jour.<br \/>\nPour adultes et enfants \u00e0 partir de 7 ans.<br \/>\nComposition<br \/>\nFormule INCI :\u00a0Hydrolysat d&rsquo;Amidon Hydrog\u00e9n\u00e9, Citrate de Sodium, Propanediol, Polyvidone, B\u00e9ta\u00efne, Gluconolactone, Huile de ricin hydrog\u00e9n\u00e9e PEG-40, Xylitol, Taurine, Benzoate de Sodium, Acide citrique, Monofluorophosphate de Sodium, Hydroxyde de Sodium, Hyaluronate de Sodium, Sucralose, Ar\u00f4me, Extrait de Stevia rebaudania, Gluconate de Calcium.<br \/>\nContient 0.19% de monofluorophosphate de sodium (250 ppm d&rsquo;ions fluor).<br \/>\nSans alcool.<br \/>\nSans paraben.<br \/>\nSans ar\u00f4me fort.<br \/>\nFormul\u00e9 sans corps gras.<br \/>\nAr\u00f4me doux de menthe hypoallerg\u00e9nique.<br \/>\nTenir hors de la port\u00e9e des enfants.<br \/>\nLa liste des ingr\u00e9dients peut \u00eatre soumise \u00e0 des variations, nous vous conseillons de toujours v\u00e9rifier la liste figurant sur le produit achet\u00e9.<\/p>\n","protected":false},"excerpt":{"rendered":"<p>Description GUM Hydral Bain de bouche Soulagement de la bouche s\u00e8che Formule douce 300ml La s\u00e9cheresse de la bouche peut<\/p>\n","protected":false},"featured_media":47331,"comment_status":"open","ping_status":"closed","template":"","meta":[],"product_brand":[800],"product_cat":[846],"product_tag":[],"class_list":{"0":"post-47285","1":"product","2":"type-product","3":"status-publish","4":"has-post-thumbnail","6":"product_brand-gum","7":"product_cat-bains-de-bouche-et-haleine-fraiche","9":"first","10":"instock","11":"sale","12":"shipping-taxable","13":"purchasable","14":"product-type-simple"},"yoast_head":"<!-- This site is optimized with the Yoast SEO plugin v26.6 - https:\/\/yoast.com\/wordpress\/plugins\/seo\/ -->\r\n<title>GUM HYDRAL BAIN DE BOUCHE 300 ML REF 6030 - Paracherkaoui.ma<\/title>\r\n<meta name=\"robots\" content=\"index, follow, max-snippet:-1, max-image-preview:large, max-video-preview:-1\" \/>\r\n<link rel=\"canonical\" href=\"https:\/\/paracherkaoui.ma\/index.php\/produit\/gum-hydral-bain-de-bouche-300-ml-ref-6030\/\" \/>\r\n<meta property=\"og:locale\" content=\"fr_FR\" \/>\r\n<meta property=\"og:type\" content=\"article\" \/>\r\n<meta property=\"og:title\" content=\"GUM HYDRAL BAIN DE BOUCHE 300 ML REF 6030 - Paracherkaoui.ma\" \/>\r\n<meta property=\"og:description\" content=\"Description GUM Hydral Bain de bouche Soulagement de la bouche s\u00e8che Formule douce 300ml La s\u00e9cheresse de la bouche peut\" \/>\r\n<meta property=\"og:url\" content=\"https:\/\/paracherkaoui.ma\/index.php\/produit\/gum-hydral-bain-de-bouche-300-ml-ref-6030\/\" \/>\r\n<meta property=\"og:site_name\" content=\"Paracherkaoui.ma\" \/>\r\n<meta property=\"article:modified_time\" content=\"2025-12-12T18:24:45+00:00\" \/>\r\n<meta property=\"og:image\" content=\"https:\/\/paracherkaoui.ma\/wp-content\/uploads\/2025\/12\/gum-gum-hydral-bain-de-bouche-300-ml-ref-6030-bains-de-bouche.jpg\" \/>\r\n\t<meta property=\"og:image:width\" content=\"700\" \/>\r\n\t<meta property=\"og:image:height\" content=\"700\" \/>\r\n\t<meta property=\"og:image:type\" content=\"image\/jpeg\" \/>\r\n<meta name=\"twitter:card\" content=\"summary_large_image\" \/>\r\n<meta name=\"twitter:label1\" content=\"Dur\u00e9e de lecture estim\u00e9e\" \/>\n\t<meta name=\"twitter:data1\" content=\"2 minutes\" \/>\r\n<script type=\"application\/ld+json\" class=\"yoast-schema-graph\">{\"@context\":\"https:\/\/schema.org\",\"@graph\":[{\"@type\":\"WebPage\",\"@id\":\"https:\/\/paracherkaoui.ma\/index.php\/produit\/gum-hydral-bain-de-bouche-300-ml-ref-6030\/\",\"url\":\"https:\/\/paracherkaoui.ma\/index.php\/produit\/gum-hydral-bain-de-bouche-300-ml-ref-6030\/\",\"name\":\"GUM HYDRAL BAIN DE BOUCHE 300 ML REF 6030 - Paracherkaoui.ma\",\"isPartOf\":{\"@id\":\"https:\/\/paracherkaoui.ma\/#website\"},\"primaryImageOfPage\":{\"@id\":\"https:\/\/paracherkaoui.ma\/index.php\/produit\/gum-hydral-bain-de-bouche-300-ml-ref-6030\/#primaryimage\"},\"image\":{\"@id\":\"https:\/\/paracherkaoui.ma\/index.php\/produit\/gum-hydral-bain-de-bouche-300-ml-ref-6030\/#primaryimage\"},\"thumbnailUrl\":\"https:\/\/paracherkaoui.ma\/wp-content\/uploads\/2025\/12\/gum-gum-hydral-bain-de-bouche-300-ml-ref-6030-bains-de-bouche.jpg\",\"datePublished\":\"2025-12-12T18:24:40+00:00\",\"dateModified\":\"2025-12-12T18:24:45+00:00\",\"breadcrumb\":{\"@id\":\"https:\/\/paracherkaoui.ma\/index.php\/produit\/gum-hydral-bain-de-bouche-300-ml-ref-6030\/#breadcrumb\"},\"inLanguage\":\"fr-FR\",\"potentialAction\":[{\"@type\":\"ReadAction\",\"target\":[\"https:\/\/paracherkaoui.ma\/index.php\/produit\/gum-hydral-bain-de-bouche-300-ml-ref-6030\/\"]}]},{\"@type\":\"ImageObject\",\"inLanguage\":\"fr-FR\",\"@id\":\"https:\/\/paracherkaoui.ma\/index.php\/produit\/gum-hydral-bain-de-bouche-300-ml-ref-6030\/#primaryimage\",\"url\":\"https:\/\/paracherkaoui.ma\/wp-content\/uploads\/2025\/12\/gum-gum-hydral-bain-de-bouche-300-ml-ref-6030-bains-de-bouche.jpg\",\"contentUrl\":\"https:\/\/paracherkaoui.ma\/wp-content\/uploads\/2025\/12\/gum-gum-hydral-bain-de-bouche-300-ml-ref-6030-bains-de-bouche.jpg\",\"width\":700,\"height\":700},{\"@type\":\"BreadcrumbList\",\"@id\":\"https:\/\/paracherkaoui.ma\/index.php\/produit\/gum-hydral-bain-de-bouche-300-ml-ref-6030\/#breadcrumb\",\"itemListElement\":[{\"@type\":\"ListItem\",\"position\":1,\"name\":\"Accueil\",\"item\":\"https:\/\/paracherkaoui.ma\/\"},{\"@type\":\"ListItem\",\"position\":2,\"name\":\"Boutique\",\"item\":\"https:\/\/paracherkaoui.ma\/index.php\/boutique\/\"},{\"@type\":\"ListItem\",\"position\":3,\"name\":\"GUM HYDRAL BAIN DE BOUCHE 300 ML REF 6030\"}]},{\"@type\":\"WebSite\",\"@id\":\"https:\/\/paracherkaoui.ma\/#website\",\"url\":\"https:\/\/paracherkaoui.ma\/\",\"name\":\"Paracherkaoui.ma\",\"description\":\"Achetez en ligne sur Paracherkaoui.ma\",\"potentialAction\":[{\"@type\":\"SearchAction\",\"target\":{\"@type\":\"EntryPoint\",\"urlTemplate\":\"https:\/\/paracherkaoui.ma\/?s={search_term_string}\"},\"query-input\":{\"@type\":\"PropertyValueSpecification\",\"valueRequired\":true,\"valueName\":\"search_term_string\"}}],\"inLanguage\":\"fr-FR\"}]}<\/script>\r\n<!-- \/ Yoast SEO plugin. -->","yoast_head_json":{"title":"GUM HYDRAL BAIN DE BOUCHE 300 ML REF 6030 - Paracherkaoui.ma","robots":{"index":"index","follow":"follow","max-snippet":"max-snippet:-1","max-image-preview":"max-image-preview:large","max-video-preview":"max-video-preview:-1"},"canonical":"https:\/\/paracherkaoui.ma\/index.php\/produit\/gum-hydral-bain-de-bouche-300-ml-ref-6030\/","og_locale":"fr_FR","og_type":"article","og_title":"GUM HYDRAL BAIN DE BOUCHE 300 ML REF 6030 - Paracherkaoui.ma","og_description":"Description GUM Hydral Bain de bouche Soulagement de la bouche s\u00e8che Formule douce 300ml La s\u00e9cheresse de la bouche peut","og_url":"https:\/\/paracherkaoui.ma\/index.php\/produit\/gum-hydral-bain-de-bouche-300-ml-ref-6030\/","og_site_name":"Paracherkaoui.ma","article_modified_time":"2025-12-12T18:24:45+00:00","og_image":[{"width":700,"height":700,"url":"https:\/\/paracherkaoui.ma\/wp-content\/uploads\/2025\/12\/gum-gum-hydral-bain-de-bouche-300-ml-ref-6030-bains-de-bouche.jpg","type":"image\/jpeg"}],"twitter_card":"summary_large_image","twitter_misc":{"Dur\u00e9e de lecture estim\u00e9e":"2 minutes"},"schema":{"@context":"https:\/\/schema.org","@graph":[{"@type":"WebPage","@id":"https:\/\/paracherkaoui.ma\/index.php\/produit\/gum-hydral-bain-de-bouche-300-ml-ref-6030\/","url":"https:\/\/paracherkaoui.ma\/index.php\/produit\/gum-hydral-bain-de-bouche-300-ml-ref-6030\/","name":"GUM HYDRAL BAIN DE BOUCHE 300 ML REF 6030 - Paracherkaoui.ma","isPartOf":{"@id":"https:\/\/paracherkaoui.ma\/#website"},"primaryImageOfPage":{"@id":"https:\/\/paracherkaoui.ma\/index.php\/produit\/gum-hydral-bain-de-bouche-300-ml-ref-6030\/#primaryimage"},"image":{"@id":"https:\/\/paracherkaoui.ma\/index.php\/produit\/gum-hydral-bain-de-bouche-300-ml-ref-6030\/#primaryimage"},"thumbnailUrl":"https:\/\/paracherkaoui.ma\/wp-content\/uploads\/2025\/12\/gum-gum-hydral-bain-de-bouche-300-ml-ref-6030-bains-de-bouche.jpg","datePublished":"2025-12-12T18:24:40+00:00","dateModified":"2025-12-12T18:24:45+00:00","breadcrumb":{"@id":"https:\/\/paracherkaoui.ma\/index.php\/produit\/gum-hydral-bain-de-bouche-300-ml-ref-6030\/#breadcrumb"},"inLanguage":"fr-FR","potentialAction":[{"@type":"ReadAction","target":["https:\/\/paracherkaoui.ma\/index.php\/produit\/gum-hydral-bain-de-bouche-300-ml-ref-6030\/"]}]},{"@type":"ImageObject","inLanguage":"fr-FR","@id":"https:\/\/paracherkaoui.ma\/index.php\/produit\/gum-hydral-bain-de-bouche-300-ml-ref-6030\/#primaryimage","url":"https:\/\/paracherkaoui.ma\/wp-content\/uploads\/2025\/12\/gum-gum-hydral-bain-de-bouche-300-ml-ref-6030-bains-de-bouche.jpg","contentUrl":"https:\/\/paracherkaoui.ma\/wp-content\/uploads\/2025\/12\/gum-gum-hydral-bain-de-bouche-300-ml-ref-6030-bains-de-bouche.jpg","width":700,"height":700},{"@type":"BreadcrumbList","@id":"https:\/\/paracherkaoui.ma\/index.php\/produit\/gum-hydral-bain-de-bouche-300-ml-ref-6030\/#breadcrumb","itemListElement":[{"@type":"ListItem","position":1,"name":"Accueil","item":"https:\/\/paracherkaoui.ma\/"},{"@type":"ListItem","position":2,"name":"Boutique","item":"https:\/\/paracherkaoui.ma\/index.php\/boutique\/"},{"@type":"ListItem","position":3,"name":"GUM HYDRAL BAIN DE BOUCHE 300 ML REF 6030"}]},{"@type":"WebSite","@id":"https:\/\/paracherkaoui.ma\/#website","url":"https:\/\/paracherkaoui.ma\/","name":"Paracherkaoui.ma","description":"Achetez en ligne sur Paracherkaoui.ma","potentialAction":[{"@type":"SearchAction","target":{"@type":"EntryPoint","urlTemplate":"https:\/\/paracherkaoui.ma\/?s={search_term_string}"},"query-input":{"@type":"PropertyValueSpecification","valueRequired":true,"valueName":"search_term_string"}}],"inLanguage":"fr-FR"}]}},"_links":{"self":[{"href":"https:\/\/paracherkaoui.ma\/index.php\/wp-json\/wp\/v2\/product\/47285","targetHints":{"allow":["GET"]}}],"collection":[{"href":"https:\/\/paracherkaoui.ma\/index.php\/wp-json\/wp\/v2\/product"}],"about":[{"href":"https:\/\/paracherkaoui.ma\/index.php\/wp-json\/wp\/v2\/types\/product"}],"replies":[{"embeddable":true,"href":"https:\/\/paracherkaoui.ma\/index.php\/wp-json\/wp\/v2\/comments?post=47285"}],"version-history":[{"count":1,"href":"https:\/\/paracherkaoui.ma\/index.php\/wp-json\/wp\/v2\/product\/47285\/revisions"}],"predecessor-version":[{"id":47332,"href":"https:\/\/paracherkaoui.ma\/index.php\/wp-json\/wp\/v2\/product\/47285\/revisions\/47332"}],"wp:featuredmedia":[{"embeddable":true,"href":"https:\/\/paracherkaoui.ma\/index.php\/wp-json\/wp\/v2\/media\/47331"}],"wp:attachment":[{"href":"https:\/\/paracherkaoui.ma\/index.php\/wp-json\/wp\/v2\/media?parent=47285"}],"wp:term":[{"taxonomy":"product_brand","embeddable":true,"href":"https:\/\/paracherkaoui.ma\/index.php\/wp-json\/wp\/v2\/product_brand?post=47285"},{"taxonomy":"product_cat","embeddable":true,"href":"https:\/\/paracherkaoui.ma\/index.php\/wp-json\/wp\/v2\/product_cat?post=47285"},{"taxonomy":"product_tag","embeddable":true,"href":"https:\/\/paracherkaoui.ma\/index.php\/wp-json\/wp\/v2\/product_tag?post=47285"}],"curies":[{"name":"wp","href":"https:\/\/api.w.org\/{rel}","templated":true}]}}