{"id":47276,"date":"2025-12-12T19:24:40","date_gmt":"2025-12-12T18:24:40","guid":{"rendered":"https:\/\/test.ecbeaute.com\/?post_type=product&#038;p=47276"},"modified":"2025-12-12T19:24:43","modified_gmt":"2025-12-12T18:24:43","slug":"miradent-xylitol-chewing-gum-green-tea","status":"publish","type":"product","link":"https:\/\/paracherkaoui.ma\/index.php\/produit\/miradent-xylitol-chewing-gum-green-tea\/","title":{"rendered":"MIRADENT XYLITOL CHEWING GUM GREEN TEA"},"content":{"rendered":"<p>Le chewing-gum au xylitol miradent avec son effet nettoyant et anti-plaque r\u00e9duit durablement le d\u00e9veloppement des caries &#8211; surtout apr\u00e8s avoir mang\u00e9.<br \/>\nLe xylitol forme des complexes de prot\u00e9ines de calcium et de salive dans la cavit\u00e9 buccale, ce qui entra\u00eene une remin\u00e9ralisation de la structure dentaire. Si l&rsquo;apport en xylitol est suffisant, aucune nouvelle plaque ne se formera sur les dents. Cela emp\u00eache le d\u00e9veloppement de caries et desserre et \u00e9limine la plaque existante. Le xylitol cr\u00e9e un effet rafra\u00eechissant sur la langue, similaire au go\u00fbt rafra\u00eechissant du menthol. Le xylitol ne peut pas \u00eatre utilis\u00e9 par les bact\u00e9ries de la cavit\u00e9 buccale, il n&rsquo;a donc pas d&rsquo;effet carieux.<\/p>\n","protected":false},"excerpt":{"rendered":"<p>Le chewing-gum au xylitol miradent avec son effet nettoyant et anti-plaque r\u00e9duit durablement le d\u00e9veloppement des caries &#8211; surtout apr\u00e8s<\/p>\n","protected":false},"featured_media":47313,"comment_status":"open","ping_status":"closed","template":"","meta":[],"product_brand":[662],"product_cat":[846],"product_tag":[],"class_list":{"0":"post-47276","1":"product","2":"type-product","3":"status-publish","4":"has-post-thumbnail","6":"product_brand-miradent","7":"product_cat-bains-de-bouche-et-haleine-fraiche","9":"first","10":"instock","11":"sale","12":"shipping-taxable","13":"purchasable","14":"product-type-simple"},"yoast_head":"<!-- This site is optimized with the Yoast SEO plugin v26.6 - https:\/\/yoast.com\/wordpress\/plugins\/seo\/ -->\r\n<title>MIRADENT XYLITOL CHEWING GUM GREEN TEA - Paracherkaoui.ma<\/title>\r\n<meta name=\"robots\" content=\"index, follow, max-snippet:-1, max-image-preview:large, max-video-preview:-1\" \/>\r\n<link rel=\"canonical\" href=\"https:\/\/paracherkaoui.ma\/index.php\/produit\/miradent-xylitol-chewing-gum-green-tea\/\" \/>\r\n<meta property=\"og:locale\" content=\"fr_FR\" \/>\r\n<meta property=\"og:type\" content=\"article\" \/>\r\n<meta property=\"og:title\" content=\"MIRADENT XYLITOL CHEWING GUM GREEN TEA - Paracherkaoui.ma\" \/>\r\n<meta property=\"og:description\" content=\"Le chewing-gum au xylitol miradent avec son effet nettoyant et anti-plaque r\u00e9duit durablement le d\u00e9veloppement des caries &#8211; surtout apr\u00e8s\" \/>\r\n<meta property=\"og:url\" content=\"https:\/\/paracherkaoui.ma\/index.php\/produit\/miradent-xylitol-chewing-gum-green-tea\/\" \/>\r\n<meta property=\"og:site_name\" content=\"Paracherkaoui.ma\" \/>\r\n<meta property=\"article:modified_time\" content=\"2025-12-12T18:24:43+00:00\" \/>\r\n<meta property=\"og:image\" content=\"https:\/\/paracherkaoui.ma\/wp-content\/uploads\/2025\/12\/miradent-miradent-xylitol-chewing-gum-green-tea-bains-de-bouche-et-haleine-fraiche.jpg\" \/>\r\n\t<meta property=\"og:image:width\" content=\"700\" \/>\r\n\t<meta property=\"og:image:height\" content=\"700\" \/>\r\n\t<meta property=\"og:image:type\" content=\"image\/jpeg\" \/>\r\n<meta name=\"twitter:card\" content=\"summary_large_image\" \/>\r\n<meta name=\"twitter:label1\" content=\"Dur\u00e9e de lecture estim\u00e9e\" \/>\n\t<meta name=\"twitter:data1\" content=\"1 minute\" \/>\r\n<script type=\"application\/ld+json\" class=\"yoast-schema-graph\">{\"@context\":\"https:\/\/schema.org\",\"@graph\":[{\"@type\":\"WebPage\",\"@id\":\"https:\/\/paracherkaoui.ma\/index.php\/produit\/miradent-xylitol-chewing-gum-green-tea\/\",\"url\":\"https:\/\/paracherkaoui.ma\/index.php\/produit\/miradent-xylitol-chewing-gum-green-tea\/\",\"name\":\"MIRADENT XYLITOL CHEWING GUM GREEN TEA - Paracherkaoui.ma\",\"isPartOf\":{\"@id\":\"https:\/\/paracherkaoui.ma\/#website\"},\"primaryImageOfPage\":{\"@id\":\"https:\/\/paracherkaoui.ma\/index.php\/produit\/miradent-xylitol-chewing-gum-green-tea\/#primaryimage\"},\"image\":{\"@id\":\"https:\/\/paracherkaoui.ma\/index.php\/produit\/miradent-xylitol-chewing-gum-green-tea\/#primaryimage\"},\"thumbnailUrl\":\"https:\/\/paracherkaoui.ma\/wp-content\/uploads\/2025\/12\/miradent-miradent-xylitol-chewing-gum-green-tea-bains-de-bouche-et-haleine-fraiche.jpg\",\"datePublished\":\"2025-12-12T18:24:40+00:00\",\"dateModified\":\"2025-12-12T18:24:43+00:00\",\"breadcrumb\":{\"@id\":\"https:\/\/paracherkaoui.ma\/index.php\/produit\/miradent-xylitol-chewing-gum-green-tea\/#breadcrumb\"},\"inLanguage\":\"fr-FR\",\"potentialAction\":[{\"@type\":\"ReadAction\",\"target\":[\"https:\/\/paracherkaoui.ma\/index.php\/produit\/miradent-xylitol-chewing-gum-green-tea\/\"]}]},{\"@type\":\"ImageObject\",\"inLanguage\":\"fr-FR\",\"@id\":\"https:\/\/paracherkaoui.ma\/index.php\/produit\/miradent-xylitol-chewing-gum-green-tea\/#primaryimage\",\"url\":\"https:\/\/paracherkaoui.ma\/wp-content\/uploads\/2025\/12\/miradent-miradent-xylitol-chewing-gum-green-tea-bains-de-bouche-et-haleine-fraiche.jpg\",\"contentUrl\":\"https:\/\/paracherkaoui.ma\/wp-content\/uploads\/2025\/12\/miradent-miradent-xylitol-chewing-gum-green-tea-bains-de-bouche-et-haleine-fraiche.jpg\",\"width\":700,\"height\":700},{\"@type\":\"BreadcrumbList\",\"@id\":\"https:\/\/paracherkaoui.ma\/index.php\/produit\/miradent-xylitol-chewing-gum-green-tea\/#breadcrumb\",\"itemListElement\":[{\"@type\":\"ListItem\",\"position\":1,\"name\":\"Accueil\",\"item\":\"https:\/\/paracherkaoui.ma\/\"},{\"@type\":\"ListItem\",\"position\":2,\"name\":\"Boutique\",\"item\":\"https:\/\/paracherkaoui.ma\/index.php\/boutique\/\"},{\"@type\":\"ListItem\",\"position\":3,\"name\":\"MIRADENT XYLITOL CHEWING GUM GREEN TEA\"}]},{\"@type\":\"WebSite\",\"@id\":\"https:\/\/paracherkaoui.ma\/#website\",\"url\":\"https:\/\/paracherkaoui.ma\/\",\"name\":\"Paracherkaoui.ma\",\"description\":\"Achetez en ligne sur Paracherkaoui.ma\",\"potentialAction\":[{\"@type\":\"SearchAction\",\"target\":{\"@type\":\"EntryPoint\",\"urlTemplate\":\"https:\/\/paracherkaoui.ma\/?s={search_term_string}\"},\"query-input\":{\"@type\":\"PropertyValueSpecification\",\"valueRequired\":true,\"valueName\":\"search_term_string\"}}],\"inLanguage\":\"fr-FR\"}]}<\/script>\r\n<!-- \/ Yoast SEO plugin. -->","yoast_head_json":{"title":"MIRADENT XYLITOL CHEWING GUM GREEN TEA - Paracherkaoui.ma","robots":{"index":"index","follow":"follow","max-snippet":"max-snippet:-1","max-image-preview":"max-image-preview:large","max-video-preview":"max-video-preview:-1"},"canonical":"https:\/\/paracherkaoui.ma\/index.php\/produit\/miradent-xylitol-chewing-gum-green-tea\/","og_locale":"fr_FR","og_type":"article","og_title":"MIRADENT XYLITOL CHEWING GUM GREEN TEA - Paracherkaoui.ma","og_description":"Le chewing-gum au xylitol miradent avec son effet nettoyant et anti-plaque r\u00e9duit durablement le d\u00e9veloppement des caries &#8211; surtout apr\u00e8s","og_url":"https:\/\/paracherkaoui.ma\/index.php\/produit\/miradent-xylitol-chewing-gum-green-tea\/","og_site_name":"Paracherkaoui.ma","article_modified_time":"2025-12-12T18:24:43+00:00","og_image":[{"width":700,"height":700,"url":"https:\/\/paracherkaoui.ma\/wp-content\/uploads\/2025\/12\/miradent-miradent-xylitol-chewing-gum-green-tea-bains-de-bouche-et-haleine-fraiche.jpg","type":"image\/jpeg"}],"twitter_card":"summary_large_image","twitter_misc":{"Dur\u00e9e de lecture estim\u00e9e":"1 minute"},"schema":{"@context":"https:\/\/schema.org","@graph":[{"@type":"WebPage","@id":"https:\/\/paracherkaoui.ma\/index.php\/produit\/miradent-xylitol-chewing-gum-green-tea\/","url":"https:\/\/paracherkaoui.ma\/index.php\/produit\/miradent-xylitol-chewing-gum-green-tea\/","name":"MIRADENT XYLITOL CHEWING GUM GREEN TEA - Paracherkaoui.ma","isPartOf":{"@id":"https:\/\/paracherkaoui.ma\/#website"},"primaryImageOfPage":{"@id":"https:\/\/paracherkaoui.ma\/index.php\/produit\/miradent-xylitol-chewing-gum-green-tea\/#primaryimage"},"image":{"@id":"https:\/\/paracherkaoui.ma\/index.php\/produit\/miradent-xylitol-chewing-gum-green-tea\/#primaryimage"},"thumbnailUrl":"https:\/\/paracherkaoui.ma\/wp-content\/uploads\/2025\/12\/miradent-miradent-xylitol-chewing-gum-green-tea-bains-de-bouche-et-haleine-fraiche.jpg","datePublished":"2025-12-12T18:24:40+00:00","dateModified":"2025-12-12T18:24:43+00:00","breadcrumb":{"@id":"https:\/\/paracherkaoui.ma\/index.php\/produit\/miradent-xylitol-chewing-gum-green-tea\/#breadcrumb"},"inLanguage":"fr-FR","potentialAction":[{"@type":"ReadAction","target":["https:\/\/paracherkaoui.ma\/index.php\/produit\/miradent-xylitol-chewing-gum-green-tea\/"]}]},{"@type":"ImageObject","inLanguage":"fr-FR","@id":"https:\/\/paracherkaoui.ma\/index.php\/produit\/miradent-xylitol-chewing-gum-green-tea\/#primaryimage","url":"https:\/\/paracherkaoui.ma\/wp-content\/uploads\/2025\/12\/miradent-miradent-xylitol-chewing-gum-green-tea-bains-de-bouche-et-haleine-fraiche.jpg","contentUrl":"https:\/\/paracherkaoui.ma\/wp-content\/uploads\/2025\/12\/miradent-miradent-xylitol-chewing-gum-green-tea-bains-de-bouche-et-haleine-fraiche.jpg","width":700,"height":700},{"@type":"BreadcrumbList","@id":"https:\/\/paracherkaoui.ma\/index.php\/produit\/miradent-xylitol-chewing-gum-green-tea\/#breadcrumb","itemListElement":[{"@type":"ListItem","position":1,"name":"Accueil","item":"https:\/\/paracherkaoui.ma\/"},{"@type":"ListItem","position":2,"name":"Boutique","item":"https:\/\/paracherkaoui.ma\/index.php\/boutique\/"},{"@type":"ListItem","position":3,"name":"MIRADENT XYLITOL CHEWING GUM GREEN TEA"}]},{"@type":"WebSite","@id":"https:\/\/paracherkaoui.ma\/#website","url":"https:\/\/paracherkaoui.ma\/","name":"Paracherkaoui.ma","description":"Achetez en ligne sur Paracherkaoui.ma","potentialAction":[{"@type":"SearchAction","target":{"@type":"EntryPoint","urlTemplate":"https:\/\/paracherkaoui.ma\/?s={search_term_string}"},"query-input":{"@type":"PropertyValueSpecification","valueRequired":true,"valueName":"search_term_string"}}],"inLanguage":"fr-FR"}]}},"_links":{"self":[{"href":"https:\/\/paracherkaoui.ma\/index.php\/wp-json\/wp\/v2\/product\/47276","targetHints":{"allow":["GET"]}}],"collection":[{"href":"https:\/\/paracherkaoui.ma\/index.php\/wp-json\/wp\/v2\/product"}],"about":[{"href":"https:\/\/paracherkaoui.ma\/index.php\/wp-json\/wp\/v2\/types\/product"}],"replies":[{"embeddable":true,"href":"https:\/\/paracherkaoui.ma\/index.php\/wp-json\/wp\/v2\/comments?post=47276"}],"version-history":[{"count":1,"href":"https:\/\/paracherkaoui.ma\/index.php\/wp-json\/wp\/v2\/product\/47276\/revisions"}],"predecessor-version":[{"id":47314,"href":"https:\/\/paracherkaoui.ma\/index.php\/wp-json\/wp\/v2\/product\/47276\/revisions\/47314"}],"wp:featuredmedia":[{"embeddable":true,"href":"https:\/\/paracherkaoui.ma\/index.php\/wp-json\/wp\/v2\/media\/47313"}],"wp:attachment":[{"href":"https:\/\/paracherkaoui.ma\/index.php\/wp-json\/wp\/v2\/media?parent=47276"}],"wp:term":[{"taxonomy":"product_brand","embeddable":true,"href":"https:\/\/paracherkaoui.ma\/index.php\/wp-json\/wp\/v2\/product_brand?post=47276"},{"taxonomy":"product_cat","embeddable":true,"href":"https:\/\/paracherkaoui.ma\/index.php\/wp-json\/wp\/v2\/product_cat?post=47276"},{"taxonomy":"product_tag","embeddable":true,"href":"https:\/\/paracherkaoui.ma\/index.php\/wp-json\/wp\/v2\/product_tag?post=47276"}],"curies":[{"name":"wp","href":"https:\/\/api.w.org\/{rel}","templated":true}]}}