{"id":47272,"date":"2025-12-12T19:24:39","date_gmt":"2025-12-12T18:24:39","guid":{"rendered":"https:\/\/test.ecbeaute.com\/?post_type=product&#038;p=47272"},"modified":"2025-12-12T19:24:42","modified_gmt":"2025-12-12T18:24:42","slug":"sensodyne-bain-de-bouche-protection-longue-duree-menthe-fraiche-500ml","status":"publish","type":"product","link":"https:\/\/paracherkaoui.ma\/index.php\/produit\/sensodyne-bain-de-bouche-protection-longue-duree-menthe-fraiche-500ml\/","title":{"rendered":"SENSODYNE BAIN DE BOUCHE PROTECTION LONGUE DUREE MENTHE FRAICHE 500ML"},"content":{"rendered":"<p>La menthe fra\u00eeche contenue dans ce bain de bouche garantit une haleine durablement fra\u00eeche, tout en \u00e9liminant efficacement les bact\u00e9ries responsables des mauvaises odeurs. Sa formule sans alcool est douce pour les gencives, ce qui en fait un produit id\u00e9al pour un usage quotidien. Il s\u2019int\u00e8gre facilement dans votre routine bucco-dentaire pour renforcer les effets de votre brossage et fournir une protection longue dur\u00e9e contre la sensibilit\u00e9 dentaire et les attaques acides.<br \/>\nEn utilisant r\u00e9guli\u00e8rement le bain de bouche Sensodyne Protection Longue Dur\u00e9e, vous b\u00e9n\u00e9ficierez non seulement d&rsquo;une meilleure protection contre la sensibilit\u00e9 dentaire, mais aussi d&rsquo;une hygi\u00e8ne buccale optimale. Ce produit est con\u00e7u pour s&rsquo;adresser \u00e0 toute personne cherchant \u00e0 am\u00e9liorer leur bien-\u00eatre bucco-dentaire, tout en gardant une haleine fra\u00eeche et une sensation de propret\u00e9 durable.<br \/>\nComposition<br \/>\nEAUX DENTAIRES. Aqua, Glycerin, Sorbitol, Potassium Nitrate, Poloxamer 407, PEG-60 Hydrogenated Castor Oil, Sodium Benzoateu003cbr Aroma, Disodium Phosphate, Methylparaben, Propylparaben, Sodium Phosphate, Sodium Fluoride, Sodium Saccharin, CI 42090, Limonene, Eugenolu003cbr Contient du Fluorure de sodium (217ppm de fluor).<br \/>\nConseils d\u2019utilisation<br \/>\nUtilisez deux fois par jour apr\u00e8s le brossage, versez 10 ml (environ une cuill\u00e8re \u00e0 soupe) de bain de bouche dans un verre, rincez-vous la bouche pendant 1 minute, puis recrachez. Ne pas avaler. Pour des r\u00e9sultats optimaux, \u00e9vitez de manger ou boire imm\u00e9diatement apr\u00e8s utilisation.<\/p>\n","protected":false},"excerpt":{"rendered":"<p>La menthe fra\u00eeche contenue dans ce bain de bouche garantit une haleine durablement fra\u00eeche, tout en \u00e9liminant efficacement les bact\u00e9ries<\/p>\n","protected":false},"featured_media":47305,"comment_status":"open","ping_status":"closed","template":"","meta":[],"product_brand":[816],"product_cat":[846],"product_tag":[],"class_list":{"0":"post-47272","1":"product","2":"type-product","3":"status-publish","4":"has-post-thumbnail","6":"product_brand-sensodyne","7":"product_cat-bains-de-bouche-et-haleine-fraiche","9":"first","10":"instock","11":"sale","12":"shipping-taxable","13":"purchasable","14":"product-type-simple"},"yoast_head":"<!-- This site is optimized with the Yoast SEO plugin v26.6 - https:\/\/yoast.com\/wordpress\/plugins\/seo\/ -->\r\n<title>SENSODYNE BAIN DE BOUCHE PROTECTION LONGUE DUREE MENTHE FRAICHE 500ML - Paracherkaoui.ma<\/title>\r\n<meta name=\"robots\" content=\"index, follow, max-snippet:-1, max-image-preview:large, max-video-preview:-1\" \/>\r\n<link rel=\"canonical\" href=\"https:\/\/paracherkaoui.ma\/index.php\/produit\/sensodyne-bain-de-bouche-protection-longue-duree-menthe-fraiche-500ml\/\" \/>\r\n<meta property=\"og:locale\" content=\"fr_FR\" \/>\r\n<meta property=\"og:type\" content=\"article\" \/>\r\n<meta property=\"og:title\" content=\"SENSODYNE BAIN DE BOUCHE PROTECTION LONGUE DUREE MENTHE FRAICHE 500ML - Paracherkaoui.ma\" \/>\r\n<meta property=\"og:description\" content=\"La menthe fra\u00eeche contenue dans ce bain de bouche garantit une haleine durablement fra\u00eeche, tout en \u00e9liminant efficacement les bact\u00e9ries\" \/>\r\n<meta property=\"og:url\" content=\"https:\/\/paracherkaoui.ma\/index.php\/produit\/sensodyne-bain-de-bouche-protection-longue-duree-menthe-fraiche-500ml\/\" \/>\r\n<meta property=\"og:site_name\" content=\"Paracherkaoui.ma\" \/>\r\n<meta property=\"article:modified_time\" content=\"2025-12-12T18:24:42+00:00\" \/>\r\n<meta property=\"og:image\" content=\"https:\/\/paracherkaoui.ma\/wp-content\/uploads\/2025\/12\/sensodyne-sensodyne-bain-de-bouche-protection-longue-duree-menthe-fraiche-500ml-bains-de-bouche-et-haleine-fraiche.jpg\" \/>\r\n\t<meta property=\"og:image:width\" content=\"700\" \/>\r\n\t<meta property=\"og:image:height\" content=\"700\" \/>\r\n\t<meta property=\"og:image:type\" content=\"image\/jpeg\" \/>\r\n<meta name=\"twitter:card\" content=\"summary_large_image\" \/>\r\n<meta name=\"twitter:label1\" content=\"Dur\u00e9e de lecture estim\u00e9e\" \/>\n\t<meta name=\"twitter:data1\" content=\"1 minute\" \/>\r\n<script type=\"application\/ld+json\" class=\"yoast-schema-graph\">{\"@context\":\"https:\/\/schema.org\",\"@graph\":[{\"@type\":\"WebPage\",\"@id\":\"https:\/\/paracherkaoui.ma\/index.php\/produit\/sensodyne-bain-de-bouche-protection-longue-duree-menthe-fraiche-500ml\/\",\"url\":\"https:\/\/paracherkaoui.ma\/index.php\/produit\/sensodyne-bain-de-bouche-protection-longue-duree-menthe-fraiche-500ml\/\",\"name\":\"SENSODYNE BAIN DE BOUCHE PROTECTION LONGUE DUREE MENTHE FRAICHE 500ML - Paracherkaoui.ma\",\"isPartOf\":{\"@id\":\"https:\/\/paracherkaoui.ma\/#website\"},\"primaryImageOfPage\":{\"@id\":\"https:\/\/paracherkaoui.ma\/index.php\/produit\/sensodyne-bain-de-bouche-protection-longue-duree-menthe-fraiche-500ml\/#primaryimage\"},\"image\":{\"@id\":\"https:\/\/paracherkaoui.ma\/index.php\/produit\/sensodyne-bain-de-bouche-protection-longue-duree-menthe-fraiche-500ml\/#primaryimage\"},\"thumbnailUrl\":\"https:\/\/paracherkaoui.ma\/wp-content\/uploads\/2025\/12\/sensodyne-sensodyne-bain-de-bouche-protection-longue-duree-menthe-fraiche-500ml-bains-de-bouche-et-haleine-fraiche.jpg\",\"datePublished\":\"2025-12-12T18:24:39+00:00\",\"dateModified\":\"2025-12-12T18:24:42+00:00\",\"breadcrumb\":{\"@id\":\"https:\/\/paracherkaoui.ma\/index.php\/produit\/sensodyne-bain-de-bouche-protection-longue-duree-menthe-fraiche-500ml\/#breadcrumb\"},\"inLanguage\":\"fr-FR\",\"potentialAction\":[{\"@type\":\"ReadAction\",\"target\":[\"https:\/\/paracherkaoui.ma\/index.php\/produit\/sensodyne-bain-de-bouche-protection-longue-duree-menthe-fraiche-500ml\/\"]}]},{\"@type\":\"ImageObject\",\"inLanguage\":\"fr-FR\",\"@id\":\"https:\/\/paracherkaoui.ma\/index.php\/produit\/sensodyne-bain-de-bouche-protection-longue-duree-menthe-fraiche-500ml\/#primaryimage\",\"url\":\"https:\/\/paracherkaoui.ma\/wp-content\/uploads\/2025\/12\/sensodyne-sensodyne-bain-de-bouche-protection-longue-duree-menthe-fraiche-500ml-bains-de-bouche-et-haleine-fraiche.jpg\",\"contentUrl\":\"https:\/\/paracherkaoui.ma\/wp-content\/uploads\/2025\/12\/sensodyne-sensodyne-bain-de-bouche-protection-longue-duree-menthe-fraiche-500ml-bains-de-bouche-et-haleine-fraiche.jpg\",\"width\":700,\"height\":700},{\"@type\":\"BreadcrumbList\",\"@id\":\"https:\/\/paracherkaoui.ma\/index.php\/produit\/sensodyne-bain-de-bouche-protection-longue-duree-menthe-fraiche-500ml\/#breadcrumb\",\"itemListElement\":[{\"@type\":\"ListItem\",\"position\":1,\"name\":\"Accueil\",\"item\":\"https:\/\/paracherkaoui.ma\/\"},{\"@type\":\"ListItem\",\"position\":2,\"name\":\"Boutique\",\"item\":\"https:\/\/paracherkaoui.ma\/index.php\/boutique\/\"},{\"@type\":\"ListItem\",\"position\":3,\"name\":\"SENSODYNE BAIN DE BOUCHE PROTECTION LONGUE DUREE MENTHE FRAICHE 500ML\"}]},{\"@type\":\"WebSite\",\"@id\":\"https:\/\/paracherkaoui.ma\/#website\",\"url\":\"https:\/\/paracherkaoui.ma\/\",\"name\":\"Paracherkaoui.ma\",\"description\":\"Achetez en ligne sur Paracherkaoui.ma\",\"potentialAction\":[{\"@type\":\"SearchAction\",\"target\":{\"@type\":\"EntryPoint\",\"urlTemplate\":\"https:\/\/paracherkaoui.ma\/?s={search_term_string}\"},\"query-input\":{\"@type\":\"PropertyValueSpecification\",\"valueRequired\":true,\"valueName\":\"search_term_string\"}}],\"inLanguage\":\"fr-FR\"}]}<\/script>\r\n<!-- \/ Yoast SEO plugin. -->","yoast_head_json":{"title":"SENSODYNE BAIN DE BOUCHE PROTECTION LONGUE DUREE MENTHE FRAICHE 500ML - Paracherkaoui.ma","robots":{"index":"index","follow":"follow","max-snippet":"max-snippet:-1","max-image-preview":"max-image-preview:large","max-video-preview":"max-video-preview:-1"},"canonical":"https:\/\/paracherkaoui.ma\/index.php\/produit\/sensodyne-bain-de-bouche-protection-longue-duree-menthe-fraiche-500ml\/","og_locale":"fr_FR","og_type":"article","og_title":"SENSODYNE BAIN DE BOUCHE PROTECTION LONGUE DUREE MENTHE FRAICHE 500ML - Paracherkaoui.ma","og_description":"La menthe fra\u00eeche contenue dans ce bain de bouche garantit une haleine durablement fra\u00eeche, tout en \u00e9liminant efficacement les bact\u00e9ries","og_url":"https:\/\/paracherkaoui.ma\/index.php\/produit\/sensodyne-bain-de-bouche-protection-longue-duree-menthe-fraiche-500ml\/","og_site_name":"Paracherkaoui.ma","article_modified_time":"2025-12-12T18:24:42+00:00","og_image":[{"width":700,"height":700,"url":"https:\/\/paracherkaoui.ma\/wp-content\/uploads\/2025\/12\/sensodyne-sensodyne-bain-de-bouche-protection-longue-duree-menthe-fraiche-500ml-bains-de-bouche-et-haleine-fraiche.jpg","type":"image\/jpeg"}],"twitter_card":"summary_large_image","twitter_misc":{"Dur\u00e9e de lecture estim\u00e9e":"1 minute"},"schema":{"@context":"https:\/\/schema.org","@graph":[{"@type":"WebPage","@id":"https:\/\/paracherkaoui.ma\/index.php\/produit\/sensodyne-bain-de-bouche-protection-longue-duree-menthe-fraiche-500ml\/","url":"https:\/\/paracherkaoui.ma\/index.php\/produit\/sensodyne-bain-de-bouche-protection-longue-duree-menthe-fraiche-500ml\/","name":"SENSODYNE BAIN DE BOUCHE PROTECTION LONGUE DUREE MENTHE FRAICHE 500ML - Paracherkaoui.ma","isPartOf":{"@id":"https:\/\/paracherkaoui.ma\/#website"},"primaryImageOfPage":{"@id":"https:\/\/paracherkaoui.ma\/index.php\/produit\/sensodyne-bain-de-bouche-protection-longue-duree-menthe-fraiche-500ml\/#primaryimage"},"image":{"@id":"https:\/\/paracherkaoui.ma\/index.php\/produit\/sensodyne-bain-de-bouche-protection-longue-duree-menthe-fraiche-500ml\/#primaryimage"},"thumbnailUrl":"https:\/\/paracherkaoui.ma\/wp-content\/uploads\/2025\/12\/sensodyne-sensodyne-bain-de-bouche-protection-longue-duree-menthe-fraiche-500ml-bains-de-bouche-et-haleine-fraiche.jpg","datePublished":"2025-12-12T18:24:39+00:00","dateModified":"2025-12-12T18:24:42+00:00","breadcrumb":{"@id":"https:\/\/paracherkaoui.ma\/index.php\/produit\/sensodyne-bain-de-bouche-protection-longue-duree-menthe-fraiche-500ml\/#breadcrumb"},"inLanguage":"fr-FR","potentialAction":[{"@type":"ReadAction","target":["https:\/\/paracherkaoui.ma\/index.php\/produit\/sensodyne-bain-de-bouche-protection-longue-duree-menthe-fraiche-500ml\/"]}]},{"@type":"ImageObject","inLanguage":"fr-FR","@id":"https:\/\/paracherkaoui.ma\/index.php\/produit\/sensodyne-bain-de-bouche-protection-longue-duree-menthe-fraiche-500ml\/#primaryimage","url":"https:\/\/paracherkaoui.ma\/wp-content\/uploads\/2025\/12\/sensodyne-sensodyne-bain-de-bouche-protection-longue-duree-menthe-fraiche-500ml-bains-de-bouche-et-haleine-fraiche.jpg","contentUrl":"https:\/\/paracherkaoui.ma\/wp-content\/uploads\/2025\/12\/sensodyne-sensodyne-bain-de-bouche-protection-longue-duree-menthe-fraiche-500ml-bains-de-bouche-et-haleine-fraiche.jpg","width":700,"height":700},{"@type":"BreadcrumbList","@id":"https:\/\/paracherkaoui.ma\/index.php\/produit\/sensodyne-bain-de-bouche-protection-longue-duree-menthe-fraiche-500ml\/#breadcrumb","itemListElement":[{"@type":"ListItem","position":1,"name":"Accueil","item":"https:\/\/paracherkaoui.ma\/"},{"@type":"ListItem","position":2,"name":"Boutique","item":"https:\/\/paracherkaoui.ma\/index.php\/boutique\/"},{"@type":"ListItem","position":3,"name":"SENSODYNE BAIN DE BOUCHE PROTECTION LONGUE DUREE MENTHE FRAICHE 500ML"}]},{"@type":"WebSite","@id":"https:\/\/paracherkaoui.ma\/#website","url":"https:\/\/paracherkaoui.ma\/","name":"Paracherkaoui.ma","description":"Achetez en ligne sur Paracherkaoui.ma","potentialAction":[{"@type":"SearchAction","target":{"@type":"EntryPoint","urlTemplate":"https:\/\/paracherkaoui.ma\/?s={search_term_string}"},"query-input":{"@type":"PropertyValueSpecification","valueRequired":true,"valueName":"search_term_string"}}],"inLanguage":"fr-FR"}]}},"_links":{"self":[{"href":"https:\/\/paracherkaoui.ma\/index.php\/wp-json\/wp\/v2\/product\/47272","targetHints":{"allow":["GET"]}}],"collection":[{"href":"https:\/\/paracherkaoui.ma\/index.php\/wp-json\/wp\/v2\/product"}],"about":[{"href":"https:\/\/paracherkaoui.ma\/index.php\/wp-json\/wp\/v2\/types\/product"}],"replies":[{"embeddable":true,"href":"https:\/\/paracherkaoui.ma\/index.php\/wp-json\/wp\/v2\/comments?post=47272"}],"version-history":[{"count":1,"href":"https:\/\/paracherkaoui.ma\/index.php\/wp-json\/wp\/v2\/product\/47272\/revisions"}],"predecessor-version":[{"id":47306,"href":"https:\/\/paracherkaoui.ma\/index.php\/wp-json\/wp\/v2\/product\/47272\/revisions\/47306"}],"wp:featuredmedia":[{"embeddable":true,"href":"https:\/\/paracherkaoui.ma\/index.php\/wp-json\/wp\/v2\/media\/47305"}],"wp:attachment":[{"href":"https:\/\/paracherkaoui.ma\/index.php\/wp-json\/wp\/v2\/media?parent=47272"}],"wp:term":[{"taxonomy":"product_brand","embeddable":true,"href":"https:\/\/paracherkaoui.ma\/index.php\/wp-json\/wp\/v2\/product_brand?post=47272"},{"taxonomy":"product_cat","embeddable":true,"href":"https:\/\/paracherkaoui.ma\/index.php\/wp-json\/wp\/v2\/product_cat?post=47272"},{"taxonomy":"product_tag","embeddable":true,"href":"https:\/\/paracherkaoui.ma\/index.php\/wp-json\/wp\/v2\/product_tag?post=47272"}],"curies":[{"name":"wp","href":"https:\/\/api.w.org\/{rel}","templated":true}]}}