{"id":47197,"date":"2025-12-12T19:24:30","date_gmt":"2025-12-12T18:24:30","guid":{"rendered":"https:\/\/test.ecbeaute.com\/?post_type=product&#038;p=47197"},"modified":"2025-12-12T19:24:35","modified_gmt":"2025-12-12T18:24:35","slug":"bexident-bain-de-bouche-blancheur-500-ml","status":"publish","type":"product","link":"https:\/\/paracherkaoui.ma\/index.php\/produit\/bexident-bain-de-bouche-blancheur-500-ml\/","title":{"rendered":"BEXIDENT BAIN DE BOUCHE BLANCHEUR 500 ML"},"content":{"rendered":"<p>Le rince-bouche blanchissant Bexident est indiqu\u00e9 pour l\u2019hygi\u00e8ne bucco-dentaire quotidienne dans les situations de changement de couleur des dents, il rend le blanc naturel \u00e0 vos dents. Il ne provoque pas de sensibilit\u00e9 dentaire associ\u00e9e \u00e0 l\u2019utilisation d\u2019agents blanchissants. La combinaison de ses ingr\u00e9dients produit une triple action anti-plaque, emp\u00eachant la formation de biofilm buccal, l\u2019un des facteurs d\u00e9clenchant du changement de couleur des dents.<\/p>\n","protected":false},"excerpt":{"rendered":"<p>Le rince-bouche blanchissant Bexident est indiqu\u00e9 pour l\u2019hygi\u00e8ne bucco-dentaire quotidienne dans les situations de changement de couleur des dents, il<\/p>\n","protected":false},"featured_media":47244,"comment_status":"open","ping_status":"closed","template":"","meta":[],"product_brand":[808],"product_cat":[846],"product_tag":[],"class_list":{"0":"post-47197","1":"product","2":"type-product","3":"status-publish","4":"has-post-thumbnail","6":"product_brand-bexident","7":"product_cat-bains-de-bouche-et-haleine-fraiche","9":"first","10":"instock","11":"sale","12":"shipping-taxable","13":"purchasable","14":"product-type-simple"},"yoast_head":"<!-- This site is optimized with the Yoast SEO plugin v26.6 - https:\/\/yoast.com\/wordpress\/plugins\/seo\/ -->\r\n<title>BEXIDENT BAIN DE BOUCHE BLANCHEUR 500 ML - Paracherkaoui.ma<\/title>\r\n<meta name=\"robots\" content=\"index, follow, max-snippet:-1, max-image-preview:large, max-video-preview:-1\" \/>\r\n<link rel=\"canonical\" href=\"https:\/\/paracherkaoui.ma\/index.php\/produit\/bexident-bain-de-bouche-blancheur-500-ml\/\" \/>\r\n<meta property=\"og:locale\" content=\"fr_FR\" \/>\r\n<meta property=\"og:type\" content=\"article\" \/>\r\n<meta property=\"og:title\" content=\"BEXIDENT BAIN DE BOUCHE BLANCHEUR 500 ML - Paracherkaoui.ma\" \/>\r\n<meta property=\"og:description\" content=\"Le rince-bouche blanchissant Bexident est indiqu\u00e9 pour l\u2019hygi\u00e8ne bucco-dentaire quotidienne dans les situations de changement de couleur des dents, il\" \/>\r\n<meta property=\"og:url\" content=\"https:\/\/paracherkaoui.ma\/index.php\/produit\/bexident-bain-de-bouche-blancheur-500-ml\/\" \/>\r\n<meta property=\"og:site_name\" content=\"Paracherkaoui.ma\" \/>\r\n<meta property=\"article:modified_time\" content=\"2025-12-12T18:24:35+00:00\" \/>\r\n<meta property=\"og:image\" content=\"https:\/\/paracherkaoui.ma\/wp-content\/uploads\/2025\/12\/bexident-bexident-bain-de-bouche-blancheur-500-ml-bains-de-bouche.jpg\" \/>\r\n\t<meta property=\"og:image:width\" content=\"700\" \/>\r\n\t<meta property=\"og:image:height\" content=\"700\" \/>\r\n\t<meta property=\"og:image:type\" content=\"image\/jpeg\" \/>\r\n<meta name=\"twitter:card\" content=\"summary_large_image\" \/>\r\n<script type=\"application\/ld+json\" class=\"yoast-schema-graph\">{\"@context\":\"https:\/\/schema.org\",\"@graph\":[{\"@type\":\"WebPage\",\"@id\":\"https:\/\/paracherkaoui.ma\/index.php\/produit\/bexident-bain-de-bouche-blancheur-500-ml\/\",\"url\":\"https:\/\/paracherkaoui.ma\/index.php\/produit\/bexident-bain-de-bouche-blancheur-500-ml\/\",\"name\":\"BEXIDENT BAIN DE BOUCHE BLANCHEUR 500 ML - Paracherkaoui.ma\",\"isPartOf\":{\"@id\":\"https:\/\/paracherkaoui.ma\/#website\"},\"primaryImageOfPage\":{\"@id\":\"https:\/\/paracherkaoui.ma\/index.php\/produit\/bexident-bain-de-bouche-blancheur-500-ml\/#primaryimage\"},\"image\":{\"@id\":\"https:\/\/paracherkaoui.ma\/index.php\/produit\/bexident-bain-de-bouche-blancheur-500-ml\/#primaryimage\"},\"thumbnailUrl\":\"https:\/\/paracherkaoui.ma\/wp-content\/uploads\/2025\/12\/bexident-bexident-bain-de-bouche-blancheur-500-ml-bains-de-bouche.jpg\",\"datePublished\":\"2025-12-12T18:24:30+00:00\",\"dateModified\":\"2025-12-12T18:24:35+00:00\",\"breadcrumb\":{\"@id\":\"https:\/\/paracherkaoui.ma\/index.php\/produit\/bexident-bain-de-bouche-blancheur-500-ml\/#breadcrumb\"},\"inLanguage\":\"fr-FR\",\"potentialAction\":[{\"@type\":\"ReadAction\",\"target\":[\"https:\/\/paracherkaoui.ma\/index.php\/produit\/bexident-bain-de-bouche-blancheur-500-ml\/\"]}]},{\"@type\":\"ImageObject\",\"inLanguage\":\"fr-FR\",\"@id\":\"https:\/\/paracherkaoui.ma\/index.php\/produit\/bexident-bain-de-bouche-blancheur-500-ml\/#primaryimage\",\"url\":\"https:\/\/paracherkaoui.ma\/wp-content\/uploads\/2025\/12\/bexident-bexident-bain-de-bouche-blancheur-500-ml-bains-de-bouche.jpg\",\"contentUrl\":\"https:\/\/paracherkaoui.ma\/wp-content\/uploads\/2025\/12\/bexident-bexident-bain-de-bouche-blancheur-500-ml-bains-de-bouche.jpg\",\"width\":700,\"height\":700},{\"@type\":\"BreadcrumbList\",\"@id\":\"https:\/\/paracherkaoui.ma\/index.php\/produit\/bexident-bain-de-bouche-blancheur-500-ml\/#breadcrumb\",\"itemListElement\":[{\"@type\":\"ListItem\",\"position\":1,\"name\":\"Accueil\",\"item\":\"https:\/\/paracherkaoui.ma\/\"},{\"@type\":\"ListItem\",\"position\":2,\"name\":\"Boutique\",\"item\":\"https:\/\/paracherkaoui.ma\/index.php\/boutique\/\"},{\"@type\":\"ListItem\",\"position\":3,\"name\":\"BEXIDENT BAIN DE BOUCHE BLANCHEUR 500 ML\"}]},{\"@type\":\"WebSite\",\"@id\":\"https:\/\/paracherkaoui.ma\/#website\",\"url\":\"https:\/\/paracherkaoui.ma\/\",\"name\":\"Paracherkaoui.ma\",\"description\":\"Achetez en ligne sur Paracherkaoui.ma\",\"potentialAction\":[{\"@type\":\"SearchAction\",\"target\":{\"@type\":\"EntryPoint\",\"urlTemplate\":\"https:\/\/paracherkaoui.ma\/?s={search_term_string}\"},\"query-input\":{\"@type\":\"PropertyValueSpecification\",\"valueRequired\":true,\"valueName\":\"search_term_string\"}}],\"inLanguage\":\"fr-FR\"}]}<\/script>\r\n<!-- \/ Yoast SEO plugin. -->","yoast_head_json":{"title":"BEXIDENT BAIN DE BOUCHE BLANCHEUR 500 ML - Paracherkaoui.ma","robots":{"index":"index","follow":"follow","max-snippet":"max-snippet:-1","max-image-preview":"max-image-preview:large","max-video-preview":"max-video-preview:-1"},"canonical":"https:\/\/paracherkaoui.ma\/index.php\/produit\/bexident-bain-de-bouche-blancheur-500-ml\/","og_locale":"fr_FR","og_type":"article","og_title":"BEXIDENT BAIN DE BOUCHE BLANCHEUR 500 ML - Paracherkaoui.ma","og_description":"Le rince-bouche blanchissant Bexident est indiqu\u00e9 pour l\u2019hygi\u00e8ne bucco-dentaire quotidienne dans les situations de changement de couleur des dents, il","og_url":"https:\/\/paracherkaoui.ma\/index.php\/produit\/bexident-bain-de-bouche-blancheur-500-ml\/","og_site_name":"Paracherkaoui.ma","article_modified_time":"2025-12-12T18:24:35+00:00","og_image":[{"width":700,"height":700,"url":"https:\/\/paracherkaoui.ma\/wp-content\/uploads\/2025\/12\/bexident-bexident-bain-de-bouche-blancheur-500-ml-bains-de-bouche.jpg","type":"image\/jpeg"}],"twitter_card":"summary_large_image","schema":{"@context":"https:\/\/schema.org","@graph":[{"@type":"WebPage","@id":"https:\/\/paracherkaoui.ma\/index.php\/produit\/bexident-bain-de-bouche-blancheur-500-ml\/","url":"https:\/\/paracherkaoui.ma\/index.php\/produit\/bexident-bain-de-bouche-blancheur-500-ml\/","name":"BEXIDENT BAIN DE BOUCHE BLANCHEUR 500 ML - Paracherkaoui.ma","isPartOf":{"@id":"https:\/\/paracherkaoui.ma\/#website"},"primaryImageOfPage":{"@id":"https:\/\/paracherkaoui.ma\/index.php\/produit\/bexident-bain-de-bouche-blancheur-500-ml\/#primaryimage"},"image":{"@id":"https:\/\/paracherkaoui.ma\/index.php\/produit\/bexident-bain-de-bouche-blancheur-500-ml\/#primaryimage"},"thumbnailUrl":"https:\/\/paracherkaoui.ma\/wp-content\/uploads\/2025\/12\/bexident-bexident-bain-de-bouche-blancheur-500-ml-bains-de-bouche.jpg","datePublished":"2025-12-12T18:24:30+00:00","dateModified":"2025-12-12T18:24:35+00:00","breadcrumb":{"@id":"https:\/\/paracherkaoui.ma\/index.php\/produit\/bexident-bain-de-bouche-blancheur-500-ml\/#breadcrumb"},"inLanguage":"fr-FR","potentialAction":[{"@type":"ReadAction","target":["https:\/\/paracherkaoui.ma\/index.php\/produit\/bexident-bain-de-bouche-blancheur-500-ml\/"]}]},{"@type":"ImageObject","inLanguage":"fr-FR","@id":"https:\/\/paracherkaoui.ma\/index.php\/produit\/bexident-bain-de-bouche-blancheur-500-ml\/#primaryimage","url":"https:\/\/paracherkaoui.ma\/wp-content\/uploads\/2025\/12\/bexident-bexident-bain-de-bouche-blancheur-500-ml-bains-de-bouche.jpg","contentUrl":"https:\/\/paracherkaoui.ma\/wp-content\/uploads\/2025\/12\/bexident-bexident-bain-de-bouche-blancheur-500-ml-bains-de-bouche.jpg","width":700,"height":700},{"@type":"BreadcrumbList","@id":"https:\/\/paracherkaoui.ma\/index.php\/produit\/bexident-bain-de-bouche-blancheur-500-ml\/#breadcrumb","itemListElement":[{"@type":"ListItem","position":1,"name":"Accueil","item":"https:\/\/paracherkaoui.ma\/"},{"@type":"ListItem","position":2,"name":"Boutique","item":"https:\/\/paracherkaoui.ma\/index.php\/boutique\/"},{"@type":"ListItem","position":3,"name":"BEXIDENT BAIN DE BOUCHE BLANCHEUR 500 ML"}]},{"@type":"WebSite","@id":"https:\/\/paracherkaoui.ma\/#website","url":"https:\/\/paracherkaoui.ma\/","name":"Paracherkaoui.ma","description":"Achetez en ligne sur Paracherkaoui.ma","potentialAction":[{"@type":"SearchAction","target":{"@type":"EntryPoint","urlTemplate":"https:\/\/paracherkaoui.ma\/?s={search_term_string}"},"query-input":{"@type":"PropertyValueSpecification","valueRequired":true,"valueName":"search_term_string"}}],"inLanguage":"fr-FR"}]}},"_links":{"self":[{"href":"https:\/\/paracherkaoui.ma\/index.php\/wp-json\/wp\/v2\/product\/47197","targetHints":{"allow":["GET"]}}],"collection":[{"href":"https:\/\/paracherkaoui.ma\/index.php\/wp-json\/wp\/v2\/product"}],"about":[{"href":"https:\/\/paracherkaoui.ma\/index.php\/wp-json\/wp\/v2\/types\/product"}],"replies":[{"embeddable":true,"href":"https:\/\/paracherkaoui.ma\/index.php\/wp-json\/wp\/v2\/comments?post=47197"}],"version-history":[{"count":1,"href":"https:\/\/paracherkaoui.ma\/index.php\/wp-json\/wp\/v2\/product\/47197\/revisions"}],"predecessor-version":[{"id":47245,"href":"https:\/\/paracherkaoui.ma\/index.php\/wp-json\/wp\/v2\/product\/47197\/revisions\/47245"}],"wp:featuredmedia":[{"embeddable":true,"href":"https:\/\/paracherkaoui.ma\/index.php\/wp-json\/wp\/v2\/media\/47244"}],"wp:attachment":[{"href":"https:\/\/paracherkaoui.ma\/index.php\/wp-json\/wp\/v2\/media?parent=47197"}],"wp:term":[{"taxonomy":"product_brand","embeddable":true,"href":"https:\/\/paracherkaoui.ma\/index.php\/wp-json\/wp\/v2\/product_brand?post=47197"},{"taxonomy":"product_cat","embeddable":true,"href":"https:\/\/paracherkaoui.ma\/index.php\/wp-json\/wp\/v2\/product_cat?post=47197"},{"taxonomy":"product_tag","embeddable":true,"href":"https:\/\/paracherkaoui.ma\/index.php\/wp-json\/wp\/v2\/product_tag?post=47197"}],"curies":[{"name":"wp","href":"https:\/\/api.w.org\/{rel}","templated":true}]}}