{"id":47092,"date":"2025-12-12T19:24:19","date_gmt":"2025-12-12T18:24:19","guid":{"rendered":"https:\/\/test.ecbeaute.com\/?post_type=product&#038;p=47092"},"modified":"2025-12-12T19:24:21","modified_gmt":"2025-12-12T18:24:21","slug":"bexident-bain-de-bouche-dents-sensibles-250-ml","status":"publish","type":"product","link":"https:\/\/paracherkaoui.ma\/index.php\/produit\/bexident-bain-de-bouche-dents-sensibles-250-ml\/","title":{"rendered":"BEXIDENT BAIN DE BOUCHE DENTS SENSIBLES 250 ML"},"content":{"rendered":"<p>Le rince-bouche dents sensibles Bexident est formul\u00e9 avec des ingr\u00e9dients qui r\u00e9duisent la sensibilit\u00e9 (nitrate de potassium), favorisent la min\u00e9ralisation de l\u2019\u00e9mail (fluorure de sodium) et anti-plaque qui r\u00e9duisent les douleurs dentaires et ont des gencives saines et prot\u00e9g\u00e9es. Gr\u00e2ce \u00e0 son excipient bioadh\u00e9sif, son action est prolong\u00e9e dans le temps. Tous les produits Bexident Dents Sensibles, bien que contenant du nitrate de potassium, ont un go\u00fbt agr\u00e9able pour assurer une utilisation \u00e0 long terme. Pas d\u2019alcool.<br \/>\nConseils d&rsquo;utilisation:<br \/>\nAppliquer apr\u00e8s le brossage des dents<\/p>\n","protected":false},"excerpt":{"rendered":"<p>Le rince-bouche dents sensibles Bexident est formul\u00e9 avec des ingr\u00e9dients qui r\u00e9duisent la sensibilit\u00e9 (nitrate de potassium), favorisent la min\u00e9ralisation<\/p>\n","protected":false},"featured_media":47124,"comment_status":"open","ping_status":"closed","template":"","meta":[],"product_brand":[808],"product_cat":[846],"product_tag":[],"class_list":{"0":"post-47092","1":"product","2":"type-product","3":"status-publish","4":"has-post-thumbnail","6":"product_brand-bexident","7":"product_cat-bains-de-bouche-et-haleine-fraiche","9":"first","10":"instock","11":"sale","12":"shipping-taxable","13":"purchasable","14":"product-type-simple"},"yoast_head":"<!-- This site is optimized with the Yoast SEO plugin v26.6 - https:\/\/yoast.com\/wordpress\/plugins\/seo\/ -->\r\n<title>BEXIDENT BAIN DE BOUCHE DENTS SENSIBLES 250 ML - Paracherkaoui.ma<\/title>\r\n<meta name=\"robots\" content=\"index, follow, max-snippet:-1, max-image-preview:large, max-video-preview:-1\" \/>\r\n<link rel=\"canonical\" href=\"https:\/\/paracherkaoui.ma\/index.php\/produit\/bexident-bain-de-bouche-dents-sensibles-250-ml\/\" \/>\r\n<meta property=\"og:locale\" content=\"fr_FR\" \/>\r\n<meta property=\"og:type\" content=\"article\" \/>\r\n<meta property=\"og:title\" content=\"BEXIDENT BAIN DE BOUCHE DENTS SENSIBLES 250 ML - Paracherkaoui.ma\" \/>\r\n<meta property=\"og:description\" content=\"Le rince-bouche dents sensibles Bexident est formul\u00e9 avec des ingr\u00e9dients qui r\u00e9duisent la sensibilit\u00e9 (nitrate de potassium), favorisent la min\u00e9ralisation\" \/>\r\n<meta property=\"og:url\" content=\"https:\/\/paracherkaoui.ma\/index.php\/produit\/bexident-bain-de-bouche-dents-sensibles-250-ml\/\" \/>\r\n<meta property=\"og:site_name\" content=\"Paracherkaoui.ma\" \/>\r\n<meta property=\"article:modified_time\" content=\"2025-12-12T18:24:21+00:00\" \/>\r\n<meta property=\"og:image\" content=\"https:\/\/paracherkaoui.ma\/wp-content\/uploads\/2025\/12\/bexident-bexident-bain-de-bouche-dents-sensibles-250-ml-bains-de-bouche.jpg\" \/>\r\n\t<meta property=\"og:image:width\" content=\"700\" \/>\r\n\t<meta property=\"og:image:height\" content=\"700\" \/>\r\n\t<meta property=\"og:image:type\" content=\"image\/jpeg\" \/>\r\n<meta name=\"twitter:card\" content=\"summary_large_image\" \/>\r\n<script type=\"application\/ld+json\" class=\"yoast-schema-graph\">{\"@context\":\"https:\/\/schema.org\",\"@graph\":[{\"@type\":\"WebPage\",\"@id\":\"https:\/\/paracherkaoui.ma\/index.php\/produit\/bexident-bain-de-bouche-dents-sensibles-250-ml\/\",\"url\":\"https:\/\/paracherkaoui.ma\/index.php\/produit\/bexident-bain-de-bouche-dents-sensibles-250-ml\/\",\"name\":\"BEXIDENT BAIN DE BOUCHE DENTS SENSIBLES 250 ML - Paracherkaoui.ma\",\"isPartOf\":{\"@id\":\"https:\/\/paracherkaoui.ma\/#website\"},\"primaryImageOfPage\":{\"@id\":\"https:\/\/paracherkaoui.ma\/index.php\/produit\/bexident-bain-de-bouche-dents-sensibles-250-ml\/#primaryimage\"},\"image\":{\"@id\":\"https:\/\/paracherkaoui.ma\/index.php\/produit\/bexident-bain-de-bouche-dents-sensibles-250-ml\/#primaryimage\"},\"thumbnailUrl\":\"https:\/\/paracherkaoui.ma\/wp-content\/uploads\/2025\/12\/bexident-bexident-bain-de-bouche-dents-sensibles-250-ml-bains-de-bouche.jpg\",\"datePublished\":\"2025-12-12T18:24:19+00:00\",\"dateModified\":\"2025-12-12T18:24:21+00:00\",\"breadcrumb\":{\"@id\":\"https:\/\/paracherkaoui.ma\/index.php\/produit\/bexident-bain-de-bouche-dents-sensibles-250-ml\/#breadcrumb\"},\"inLanguage\":\"fr-FR\",\"potentialAction\":[{\"@type\":\"ReadAction\",\"target\":[\"https:\/\/paracherkaoui.ma\/index.php\/produit\/bexident-bain-de-bouche-dents-sensibles-250-ml\/\"]}]},{\"@type\":\"ImageObject\",\"inLanguage\":\"fr-FR\",\"@id\":\"https:\/\/paracherkaoui.ma\/index.php\/produit\/bexident-bain-de-bouche-dents-sensibles-250-ml\/#primaryimage\",\"url\":\"https:\/\/paracherkaoui.ma\/wp-content\/uploads\/2025\/12\/bexident-bexident-bain-de-bouche-dents-sensibles-250-ml-bains-de-bouche.jpg\",\"contentUrl\":\"https:\/\/paracherkaoui.ma\/wp-content\/uploads\/2025\/12\/bexident-bexident-bain-de-bouche-dents-sensibles-250-ml-bains-de-bouche.jpg\",\"width\":700,\"height\":700},{\"@type\":\"BreadcrumbList\",\"@id\":\"https:\/\/paracherkaoui.ma\/index.php\/produit\/bexident-bain-de-bouche-dents-sensibles-250-ml\/#breadcrumb\",\"itemListElement\":[{\"@type\":\"ListItem\",\"position\":1,\"name\":\"Accueil\",\"item\":\"https:\/\/paracherkaoui.ma\/\"},{\"@type\":\"ListItem\",\"position\":2,\"name\":\"Boutique\",\"item\":\"https:\/\/paracherkaoui.ma\/index.php\/boutique\/\"},{\"@type\":\"ListItem\",\"position\":3,\"name\":\"BEXIDENT BAIN DE BOUCHE DENTS SENSIBLES 250 ML\"}]},{\"@type\":\"WebSite\",\"@id\":\"https:\/\/paracherkaoui.ma\/#website\",\"url\":\"https:\/\/paracherkaoui.ma\/\",\"name\":\"Paracherkaoui.ma\",\"description\":\"Achetez en ligne sur Paracherkaoui.ma\",\"potentialAction\":[{\"@type\":\"SearchAction\",\"target\":{\"@type\":\"EntryPoint\",\"urlTemplate\":\"https:\/\/paracherkaoui.ma\/?s={search_term_string}\"},\"query-input\":{\"@type\":\"PropertyValueSpecification\",\"valueRequired\":true,\"valueName\":\"search_term_string\"}}],\"inLanguage\":\"fr-FR\"}]}<\/script>\r\n<!-- \/ Yoast SEO plugin. -->","yoast_head_json":{"title":"BEXIDENT BAIN DE BOUCHE DENTS SENSIBLES 250 ML - Paracherkaoui.ma","robots":{"index":"index","follow":"follow","max-snippet":"max-snippet:-1","max-image-preview":"max-image-preview:large","max-video-preview":"max-video-preview:-1"},"canonical":"https:\/\/paracherkaoui.ma\/index.php\/produit\/bexident-bain-de-bouche-dents-sensibles-250-ml\/","og_locale":"fr_FR","og_type":"article","og_title":"BEXIDENT BAIN DE BOUCHE DENTS SENSIBLES 250 ML - Paracherkaoui.ma","og_description":"Le rince-bouche dents sensibles Bexident est formul\u00e9 avec des ingr\u00e9dients qui r\u00e9duisent la sensibilit\u00e9 (nitrate de potassium), favorisent la min\u00e9ralisation","og_url":"https:\/\/paracherkaoui.ma\/index.php\/produit\/bexident-bain-de-bouche-dents-sensibles-250-ml\/","og_site_name":"Paracherkaoui.ma","article_modified_time":"2025-12-12T18:24:21+00:00","og_image":[{"width":700,"height":700,"url":"https:\/\/paracherkaoui.ma\/wp-content\/uploads\/2025\/12\/bexident-bexident-bain-de-bouche-dents-sensibles-250-ml-bains-de-bouche.jpg","type":"image\/jpeg"}],"twitter_card":"summary_large_image","schema":{"@context":"https:\/\/schema.org","@graph":[{"@type":"WebPage","@id":"https:\/\/paracherkaoui.ma\/index.php\/produit\/bexident-bain-de-bouche-dents-sensibles-250-ml\/","url":"https:\/\/paracherkaoui.ma\/index.php\/produit\/bexident-bain-de-bouche-dents-sensibles-250-ml\/","name":"BEXIDENT BAIN DE BOUCHE DENTS SENSIBLES 250 ML - Paracherkaoui.ma","isPartOf":{"@id":"https:\/\/paracherkaoui.ma\/#website"},"primaryImageOfPage":{"@id":"https:\/\/paracherkaoui.ma\/index.php\/produit\/bexident-bain-de-bouche-dents-sensibles-250-ml\/#primaryimage"},"image":{"@id":"https:\/\/paracherkaoui.ma\/index.php\/produit\/bexident-bain-de-bouche-dents-sensibles-250-ml\/#primaryimage"},"thumbnailUrl":"https:\/\/paracherkaoui.ma\/wp-content\/uploads\/2025\/12\/bexident-bexident-bain-de-bouche-dents-sensibles-250-ml-bains-de-bouche.jpg","datePublished":"2025-12-12T18:24:19+00:00","dateModified":"2025-12-12T18:24:21+00:00","breadcrumb":{"@id":"https:\/\/paracherkaoui.ma\/index.php\/produit\/bexident-bain-de-bouche-dents-sensibles-250-ml\/#breadcrumb"},"inLanguage":"fr-FR","potentialAction":[{"@type":"ReadAction","target":["https:\/\/paracherkaoui.ma\/index.php\/produit\/bexident-bain-de-bouche-dents-sensibles-250-ml\/"]}]},{"@type":"ImageObject","inLanguage":"fr-FR","@id":"https:\/\/paracherkaoui.ma\/index.php\/produit\/bexident-bain-de-bouche-dents-sensibles-250-ml\/#primaryimage","url":"https:\/\/paracherkaoui.ma\/wp-content\/uploads\/2025\/12\/bexident-bexident-bain-de-bouche-dents-sensibles-250-ml-bains-de-bouche.jpg","contentUrl":"https:\/\/paracherkaoui.ma\/wp-content\/uploads\/2025\/12\/bexident-bexident-bain-de-bouche-dents-sensibles-250-ml-bains-de-bouche.jpg","width":700,"height":700},{"@type":"BreadcrumbList","@id":"https:\/\/paracherkaoui.ma\/index.php\/produit\/bexident-bain-de-bouche-dents-sensibles-250-ml\/#breadcrumb","itemListElement":[{"@type":"ListItem","position":1,"name":"Accueil","item":"https:\/\/paracherkaoui.ma\/"},{"@type":"ListItem","position":2,"name":"Boutique","item":"https:\/\/paracherkaoui.ma\/index.php\/boutique\/"},{"@type":"ListItem","position":3,"name":"BEXIDENT BAIN DE BOUCHE DENTS SENSIBLES 250 ML"}]},{"@type":"WebSite","@id":"https:\/\/paracherkaoui.ma\/#website","url":"https:\/\/paracherkaoui.ma\/","name":"Paracherkaoui.ma","description":"Achetez en ligne sur Paracherkaoui.ma","potentialAction":[{"@type":"SearchAction","target":{"@type":"EntryPoint","urlTemplate":"https:\/\/paracherkaoui.ma\/?s={search_term_string}"},"query-input":{"@type":"PropertyValueSpecification","valueRequired":true,"valueName":"search_term_string"}}],"inLanguage":"fr-FR"}]}},"_links":{"self":[{"href":"https:\/\/paracherkaoui.ma\/index.php\/wp-json\/wp\/v2\/product\/47092","targetHints":{"allow":["GET"]}}],"collection":[{"href":"https:\/\/paracherkaoui.ma\/index.php\/wp-json\/wp\/v2\/product"}],"about":[{"href":"https:\/\/paracherkaoui.ma\/index.php\/wp-json\/wp\/v2\/types\/product"}],"replies":[{"embeddable":true,"href":"https:\/\/paracherkaoui.ma\/index.php\/wp-json\/wp\/v2\/comments?post=47092"}],"version-history":[{"count":1,"href":"https:\/\/paracherkaoui.ma\/index.php\/wp-json\/wp\/v2\/product\/47092\/revisions"}],"predecessor-version":[{"id":47125,"href":"https:\/\/paracherkaoui.ma\/index.php\/wp-json\/wp\/v2\/product\/47092\/revisions\/47125"}],"wp:featuredmedia":[{"embeddable":true,"href":"https:\/\/paracherkaoui.ma\/index.php\/wp-json\/wp\/v2\/media\/47124"}],"wp:attachment":[{"href":"https:\/\/paracherkaoui.ma\/index.php\/wp-json\/wp\/v2\/media?parent=47092"}],"wp:term":[{"taxonomy":"product_brand","embeddable":true,"href":"https:\/\/paracherkaoui.ma\/index.php\/wp-json\/wp\/v2\/product_brand?post=47092"},{"taxonomy":"product_cat","embeddable":true,"href":"https:\/\/paracherkaoui.ma\/index.php\/wp-json\/wp\/v2\/product_cat?post=47092"},{"taxonomy":"product_tag","embeddable":true,"href":"https:\/\/paracherkaoui.ma\/index.php\/wp-json\/wp\/v2\/product_tag?post=47092"}],"curies":[{"name":"wp","href":"https:\/\/api.w.org\/{rel}","templated":true}]}}