{"id":47046,"date":"2025-12-12T19:24:05","date_gmt":"2025-12-12T18:24:05","guid":{"rendered":"https:\/\/test.ecbeaute.com\/?post_type=product&#038;p=47046"},"modified":"2025-12-12T19:24:09","modified_gmt":"2025-12-12T18:24:09","slug":"halita-spray-buccal-15ml","status":"publish","type":"product","link":"https:\/\/paracherkaoui.ma\/index.php\/produit\/halita-spray-buccal-15ml\/","title":{"rendered":"HALITA SPRAY BUCCAL 15ML"},"content":{"rendered":"<p>Il est indiqu\u00e9 pour les personnes qui ont un mauvais go\u00fbt dans la bouche et qui souhaitent rafra\u00eechir leur haleine \u00e0 tout moment et n\u2019importe o\u00f9.<br \/>\nHALITA\u00ae\u00a0Spray\u00a0 permet d\u2019avoir une haleine fra\u00eeche toute la journ\u00e9e. Il ne se contente pas de masquer temporairement la mauvaise odeur : il la supprime.<br \/>\nHALITA\u00ae\u00a0est le premier produit scientifiquement prouv\u00e9 pour contr\u00f4ler l\u2019halitose orale.<br \/>\nINDICATIONS\u00a0:<br \/>\nNeutraliser les substances malodorantes \u00e0 l\u2019origine de l\u2019halitose buccale chronique.<br \/>\nTraiter la mauvaise haleine passag\u00e8re produite par les aliments, les boissons, le tabac, les changements hormonaux, les m\u00e9dicaments, les moments de stress ou les longues p\u00e9riodes sans brossage des dents.<br \/>\nUTILISATION\u00a0:<br \/>\nEffectuez 3 \u00e0 4 pulv\u00e9risations sur la partie post\u00e9rieure de la langue 2 \u00e0 3 fois par jour.<br \/>\nGr\u00e2ce \u00e0 sa taille compacte et son usage pratique, il convient parfaitement aux personnes qui souhaitent l\u2019utiliser en dehors de chez eux.<\/p>\n","protected":false},"excerpt":{"rendered":"<p>Il est indiqu\u00e9 pour les personnes qui ont un mauvais go\u00fbt dans la bouche et qui souhaitent rafra\u00eechir leur haleine<\/p>\n","protected":false},"featured_media":47082,"comment_status":"open","ping_status":"closed","template":"","meta":[],"product_brand":[826],"product_cat":[846],"product_tag":[],"class_list":{"0":"post-47046","1":"product","2":"type-product","3":"status-publish","4":"has-post-thumbnail","6":"product_brand-halita","7":"product_cat-bains-de-bouche-et-haleine-fraiche","9":"first","10":"instock","11":"sale","12":"shipping-taxable","13":"purchasable","14":"product-type-simple"},"yoast_head":"<!-- This site is optimized with the Yoast SEO plugin v26.6 - https:\/\/yoast.com\/wordpress\/plugins\/seo\/ -->\r\n<title>HALITA SPRAY BUCCAL 15ML - Paracherkaoui.ma<\/title>\r\n<meta name=\"robots\" content=\"index, follow, max-snippet:-1, max-image-preview:large, max-video-preview:-1\" \/>\r\n<link rel=\"canonical\" href=\"https:\/\/paracherkaoui.ma\/index.php\/produit\/halita-spray-buccal-15ml\/\" \/>\r\n<meta property=\"og:locale\" content=\"fr_FR\" \/>\r\n<meta property=\"og:type\" content=\"article\" \/>\r\n<meta property=\"og:title\" content=\"HALITA SPRAY BUCCAL 15ML - Paracherkaoui.ma\" \/>\r\n<meta property=\"og:description\" content=\"Il est indiqu\u00e9 pour les personnes qui ont un mauvais go\u00fbt dans la bouche et qui souhaitent rafra\u00eechir leur haleine\" \/>\r\n<meta property=\"og:url\" content=\"https:\/\/paracherkaoui.ma\/index.php\/produit\/halita-spray-buccal-15ml\/\" \/>\r\n<meta property=\"og:site_name\" content=\"Paracherkaoui.ma\" \/>\r\n<meta property=\"article:modified_time\" content=\"2025-12-12T18:24:09+00:00\" \/>\r\n<meta property=\"og:image\" content=\"https:\/\/paracherkaoui.ma\/wp-content\/uploads\/2025\/12\/halita-halita-spray-buccal-15ml-haleine-fraiche.jpg\" \/>\r\n\t<meta property=\"og:image:width\" content=\"700\" \/>\r\n\t<meta property=\"og:image:height\" content=\"700\" \/>\r\n\t<meta property=\"og:image:type\" content=\"image\/jpeg\" \/>\r\n<meta name=\"twitter:card\" content=\"summary_large_image\" \/>\r\n<meta name=\"twitter:label1\" content=\"Dur\u00e9e de lecture estim\u00e9e\" \/>\n\t<meta name=\"twitter:data1\" content=\"1 minute\" \/>\r\n<script type=\"application\/ld+json\" class=\"yoast-schema-graph\">{\"@context\":\"https:\/\/schema.org\",\"@graph\":[{\"@type\":\"WebPage\",\"@id\":\"https:\/\/paracherkaoui.ma\/index.php\/produit\/halita-spray-buccal-15ml\/\",\"url\":\"https:\/\/paracherkaoui.ma\/index.php\/produit\/halita-spray-buccal-15ml\/\",\"name\":\"HALITA SPRAY BUCCAL 15ML - Paracherkaoui.ma\",\"isPartOf\":{\"@id\":\"https:\/\/paracherkaoui.ma\/#website\"},\"primaryImageOfPage\":{\"@id\":\"https:\/\/paracherkaoui.ma\/index.php\/produit\/halita-spray-buccal-15ml\/#primaryimage\"},\"image\":{\"@id\":\"https:\/\/paracherkaoui.ma\/index.php\/produit\/halita-spray-buccal-15ml\/#primaryimage\"},\"thumbnailUrl\":\"https:\/\/paracherkaoui.ma\/wp-content\/uploads\/2025\/12\/halita-halita-spray-buccal-15ml-haleine-fraiche.jpg\",\"datePublished\":\"2025-12-12T18:24:05+00:00\",\"dateModified\":\"2025-12-12T18:24:09+00:00\",\"breadcrumb\":{\"@id\":\"https:\/\/paracherkaoui.ma\/index.php\/produit\/halita-spray-buccal-15ml\/#breadcrumb\"},\"inLanguage\":\"fr-FR\",\"potentialAction\":[{\"@type\":\"ReadAction\",\"target\":[\"https:\/\/paracherkaoui.ma\/index.php\/produit\/halita-spray-buccal-15ml\/\"]}]},{\"@type\":\"ImageObject\",\"inLanguage\":\"fr-FR\",\"@id\":\"https:\/\/paracherkaoui.ma\/index.php\/produit\/halita-spray-buccal-15ml\/#primaryimage\",\"url\":\"https:\/\/paracherkaoui.ma\/wp-content\/uploads\/2025\/12\/halita-halita-spray-buccal-15ml-haleine-fraiche.jpg\",\"contentUrl\":\"https:\/\/paracherkaoui.ma\/wp-content\/uploads\/2025\/12\/halita-halita-spray-buccal-15ml-haleine-fraiche.jpg\",\"width\":700,\"height\":700},{\"@type\":\"BreadcrumbList\",\"@id\":\"https:\/\/paracherkaoui.ma\/index.php\/produit\/halita-spray-buccal-15ml\/#breadcrumb\",\"itemListElement\":[{\"@type\":\"ListItem\",\"position\":1,\"name\":\"Accueil\",\"item\":\"https:\/\/paracherkaoui.ma\/\"},{\"@type\":\"ListItem\",\"position\":2,\"name\":\"Boutique\",\"item\":\"https:\/\/paracherkaoui.ma\/index.php\/boutique\/\"},{\"@type\":\"ListItem\",\"position\":3,\"name\":\"HALITA SPRAY BUCCAL 15ML\"}]},{\"@type\":\"WebSite\",\"@id\":\"https:\/\/paracherkaoui.ma\/#website\",\"url\":\"https:\/\/paracherkaoui.ma\/\",\"name\":\"Paracherkaoui.ma\",\"description\":\"Achetez en ligne sur Paracherkaoui.ma\",\"potentialAction\":[{\"@type\":\"SearchAction\",\"target\":{\"@type\":\"EntryPoint\",\"urlTemplate\":\"https:\/\/paracherkaoui.ma\/?s={search_term_string}\"},\"query-input\":{\"@type\":\"PropertyValueSpecification\",\"valueRequired\":true,\"valueName\":\"search_term_string\"}}],\"inLanguage\":\"fr-FR\"}]}<\/script>\r\n<!-- \/ Yoast SEO plugin. -->","yoast_head_json":{"title":"HALITA SPRAY BUCCAL 15ML - Paracherkaoui.ma","robots":{"index":"index","follow":"follow","max-snippet":"max-snippet:-1","max-image-preview":"max-image-preview:large","max-video-preview":"max-video-preview:-1"},"canonical":"https:\/\/paracherkaoui.ma\/index.php\/produit\/halita-spray-buccal-15ml\/","og_locale":"fr_FR","og_type":"article","og_title":"HALITA SPRAY BUCCAL 15ML - Paracherkaoui.ma","og_description":"Il est indiqu\u00e9 pour les personnes qui ont un mauvais go\u00fbt dans la bouche et qui souhaitent rafra\u00eechir leur haleine","og_url":"https:\/\/paracherkaoui.ma\/index.php\/produit\/halita-spray-buccal-15ml\/","og_site_name":"Paracherkaoui.ma","article_modified_time":"2025-12-12T18:24:09+00:00","og_image":[{"width":700,"height":700,"url":"https:\/\/paracherkaoui.ma\/wp-content\/uploads\/2025\/12\/halita-halita-spray-buccal-15ml-haleine-fraiche.jpg","type":"image\/jpeg"}],"twitter_card":"summary_large_image","twitter_misc":{"Dur\u00e9e de lecture estim\u00e9e":"1 minute"},"schema":{"@context":"https:\/\/schema.org","@graph":[{"@type":"WebPage","@id":"https:\/\/paracherkaoui.ma\/index.php\/produit\/halita-spray-buccal-15ml\/","url":"https:\/\/paracherkaoui.ma\/index.php\/produit\/halita-spray-buccal-15ml\/","name":"HALITA SPRAY BUCCAL 15ML - Paracherkaoui.ma","isPartOf":{"@id":"https:\/\/paracherkaoui.ma\/#website"},"primaryImageOfPage":{"@id":"https:\/\/paracherkaoui.ma\/index.php\/produit\/halita-spray-buccal-15ml\/#primaryimage"},"image":{"@id":"https:\/\/paracherkaoui.ma\/index.php\/produit\/halita-spray-buccal-15ml\/#primaryimage"},"thumbnailUrl":"https:\/\/paracherkaoui.ma\/wp-content\/uploads\/2025\/12\/halita-halita-spray-buccal-15ml-haleine-fraiche.jpg","datePublished":"2025-12-12T18:24:05+00:00","dateModified":"2025-12-12T18:24:09+00:00","breadcrumb":{"@id":"https:\/\/paracherkaoui.ma\/index.php\/produit\/halita-spray-buccal-15ml\/#breadcrumb"},"inLanguage":"fr-FR","potentialAction":[{"@type":"ReadAction","target":["https:\/\/paracherkaoui.ma\/index.php\/produit\/halita-spray-buccal-15ml\/"]}]},{"@type":"ImageObject","inLanguage":"fr-FR","@id":"https:\/\/paracherkaoui.ma\/index.php\/produit\/halita-spray-buccal-15ml\/#primaryimage","url":"https:\/\/paracherkaoui.ma\/wp-content\/uploads\/2025\/12\/halita-halita-spray-buccal-15ml-haleine-fraiche.jpg","contentUrl":"https:\/\/paracherkaoui.ma\/wp-content\/uploads\/2025\/12\/halita-halita-spray-buccal-15ml-haleine-fraiche.jpg","width":700,"height":700},{"@type":"BreadcrumbList","@id":"https:\/\/paracherkaoui.ma\/index.php\/produit\/halita-spray-buccal-15ml\/#breadcrumb","itemListElement":[{"@type":"ListItem","position":1,"name":"Accueil","item":"https:\/\/paracherkaoui.ma\/"},{"@type":"ListItem","position":2,"name":"Boutique","item":"https:\/\/paracherkaoui.ma\/index.php\/boutique\/"},{"@type":"ListItem","position":3,"name":"HALITA SPRAY BUCCAL 15ML"}]},{"@type":"WebSite","@id":"https:\/\/paracherkaoui.ma\/#website","url":"https:\/\/paracherkaoui.ma\/","name":"Paracherkaoui.ma","description":"Achetez en ligne sur Paracherkaoui.ma","potentialAction":[{"@type":"SearchAction","target":{"@type":"EntryPoint","urlTemplate":"https:\/\/paracherkaoui.ma\/?s={search_term_string}"},"query-input":{"@type":"PropertyValueSpecification","valueRequired":true,"valueName":"search_term_string"}}],"inLanguage":"fr-FR"}]}},"_links":{"self":[{"href":"https:\/\/paracherkaoui.ma\/index.php\/wp-json\/wp\/v2\/product\/47046","targetHints":{"allow":["GET"]}}],"collection":[{"href":"https:\/\/paracherkaoui.ma\/index.php\/wp-json\/wp\/v2\/product"}],"about":[{"href":"https:\/\/paracherkaoui.ma\/index.php\/wp-json\/wp\/v2\/types\/product"}],"replies":[{"embeddable":true,"href":"https:\/\/paracherkaoui.ma\/index.php\/wp-json\/wp\/v2\/comments?post=47046"}],"version-history":[{"count":1,"href":"https:\/\/paracherkaoui.ma\/index.php\/wp-json\/wp\/v2\/product\/47046\/revisions"}],"predecessor-version":[{"id":47083,"href":"https:\/\/paracherkaoui.ma\/index.php\/wp-json\/wp\/v2\/product\/47046\/revisions\/47083"}],"wp:featuredmedia":[{"embeddable":true,"href":"https:\/\/paracherkaoui.ma\/index.php\/wp-json\/wp\/v2\/media\/47082"}],"wp:attachment":[{"href":"https:\/\/paracherkaoui.ma\/index.php\/wp-json\/wp\/v2\/media?parent=47046"}],"wp:term":[{"taxonomy":"product_brand","embeddable":true,"href":"https:\/\/paracherkaoui.ma\/index.php\/wp-json\/wp\/v2\/product_brand?post=47046"},{"taxonomy":"product_cat","embeddable":true,"href":"https:\/\/paracherkaoui.ma\/index.php\/wp-json\/wp\/v2\/product_cat?post=47046"},{"taxonomy":"product_tag","embeddable":true,"href":"https:\/\/paracherkaoui.ma\/index.php\/wp-json\/wp\/v2\/product_tag?post=47046"}],"curies":[{"name":"wp","href":"https:\/\/api.w.org\/{rel}","templated":true}]}}