{"id":47043,"date":"2025-12-12T19:24:05","date_gmt":"2025-12-12T18:24:05","guid":{"rendered":"https:\/\/test.ecbeaute.com\/?post_type=product&#038;p=47043"},"modified":"2025-12-12T19:24:08","modified_gmt":"2025-12-12T18:24:08","slug":"urgo-filmogel-bouton-de-fievre-6-ml","status":"publish","type":"product","link":"https:\/\/paracherkaoui.ma\/index.php\/produit\/urgo-filmogel-bouton-de-fievre-6-ml\/","title":{"rendered":"URGO FILMOGEL BOUTON DE FIEVRE 6 ML"},"content":{"rendered":"<p>URGO Bouton de fi\u00e8vre, Filmogel\u00ae forme un film traitant, discret qui est efficace \u00e0 tous les stades du bouton de fi\u00e8vre. Il soulage les picotements, d\u00e9mangeaisons, br\u00fblures et limite la pouss\u00e9e du bouton et la formation de v\u00e9sicules et cro\u00fbtes. De plus, ce Filmogel\u00ae emp\u00eache la contamination\u00a0 &#038; favorise la cicatrisation.<br \/>\nMode d\u2019emploi :<br \/>\n1. Appliquez la dose n\u00e9cessaire pour recouvrir le bouton \u00e0 l\u2019aide de l\u2019applicateur jetable sur une peau propre. Vous pouvez ressentir une sensation de picotement ou de br\u00fblure transitoire \u00e0 l\u2019application.<br \/>\n2. Laissez s\u00e9cher environ 1 \u00e0 2 minutes. Le temps de s\u00e9chage d\u00e9pend de la quantit\u00e9 de produit appliqu\u00e9e.<br \/>\n3. Un film transparent se forme sur votre bouton de fi\u00e8vre.<br \/>\n4. Ce filmogel\u00ae est \u00e0 utiliser d\u00e8s les premiers sympt\u00f4mes (picotements, d\u00e9mangeaisons, br\u00fblures) jusqu\u2019\u00e0 quatre fois la journ\u00e9e pour limiter la sortie du bouton<br \/>\n5. Pour la poursuite du traitement, renouvelez l\u2019application aussi souvent que n\u00e9cessaire, en fonction de la tenue du film sur votre peau et sur votre l\u00e8vre : de 2 \u00e0 4 applications par jour maximum.<br \/>\n6. Poursuivez le traitement jusqu\u2019\u00e0 cicatrisation compl\u00e8te.<br \/>\n7. URGO Bouton de Fi\u00e8vre a \u00e9t\u00e9 con\u00e7u pour une application pratique, s\u00fbre et hygi\u00e9nique.<\/p>\n","protected":false},"excerpt":{"rendered":"<p>URGO Bouton de fi\u00e8vre, Filmogel\u00ae forme un film traitant, discret qui est efficace \u00e0 tous les stades du bouton de<\/p>\n","protected":false},"featured_media":47076,"comment_status":"open","ping_status":"closed","template":"","meta":[],"product_brand":[601],"product_cat":[846],"product_tag":[],"class_list":{"0":"post-47043","1":"product","2":"type-product","3":"status-publish","4":"has-post-thumbnail","6":"product_brand-urgo","7":"product_cat-bains-de-bouche-et-haleine-fraiche","9":"first","10":"instock","11":"sale","12":"shipping-taxable","13":"purchasable","14":"product-type-simple"},"yoast_head":"<!-- This site is optimized with the Yoast SEO plugin v26.6 - https:\/\/yoast.com\/wordpress\/plugins\/seo\/ -->\r\n<title>URGO FILMOGEL BOUTON DE FIEVRE 6 ML - Paracherkaoui.ma<\/title>\r\n<meta name=\"robots\" content=\"index, follow, max-snippet:-1, max-image-preview:large, max-video-preview:-1\" \/>\r\n<link rel=\"canonical\" href=\"https:\/\/paracherkaoui.ma\/index.php\/produit\/urgo-filmogel-bouton-de-fievre-6-ml\/\" \/>\r\n<meta property=\"og:locale\" content=\"fr_FR\" \/>\r\n<meta property=\"og:type\" content=\"article\" \/>\r\n<meta property=\"og:title\" content=\"URGO FILMOGEL BOUTON DE FIEVRE 6 ML - Paracherkaoui.ma\" \/>\r\n<meta property=\"og:description\" content=\"URGO Bouton de fi\u00e8vre, Filmogel\u00ae forme un film traitant, discret qui est efficace \u00e0 tous les stades du bouton de\" \/>\r\n<meta property=\"og:url\" content=\"https:\/\/paracherkaoui.ma\/index.php\/produit\/urgo-filmogel-bouton-de-fievre-6-ml\/\" \/>\r\n<meta property=\"og:site_name\" content=\"Paracherkaoui.ma\" \/>\r\n<meta property=\"article:modified_time\" content=\"2025-12-12T18:24:08+00:00\" \/>\r\n<meta property=\"og:image\" content=\"https:\/\/paracherkaoui.ma\/wp-content\/uploads\/2025\/12\/urgo-urgo-filmogel-bouton-de-fievre-6-ml-bains-de-bouche.jpg\" \/>\r\n\t<meta property=\"og:image:width\" content=\"700\" \/>\r\n\t<meta property=\"og:image:height\" content=\"700\" \/>\r\n\t<meta property=\"og:image:type\" content=\"image\/jpeg\" \/>\r\n<meta name=\"twitter:card\" content=\"summary_large_image\" \/>\r\n<meta name=\"twitter:label1\" content=\"Dur\u00e9e de lecture estim\u00e9e\" \/>\n\t<meta name=\"twitter:data1\" content=\"1 minute\" \/>\r\n<script type=\"application\/ld+json\" class=\"yoast-schema-graph\">{\"@context\":\"https:\/\/schema.org\",\"@graph\":[{\"@type\":\"WebPage\",\"@id\":\"https:\/\/paracherkaoui.ma\/index.php\/produit\/urgo-filmogel-bouton-de-fievre-6-ml\/\",\"url\":\"https:\/\/paracherkaoui.ma\/index.php\/produit\/urgo-filmogel-bouton-de-fievre-6-ml\/\",\"name\":\"URGO FILMOGEL BOUTON DE FIEVRE 6 ML - Paracherkaoui.ma\",\"isPartOf\":{\"@id\":\"https:\/\/paracherkaoui.ma\/#website\"},\"primaryImageOfPage\":{\"@id\":\"https:\/\/paracherkaoui.ma\/index.php\/produit\/urgo-filmogel-bouton-de-fievre-6-ml\/#primaryimage\"},\"image\":{\"@id\":\"https:\/\/paracherkaoui.ma\/index.php\/produit\/urgo-filmogel-bouton-de-fievre-6-ml\/#primaryimage\"},\"thumbnailUrl\":\"https:\/\/paracherkaoui.ma\/wp-content\/uploads\/2025\/12\/urgo-urgo-filmogel-bouton-de-fievre-6-ml-bains-de-bouche.jpg\",\"datePublished\":\"2025-12-12T18:24:05+00:00\",\"dateModified\":\"2025-12-12T18:24:08+00:00\",\"breadcrumb\":{\"@id\":\"https:\/\/paracherkaoui.ma\/index.php\/produit\/urgo-filmogel-bouton-de-fievre-6-ml\/#breadcrumb\"},\"inLanguage\":\"fr-FR\",\"potentialAction\":[{\"@type\":\"ReadAction\",\"target\":[\"https:\/\/paracherkaoui.ma\/index.php\/produit\/urgo-filmogel-bouton-de-fievre-6-ml\/\"]}]},{\"@type\":\"ImageObject\",\"inLanguage\":\"fr-FR\",\"@id\":\"https:\/\/paracherkaoui.ma\/index.php\/produit\/urgo-filmogel-bouton-de-fievre-6-ml\/#primaryimage\",\"url\":\"https:\/\/paracherkaoui.ma\/wp-content\/uploads\/2025\/12\/urgo-urgo-filmogel-bouton-de-fievre-6-ml-bains-de-bouche.jpg\",\"contentUrl\":\"https:\/\/paracherkaoui.ma\/wp-content\/uploads\/2025\/12\/urgo-urgo-filmogel-bouton-de-fievre-6-ml-bains-de-bouche.jpg\",\"width\":700,\"height\":700},{\"@type\":\"BreadcrumbList\",\"@id\":\"https:\/\/paracherkaoui.ma\/index.php\/produit\/urgo-filmogel-bouton-de-fievre-6-ml\/#breadcrumb\",\"itemListElement\":[{\"@type\":\"ListItem\",\"position\":1,\"name\":\"Accueil\",\"item\":\"https:\/\/paracherkaoui.ma\/\"},{\"@type\":\"ListItem\",\"position\":2,\"name\":\"Boutique\",\"item\":\"https:\/\/paracherkaoui.ma\/index.php\/boutique\/\"},{\"@type\":\"ListItem\",\"position\":3,\"name\":\"URGO FILMOGEL BOUTON DE FIEVRE 6 ML\"}]},{\"@type\":\"WebSite\",\"@id\":\"https:\/\/paracherkaoui.ma\/#website\",\"url\":\"https:\/\/paracherkaoui.ma\/\",\"name\":\"Paracherkaoui.ma\",\"description\":\"Achetez en ligne sur Paracherkaoui.ma\",\"potentialAction\":[{\"@type\":\"SearchAction\",\"target\":{\"@type\":\"EntryPoint\",\"urlTemplate\":\"https:\/\/paracherkaoui.ma\/?s={search_term_string}\"},\"query-input\":{\"@type\":\"PropertyValueSpecification\",\"valueRequired\":true,\"valueName\":\"search_term_string\"}}],\"inLanguage\":\"fr-FR\"}]}<\/script>\r\n<!-- \/ Yoast SEO plugin. -->","yoast_head_json":{"title":"URGO FILMOGEL BOUTON DE FIEVRE 6 ML - Paracherkaoui.ma","robots":{"index":"index","follow":"follow","max-snippet":"max-snippet:-1","max-image-preview":"max-image-preview:large","max-video-preview":"max-video-preview:-1"},"canonical":"https:\/\/paracherkaoui.ma\/index.php\/produit\/urgo-filmogel-bouton-de-fievre-6-ml\/","og_locale":"fr_FR","og_type":"article","og_title":"URGO FILMOGEL BOUTON DE FIEVRE 6 ML - Paracherkaoui.ma","og_description":"URGO Bouton de fi\u00e8vre, Filmogel\u00ae forme un film traitant, discret qui est efficace \u00e0 tous les stades du bouton de","og_url":"https:\/\/paracherkaoui.ma\/index.php\/produit\/urgo-filmogel-bouton-de-fievre-6-ml\/","og_site_name":"Paracherkaoui.ma","article_modified_time":"2025-12-12T18:24:08+00:00","og_image":[{"width":700,"height":700,"url":"https:\/\/paracherkaoui.ma\/wp-content\/uploads\/2025\/12\/urgo-urgo-filmogel-bouton-de-fievre-6-ml-bains-de-bouche.jpg","type":"image\/jpeg"}],"twitter_card":"summary_large_image","twitter_misc":{"Dur\u00e9e de lecture estim\u00e9e":"1 minute"},"schema":{"@context":"https:\/\/schema.org","@graph":[{"@type":"WebPage","@id":"https:\/\/paracherkaoui.ma\/index.php\/produit\/urgo-filmogel-bouton-de-fievre-6-ml\/","url":"https:\/\/paracherkaoui.ma\/index.php\/produit\/urgo-filmogel-bouton-de-fievre-6-ml\/","name":"URGO FILMOGEL BOUTON DE FIEVRE 6 ML - Paracherkaoui.ma","isPartOf":{"@id":"https:\/\/paracherkaoui.ma\/#website"},"primaryImageOfPage":{"@id":"https:\/\/paracherkaoui.ma\/index.php\/produit\/urgo-filmogel-bouton-de-fievre-6-ml\/#primaryimage"},"image":{"@id":"https:\/\/paracherkaoui.ma\/index.php\/produit\/urgo-filmogel-bouton-de-fievre-6-ml\/#primaryimage"},"thumbnailUrl":"https:\/\/paracherkaoui.ma\/wp-content\/uploads\/2025\/12\/urgo-urgo-filmogel-bouton-de-fievre-6-ml-bains-de-bouche.jpg","datePublished":"2025-12-12T18:24:05+00:00","dateModified":"2025-12-12T18:24:08+00:00","breadcrumb":{"@id":"https:\/\/paracherkaoui.ma\/index.php\/produit\/urgo-filmogel-bouton-de-fievre-6-ml\/#breadcrumb"},"inLanguage":"fr-FR","potentialAction":[{"@type":"ReadAction","target":["https:\/\/paracherkaoui.ma\/index.php\/produit\/urgo-filmogel-bouton-de-fievre-6-ml\/"]}]},{"@type":"ImageObject","inLanguage":"fr-FR","@id":"https:\/\/paracherkaoui.ma\/index.php\/produit\/urgo-filmogel-bouton-de-fievre-6-ml\/#primaryimage","url":"https:\/\/paracherkaoui.ma\/wp-content\/uploads\/2025\/12\/urgo-urgo-filmogel-bouton-de-fievre-6-ml-bains-de-bouche.jpg","contentUrl":"https:\/\/paracherkaoui.ma\/wp-content\/uploads\/2025\/12\/urgo-urgo-filmogel-bouton-de-fievre-6-ml-bains-de-bouche.jpg","width":700,"height":700},{"@type":"BreadcrumbList","@id":"https:\/\/paracherkaoui.ma\/index.php\/produit\/urgo-filmogel-bouton-de-fievre-6-ml\/#breadcrumb","itemListElement":[{"@type":"ListItem","position":1,"name":"Accueil","item":"https:\/\/paracherkaoui.ma\/"},{"@type":"ListItem","position":2,"name":"Boutique","item":"https:\/\/paracherkaoui.ma\/index.php\/boutique\/"},{"@type":"ListItem","position":3,"name":"URGO FILMOGEL BOUTON DE FIEVRE 6 ML"}]},{"@type":"WebSite","@id":"https:\/\/paracherkaoui.ma\/#website","url":"https:\/\/paracherkaoui.ma\/","name":"Paracherkaoui.ma","description":"Achetez en ligne sur Paracherkaoui.ma","potentialAction":[{"@type":"SearchAction","target":{"@type":"EntryPoint","urlTemplate":"https:\/\/paracherkaoui.ma\/?s={search_term_string}"},"query-input":{"@type":"PropertyValueSpecification","valueRequired":true,"valueName":"search_term_string"}}],"inLanguage":"fr-FR"}]}},"_links":{"self":[{"href":"https:\/\/paracherkaoui.ma\/index.php\/wp-json\/wp\/v2\/product\/47043","targetHints":{"allow":["GET"]}}],"collection":[{"href":"https:\/\/paracherkaoui.ma\/index.php\/wp-json\/wp\/v2\/product"}],"about":[{"href":"https:\/\/paracherkaoui.ma\/index.php\/wp-json\/wp\/v2\/types\/product"}],"replies":[{"embeddable":true,"href":"https:\/\/paracherkaoui.ma\/index.php\/wp-json\/wp\/v2\/comments?post=47043"}],"version-history":[{"count":1,"href":"https:\/\/paracherkaoui.ma\/index.php\/wp-json\/wp\/v2\/product\/47043\/revisions"}],"predecessor-version":[{"id":47077,"href":"https:\/\/paracherkaoui.ma\/index.php\/wp-json\/wp\/v2\/product\/47043\/revisions\/47077"}],"wp:featuredmedia":[{"embeddable":true,"href":"https:\/\/paracherkaoui.ma\/index.php\/wp-json\/wp\/v2\/media\/47076"}],"wp:attachment":[{"href":"https:\/\/paracherkaoui.ma\/index.php\/wp-json\/wp\/v2\/media?parent=47043"}],"wp:term":[{"taxonomy":"product_brand","embeddable":true,"href":"https:\/\/paracherkaoui.ma\/index.php\/wp-json\/wp\/v2\/product_brand?post=47043"},{"taxonomy":"product_cat","embeddable":true,"href":"https:\/\/paracherkaoui.ma\/index.php\/wp-json\/wp\/v2\/product_cat?post=47043"},{"taxonomy":"product_tag","embeddable":true,"href":"https:\/\/paracherkaoui.ma\/index.php\/wp-json\/wp\/v2\/product_tag?post=47043"}],"curies":[{"name":"wp","href":"https:\/\/api.w.org\/{rel}","templated":true}]}}