{"id":47040,"date":"2025-12-12T19:24:04","date_gmt":"2025-12-12T18:24:04","guid":{"rendered":"https:\/\/test.ecbeaute.com\/?post_type=product&#038;p=47040"},"modified":"2025-12-12T19:24:07","modified_gmt":"2025-12-12T18:24:07","slug":"vitis-gingival-bain-de-bouche-500-ml","status":"publish","type":"product","link":"https:\/\/paracherkaoui.ma\/index.php\/produit\/vitis-gingival-bain-de-bouche-500-ml\/","title":{"rendered":"VITIS GINGIVAL BAIN DE BOUCHE 500 ML"},"content":{"rendered":"<p>Description:<br \/>\nLe bain de bouche gingival VITIS est sp\u00e9cifiquement formul\u00e9 pour contr\u00f4ler la gingivite. L\u2019utilisation \u00e0 long terme aide \u00e0 pr\u00e9venir l\u2019inflammation et le saignement gingivaux. Il inhibe \u00e9galement la formation de biofilmoral (plaque bact\u00e9rienne) et r\u00e9duit son accumulation dans la cavit\u00e9 buccale.VITIS gingival ne contient pas de gluten et convient donc aux personnes atteintes de la maladie c\u0153liaque.Perm\u00e9thol \u2013 \u00a0R\u00e9duit le saignement et la sensibilit\u00e9 gingivale tout en augmentant la r\u00e9sistance des gencives \u00e0 l\u2019inflammation.Panth\u00e9nol (Provitamine B5) \u2013 \u00a0R\u00e9duit l\u2019inflammation, prot\u00e8ge et revitalise les gencives.Chlorure de c\u00e9tylpyridinium (CPC) \u2013 Antiseptique \u00e0 \u00a0usage quotidien qui inhibe la formation de biofilm oral (plaque bact\u00e9rienne) et r\u00e9duit son accumulation, contr\u00f4lant l\u2019apparition et le d\u00e9veloppement de la gingivite.Lactate de zinc \u2013 \u00a0Inhibe et r\u00e9duit les saignements gingivaux, tout en augmentant l\u2019effet antiseptique du chlorure de c\u00e9tylpyridinium (CPC).<br \/>\nConseils dutilisation:<br \/>\nRincer avec 15 ml de rince-bouche gingival VITIS sans diluer pendant 30 secondes.Pour de meilleurs r\u00e9sultats, ne pas rincer \u00e0 l\u2019eau et \u00e9viter de manger ou de boire imm\u00e9diatement apr\u00e8s usage.<\/p>\n","protected":false},"excerpt":{"rendered":"<p>Description: Le bain de bouche gingival VITIS est sp\u00e9cifiquement formul\u00e9 pour contr\u00f4ler la gingivite. L\u2019utilisation \u00e0 long terme aide \u00e0<\/p>\n","protected":false},"featured_media":47070,"comment_status":"open","ping_status":"closed","template":"","meta":[],"product_brand":[797],"product_cat":[846],"product_tag":[],"class_list":{"0":"post-47040","1":"product","2":"type-product","3":"status-publish","4":"has-post-thumbnail","6":"product_brand-vitis","7":"product_cat-bains-de-bouche-et-haleine-fraiche","9":"first","10":"instock","11":"sale","12":"shipping-taxable","13":"purchasable","14":"product-type-simple"},"yoast_head":"<!-- This site is optimized with the Yoast SEO plugin v26.6 - https:\/\/yoast.com\/wordpress\/plugins\/seo\/ -->\r\n<title>VITIS GINGIVAL BAIN DE BOUCHE 500 ML - Paracherkaoui.ma<\/title>\r\n<meta name=\"robots\" content=\"index, follow, max-snippet:-1, max-image-preview:large, max-video-preview:-1\" \/>\r\n<link rel=\"canonical\" href=\"https:\/\/paracherkaoui.ma\/index.php\/produit\/vitis-gingival-bain-de-bouche-500-ml\/\" \/>\r\n<meta property=\"og:locale\" content=\"fr_FR\" \/>\r\n<meta property=\"og:type\" content=\"article\" \/>\r\n<meta property=\"og:title\" content=\"VITIS GINGIVAL BAIN DE BOUCHE 500 ML - Paracherkaoui.ma\" \/>\r\n<meta property=\"og:description\" content=\"Description: Le bain de bouche gingival VITIS est sp\u00e9cifiquement formul\u00e9 pour contr\u00f4ler la gingivite. L\u2019utilisation \u00e0 long terme aide \u00e0\" \/>\r\n<meta property=\"og:url\" content=\"https:\/\/paracherkaoui.ma\/index.php\/produit\/vitis-gingival-bain-de-bouche-500-ml\/\" \/>\r\n<meta property=\"og:site_name\" content=\"Paracherkaoui.ma\" \/>\r\n<meta property=\"article:modified_time\" content=\"2025-12-12T18:24:07+00:00\" \/>\r\n<meta property=\"og:image\" content=\"https:\/\/paracherkaoui.ma\/wp-content\/uploads\/2025\/12\/vitis-gingival-bain-de-bouche-500-ml.jpg\" \/>\r\n\t<meta property=\"og:image:width\" content=\"700\" \/>\r\n\t<meta property=\"og:image:height\" content=\"700\" \/>\r\n\t<meta property=\"og:image:type\" content=\"image\/jpeg\" \/>\r\n<meta name=\"twitter:card\" content=\"summary_large_image\" \/>\r\n<meta name=\"twitter:label1\" content=\"Dur\u00e9e de lecture estim\u00e9e\" \/>\n\t<meta name=\"twitter:data1\" content=\"1 minute\" \/>\r\n<script type=\"application\/ld+json\" class=\"yoast-schema-graph\">{\"@context\":\"https:\/\/schema.org\",\"@graph\":[{\"@type\":\"WebPage\",\"@id\":\"https:\/\/paracherkaoui.ma\/index.php\/produit\/vitis-gingival-bain-de-bouche-500-ml\/\",\"url\":\"https:\/\/paracherkaoui.ma\/index.php\/produit\/vitis-gingival-bain-de-bouche-500-ml\/\",\"name\":\"VITIS GINGIVAL BAIN DE BOUCHE 500 ML - Paracherkaoui.ma\",\"isPartOf\":{\"@id\":\"https:\/\/paracherkaoui.ma\/#website\"},\"primaryImageOfPage\":{\"@id\":\"https:\/\/paracherkaoui.ma\/index.php\/produit\/vitis-gingival-bain-de-bouche-500-ml\/#primaryimage\"},\"image\":{\"@id\":\"https:\/\/paracherkaoui.ma\/index.php\/produit\/vitis-gingival-bain-de-bouche-500-ml\/#primaryimage\"},\"thumbnailUrl\":\"https:\/\/paracherkaoui.ma\/wp-content\/uploads\/2025\/12\/vitis-gingival-bain-de-bouche-500-ml.jpg\",\"datePublished\":\"2025-12-12T18:24:04+00:00\",\"dateModified\":\"2025-12-12T18:24:07+00:00\",\"breadcrumb\":{\"@id\":\"https:\/\/paracherkaoui.ma\/index.php\/produit\/vitis-gingival-bain-de-bouche-500-ml\/#breadcrumb\"},\"inLanguage\":\"fr-FR\",\"potentialAction\":[{\"@type\":\"ReadAction\",\"target\":[\"https:\/\/paracherkaoui.ma\/index.php\/produit\/vitis-gingival-bain-de-bouche-500-ml\/\"]}]},{\"@type\":\"ImageObject\",\"inLanguage\":\"fr-FR\",\"@id\":\"https:\/\/paracherkaoui.ma\/index.php\/produit\/vitis-gingival-bain-de-bouche-500-ml\/#primaryimage\",\"url\":\"https:\/\/paracherkaoui.ma\/wp-content\/uploads\/2025\/12\/vitis-gingival-bain-de-bouche-500-ml.jpg\",\"contentUrl\":\"https:\/\/paracherkaoui.ma\/wp-content\/uploads\/2025\/12\/vitis-gingival-bain-de-bouche-500-ml.jpg\",\"width\":700,\"height\":700},{\"@type\":\"BreadcrumbList\",\"@id\":\"https:\/\/paracherkaoui.ma\/index.php\/produit\/vitis-gingival-bain-de-bouche-500-ml\/#breadcrumb\",\"itemListElement\":[{\"@type\":\"ListItem\",\"position\":1,\"name\":\"Accueil\",\"item\":\"https:\/\/paracherkaoui.ma\/\"},{\"@type\":\"ListItem\",\"position\":2,\"name\":\"Boutique\",\"item\":\"https:\/\/paracherkaoui.ma\/index.php\/boutique\/\"},{\"@type\":\"ListItem\",\"position\":3,\"name\":\"VITIS GINGIVAL BAIN DE BOUCHE 500 ML\"}]},{\"@type\":\"WebSite\",\"@id\":\"https:\/\/paracherkaoui.ma\/#website\",\"url\":\"https:\/\/paracherkaoui.ma\/\",\"name\":\"Paracherkaoui.ma\",\"description\":\"Achetez en ligne sur Paracherkaoui.ma\",\"potentialAction\":[{\"@type\":\"SearchAction\",\"target\":{\"@type\":\"EntryPoint\",\"urlTemplate\":\"https:\/\/paracherkaoui.ma\/?s={search_term_string}\"},\"query-input\":{\"@type\":\"PropertyValueSpecification\",\"valueRequired\":true,\"valueName\":\"search_term_string\"}}],\"inLanguage\":\"fr-FR\"}]}<\/script>\r\n<!-- \/ Yoast SEO plugin. -->","yoast_head_json":{"title":"VITIS GINGIVAL BAIN DE BOUCHE 500 ML - Paracherkaoui.ma","robots":{"index":"index","follow":"follow","max-snippet":"max-snippet:-1","max-image-preview":"max-image-preview:large","max-video-preview":"max-video-preview:-1"},"canonical":"https:\/\/paracherkaoui.ma\/index.php\/produit\/vitis-gingival-bain-de-bouche-500-ml\/","og_locale":"fr_FR","og_type":"article","og_title":"VITIS GINGIVAL BAIN DE BOUCHE 500 ML - Paracherkaoui.ma","og_description":"Description: Le bain de bouche gingival VITIS est sp\u00e9cifiquement formul\u00e9 pour contr\u00f4ler la gingivite. L\u2019utilisation \u00e0 long terme aide \u00e0","og_url":"https:\/\/paracherkaoui.ma\/index.php\/produit\/vitis-gingival-bain-de-bouche-500-ml\/","og_site_name":"Paracherkaoui.ma","article_modified_time":"2025-12-12T18:24:07+00:00","og_image":[{"width":700,"height":700,"url":"https:\/\/paracherkaoui.ma\/wp-content\/uploads\/2025\/12\/vitis-gingival-bain-de-bouche-500-ml.jpg","type":"image\/jpeg"}],"twitter_card":"summary_large_image","twitter_misc":{"Dur\u00e9e de lecture estim\u00e9e":"1 minute"},"schema":{"@context":"https:\/\/schema.org","@graph":[{"@type":"WebPage","@id":"https:\/\/paracherkaoui.ma\/index.php\/produit\/vitis-gingival-bain-de-bouche-500-ml\/","url":"https:\/\/paracherkaoui.ma\/index.php\/produit\/vitis-gingival-bain-de-bouche-500-ml\/","name":"VITIS GINGIVAL BAIN DE BOUCHE 500 ML - Paracherkaoui.ma","isPartOf":{"@id":"https:\/\/paracherkaoui.ma\/#website"},"primaryImageOfPage":{"@id":"https:\/\/paracherkaoui.ma\/index.php\/produit\/vitis-gingival-bain-de-bouche-500-ml\/#primaryimage"},"image":{"@id":"https:\/\/paracherkaoui.ma\/index.php\/produit\/vitis-gingival-bain-de-bouche-500-ml\/#primaryimage"},"thumbnailUrl":"https:\/\/paracherkaoui.ma\/wp-content\/uploads\/2025\/12\/vitis-gingival-bain-de-bouche-500-ml.jpg","datePublished":"2025-12-12T18:24:04+00:00","dateModified":"2025-12-12T18:24:07+00:00","breadcrumb":{"@id":"https:\/\/paracherkaoui.ma\/index.php\/produit\/vitis-gingival-bain-de-bouche-500-ml\/#breadcrumb"},"inLanguage":"fr-FR","potentialAction":[{"@type":"ReadAction","target":["https:\/\/paracherkaoui.ma\/index.php\/produit\/vitis-gingival-bain-de-bouche-500-ml\/"]}]},{"@type":"ImageObject","inLanguage":"fr-FR","@id":"https:\/\/paracherkaoui.ma\/index.php\/produit\/vitis-gingival-bain-de-bouche-500-ml\/#primaryimage","url":"https:\/\/paracherkaoui.ma\/wp-content\/uploads\/2025\/12\/vitis-gingival-bain-de-bouche-500-ml.jpg","contentUrl":"https:\/\/paracherkaoui.ma\/wp-content\/uploads\/2025\/12\/vitis-gingival-bain-de-bouche-500-ml.jpg","width":700,"height":700},{"@type":"BreadcrumbList","@id":"https:\/\/paracherkaoui.ma\/index.php\/produit\/vitis-gingival-bain-de-bouche-500-ml\/#breadcrumb","itemListElement":[{"@type":"ListItem","position":1,"name":"Accueil","item":"https:\/\/paracherkaoui.ma\/"},{"@type":"ListItem","position":2,"name":"Boutique","item":"https:\/\/paracherkaoui.ma\/index.php\/boutique\/"},{"@type":"ListItem","position":3,"name":"VITIS GINGIVAL BAIN DE BOUCHE 500 ML"}]},{"@type":"WebSite","@id":"https:\/\/paracherkaoui.ma\/#website","url":"https:\/\/paracherkaoui.ma\/","name":"Paracherkaoui.ma","description":"Achetez en ligne sur Paracherkaoui.ma","potentialAction":[{"@type":"SearchAction","target":{"@type":"EntryPoint","urlTemplate":"https:\/\/paracherkaoui.ma\/?s={search_term_string}"},"query-input":{"@type":"PropertyValueSpecification","valueRequired":true,"valueName":"search_term_string"}}],"inLanguage":"fr-FR"}]}},"_links":{"self":[{"href":"https:\/\/paracherkaoui.ma\/index.php\/wp-json\/wp\/v2\/product\/47040","targetHints":{"allow":["GET"]}}],"collection":[{"href":"https:\/\/paracherkaoui.ma\/index.php\/wp-json\/wp\/v2\/product"}],"about":[{"href":"https:\/\/paracherkaoui.ma\/index.php\/wp-json\/wp\/v2\/types\/product"}],"replies":[{"embeddable":true,"href":"https:\/\/paracherkaoui.ma\/index.php\/wp-json\/wp\/v2\/comments?post=47040"}],"version-history":[{"count":1,"href":"https:\/\/paracherkaoui.ma\/index.php\/wp-json\/wp\/v2\/product\/47040\/revisions"}],"predecessor-version":[{"id":47071,"href":"https:\/\/paracherkaoui.ma\/index.php\/wp-json\/wp\/v2\/product\/47040\/revisions\/47071"}],"wp:featuredmedia":[{"embeddable":true,"href":"https:\/\/paracherkaoui.ma\/index.php\/wp-json\/wp\/v2\/media\/47070"}],"wp:attachment":[{"href":"https:\/\/paracherkaoui.ma\/index.php\/wp-json\/wp\/v2\/media?parent=47040"}],"wp:term":[{"taxonomy":"product_brand","embeddable":true,"href":"https:\/\/paracherkaoui.ma\/index.php\/wp-json\/wp\/v2\/product_brand?post=47040"},{"taxonomy":"product_cat","embeddable":true,"href":"https:\/\/paracherkaoui.ma\/index.php\/wp-json\/wp\/v2\/product_cat?post=47040"},{"taxonomy":"product_tag","embeddable":true,"href":"https:\/\/paracherkaoui.ma\/index.php\/wp-json\/wp\/v2\/product_tag?post=47040"}],"curies":[{"name":"wp","href":"https:\/\/api.w.org\/{rel}","templated":true}]}}