{"id":47037,"date":"2025-12-12T19:24:04","date_gmt":"2025-12-12T18:24:04","guid":{"rendered":"https:\/\/test.ecbeaute.com\/?post_type=product&#038;p=47037"},"modified":"2025-12-12T19:24:07","modified_gmt":"2025-12-12T18:24:07","slug":"halita-bain-de-bouche-haleine-fraiche-500-ml","status":"publish","type":"product","link":"https:\/\/paracherkaoui.ma\/index.php\/produit\/halita-bain-de-bouche-haleine-fraiche-500-ml\/","title":{"rendered":"HALITA BAIN DE BOUCHE HALEINE FRAICHE 500 ML"},"content":{"rendered":"<p>Il \u00e9limine la pellicule de bact\u00e9ries produisant des gaz malodorants et emp\u00eache son d\u00e9veloppement ult\u00e9rieur. Avec des bains de bouche d\u2019une minute chacun, HALITA agit rapidement et efficacement en pr\u00e9sence de tout d\u00e9veloppement bact\u00e9rien \u00e9ventuel.<br \/>\nEffectuer des bains de bouche avec 15 ml 2 fois par jour (matin et soir), pendant 1 minute. Il est pr\u00e9f\u00e9rable de les effectuer apr\u00e8s l\u2019utilisation du gratte-langue HALITA afin de maintenir une hygi\u00e8ne correcte de la langue.<\/p>\n","protected":false},"excerpt":{"rendered":"<p>Il \u00e9limine la pellicule de bact\u00e9ries produisant des gaz malodorants et emp\u00eache son d\u00e9veloppement ult\u00e9rieur. Avec des bains de bouche<\/p>\n","protected":false},"featured_media":47064,"comment_status":"open","ping_status":"closed","template":"","meta":[],"product_brand":[826],"product_cat":[846],"product_tag":[],"class_list":{"0":"post-47037","1":"product","2":"type-product","3":"status-publish","4":"has-post-thumbnail","6":"product_brand-halita","7":"product_cat-bains-de-bouche-et-haleine-fraiche","9":"first","10":"instock","11":"sale","12":"shipping-taxable","13":"purchasable","14":"product-type-simple"},"yoast_head":"<!-- This site is optimized with the Yoast SEO plugin v26.6 - https:\/\/yoast.com\/wordpress\/plugins\/seo\/ -->\r\n<title>HALITA BAIN DE BOUCHE HALEINE FRAICHE 500 ML - Paracherkaoui.ma<\/title>\r\n<meta name=\"robots\" content=\"index, follow, max-snippet:-1, max-image-preview:large, max-video-preview:-1\" \/>\r\n<link rel=\"canonical\" href=\"https:\/\/paracherkaoui.ma\/index.php\/produit\/halita-bain-de-bouche-haleine-fraiche-500-ml\/\" \/>\r\n<meta property=\"og:locale\" content=\"fr_FR\" \/>\r\n<meta property=\"og:type\" content=\"article\" \/>\r\n<meta property=\"og:title\" content=\"HALITA BAIN DE BOUCHE HALEINE FRAICHE 500 ML - Paracherkaoui.ma\" \/>\r\n<meta property=\"og:description\" content=\"Il \u00e9limine la pellicule de bact\u00e9ries produisant des gaz malodorants et emp\u00eache son d\u00e9veloppement ult\u00e9rieur. Avec des bains de bouche\" \/>\r\n<meta property=\"og:url\" content=\"https:\/\/paracherkaoui.ma\/index.php\/produit\/halita-bain-de-bouche-haleine-fraiche-500-ml\/\" \/>\r\n<meta property=\"og:site_name\" content=\"Paracherkaoui.ma\" \/>\r\n<meta property=\"article:modified_time\" content=\"2025-12-12T18:24:07+00:00\" \/>\r\n<meta property=\"og:image\" content=\"https:\/\/paracherkaoui.ma\/wp-content\/uploads\/2025\/12\/halita-halita-bain-de-bouche-haleine-fraiche-500-ml-bains-de-bouche.jpg\" \/>\r\n\t<meta property=\"og:image:width\" content=\"700\" \/>\r\n\t<meta property=\"og:image:height\" content=\"700\" \/>\r\n\t<meta property=\"og:image:type\" content=\"image\/jpeg\" \/>\r\n<meta name=\"twitter:card\" content=\"summary_large_image\" \/>\r\n<script type=\"application\/ld+json\" class=\"yoast-schema-graph\">{\"@context\":\"https:\/\/schema.org\",\"@graph\":[{\"@type\":\"WebPage\",\"@id\":\"https:\/\/paracherkaoui.ma\/index.php\/produit\/halita-bain-de-bouche-haleine-fraiche-500-ml\/\",\"url\":\"https:\/\/paracherkaoui.ma\/index.php\/produit\/halita-bain-de-bouche-haleine-fraiche-500-ml\/\",\"name\":\"HALITA BAIN DE BOUCHE HALEINE FRAICHE 500 ML - Paracherkaoui.ma\",\"isPartOf\":{\"@id\":\"https:\/\/paracherkaoui.ma\/#website\"},\"primaryImageOfPage\":{\"@id\":\"https:\/\/paracherkaoui.ma\/index.php\/produit\/halita-bain-de-bouche-haleine-fraiche-500-ml\/#primaryimage\"},\"image\":{\"@id\":\"https:\/\/paracherkaoui.ma\/index.php\/produit\/halita-bain-de-bouche-haleine-fraiche-500-ml\/#primaryimage\"},\"thumbnailUrl\":\"https:\/\/paracherkaoui.ma\/wp-content\/uploads\/2025\/12\/halita-halita-bain-de-bouche-haleine-fraiche-500-ml-bains-de-bouche.jpg\",\"datePublished\":\"2025-12-12T18:24:04+00:00\",\"dateModified\":\"2025-12-12T18:24:07+00:00\",\"breadcrumb\":{\"@id\":\"https:\/\/paracherkaoui.ma\/index.php\/produit\/halita-bain-de-bouche-haleine-fraiche-500-ml\/#breadcrumb\"},\"inLanguage\":\"fr-FR\",\"potentialAction\":[{\"@type\":\"ReadAction\",\"target\":[\"https:\/\/paracherkaoui.ma\/index.php\/produit\/halita-bain-de-bouche-haleine-fraiche-500-ml\/\"]}]},{\"@type\":\"ImageObject\",\"inLanguage\":\"fr-FR\",\"@id\":\"https:\/\/paracherkaoui.ma\/index.php\/produit\/halita-bain-de-bouche-haleine-fraiche-500-ml\/#primaryimage\",\"url\":\"https:\/\/paracherkaoui.ma\/wp-content\/uploads\/2025\/12\/halita-halita-bain-de-bouche-haleine-fraiche-500-ml-bains-de-bouche.jpg\",\"contentUrl\":\"https:\/\/paracherkaoui.ma\/wp-content\/uploads\/2025\/12\/halita-halita-bain-de-bouche-haleine-fraiche-500-ml-bains-de-bouche.jpg\",\"width\":700,\"height\":700},{\"@type\":\"BreadcrumbList\",\"@id\":\"https:\/\/paracherkaoui.ma\/index.php\/produit\/halita-bain-de-bouche-haleine-fraiche-500-ml\/#breadcrumb\",\"itemListElement\":[{\"@type\":\"ListItem\",\"position\":1,\"name\":\"Accueil\",\"item\":\"https:\/\/paracherkaoui.ma\/\"},{\"@type\":\"ListItem\",\"position\":2,\"name\":\"Boutique\",\"item\":\"https:\/\/paracherkaoui.ma\/index.php\/boutique\/\"},{\"@type\":\"ListItem\",\"position\":3,\"name\":\"HALITA BAIN DE BOUCHE HALEINE FRAICHE 500 ML\"}]},{\"@type\":\"WebSite\",\"@id\":\"https:\/\/paracherkaoui.ma\/#website\",\"url\":\"https:\/\/paracherkaoui.ma\/\",\"name\":\"Paracherkaoui.ma\",\"description\":\"Achetez en ligne sur Paracherkaoui.ma\",\"potentialAction\":[{\"@type\":\"SearchAction\",\"target\":{\"@type\":\"EntryPoint\",\"urlTemplate\":\"https:\/\/paracherkaoui.ma\/?s={search_term_string}\"},\"query-input\":{\"@type\":\"PropertyValueSpecification\",\"valueRequired\":true,\"valueName\":\"search_term_string\"}}],\"inLanguage\":\"fr-FR\"}]}<\/script>\r\n<!-- \/ Yoast SEO plugin. -->","yoast_head_json":{"title":"HALITA BAIN DE BOUCHE HALEINE FRAICHE 500 ML - Paracherkaoui.ma","robots":{"index":"index","follow":"follow","max-snippet":"max-snippet:-1","max-image-preview":"max-image-preview:large","max-video-preview":"max-video-preview:-1"},"canonical":"https:\/\/paracherkaoui.ma\/index.php\/produit\/halita-bain-de-bouche-haleine-fraiche-500-ml\/","og_locale":"fr_FR","og_type":"article","og_title":"HALITA BAIN DE BOUCHE HALEINE FRAICHE 500 ML - Paracherkaoui.ma","og_description":"Il \u00e9limine la pellicule de bact\u00e9ries produisant des gaz malodorants et emp\u00eache son d\u00e9veloppement ult\u00e9rieur. Avec des bains de bouche","og_url":"https:\/\/paracherkaoui.ma\/index.php\/produit\/halita-bain-de-bouche-haleine-fraiche-500-ml\/","og_site_name":"Paracherkaoui.ma","article_modified_time":"2025-12-12T18:24:07+00:00","og_image":[{"width":700,"height":700,"url":"https:\/\/paracherkaoui.ma\/wp-content\/uploads\/2025\/12\/halita-halita-bain-de-bouche-haleine-fraiche-500-ml-bains-de-bouche.jpg","type":"image\/jpeg"}],"twitter_card":"summary_large_image","schema":{"@context":"https:\/\/schema.org","@graph":[{"@type":"WebPage","@id":"https:\/\/paracherkaoui.ma\/index.php\/produit\/halita-bain-de-bouche-haleine-fraiche-500-ml\/","url":"https:\/\/paracherkaoui.ma\/index.php\/produit\/halita-bain-de-bouche-haleine-fraiche-500-ml\/","name":"HALITA BAIN DE BOUCHE HALEINE FRAICHE 500 ML - Paracherkaoui.ma","isPartOf":{"@id":"https:\/\/paracherkaoui.ma\/#website"},"primaryImageOfPage":{"@id":"https:\/\/paracherkaoui.ma\/index.php\/produit\/halita-bain-de-bouche-haleine-fraiche-500-ml\/#primaryimage"},"image":{"@id":"https:\/\/paracherkaoui.ma\/index.php\/produit\/halita-bain-de-bouche-haleine-fraiche-500-ml\/#primaryimage"},"thumbnailUrl":"https:\/\/paracherkaoui.ma\/wp-content\/uploads\/2025\/12\/halita-halita-bain-de-bouche-haleine-fraiche-500-ml-bains-de-bouche.jpg","datePublished":"2025-12-12T18:24:04+00:00","dateModified":"2025-12-12T18:24:07+00:00","breadcrumb":{"@id":"https:\/\/paracherkaoui.ma\/index.php\/produit\/halita-bain-de-bouche-haleine-fraiche-500-ml\/#breadcrumb"},"inLanguage":"fr-FR","potentialAction":[{"@type":"ReadAction","target":["https:\/\/paracherkaoui.ma\/index.php\/produit\/halita-bain-de-bouche-haleine-fraiche-500-ml\/"]}]},{"@type":"ImageObject","inLanguage":"fr-FR","@id":"https:\/\/paracherkaoui.ma\/index.php\/produit\/halita-bain-de-bouche-haleine-fraiche-500-ml\/#primaryimage","url":"https:\/\/paracherkaoui.ma\/wp-content\/uploads\/2025\/12\/halita-halita-bain-de-bouche-haleine-fraiche-500-ml-bains-de-bouche.jpg","contentUrl":"https:\/\/paracherkaoui.ma\/wp-content\/uploads\/2025\/12\/halita-halita-bain-de-bouche-haleine-fraiche-500-ml-bains-de-bouche.jpg","width":700,"height":700},{"@type":"BreadcrumbList","@id":"https:\/\/paracherkaoui.ma\/index.php\/produit\/halita-bain-de-bouche-haleine-fraiche-500-ml\/#breadcrumb","itemListElement":[{"@type":"ListItem","position":1,"name":"Accueil","item":"https:\/\/paracherkaoui.ma\/"},{"@type":"ListItem","position":2,"name":"Boutique","item":"https:\/\/paracherkaoui.ma\/index.php\/boutique\/"},{"@type":"ListItem","position":3,"name":"HALITA BAIN DE BOUCHE HALEINE FRAICHE 500 ML"}]},{"@type":"WebSite","@id":"https:\/\/paracherkaoui.ma\/#website","url":"https:\/\/paracherkaoui.ma\/","name":"Paracherkaoui.ma","description":"Achetez en ligne sur Paracherkaoui.ma","potentialAction":[{"@type":"SearchAction","target":{"@type":"EntryPoint","urlTemplate":"https:\/\/paracherkaoui.ma\/?s={search_term_string}"},"query-input":{"@type":"PropertyValueSpecification","valueRequired":true,"valueName":"search_term_string"}}],"inLanguage":"fr-FR"}]}},"_links":{"self":[{"href":"https:\/\/paracherkaoui.ma\/index.php\/wp-json\/wp\/v2\/product\/47037","targetHints":{"allow":["GET"]}}],"collection":[{"href":"https:\/\/paracherkaoui.ma\/index.php\/wp-json\/wp\/v2\/product"}],"about":[{"href":"https:\/\/paracherkaoui.ma\/index.php\/wp-json\/wp\/v2\/types\/product"}],"replies":[{"embeddable":true,"href":"https:\/\/paracherkaoui.ma\/index.php\/wp-json\/wp\/v2\/comments?post=47037"}],"version-history":[{"count":1,"href":"https:\/\/paracherkaoui.ma\/index.php\/wp-json\/wp\/v2\/product\/47037\/revisions"}],"predecessor-version":[{"id":47065,"href":"https:\/\/paracherkaoui.ma\/index.php\/wp-json\/wp\/v2\/product\/47037\/revisions\/47065"}],"wp:featuredmedia":[{"embeddable":true,"href":"https:\/\/paracherkaoui.ma\/index.php\/wp-json\/wp\/v2\/media\/47064"}],"wp:attachment":[{"href":"https:\/\/paracherkaoui.ma\/index.php\/wp-json\/wp\/v2\/media?parent=47037"}],"wp:term":[{"taxonomy":"product_brand","embeddable":true,"href":"https:\/\/paracherkaoui.ma\/index.php\/wp-json\/wp\/v2\/product_brand?post=47037"},{"taxonomy":"product_cat","embeddable":true,"href":"https:\/\/paracherkaoui.ma\/index.php\/wp-json\/wp\/v2\/product_cat?post=47037"},{"taxonomy":"product_tag","embeddable":true,"href":"https:\/\/paracherkaoui.ma\/index.php\/wp-json\/wp\/v2\/product_tag?post=47037"}],"curies":[{"name":"wp","href":"https:\/\/api.w.org\/{rel}","templated":true}]}}